{"id":9209,"date":"2018-05-23T16:12:16","date_gmt":"2018-05-23T15:12:16","guid":{"rendered":"https:\/\/www.electroluxprofessional.com\/?page_id=17236"},"modified":"2025-10-16T07:08:00","modified_gmt":"2025-10-16T07:08:00","slug":"cantinette-vini","status":"publish","type":"page","link":"https:\/\/www.electroluxprofessional.com\/it\/ristorazione\/cantinette-vini\/","title":{"rendered":"Cantinette vini"},"content":{"rendered":"<p>[vc_row][vc_column][elx_hero_slider text_position=&#8221;hero_slider_text_align_right&#8221; label_text_color=&#8221;inherit&#8221; images=&#8221;9006&#8243;][elx_heading text_color=&#8221;electrolux-blue&#8221;]<strong>Wine Line<\/strong><\/p>\n<h4><strong><a href=\"#Filtro\">Gamma prodotti<\/a><\/strong><\/h4>\n<p>[\/elx_heading][\/elx_hero_slider][\/vc_column][\/vc_row][vc_row][vc_column width=&#8221;2\/3&#8243;][elx_heading font_container=&#8221;h1&#8243; font_size=&#8221;h3&#8243; text_color=&#8221;inherit&#8221; text_align=&#8221;text-left&#8221;]Cantinette Wine Line di Electrolux Professional[\/elx_heading][vc_empty_space][vc_column_text]Creare le condizioni di conservazione perfette per i tuoi vini, sia che tu abbia la necessit\u00e0 di una cantinetta per la conservazione a lungo termine sia per servirli alla giusta temperatura, da oggi si pu\u00f2.[\/vc_column_text][elx_heading font_size=&#8221;h5&#8243; text_color=&#8221;inherit&#8221;]Un buon vino merita rispetto[\/elx_heading][vc_column_text]La nuova gamma di cantinette vini Wine Line di Electrolux Professional \u00e8 stata creata in collaborazione con i migliori esperti del settore per offrire temperature e livelli di umidit\u00e0 ottimali, cos\u00ec come per proteggere le bottiglie dai raggi UV e vibrazioni.[\/vc_column_text][\/vc_column][vc_column width=&#8221;1\/3&#8243;][vc_single_image image=&#8221;9197&#8243; img_size=&#8221;full&#8221;][\/vc_column][\/vc_row][vc_row][vc_column][elx_heading font_size=&#8221;h3&#8243; text_color=&#8221;inherit&#8221;]Assapora, esalta e proteggi[\/elx_heading][vc_empty_space][\/vc_column][\/vc_row][vc_row][vc_column width=&#8221;1\/3&#8243;][vc_single_image image=&#8221;9198&#8243; img_size=&#8221;150*150&#8243;][elx_heading font_container=&#8221;h3&#8243; font_size=&#8221;h5&#8243; text_color=&#8221;inherit&#8221;]Proteggi al meglio il tuoi vini[\/elx_heading][vc_column_text]Una corretta conservazione dei vini mette fine agli sprechi. Le cantinette vino Wine Line di Electrolux Professional\u00a0<strong>ricreano le stesse condizioni<\/strong> naturali presenti nelle migliori cantine tradizionali.[\/vc_column_text][\/vc_column][vc_column width=&#8221;1\/3&#8243;][vc_single_image image=&#8221;9199&#8243; img_size=&#8221;150*150&#8243;][elx_heading font_container=&#8221;h3&#8243; font_size=&#8221;h5&#8243; text_color=&#8221;inherit&#8221;]Una qualit\u00e0 sempre costante[\/elx_heading][vc_column_text]Le cantinette Wine Line di Electrolux Professional\u00a0 permettono di mantenere una <strong>temperatura stabile e costante<\/strong> e <strong>livelli di umidit\u00e0 ottimali, <\/strong>in questo modo evitano che il vino possa deteriorarsi.\u00a0<strong>\u00a0<\/strong>[\/vc_column_text][\/vc_column][vc_column width=&#8221;1\/3&#8243;][vc_single_image image=&#8221;9200&#8243; img_size=&#8221;150*150&#8243;][elx_heading font_container=&#8221;h3&#8243; font_size=&#8221;h5&#8243; text_color=&#8221;inherit&#8221;]La scelta giusta per ogni spazio[\/elx_heading][vc_column_text]Per invecchiare o conservare nel modo migliore i tuoi vini o per esporre con eleganza le bottiglie pronte all&#8217;uso. Puoi realizzare la tua <strong>cantina ideale<\/strong> grazie alla nostra gamma completa per capacit\u00e0 e configurazioni.[\/vc_column_text][\/vc_column][\/vc_row][vc_row][vc_column width=&#8221;2\/3&#8243;][vc_empty_space][vc_empty_space][elx_heading font_size=&#8221;h3&#8243; text_color=&#8221;inherit&#8221;]Assapora, esalta e proteggi[\/elx_heading][vc_empty_space][vc_column_text]Versatili e ad alta efficienza energetica, le cantinette vini Wine Line di Electrolux\u00a0 Professional garantiscono il massimo rispetto di ogni variet\u00e0 di vino, dai bianchi frizzanti ai rossi corposi, conservandoli alla temperatura ottimale e riducendo i costi di gestione[\/vc_column_text][elx_heading font_container=&#8221;h3&#8243; font_size=&#8221;h5&#8243; text_color=&#8221;inherit&#8221;]Degustali con gli occhi[\/elx_heading][vc_column_text]I vini, se presentati in modo allettante in cantinette che fondono il meglio della tecnologia nella conservazione del gusto al design esclusivo, aumentano notevolmente l&#8217;impatto visivo della tua collezione pregiata.[\/vc_column_text][vc_empty_space][\/vc_column][vc_column width=&#8221;1\/3&#8243;][vc_single_image image=&#8221;9201&#8243; img_size=&#8221;full&#8221;][\/vc_column][\/vc_row][vc_row][vc_column width=&#8221;2\/3&#8243;][vc_empty_space height=&#8221;50px&#8221;][elx_heading font_size=&#8221;h3&#8243; text_color=&#8221;inherit&#8221;]Conservare con cura[\/elx_heading][vc_column_text]Sia che i tuoi clienti siano dei veri intenditori di vino o desiderino semplicemente accompagnare in modo eccellente la propria esperienza culinaria, le cantinette Wine Line di Electrolux Professional sono progettate con la massima attenzione per garantire la migliore conservazione.[\/vc_column_text][\/vc_column][vc_column width=&#8221;1\/3&#8243;][vc_single_image image=&#8221;10385&#8243; img_size=&#8221;full&#8221;][\/vc_column][\/vc_row][vc_row][vc_column][vc_empty_space][\/vc_column][\/vc_row][vc_row disable_element=&#8221;yes&#8221; matched_labels=&#8221;&#8221;][vc_column width=&#8221;2\/3&#8243;][vc_empty_space][vc_empty_space][vc_column_text]Scopri le nuove cantinette Wine Line di\u00a0Electrolux Professional.[\/vc_column_text][\/vc_column][vc_column width=&#8221;1\/3&#8243;][elx_download_block text=&#8221;Cantinette vino<br \/>\nbrochure&#8221; link=&#8221;https:\/\/www.electroluxprofessional.com\/it\/wp-content\/uploads\/2018\/06\/brochure-vintec.pdf&#8221; background_color=&#8221;restaurant&#8221; reveal_effect=&#8221;&#8221; reveal_duration=&#8221;&#8221; reveal_delay=&#8221;&#8221;][\/vc_column][\/vc_row][vc_row][vc_column][vc_empty_space][\/vc_column][\/vc_row][vc_row css=&#8221;.vc_custom_1518443388280{background-color: #eeeeee !important;}&#8221;][vc_column][elx_heading font_size=&#8221;h3&#8243; text_color=&#8221;inherit&#8221; text_align=&#8221;text-left&#8221;]Scopri il pacchetto ideale per la tua attivit\u00e0[\/elx_heading][\/vc_column][\/vc_row][vc_row css=&#8221;.vc_custom_1518443396634{background-color: #eeeeee !important;}&#8221;][vc_column width=&#8221;1\/3&#8243;][elx_maylike_box id_box=&#8221;2322&#8243;][\/vc_column][vc_column width=&#8221;1\/3&#8243;][elx_maylike_box id_box=&#8221;6628&#8243;][\/vc_column][vc_column width=&#8221;1\/3&#8243;][elx_maylike_box id_box=&#8221;8404&#8243;][\/vc_column][\/vc_row][vc_row][vc_column][vc_empty_space height=&#8221;50px&#8221;][elx_heading font_container=&#8221;h3&#8243; font_size=&#8221;h3&#8243; text_color=&#8221;inherit&#8221; text_align=&#8221;text-left&#8221;]Scopri come Electrolux Professional pu\u00f2 aiutarti nel tuo business[\/elx_heading][elx_o2000_contact_us][vc_empty_space height=&#8221;50px&#8221;][\/vc_column][\/vc_row][vc_row][vc_column][elx_heading font_size=&#8221;h3&#8243; text_color=&#8221;inherit&#8221;]Cantinette vino[\/elx_heading][\/vc_column][\/vc_row][vc_row el_id=&#8221;Filtro&#8221;][vc_column]<div class=\"com21-product-filter-container 49\"><div class=\"\"><h4 class=\"text-center\">3 Prodotti<\/h4><hr><\/div>\n                    <!-- PROD LIST -->\n                    <div class=\"product-list container\">\n                        <!--Hidden parameters-->\n                        <input type=\"hidden\" name=\"navigation_level_1\" id=\"navigation_level_1\" value=\"H\">\n                        <input type=\"hidden\" name=\"navigation_level_2\" id=\"navigation_level_2\" value=\"A\">\n                        <input type=\"hidden\" name=\"navigation_level_3\" id=\"navigation_level_3\" value=\"G\">\n                        <input type=\"hidden\" name=\"navigation_level_4\" id=\"navigation_level_4\" value=\"\">\n                        <input type=\"hidden\" name=\"filter_id\" id=\"filter_id\" value=\"49\">\n                        <input type=\"hidden\" name=\"navigation_language\" id=\"navigation_language\" value=\"5000\">\n                        <input type=\"hidden\" name=\"navigation_language_code\" id=\"navigation_language\" value=\"5000\">\n                        <input type=\"hidden\" name=\"page_id\" id=\"page_id\" value=\"9209\">\n                        <!--END Hidden parameters--><ul class=\"row\" ><li data-product-paged=\"\" class=\"anchor_tags_prod col-sm-6 col-md-3 wow fadeIn single-product-list 720008\"><div class=\"product-list-item\"><div class=\"product-content\"><a href=\"https:\/\/www.electroluxprofessional.com\/it\/pd\/refrigerazione\/armadi-frigoriferi-e-freezer\/cantinette-vini\/armadi-digitali-cantinetta-vini-1-porta-in-vetro-capacit\u00e0-50-bottiglie-colore-nero-compressore-velocit\u00e0-variab-720008\/\" target=\"_blank\" ><figure><img decoding=\"async\" src=\"https:\/\/tools.electroluxprofessional.com\/Mirror\/Doc\/PH_255x255%2FPH_720000_1_4_720000.jpg\" alt=\"Armadi digitaliCantinetta vini 1 porta in vetro, capacit\u00e0 50 bottiglie, colore nero, compressore velocit\u00e0 variab\"\/><\/figure><div class=\"product-internal\"><div class=\"product-liv\">Cantinette vini<\/div><h3 class=\"product-title\">Armadi digitali<br>Cantinetta vini 1 porta in vetro, capacit\u00e0 50 bottiglie, colore nero, compressore velocit\u00e0 variab<\/h3><div class=\"product-icons\"><div class=\"product-green\"><\/div><div class=\"product-cod\"><div class=\"hidden type_code\">0<\/div>COD <span class=\"product-code\" >720008<\/span><\/div><div class=\"product-fast\"><\/div>\n<\/div><div class=\"product-description-fast-green\"><\/div>\n<\/div><div class=\"product-actions\"><a href=\"https:\/\/www.electroluxprofessional.com\/it\/pd\/refrigerazione\/armadi-frigoriferi-e-freezer\/cantinette-vini\/armadi-digitali-cantinetta-vini-1-porta-in-vetro-capacit\u00e0-50-bottiglie-colore-nero-compressore-velocit\u00e0-variab-720008\/\" class=\"btn btn-primary-blue\">View more<\/a><span class=\"compare-product\"><span class=\"compare-checkbox\"><span class=\"compare-checkbox-shape\"><input type=\"checkbox\" class=\"product-comparer\" id=\"prod_720008\"\/><label class=\"btn\" for=\"prod_720008\"><span class=\"label-bg\"><\/span>Confronta<\/label><\/span><\/span><\/span><\/div><\/a><\/div><\/div><\/li><li data-product-paged=\"\" class=\"anchor_tags_prod col-sm-6 col-md-3 wow fadeIn single-product-list 720010\"><div class=\"product-list-item\"><div class=\"product-content\"><a href=\"https:\/\/www.electroluxprofessional.com\/it\/pd\/refrigerazione\/armadi-frigoriferi-e-freezer\/cantinette-vini\/armadi-digitali-cantinetta-vini-1-porta-in-vetro-capacit\u00e0-170-bottiglie-colore-nero-compressore-velocit\u00e0-variab-720010\/\" target=\"_blank\" ><figure><img decoding=\"async\" src=\"https:\/\/tools.electroluxprofessional.com\/Mirror\/Doc\/PH_255x255%2FPH_720002_1_1_720002.jpg\" alt=\"Armadi digitaliCantinetta vini 1 porta in vetro, capacit\u00e0 170 bottiglie, colore nero, compressore velocit\u00e0 variab\"\/><\/figure><div class=\"product-internal\"><div class=\"product-liv\">Cantinette vini<\/div><h3 class=\"product-title\">Armadi digitali<br>Cantinetta vini 1 porta in vetro, capacit\u00e0 170 bottiglie, colore nero, compressore velocit\u00e0 variab<\/h3><div class=\"product-icons\"><div class=\"product-green\"><\/div><div class=\"product-cod\"><div class=\"hidden type_code\">0<\/div>COD <span class=\"product-code\" >720010<\/span><\/div><div class=\"product-fast\"><\/div>\n<\/div><div class=\"product-description-fast-green\"><\/div>\n<\/div><div class=\"product-actions\"><a href=\"https:\/\/www.electroluxprofessional.com\/it\/pd\/refrigerazione\/armadi-frigoriferi-e-freezer\/cantinette-vini\/armadi-digitali-cantinetta-vini-1-porta-in-vetro-capacit\u00e0-170-bottiglie-colore-nero-compressore-velocit\u00e0-variab-720010\/\" class=\"btn btn-primary-blue\">View more<\/a><span class=\"compare-product\"><span class=\"compare-checkbox\"><span class=\"compare-checkbox-shape\"><input type=\"checkbox\" class=\"product-comparer\" id=\"prod_720010\"\/><label class=\"btn\" for=\"prod_720010\"><span class=\"label-bg\"><\/span>Confronta<\/label><\/span><\/span><\/span><\/div><\/a><\/div><\/div><\/li><li data-product-paged=\"\" class=\"anchor_tags_prod col-sm-6 col-md-3 wow fadeIn single-product-list 720011\"><div class=\"product-list-item\"><div class=\"product-content\"><a href=\"https:\/\/www.electroluxprofessional.com\/it\/pd\/refrigerazione\/armadi-frigoriferi-e-freezer\/cantinette-vini\/armadi-digitali-cantinetta-vini-1-porta-in-vetro-capacit\u00e0-170-bott.-finit.-acciaio-inox-compress.-velocit\u00e0-variab-720011\/\" target=\"_blank\" ><figure><img decoding=\"async\" src=\"https:\/\/tools.electroluxprofessional.com\/Mirror\/Doc\/PH_255x255%2FPH_720003_1_3_PHHR_720002_1_1_720002_rit.jpg\" alt=\"Armadi digitaliCantinetta vini 1 porta in vetro, capacit\u00e0 170 bott., finit. acciaio inox, compress. velocit\u00e0 variab\"\/><\/figure><div class=\"product-internal\"><div class=\"product-liv\">Cantinette vini<\/div><h3 class=\"product-title\">Armadi digitali<br>Cantinetta vini 1 porta in vetro, capacit\u00e0 170 bott., finit. acciaio inox, compress. velocit\u00e0 variab<\/h3><div class=\"product-icons\"><div class=\"product-green\"><\/div><div class=\"product-cod\"><div class=\"hidden type_code\">0<\/div>COD <span class=\"product-code\" >720011<\/span><\/div><div class=\"product-fast\"><\/div>\n<\/div><div class=\"product-description-fast-green\"><\/div>\n<\/div><div class=\"product-actions\"><a href=\"https:\/\/www.electroluxprofessional.com\/it\/pd\/refrigerazione\/armadi-frigoriferi-e-freezer\/cantinette-vini\/armadi-digitali-cantinetta-vini-1-porta-in-vetro-capacit\u00e0-170-bott.-finit.-acciaio-inox-compress.-velocit\u00e0-variab-720011\/\" class=\"btn btn-primary-blue\">View more<\/a><span class=\"compare-product\"><span class=\"compare-checkbox\"><span class=\"compare-checkbox-shape\"><input type=\"checkbox\" class=\"product-comparer\" id=\"prod_720011\"\/><label class=\"btn\" for=\"prod_720011\"><span class=\"label-bg\"><\/span>Confronta<\/label><\/span><\/span><\/span><\/div><\/a><\/div><\/div><\/li>\n                        <\/ul>\n                        <div class=\"text-center more-products\">\n                        <\/div>\n                    <\/div>\n                    <!-- END PRODUCT LIST -->\n                    <\/div>\n                    <!-- END PRODUCT LIST -->[vc_empty_space][\/vc_column][\/vc_row]<\/p>\n","protected":false},"excerpt":{"rendered":"<p>[vc_row][vc_column][elx_hero_slider text_position=&#8221;hero_slider_text_align_right&#8221; label_text_color=&#8221;inherit&#8221; images=&#8221;9006&#8243;][elx_heading text_color=&#8221;electrolux-blue&#8221;]Wine Line Gamma prodotti [\/elx_heading][\/elx_hero_slider][\/vc_column][\/vc_row][vc_row][vc_column width=&#8221;2\/3&#8243;][elx_heading font_container=&#8221;h1&#8243; font_size=&#8221;h3&#8243; text_color=&#8221;inherit&#8221; text_align=&#8221;text-left&#8221;]Cantinette Wine Line di Electrolux Professional[\/elx_heading][vc_empty_space][vc_column_text]Creare le condizioni di conservazione perfette per i tuoi vini, sia che tu abbia la necessit\u00e0 di una cantinetta per la conservazione a lungo termine sia per servirli alla giusta temperatura, da oggi si pu\u00f2.[\/vc_column_text][elx_heading font_size=&#8221;h5&#8243; text_color=&#8221;inherit&#8221;]Un [&hellip;]<\/p>\n","protected":false},"author":3,"featured_media":9195,"parent":2288,"menu_order":0,"comment_status":"closed","ping_status":"closed","template":"","meta":{"footnotes":""},"class_list":["post-9209","page","type-page","status-publish","has-post-thumbnail","hentry"],"acf":[],"_links":{"self":[{"href":"https:\/\/www.electroluxprofessional.com\/it\/wp-json\/wp\/v2\/pages\/9209"}],"collection":[{"href":"https:\/\/www.electroluxprofessional.com\/it\/wp-json\/wp\/v2\/pages"}],"about":[{"href":"https:\/\/www.electroluxprofessional.com\/it\/wp-json\/wp\/v2\/types\/page"}],"author":[{"embeddable":true,"href":"https:\/\/www.electroluxprofessional.com\/it\/wp-json\/wp\/v2\/users\/3"}],"replies":[{"embeddable":true,"href":"https:\/\/www.electroluxprofessional.com\/it\/wp-json\/wp\/v2\/comments?post=9209"}],"version-history":[{"count":12,"href":"https:\/\/www.electroluxprofessional.com\/it\/wp-json\/wp\/v2\/pages\/9209\/revisions"}],"predecessor-version":[{"id":26317,"href":"https:\/\/www.electroluxprofessional.com\/it\/wp-json\/wp\/v2\/pages\/9209\/revisions\/26317"}],"up":[{"embeddable":true,"href":"https:\/\/www.electroluxprofessional.com\/it\/wp-json\/wp\/v2\/pages\/2288"}],"wp:featuredmedia":[{"embeddable":true,"href":"https:\/\/www.electroluxprofessional.com\/it\/wp-json\/wp\/v2\/media\/9195"}],"wp:attachment":[{"href":"https:\/\/www.electroluxprofessional.com\/it\/wp-json\/wp\/v2\/media?parent=9209"}],"curies":[{"name":"wp","href":"https:\/\/api.w.org\/{rel}","templated":true}]}}