{"id":3872,"date":"2017-05-10T08:14:47","date_gmt":"2017-05-10T07:14:47","guid":{"rendered":"https:\/\/www.electroluxprofessional.com\/it\/?page_id=3872"},"modified":"2025-10-16T07:23:25","modified_gmt":"2025-10-16T07:23:25","slug":"ristoranti","status":"publish","type":"page","link":"https:\/\/www.electroluxprofessional.com\/it\/la-tua-attivita\/ristoranti\/","title":{"rendered":"Ristoranti"},"content":{"rendered":"<p>[vc_row full_width=&#8221;electroluxpro-full-width-no-padding&#8221; equal_height=&#8221;yes&#8221; disable_element=&#8221;yes&#8221;][vc_column reveal_effect=&#8221;&#8221; width=&#8221;1\/2&#8243;][elx_citation name=&#8221;Claudio Liu, Proprietario&#8221; company=&#8221;IYO &#8211; Ristorante stellato Michelin, Milano&#8221;][elx_heading text_color=&#8221;inherit&#8221;]\u201cIl blocco therma<em>line<\/em> \u00e8 stato progettato e costruito intorno a noi, per soddisfare tutte le nostre esigenze e grazie alla sua versatilit\u00e0 garantisce in ogni situazione efficienza e solidit\u00e0\u201d.[\/elx_heading][\/elx_citation][\/vc_column][vc_column reveal_effect=&#8221;&#8221; width=&#8221;1\/2&#8243;][elx_image_block background_image=&#8221;603&#8243; minimum_height=&#8221;650px&#8221;][\/vc_column][\/vc_row][vc_row css=&#8221;.vc_custom_1464617547121{padding-bottom: 20px !important;}&#8221;][vc_column][elx_full_banner title=&#8221;Ristoranti&#8221; set_as_h1=&#8221;true&#8221; background_image_media_library=&#8221;23437&#8243; background_image_media_library_mobile=&#8221;23438&#8243;][\/vc_column][\/vc_row][vc_row css=&#8221;.vc_custom_1464617547121{padding-bottom: 20px !important;}&#8221;][vc_column][vc_empty_space height=&#8221;15px&#8221;][vc_column_text]<\/p>\n<h3 style=\"text-align: center;\">A volte gestire la <span style=\"color: #ea6953;\">cucina di\u00a0un ristorante<\/span> pu\u00f2 essere un compito molto difficile. Ecco perch\u00e9 \u00e8 cos\u00ec importante avere un compagno che ti aiuta e non ti abbandona mai.<\/h3>\n<p>[\/vc_column_text][vc_empty_space height=&#8221;15px&#8221;][\/vc_column][\/vc_row][vc_row full_width=&#8221;electroluxpro-full-width-no-padding&#8221; equal_height=&#8221;yes&#8221; css=&#8221;.vc_custom_1464688891592{background-color: #f8f6f9 !important;}&#8221;][vc_column width=&#8221;1\/2&#8243; css=&#8221;.vc_custom_1464680696345{padding-top: 30px !important;}&#8221;][elx_simple_block background_color=&#8221;inherit&#8221;][elx_heading font_container=&#8221;h3&#8243; text_color=&#8221;inherit&#8221;]Scegliendo <strong><span style=\"color: #ea6953;\">le soluzioni Electrolux Professional<\/span><\/strong> avrai esattamente la flessibilit\u00e0, la semplicit\u00e0 e la potenza che stavi cercando.[\/elx_heading][\/elx_simple_block][\/vc_column][vc_column width=&#8221;1\/2&#8243;][elx_image_block background_image=&#8221;596&#8243; minimum_height=&#8221;500px&#8221;][\/vc_column][\/vc_row][vc_row full_width=&#8221;electroluxpro-full-width-no-padding&#8221;][vc_column width=&#8221;1\/2&#8243;][elx_image_block background_image=&#8221;597&#8243; minimum_height=&#8221;500px&#8221;][\/vc_column][vc_column width=&#8221;1\/2&#8243; css=&#8221;.vc_custom_1484036847003{margin-top: 30px !important;border-top-width: 30px !important;padding-top: 30px !important;}&#8221;][elx_simple_block background_color=&#8221;inherit&#8221;][elx_heading font_container=&#8221;h3&#8243; text_color=&#8221;inherit&#8221;]Una cucina che vi aiuta ad eccellere<br \/>\n[\/elx_heading][vc_column_text css_animation=&#8221;right-to-left&#8221;]<\/p>\n<p>Create per essere partner fedeli dei top Chef, <strong>therma<em>line <\/em>e Molteni<em>\u00a0<\/em><\/strong>di Electrolux Professional rispondono a tutte le esigenze dei <strong>ristoranti fine dining<\/strong>.<\/p>\n<p>[\/vc_column_text][\/elx_simple_block][\/vc_column][\/vc_row][vc_row full_width=&#8221;electroluxpro-full-width-no-padding&#8221; equal_height=&#8221;yes&#8221; css=&#8221;.vc_custom_1464688903664{background-color: #f8f6f9 !important;}&#8221;][vc_column width=&#8221;1\/2&#8243;][elx_simple_block background_color=&#8221;inherit&#8221;][elx_heading font_container=&#8221;h3&#8243; text_color=&#8221;inherit&#8221;]<strong><span style=\"color: #ea6953;\">Ogni esigenza<\/span><\/strong> \u00e8 soddisfatta[\/elx_heading][vc_column_text css_animation=&#8221;left-to-right&#8221;]Che tu gestisca una\u00a0<strong>catena di ristorazione, <\/strong>un<strong> fast food <\/strong>o<strong>\u00a0<\/strong>un<strong> ristorante raffinato,<\/strong>\u00a0Electrolux Professional ha la soluzione adatta per il tuo business.[\/vc_column_text][\/elx_simple_block][\/vc_column][vc_column width=&#8221;1\/2&#8243;][elx_image_block background_image=&#8221;598&#8243; minimum_height=&#8221;500px&#8221;][\/vc_column][\/vc_row][vc_row full_width=&#8221;electroluxpro-full-width-no-padding&#8221; equal_height=&#8221;yes&#8221; css=&#8221;.vc_custom_1464688903664{background-color: #f8f6f9 !important;}&#8221;][vc_column width=&#8221;1\/2&#8243;][elx_image_block background_image=&#8221;548&#8243; vert_back_position=&#8221;top&#8221; minimum_height=&#8221;500px&#8221;][\/vc_column][vc_column width=&#8221;1\/2&#8243;][elx_simple_block background_color=&#8221;inherit&#8221;][elx_heading font_container=&#8221;h3&#8243; text_color=&#8221;inherit&#8221;]La voce dei nostri <strong><span style=\"color: #ea6953;\">clienti<\/span><\/strong>[\/elx_heading][vc_column_text css_animation=&#8221;left-to-right&#8221;]<a href=\"https:\/\/www.electroluxprofessional.com\/it\/referenze\/\">Scopri le referenze di Electrolux Professional&#8230;<\/a>[\/vc_column_text][\/elx_simple_block][\/vc_column][\/vc_row][vc_row disable_element=&#8221;yes&#8221;][vc_column css=&#8221;.vc_custom_1484036722557{padding-top: 30px !important;padding-bottom: 10px !important;}&#8221;][vc_empty_space][elx_heading text_color=&#8221;inherit&#8221; text_align=&#8221;text-center&#8221;]Le soluzioni Electrolux per le vostre attivit\u00e0[\/elx_heading][\/vc_column][\/vc_row][vc_row equal_height=&#8221;yes&#8221; disable_element=&#8221;yes&#8221; css=&#8221;.vc_custom_1493216596537{padding-top: 20px !important;padding-bottom: 10px !important;background-color: #f7f6f6 !important;}&#8221;][vc_column width=&#8221;1\/3&#8243;][elx_image_block background_image=&#8221;599&#8243; minimum_height=&#8221;332px&#8221;][elx_heading text_color=&#8221;inherit&#8221;]Ristoranti<br \/>\ngourmet[\/elx_heading][\/vc_column][vc_column width=&#8221;1\/3&#8243;][elx_image_block background_image=&#8221;600&#8243; minimum_height=&#8221;332px&#8221;][elx_heading text_color=&#8221;inherit&#8221;]Ristoranti a servizio completo[\/elx_heading][\/vc_column][vc_column width=&#8221;1\/3&#8243;][elx_image_block background_image=&#8221;601&#8243; minimum_height=&#8221;332px&#8221;][elx_heading text_color=&#8221;inherit&#8221;]Ristorazione veloce[\/elx_heading][\/vc_column][\/vc_row][vc_row disable_element=&#8221;yes&#8221;][vc_column][vc_empty_space][\/vc_column][\/vc_row][vc_row full_width=&#8221;electroluxpro-container-no-padding&#8221; equal_height=&#8221;yes&#8221; content_placement=&#8221;middle&#8221; disable_element=&#8221;yes&#8221;][vc_column width=&#8221;1\/3&#8243;][elx_image_block background_image=&#8221;1885&#8243; minimum_height=&#8221;309px&#8221;][\/vc_column][vc_column width=&#8221;1\/3&#8243;][elx_simple_block text_align=&#8221;text-center&#8221; background_color=&#8221;electrolux-blue&#8221;][elx_heading text_color=&#8221;white&#8221;]Catene di Ristorazione[\/elx_heading][vc_column_text]<\/p>\n<p style=\"text-align: center;\"><span style=\"color: #ffffff;\">Come facciamo la differenza?<\/span><\/p>\n<p>[\/vc_column_text][elx_button button_text=&#8221;Per saperne di pi\u00f9&#8221; button_link=&#8221;url:https%3A%2F%2Fprofessional.electrolux.it%2F%3Fpage_id%3D3897%26preview%3Dtrue|title:Catene%20di%20ristorazione|target:%20_blank|&#8221;][\/elx_simple_block][\/vc_column][vc_column width=&#8221;1\/3&#8243;][elx_image_block background_image=&#8221;2995&#8243; vert_back_position=&#8221;top&#8221; minimum_height=&#8221;309px&#8221;][\/vc_column][\/vc_row][vc_row][vc_column][vc_empty_space][\/vc_column][\/vc_row][vc_row][vc_column][elx_heading text_color=&#8221;inherit&#8221;]Scopri le nostre soluzioni, contattaci[\/elx_heading][elx_o2000_contact_us s=&#8221;Richiesta dal sito&#8221; country=&#8221;Italy&#8221; r=&#8221;Vorrei avere maggiori informazioni sulle soluzioni Electrolux per ristoranti.&#8221; l=&#8221;it&#8221;][\/vc_column][\/vc_row][vc_row][vc_column][vc_empty_space height=&#8221;70px&#8221;][elx_heading font_container=&#8221;h3&#8243; text_color=&#8221;inherit&#8221; text_align=&#8221;text-center&#8221;]Scopri la soluzione ideale per la tua attivit\u00e0[\/elx_heading][\/vc_column][\/vc_row][vc_row][vc_column width=&#8221;1\/3&#8243;][elx_maylike_box id_box=&#8221;2414&#8243;][\/vc_column][vc_column width=&#8221;1\/3&#8243;][elx_maylike_box id_box=&#8221;2417&#8243;][\/vc_column][vc_column width=&#8221;1\/3&#8243;][elx_maylike_box id_box=&#8221;2409&#8243;][\/vc_column][\/vc_row][vc_row][vc_column width=&#8221;1\/3&#8243;][elx_maylike_box id_box=&#8221;5050&#8243;][\/vc_column][vc_column width=&#8221;1\/3&#8243;][elx_maylike_box id_box=&#8221;6053&#8243; matched_labels=&#8221;&#8221;][\/vc_column][vc_column width=&#8221;1\/3&#8243;][elx_maylike_box id_box=&#8221;2792&#8243;][\/vc_column][\/vc_row][vc_row][vc_column width=&#8221;1\/3&#8243;][elx_maylike_box id_box=&#8221;5053&#8243;][\/vc_column][vc_column width=&#8221;1\/3&#8243;][elx_maylike_box id_box=&#8221;5069&#8243;][\/vc_column][vc_column width=&#8221;1\/3&#8243;][elx_maylike_box id_box=&#8221;6598&#8243;][\/vc_column][\/vc_row][vc_row][vc_column][vc_empty_space height=&#8221;50px&#8221;][\/vc_column][\/vc_row]<\/p>\n","protected":false},"excerpt":{"rendered":"<p>[vc_row full_width=&#8221;electroluxpro-full-width-no-padding&#8221; equal_height=&#8221;yes&#8221; disable_element=&#8221;yes&#8221;][vc_column reveal_effect=&#8221;&#8221; width=&#8221;1\/2&#8243;][elx_citation name=&#8221;Claudio Liu, Proprietario&#8221; company=&#8221;IYO &#8211; Ristorante stellato Michelin, Milano&#8221;][elx_heading text_color=&#8221;inherit&#8221;]\u201cIl blocco thermaline \u00e8 stato progettato e costruito intorno a noi, per soddisfare tutte le nostre esigenze e grazie alla sua versatilit\u00e0 garantisce in ogni situazione efficienza e solidit\u00e0\u201d.[\/elx_heading][\/elx_citation][\/vc_column][vc_column reveal_effect=&#8221;&#8221; width=&#8221;1\/2&#8243;][elx_image_block background_image=&#8221;603&#8243; minimum_height=&#8221;650px&#8221;][\/vc_column][\/vc_row][vc_row css=&#8221;.vc_custom_1464617547121{padding-bottom: 20px !important;}&#8221;][vc_column][elx_full_banner title=&#8221;Ristoranti&#8221; set_as_h1=&#8221;true&#8221; background_image_media_library=&#8221;23437&#8243; background_image_media_library_mobile=&#8221;23438&#8243;][\/vc_column][\/vc_row][vc_row [&hellip;]<\/p>\n","protected":false},"author":1,"featured_media":0,"parent":3869,"menu_order":0,"comment_status":"closed","ping_status":"closed","template":"","meta":{"footnotes":""},"class_list":["post-3872","page","type-page","status-publish","hentry"],"acf":[],"_links":{"self":[{"href":"https:\/\/www.electroluxprofessional.com\/it\/wp-json\/wp\/v2\/pages\/3872"}],"collection":[{"href":"https:\/\/www.electroluxprofessional.com\/it\/wp-json\/wp\/v2\/pages"}],"about":[{"href":"https:\/\/www.electroluxprofessional.com\/it\/wp-json\/wp\/v2\/types\/page"}],"author":[{"embeddable":true,"href":"https:\/\/www.electroluxprofessional.com\/it\/wp-json\/wp\/v2\/users\/1"}],"replies":[{"embeddable":true,"href":"https:\/\/www.electroluxprofessional.com\/it\/wp-json\/wp\/v2\/comments?post=3872"}],"version-history":[{"count":38,"href":"https:\/\/www.electroluxprofessional.com\/it\/wp-json\/wp\/v2\/pages\/3872\/revisions"}],"predecessor-version":[{"id":26366,"href":"https:\/\/www.electroluxprofessional.com\/it\/wp-json\/wp\/v2\/pages\/3872\/revisions\/26366"}],"up":[{"embeddable":true,"href":"https:\/\/www.electroluxprofessional.com\/it\/wp-json\/wp\/v2\/pages\/3869"}],"wp:attachment":[{"href":"https:\/\/www.electroluxprofessional.com\/it\/wp-json\/wp\/v2\/media?parent=3872"}],"curies":[{"name":"wp","href":"https:\/\/api.w.org\/{rel}","templated":true}]}}