{"id":3731,"date":"2017-05-10T08:35:33","date_gmt":"2017-05-10T07:35:33","guid":{"rendered":"https:\/\/www.electroluxprofessional.com\/it\/?page_id=3731"},"modified":"2021-10-13T11:54:36","modified_gmt":"2021-10-13T11:54:36","slug":"sistemi-di-gestione-e-software","status":"publish","type":"page","link":"https:\/\/www.electroluxprofessional.com\/it\/lavanderia\/sistemi-di-gestione-e-software\/","title":{"rendered":"Software"},"content":{"rendered":"<p>[vc_row full_width=&#8221;electroluxpro-full-width-no-padding&#8221;][vc_column][elx_hero_slider text_position=&#8221;hero_slider_text_align_right&#8221; label_text_color=&#8221;inherit&#8221; images=&#8221;901&#8243;][elx_heading font_container=&#8221;h1&#8243; font_size=&#8221;h2&#8243; text_color=&#8221;inherit&#8221;]Software<\/p>\n<h4><strong><a href=\"#Filtro\">Gamma prodotti<\/a><\/strong><\/h4>\n<p>[\/elx_heading][\/elx_hero_slider][\/vc_column][\/vc_row][vc_row][vc_column][vc_empty_space][elx_heading text_color=&#8221;inherit&#8221; text_align=&#8221;text-center&#8221;]Software e sistemi di gestione[\/elx_heading][vc_empty_space][vc_column_text]Electrolux Professional ha una vasta gamma di sistemi di gestione e software, in grado di soddisfare i pi\u00f9 elevati standard di qualit\u00e0 e di creare valore aggiunto anche per i clienti pi\u00f9 esigenti.[\/vc_column_text][\/vc_column][\/vc_row][vc_row][vc_column width=&#8221;1\/2&#8243;][vc_empty_space height=&#8221;20px&#8221;][elx_heading font_container=&#8221;h4&#8243; text_color=&#8221;inherit&#8221;]Laundry Program Manager[\/elx_heading][vc_column_text]LPM \u00e8 un software per computer che consente di creare programmi per lavatrici ed essiccatoi Electrolux Professional in brevissimo tempo. \u00c8 compatibile con le lavatrici usando Compass Control, Compass Pro, Clarus Control e Clarus TS. \u00c8 compatibile con gli essiccatoi usando\u00a0Compass Pro control system.[\/vc_column_text][vc_empty_space height=&#8221;20px&#8221;][elx_heading font_container=&#8221;h4&#8243; text_color=&#8221;inherit&#8221;]Certus Management Information System\u2122[\/elx_heading][vc_column_text]CMIS (Certus Management Information System\u2122)\u00a0\u00e8 un software che fornisce alle lavanderie professionali informazioni d&#8217;importanza vitale sulle centrifughe, asciugatrici e stiratrici in uso al fine di minimizzare i costi e massimizzare la durata dell&#8217;attrezzatura.[\/vc_column_text][\/vc_column][vc_column width=&#8221;1\/2&#8243;][elx_image_block background_image=&#8221;900&#8243; minimum_height=&#8221;500px&#8221;][\/vc_column][\/vc_row][vc_row][vc_column][vc_empty_space height=&#8221;50px&#8221;][\/vc_column][\/vc_row][vc_row disable_element=&#8221;yes&#8221;][vc_column width=&#8221;1\/2&#8243;][elx_image_block background_image=&#8221;772&#8243; minimum_height=&#8221;500px&#8221;][\/vc_column][vc_column width=&#8221;1\/2&#8243;][elx_heading font_size=&#8221;h3&#8243; text_color=&#8221;inherit&#8221;]Text Management Information System\u2122[\/elx_heading][vc_empty_space height=&#8221;15px&#8221;][vc_column_text]<strong>Mantenete il controllo.<\/strong>[\/vc_column_text][vc_column_text]Monitoraggio e gestione ottimale della lavanderia: l&#8217;accesso diretto alle statistiche di prestazioni e funzionamento delle macchine permette una riduzione dei\u00a0tempi di inattivit\u00e0 e ne facilita la manutenzione preventiva.<\/p>\n<p>Maggior controllo sulle apparecchiature e risparmio di tempo grazie al sistema che vi\u00a0informa direttamente su guasti macchina o necessit\u00e0 di manutenzione.[\/vc_column_text][\/vc_column][\/vc_row][vc_row][vc_column][vc_empty_space height=&#8221;50px&#8221;][\/vc_column][\/vc_row][vc_row][vc_column width=&#8221;1\/2&#8243;][elx_download_block text=&#8221;Laundry Program Manager&#8221; link=&#8221;http:\/\/tools.professional.electrolux.com\/Mirror\/Doc\/ELS\/PDS\/PS_438919528IT_LPM_IT.pdf&#8221; reveal_effect=&#8221;&#8221; reveal_duration=&#8221;&#8221; reveal_delay=&#8221;&#8221;][\/vc_column][vc_column width=&#8221;1\/2&#8243;][elx_download_block text=&#8221;CMIS&#8221; link=&#8221;http:\/\/tools.professional.electrolux.com\/Mirror\/Doc\/ELS\/PDS\/PS_438919493IT_CMIS%205_IT.pdf&#8221; reveal_effect=&#8221;&#8221; reveal_duration=&#8221;&#8221; reveal_delay=&#8221;&#8221;][\/vc_column][\/vc_row][vc_row][vc_column][vc_empty_space height=&#8221;50px&#8221;][elx_heading font_size=&#8221;h2&#8243; text_color=&#8221;inherit&#8221; text_align=&#8221;text-center&#8221;]Scopri le nostre soluzioni, contattaci[\/elx_heading][elx_o2000_contact_us r=&#8221;Vorrei avere maggiori informazioni sui software Electrolux.&#8221; s=&#8221;La vostra richiesta: software&#8221; e=&#8221;andrea.corazza@electroluxprofessional.com&#8221; l=&#8221;it&#8221; b=&#8221;laundry&#8221; container=&#8221;elxcontactus1497357680&#8243;][vc_empty_space height=&#8221;50px&#8221;][\/vc_column][\/vc_row][vc_row disable_element=&#8221;yes&#8221;][vc_column width=&#8221;1\/3&#8243;][elx_maylike_box id_box=&#8221;3690&#8243;][\/vc_column][vc_column width=&#8221;1\/3&#8243;][elx_maylike_box id_box=&#8221;3686&#8243;][\/vc_column][vc_column width=&#8221;1\/3&#8243;][elx_maylike_box id_box=&#8221;2322&#8243;][\/vc_column][\/vc_row][vc_row disable_element=&#8221;yes&#8221;][vc_column][elx_heading font_size=&#8221;h3&#8243; text_color=&#8221;inherit&#8221; text_align=&#8221;text-center&#8221;]Trovate la soluzione completa che fa per voi[\/elx_heading][vc_empty_space height=&#8221;50px&#8221;][\/vc_column][\/vc_row][vc_row el_id=&#8221;Filtro&#8221;][vc_column]<div class=\"com21-product-filter-container 12\">[\/vc_column][\/vc_row]<\/p>\n","protected":false},"excerpt":{"rendered":"<p>[vc_row full_width=&#8221;electroluxpro-full-width-no-padding&#8221;][vc_column][elx_hero_slider text_position=&#8221;hero_slider_text_align_right&#8221; label_text_color=&#8221;inherit&#8221; images=&#8221;901&#8243;][elx_heading font_container=&#8221;h1&#8243; font_size=&#8221;h2&#8243; text_color=&#8221;inherit&#8221;]Software Gamma prodotti [\/elx_heading][\/elx_hero_slider][\/vc_column][\/vc_row][vc_row][vc_column][vc_empty_space][elx_heading text_color=&#8221;inherit&#8221; text_align=&#8221;text-center&#8221;]Software e sistemi di gestione[\/elx_heading][vc_empty_space][vc_column_text]Electrolux Professional ha una vasta gamma di sistemi di gestione e software, in grado di soddisfare i pi\u00f9 elevati standard di qualit\u00e0 e di creare valore aggiunto anche per i clienti pi\u00f9 esigenti.[\/vc_column_text][\/vc_column][\/vc_row][vc_row][vc_column width=&#8221;1\/2&#8243;][vc_empty_space height=&#8221;20px&#8221;][elx_heading font_container=&#8221;h4&#8243; text_color=&#8221;inherit&#8221;]Laundry Program Manager[\/elx_heading][vc_column_text]LPM [&hellip;]<\/p>\n","protected":false},"author":1,"featured_media":0,"parent":3706,"menu_order":0,"comment_status":"closed","ping_status":"closed","template":"","meta":{"footnotes":""},"class_list":["post-3731","page","type-page","status-publish","hentry"],"acf":[],"_links":{"self":[{"href":"https:\/\/www.electroluxprofessional.com\/it\/wp-json\/wp\/v2\/pages\/3731"}],"collection":[{"href":"https:\/\/www.electroluxprofessional.com\/it\/wp-json\/wp\/v2\/pages"}],"about":[{"href":"https:\/\/www.electroluxprofessional.com\/it\/wp-json\/wp\/v2\/types\/page"}],"author":[{"embeddable":true,"href":"https:\/\/www.electroluxprofessional.com\/it\/wp-json\/wp\/v2\/users\/1"}],"replies":[{"embeddable":true,"href":"https:\/\/www.electroluxprofessional.com\/it\/wp-json\/wp\/v2\/comments?post=3731"}],"version-history":[{"count":26,"href":"https:\/\/www.electroluxprofessional.com\/it\/wp-json\/wp\/v2\/pages\/3731\/revisions"}],"predecessor-version":[{"id":17783,"href":"https:\/\/www.electroluxprofessional.com\/it\/wp-json\/wp\/v2\/pages\/3731\/revisions\/17783"}],"up":[{"embeddable":true,"href":"https:\/\/www.electroluxprofessional.com\/it\/wp-json\/wp\/v2\/pages\/3706"}],"wp:attachment":[{"href":"https:\/\/www.electroluxprofessional.com\/it\/wp-json\/wp\/v2\/media?parent=3731"}],"curies":[{"name":"wp","href":"https:\/\/api.w.org\/{rel}","templated":true}]}}