{"id":3662,"date":"2017-05-10T08:29:35","date_gmt":"2017-05-10T07:29:35","guid":{"rendered":"https:\/\/www.electroluxprofessional.com\/it\/?page_id=3662"},"modified":"2020-11-17T15:43:45","modified_gmt":"2020-11-17T15:43:45","slug":"essiccatoi-a-pompa-di-calore","status":"publish","type":"page","link":"https:\/\/www.electroluxprofessional.com\/it\/lavanderia\/essiccatoi-a-pompa-di-calore\/","title":{"rendered":"Essiccatoi a Pompa di Calore"},"content":{"rendered":"<p>[vc_row full_width=&#8221;electroluxpro-full-width-no-padding&#8221;][vc_column][elx_hero_slider label_text_color=&#8221;inherit&#8221; images=&#8221;664&#8243;][elx_heading font_container=&#8221;h1&#8243; font_size=&#8221;h2&#8243; text_color=&#8221;inherit&#8221;]Essiccatoi a Pompa di Calore<\/p>\n<h4><strong><a href=\"#Filtro\">Gamma prodotti<\/a><\/strong><\/h4>\n<p>[\/elx_heading][\/elx_hero_slider][\/vc_column][\/vc_row][vc_row][vc_column css=&#8221;.vc_custom_1464253016404{padding-top: 30px !important;}&#8221;][vc_empty_space][\/vc_column][\/vc_row][vc_row equal_height=&#8221;yes&#8221;][vc_column width=&#8221;1\/2&#8243;][vc_empty_space][elx_heading font_container=&#8221;h3&#8243; text_color=&#8221;inherit&#8221;]Le lavanderie professionali vogliono performance eccezionali combinate ad efficienza dei costi[\/elx_heading][vc_empty_space][vc_column_text css=&#8221;.vc_custom_1490799656771{margin-bottom: 0px !important;border-bottom-width: 0px !important;padding-bottom: 0px !important;}&#8221;]L&#8217;essiccatoio a pompa di calore\u00a0T5190LE\u00a0permette ai clienti di risparmiare fino al 60% di energia per cicli di asciugatura pi\u00f9 efficienti.[\/vc_column_text][\/vc_column][vc_column width=&#8221;1\/2&#8243;][elx_video_block background_image=&#8221;670&#8243; video_link=&#8221;https:\/\/www.youtube.com\/watch?v=agTB9lzil5c&#8221; minimum_height=&#8221;415px&#8221;][\/vc_column][\/vc_row][vc_row][vc_column][vc_empty_space][\/vc_column][\/vc_row][vc_row][vc_column width=&#8221;1\/3&#8243;][elx_simple_block background_color=&#8221;inherit&#8221;][elx_heading font_container=&#8221;h4&#8243; text_color=&#8221;orange&#8221;]Risparmiare con prestazioni eccezionali[\/elx_heading][vc_column_text]<strong>Fino al 60% di risparmio energetico.<\/strong><br \/>\nCicli brevi (solo 51 minuti a pieno carico) grazie all&#8217;alto tasso di evaporazione. Questo garantisce un risparmio di costi e di tempo.[\/vc_column_text][\/elx_simple_block][\/vc_column][vc_column width=&#8221;1\/3&#8243;][elx_simple_block background_color=&#8221;inherit&#8221;][elx_heading font_container=&#8221;h4&#8243; text_color=&#8221;orange&#8221;]Risparmiare tempo ed evitare i tempi di inattivit\u00e0[\/elx_heading][vc_column_text]<strong>L&#8217;essiccatoio a pompa di calore T5190LE\u00a0\u00e8 molto facile da usare.<\/strong><br \/>\nLa pompa di calore \u00e8 facilmente estraibile dalla macchina per un comodo e\u00a0rapido accesso alle parti vitali.\u00a0Questa soluzione ne rende la manutenzione pi\u00f9 veloce che mai.[\/vc_column_text][\/elx_simple_block][\/vc_column][vc_column width=&#8221;1\/3&#8243;][elx_simple_block background_color=&#8221;inherit&#8221;][elx_heading font_container=&#8221;h4&#8243; text_color=&#8221;orange&#8221;]Risparmiare spazio e guadagnare flessibilit\u00e0[\/elx_heading][vc_column_text]<strong>La soluzione si inserisce negli spazi pi\u00f9 piccoli.<\/strong><br \/>\nNon \u00e8 necessario alcun condotto di scarico n\u00e9\u00a0ventilazione, si pu\u00f2 installare ed utilizzare ovunque. Il riscaldamento dell&#8217;ambiente \u00e8 minimo e l&#8217;ingombro \u00e8 lo stesso di un essiccatore convenzionale.[\/vc_column_text][\/elx_simple_block][\/vc_column][\/vc_row][vc_row][vc_column width=&#8221;1\/3&#8243;][elx_image_block background_image=&#8221;671&#8243; minimum_height=&#8221;500px&#8221;][\/vc_column][vc_column width=&#8221;1\/3&#8243;][elx_image_block background_image=&#8221;1643&#8243; minimum_height=&#8221;500px&#8221;][\/vc_column][vc_column width=&#8221;1\/3&#8243;][vc_empty_space][elx_heading font_size=&#8221;h3&#8243; text_color=&#8221;inherit&#8221;]Facile accesso ai filtri grazie alla soluzione filtro orizzontale unica ed ergonomica[\/elx_heading][vc_column_text]La pompa di calore \u00e8 facilmente estraibile dalla macchina per un comodo e rapido accesso alle parti vitali.[\/vc_column_text][\/vc_column][\/vc_row][vc_row][vc_column][vc_empty_space height=&#8221;50px&#8221;][\/vc_column][\/vc_row][vc_row][vc_column width=&#8221;1\/3&#8243;][elx_video_block background_image=&#8221;732&#8243; video_link=&#8221;https:\/\/www.youtube.com\/watch?v=agTB9lzil5c&#8221; minimum_height=&#8221;260px&#8221;][vc_column_text]Essiccatoio a Pompa\u00a0di Calore[\/vc_column_text][\/vc_column][vc_column width=&#8221;1\/3&#8243;][elx_download_block text=&#8221;Essiccatoio a Pompa<br \/>\ndi Calore T5190LE&#8221; link=&#8221;http:\/\/tools.professional.electrolux.com\/Mirror\/Doc\/ELS\/PDS\/PS_438919543IT_T5190LE_IT.pdf&#8221; reveal_effect=&#8221;&#8221; reveal_duration=&#8221;&#8221; reveal_delay=&#8221;&#8221;][\/vc_column][vc_column width=&#8221;1\/3&#8243;][elx_download_block text=&#8221;Scoprite la gamma completa<br \/>\ndi essiccatoi Electrolux&#8221; link=&#8221;https:\/\/www.electroluxprofessional.com\/it\/lavanderia\/essiccatoi\/&#8221; reveal_effect=&#8221;&#8221; reveal_duration=&#8221;&#8221; reveal_delay=&#8221;&#8221;][\/vc_column][\/vc_row][vc_row][vc_column][vc_empty_space][\/vc_column][\/vc_row][vc_row][vc_column][vc_empty_space height=&#8221;50px&#8221;][elx_heading font_size=&#8221;h3&#8243; text_color=&#8221;inherit&#8221; text_align=&#8221;text-center&#8221;]Scoprite il pacchetto ideale per la vostra attivit\u00e0[\/elx_heading][\/vc_column][\/vc_row][vc_row][vc_column width=&#8221;1\/3&#8243;][elx_maylike_box id_box=&#8221;2322&#8243;][\/vc_column][vc_column width=&#8221;1\/3&#8243;][elx_maylike_box id_box=&#8221;3686&#8243;][\/vc_column][vc_column width=&#8221;1\/3&#8243;][elx_maylike_box id_box=&#8221;3690&#8243;][\/vc_column][\/vc_row][vc_row][vc_column][vc_empty_space height=&#8221;50px&#8221;][elx_heading font_size=&#8221;h2&#8243; text_color=&#8221;inherit&#8221; text_align=&#8221;text-center&#8221;]Scoprite come Electrolux pu\u00f2 aiutarvi nel vostro business.[\/elx_heading][elx_o2000_contact_us r=&#8221;Vorrei avere maggiori informazioni sugli essicatoi a pompa di calore Electrolux.&#8221; s=&#8221;Richiesta dal sito&#8221; country=&#8221;Italy&#8221; l=&#8221;it&#8221;][\/vc_column][\/vc_row][vc_row][vc_column][vc_empty_space height=&#8221;50px&#8221;][\/vc_column][\/vc_row][vc_row el_id=&#8221;Filtro&#8221;][vc_column]<div class=\"com21-product-filter-container 38\">\n                    <!-- PROD FILTER -->\n                    \n                    <div class=\"container\">\n                        <h4 class=\"text-center\">\n                            Filtro (4 Prodotti)\n                        <\/h4>\n                    <\/div>\n                    <div class=\"specification-filter\">\n                        <div class=\"toggle-filter-container\">\n                            <div class=\"container text-center\">\n                                <a href=\"#filter\" class=\"toggle-filter small-toggle\" data-target=\".category-filter\"  data-class-toggle=\"category-filter-show\" aria-pressed=\"true\" role=\"button\" id=\"open-product-features\">Filtro<\/a>\n                            <\/div>\n                        <\/div>\n                        <div class=\"category-filter category-filter-show\">\n                            <div class=\"container\">\n                    <div class=\"row\">\n                        <div class=\"col-md-4 text-left\">\n                            <fieldset>       \n                                <h5 class=\"h6\">Linea di prodotto<\/h5>\n                                <div class=\"category-check\">\n                                    <input type=\"checkbox\" name=\"1\" id=\"1-essiccatoi-rotativi\" data-code=\"1\" data-value=\"Essiccatoi rotativi\" >\n                                    <label for=\"1-essiccatoi-rotativi\">Essiccatoi rotativi<\/label>\n                                <\/div>\n                            \n                                <div class=\"category-check\">\n                                    <input type=\"checkbox\" name=\"3\" id=\"3-essiccatoi-a-pompa-di-calore\" data-code=\"3\" data-value=\"Essiccatoi a pompa di calore\" >\n                                    <label for=\"3-essiccatoi-a-pompa-di-calore\">Essiccatoi a pompa di calore<\/label>\n                                <\/div>\n                            \n                            <\/fieldset>\n                        <\/div><!-- end col -->\n                        \n                        <div class=\"col-md-4 text-left subcategories-first\">\n                            <fieldset>       \n                                <h5 class=\"h6\">Sottocategoria<\/h5>\n                                <div class=\"subcategory-check\">\n                                    <input type=\"checkbox\" name=\"essiccatoi-a-pompa-di-calore\" id=\"essiccatoi-a-pompa-di-calore\" data-description=\"Essiccatoi a pompa di calore\" >\n                                    <label for=\"essiccatoi-a-pompa-di-calore\">Essiccatoi a pompa di calore<\/label>\n                                <\/div>\n                            \n                            <\/fieldset>\n                        <\/div><!-- end col -->\n                        <\/div>\n        \n                                <div class=\"row\">\n                                    <div class=\"col-md-6 text-left\">\n                                        <span class=\"number-of-products\"><span id=\"number-of-products\">4<\/span> Prodotti<\/span> <a href=\"#\" class=\"btn btn-secondary-bordered\" id=\"filter-reset-btn\">Resetta<\/a>\n                                    <\/div>\n                                    <div class=\"col-md-6 text-right\">\n                                        <a href=\"#\" class=\"close-toggle no-pd-toggle\" data-parent=\"open-product-features\"  aria-pressed=\"true\" role=\"button\">Chiudi<\/a>\n                                    <\/div>\n                                <\/div>\n                                \n                            <\/div><!-- end container -->\n                        <\/div><!-- end category-filter -->\n                    <\/div><!-- end specification-filter -->\n        \n                    <!-- END PROD FILTER -->\n                    \n                    <!-- PROD LIST -->\n                    <div class=\"product-list container\">\n                        <!--Hidden parameters-->\n                        <input type=\"hidden\" name=\"navigation_level_1\" id=\"navigation_level_1\" value=\"3\">\n                        <input type=\"hidden\" name=\"navigation_level_2\" id=\"navigation_level_2\" value=\"\">\n                        <input type=\"hidden\" name=\"navigation_level_3\" id=\"navigation_level_3\" value=\"\">\n                        <input type=\"hidden\" name=\"navigation_level_4\" id=\"navigation_level_4\" value=\"\">\n                        <input type=\"hidden\" name=\"filter_id\" id=\"filter_id\" value=\"38\">\n                        <input type=\"hidden\" name=\"navigation_language\" id=\"navigation_language\" value=\"5000\">\n                        <input type=\"hidden\" name=\"navigation_language_code\" id=\"navigation_language\" value=\"5000\">\n                        <input type=\"hidden\" name=\"page_id\" id=\"page_id\" value=\"3662\">\n                        <!--END Hidden parameters--><ul class=\"row\" ><li data-product-paged=\"\" class=\"anchor_tags_prod col-sm-6 col-md-3 wow fadeIn single-product-list TD6-14\"><div class=\"product-list-item\"><div class=\"product-content-laundry\"><a href=\"https:\/\/www.electroluxprofessional.com\/it\/pd\/essiccatoi\/essiccatoi-rotativi\/essiccatoio-14-kg-td6-14\/essiccatoio-14-kg-td6-14\/TD6-14\/\" target=\"_blank\" ><figure><img decoding=\"async\" src=\"https:\/\/tools.electroluxprofessional.com\/Mirror\/Doc\/ELS%2FPH_255x255%2FTD6-14.jpg\" alt=\"TD6-14\"\/><\/figure><div class=\"product-internal-laundry\"><div class=\"product-liv\">Essiccatoio 14 kg - TD6-14<\/div><h3 class=\"product-title\">TD6-14<\/h3><div class=\"product-icons\"><div class=\"product-green\"><\/div><div class=\"product-cod hidden\"><div class=\"hidden type_code\">1<\/div>COD <span class=\"product-code\">TD6-14<\/span><\/div><div class=\"product-fast\"><\/div>\n<\/div><div class=\"product-description-fast-green\"><\/div>\n<\/div><div class=\"product-actions\"><a href=\"https:\/\/www.electroluxprofessional.com\/it\/pd\/essiccatoi\/essiccatoi-rotativi\/essiccatoio-14-kg-td6-14\/essiccatoio-14-kg-td6-14\/TD6-14\/\" class=\"btn btn-primary-blue\">View more<\/a><span class=\"compare-product\"><span class=\"compare-checkbox\"><span class=\"compare-checkbox-shape\"><input type=\"checkbox\" class=\"product-comparer\" id=\"prod_1L059Y\"\/><label class=\"btn\" for=\"prod_1L059Y\"><span class=\"label-bg\"><\/span>Confronta<\/label><\/span><\/span><\/span><\/div><\/a><\/div><\/div><\/li><li data-product-paged=\"\" class=\"anchor_tags_prod col-sm-6 col-md-3 wow fadeIn single-product-list TD6-20\"><div class=\"product-list-item\"><div class=\"product-content-laundry\"><a href=\"https:\/\/www.electroluxprofessional.com\/it\/pd\/essiccatoi\/essiccatoi-rotativi\/essiccatoio-20-kg-td6-20\/essiccatoio-20-kg-td6-20\/TD6-20\/\" target=\"_blank\" ><figure><img decoding=\"async\" src=\"https:\/\/tools.electroluxprofessional.com\/Mirror\/Doc\/ELS%2FPH_255x255%2FTD6-20.jpg\" alt=\"TD6-20\"\/><\/figure><div class=\"product-internal-laundry\"><div class=\"product-liv\">Essiccatoio 20 kg - TD6-20<\/div><h3 class=\"product-title\">TD6-20<\/h3><div class=\"product-icons\"><div class=\"product-green\"><\/div><div class=\"product-cod hidden\"><div class=\"hidden type_code\">1<\/div>COD <span class=\"product-code\">TD6-20<\/span><\/div><div class=\"product-fast\"><\/div>\n<\/div><div class=\"product-description-fast-green\"><\/div>\n<\/div><div class=\"product-actions\"><a href=\"https:\/\/www.electroluxprofessional.com\/it\/pd\/essiccatoi\/essiccatoi-rotativi\/essiccatoio-20-kg-td6-20\/essiccatoio-20-kg-td6-20\/TD6-20\/\" class=\"btn btn-primary-blue\">View more<\/a><span class=\"compare-product\"><span class=\"compare-checkbox\"><span class=\"compare-checkbox-shape\"><input type=\"checkbox\" class=\"product-comparer\" id=\"prod_1L059Z\"\/><label class=\"btn\" for=\"prod_1L059Z\"><span class=\"label-bg\"><\/span>Confronta<\/label><\/span><\/span><\/span><\/div><\/a><\/div><\/div><\/li><li data-product-paged=\"\" class=\"anchor_tags_prod col-sm-6 col-md-3 wow fadeIn single-product-list TD6-7\"><div class=\"product-list-item\"><div class=\"product-content-laundry\"><a href=\"https:\/\/www.electroluxprofessional.com\/it\/pd\/essiccatoi\/essiccatoi-rotativi\/essiccatoio-7-kg-td6-7\/essiccatoio-7-kg-td6-7\/TD6-7\/\" target=\"_blank\" ><figure><img decoding=\"async\" src=\"https:\/\/tools.electroluxprofessional.com\/Mirror\/Doc\/ELS%2FPH_255x255%2FTD6-7.jpg\" alt=\"TD6-7\"\/><\/figure><div class=\"product-internal-laundry\"><div class=\"product-liv\">Essiccatoio 7 kg - TD6-7<\/div><h3 class=\"product-title\">TD6-7<\/h3><div class=\"product-icons\"><div class=\"product-green\"><\/div><div class=\"product-cod hidden\"><div class=\"hidden type_code\">1<\/div>COD <span class=\"product-code\">TD6-7<\/span><\/div><div class=\"product-fast\"><\/div>\n<\/div><div class=\"product-description-fast-green\"><\/div>\n<\/div><div class=\"product-actions\"><a href=\"https:\/\/www.electroluxprofessional.com\/it\/pd\/essiccatoi\/essiccatoi-rotativi\/essiccatoio-7-kg-td6-7\/essiccatoio-7-kg-td6-7\/TD6-7\/\" class=\"btn btn-primary-blue\">View more<\/a><span class=\"compare-product\"><span class=\"compare-checkbox\"><span class=\"compare-checkbox-shape\"><input type=\"checkbox\" class=\"product-comparer\" id=\"prod_1LSN0H\"\/><label class=\"btn\" for=\"prod_1LSN0H\"><span class=\"label-bg\"><\/span>Confronta<\/label><\/span><\/span><\/span><\/div><\/a><\/div><\/div><\/li><li data-product-paged=\"\" class=\"anchor_tags_prod col-sm-6 col-md-3 wow fadeIn single-product-list TD6-11\"><div class=\"product-list-item\"><div class=\"product-content-laundry\"><a href=\"https:\/\/www.electroluxprofessional.com\/it\/pd\/essiccatoi\/essiccatoi-rotativi\/essiccatoio-11-kg-td6-11\/essiccatoio-11-kg-td6-11\/TD6-11\/\" target=\"_blank\" ><figure><img decoding=\"async\" src=\"https:\/\/tools.electroluxprofessional.com\/Mirror\/Doc\/ELS%2FPH_255x255%2FDryer_TD6_11_FRONT%20.jpg\" alt=\"TD6-11\"\/><\/figure><div class=\"product-internal-laundry\"><div class=\"product-liv\">Essiccatoio 11 kg - TD6-11<\/div><h3 class=\"product-title\">TD6-11<\/h3><div class=\"product-icons\"><div class=\"product-green\"><\/div><div class=\"product-cod hidden\"><div class=\"hidden type_code\">1<\/div>COD <span class=\"product-code\">TD6-11<\/span><\/div><div class=\"product-fast\"><\/div>\n<\/div><div class=\"product-description-fast-green\"><\/div>\n<\/div><div class=\"product-actions\"><a href=\"https:\/\/www.electroluxprofessional.com\/it\/pd\/essiccatoi\/essiccatoi-rotativi\/essiccatoio-11-kg-td6-11\/essiccatoio-11-kg-td6-11\/TD6-11\/\" class=\"btn btn-primary-blue\">View more<\/a><span class=\"compare-product\"><span class=\"compare-checkbox\"><span class=\"compare-checkbox-shape\"><input type=\"checkbox\" class=\"product-comparer\" id=\"prod_1LSPHP\"\/><label class=\"btn\" for=\"prod_1LSPHP\"><span class=\"label-bg\"><\/span>Confronta<\/label><\/span><\/span><\/span><\/div><\/a><\/div><\/div><\/li>\n                        <\/ul>\n                        <div class=\"text-center more-products\">\n                        <\/div>\n                    <\/div>\n                    <!-- END PRODUCT LIST -->\n                    <\/div>\n                    <!-- END PRODUCT LIST -->[\/vc_column][\/vc_row]<\/p>\n","protected":false},"excerpt":{"rendered":"<p>[vc_row full_width=&#8221;electroluxpro-full-width-no-padding&#8221;][vc_column][elx_hero_slider label_text_color=&#8221;inherit&#8221; images=&#8221;664&#8243;][elx_heading font_container=&#8221;h1&#8243; font_size=&#8221;h2&#8243; text_color=&#8221;inherit&#8221;]Essiccatoi a Pompa di Calore Gamma prodotti [\/elx_heading][\/elx_hero_slider][\/vc_column][\/vc_row][vc_row][vc_column css=&#8221;.vc_custom_1464253016404{padding-top: 30px !important;}&#8221;][vc_empty_space][\/vc_column][\/vc_row][vc_row equal_height=&#8221;yes&#8221;][vc_column width=&#8221;1\/2&#8243;][vc_empty_space][elx_heading font_container=&#8221;h3&#8243; text_color=&#8221;inherit&#8221;]Le lavanderie professionali vogliono performance eccezionali combinate ad efficienza dei costi[\/elx_heading][vc_empty_space][vc_column_text css=&#8221;.vc_custom_1490799656771{margin-bottom: 0px !important;border-bottom-width: 0px !important;padding-bottom: 0px !important;}&#8221;]L&#8217;essiccatoio a pompa di calore\u00a0T5190LE\u00a0permette ai clienti di risparmiare fino al 60% di energia per cicli di asciugatura [&hellip;]<\/p>\n","protected":false},"author":1,"featured_media":0,"parent":3706,"menu_order":0,"comment_status":"closed","ping_status":"closed","template":"","meta":{"footnotes":""},"class_list":["post-3662","page","type-page","status-publish","hentry"],"acf":[],"_links":{"self":[{"href":"https:\/\/www.electroluxprofessional.com\/it\/wp-json\/wp\/v2\/pages\/3662"}],"collection":[{"href":"https:\/\/www.electroluxprofessional.com\/it\/wp-json\/wp\/v2\/pages"}],"about":[{"href":"https:\/\/www.electroluxprofessional.com\/it\/wp-json\/wp\/v2\/types\/page"}],"author":[{"embeddable":true,"href":"https:\/\/www.electroluxprofessional.com\/it\/wp-json\/wp\/v2\/users\/1"}],"replies":[{"embeddable":true,"href":"https:\/\/www.electroluxprofessional.com\/it\/wp-json\/wp\/v2\/comments?post=3662"}],"version-history":[{"count":12,"href":"https:\/\/www.electroluxprofessional.com\/it\/wp-json\/wp\/v2\/pages\/3662\/revisions"}],"predecessor-version":[{"id":15521,"href":"https:\/\/www.electroluxprofessional.com\/it\/wp-json\/wp\/v2\/pages\/3662\/revisions\/15521"}],"up":[{"embeddable":true,"href":"https:\/\/www.electroluxprofessional.com\/it\/wp-json\/wp\/v2\/pages\/3706"}],"wp:attachment":[{"href":"https:\/\/www.electroluxprofessional.com\/it\/wp-json\/wp\/v2\/media?parent=3662"}],"curies":[{"name":"wp","href":"https:\/\/api.w.org\/{rel}","templated":true}]}}