{"id":26523,"date":"2025-10-30T08:44:24","date_gmt":"2025-10-30T08:44:24","guid":{"rendered":"https:\/\/www.electroluxprofessional.com\/it\/?page_id=26523"},"modified":"2025-11-28T08:16:31","modified_gmt":"2025-11-28T08:16:31","slug":"multislim-forno-compatto","status":"publish","type":"page","link":"https:\/\/www.electroluxprofessional.com\/it\/ristorazione\/multislim-forno-compatto\/","title":{"rendered":"MultiSlim forno compatto"},"content":{"rendered":"<p>[vc_row full_width=&#8221;electroluxpro-full-width-no-padding&#8221;][vc_column][vc_single_image image=&#8221;26509&#8243; img_size=&#8221;2100&#215;400&#8243; alignment=&#8221;center&#8221;][\/vc_column][\/vc_row][vc_row disable_element=&#8221;yes&#8221;][vc_column][vc_empty_space][elx_heading font_container=&#8221;h1&#8243; font_size=&#8221;h3&#8243; text_color=&#8221;inherit&#8221;]MultiSlim forno compatto[\/elx_heading][vc_empty_space][\/vc_column][\/vc_row][vc_row][vc_column][vc_empty_space][elx_text_image tag_title=&#8221;h1&#8243; class_title=&#8221;h1&#8243; style_image=&#8221;image_square&#8221; bg_row=&#8221;bg-download-white&#8221; lists=&#8221;%5B%7B%7D%5D&#8221; single_image=&#8221;26516&#8243; values=&#8221;%5B%7B%22tag_icon_title%22%3A%22h4%22%7D%5D&#8221;]<\/p>\n<h1>MultiSlim forno compatto<\/h1>\n<p>&nbsp;<\/p>\n<p>Hai poco spazio in cucina?<br \/>\nHai bisogno di ridurre i costi di gestione senza compromessi sulle prestazioni di cottura?<\/p>\n<p>Il nuovo <strong>forno compatto MultiSlim <\/strong> \u00e8 la soluzione perfetta per il tuo <strong>ristorante<\/strong> o <strong>bar<\/strong>.<\/p>\n<p>Combinando consumi idrici ridotti, massima efficienza e prestazioni versatili, MultiSlim \u00e8 il forno compatto, robusto e rispettoso dell&#8217;ambiente su cui puoi fare affidamento, ora con un&#8217;esperienza utente migliorata.[\/elx_text_image][elx_o2000_contact_us button_mode=&#8221;true&#8221; button_style=&#8221;secondary-bordered&#8221; postion_button=&#8221;text-left&#8221; postion_button_mobile=&#8221;text-left-mobile&#8221; text_btn_contact=&#8221;Contattaci&#8221;][\/vc_column][\/vc_row][vc_row full_width=&#8221;electroluxpro-full-width-no-padding&#8221;][vc_column css=&#8221;.vc_custom_1516182416648{padding-top: 40px !important;}&#8221;][elx_features_download title=&#8221;&#8221; title_position=&#8221;top&#8221; bg_row=&#8221;bg-row-light-blue&#8221; values=&#8221;%5B%7B%22select_type%22%3A%22link%22%2C%22link_download%22%3A%22url%3Ahttps%253A%252F%252Ftools.electroluxprofessional.com%252FMirror%252FDoc%252FBR%252FBR_BR-9JE00082_1_5_1_18_EPR_brochure_MultiSlim_EN_20251007_LR.pdf%253F_gl%253D1*1evpp8w*_up*MQ..*_ga*NzM4MDMxNTE4LjE3NjE4MTQzNzc.*_ga_MNVYVN9CET*czE3NjE4MTQzNzYkbzEkZzAkdDE3NjE4MTQzNzYkajYwJGwwJGgw*_ga_28J7B14W8H*czE3NjE4MTQzNzckbzEkZzAkdDE3NjE4MTQzNzckajYwJGwwJGgw%7Ctitle%3AMultiSlim%2520Forno%2520compatto%2520-%2520Brochure%2520e%2520ricette%7Ctarget%3A_blank%22%2C%22label_pride_document%22%3A%22MultiSlim%20Forno%20compatto%20-%20Brochure%20e%20ricette%22%2C%22document_type%22%3A%22brochures%22%7D%5D&#8221; discover=&#8221;%5B%7B%7D%5D&#8221; features=&#8221;%5B%7B%22icon_electroluxpro%22%3A%22elx-icon%20icon-circle-measurements-blue%22%2C%22title_icon%22%3A%22Compatto%22%2C%22tag_icon_title%22%3A%22h4%22%2C%22text_icon%22%3A%22Le%20dimensioni%20contenute%2C%20solo%20%3Cstrong%3E0%2C42%20m%3Csup%3E2%3C%2Fsup%3E%3C%2Fstrong%3E%2C%20rendono%20MultiSlim%20il%20forno%20compatto%20ideale%20per%20le%20cucine%20di%20piccole%20dimensioni.%5CnPorta%20con%20apertura%20a%20destra%20o%20a%20sinistra.%20Se%20il%20layout%20della%20tua%20cucina%20cambia%2C%20sostituisci%20semplicemente%20la%20porta%20in%20loco%20con%20una%20che%20si%20apre%20dall%E2%80%99altro%20lato.%22%7D%2C%7B%22icon_electroluxpro%22%3A%22elx-icon%20icon-modularity%22%2C%22title_icon%22%3A%22Robusto%22%2C%22tag_icon_title%22%3A%22h4%22%2C%22text_icon%22%3A%22Il%20forno%20compatto%20MultiSlim%20%C3%A8%20progettato%20per%20un%20utilizzo%20intensivo%20e%20a%20lungo%20termine.%20Con%20un%20peso%20di%20soli%2069%20kg%2C%20%C3%A8%20costruito%20con%20materiali%20di%20alta%20qualit%C3%A0.%22%7D%2C%7B%22icon_electroluxpro%22%3A%22elx-icon%20icon-circle-easy-blue%22%2C%22title_icon%22%3A%22Facile%22%2C%22tag_icon_title%22%3A%22h4%22%2C%22text_icon%22%3A%22Cottura%20perfetta%2C%20garantita%20servizio%20dopo%20servizio.%20%3Cstrong%3EL%E2%80%99intuitiva%20interfaccia%20touch%20screen%20da%205%5C%22%3C%2Fstrong%3E%20ti%20consente%20di%20creare%2C%20salvare%20e%20programmare%20oltre%20%3Cstrong%3E300%3C%2Fstrong%3E%20delle%20tue%20%3Cstrong%3Ericette%3C%2Fstrong%3E%20preferite.%22%7D%2C%7B%22icon_electroluxpro%22%3A%22elx-icon%20icon-tray%22%2C%22title_icon%22%3A%22Preciso%22%2C%22tag_icon_title%22%3A%22h4%22%2C%22text_icon%22%3A%22Possibilit%C3%A0%20di%20scegliere%20tra%20sonda%20a%201%20sensore%20o%20a%204%20sensori%20per%20una%20misurazione%20precisa%20della%20temperatura%20al%20cuore.%20Ideale%20per%20carne%2C%20pesce%20o%20pollame%20(disponibile%20come%20accessorio%20opzionale).%22%7D%2C%7B%22icon_electroluxpro%22%3A%22elx-icon%20icon-circle-clean-blue%22%2C%22title_icon%22%3A%22Pulito%22%2C%22tag_icon_title%22%3A%22h4%22%2C%22text_icon%22%3A%22Riduci%20al%20minimo%20la%20manutenzione%20grazie%20al%20lavaggio%20automatico.%20Ottimizza%20il%20tuo%20tempo%20lasciando%20che%20MultiSlim%20si%20occupi%20della%20pulizia.%20%3Cstrong%3ESistema%20di%20lavaggio%20automatico%3C%2Fstrong%3E%20con%203%20diversi%20programmi%2C%20detersivo%20autodosato%20e%20spegnimento%20automatico.%22%7D%5D&#8221;][\/elx_features_download][elx_features_download title=&#8221;&#8221; title_position=&#8221;top&#8221; bg_row=&#8221;bg-row-sustainability-green&#8221; values=&#8221;%5B%7B%22select_type%22%3A%22link%22%7D%5D&#8221; discover=&#8221;%5B%7B%7D%5D&#8221; features=&#8221;%5B%7B%22icon_electroluxpro%22%3A%22elx-icon%20icon-circle-savings-green-blue%22%2C%22title_icon%22%3A%22Green%22%2C%22tag_icon_title%22%3A%22h4%22%2C%22text_icon%22%3A%22Utilizzando%20fino%20al%20%3Cb%3E15%25%20di%20acqua%20in%20meno%3C%2Fb%3E*%20rispetto%20ai%20forni%20a%20iniezione%20standard%2C%20il%20forno%20compatto%20MultiSlim%20%C3%A8%20pi%C3%B9%20ecologico%20e%20consente%20di%20risparmiare%20sulle%20bollette.%5Cn%3Cbr%3E%3Csub%3E*rispetto%20al%20consumo%20orario%20dei%20forni%20a%20iniezione%20standard%20al%20massimo%20livello%20di%20umidit%C3%A0%3C%2Fsub%3E%22%7D%5D&#8221;][\/elx_features_download][\/vc_column][\/vc_row][vc_row][vc_column css=&#8221;.vc_custom_1516182416648{padding-top: 40px !important;}&#8221;][vc_empty_space][\/vc_column][\/vc_row][vc_row css=&#8221;.vc_custom_1516626289472{background-color: #eeeeee !important;}&#8221;][vc_column width=&#8221;1\/2&#8243;][vc_single_image image=&#8221;26510&#8243; img_size=&#8221;full&#8221;][\/vc_column][vc_column width=&#8221;1\/2&#8243;][vc_empty_space][elx_heading font_size=&#8221;h5&#8243; text_color=&#8221;inherit&#8221;]Il tuo menu a portata di mano[\/elx_heading][vc_column_text]Con la sua semplice interfaccia touch screen programmabile, il forno compatto MultiSlim consente di creare, salvare e caricare <strong>fino a 300 <\/strong><strong>ricette<\/strong>.[\/vc_column_text][\/vc_column][\/vc_row][vc_row][vc_column css=&#8221;.vc_custom_1516182416648{padding-top: 40px !important;}&#8221;][vc_empty_space][\/vc_column][\/vc_row][vc_row][vc_column][vc_empty_space][elx_heading font_size=&#8221;h3&#8243; text_color=&#8221;inherit&#8221;]Massimizza le prestazioni, minimizza i costi[\/elx_heading][vc_empty_space height=&#8221;10px&#8221;][vc_column_text]<span data-teams=\"true\">Spazio limitato e necessit\u00e0 di risparmiare sui costi di gestione? Scopri MultiSlim, la soluzione compatta tutto-in-uno che mantiene alte le prestazioni e bassi i costi. Scegli l&#8217;accessorio giusto.<\/span>[\/vc_column_text][vc_empty_space][\/vc_column][\/vc_row][vc_row][vc_column][vc_column_text]<\/p>\n<h3><strong>Ristorante<\/strong><\/h3>\n<p>[\/vc_column_text][vc_empty_space][vc_tta_tabs section_title_tag=&#8221;h1&#8243; active_section=&#8221;1&#8243;][vc_tta_section title=&#8221;Cr\u00e8me br\u00fbl\u00e9e&#8221; tab_id=&#8221;1760454486759-f8f11672-a360&#8243;][vc_row_inner][vc_column_inner][vc_empty_space][elx_heading font_container=&#8221;h4&#8243; font_size=&#8221;h4&#8243; text_color=&#8221;inherit&#8221;]Cr\u00e8me br\u00fbl\u00e9e dal gusto avvolgente[\/elx_heading][vc_empty_space][\/vc_column_inner][vc_column_inner width=&#8221;3\/4&#8243;][elx_text_image tag_title=&#8221;h3&#8243; style_image=&#8221;image_square&#8221; image_position=&#8221;image_left&#8221; columns_proportion=&#8221;three_fifth&#8221; bg_row=&#8221;bg-download-white&#8221; lists=&#8221;%5B%7B%22icon_electroluxpro%22%3A%22elx-icon%20icon-circle-thermometer-blue%22%2C%22title_list%22%3A%2282%20%C2%B0C%20livello%20di%20umidit%C3%A0%20100%25%22%7D%2C%7B%22icon_electroluxpro%22%3A%22elx-icon%20icon-circle-time-blue%22%2C%22title_list%22%3A%2230%20minuti%22%7D%2C%7B%22icon_electroluxpro%22%3A%22elx-icon%20icon-circle-hot-function%22%2C%22title_list%22%3A%222%20griglie%20(carico%20consigliato)%22%7D%2C%7B%22icon_electroluxpro%22%3A%22elx-icon%20icon-tray%22%2C%22title_list%22%3A%2230%20cocotte%20-%2080%20g%2Fcad.%22%7D%5D&#8221; values=&#8221;%5B%7B%22tag_icon_title%22%3A%22h4%22%7D%5D&#8221; single_image=&#8221;26517&#8243;]Non c&#8217;\u00e8 bisogno di avvolgere le griglie con la pellicola. L&#8217;elevata saturazione di vapore mantiene le tue cr\u00e8me br\u00fbl\u00e9e perfettamente cremose con la giusta consistenza.<br \/>\n<span style=\"color: #ffffff;\">.<\/span>[\/elx_text_image][\/vc_column_inner][vc_column_inner el_class=&#8221;text-center&#8221; width=&#8221;1\/4&#8243;][vc_single_image image=&#8221;26511&#8243; img_size=&#8221;300*300&#8243; alignment=&#8221;center&#8221;][vc_empty_space height=&#8221;15px&#8221;][vc_column_text]<\/p>\n<p style=\"text-align: center;\">Griglia singola in acciaio inox 304 (GN 1\/1)<\/p>\n<p>[\/vc_column_text][vc_empty_space height=&#8221;15px&#8221;][elx_button button_text=&#8221;ACQUISTA ORA&#8221; button_link=&#8221;url:https%3A%2F%2Fwww.electroluxprofessional.com%2Fit%2Frete-vendita-e-assistenza-tecnica-electrolux-professional-contatti%2F|title:Rete%20Vendita%20e%20Assistenza%20Tecnica&#8221;][\/vc_column_inner][\/vc_row_inner][\/vc_tta_section][vc_tta_section title=&#8221;Lasagne&#8221; tab_id=&#8221;1760456103502-f22d14b0-3385&#8243;][vc_row_inner][vc_column_inner][vc_empty_space][elx_heading font_container=&#8221;h4&#8243; font_size=&#8221;h4&#8243; text_color=&#8221;inherit&#8221;]Lasagne gratinate alla perfezione[\/elx_heading][vc_empty_space][\/vc_column_inner][vc_column_inner width=&#8221;3\/4&#8243;][elx_text_image tag_title=&#8221;h3&#8243; style_image=&#8221;image_square&#8221; image_position=&#8221;image_left&#8221; columns_proportion=&#8221;three_fifth&#8221; bg_row=&#8221;bg-download-white&#8221; lists=&#8221;%5B%7B%22icon_electroluxpro%22%3A%22elx-icon%20icon-circle-thermometer-blue%22%2C%22title_list%22%3A%22190%20%C2%B0C%20umidit%C3%A0%2010%25%22%7D%2C%7B%22icon_electroluxpro%22%3A%22elx-icon%20icon-circle-time-blue%22%2C%22title_list%22%3A%2225%20minuti%22%7D%2C%7B%22icon_electroluxpro%22%3A%22elx-icon%20icon-circle-hot-function%22%2C%22title_list%22%3A%222%20teglie%20(carico%20consigliato)%22%7D%2C%7B%22icon_electroluxpro%22%3A%22elx-icon%20icon-tray%22%2C%22title_list%22%3A%2236%20porzioni%20-%20150%20g%2Fcad.%22%7D%5D&#8221; values=&#8221;%5B%7B%22tag_icon_title%22%3A%22h4%22%7D%5D&#8221; single_image=&#8221;26518&#8243;]Aggiungi un po&#8217; di vapore mentre gratini per ottenere una deliziosa gratinatura dorata.<br \/>\n<span style=\"color: #ffffff;\">.<\/span>[\/elx_text_image][\/vc_column_inner][vc_column_inner el_class=&#8221;text-center&#8221; width=&#8221;1\/4&#8243;][vc_single_image image=&#8221;26512&#8243; img_size=&#8221;300*300&#8243; alignment=&#8221;center&#8221;][vc_empty_space height=&#8221;15px&#8221;][vc_column_text]<\/p>\n<p style=\"text-align: center;\">Teglia U-pan antiaderente h. 60 mm (GN 1\/1)<\/p>\n<p>[\/vc_column_text][vc_empty_space height=&#8221;15px&#8221;][elx_button button_text=&#8221;ACQUISTA ORA&#8221; button_link=&#8221;url:https%3A%2F%2Fwww.electroluxprofessional.com%2Fit%2Frete-vendita-e-assistenza-tecnica-electrolux-professional-contatti%2F|title:Rete%20Vendita%20e%20Assistenza%20Tecnica&#8221;][\/vc_column_inner][\/vc_row_inner][\/vc_tta_section][vc_tta_section title=&#8221;Patate&#8221; tab_id=&#8221;1760456216041-aca76d4e-13f8&#8243;][vc_row_inner][vc_column_inner][vc_empty_space][elx_heading font_container=&#8221;h4&#8243; font_size=&#8221;h4&#8243; text_color=&#8221;inherit&#8221;]Patate al vapore dalla cottura impeccabile[\/elx_heading][vc_empty_space][\/vc_column_inner][vc_column_inner width=&#8221;3\/4&#8243;][elx_text_image tag_title=&#8221;h3&#8243; style_image=&#8221;image_square&#8221; image_position=&#8221;image_left&#8221; columns_proportion=&#8221;three_fifth&#8221; bg_row=&#8221;bg-download-white&#8221; lists=&#8221;%5B%7B%22icon_electroluxpro%22%3A%22elx-icon%20icon-circle-thermometer-blue%22%2C%22title_list%22%3A%22100%20%C2%B0C%20umidit%C3%A0%20100%25%22%7D%2C%7B%22icon_electroluxpro%22%3A%22elx-icon%20icon-circle-time-blue%22%2C%22title_list%22%3A%2245%20minuti%22%7D%2C%7B%22icon_electroluxpro%22%3A%22elx-icon%20icon-circle-hot-function%22%2C%22title_list%22%3A%223%20cesti%20(carico%20consigliato)%20-%203%20kg%2Fcad.%22%7D%2C%7B%22icon_electroluxpro%22%3A%22elx-icon%20icon-tray%22%2C%22title_list%22%3A%2290%20porzioni%20-%209%20kg%20totali%22%7D%5D&#8221; values=&#8221;%5B%7B%22tag_icon_title%22%3A%22h4%22%7D%5D&#8221; single_image=&#8221;26519&#8243;]Cuoci a vapore le patate, quindi condiscile e servile oppure rifiniscile al forno per un effetto croccante.<br \/>\n<span style=\"color: #ffffff;\">.<\/span>[\/elx_text_image][\/vc_column_inner][vc_column_inner el_class=&#8221;text-center&#8221; width=&#8221;1\/4&#8243;][vc_single_image image=&#8221;26513&#8243; img_size=&#8221;300*300&#8243; alignment=&#8221;center&#8221;][vc_empty_space height=&#8221;15px&#8221;][vc_column_text]<\/p>\n<p style=\"text-align: center;\">Coppia di cesti per friggere (GN 1\/1)<\/p>\n<p>[\/vc_column_text][vc_empty_space height=&#8221;15px&#8221;][elx_button button_text=&#8221;ACQUISTA ORA&#8221; button_link=&#8221;url:https%3A%2F%2Fwww.electroluxprofessional.com%2Fit%2Frete-vendita-e-assistenza-tecnica-electrolux-professional-contatti%2F|title:Rete%20Vendita%20e%20Assistenza%20Tecnica&#8221;][\/vc_column_inner][\/vc_row_inner][\/vc_tta_section][\/vc_tta_tabs][vc_column_text]<\/p>\n<h3><strong>Bar, Bistrot, Caffetteria<\/strong><\/h3>\n<p>[\/vc_column_text][vc_empty_space][vc_tta_tabs section_title_tag=&#8221;h3&#8243; active_section=&#8221;1&#8243;][vc_tta_section title=&#8221;Pane&#8221; tab_id=&#8221;1761118352875-de5762d6-8352&#8243;][vc_row_inner][vc_column_inner][vc_empty_space][elx_heading font_container=&#8221;h4&#8243; font_size=&#8221;h4&#8243; text_color=&#8221;inherit&#8221;]Pane croccante appena sfornato[\/elx_heading][vc_empty_space][\/vc_column_inner][vc_column_inner width=&#8221;3\/4&#8243;][elx_text_image tag_title=&#8221;h3&#8243; style_image=&#8221;image_square&#8221; image_position=&#8221;image_left&#8221; columns_proportion=&#8221;three_fifth&#8221; bg_row=&#8221;bg-download-white&#8221; lists=&#8221;%5B%7B%22icon_electroluxpro%22%3A%22elx-icon%20icon-circle-thermometer-blue%22%2C%22title_list%22%3A%22190%20%C2%B0C%20convezione%22%7D%2C%7B%22icon_electroluxpro%22%3A%22elx-icon%20icon-circle-time-blue%22%2C%22title_list%22%3A%2215%20minuti%22%7D%2C%7B%22icon_electroluxpro%22%3A%22elx-icon%20icon-circle-hot-function%22%2C%22title_list%22%3A%223%20teglie%20(carico%20consigliato)%20-%204%20baguettes%2Fcad.%22%7D%2C%7B%22icon_electroluxpro%22%3A%22elx-icon%20icon-tray%22%2C%22title_list%22%3A%2212%20baguettes%22%7D%5D&#8221; values=&#8221;%5B%7B%22tag_icon_title%22%3A%22h4%22%7D%5D&#8221; single_image=&#8221;26520&#8243;]Il modo pi\u00f9 semplice per cuocere il pane in soli 15 minuti.<br \/>\n<span style=\"color: #ffffff;\">.<\/span>[\/elx_text_image][\/vc_column_inner][vc_column_inner el_class=&#8221;text-center&#8221; width=&#8221;1\/4&#8243;][vc_single_image image=&#8221;26514&#8243; img_size=&#8221;300*300&#8243; alignment=&#8221;center&#8221;][vc_empty_space height=&#8221;15px&#8221;][vc_column_text]<\/p>\n<p style=\"text-align: center;\">Teglia per 4 baguettes antiaderente (GN 1\/1)<\/p>\n<p>[\/vc_column_text][vc_empty_space height=&#8221;15px&#8221;][elx_button button_text=&#8221;ACQUISTA ORA&#8221; button_link=&#8221;url:https%3A%2F%2Fwww.electroluxprofessional.com%2Fit%2Frete-vendita-e-assistenza-tecnica-electrolux-professional-contatti%2F|title:Rete%20Vendita%20e%20Assistenza%20Tecnica&#8221;][\/vc_column_inner][vc_column_inner][\/vc_column_inner][\/vc_row_inner][\/vc_tta_section][vc_tta_section title=&#8221;Filetti di pollo&#8221; tab_id=&#8221;1761124247492-29073517-30db&#8221;][vc_row_inner][vc_column_inner][vc_empty_space][elx_heading font_container=&#8221;h4&#8243; font_size=&#8221;h4&#8243; text_color=&#8221;inherit&#8221;]Filetti di pollo impanati e croccanti[\/elx_heading][vc_empty_space][\/vc_column_inner][vc_column_inner width=&#8221;3\/4&#8243;][elx_text_image tag_title=&#8221;h3&#8243; style_image=&#8221;image_square&#8221; image_position=&#8221;image_left&#8221; columns_proportion=&#8221;three_fifth&#8221; bg_row=&#8221;bg-download-white&#8221; lists=&#8221;%5B%7B%22icon_electroluxpro%22%3A%22elx-icon%20icon-circle-thermometer-blue%22%2C%22text_list%22%3A%22%3Cstrong%3E210%20%C2%B0C%20convezione%3C%2Fstrong%3E%22%7D%2C%7B%22icon_electroluxpro%22%3A%22elx-icon%20icon-circle-time-blue%22%2C%22text_list%22%3A%22%3Cstrong%3E6%20minuti%3C%2Fstrong%3E%22%7D%2C%7B%22icon_electroluxpro%22%3A%22elx-icon%20icon-circle-hot-function%22%2C%22text_list%22%3A%22%3Cstrong%3E2%20teglie%20(carico%20consigliato)%3C%2Fstrong%3E%22%7D%2C%7B%22icon_electroluxpro%22%3A%22elx-icon%20icon-tray%22%2C%22text_list%22%3A%22%3Cstrong%3E12%20pezzi%20-%20140%20g%2Fcad.%3C%2Fstrong%3E%22%7D%5D&#8221; values=&#8221;%5B%7B%22tag_icon_title%22%3A%22h4%22%7D%5D&#8221; single_image=&#8221;26521&#8243;]Friggere in modo gustoso, con pochi grassi e in grandi quantit\u00e0 \u00e8 semplice grazie alle nostre teglie appositamente progettate.<br \/>\n<span style=\"color: #ffffff;\">.<\/span>[\/elx_text_image][\/vc_column_inner][vc_column_inner el_class=&#8221;text-center&#8221; width=&#8221;1\/4&#8243;][vc_single_image image=&#8221;26512&#8243; img_size=&#8221;300*300&#8243; alignment=&#8221;center&#8221;][vc_empty_space height=&#8221;15px&#8221;][vc_column_text]<\/p>\n<p style=\"text-align: center;\">Teglia U-pan antiaderente h. 20 mm (GN 1\/1)<\/p>\n<p>[\/vc_column_text][vc_empty_space height=&#8221;15px&#8221;][elx_button button_text=&#8221;ACQUISTA ORA&#8221; button_link=&#8221;url:https%3A%2F%2Fwww.electroluxprofessional.com%2Fit%2Frete-vendita-e-assistenza-tecnica-electrolux-professional-contatti%2F|title:Rete%20Vendita%20e%20Assistenza%20Tecnica&#8221;][\/vc_column_inner][\/vc_row_inner][\/vc_tta_section][vc_tta_section title=&#8221;Salmone&#8221; tab_id=&#8221;1761118353881-942f45ae-e13c&#8221;][vc_row_inner][vc_column_inner][vc_empty_space][elx_heading font_container=&#8221;h4&#8243; font_size=&#8221;h4&#8243; text_color=&#8221;inherit&#8221;]Salmone alla griglia veloce e uniforme[\/elx_heading][vc_empty_space][\/vc_column_inner][vc_column_inner width=&#8221;3\/4&#8243;][elx_text_image tag_title=&#8221;h3&#8243; style_image=&#8221;image_square&#8221; image_position=&#8221;image_left&#8221; columns_proportion=&#8221;three_fifth&#8221; bg_row=&#8221;bg-download-white&#8221; lists=&#8221;%5B%7B%22icon_electroluxpro%22%3A%22elx-icon%20icon-circle-thermometer-blue%22%2C%22text_list%22%3A%22%3Cstrong%3E260%20%C2%B0C%20convezione%3C%2Fstrong%3E%22%7D%2C%7B%22icon_electroluxpro%22%3A%22elx-icon%20icon-circle-time-blue%22%2C%22text_list%22%3A%22%3Cstrong%3E5%20minuti%3C%2Fstrong%3E%22%7D%2C%7B%22icon_electroluxpro%22%3A%22elx-icon%20icon-circle-hot-function%22%2C%22text_list%22%3A%22%3Cstrong%3E3%20griglie%20(carico%20consigliato)%3C%2Fstrong%3E%22%7D%2C%7B%22icon_electroluxpro%22%3A%22elx-icon%20icon-tray%22%2C%22text_list%22%3A%22%3Cstrong%3E24%20pezzi%20-%20100%20g%2Fcad.%3C%2Fstrong%3E%22%7D%5D&#8221; values=&#8221;%5B%7B%22tag_icon_title%22%3A%22h4%22%7D%5D&#8221; single_image=&#8221;26522&#8243;]Accelera i tempi di cottura e riduci fumo e odori con la grigliatura in forno. Griglia uniformemente le verdure in soli 12 minuti a 270\u00b0C in modalit\u00e0 convezione.<br \/>\n<span style=\"color: #ffffff;\">.<\/span>[\/elx_text_image][\/vc_column_inner][vc_column_inner el_class=&#8221;text-center&#8221; width=&#8221;1\/4&#8243;][vc_single_image image=&#8221;26515&#8243; img_size=&#8221;300*300&#8243; alignment=&#8221;center&#8221;][vc_empty_space height=&#8221;15px&#8221;][vc_column_text]<\/p>\n<p style=\"text-align: center;\">Griglia antiaderente (GN 1\/1)<\/p>\n<p>[\/vc_column_text][vc_empty_space height=&#8221;15px&#8221;][elx_button button_text=&#8221;ACQUISTA ORA&#8221; button_link=&#8221;url:https%3A%2F%2Fwww.electroluxprofessional.com%2Fit%2Frete-vendita-e-assistenza-tecnica-electrolux-professional-contatti%2F|title:Rete%20Vendita%20e%20Assistenza%20Tecnica&#8221;][\/vc_column_inner][\/vc_row_inner][\/vc_tta_section][\/vc_tta_tabs][\/vc_column][\/vc_row][vc_row][vc_column][vc_empty_space height=&#8221;60px&#8221;][elx_heading font_size=&#8221;h3&#8243; text_color=&#8221;inherit&#8221; text_align=&#8221;text-center&#8221;]Contattaci per ricevere maggiori informazioni sul<br \/>\nforno compatto MultiSlim[\/elx_heading][vc_empty_space height=&#8221;15px&#8221;][elx_o2000_contact_us s=&#8221;Richiesta da sito: MultiSlim&#8221; country=&#8221;Italy&#8221; b=&#8221;food&#8221; r=&#8221;Vorrei saperne di pi\u00f9 sul forno compatto MultiSlim.&#8221; l=&#8221;en&#8221;][vc_empty_space][\/vc_column][\/vc_row][vc_row][vc_column][vc_empty_space height=&#8221;62px&#8221;][\/vc_column][\/vc_row][vc_row css=&#8221;.vc_custom_1517485643770{background-color: #eeeeee !important;}&#8221;][vc_column][elx_heading font_size=&#8221;h3&#8243; text_color=&#8221;inherit&#8221;]Scopri la soluzione completa per la tua attivit\u00e0[\/elx_heading][vc_row_inner css=&#8221;.vc_custom_1517485631687{background-color: #eeeeee !important;}&#8221;][vc_column_inner width=&#8221;1\/3&#8243;][elx_maylike_box id_box=&#8221;2801&#8243;][\/vc_column_inner][vc_column_inner width=&#8221;1\/3&#8243;][elx_maylike_box id_box=&#8221;2320&#8243;][\/vc_column_inner][vc_column_inner width=&#8221;1\/3&#8243;][elx_maylike_box id_box=&#8221;2819&#8243;][\/vc_column_inner][\/vc_row_inner][\/vc_column][\/vc_row]<\/p>\n","protected":false},"excerpt":{"rendered":"<p>[vc_row full_width=&#8221;electroluxpro-full-width-no-padding&#8221;][vc_column][vc_single_image image=&#8221;26509&#8243; img_size=&#8221;2100&#215;400&#8243; alignment=&#8221;center&#8221;][\/vc_column][\/vc_row][vc_row disable_element=&#8221;yes&#8221;][vc_column][vc_empty_space][elx_heading font_container=&#8221;h1&#8243; font_size=&#8221;h3&#8243; text_color=&#8221;inherit&#8221;]MultiSlim forno compatto[\/elx_heading][vc_empty_space][\/vc_column][\/vc_row][vc_row][vc_column][vc_empty_space][elx_text_image tag_title=&#8221;h1&#8243; class_title=&#8221;h1&#8243; style_image=&#8221;image_square&#8221; bg_row=&#8221;bg-download-white&#8221; lists=&#8221;%5B%7B%7D%5D&#8221; single_image=&#8221;26516&#8243; values=&#8221;%5B%7B%22tag_icon_title%22%3A%22h4%22%7D%5D&#8221;] MultiSlim forno compatto &nbsp; Hai poco spazio in cucina? Hai bisogno di ridurre i costi di gestione senza compromessi sulle prestazioni di cottura? Il nuovo forno compatto MultiSlim \u00e8 la soluzione perfetta per il tuo ristorante o [&hellip;]<\/p>\n","protected":false},"author":1036,"featured_media":0,"parent":2288,"menu_order":0,"comment_status":"closed","ping_status":"closed","template":"","meta":{"footnotes":""},"class_list":["post-26523","page","type-page","status-publish","hentry"],"acf":[],"_links":{"self":[{"href":"https:\/\/www.electroluxprofessional.com\/it\/wp-json\/wp\/v2\/pages\/26523"}],"collection":[{"href":"https:\/\/www.electroluxprofessional.com\/it\/wp-json\/wp\/v2\/pages"}],"about":[{"href":"https:\/\/www.electroluxprofessional.com\/it\/wp-json\/wp\/v2\/types\/page"}],"author":[{"embeddable":true,"href":"https:\/\/www.electroluxprofessional.com\/it\/wp-json\/wp\/v2\/users\/1036"}],"replies":[{"embeddable":true,"href":"https:\/\/www.electroluxprofessional.com\/it\/wp-json\/wp\/v2\/comments?post=26523"}],"version-history":[{"count":42,"href":"https:\/\/www.electroluxprofessional.com\/it\/wp-json\/wp\/v2\/pages\/26523\/revisions"}],"predecessor-version":[{"id":27262,"href":"https:\/\/www.electroluxprofessional.com\/it\/wp-json\/wp\/v2\/pages\/26523\/revisions\/27262"}],"up":[{"embeddable":true,"href":"https:\/\/www.electroluxprofessional.com\/it\/wp-json\/wp\/v2\/pages\/2288"}],"wp:attachment":[{"href":"https:\/\/www.electroluxprofessional.com\/it\/wp-json\/wp\/v2\/media?parent=26523"}],"curies":[{"name":"wp","href":"https:\/\/api.w.org\/{rel}","templated":true}]}}