{"id":25808,"date":"2025-08-19T10:17:24","date_gmt":"2025-08-19T10:17:24","guid":{"rendered":"https:\/\/www.electroluxprofessional.com\/it\/?page_id=25808"},"modified":"2025-10-16T07:15:27","modified_gmt":"2025-10-16T07:15:27","slug":"detergenti-per-forni-skyline","status":"publish","type":"page","link":"https:\/\/www.electroluxprofessional.com\/it\/detergenti-per-forni-skyline\/","title":{"rendered":"Detergenti per forni SkyLine"},"content":{"rendered":"<p>[vc_row full_width=&#8221;electroluxpro-full-width-no-padding&#8221;][vc_column][elx_hero_title title_color=&#8221;electrolux-blue&#8221; label=&#8221;&#8221; label_background_color=&#8221;inherit&#8221; background_image=&#8221;20849&#8243;][\/elx_hero_title][\/vc_column][\/vc_row][vc_row][vc_column][vc_empty_space height=&#8221;50px&#8221;][elx_text_image tag_title=&#8221;h1&#8243; class_title=&#8221;h1&#8243; style_image=&#8221;image_square&#8221; title_position=&#8221;top&#8221; bg_row=&#8221;bg-download-white&#8221; lists=&#8221;%5B%7B%7D%5D&#8221; values=&#8221;%5B%7B%7D%5D&#8221; single_image=&#8221;20853&#8243;]<\/p>\n<h1>Detergenti per forni SkyLine<\/h1>\n<p>&nbsp;<\/p>\n<p><strong>Maggiore durata<\/strong> e <strong>prestazioni ottimali<\/strong> dei forni combi SkyLine solo con detergenti Electrolux Professional <strong>privi di fosfati, fosforo e acido maleico<\/strong>.[\/elx_text_image][\/vc_column][\/vc_row][vc_row][vc_column][elx_features_download title=&#8221;Ci prendiamo cura delle tue attrezzature&#8221; tag_title=&#8221;h2&#8243; class_title=&#8221;h3&#8243; bg_row=&#8221;bg-download-white&#8221; values=&#8221;%5B%7B%22select_type%22%3A%22pride%22%2C%22label_pride_document%22%3A%22SkyLine%20Combi%20Oven%20Detergents%20leaflet%22%2C%22document_type%22%3A%22leaflets%22%2C%22le_document_number%22%3A%22CLF-9JE00229%22%7D%5D&#8221; discover=&#8221;%5B%7B%7D%5D&#8221; features=&#8221;%5B%7B%7D%5D&#8221;]<\/p>\n<p style=\"text-align: left;\">I prodotti Electrolux Professional per la pulizia e la decalcificazione sono stati specificamente sviluppati per i forni SkyLine.<br \/>\nL\u2019utilizzo regolare di questi prodotti assicura la pulizia e l\u2019igienizzazione delle tue apparecchiature, garantendo al tempo stesso prestazioni di livello e conformit\u00e0 alle condizioni di garanzia.\u200b<br \/>\nLa nuova formula delle pastiglie <strong>C25 <\/strong>\u00e8 stata creata pensando alla sicurezza. Ora <strong>senza acido maleico<\/strong>.<\/p>\n<p>[\/elx_features_download][vc_empty_space][\/vc_column][\/vc_row][vc_row css=&#8221;.vc_custom_1750326862319{background-color: #c4d69a !important;}&#8221;][vc_column width=&#8221;2\/3&#8243;][vc_empty_space][vc_row_inner full_width=&#8221;electroluxpro-full-width-no-padding&#8221;][vc_column_inner width=&#8221;2\/12&#8243;][elx_icons icon_size=&#8221;elx-icon-medium&#8221; alignment=&#8221;left&#8221; icon_electroluxpro=&#8221;elx-icon icon-leaves&#8221;][\/vc_column_inner][vc_column_inner width=&#8221;1\/12&#8243;][vc_empty_space][\/vc_column_inner][vc_column_inner width=&#8221;9\/12&#8243;][vc_column_text]<\/p>\n<h3>Risparmio di acqua e detergente<\/h3>\n<p>Scopri una pulizia pi\u00f9 intelligente: fino al\u00a0<strong>33% di acqua in meno<\/strong>\u00a0e\u00a0<strong>22% di detergente in meno<\/strong>\u00a0rispetto ai modelli precedenti (calcolo basato su forno 10 GN 1\/1).<\/p>\n<p>Grazie ai nuovi cicli di lavaggio, il forno SkyLine ti permette di risparmiare fino al\u00a0<strong>33% di acqua<\/strong>,\u00a0<strong>43% di detergente<\/strong>\u00a0e\u00a0<strong>25% di energia<\/strong>\u00a0\u2014 garantendo prestazioni elevate con costi operativi significativamente ridotti.*<\/p>\n<p style=\"font-size: 13px; line-height: 15px; color: #707070;\">*Calcoli basati su test interno condotto presso il laboratorio di Electrolux Professional confrontando il nuovo forno combi SkyLine 20 GN 1\/1 elettrico con boiler con il modello precedente.<\/p>\n<p>[\/vc_column_text][\/vc_column_inner][\/vc_row_inner][vc_empty_space][\/vc_column][vc_column width=&#8221;1\/3&#8243;][vc_empty_space height=&#8221;50px&#8221;][vc_single_image image=&#8221;25667&#8243; img_size=&#8221;medium&#8221; alignment=&#8221;center&#8221;][\/vc_column][\/vc_row][vc_row full_width=&#8221;electroluxpro-full-width-no-padding&#8221;][vc_column][elx_features_download title=&#8221;&#8221; title_position=&#8221;top&#8221; bg_row=&#8221;bg-download-white&#8221; values=&#8221;%5B%7B%22select_type%22%3A%22link%22%7D%5D&#8221; discover=&#8221;%5B%7B%7D%5D&#8221; features=&#8221;%5B%7B%22icon_electroluxpro%22%3A%22elx-icon%20icon-50-running-costs-saving%22%2C%22title_icon%22%3A%22-50%25%20sui%20costi%20di%20gestione%22%2C%22text_icon%22%3A%22Risparmia%20fino%20al%2050%25%20sui%20costi%20di%20gestione%20con%20i%20cicli%20di%20lavaggio%20Eco!*%5Cn%3Cbr%3E%5Cn%3Cbr%3E%3Cp%20style%3D%5C%22font-size%3A%20small%3B%20style%3D%5C%22color%3A%20%23808080%3B%5C%22%3E*Calcolo%20basato%20su%20test%20interni%20condotti%20presso%20il%20laboratorio%20Electrolux%20Professional%20su%20un%20forno%20SkyLine%20PremiumS%20elettrico%2010%20GN%201%2F1%2C%20confrontando%20il%20ciclo%20Intensivo%20Standard%20con%20il%20ciclo%20Intensivo%20Eco%2C%20con%20tutte%20le%20funzionalit%C3%A0%20green%20attivate.%20Il%20test%20%C3%A8%20stato%20eseguito%20utilizzando%20come%20riferimento%20i%20costi%202025%20in%20Italia%20di%20acqua%2C%20energia%20e%20detergente.%3C%2Fp%3E%22%7D%5D&#8221;][\/elx_features_download][\/vc_column][\/vc_row][vc_row][vc_column][vc_empty_space][vc_column_text]<\/p>\n<h2 style=\"text-align: center;\">Detergenti solidi o liquidi:<br \/>\na te la scelta!<\/h2>\n<p>[\/vc_column_text][vc_empty_space height=&#8221;15px&#8221;][vc_column_text]<\/p>\n<p style=\"text-align: center;\">La generazione di forni SkyLine offre una flessibilit\u00e0 straordinaria grazie a 2 diverse tipologie di detergente: solido, per una pulizia pi\u00f9 intensa e liquido, per una maggiore flessibilit\u00e0.<\/p>\n<p>[\/vc_column_text][vc_empty_space height=&#8221;50px&#8221;]<div class=\"elx-accordion \">    <div class=\"elx-accordion-heading\">        <a class=\"elx-accordion-link elx-accordion-open\">            <h4 class=\" elx-accordion-title\">                Detergenti solidi                <img decoding=\"async\" src=\"https:\/\/www.electroluxprofessional.com\/it\/wp-content\/themes\/electroluxpro\/assets\/epr-icon-minus-blue.svg\" class=\"elx-minus\" \/>                <img decoding=\"async\" src=\"https:\/\/www.electroluxprofessional.com\/it\/wp-content\/themes\/electroluxpro\/assets\/epr-icon-plus-blue.svg\" class=\"elx-plus elx-hidden\" \/>            <\/h4>        <\/a>    <\/div>    <div class=\"elx-accordion-body elx-accordion-open\"><p>[vc_row_inner][vc_column_inner][vc_empty_space][vc_column_text]<\/p>\n<div class=\"vc_row wpb_row vc_row-fluid vc_custom_1646817129145 vc_row-has-fill containered bg-download-white\">\n<div class=\"container\">\n<div class=\"row\">\n<div class=\"wpb_column vc_column_container vc_col-sm-12\">\n<div class=\"vc_column-inner\">\n<div class=\"wpb_wrapper wow fadeIn\">\n<div class=\"wpb_text_column wpb_content_element\">\n<div class=\"\">\n<p>Ideali per tutti i tipi di cottura e per lo sporco ostinato<\/p>\n<\/div>\n<\/div>\n<\/div>\n<\/div>\n<\/div>\n<\/div>\n<\/div>\n<\/div>\n<p>[\/vc_column_text][\/vc_column_inner][vc_column_inner width=&#8221;1\/3&#8243;][vc_single_image image=&#8221;20857&#8243; img_size=&#8221;large&#8221; alignment=&#8221;center&#8221; css=&#8221;.vc_custom_1646837416524{padding-right: 50px !important;padding-left: 50px !important;}&#8221;][\/vc_column_inner][vc_column_inner width=&#8221;1\/3&#8243;][vc_empty_space css=&#8221;.vc_custom_1646832194442{padding-top: 32px !important;}&#8221;][elx_text_image style_image=&#8221;image_square&#8221; image_position=&#8221;image_left&#8221; columns_proportion=&#8221;half&#8221; bg_row=&#8221;bg-download-white&#8221; lists=&#8221;%5B%7B%7D%5D&#8221; values=&#8221;%5B%7B%7D%5D&#8221; single_image=&#8221;20858&#8243;]<\/p>\n<h2><span style=\"color: #993a3a; font-size: 50px;\">C22<\/span><\/h2>\n<p>Cleaning Tab[\/elx_text_image][vc_empty_space css=&#8221;.vc_custom_1646825202514{border-bottom-width: 1px !important;padding-top: 32px !important;border-bottom-color: #707070 !important;border-bottom-style: solid !important;}&#8221;][vc_empty_space css=&#8221;.vc_custom_1646832194442{padding-top: 32px !important;}&#8221;][elx_text_image style_image=&#8221;image_square&#8221; image_position=&#8221;image_left&#8221; columns_proportion=&#8221;half&#8221; bg_row=&#8221;bg-download-white&#8221; lists=&#8221;%5B%7B%7D%5D&#8221; values=&#8221;%5B%7B%7D%5D&#8221; single_image=&#8221;20859&#8243;]<\/p>\n<h2><span style=\"color: #14133b; font-size: 50px;\">C25<\/span><\/h2>\n<p>Rinse &amp; Descale Tab[\/elx_text_image][vc_empty_space][\/vc_column_inner][vc_column_inner width=&#8221;1\/3&#8243;][vc_empty_space height=&#8221;64px&#8221; css=&#8221;.vc_custom_1755607368036{padding-top: 32px !important;}&#8221; el_class=&#8221;100-max991-empty-space1&#8243;][elx_text_image style_image=&#8221;image_square&#8221; image_position=&#8221;image_left&#8221; bg_row=&#8221;bg-download-white&#8221; lists=&#8221;%5B%7B%7D%5D&#8221; values=&#8221;%5B%7B%7D%5D&#8221; single_image=&#8221;20860&#8243;]<\/p>\n<h5>Detergente<\/h5>\n<p>[\/elx_text_image][vc_empty_space height=&#8221;69px&#8221; css=&#8221;.vc_custom_1755607377390{border-bottom-width: 1px !important;border-bottom-color: #707070 !important;border-bottom-style: solid !important;}&#8221; el_class=&#8221;100-max991-empty-space2&#8243;][vc_empty_space height=&#8221;62px&#8221; css=&#8221;.vc_custom_1646844871882{padding-top: 32px !important;}&#8221; el_class=&#8221;100-max991-empty-space3&#8243;][elx_text_image style_image=&#8221;image_square&#8221; image_position=&#8221;image_left&#8221; bg_row=&#8221;bg-download-white&#8221; lists=&#8221;%5B%7B%7D%5D&#8221; values=&#8221;%5B%7B%7D%5D&#8221; single_image=&#8221;20861&#8243;]<\/p>\n<h5>Brillantante e disincrostante<\/h5>\n<p>[\/elx_text_image][vc_empty_space][\/vc_column_inner][vc_column_inner width=&#8221;6\/12&#8243;][elx_text_image style_image=&#8221;image_square&#8221; image_position=&#8221;image_left&#8221; bg_row=&#8221;bg-download-white&#8221; lists=&#8221;%5B%7B%7D%5D&#8221; single_image=&#8221;20858&#8243; values=&#8221;%5B%7B%7D%5D&#8221;]<span style=\"color: #14133b; font-size: 30px;\">C22 <\/span> <span style=\"color: #14133b;\">Cleaning tab <\/span><br \/>\nDetergente in pastiglie monouso per forni. Garantisce una pulizia ottimale perfino nelle condizioni pi\u00f9 difficili.[\/elx_text_image][vc_empty_space height=&#8221;35px&#8221;][\/vc_column_inner][vc_column_inner width=&#8221;6\/12&#8243;][elx_text_image style_image=&#8221;image_vertical&#8221; image_position=&#8221;image_left&#8221; bg_row=&#8221;bg-download-white&#8221; lists=&#8221;%5B%7B%7D%5D&#8221; values=&#8221;%5B%7B%7D%5D&#8221; single_image=&#8221;25805&#8243;]<span style=\"color: #14133b; font-size: 30px;\">C25 <\/span> <span style=\"color: #14133b;\"> Rinse &amp; Descale tab<\/span><br \/>\nBrillantante e disincrostante in pastiglie monouso per forni. Soluzione 2 in 1 per i migliori risultati in termini di brillantezza e rimozione dei depositi di calcare.<\/p>\n<p>La nuova formula delle pastiglie\u00a0C25\u00a0\u00e8 stata creata pensando alla sicurezza. Ora\u00a0<strong>senza acido maleico<\/strong>.[\/elx_text_image][vc_empty_space height=&#8221;15px&#8221; el_class=&#8221;100-max991-empty-space7&#8243;][\/vc_column_inner][vc_column_inner][vc_empty_space][\/vc_column_inner][vc_column_inner width=&#8221;1\/4&#8243;][vc_empty_space][\/vc_column_inner][vc_column_inner width=&#8221;1\/4&#8243;][elx_icons icon_size=&#8221;elx-icon-large&#8221; icon_electroluxpro=&#8221;elx-icon icon-phosphate-free&#8221;][\/vc_column_inner][vc_column_inner width=&#8221;1\/4&#8243;][elx_icons icon_size=&#8221;elx-icon-large&#8221; icon_electroluxpro=&#8221;elx-icon icon-phosphorous-free&#8221;][\/vc_column_inner][vc_column_inner width=&#8221;1\/4&#8243;][\/vc_column_inner][\/vc_row_inner][vc_empty_space]<\/p>\n    <\/div><\/div><div class=\"elx-accordion \">    <div class=\"elx-accordion-heading\">        <a class=\"elx-accordion-link elx-accordion-open\">            <h4 class=\" elx-accordion-title\">                Detergenti liquidi                <img decoding=\"async\" src=\"https:\/\/www.electroluxprofessional.com\/it\/wp-content\/themes\/electroluxpro\/assets\/epr-icon-minus-blue.svg\" class=\"elx-minus\" \/>                <img decoding=\"async\" src=\"https:\/\/www.electroluxprofessional.com\/it\/wp-content\/themes\/electroluxpro\/assets\/epr-icon-plus-blue.svg\" class=\"elx-plus elx-hidden\" \/>            <\/h4>        <\/a>    <\/div>    <div class=\"elx-accordion-body elx-accordion-open\"><p>[vc_column_text]<\/p>\n<div class=\"wpb_text_column wpb_content_element\">\n<div class=\"\">\n<p>Ideali per sporco di medio-alto livello<\/p>\n<\/div>\n<\/div>\n<p>[\/vc_column_text][vc_row_inner][vc_column_inner width=&#8221;1\/3&#8243;][vc_single_image image=&#8221;20862&#8243; img_size=&#8221;full&#8221; alignment=&#8221;center&#8221; css=&#8221;.vc_custom_1750403769063{padding-right: 30px !important;padding-left: 30px !important;}&#8221;][\/vc_column_inner][vc_column_inner width=&#8221;1\/3&#8243;][vc_empty_space height=&#8221;37px&#8221; css=&#8221;.vc_custom_1750403931592{padding-top: 32px !important;}&#8221;][elx_text_image style_image=&#8221;image_square&#8221; image_position=&#8221;image_left&#8221; columns_proportion=&#8221;half&#8221; bg_row=&#8221;bg-download-white&#8221; lists=&#8221;%5B%7B%7D%5D&#8221; single_image=&#8221;25806&#8243; values=&#8221;%5B%7B%7D%5D&#8221;]<\/p>\n<h2><span style=\"font-size: 50px;\">C20<\/span><\/h2>\n<p>ExtraStrong detergent for ovens &#8211; Detergente extra forte per forni[\/elx_text_image][vc_empty_space height=&#8221;1px&#8221; css=&#8221;.vc_custom_1750404251332{border-bottom-width: 1px !important;padding-top: 32px !important;border-bottom-color: #707070 !important;border-bottom-style: solid !important;}&#8221;][vc_empty_space css=&#8221;.vc_custom_1646832194442{padding-top: 32px !important;}&#8221;][elx_text_image style_image=&#8221;image_square&#8221; image_position=&#8221;image_left&#8221; columns_proportion=&#8221;half&#8221; bg_row=&#8221;bg-download-white&#8221; lists=&#8221;%5B%7B%7D%5D&#8221; single_image=&#8221;25807&#8243; values=&#8221;%5B%7B%7D%5D&#8221;]<\/p>\n<h2><span style=\"font-size: 50px;\">C21<\/span><\/h2>\n<p>ExtraStrong Rinse aid for ovens &#8211; Brillantante extra forte per forni[\/elx_text_image][\/vc_column_inner][\/vc_row_inner]<\/p>\n    <\/div><\/div>[\/vc_column][\/vc_row][vc_row][vc_column][vc_empty_space height=&#8221;50px&#8221;][vc_column_text]<\/p>\n<h2 style=\"text-align: center;\">Guarda il nostro video sul lavaggio<\/h2>\n<p>[\/vc_column_text][vc_empty_space][\/vc_column][\/vc_row][vc_row][vc_column][vc_empty_space height=&#8221;30px&#8221;][elx_video_block background_image=&#8221;20850&#8243; minimum_height=&#8221;500px&#8221; video_link=&#8221;https:\/\/www.youtube.com\/watch?v=JKcw9dEhZ7w&amp;t=74s&#8221;][vc_empty_space height=&#8221;30px&#8221;][\/vc_column][\/vc_row][vc_row disable_element=&#8221;yes&#8221;][vc_column width=&#8221;1\/3&#8243;][vc_empty_space height=&#8221;30px&#8221;][vc_column_text]<\/p>\n<p style=\"text-align: center;\">Come lanciare SkyClean,<br \/>\nil ciclo di pulizia automatico<br \/>\nper forni\u00a0<strong>Premium<\/strong>\u00a0e\u00a0<strong>Pro<\/strong><\/p>\n<p>[\/vc_column_text][vc_empty_space height=&#8221;15px&#8221;][elx_video_block background_image=&#8221;20850&#8243; minimum_height=&#8221;230px&#8221; video_link=&#8221;https:\/\/www.youtube.com\/watch?v=sJcdZ0mp3qc&#8221;][\/vc_column][vc_column width=&#8221;1\/3&#8243;][vc_empty_space height=&#8221;30px&#8221;][vc_column_text]<\/p>\n<div class=\"wpb_text_column wpb_content_element\">\n<div class=\"\">\n<p style=\"text-align: center;\">Come lanciare SkyClean,<br \/>\nil ciclo di pulizia automatico<br \/>\nper forni\u00a0<strong>PremiumS<\/strong>\u00a0e\u00a0<strong>ProS<\/strong><\/p>\n<\/div>\n<\/div>\n<p>[\/vc_column_text][vc_empty_space height=&#8221;15px&#8221;][elx_video_block background_image=&#8221;20851&#8243; minimum_height=&#8221;230px&#8221; video_link=&#8221;https:\/\/www.youtube.com\/watch?v=_WUEUo9zh2Q&amp;t=2s&#8221;][\/vc_column][vc_column width=&#8221;1\/3&#8243;][vc_empty_space height=&#8221;30px&#8221;][vc_column_text]<\/p>\n<p style=\"text-align: center;\">Come funziona<br \/>\nil ciclo\u00a0<strong>SkyClean<\/strong><\/p>\n<p>[\/vc_column_text][vc_empty_space height=&#8221;15px&#8221;][vc_empty_space height=&#8221;15px&#8221;][vc_empty_space height=&#8221;15px&#8221;][elx_video_block background_image=&#8221;20852&#8243; minimum_height=&#8221;230px&#8221; video_link=&#8221;https:\/\/www.youtube.com\/watch?v=CWhtMKZ914A&#8221;][\/vc_column][\/vc_row][vc_row][vc_column width=&#8221;1\/2&#8243;][elx_simple_block text_align=&#8221;text-center&#8221; background_color=&#8221;inherit&#8221;][\/elx_simple_block][\/vc_column][vc_column width=&#8221;1\/2&#8243;][elx_simple_block text_align=&#8221;text-center&#8221; background_color=&#8221;inherit&#8221;][\/elx_simple_block][\/vc_column][\/vc_row][vc_row][vc_column][vc_empty_space][\/vc_column][\/vc_row][vc_row][vc_column][vc_column_text][vc_raw_html]JTNDc3R5bGUlM0UlMEElNDBtZWRpYSUyMG9ubHklMjBzY3JlZW4lMjBhbmQlMjAlMjhtaW4td2lkdGglM0E3NjhweCUyOSU3QiUwQS5zaW1wbGUtYmxvY2slMjAuc2ltcGxlLWJsb2NrLWNvbnRlbnQlMjAlN0IlMEElMjAlMjAlMjAlMjBwYWRkaW5nJTNBJTIwMHB4JTIwNTBweCUzQiUwQSU3RCUwQS5zaG9wLW5vdy10ZXh0JTIwJTdCJTBBbWFyZ2luLXRvcCUzQTY1cHglM0IlMEElN0QlMEElN0QlMEEudmNfY29sLXhzLW9mZnNldC0yJTIwJTdCJTBBJTIwJTIwJTIwJTIwbWFyZ2luLWxlZnQlM0ElMjAwJTNCJTBBJTdEJTBBJTQwbWVkaWElMjBvbmx5JTIwc2NyZWVuJTIwYW5kJTIwJTI4bWF4LXdpZHRoJTNBNzY3cHglMjklN0IlMEEudmNfY29sLXhzLTIlMjAlN0IlMEElMjAlMjAlMjAlMjB3aWR0aCUzQSUyMDUwJTI1JTNCJTBBdGV4dC1hbGlnaCUzQWNlbnRlciUzQiUwQSU3RCUwQSU3RCUwQSUwQSU0MG1lZGlhJTIwb25seSUyMHNjcmVlbiUyMGFuZCUyMCUyOG1heC13aWR0aCUzQTk5MXB4JTI5JTdCJTBBLmltZy1tYXg5OTElMjBpbWclN0IlMEFtYXJnaW4tdG9wJTNBMzBweCUzQiUwQSU3RCUwQS5zaG9wLW5vdy10ZXh0JTIwJTdCJTBBJTIwJTIwJTIwJTIwbWFyZ2luLXRvcCUzQSUyMDI1JTI1JTNCJTBBJTdEJTBBLiU1QzMxJTIwMDAtbWF4OTkxJTIwJTdCJTBBJTIwJTIwJTIwJTIwd2lkdGglM0ElMjAxMDAlMjUlM0IlMEElMjAlMjAlMjAlMjB0ZXh0LWFsaWduJTNBJTIwY2VudGVyJTNCJTBBJTdEJTBBLiU1QzMxJTIwMDAtbWF4OTkxJTIwaW1nJTIwJTdCJTBBJTIwJTIwJTIwJTIwbWF4LXdpZHRoJTNBJTIwMTMwcHglM0IlMEElMjAlMjAlMjAlMjBtYXJnaW4tYm90dG9tJTNBJTIwMTBweCUzQiUwQSU3RCUwQS4lNUMzMSUyMDAwLW1heDk5MS1lbXB0eS1zcGFjZTElN0IlMEFoZWlnaHQlM0ElMjAxMDJweCUyMCUyMWltcG9ydGFudCUzQiUwQSU3RCUwQS4lNUMzMSUyMDAwLW1heDk5MS1lbXB0eS1zcGFjZTIlN0IlMEFoZWlnaHQlM0ElMjA4MHB4JTIwJTIxaW1wb3J0YW50JTNCJTBBJTdEJTBBLiU1QzMxJTIwMDAtbWF4OTkxLWVtcHR5LXNwYWNlMyU3QiUwQWhlaWdodCUzQSUyMDg5cHglMjAlMjFpbXBvcnRhbnQlM0IlMEElN0QlMEElMEEuJTVDMzElMjAwMC1tYXg5OTEtZW1wdHktc3BhY2U2JTdCJTBBaGVpZ2h0JTNBJTIwMTcwcHglMjAlMjFpbXBvcnRhbnQlM0IlMEElN0QlMEEuJTVDMzElMjAwMC1tYXg5OTEtZW1wdHktc3BhY2U3JTdCJTBBaGVpZ2h0JTNBJTIwNDJweCUyMCUyMWltcG9ydGFudCUzQiUwQSU3RCUwQSU3RCUwQSU0MG1lZGlhJTIwJTI4bWluLXdpZHRoJTNBNzY4cHglMjklMjBhbmQlMjAlMjhtYXgtd2lkdGglM0E5OTFweCUyOSU3QiUwQS4lNUMzMSUyMDAwLW1heDk5MS1lbXB0eS1zcGFjZTQlMjAlN0IlMEElMjAlMjAlMjAlMjBoZWlnaHQlM0ElMjAxOTBweCUyMCUyMWltcG9ydGFudCUzQiUwQSU3RCUwQS4lNUMzMSUyMDAwLW1heDk5MS1lbXB0eS1zcGFjZTUlMjAlN0IlMEElMjAlMjAlMjAlMjBoZWlnaHQlM0ElMjAxNThweCUyMCUyMWltcG9ydGFudCUzQiUwQSU3RCUwQSU3RCUwQSU0MG1lZGlhJTIwb25seSUyMHNjcmVlbiUyMGFuZCUyMCUyOG1heC13aWR0aCUzQTc2N3B4JTI5JTdCJTBBLiU1QzMxJTIwMDAtbWF4OTkxLWVtcHR5LXNwYWNlNCUyMCU3QiUwQSUyMCUyMCUyMCUyMGhlaWdodCUzQSUyMDE3NHB4JTIwJTIxaW1wb3J0YW50JTNCJTBBJTdEJTBBLiU1QzMxJTIwMDAtbWF4OTkxLWVtcHR5LXNwYWNlNSUyMCU3QiUwQSUyMCUyMCUyMCUyMGhlaWdodCUzQSUyMDE2OHB4JTIwJTIxaW1wb3J0YW50JTNCJTBBJTdEJTBBJTdEJTBBJTNDJTJGc3R5bGUlM0U=[\/vc_raw_html][\/vc_column_text][\/vc_column][\/vc_row][vc_row][vc_column][vc_column_text]<br \/>\n[\/vc_column_text][\/vc_column][\/vc_row]<\/p>\n","protected":false},"excerpt":{"rendered":"<p>[vc_row full_width=&#8221;electroluxpro-full-width-no-padding&#8221;][vc_column][elx_hero_title title_color=&#8221;electrolux-blue&#8221; label=&#8221;&#8221; label_background_color=&#8221;inherit&#8221; background_image=&#8221;20849&#8243;][\/elx_hero_title][\/vc_column][\/vc_row][vc_row][vc_column][vc_empty_space height=&#8221;50px&#8221;][elx_text_image tag_title=&#8221;h1&#8243; class_title=&#8221;h1&#8243; style_image=&#8221;image_square&#8221; title_position=&#8221;top&#8221; bg_row=&#8221;bg-download-white&#8221; lists=&#8221;%5B%7B%7D%5D&#8221; values=&#8221;%5B%7B%7D%5D&#8221; single_image=&#8221;20853&#8243;] Detergenti per forni SkyLine &nbsp; Maggiore durata e prestazioni ottimali dei forni combi SkyLine solo con detergenti Electrolux Professional privi di fosfati, fosforo e acido maleico.[\/elx_text_image][\/vc_column][\/vc_row][vc_row][vc_column][elx_features_download title=&#8221;Ci prendiamo cura delle tue attrezzature&#8221; tag_title=&#8221;h2&#8243; class_title=&#8221;h3&#8243; bg_row=&#8221;bg-download-white&#8221; values=&#8221;%5B%7B%22select_type%22%3A%22pride%22%2C%22label_pride_document%22%3A%22SkyLine%20Combi%20Oven%20Detergents%20leaflet%22%2C%22document_type%22%3A%22leaflets%22%2C%22le_document_number%22%3A%22CLF-9JE00229%22%7D%5D&#8221; discover=&#8221;%5B%7B%7D%5D&#8221; features=&#8221;%5B%7B%7D%5D&#8221;] I prodotti [&hellip;]<\/p>\n","protected":false},"author":1036,"featured_media":20849,"parent":0,"menu_order":0,"comment_status":"closed","ping_status":"closed","template":"","meta":{"footnotes":""},"class_list":["post-25808","page","type-page","status-publish","has-post-thumbnail","hentry"],"acf":[],"_links":{"self":[{"href":"https:\/\/www.electroluxprofessional.com\/it\/wp-json\/wp\/v2\/pages\/25808"}],"collection":[{"href":"https:\/\/www.electroluxprofessional.com\/it\/wp-json\/wp\/v2\/pages"}],"about":[{"href":"https:\/\/www.electroluxprofessional.com\/it\/wp-json\/wp\/v2\/types\/page"}],"author":[{"embeddable":true,"href":"https:\/\/www.electroluxprofessional.com\/it\/wp-json\/wp\/v2\/users\/1036"}],"replies":[{"embeddable":true,"href":"https:\/\/www.electroluxprofessional.com\/it\/wp-json\/wp\/v2\/comments?post=25808"}],"version-history":[{"count":26,"href":"https:\/\/www.electroluxprofessional.com\/it\/wp-json\/wp\/v2\/pages\/25808\/revisions"}],"predecessor-version":[{"id":26338,"href":"https:\/\/www.electroluxprofessional.com\/it\/wp-json\/wp\/v2\/pages\/25808\/revisions\/26338"}],"wp:featuredmedia":[{"embeddable":true,"href":"https:\/\/www.electroluxprofessional.com\/it\/wp-json\/wp\/v2\/media\/20849"}],"wp:attachment":[{"href":"https:\/\/www.electroluxprofessional.com\/it\/wp-json\/wp\/v2\/media?parent=25808"}],"curies":[{"name":"wp","href":"https:\/\/api.w.org\/{rel}","templated":true}]}}