{"id":24749,"date":"2025-05-07T10:51:09","date_gmt":"2025-05-07T10:51:09","guid":{"rendered":"https:\/\/www.electroluxprofessional.com\/it\/?page_id=24749"},"modified":"2025-10-16T07:23:58","modified_gmt":"2025-10-16T07:23:58","slug":"lavanderia-hotel","status":"publish","type":"page","link":"https:\/\/www.electroluxprofessional.com\/it\/lavanderia-hotel\/","title":{"rendered":"Lavanderia interna per settore alberghiero"},"content":{"rendered":"<p>[vc_row full_width=&#8221;electroluxpro-full-width-no-padding&#8221;][vc_column][elx_full_banner title=&#8221;Lavanderia interna: la soluzione per contenere i costi&#8221; set_as_h1=&#8221;true&#8221; link=&#8221;url:%23contact|title:Richiedi%20una%20consulenza&#8221; background_image_media_library=&#8221;24937&#8243; background_image_media_library_mobile=&#8221;24938&#8243;][\/vc_column][\/vc_row][vc_row][vc_column][vc_empty_space][vc_column_text]Electrolux Professional offre soluzioni di lavanderia professionale affidabili ed efficienti, progettate per ridurre il consumo di energia, acqua e detergenti.[\/vc_column_text][vc_empty_space][\/vc_column][\/vc_row][vc_row][vc_column][elx_heading text_color=&#8221;electrolux-blue&#8221; text_align=&#8221;text-left&#8221;]La soluzione di lavanderia Linea 6000 dedicata al settore alberghiero[\/elx_heading][\/vc_column][\/vc_row][vc_row gap=&#8221;35&#8243; content_placement=&#8221;middle&#8221; css=&#8221;.vc_custom_1738313526319{padding-top: 20px !important;padding-bottom: 50px !important;}&#8221;][vc_column width=&#8221;1\/2&#8243; css=&#8221;.vc_custom_1738929326338{margin-right: 30px !important;margin-left: 20px !important;}&#8221;][elx_heading font_container=&#8221;h3&#8243; text_color=&#8221;electrolux-blue&#8221; text_align=&#8221;text-left&#8221;]Lavatrici professionali[\/elx_heading][vc_column_text]Scoprite le nostre lavatrici professionali per un risultato sicuro, rapido e a costi controllati.[\/vc_column_text][elx_heading font_container=&#8221;h3&#8243; text_color=&#8221;electrolux-blue&#8221; text_align=&#8221;text-left&#8221;]Essiccatoi professionali[\/elx_heading][vc_column_text]Asciugate il vostro bucato in tempi record con una qualit\u00e0 al tatto incomparabile.[\/vc_column_text][elx_heading font_container=&#8221;h3&#8243; text_color=&#8221;electrolux-blue&#8221; text_align=&#8221;text-left&#8221;]Cabine di asciugatura[\/elx_heading][vc_column_text]Asciuga tutti i tipi di tessuti con le cabine di asciugatura Linea 6000 per un risultato ottimale.[\/vc_column_text][elx_heading font_container=&#8221;h3&#8243; text_color=&#8221;electrolux-blue&#8221; text_align=&#8221;text-left&#8221;]Mangani[\/elx_heading][vc_column_text]Soluzioni di asciugatura e stiratura efficienti, ergonomiche e pratiche.[\/vc_column_text][vc_empty_space][elx_button button_text=&#8221;Contattaci&#8221; button_style=&#8221;secondary&#8221; button_link=&#8221;url:%23contact&#8221;][\/vc_column][vc_column width=&#8221;1\/2&#8243;][vc_empty_space height=&#8221;15px&#8221;][vc_empty_space height=&#8221;15px&#8221;][vc_empty_space height=&#8221;15px&#8221;][vc_empty_space height=&#8221;15px&#8221;][vc_single_image image=&#8221;24881&#8243; img_size=&#8221;full&#8221; alignment=&#8221;center&#8221;][\/vc_column][\/vc_row][vc_row custom_color_row=&#8221;bg-row-light-blue&#8221; css=&#8221;.vc_custom_1695199026829{padding-top: 50px !important;padding-bottom: 50px !important;}&#8221;][vc_column][elx_heading text_color=&#8221;electrolux-blue&#8221; text_align=&#8221;text-center&#8221;]Attrezzature per lavanderie d&#8217;hotel per garantire biancheria di qualit\u00e0 e una cura ottimale dei tessuti[\/elx_heading][vc_empty_space height=&#8221;30px&#8221;][vc_row_inner gap=&#8221;20&#8243;][vc_column_inner width=&#8221;1\/3&#8243; css=&#8221;.vc_custom_1696405990542{padding-top: 15px !important;padding-right: 15px !important;padding-bottom: 15px !important;padding-left: 15px !important;background-color: #f0e1c5 !important;}&#8221;][vc_empty_space height=&#8221;15px&#8221;][elx_icons icon_size=&#8221;elx-icon-medium&#8221; icon_electroluxpro=&#8221;elx-icon icon-circle-laundry-productivity-blue&#8221;][vc_column_text]<\/p>\n<h3 style=\"text-align: center;\">Soluzione completa<\/h3>\n<p style=\"text-align: center;\">Lava tutta la biancheria del tuo hotel e risparmia davvero controllando perfettamente i tuoi processi di lavaggio.<\/p>\n<p>[\/vc_column_text][\/vc_column_inner][vc_column_inner width=&#8221;1\/3&#8243; css=&#8221;.vc_custom_1696405996623{padding: 15px !important;background-color: #d2e2eb !important;}&#8221;][vc_empty_space height=&#8221;15px&#8221;][elx_icons icon_size=&#8221;elx-icon-medium&#8221; icon_electroluxpro=&#8221;elx-icon icon-circle-productivity-liberopro-blue&#8221;][vc_column_text]<\/p>\n<h3 style=\"text-align: center;\">Lavanderia automatica per i tuoi ospiti<\/h3>\n<p style=\"text-align: center;\">Offri un servizio aggiuntivo ai tuoi clienti, dando loro la possibilit\u00e0 di lavare i propri vestiti facilmente e rapidamente.<\/p>\n<p>[\/vc_column_text][\/vc_column_inner][vc_column_inner width=&#8221;1\/3&#8243; css=&#8221;.vc_custom_1696406000464{padding-top: 15px !important;padding-right: 15px !important;padding-bottom: 15px !important;padding-left: 15px !important;background-color: #bec6d7 !important;}&#8221;][vc_empty_space height=&#8221;15px&#8221;][elx_icons icon_size=&#8221;elx-icon-medium&#8221; icon_electroluxpro=&#8221;elx-icon icon-circle-star-perfomance-blue&#8221;][vc_column_text]<\/p>\n<h3 style=\"text-align: center;\">Lavaggio capi delicati<\/h3>\n<p style=\"text-align: center;\">Lavate e asciugate tutti i capi e gli accessori delicati dei vostri clienti con il lavaggio ad acqua lagoon\u00ae Advanced Care.<\/p>\n<p>[\/vc_column_text][\/vc_column_inner][\/vc_row_inner][\/vc_column][\/vc_row][vc_row][vc_column][vc_empty_space][elx_heading text_color=&#8221;inherit&#8221;]Potenzia la tua attivit\u00e0 con le nostre soluzioni di lavanderia per hotel[\/elx_heading][vc_empty_space][\/vc_column][\/vc_row][vc_row gap=&#8221;35&#8243; content_placement=&#8221;middle&#8221; css=&#8221;.vc_custom_1738313325901{padding-top: 20px !important;padding-bottom: 50px !important;}&#8221;][vc_column width=&#8221;1\/2&#8243;][vc_single_image image=&#8221;24741&#8243; img_size=&#8221;full&#8221; alignment=&#8221;center&#8221;][\/vc_column][vc_column width=&#8221;1\/2&#8243; css=&#8221;.vc_custom_1738928232337{margin-right: 30px !important;margin-left: 30px !important;padding-right: 50px !important;}&#8221;][elx_heading font_container=&#8221;h3&#8243; text_color=&#8221;inherit&#8221;]Riduci i costi operativi della tua lavanderia[\/elx_heading][vc_empty_space height=&#8221;30px&#8221;][vc_column_text]Electrolux Professional supporta gli albergatori in tutte le loro esigenze di <strong>lavanderia<\/strong>.<\/p>\n<p>Lavatrici, asciugatrici, mangani e attrezzature per tessuti delicati&#8230;<\/p>\n<p>Queste soluzioni garantiscono il <strong>consumo pi\u00f9 basso possibile<\/strong> di acqua, energia e detergenti, assicurando al contempo risultati professionali grazie al sistema <strong>Automatic Savings<\/strong> e alla <strong>tecnologia della<\/strong> <strong>pompa di calore<\/strong>.[\/vc_column_text][vc_empty_space height=&#8221;30px&#8221;][elx_button button_text=&#8221;Contattaci&#8221; button_style=&#8221;secondary&#8221; button_link=&#8221;url:%23contact&#8221;][\/vc_column][\/vc_row][vc_row disable_element=&#8221;yes&#8221; css=&#8221;.vc_custom_1739457047068{padding-top: 50px !important;padding-bottom: 50px !important;}&#8221;][vc_column css=&#8221;.vc_custom_1738253886879{background-color: #cee0c9 !important;}&#8221;][vc_empty_space height=&#8221;30px&#8221;][elx_heading font_container=&#8221;h3&#8243; text_color=&#8221;inherit&#8221; text_align=&#8221;text-center&#8221;]Le saviez-vous ?[\/elx_heading][vc_empty_space height=&#8221;30px&#8221;][vc_column_text]<\/p>\n<p style=\"text-align: center;\">L&#8217;Ademe et le Fonds de Tourisme Durable vous accordent une subvention d&#8217;un montant de jusqu&#8217;\u00e0 80% de l&#8217;investissement initial sur les s\u00e8che-linge pompe \u00e0 chaleur.<br \/>\nDepuis le 1er janvier 2024, l\u2019ADEME (Agence pour la transition \u00e9cologique) a lanc\u00e9 un dispositif financier visant \u00e0 encourager les acteurs du secteur touristique \u00e0 adopter des pratiques plus respectueuses de l\u2019environnement en cr\u00e9ant un\u00a0<b>Fonds Tourisme Durable, afin de financer des investissements en faveur de la transition \u00e9cologique.<\/b><\/p>\n<p style=\"text-align: center;\"><a href=\"https:\/\/www.electroluxprofessional.com\/it\/sechoirs-pompe-a-chaleur-reduction-couts-energie\/#ademe\">&gt; En savoir plus<\/a><\/p>\n<p>[\/vc_column_text][vc_empty_space height=&#8221;15px&#8221;][\/vc_column][\/vc_row][vc_row gap=&#8221;35&#8243; content_placement=&#8221;middle&#8221; css=&#8221;.vc_custom_1738928096638{padding-top: 20px !important;padding-bottom: 50px !important;}&#8221;][vc_column width=&#8221;1\/2&#8243; css=&#8221;.vc_custom_1738928563192{margin-right: 30px !important;margin-left: 20px !important;padding-right: 20px !important;}&#8221;][vc_empty_space height=&#8221;30px&#8221;][elx_heading font_container=&#8221;h3&#8243; text_color=&#8221;inherit&#8221;]Attrezzature ergonomiche certificate 4 stelle da un organismo esterno[\/elx_heading][vc_empty_space height=&#8221;30px&#8221;][vc_column_text]Pi\u00f9 facile, pi\u00f9 affidabile, pi\u00f9 sicura, la gamma Linea 6000 \u00e8 stata progettata per combinare esperienza utilizzatore e risparmio.<\/p>\n<p>Certificata <strong>ErgoCert<\/strong>, la gamma Linea 6000 offre attrezzature performanti, ergonomiche e semplici da usare, che sono 100% adatte al settore alberghiero.[\/vc_column_text][vc_empty_space height=&#8221;30px&#8221;][\/vc_column][vc_column width=&#8221;1\/2&#8243;][vc_single_image image=&#8221;24742&#8243; img_size=&#8221;full&#8221; alignment=&#8221;right&#8221;][vc_empty_space height=&#8221;20px&#8221;][\/vc_column][\/vc_row][vc_row custom_color_row=&#8221;bg-row-light-blue&#8221; css=&#8221;.vc_custom_1695199026829{padding-top: 50px !important;padding-bottom: 50px !important;}&#8221;][vc_column][elx_heading text_color=&#8221;electrolux-blue&#8221; text_align=&#8221;text-center&#8221;]Qualit\u00e0 e controllo dei costi[\/elx_heading][elx_heading font_container=&#8221;h3&#8243; text_color=&#8221;electrolux-blue&#8221; text_align=&#8221;text-center&#8221;]Risparmio, produttivit\u00e0 e igiene garantiti[\/elx_heading][vc_empty_space height=&#8221;30px&#8221;][vc_row_inner][vc_column_inner width=&#8221;1\/3&#8243;][elx_icons icon_size=&#8221;elx-icon-medium&#8221; icon_electroluxpro=&#8221;elx-icon icon-circle-laundry-productivity-blue&#8221;][vc_column_text]<\/p>\n<h3 style=\"text-align: center;\">Produttivit\u00e0<\/h3>\n<p style=\"text-align: center;\">Con la lavanderia interna, le vostre esigenze di biancheria saranno sempre coperte. Grazie alle macchine professionali, avrete la <strong>biancheria pronta in meno di 2 ore<\/strong>, permettendovi di gestire grandi volumi rapidamente e migliorare l&#8217;efficienza operativa.<\/p>\n<p>[\/vc_column_text][\/vc_column_inner][vc_column_inner width=&#8221;1\/3&#8243;][elx_icons icon_size=&#8221;elx-icon-medium&#8221; icon_electroluxpro=&#8221;elx-icon icon-circle-savings-green-blue&#8221;][vc_column_text]<\/p>\n<h3 style=\"text-align: center;\">Risparmio<\/h3>\n<p style=\"text-align: center;\">Scegliete attrezzature progettate per ottimizzare l&#8217;uso di detergenti, energia e acqua, <strong>riducendo cos\u00ec i vostri costi operativi fino al 50%<\/strong> grazie alla funzione Automatic Savings e al nostro sistema di pompa di calore.<\/p>\n<p>[\/vc_column_text][\/vc_column_inner][vc_column_inner width=&#8221;1\/3&#8243;][elx_icons icon_size=&#8221;elx-icon-medium&#8221; icon_electroluxpro=&#8221;elx-icon icon-circle-safe-blue&#8221;][vc_column_text]<\/p>\n<h3 style=\"text-align: center;\">Igiene<\/h3>\n<p style=\"text-align: center;\">Grazie ai programmi personalizzati, i processi di lavaggio sono adattati alle vostre esigenze e completamente controllati. Offrite ai vostri clienti <strong>biancheria con una pulizia e igiene impeccabili<\/strong>!<\/p>\n<p>[\/vc_column_text][\/vc_column_inner][\/vc_row_inner][\/vc_column][\/vc_row][vc_row gap=&#8221;35&#8243; content_placement=&#8221;middle&#8221; css=&#8221;.vc_custom_1695199745470{padding-top: 50px !important;padding-bottom: 50px !important;}&#8221;][vc_column width=&#8221;1\/2&#8243;][vc_single_image image=&#8221;24743&#8243; img_size=&#8221;full&#8221; alignment=&#8221;right&#8221;][\/vc_column][vc_column width=&#8221;1\/2&#8243; css=&#8221;.vc_custom_1738928247985{margin-right: 30px !important;margin-left: 30px !important;}&#8221;][elx_heading font_container=&#8221;h3&#8243; text_color=&#8221;electrolux-blue&#8221; text_align=&#8221;text-left&#8221;]Scoprite lagoon\u00ae Advanced Care[\/elx_heading][vc_empty_space height=&#8221;30px&#8221;][vc_column_text]<\/p>\n<p class=\" inherit inherit inherit\">Il sistema di lavaggio ad acqua lagoon\u00ae Advanced Care si prende cura delle fibre pi\u00f9 delicate come lana e seta, cos\u00ec come cotone, lino, viscosa, grazie a programmi su misura abbinati a detergenti intelligenti dosati nel modo pi\u00f9 preciso.<\/p>\n<p>Processi innovativi permettono ai capi di asciugarsi senza bisogno di stendere la biancheria. I capi sono completamente asciutti <strong>in meno di un&#8217;ora<\/strong> e facili da stirare.<\/p>\n<p>lagoon\u00ae Advanced Care garantisce anche risultati eccellenti su pelle e scarpe.[\/vc_column_text][vc_empty_space height=&#8221;30px&#8221;][elx_button button_text=&#8221;Contattaci&#8221; button_style=&#8221;secondary&#8221; button_link=&#8221;url:%23contact&#8221;][\/vc_column][\/vc_row][vc_row gap=&#8221;35&#8243; disable_element=&#8221;yes&#8221; css=&#8221;.vc_custom_1746709212747{padding-top: 10px !important;padding-bottom: 50px !important;}&#8221;][vc_column][elx_heading text_color=&#8221;electrolux-blue&#8221; text_align=&#8221;text-center&#8221;]Internaliser pour mieux ma\u00eetriser[\/elx_heading][elx_heading font_container=&#8221;h3&#8243; text_color=&#8221;electrolux-blue&#8221; text_align=&#8221;text-center&#8221;]D\u00e9couvrez la blanchisserie de l\u2019h\u00f4tel Best Western \u201cLe Relais de Laguiole\u201d[\/elx_heading][vc_empty_space][elx_video_block background_image=&#8221;24739&#8243; video_link=&#8221;https:\/\/www.youtube.com\/watch?v=qBjXCL3K8FY&#8221; minimum_height=&#8221;300px&#8221;][vc_empty_space][vc_column_text]<\/p>\n<p style=\"text-align: center;\"><em> \u00ab L\u2019int\u00e9r\u00eat d\u2019avoir une blanchisserie interne, c\u2019est aussi de ne plus avoir le stress de savoir comment le linge va arriver et de ne pas nous soucier de son \u00e9tat \u00bb<\/em>, d\u00e9clare C\u00e9line, en charge du linge dans l\u2019\u00e9tablissement.<\/p>\n<p>[\/vc_column_text][vc_empty_space][elx_button button_text=&#8221;Nous contacter&#8221; button_style=&#8221;secondary&#8221; button_display_block=&#8221;display_block_on&#8221; button_alignment=&#8221;align_center&#8221; button_link=&#8221;url:%23contact&#8221;][\/vc_column][\/vc_row][vc_row custom_color_row=&#8221;bg-row-light-blue&#8221; gap=&#8221;35&#8243; css=&#8221;.vc_custom_1696405790238{padding-top: 50px !important;padding-bottom: 50px !important;}&#8221; el_id=&#8221;contact&#8221;][vc_column][elx_heading text_color=&#8221;electrolux-blue&#8221; text_align=&#8221;text-center&#8221;]Le nostre soluzioni di lavanderia ti interessano?[\/elx_heading][elx_heading font_container=&#8221;h4&#8243; text_color=&#8221;electrolux-blue&#8221; text_align=&#8221;text-center&#8221;]Prendi contatto con un esperto Electrolux Professional ![\/elx_heading][vc_empty_space][elx_o2000_contact_us s=&#8221;Richiesta : soluzioni di lavanderia per hotel&#8221; campaign=&#8221;701SX00000M33spYAB&#8221; text_send_button=&#8221;Inviare&#8221; flag_hide_request_type=&#8221;true&#8221; country=&#8221;Italy&#8221; b=&#8221;laundry&#8221; compact_view=&#8221;1&#8243; text_color=&#8221;#14133B&#8221; thanks=&#8221;Grazie per la vostra richiesta, un esperto vi contatter\u00e0 a breve.&#8221; r=&#8221;Vorrei saperne di pi\u00f9 sulle vostre soluzioni di lavanderia interna per hotel.&#8221;][\/vc_column][\/vc_row][vc_row disable_element=&#8221;yes&#8221;][vc_column][vc_empty_space][elx_heading font_container=&#8221;h3&#8243; text_color=&#8221;inherit&#8221;]D\u00e9couvrez nos articles de blog[\/elx_heading][vc_empty_space][\/vc_column][\/vc_row][vc_row disable_element=&#8221;yes&#8221;][vc_column width=&#8221;1\/3&#8243;][vc_single_image image=&#8221;24744&#8243; img_size=&#8221;350*350&#8243; alignment=&#8221;center&#8221;][elx_heading font_container=&#8221;h6&#8243; text_color=&#8221;inherit&#8221; text_align=&#8221;text-center&#8221;]Comment cr\u00e9er de la valeur ajout\u00e9e en h\u00f4tellerie gr\u00e2ce \u00e0 la blanchisserie ?[\/elx_heading][vc_column_text]<\/p>\n<p style=\"text-align: center;\"><a href=\"https:\/\/www.electroluxprofessional.com\/it\/blanchisserie-laverie-pressing-hotels\/\">&gt; D\u00e9couvrir<\/a><\/p>\n<p>[\/vc_column_text][\/vc_column][vc_column width=&#8221;1\/3&#8243;][vc_single_image image=&#8221;24745&#8243; img_size=&#8221;350*350&#8243; alignment=&#8221;center&#8221;][elx_heading font_container=&#8221;h6&#8243; text_color=&#8221;inherit&#8221; text_align=&#8221;text-center&#8221;]Comment r\u00e9ussir la p\u00e9riode estivale, g\u00e9n\u00e9rer plus de revenus, tout en satisfaisant sa client\u00e8le ?[\/elx_heading][vc_column_text]<\/p>\n<p style=\"text-align: center;\"><a href=\"https:\/\/www.electroluxprofessional.com\/it\/comment-reussir-la-periode-estivale\/\">&gt; D\u00e9couvrir<\/a><\/p>\n<p>[\/vc_column_text][\/vc_column][vc_column width=&#8221;1\/3&#8243;][vc_single_image image=&#8221;24746&#8243; img_size=&#8221;350*350&#8243; alignment=&#8221;center&#8221;][elx_heading font_container=&#8221;h6&#8243; text_color=&#8221;inherit&#8221; text_align=&#8221;text-center&#8221;]4 fa\u00e7ons de rendre votre blanchisserie plus durable[\/elx_heading][vc_column_text]<\/p>\n<p style=\"text-align: center;\"><a href=\"https:\/\/www.electroluxprofessional.com\/it\/blanchisserie-plus-durable\/\">&gt; D\u00e9couvrir<\/a><\/p>\n<p>[\/vc_column_text][\/vc_column][\/vc_row][vc_row disable_element=&#8221;yes&#8221;][vc_column][elx_heading text_color=&#8221;inherit&#8221;]Questions fr\u00e9quemment pos\u00e9es (FAQ) :[\/elx_heading][vc_tta_accordion color=&#8221;white&#8221; active_section=&#8221;1&#8243;][vc_tta_section title=&#8221;Quelle diff\u00e9rence entre pressing et service de blanchisserie ?&#8221; tab_id=&#8221;1738250089410-6087b24a-5b56&#8243;][vc_column_text]<strong>Le pressing<\/strong> utilise principalement le nettoyage \u00e0 sec avec des solvants, ce qui convient parfaitement aux v\u00eatements d\u00e9licats comme les costumes, robes ou textiles fragiles. Ce service est g\u00e9n\u00e9ralement d\u00e9di\u00e9 \u00e0 l\u2019entretien de pi\u00e8ces sp\u00e9cifiques. \u00c0 l\u2019inverse, <strong>la blanchisserie<\/strong> repose sur un nettoyage \u00e0 l\u2019eau en grande quantit\u00e9, avec des d\u00e9tergents adapt\u00e9s. Elle est id\u00e9ale pour traiter des textiles r\u00e9sistants et volumineux tels que les draps, serviettes ou nappes, r\u00e9pondant ainsi aux besoins des h\u00f4tels, restaurants et blanchisseries professionnelles.[\/vc_column_text][vc_empty_space][\/vc_tta_section][vc_tta_section title=&#8221;Quels sont les avantages d&#8217;une blanchisserie int\u00e9gr\u00e9e dans un h\u00f4tel ?&#8221; tab_id=&#8221;1738250089426-c2e11748-0624&#8243;][vc_column_text]Tout d&#8217;abord, une <strong>blanchisserie directement int\u00e9gr\u00e9e<\/strong> \u00e0 votre \u00e9tablissement peut vous permettre de r\u00e9duire les co\u00fbts li\u00e9s \u00e0 l&#8217;externalisation du nettoyage du linge et ainsi garantir un contr\u00f4le total sur le processus et les d\u00e9lais. Le but est d&#8217;assurer une<strong> gestion plus rapide et flexible du linge<\/strong> dans un secteur o\u00f9 la r\u00e9activit\u00e9 est primordiale. De plus, <strong>une blanchisserie interne<\/strong> assure une meilleure qualit\u00e9 de service, car le linge peut \u00eatre trait\u00e9 selon les besoins de l\u2019\u00e9tablissement et des clients. Enfin, cela r\u00e9duit l&#8217;empreinte \u00e9cologique en diminuant les d\u00e9placements li\u00e9s au transport du linge et en optimisant l\u2019utilisation des ressources. Une blanchisserie int\u00e9gr\u00e9e am\u00e9liore \u00e9galement la gestion des stocks de linge propre pour une rotation efficace et une meilleure gestion des co\u00fbts op\u00e9rationnels.[\/vc_column_text][vc_empty_space][\/vc_tta_section][vc_tta_section title=&#8221;Comment optimiser l&#8217;espace de blanchisserie dans un \u00e9tablissement h\u00f4telier ?&#8221; tab_id=&#8221;1738250247198-4ec733d5-cd00&#8243;][vc_column_text]L&#8217;optimisation de l&#8217;espace dans une blanchisserie d&#8217;h\u00f4tel doit permettre de <strong>maximiser l&#8217;efficacit\u00e9 sans sacrifier la qualit\u00e9 du service.<\/strong> Aussi, nous vous recommandons de choisir des \u00e9quipements compacts et modulables qui s&#8217;int\u00e8grent facilement dans l&#8217;espace disponible. Les machines \u00e0 laver et les s\u00e8che-linge de grande capacit\u00e9 permettent de <strong>traiter un grand volume de linge<\/strong> en utilisant un minimum d&#8217;espace. Un agencement en flux lin\u00e9aire ou en zone de travail permet par ailleurs de s\u00e9parer les \u00e9tapes de lavage, de s\u00e9chage et de repassage, afin d\u2019\u00e9viter toute confusion et d&#8217;am\u00e9liorer l&#8217;efficacit\u00e9 des op\u00e9rations.[\/vc_column_text][vc_empty_space][\/vc_tta_section][vc_tta_section title=&#8221;Comment bien choisir ses \u00e9quipements de blanchisserie professionnelle ?&#8221; tab_id=&#8221;1738250720182-f15c09c4-f23a&#8221;][vc_column_text]Premi\u00e8rement, nous vous conseillons de tenir compte de la <strong>quantit\u00e9 de linge trait\u00e9 quotidiennement<\/strong>, afin de vous permettre de choisir la capacit\u00e9 et le type de machines. A ce titre,<strong> privil\u00e9giez des \u00e9quipements \u00e9nerg\u00e9tiquement efficaces<\/strong> avec une classe \u00e9nerg\u00e9tique \u00e9lev\u00e9e (A, A++), afin de <strong>r\u00e9duire la consommation d\u2019eau et d\u2019\u00e9nergie<\/strong>, ce qui g\u00e9n\u00e8re des \u00e9conomies substantielles. La <strong>fiabilit\u00e9 et la durabilit\u00e9 des machines<\/strong> \u00e0 laver le linge ou \u00e0 s\u00e9cher sont \u00e9galement des crit\u00e8res cl\u00e9s, car des pannes fr\u00e9quentes peuvent entra\u00eener des interruptions dans le service et des co\u00fbts suppl\u00e9mentaires. <strong>L\u2019ergonomie et la facilit\u00e9 d\u2019utilisation des \u00e9quipements<\/strong> doivent \u00eatre prises en compte pour optimiser le temps de travail du personnel. Enfin, nous vous recommandons de prendre en comte <strong>les co\u00fbts d&#8217;entretien et la disponibilit\u00e9 des pi\u00e8ces d\u00e9tach\u00e9es<\/strong> pour faciliter la maintenance de vos \u00e9quipements.[\/vc_column_text][vc_empty_space][\/vc_tta_section][\/vc_tta_accordion][\/vc_column][\/vc_row]<\/p>\n","protected":false},"excerpt":{"rendered":"<p>[vc_row full_width=&#8221;electroluxpro-full-width-no-padding&#8221;][vc_column][elx_full_banner title=&#8221;Lavanderia interna: la soluzione per contenere i costi&#8221; set_as_h1=&#8221;true&#8221; link=&#8221;url:%23contact|title:Richiedi%20una%20consulenza&#8221; background_image_media_library=&#8221;24937&#8243; background_image_media_library_mobile=&#8221;24938&#8243;][\/vc_column][\/vc_row][vc_row][vc_column][vc_empty_space][vc_column_text]Electrolux Professional offre soluzioni di lavanderia professionale affidabili ed efficienti, progettate per ridurre il consumo di energia, acqua e detergenti.[\/vc_column_text][vc_empty_space][\/vc_column][\/vc_row][vc_row][vc_column][elx_heading text_color=&#8221;electrolux-blue&#8221; text_align=&#8221;text-left&#8221;]La soluzione di lavanderia Linea 6000 dedicata al settore alberghiero[\/elx_heading][\/vc_column][\/vc_row][vc_row gap=&#8221;35&#8243; content_placement=&#8221;middle&#8221; css=&#8221;.vc_custom_1738313526319{padding-top: 20px !important;padding-bottom: 50px !important;}&#8221;][vc_column width=&#8221;1\/2&#8243; css=&#8221;.vc_custom_1738929326338{margin-right: 30px !important;margin-left: [&hellip;]<\/p>\n","protected":false},"author":1855,"featured_media":24738,"parent":0,"menu_order":0,"comment_status":"closed","ping_status":"closed","template":"","meta":{"footnotes":""},"class_list":["post-24749","page","type-page","status-publish","has-post-thumbnail","hentry"],"acf":[],"_links":{"self":[{"href":"https:\/\/www.electroluxprofessional.com\/it\/wp-json\/wp\/v2\/pages\/24749"}],"collection":[{"href":"https:\/\/www.electroluxprofessional.com\/it\/wp-json\/wp\/v2\/pages"}],"about":[{"href":"https:\/\/www.electroluxprofessional.com\/it\/wp-json\/wp\/v2\/types\/page"}],"author":[{"embeddable":true,"href":"https:\/\/www.electroluxprofessional.com\/it\/wp-json\/wp\/v2\/users\/1855"}],"replies":[{"embeddable":true,"href":"https:\/\/www.electroluxprofessional.com\/it\/wp-json\/wp\/v2\/comments?post=24749"}],"version-history":[{"count":37,"href":"https:\/\/www.electroluxprofessional.com\/it\/wp-json\/wp\/v2\/pages\/24749\/revisions"}],"predecessor-version":[{"id":26371,"href":"https:\/\/www.electroluxprofessional.com\/it\/wp-json\/wp\/v2\/pages\/24749\/revisions\/26371"}],"wp:featuredmedia":[{"embeddable":true,"href":"https:\/\/www.electroluxprofessional.com\/it\/wp-json\/wp\/v2\/media\/24738"}],"wp:attachment":[{"href":"https:\/\/www.electroluxprofessional.com\/it\/wp-json\/wp\/v2\/media?parent=24749"}],"curies":[{"name":"wp","href":"https:\/\/api.w.org\/{rel}","templated":true}]}}