{"id":24506,"date":"2025-04-17T10:17:53","date_gmt":"2025-04-17T10:17:53","guid":{"rendered":"https:\/\/www.electroluxprofessional.com\/it\/?page_id=24506"},"modified":"2025-10-16T07:22:06","modified_gmt":"2025-10-16T07:22:06","slug":"accessori-e-consumabili-lavanderia","status":"publish","type":"page","link":"https:\/\/www.electroluxprofessional.com\/it\/accessori-e-consumabili-lavanderia\/","title":{"rendered":"Detergenti, cesti e carrelli"},"content":{"rendered":"<p>[vc_row full_width=&#8221;electroluxpro-full-width-no-padding&#8221;][vc_column css=&#8221;.vc_custom_1618358802266{margin-top: -40px !important;border-top-width: -40px !important;padding-top: -40px !important;}&#8221;][elx_full_banner title=&#8221;Accessori e consumabili lavanderia&#8221; set_as_h1=&#8221;true&#8221; background_image_media_library=&#8221;23982&#8243; background_image_media_library_mobile=&#8221;23983&#8243; link=&#8221;url:%23contact|title:Scopri%20di%20pi%C3%B9&#8243;][vc_row_inner full_width=&#8221;electroluxpro-full-width&#8221; gap=&#8221;15&#8243; disable_element=&#8221;yes&#8221;][vc_column_inner width=&#8221;1\/4&#8243;][elx_download_block text=&#8221;Accessories for protection, sanitizing and cleaning catalogue&#8221; document_type=&#8221;cat&#8221; file_picker=&#8221;24892&#8243; background_color=&#8221;electrolux-blue&#8221; background_hover_color=&#8221;lighter-hover&#8221;][\/vc_column_inner][vc_column_inner width=&#8221;1\/4&#8243;][elx_download_block text=&#8221;Genuine Replacement Parts, Accessories &amp; Consumables catalogue&#8221; document_type=&#8221;cat&#8221; file_picker=&#8221;24892&#8243; background_color=&#8221;electrolux-blue&#8221; background_hover_color=&#8221;lighter-hover&#8221; ca_document_number=&#8221;CAT19&#8243;][\/vc_column_inner][vc_column_inner width=&#8221;1\/4&#8243;][elx_download_block text=&#8221;Spare Part Kits catalogue&#8221; document_type=&#8221;cat&#8221; file_picker=&#8221;24892&#8243; background_color=&#8221;electrolux-blue&#8221; background_hover_color=&#8221;lighter-hover&#8221; ca_document_number=&#8221;CAT9&#8243;][\/vc_column_inner][vc_column_inner width=&#8221;1\/4&#8243;][elx_download_block text=&#8221;Professional cleaning detergents Selection Guide&#8221; file_picker=&#8221;47320&#8243; background_color=&#8221;electrolux-blue&#8221; background_hover_color=&#8221;lighter-hover&#8221;][\/vc_column_inner][\/vc_row_inner][\/vc_column][\/vc_row][vc_row][vc_column][elx_menu][vc_column_text]La nostra vasta gamma di accessori e consumabili sar\u00e0 un alleato prezioso per gestire ogni dettaglio della tua lavanderia.[\/vc_column_text][vc_empty_space][\/vc_column][\/vc_row][vc_row full_width=&#8221;electroluxpro-full-width&#8221;][vc_column][elx_hero_slider label_text_color=&#8221;inherit&#8221; images=&#8221;24496&#8243;][elx_heading text_color=&#8221;inherit&#8221;]Dosaggio automatico dei detergenti: le nostre soluzioni[\/elx_heading][\/elx_hero_slider][vc_row_inner][vc_column_inner][vc_empty_space][vc_column_text]Le lavatrici<strong> ClarusVibe<\/strong> dispongono della funzione Intelligent Dosing, che <strong>eroga automaticamente la giusta quantit\u00e0 di detergente in base al peso della biancheria<\/strong> all&#8217;interno del cesto e funziona in perfetta combinazione con entrambe le nostre opzioni di pompe di dosaggio, MULTISAVE, JETSAVE o DOSAVE. Sembra complicato? Non lo \u00e8 affatto. La tua lavatrice \u00e8 pronta per l&#8217;uso con due cavi di connessione rapida: uno per l&#8217;alimentazione elettrica e l&#8217;altro per i dati dei segnali di dosaggio, senza bisogno di ulteriori cavi o complicati cablaggi.[\/vc_column_text][vc_empty_space][\/vc_column_inner][\/vc_row_inner][\/vc_column][\/vc_row][vc_row][vc_column][vc_row_inner][vc_column_inner][elx_text_image style_image=&#8221;image_horizontal&#8221; bg_row=&#8221;bg-download-white&#8221; lists=&#8221;%5B%7B%7D%5D&#8221; values=&#8221;%5B%7B%7D%5D&#8221; single_image=&#8221;24502&#8243; title=&#8221;MULTISAVE&#8221;]L&#8217;opzione MULTISAVE collega <strong>fino a 7 lavatrici con un&#8217;unica unit\u00e0.<\/strong><br \/>\nRichiede minori costi di manutenzione e installazione. Grazie a un controllo pi\u00f9 accurato dei consumi, i costi di gestione sono ridotti.<\/p>\n<p><img loading=\"lazy\" decoding=\"async\" class=\"alignnone wp-image-24512\" src=\"https:\/\/www.electroluxprofessional.com\/it\/wp-content\/uploads\/2025\/04\/Compass-Pro_1-300x88-1.webp\" alt=\"\" width=\"184\" height=\"54\" \/><img loading=\"lazy\" decoding=\"async\" class=\"alignnone wp-image-24513\" src=\"https:\/\/www.electroluxprofessional.com\/it\/wp-content\/uploads\/2025\/04\/Compass-Pro-300x115-1.webp\" alt=\"\" width=\"156\" height=\"60\" \/>[\/elx_text_image][vc_empty_space][elx_text_image style_image=&#8221;image_horizontal&#8221; bg_row=&#8221;bg-download-white&#8221; lists=&#8221;%5B%7B%7D%5D&#8221; values=&#8221;%5B%7B%7D%5D&#8221; single_image=&#8221;24503&#8243; title=&#8221;JETSAVE&#8221;]L&#8217;opzione JETSAVE utilizza <strong>pompe venturi ad acqua<\/strong>, che richiedono minor manutenzione perch\u00e9 non ci sono parti mobili o tubi da sostituire. Il dosaggio \u00e8 affidabile e <strong>l&#8217;installazione \u00e8 ordinata<\/strong> grazie al collettore di scarico integrato.<\/p>\n<p><img loading=\"lazy\" decoding=\"async\" class=\"alignnone wp-image-24512\" src=\"https:\/\/www.electroluxprofessional.com\/it\/wp-content\/uploads\/2025\/04\/Compass-Pro_1-300x88-1.webp\" alt=\"\" width=\"177\" height=\"52\" \/>[\/elx_text_image][vc_empty_space][elx_text_image style_image=&#8221;image_horizontal&#8221; bg_row=&#8221;bg-download-white&#8221; lists=&#8221;%5B%7B%7D%5D&#8221; values=&#8221;%5B%7B%7D%5D&#8221; single_image=&#8221;24504&#8243; title=&#8221;DOSAVE&#8221;]L&#8217;opzione DOSAVE utilizza la tecnologia peristaltica, progettata per una <strong>facile installazione<\/strong>, una facile programmazione e il massimo risparmio. Richiede pi\u00f9 manutenzione rispetto a JETSAVE.<\/p>\n<p><img loading=\"lazy\" decoding=\"async\" class=\"alignnone wp-image-24512\" src=\"https:\/\/www.electroluxprofessional.com\/it\/wp-content\/uploads\/2025\/04\/Compass-Pro_1-300x88-1.webp\" alt=\"\" width=\"177\" height=\"52\" \/>[\/elx_text_image][vc_empty_space][elx_text_image style_image=&#8221;image_horizontal&#8221; bg_row=&#8221;bg-download-white&#8221; lists=&#8221;%5B%7B%7D%5D&#8221; values=&#8221;%5B%7B%7D%5D&#8221; single_image=&#8221;24505&#8243; title=&#8221;Efficient Dosing&#8221;]Per tutti i modelli CompassPro, Efficient Dosing assicura che venga utilizzata <strong>solo la giusta quantit\u00e0 di detergenti<\/strong> ad ogni ciclo, offrendo notevoli risparmi.<\/p>\n<p><img loading=\"lazy\" decoding=\"async\" class=\"wp-image-24513 alignnone\" src=\"https:\/\/www.electroluxprofessional.com\/it\/wp-content\/uploads\/2025\/04\/Compass-Pro-300x115-1.webp\" alt=\"\" width=\"141\" height=\"54\" \/>[\/elx_text_image][vc_empty_space][\/vc_column_inner][\/vc_row_inner][\/vc_column][\/vc_row][vc_row disable_element=&#8221;yes&#8221;][vc_column]<div class=\"elx-accordion \">    <div class=\"elx-accordion-heading\">        <a class=\"elx-accordion-link elx-accordion-close\">            <h4 class=\" elx-accordion-title\">                MULTISAVE                <img decoding=\"async\" src=\"https:\/\/www.electroluxprofessional.com\/it\/wp-content\/themes\/electroluxpro\/assets\/epr-icon-minus-blue.svg\" class=\"elx-minus elx-hidden\" \/>                <img decoding=\"async\" src=\"https:\/\/www.electroluxprofessional.com\/it\/wp-content\/themes\/electroluxpro\/assets\/epr-icon-plus-blue.svg\" class=\"elx-plus\" \/>            <\/h4>        <\/a>    <\/div>    <div class=\"elx-accordion-body elx-accordion-close\"><p>[elx_text_image style_image=&#8221;image_horizontal&#8221; bg_row=&#8221;bg-download-white&#8221; lists=&#8221;%5B%7B%7D%5D&#8221; values=&#8221;%5B%7B%7D%5D&#8221; single_image=&#8221;24502&#8243;]L&#8217;opzione MULTISAVE collega <strong>fino a 7 lavatrici con un&#8217;unica unit\u00e0.<\/strong><br \/>\nRichiede minori costi di manutenzione e installazione. Grazie a un controllo pi\u00f9 accurato dei consumi, i costi di gestione sono ridotti.<\/p>\n<p><img loading=\"lazy\" decoding=\"async\" class=\"alignnone wp-image-63467\" src=\"https:\/\/www.electroluxprofessional.com\/it\/\/wp-content\/uploads\/2024\/12\/Compass-Pro_1-300x88.jpg\" alt=\"\" width=\"201\" height=\"59\" \/><img loading=\"lazy\" decoding=\"async\" class=\"alignnone wp-image-63466\" src=\"https:\/\/www.electroluxprofessional.com\/it\/\/wp-content\/uploads\/2024\/12\/Compass-Pro-300x115.jpg\" alt=\"\" width=\"156\" height=\"60\" \/>[\/elx_text_image]<\/p>\n    <\/div><\/div><div class=\"elx-accordion \">    <div class=\"elx-accordion-heading\">        <a class=\"elx-accordion-link elx-accordion-close\">            <h4 class=\" elx-accordion-title\">                JETSAVE                <img decoding=\"async\" src=\"https:\/\/www.electroluxprofessional.com\/it\/wp-content\/themes\/electroluxpro\/assets\/epr-icon-minus-blue.svg\" class=\"elx-minus elx-hidden\" \/>                <img decoding=\"async\" src=\"https:\/\/www.electroluxprofessional.com\/it\/wp-content\/themes\/electroluxpro\/assets\/epr-icon-plus-blue.svg\" class=\"elx-plus\" \/>            <\/h4>        <\/a>    <\/div>    <div class=\"elx-accordion-body elx-accordion-close\"><p>[elx_text_image style_image=&#8221;image_horizontal&#8221; bg_row=&#8221;bg-download-white&#8221; lists=&#8221;%5B%7B%7D%5D&#8221; values=&#8221;%5B%7B%7D%5D&#8221; single_image=&#8221;24503&#8243;]L&#8217;opzione JETSAVE utilizza <strong>pompe venturi ad acqua<\/strong>, che richiedono minor manutenzione perch\u00e9 non ci sono parti mobili o tubi da sostituire. Il dosaggio \u00e8 affidabile e <strong>l&#8217;installazione \u00e8 ordinata<\/strong> grazie al collettore di scarico integrato.<\/p>\n<p><img loading=\"lazy\" decoding=\"async\" class=\"alignnone wp-image-63467\" src=\"https:\/\/www.electroluxprofessional.com\/it\/\/wp-content\/uploads\/2024\/12\/Compass-Pro_1-300x88.jpg\" alt=\"\" width=\"201\" height=\"59\" \/>[\/elx_text_image]<\/p>\n    <\/div><\/div><div class=\"elx-accordion \">    <div class=\"elx-accordion-heading\">        <a class=\"elx-accordion-link elx-accordion-close\">            <h4 class=\" elx-accordion-title\">                DOSAVE                <img decoding=\"async\" src=\"https:\/\/www.electroluxprofessional.com\/it\/wp-content\/themes\/electroluxpro\/assets\/epr-icon-minus-blue.svg\" class=\"elx-minus elx-hidden\" \/>                <img decoding=\"async\" src=\"https:\/\/www.electroluxprofessional.com\/it\/wp-content\/themes\/electroluxpro\/assets\/epr-icon-plus-blue.svg\" class=\"elx-plus\" \/>            <\/h4>        <\/a>    <\/div>    <div class=\"elx-accordion-body elx-accordion-close\"><p>[elx_text_image style_image=&#8221;image_horizontal&#8221; bg_row=&#8221;bg-download-white&#8221; lists=&#8221;%5B%7B%7D%5D&#8221; values=&#8221;%5B%7B%7D%5D&#8221; single_image=&#8221;24504&#8243;]L&#8217;opzione DOSAVE utilizza la tecnologia peristaltica, progettata per una <strong>facile installazione<\/strong>, una facile programmazione e il massimo risparmio. Richiede pi\u00f9 manutenzione rispetto a JETSAVE.<\/p>\n<p><img loading=\"lazy\" decoding=\"async\" class=\"alignnone wp-image-63467\" src=\"https:\/\/www.electroluxprofessional.com\/it\/\/wp-content\/uploads\/2024\/12\/Compass-Pro_1-300x88.jpg\" alt=\"\" width=\"201\" height=\"59\" \/>[\/elx_text_image]<\/p>\n    <\/div><\/div><div class=\"elx-accordion \">    <div class=\"elx-accordion-heading\">        <a class=\"elx-accordion-link elx-accordion-close\">            <h4 class=\" elx-accordion-title\">                Efficient Dosing                <img decoding=\"async\" src=\"https:\/\/www.electroluxprofessional.com\/it\/wp-content\/themes\/electroluxpro\/assets\/epr-icon-minus-blue.svg\" class=\"elx-minus elx-hidden\" \/>                <img decoding=\"async\" src=\"https:\/\/www.electroluxprofessional.com\/it\/wp-content\/themes\/electroluxpro\/assets\/epr-icon-plus-blue.svg\" class=\"elx-plus\" \/>            <\/h4>        <\/a>    <\/div>    <div class=\"elx-accordion-body elx-accordion-close\"><p>[elx_text_image style_image=&#8221;image_horizontal&#8221; bg_row=&#8221;bg-download-white&#8221; lists=&#8221;%5B%7B%7D%5D&#8221; values=&#8221;%5B%7B%7D%5D&#8221; single_image=&#8221;24505&#8243;]Per tutti i modelli CompassPro, Efficient Dosing assicura che venga utilizzata <strong>solo la giusta quantit\u00e0 di detergenti<\/strong> ad ogni ciclo, offrendo notevoli risparmi.<\/p>\n<p><img loading=\"lazy\" decoding=\"async\" class=\"alignnone wp-image-63466\" src=\"https:\/\/www.electroluxprofessional.com\/it\/\/wp-content\/uploads\/2024\/12\/Compass-Pro-300x115.jpg\" alt=\"\" width=\"156\" height=\"60\" \/>[\/elx_text_image]<\/p>\n    <\/div><\/div>[\/vc_column][\/vc_row][vc_row disable_element=&#8221;yes&#8221;][vc_column width=&#8221;1\/2&#8243;][elx_heading font_container=&#8221;h4&#8243; text_color=&#8221;inherit&#8221;]Dosaggio affidabile[\/elx_heading][vc_single_image image=&#8221;24497&#8243; img_size=&#8221;medium&#8221;][vc_column_text]L&#8217;opzione <strong>JETSAVE<\/strong> utilizza pompe venturi ad acqua, che richiedono minor manutenzione perch\u00e9 non ci sono parti mobili o tubi da sostituire. Il dosaggio \u00e8 affidabile e l&#8217;installazione \u00e8 ordinata grazie al collettore di scarico integrato.[\/vc_column_text][vc_empty_space][\/vc_column][vc_column width=&#8221;1\/2&#8243;][vc_empty_space][elx_heading text_color=&#8221;inherit&#8221;]Opzione JETSAVE[\/elx_heading][vc_single_image image=&#8221;23802&#8243; img_size=&#8221;full&#8221;][elx_heading text_color=&#8221;inherit&#8221;]Opzione DOSAVE[\/elx_heading][vc_single_image image=&#8221;23803&#8243; img_size=&#8221;medium&#8221;][\/vc_column][vc_column][vc_empty_space][vc_row_inner][vc_column_inner width=&#8221;1\/2&#8243;][elx_heading font_container=&#8221;h4&#8243; text_color=&#8221;inherit&#8221;]Efficient Dosing[\/elx_heading][vc_single_image image=&#8221;24498&#8243; img_size=&#8221;medium&#8221;][vc_column_text]Per tutti i modelli CompassPro, Efficient Dosing assicura che venga utilizzata solo la giusta quantit\u00e0 di detergenti ad ogni ciclo, offrendo notevoli risparmi.[\/vc_column_text][\/vc_column_inner][vc_column_inner width=&#8221;1\/2&#8243;][vc_empty_space][vc_single_image image=&#8221;24499&#8243; img_size=&#8221;medium&#8221;][vc_single_image image=&#8221;24500&#8243; img_size=&#8221;medium&#8221;][\/vc_column_inner][\/vc_row_inner][\/vc_column][\/vc_row][vc_row][vc_column][vc_empty_space][vc_row_inner][vc_column_inner width=&#8221;1\/2&#8243;][vc_empty_space][elx_heading text_color=&#8221;inherit&#8221;]Una scelta intelligente per risultati migliori[\/elx_heading][vc_column_text]I detergenti originali della gamma Electrolux Professional offrono qualit\u00e0 elevata, sicurezza e massima efficacia. Inoltre garantiscono un basso impatto sull\u2019ambiente, grazie a consumi energetici e un tasso di inquinamento delle acque e di produzione di rifiuti ridotti rispetto ai prodotti che si trovano normalmente sul mercato.[\/vc_column_text][\/vc_column_inner][vc_column_inner width=&#8221;1\/2&#8243;][vc_empty_space][vc_single_image image=&#8221;24501&#8243; img_size=&#8221;full&#8221;][\/vc_column_inner][\/vc_row_inner][vc_empty_space][vc_row_inner equal_height=&#8221;yes&#8221; content_placement=&#8221;middle&#8221;][vc_column_inner width=&#8221;1\/2&#8243; css=&#8221;.vc_custom_1634737358393{padding-right: 0px !important;padding-left: 0px !important;}&#8221;][elx_image_block background_image=&#8221;19354&#8243; minimum_height=&#8221;500px&#8221;][\/vc_column_inner][vc_column_inner width=&#8221;1\/2&#8243; css=&#8221;.vc_custom_1634737685483{margin-right: 0px !important;padding-right: 0px !important;padding-left: 0px !important;background-color: #e8eff5 !important;}&#8221;][vc_single_image image=&#8221;19733&#8243; img_size=&#8221;medium&#8221; alignment=&#8221;center&#8221; css=&#8221;.vc_custom_1634738421415{padding-top: 50px !important;}&#8221;][vc_empty_space][vc_column_text css=&#8221;.vc_custom_1634737842883{padding-right: 50px !important;padding-left: 50px !important;}&#8221;]<span style=\"font-size: 25px;\">Competenza certificata per garantire prestazioni e risultati ineguagliabili ogni giorno<\/span>[\/vc_column_text][vc_empty_space][\/vc_column_inner][\/vc_row_inner][vc_empty_space][vc_row_inner][vc_column_inner width=&#8221;1\/2&#8243; css=&#8221;.vc_custom_1634800353577{margin-right: 20px !important;border-right-width: 20px !important;background-color: #e8eff5 !important;}&#8221; offset=&#8221;vc_hidden-lg vc_hidden-md vc_hidden-sm vc_hidden-xs&#8221;][vc_empty_space][vc_column_text]<\/p>\n<p style=\"font-size: 12px;\">Soddisfare i requisiti della ECOLABEL EUROPEA significa rispettare specifiche molto rigide<br \/>\nsulle materie prime ed elevati criteri prestazionali e tenere un approccio ecologico rigoroso.<\/p>\n<p>La Ecolabel europea ti aiuta a identificare i prodotti e i servizi che hanno un impatto ridotto<br \/>\nsull&#8217;ambiente per tutto il loro ciclo di vita, dall&#8217;estrazione delle materie prime<br \/>\nalla produzione, all&#8217;uso e allo smaltimento. Riconosciuta in tutta Europa, la Ecolabel europea \u00e8<br \/>\nun&#8217;affidabile certificazione volontaria che promuove l&#8217;eccellenza ambientale. Ti offriamo<br \/>\nuna gamma completa di prodotti, tra cui detergenti, additivi, ammorbidenti e candeggianti,<\/p>\n<p style=\"font-size: 12px; text-align: left;\">che testimonia il nostro costante impegno durante tutto il processo.<\/p>\n<p>[\/vc_column_text][vc_empty_space][vc_empty_space][\/vc_column_inner][vc_column_inner width=&#8221;1\/2&#8243; css=&#8221;.vc_custom_1634800366607{margin-left: 20px !important;border-left-width: 20px !important;background-color: #e8eff5 !important;}&#8221; offset=&#8221;vc_hidden-lg vc_hidden-md vc_hidden-sm vc_hidden-xs&#8221;][vc_empty_space][vc_column_text]<\/p>\n<p style=\"font-size: 12px;\">Utilizzare i nostri prodotti NORDIC SWAN significa ottenere una pulizia efficace con<br \/>\nla garanzia di un processo ecosostenibile, dalla scelta delle materie prime ai test prestazionali, verificato<br \/>\nda una procedura di auditing esterno.<br \/>\nNordic Swan Ecolabel \u00e8 l&#8217;Ecolabel ufficiale dei Paesi nordici, uno strumento volontario e<br \/>\npratico per aiutare i consumatori a scegliere attivamente prodotti ecocompatibili.<br \/>\nIl Nordic Swan Ecolabel \u00e8 un sistema di certificazione ambientale conforme alla norma ISO 14024 Tipo 1 ed \u00e8<br \/>\nun ente certificatore terzo. I prodotti con il marchio Nordic Swan Ecolabel rispettano<br \/>\ngli standard ambientali e spesso climatici pi\u00f9 elevati.<br \/>\nViene analizzata la prospettiva del ciclo di vita del prodotto, vale a dire l&#8217;impatto del prodotto<br \/>\nsull&#8217;ambiente, dalle materie prime\/l&#8217;origine allo smaltimento. Sono inoltre stabiliti dei criteri relativi a qualit\u00e0,<br \/>\naspetti legati alla salute e prestazioni\/funzionalit\u00e0. Ciascun gruppo di prodotti deve rispettare dei requisiti generali<br \/>\ndettati dai criteri di base e dei requisiti specifici per i prodotti.<\/p>\n<p>[\/vc_column_text][vc_empty_space][\/vc_column_inner][\/vc_row_inner][vc_row_inner][vc_column_inner][elx_heading text_color=&#8221;inherit&#8221;]Un&#8217;ampia gamma di accessori e consumabili offre efficienza e la massima ergonomia:[\/elx_heading][vc_column_text]Mantieni alto lo standard dell&#8217;esperienza di asciugatura con la pulizia periodica dei tuoi essiccatoi rotativi, grazie a un semplice e rapido processo di decalcificazione che consente il controllo automatico dell&#8217;umidit\u00e0 residua per un&#8217;azione efficace e insieme assicurare l&#8217;eliminazione di eventuali residui di detergente\/ammorbidente.[\/vc_column_text][\/vc_column_inner][\/vc_row_inner][vc_empty_space][\/vc_column][vc_column][\/vc_column][\/vc_row][vc_row][vc_column][vc_empty_space][vc_row_inner][vc_column_inner width=&#8221;1\/2&#8243;][vc_single_image image=&#8221;14842&#8243; img_size=&#8221;764*485&#8243; css_animation=&#8221;none&#8221;][\/vc_column_inner][vc_column_inner width=&#8221;1\/2&#8243;][elx_heading font_size=&#8221;h5&#8243; text_color=&#8221;inherit&#8221;]Carrelli e carrelli con ripiani[\/elx_heading][vc_column_text]I giusti carrelli e carrelli con ripiani<strong> facilitano la movimentazione<\/strong> della biancheria e aiutano a prevenire gli infortuni dovuti a sforzi ripetuti.<br \/>\n<strong>I nostri ergonomici carrelli e carrelli con ripiani<\/strong> sono adatti per lavanderie, ospedali, residenze per anziani, abitazioni, hotel e spa. Inoltre, sono progettati in modo da arrivare vicino alle macchine, evitando che la biancheria cada per terra.[\/vc_column_text][vc_empty_space][\/vc_column_inner][\/vc_row_inner][vc_row_inner css=&#8221;.vc_custom_1618959846002{background-color: #eaeaea !important;}&#8221;][vc_column_inner][vc_empty_space][elx_heading font_size=&#8221;h5&#8243; text_color=&#8221;inherit&#8221;]Un&#8217;ampia gamma di accessori offre efficienza e la massima ergonomia[\/elx_heading][vc_empty_space][vc_column_text]<\/p>\n<ul>\n<li><strong>Porta abiti pieghevole<\/strong> adatto per svariati settori e attivit\u00e0: lavanderie, negozi, sartorie, negozi di abiti da sposi e da cerimonia e molti altri<\/li>\n<li>I cesti elicoidali facilitano le operazioni di carico e scarico della lavatrice e dell&#8217;essiccatoio<\/li>\n<li><strong>Pratici cesti<\/strong> che facilitano la piegatura delle lenzuola da posizionare sotto al tendi lenzuola<\/li>\n<li>Palline dryerballs specificamente progettate per sollevare e separare la biancheria<\/li>\n<li>Identifica facilmente le tue macchine con un adesivo numerico. Sono disponibili adesivi identificativi dal numero 1 al 50. Presentano i numeri in bianco su uno sfondo azzurro o nero. Gli adesivi numerici ti aiutano a identificare facilmente le tue macchine, per esempio quando utilizzi un sistema di pagamento o prenotazione centralizzato.<\/li>\n<li>I <strong>sacchetti idrosolubili<\/strong> sono ideali per applicazioni di lavanderia in strutture sanitarie. Utilizza i nostri sacchetti per evitare contaminazioni e prevenire le infezioni.<\/li>\n<\/ul>\n<p>[\/vc_column_text][vc_empty_space][\/vc_column_inner][\/vc_row_inner][\/vc_column][\/vc_row][vc_row el_id=&#8221;contact&#8221;][vc_column][vc_empty_space][elx_heading font_container=&#8221;h3&#8243; text_color=&#8221;inherit&#8221;]Scopri come personalizzare le tue macchine da lavanderia[\/elx_heading][elx_o2000_contact_us s=&#8221;Richiesta di informazioni su accessori e consumabili.&#8221; b=&#8221;laundry&#8221; container=&#8221;elxcontactus1484308232&#8243; r=&#8221;Vorrei maggiori informazioni sugli accessori e consumabili per le soluzioni per lavanderie. Vi prego di contattarmi.&#8221;][vc_empty_space][\/vc_column][\/vc_row][vc_column][\/vc_column]<\/p>\n","protected":false},"excerpt":{"rendered":"<p>[vc_row full_width=&#8221;electroluxpro-full-width-no-padding&#8221;][vc_column css=&#8221;.vc_custom_1618358802266{margin-top: -40px !important;border-top-width: -40px !important;padding-top: -40px !important;}&#8221;][elx_full_banner title=&#8221;Accessori e consumabili lavanderia&#8221; set_as_h1=&#8221;true&#8221; background_image_media_library=&#8221;23982&#8243; background_image_media_library_mobile=&#8221;23983&#8243; link=&#8221;url:%23contact|title:Scopri%20di%20pi%C3%B9&#8243;][vc_row_inner full_width=&#8221;electroluxpro-full-width&#8221; gap=&#8221;15&#8243; disable_element=&#8221;yes&#8221;][vc_column_inner width=&#8221;1\/4&#8243;][elx_download_block text=&#8221;Accessories for protection, sanitizing and cleaning catalogue&#8221; document_type=&#8221;cat&#8221; file_picker=&#8221;24892&#8243; background_color=&#8221;electrolux-blue&#8221; background_hover_color=&#8221;lighter-hover&#8221;][\/vc_column_inner][vc_column_inner width=&#8221;1\/4&#8243;][elx_download_block text=&#8221;Genuine Replacement Parts, Accessories &amp; Consumables catalogue&#8221; document_type=&#8221;cat&#8221; file_picker=&#8221;24892&#8243; background_color=&#8221;electrolux-blue&#8221; background_hover_color=&#8221;lighter-hover&#8221; ca_document_number=&#8221;CAT19&#8243;][\/vc_column_inner][vc_column_inner width=&#8221;1\/4&#8243;][elx_download_block text=&#8221;Spare Part Kits catalogue&#8221; document_type=&#8221;cat&#8221; file_picker=&#8221;24892&#8243; background_color=&#8221;electrolux-blue&#8221; background_hover_color=&#8221;lighter-hover&#8221; ca_document_number=&#8221;CAT9&#8243;][\/vc_column_inner][vc_column_inner [&hellip;]<\/p>\n","protected":false},"author":1855,"featured_media":1403,"parent":0,"menu_order":0,"comment_status":"closed","ping_status":"closed","template":"","meta":{"footnotes":""},"class_list":["post-24506","page","type-page","status-publish","has-post-thumbnail","hentry"],"acf":[],"_links":{"self":[{"href":"https:\/\/www.electroluxprofessional.com\/it\/wp-json\/wp\/v2\/pages\/24506"}],"collection":[{"href":"https:\/\/www.electroluxprofessional.com\/it\/wp-json\/wp\/v2\/pages"}],"about":[{"href":"https:\/\/www.electroluxprofessional.com\/it\/wp-json\/wp\/v2\/types\/page"}],"author":[{"embeddable":true,"href":"https:\/\/www.electroluxprofessional.com\/it\/wp-json\/wp\/v2\/users\/1855"}],"replies":[{"embeddable":true,"href":"https:\/\/www.electroluxprofessional.com\/it\/wp-json\/wp\/v2\/comments?post=24506"}],"version-history":[{"count":17,"href":"https:\/\/www.electroluxprofessional.com\/it\/wp-json\/wp\/v2\/pages\/24506\/revisions"}],"predecessor-version":[{"id":26363,"href":"https:\/\/www.electroluxprofessional.com\/it\/wp-json\/wp\/v2\/pages\/24506\/revisions\/26363"}],"wp:featuredmedia":[{"embeddable":true,"href":"https:\/\/www.electroluxprofessional.com\/it\/wp-json\/wp\/v2\/media\/1403"}],"wp:attachment":[{"href":"https:\/\/www.electroluxprofessional.com\/it\/wp-json\/wp\/v2\/media?parent=24506"}],"curies":[{"name":"wp","href":"https:\/\/api.w.org\/{rel}","templated":true}]}}