{"id":23949,"date":"2025-02-25T09:53:49","date_gmt":"2025-02-25T09:53:49","guid":{"rendered":"https:\/\/www.electroluxprofessional.com\/it\/?page_id=23949"},"modified":"2025-10-16T07:24:50","modified_gmt":"2025-10-16T07:24:50","slug":"imprese-di-pulizie","status":"publish","type":"page","link":"https:\/\/www.electroluxprofessional.com\/it\/imprese-di-pulizie\/","title":{"rendered":"Imprese di pulizie"},"content":{"rendered":"<p>[vc_row full_width=&#8221;electroluxpro-full-width-no-padding&#8221; css=&#8221;.vc_custom_1663585132920{margin-top: -50px !important;}&#8221;][vc_column reveal_effect=&#8221;&#8221;][elx_full_banner title=&#8221;Imprese di pulizie&#8221; background_image_media_library=&#8221;23947&#8243; background_image_media_library_mobile=&#8221;23948&#8243;][\/vc_column][\/vc_row][vc_row disable_element=&#8221;yes&#8221; css=&#8221;.vc_custom_1740478004972{background-color: #041e41 !important;}&#8221;][vc_column reveal_effect=&#8221;&#8221; width=&#8221;2\/3&#8243;][vc_empty_space][vc_row_inner full_width=&#8221;electroluxpro-full-width&#8221;][vc_column_inner width=&#8221;1\/4&#8243;][vc_single_image image=&#8221;9939&#8243; img_size=&#8221;full&#8221;][\/vc_column_inner][vc_column_inner width=&#8221;3\/4&#8243;][vc_empty_space height=&#8221;25px&#8221;][elx_heading font_container=&#8221;h1&#8243; text_color=&#8221;business&#8221;]Impresa di servizi[\/elx_heading][\/vc_column_inner][\/vc_row_inner][vc_empty_space height=&#8221;50px&#8221;][elx_heading text_color=&#8221;white&#8221; text_align=&#8221;text-left&#8221;]&#8221;Con il leader nel trattamento della microfibra, possiamo sempre contare sui migliori risultati.&#8221;[\/elx_heading][\/vc_column][vc_column reveal_effect=&#8221;&#8221; width=&#8221;1\/3&#8243;][elx_image_block background_image=&#8221;14549&#8243; minimum_height=&#8221;550px&#8221;][\/vc_column][\/vc_row][vc_row][vc_column][vc_empty_space][elx_heading font_container=&#8221;h1&#8243; text_color=&#8221;inherit&#8221; text_align=&#8221;text-left&#8221;]Flessibilit\u00e0 totale con risultati di altissima qualit\u00e0[\/elx_heading][vc_empty_space][\/vc_column][\/vc_row][vc_row][vc_column width=&#8221;2\/3&#8243;][vc_column_text]Quando il nemico \u00e8 invisibile, The OnE tiene gli occhi aperti per te. La <strong>lavatrice per mop Electrolux Professional<\/strong> \u00e8 progettata per offrire una gamma incredibilmente ampia di soluzioni di pulizia grazie agli speciali elementi riscaldanti, al tamburo interno e a una valvola di scarico elettrica per il drenaggio rapido.<\/p>\n<p>Electrolux Professional offre soluzioni ideali per tutte le tipologie di <strong>Imprese di servizi<\/strong>. La nostra competenza nella pulizia di materiali in microfibra ti aiuter\u00e0 a raggiungere i pi\u00f9 elevati standard di igiene. Il risultato? Massima difesa contro la diffusione di microorganismi e totale flessibilit\u00e0 abbinata a qualit\u00e0.<\/p>\n<p>La produttivit\u00e0 \u00e8 tutto. Bastano <strong>1,7 secondi per rimuovere lo sporco<\/strong> con le soluzioni di lavaggio per mop Electrolux Professional contro i 3,2 secondi delle lavatrici ad uso domestico.<\/p>\n<p>Scopri come usare e lavare il tuo mop per preservarne la durata e le prestazioni. L&#8217;alta efficienza e durata ti permettono di <strong>risparmiare tempo<\/strong> e <strong>denaro<\/strong>.[\/vc_column_text][\/vc_column][\/vc_row][vc_row disable_element=&#8221;yes&#8221;][vc_column width=&#8221;2\/3&#8243;][vc_column_text]Quando il nemico \u00e8 invisibile, The OnE tiene gli occhi aperti per te. La <strong>lavatrice per mop Electrolux Professional<\/strong> \u00e8 progettata per offrire una gamma incredibilmente ampia di soluzioni di pulizia grazie agli speciali elementi riscaldanti, al tamburo interno e a una valvola di scarico elettrica per il drenaggio rapido.<\/p>\n<p>Electrolux Professional offre soluzioni ideali per tutte le tipologie di <strong>Imprese di servizi<\/strong>. La nostra competenza nella pulizia di materiali in microfibra ti aiuter\u00e0 a raggiungere i pi\u00f9 elevati standard di igiene. Il risultato? Massima difesa contro la diffusione di microorganismi e totale flessibilit\u00e0 abbinata a qualit\u00e0.<\/p>\n<p>La produttivit\u00e0 \u00e8 tutto. Bastano <strong>1,7 secondi per rimuovere lo sporco<\/strong> con le soluzioni di lavaggio per mop Electrolux Professional contro i 3,2 secondi delle lavatrici ad uso domestico.<\/p>\n<p>Scopri come usare e lavare il tuo mop per preservarne la durata e le prestazioni. L&#8217;alta efficienza e durata ti permettono di <strong>risparmiare tempo<\/strong> e <strong>denaro<\/strong>.[\/vc_column_text][\/vc_column][vc_column width=&#8221;1\/3&#8243;][vc_single_image image=&#8221;573&#8243; img_size=&#8221;full&#8221; alignment=&#8221;center&#8221;][elx_download_block text=&#8221;Download the Facility Management Brochure&#8221; document_type=&#8221;brochures&#8221; link=&#8221;files.professional.electrolux.com\/docs\/?n=A0003&amp;t=BR&amp;l=1&amp;B=5&#8243; background_color=&#8221;electrolux-blue&#8221; reveal_effect=&#8221;&#8221; reveal_duration=&#8221;&#8221; reveal_delay=&#8221;&#8221; br_document_number=&#8221;A0122&#8243;][\/vc_column][\/vc_row][vc_row][vc_column][vc_empty_space][elx_heading font_size=&#8221;h1&#8243; text_color=&#8221;inherit&#8221;]Affidati alla nostra esperienza di pulizia professionale a 360\u00b0[\/elx_heading][vc_empty_space][\/vc_column][\/vc_row][vc_row content_placement=&#8221;top&#8221;][vc_column width=&#8221;2\/3&#8243;][vc_single_image image=&#8221;14550&#8243; img_size=&#8221;full&#8221;][vc_empty_space][vc_empty_space][\/vc_column][vc_column width=&#8221;1\/3&#8243;][elx_heading text_color=&#8221;inherit&#8221;]STEP 1<br \/>\nLa scelta[\/elx_heading][vc_column_text]Il mop in microfibra a panno piatto \u00e8 sostenibile, pi\u00f9 efficiente e assicura una migliore pulizia[\/vc_column_text][\/vc_column][\/vc_row][vc_row content_placement=&#8221;top&#8221;][vc_column width=&#8221;1\/3&#8243;][elx_heading text_color=&#8221;inherit&#8221;]STEP 2<br \/>\nCome usare il mop[\/elx_heading][vc_column_text]Il movimento a &#8220;S&#8221; garantisce la massima efficienza, coprendo fino a<br \/>\n60 mq[\/vc_column_text][\/vc_column][vc_column width=&#8221;2\/3&#8243;][vc_single_image image=&#8221;14551&#8243; img_size=&#8221;full&#8221;][vc_empty_space][\/vc_column][\/vc_row][vc_row content_placement=&#8221;top&#8221;][vc_column width=&#8221;2\/3&#8243;][vc_single_image image=&#8221;23946&#8243; img_size=&#8221;full&#8221;][vc_empty_space][vc_empty_space][\/vc_column][vc_column width=&#8221;1\/3&#8243;][elx_heading text_color=&#8221;inherit&#8221;]STEP 3<br \/>\nLavaggio dei mop[\/elx_heading][vc_column_text]Pi\u00f9 igiene, maggiore durata, migliori risultati per farti risparmiare tempo e denaro[\/vc_column_text][\/vc_column][\/vc_row][vc_row content_placement=&#8221;top&#8221;][vc_column width=&#8221;1\/3&#8243;][elx_heading text_color=&#8221;inherit&#8221;]STEP 4<br \/>\nInvesti in Electrolux Professional[\/elx_heading][vc_column_text]L&#8217;elevata efficienza e la maggiore durata ti assicurano un ritorno economico sul tuo investimento, allo stesso tempo garantendo le migliori prestazioni.[\/vc_column_text][\/vc_column][vc_column width=&#8221;2\/3&#8243;][vc_single_image image=&#8221;14553&#8243; img_size=&#8221;full&#8221;][vc_empty_space][\/vc_column][\/vc_row][vc_row content_placement=&#8221;top&#8221;][vc_column css=&#8221;.vc_custom_1586186819724{background-color: #e9ebf1 !important;}&#8221;][vc_empty_space][elx_heading font_size=&#8221;h1&#8243; text_color=&#8221;inherit&#8221; text_align=&#8221;text-center&#8221;]Grazie alle lavatrici Electrolux Professional,<br \/>\ni tuoi mop durano pi\u00f9 a lungo[\/elx_heading][vc_empty_space][\/vc_column][\/vc_row][vc_row][vc_column][vc_empty_space][elx_heading font_container=&#8221;h3&#8243; text_color=&#8221;inherit&#8221;]Nessun sovradosaggio, cos\u00ec i tuoi capi durano di pi\u00f9[\/elx_heading][vc_empty_space][\/vc_column][\/vc_row][vc_row][vc_column width=&#8221;2\/3&#8243;][vc_column_text]<strong>Efficient Dosing System<\/strong> calcola automaticamente la corretta quantit\u00e0 di detergente in base all&#8217;indicazione del peso fornita dalla funzione <strong>Automatic Saving System<\/strong> che regola l&#8217;aggiunta del quantitativo esatto di acqua e il consumo energetico richiesti.<\/p>\n<p>La gestione del bucato \u00e8 pi\u00f9 semplice ed efficiente con le indicazioni sul bucato e la convalida della temperatura.<\/p>\n<p>Se preferisci utilizzare mop asciutti, ti baster\u00e0 asciugare i mop appena lavati in un <a href=\"https:\/\/www.electroluxprofessional.com\/it\/lavanderia\/essiccatoi\/\">Essiccatoio rotativo Electrolux Professional<\/a>.[\/vc_column_text][elx_heading font_container=&#8221;h3&#8243; text_color=&#8221;inherit&#8221;]Una soluzione efficiente per la pulizia dei pavimenti[\/elx_heading][vc_column_text]La lavatrice supercentrifugante specifica per mop comprende uno <strong>speciale pacchetto di programmi di lavaggio<\/strong> (3 programmi mop e 4 programmi generali), appositi elementi riscaldanti, uno speciale tamburo interno e una valvola di scarico elettrica per il drenaggio rapido.[\/vc_column_text][vc_empty_space][\/vc_column][vc_column width=&#8221;1\/3&#8243;][vc_single_image image=&#8221;14554&#8243; img_size=&#8221;full&#8221;][\/vc_column][\/vc_row][vc_row content_placement=&#8221;top&#8221;][vc_column width=&#8221;2\/3&#8243;][vc_empty_space][vc_single_image image=&#8221;14555&#8243; img_size=&#8221;full&#8221; alignment=&#8221;center&#8221;][vc_empty_space height=&#8221;20px&#8221;][vc_column_text]<strong><span lang=\"EN-US\">*PER RISULTATI ANCORA MIGLIORI, SCOPRI I MODELLI LINEA 6000 CLARUS VIBE<\/span><\/strong>[\/vc_column_text][\/vc_column][vc_column width=&#8221;1\/3&#8243;][vc_empty_space][vc_column_text]Preserva il tuo investimento in mop utilizzando una lavatrice Electrolux Professional.<br \/>\n<span style=\"font-size: 12px;\">(test eseguito con capacit\u00e0 non a pieno carico)<\/span><\/p>\n<p><strong>Dopo 450 cicli i mop conservano elevate prestazioni di pulizia.<\/strong>[\/vc_column_text][\/vc_column][\/vc_row][vc_row css=&#8221;.vc_custom_1473071764748{padding-top: 50px !important;padding-bottom: 50px !important;}&#8221;][vc_column][vc_empty_space][elx_heading font_size=&#8221;h1&#8243; text_color=&#8221;inherit&#8221; text_align=&#8221;text-center&#8221;]Abbiamo la soluzione su misura giusta per te[\/elx_heading][\/vc_column][\/vc_row][vc_row][vc_column][vc_tta_tabs][vc_tta_section title=&#8221;Ospedale&#8221; tab_id=&#8221;1473088626874-85a65eef-528a&#8221;][vc_row_inner][vc_column_inner width=&#8221;1\/2&#8243;][vc_single_image image=&#8221;625&#8243; img_size=&#8221;full&#8221;][\/vc_column_inner][vc_column_inner width=&#8221;1\/2&#8243;][elx_heading font_container=&#8221;h3&#8243; text_color=&#8221;inherit&#8221;]St. Thomas Hospital<br \/>\nLondra, UK[\/elx_heading][vc_column_text]Pulizia giornaliera di oltre 850 kg di mop e panni in microfibra. Monitoraggio dei processi di lavanderia e dei consumi.[\/vc_column_text][vc_column_text]Soluzione utilizzata:<\/p>\n<p>3 x <a href=\"https:\/\/www.electroluxprofessional.com\/it\/lavanderia\/lavatrici-a-barriera\/\">lavatrici a barriera<\/a> (70 kg)<br \/>\n3 x <a href=\"https:\/\/www.electroluxprofessional.com\/it\/lavanderia\/essiccatoi\/\">essiccatoi rotativi<\/a> (67 kg)<br \/>\nCM &#8211; Certus Management<sup>TM<\/sup>\u00a0Information System[\/vc_column_text][\/vc_column_inner][\/vc_row_inner][\/vc_tta_section][vc_tta_section title=&#8221;Lavanderia centrale&#8221; tab_id=&#8221;1473088629051-162eecc0-9ef7&#8243;][vc_row_inner][vc_column_inner width=&#8221;1\/2&#8243;][vc_single_image image=&#8221;626&#8243; img_size=&#8221;full&#8221;][\/vc_column_inner][vc_column_inner width=&#8221;1\/2&#8243;][elx_heading font_container=&#8221;h3&#8243; text_color=&#8221;inherit&#8221;]U.D.O. Central Laundry<br \/>\nTubinga, Germania[\/elx_heading][vc_column_text]Pulizia settimanale di oltre 9 tonnellate di mop, panni e traverse per incontinenza per l&#8217;ospedale.[\/vc_column_text][vc_column_text]Soluzione utilizzata:<\/p>\n<p>2 x <a href=\"https:\/\/www.electroluxprofessional.com\/it\/lavanderia\/lavatrici-a-barriera\/\">lavatrici a barriera<\/a> (70 kg + 90 kg)<br \/>\n1 x <a href=\"https:\/\/www.electroluxprofessional.com\/it\/lavanderia\/lavatrici-professionali-carica-frontale\/\">lavatrice professionale per mop<\/a> (8 kg) per mop e panni in microfibra<br \/>\n2 x <a href=\"https:\/\/www.electroluxprofessional.com\/it\/lavanderia\/essiccatoi\/\">essiccatoi rotativi<\/a> (45 kg + 60 kg)[\/vc_column_text][\/vc_column_inner][\/vc_row_inner][\/vc_tta_section][\/vc_tta_tabs][\/vc_column][\/vc_row][vc_row disable_element=&#8221;yes&#8221;][vc_column width=&#8221;1\/2&#8243;][vc_single_image image=&#8221;625&#8243; img_size=&#8221;full&#8221;][elx_button button_text=&#8221;Scopri di pi\u00f9 sulle nostre soluzioni per gli ospedali&#8221; button_style=&#8221;icon&#8221; button_link=&#8221;url:https%3A%2F%2Fwww.electroluxprofessional.com%2Fit%2F%2Fyour-business%2Fcare%2Fhospitals%2F|title:Hospitals||&#8221;][\/vc_column][vc_column width=&#8221;1\/2&#8243;][elx_heading font_container=&#8221;h3&#8243; text_color=&#8221;inherit&#8221;]St. Thomas Hospital<br \/>\nLondra, UK[\/elx_heading][vc_column_text]Pulizia giornaliera di oltre 850 kg di mop e panni in microfibra. Monitoraggio dei processi di lavanderia e dei consumi.[\/vc_column_text][vc_column_text]Soluzione utilizzata:<\/p>\n<p>3 x <a href=\"https:\/\/www.electroluxprofessional.com\/it\/lavanderia\/lavatrici-a-barriera\/\">lavatrici a barriera<\/a> (70 kg)<br \/>\n3 x <a href=\"https:\/\/www.electroluxprofessional.com\/it\/lavanderia\/essiccatoi\/\">essiccatoi rotativi<\/a> (67 kg)<br \/>\nCM &#8211; Certus Management<sup>TM<\/sup>\u00a0Information System[\/vc_column_text][\/vc_column][\/vc_row][vc_row][vc_column][vc_column_text]<\/p>\n<p>[\/vc_column_text][\/vc_column][\/vc_row][vc_row][vc_column][vc_empty_space][elx_heading text_color=&#8221;inherit&#8221; text_align=&#8221;text-left&#8221;]Scopri come Electrolux Professional pu\u00f2 aiutarti nel tuo business[\/elx_heading][elx_o2000_contact_us s=&#8221;Richiesta di informazioni: imprese di servizi&#8221; b=&#8221;laundry&#8221; container=&#8221;elxcontactus1473161992&#8243; r=&#8221;Vorrei ricevere maggiori informazioni sulle soluzioni per le imprese di servizi, vi prego di contattarmi.&#8221;][vc_empty_space][\/vc_column][\/vc_row][vc_row][vc_column][vc_empty_space height=&#8221;50px&#8221;][\/vc_column][\/vc_row][vc_row][vc_column][vc_column_text]<\/p>\n<p>[\/vc_column_text][\/vc_column][\/vc_row][vc_row disable_element=&#8221;yes&#8221;][vc_column width=&#8221;1\/3&#8243;][vc_empty_space][\/vc_column][vc_column width=&#8221;1\/3&#8243;][vc_empty_space][vc_single_image image=&#8221;14638&#8243; img_size=&#8221;300*300&#8243; alignment=&#8221;center&#8221;][vc_column_text]<\/p>\n<p style=\"text-align: center;\">Una squadra al tuo servizio. Sempre e ovunque<\/p>\n<p>[\/vc_column_text][vc_empty_space][\/vc_column][vc_column width=&#8221;1\/3&#8243;][\/vc_column][\/vc_row][vc_row][vc_column][vc_column_text]<\/p>\n<p>[\/vc_column_text][\/vc_column][\/vc_row][vc_row][vc_column][vc_column_text]<\/p>\n<p>[\/vc_column_text][\/vc_column][\/vc_row][vc_row][vc_column][vc_column_text]<\/p>\n<p>[\/vc_column_text][\/vc_column][\/vc_row][vc_row disable_element=&#8221;yes&#8221; css=&#8221;.vc_custom_1742809620982{background-color: #041e41 !important;}&#8221;][vc_column width=&#8221;1\/3&#8243;][vc_empty_space][elx_heading text_color=&#8221;white&#8221;]<span style=\"color: #ffffff;\">Scopri Essentia<\/span>[\/elx_heading][vc_column_text]<span style=\"color: #ffffff;\">Fornendoti il supporto necessario, si prende cura delle tue apparecchiature attraverso una rete di assistenza tecnica affidabile, una gamma di servizi esclusivi personalizzati e una tecnologia innovativa.<\/span>[\/vc_column_text][\/vc_column][vc_column width=&#8221;1\/3&#8243;][vc_empty_space][elx_heading text_color=&#8221;white&#8221;]Contratti di manutenzione[\/elx_heading][vc_column_text]<span style=\"color: #ffffff;\">Scegli tra pacchetti flessibili e creati su misura.Riduci i tempi di fermo della tua attivit\u00e0, mantenendo sempre prestazioni operative al top.<\/span>[\/vc_column_text][\/vc_column][vc_column width=&#8221;1\/3&#8243;][vc_empty_space][elx_heading text_color=&#8221;white&#8221;]<span style=\"color: #ffffff;\">Il cuore di The OnE<\/span>[\/elx_heading][vc_column_text]<span style=\"color: #ffffff;\">Un unico partner fidato per tutte<br \/>\nle tue operazioni nel campo della ristorazione e della lavanderia.Dalla progettazione e installazione alla formazione personalizzata e assistenza dedicata.Con The OnE ottimizziamo il flusso di lavoro ed evitiamo i tempi di inattivit\u00e0, incrementando la produttivit\u00e0 e le prestazioni.<br \/>\n<\/span>[\/vc_column_text][\/vc_column][\/vc_row][vc_row][vc_column][vc_column_text]<\/p>\n<p>[\/vc_column_text][\/vc_column][\/vc_row][vc_row disable_element=&#8221;yes&#8221; css=&#8221;.vc_custom_1742809629456{background-color: #041e41 !important;}&#8221;][vc_column width=&#8221;1\/3&#8243;][vc_empty_space][elx_button button_text=&#8221;Accessori e consumabili&#8221; button_link=&#8221;url:https%3A%2F%2Fwww.electroluxprofessional.com%2Fit%2F%2Faccessories-consumables%2F|title:Service%20agreements||&#8221;][\/vc_column][vc_column width=&#8221;1\/3&#8243;][vc_empty_space][elx_button button_text=&#8221;ELEVA I TUOI STANDARD&#8221; button_link=&#8221;url:https%3A%2F%2Fwww.electroluxprofessional.com%2Fit%2F%2Fcustomer-care%2Fservice-agreements%2F|title:Service%20agreements||&#8221;][\/vc_column][vc_column width=&#8221;1\/3&#8243;][vc_empty_space][elx_button button_text=&#8221;Scopri The OnE&#8221; button_link=&#8221;url:https%3A%2F%2Fwww.electroluxprofessional.com%2Fit%2F%2Fabout-us%2F|title:Service%20agreements||&#8221;][\/vc_column][\/vc_row][vc_row disable_element=&#8221;yes&#8221; css=&#8221;.vc_custom_1742809718138{background-color: #041e41 !important;}&#8221;][vc_column][vc_empty_space][vc_column_text]<\/p>\n<p style=\"text-align: center;\"><span style=\"color: #ffffff;\"><strong>Electrolux Professional \u00e8 The OnE, il partner fidato che rende il tuo lavoro quotidiano<br \/>\npi\u00f9 semplice, pi\u00f9 redditizio e pi\u00f9 sostenibile.<\/strong><\/span><\/p>\n<p>[\/vc_column_text][vc_empty_space][\/vc_column][\/vc_row][vc_row][\/vc_row][vc_row][vc_column][elx_heading font_size=&#8221;h1&#8243; text_color=&#8221;inherit&#8221; text_align=&#8221;text-center&#8221;]Scopri di pi\u00f9 sulle nostre soluzioni[\/elx_heading][\/vc_column][\/vc_row][vc_row][vc_column width=&#8221;1\/3&#8243;][elx_maylike_box id_box=&#8221;14556&#8243;][\/vc_column][vc_column width=&#8221;1\/3&#8243;][elx_maylike_box id_box=&#8221;14557&#8243;][\/vc_column][vc_column width=&#8221;1\/3&#8243;][elx_maylike_box id_box=&#8221;14558&#8243;][\/vc_column][\/vc_row]<\/p>\n","protected":false},"excerpt":{"rendered":"<p>[vc_row full_width=&#8221;electroluxpro-full-width-no-padding&#8221; css=&#8221;.vc_custom_1663585132920{margin-top: -50px !important;}&#8221;][vc_column reveal_effect=&#8221;&#8221;][elx_full_banner title=&#8221;Imprese di pulizie&#8221; background_image_media_library=&#8221;23947&#8243; background_image_media_library_mobile=&#8221;23948&#8243;][\/vc_column][\/vc_row][vc_row disable_element=&#8221;yes&#8221; css=&#8221;.vc_custom_1740478004972{background-color: #041e41 !important;}&#8221;][vc_column reveal_effect=&#8221;&#8221; width=&#8221;2\/3&#8243;][vc_empty_space][vc_row_inner full_width=&#8221;electroluxpro-full-width&#8221;][vc_column_inner width=&#8221;1\/4&#8243;][vc_single_image image=&#8221;9939&#8243; img_size=&#8221;full&#8221;][\/vc_column_inner][vc_column_inner width=&#8221;3\/4&#8243;][vc_empty_space height=&#8221;25px&#8221;][elx_heading font_container=&#8221;h1&#8243; text_color=&#8221;business&#8221;]Impresa di servizi[\/elx_heading][\/vc_column_inner][\/vc_row_inner][vc_empty_space height=&#8221;50px&#8221;][elx_heading text_color=&#8221;white&#8221; text_align=&#8221;text-left&#8221;]&#8221;Con il leader nel trattamento della microfibra, possiamo sempre contare sui migliori risultati.&#8221;[\/elx_heading][\/vc_column][vc_column reveal_effect=&#8221;&#8221; width=&#8221;1\/3&#8243;][elx_image_block background_image=&#8221;14549&#8243; minimum_height=&#8221;550px&#8221;][\/vc_column][\/vc_row][vc_row][vc_column][vc_empty_space][elx_heading font_container=&#8221;h1&#8243; text_color=&#8221;inherit&#8221; text_align=&#8221;text-left&#8221;]Flessibilit\u00e0 totale con risultati di altissima qualit\u00e0[\/elx_heading][vc_empty_space][\/vc_column][\/vc_row][vc_row][vc_column [&hellip;]<\/p>\n","protected":false},"author":1855,"featured_media":566,"parent":0,"menu_order":0,"comment_status":"closed","ping_status":"closed","template":"","meta":{"footnotes":""},"class_list":["post-23949","page","type-page","status-publish","has-post-thumbnail","hentry"],"acf":[],"_links":{"self":[{"href":"https:\/\/www.electroluxprofessional.com\/it\/wp-json\/wp\/v2\/pages\/23949"}],"collection":[{"href":"https:\/\/www.electroluxprofessional.com\/it\/wp-json\/wp\/v2\/pages"}],"about":[{"href":"https:\/\/www.electroluxprofessional.com\/it\/wp-json\/wp\/v2\/types\/page"}],"author":[{"embeddable":true,"href":"https:\/\/www.electroluxprofessional.com\/it\/wp-json\/wp\/v2\/users\/1855"}],"replies":[{"embeddable":true,"href":"https:\/\/www.electroluxprofessional.com\/it\/wp-json\/wp\/v2\/comments?post=23949"}],"version-history":[{"count":14,"href":"https:\/\/www.electroluxprofessional.com\/it\/wp-json\/wp\/v2\/pages\/23949\/revisions"}],"predecessor-version":[{"id":26375,"href":"https:\/\/www.electroluxprofessional.com\/it\/wp-json\/wp\/v2\/pages\/23949\/revisions\/26375"}],"wp:featuredmedia":[{"embeddable":true,"href":"https:\/\/www.electroluxprofessional.com\/it\/wp-json\/wp\/v2\/media\/566"}],"wp:attachment":[{"href":"https:\/\/www.electroluxprofessional.com\/it\/wp-json\/wp\/v2\/media?parent=23949"}],"curies":[{"name":"wp","href":"https:\/\/api.w.org\/{rel}","templated":true}]}}