{"id":23944,"date":"2025-02-24T15:53:05","date_gmt":"2025-02-24T15:53:05","guid":{"rendered":"https:\/\/www.electroluxprofessional.com\/it\/?page_id=23944"},"modified":"2025-10-16T07:21:57","modified_gmt":"2025-10-16T07:21:57","slug":"myprozip","status":"publish","type":"page","link":"https:\/\/www.electroluxprofessional.com\/it\/myprozip\/","title":{"rendered":"myPROzip per lavanderie ad uso degli ospiti"},"content":{"rendered":"<p>[vc_row full_width=&#8221;electroluxpro-full-width-no-padding&#8221;][vc_column][elx_full_banner title=&#8221;myPROzip &#8211; Lavatrici ed essiccatoi&#8221; set_as_h1=&#8221;true&#8221; background_image_media_library=&#8221;23942&#8243; background_image_media_library_mobile=&#8221;23943&#8243;][\/vc_column][\/vc_row][vc_row][vc_column width=&#8221;1\/2&#8243; css=&#8221;.vc_custom_1484574375079{margin-left: 0px !important;border-left-width: 0px !important;padding-left: 0px !important;}&#8221;][elx_simple_block background_color=&#8221;inherit&#8221;][elx_heading font_container=&#8221;h1&#8243; text_color=&#8221;inherit&#8221;]Gestisci<br \/>\nuna lavanderia<br \/>\nad uso degli ospiti?[\/elx_heading][elx_heading text_color=&#8221;inherit&#8221;]Lavatrici ed essiccatoi myPROzip[\/elx_heading][vc_column_text]myPROzip \u00e8 la linea di Electrolux Professional dedicata alle\u00a0<strong>piccole imprese\u00a0<\/strong>che necessitano di\u00a0<strong>lavatrici ed essiccatoi per lavanderie ad uso degli ospiti\u00a0<\/strong><strong>pi\u00f9 robusti<\/strong>\u00a0e\u00a0<strong>veloci\u00a0<\/strong>rispetto alle macchine ad uso domestico standard.[\/vc_column_text][vc_column_text]<\/p>\n<ul>\n<li><strong>Semplici<\/strong> da usare<\/li>\n<li><strong>Facili<\/strong> da comprendere<\/li>\n<li>Progettati per essere utilizzati <strong>dai vostri ospiti<\/strong><\/li>\n<li>Predisposti per\u00a0<strong>l&#8217;integrazione<\/strong>\u00a0con i vostri sistemi di pagamento<\/li>\n<\/ul>\n<p>[\/vc_column_text][\/elx_simple_block][elx_download_block text=&#8221;myPROzip<br \/>\nguest-operated laundry&#8221; document_type=&#8221;leaflets&#8221; background_color=&#8221;electrolux-blue&#8221; background_hover_color=&#8221;lighter-hover&#8221; le_document_number=&#8221;CLF-9JE00128&#8243;][\/vc_column][vc_column width=&#8221;1\/2&#8243;][vc_single_image image=&#8221;9619&#8243; img_size=&#8221;medium&#8221;][vc_empty_space][elx_image_block background_image=&#8221;23941&#8243; minimum_height=&#8221;400px&#8221;][\/vc_column][\/vc_row][vc_row disable_element=&#8221;yes&#8221; matched_labels=&#8221;&#8221;][vc_column width=&#8221;1\/2&#8243; css=&#8221;.vc_custom_1484574375079{margin-left: 0px !important;border-left-width: 0px !important;padding-left: 0px !important;}&#8221;][elx_simple_block background_color=&#8221;inherit&#8221;][elx_heading font_container=&#8221;h1&#8243; text_color=&#8221;inherit&#8221;]Gestisci<br \/>\nuna lavanderia<br \/>\nad uso degli ospiti?[\/elx_heading][elx_heading text_color=&#8221;inherit&#8221;]Lavatrici ed essiccatoi myPROzip[\/elx_heading][vc_column_text]myPROzip \u00e8 la linea di Electrolux Professional dedicata alle\u00a0<strong>piccole imprese\u00a0<\/strong>che necessitano di\u00a0<strong>lavatrici ed essiccatoi per lavanderie ad uso degli ospiti\u00a0<\/strong><strong>pi\u00f9 robusti<\/strong>\u00a0e\u00a0<strong>veloci\u00a0<\/strong>rispetto alle macchine ad uso domestico standard.[\/vc_column_text][vc_column_text]<\/p>\n<ul>\n<li><strong>Semplici<\/strong> da usare<\/li>\n<li><strong>Facili<\/strong> da comprendere<\/li>\n<li>Progettati per essere utilizzati <strong>dai vostri ospiti<\/strong><\/li>\n<li>Predisposti per\u00a0<strong>l&#8217;integrazione<\/strong>\u00a0con i vostri sistemi di pagamento<\/li>\n<\/ul>\n<p>[\/vc_column_text][\/elx_simple_block][elx_download_block text=&#8221;myPROzip<br \/>\nguest-operated laundry&#8221; document_type=&#8221;leaflets&#8221; background_color=&#8221;electrolux-blue&#8221; background_hover_color=&#8221;lighter-hover&#8221; le_document_number=&#8221;CLF-9JE00128&#8243;][\/vc_column][vc_column width=&#8221;1\/2&#8243;][vc_single_image image=&#8221;9619&#8243; img_size=&#8221;medium&#8221;][vc_empty_space][elx_image_block background_image=&#8221;23941&#8243; minimum_height=&#8221;400px&#8221;][elx_button button_text=&#8221;Registra la tua myPROzip&#8221; button_style=&#8221;icon&#8221; button_link=&#8221;url:https%3A%2F%2Fwww.electroluxprofessional.com%2Fit%2Fregistrazione-prodotto%2F&#8221;][\/vc_column][\/vc_row][vc_row][vc_column][vc_empty_space height=&#8221;50px&#8221;][\/vc_column][\/vc_row][vc_row][vc_column width=&#8221;1\/3&#8243;][elx_icons icon_size=&#8221;elx-icon-medium&#8221; icon_electroluxpro=&#8221;elx-icon icon-circle-food-quality-blue&#8221;][elx_heading font_container=&#8221;h3&#8243; font_size=&#8221;h5&#8243; text_color=&#8221;inherit&#8221; text_align=&#8221;text-center&#8221;]Durata 3 volte pi\u00f9 lunga[\/elx_heading][vc_column_text]<\/p>\n<p style=\"text-align: center;\">Durata 3 volte pi\u00f9 lunga rispetto alle macchine ad uso domestico grazie alla struttura pi\u00f9 robusta con componenti professionali.<\/p>\n<p>[\/vc_column_text][\/vc_column][vc_column width=&#8221;1\/3&#8243;][elx_icons icon_size=&#8221;elx-icon-medium&#8221; icon_electroluxpro=&#8221;elx-icon icon-circle-time-blue&#8221;][elx_heading font_container=&#8221;h3&#8243; font_size=&#8221;h5&#8243; text_color=&#8221;inherit&#8221; text_align=&#8221;text-center&#8221;]Fino al 50% pi\u00f9 veloce[\/elx_heading][vc_column_text]<\/p>\n<p style=\"text-align: center;\">Cicli due volte pi\u00f9 veloci grazie a programmi professionali che assicurano rapidit\u00e0, risultati di qualit\u00e0 e risparmi sui costi.<\/p>\n<p>[\/vc_column_text][\/vc_column][vc_column width=&#8221;1\/3&#8243;][elx_icons icon_size=&#8221;elx-icon-medium&#8221; icon_electroluxpro=&#8221;elx-icon icon-circle-easy-blue&#8221;][elx_heading font_container=&#8221;h3&#8243; font_size=&#8221;h5&#8243; text_color=&#8221;inherit&#8221; text_align=&#8221;text-center&#8221;]Garanzia[\/elx_heading][vc_column_text]<\/p>\n<p style=\"text-align: center;\">Garanzia per applicazioni professionali in base alle normative del tuo paese.<\/p>\n<p>[\/vc_column_text][\/vc_column][\/vc_row][vc_row custom_color_row=&#8221;bg-download-blue&#8221; css=&#8221;.vc_custom_1734435546071{padding-top: 30px !important;padding-bottom: 30px !important;}&#8221;][vc_column][elx_o2000_needs_matcher need_matcher=&#8221;myPRO_Matcher&#8221;][\/vc_column][\/vc_row][vc_row disable_element=&#8221;yes&#8221; el_id=&#8221;myassistant&#8221;][vc_column][vc_empty_space][elx_heading text_color=&#8221;inherit&#8221; text_align=&#8221;text-center&#8221;]Assistenza online myPRO[\/elx_heading][vc_column_text]<\/p>\n<p style=\"text-align: center;\"><strong>Ottieni il massimo dalla tua lavatrice e dal tuo essiccatoio e mangano myPRO e myPROzip.<\/strong><br \/>\nIn questa pagina trovi una raccolta di video tutorial, domande frequenti (FAQ) e altre indicazioni di assistenza online.<br \/>\nRegistra i tuoi prodotti e trova altri accessori e consumabili per sfruttare al meglio i vantaggi dei tuoi essiccatoi e mangani e della tua lavatrice. Contatta i nostri esperti per ulteriore supporto.<\/p>\n<p>[\/vc_column_text][vc_empty_space][\/vc_column][\/vc_row][vc_row disable_element=&#8221;yes&#8221;][vc_column][elx_heading font_container=&#8221;h3&#8243; text_color=&#8221;inherit&#8221; text_align=&#8221;text-center&#8221;]myPRO: video tutorial[\/elx_heading][vc_empty_space][\/vc_column][\/vc_row][vc_row equal_height=&#8221;yes&#8221; disable_element=&#8221;yes&#8221;][vc_column width=&#8221;1\/3&#8243; css=&#8221;.vc_custom_1572277047643{margin-right: 1px !important;margin-left: 1px !important;background-color: #eeeeee !important;}&#8221;][elx_video_block video_link=&#8221;https:\/\/www.youtube.com\/watch?v=OX3JTInT8A4&#8243; minimum_height=&#8221;100px&#8221;][vc_column_text]Lavatrice myPROzip: Istruzioni d&#8217;uso[\/vc_column_text][\/vc_column][vc_column width=&#8221;1\/3&#8243; css=&#8221;.vc_custom_1572277056700{margin-right: 1px !important;margin-left: 1px !important;background-color: #eeeeee !important;}&#8221;][elx_video_block video_link=&#8221;https:\/\/www.youtube.com\/watch?v=liScSk-1b1c&#8221; minimum_height=&#8221;100px&#8221;][vc_column_text]Essiccatoio myPROzip: Istruzioni d&#8217;uso[\/vc_column_text][\/vc_column][vc_column width=&#8221;1\/3&#8243; css=&#8221;.vc_custom_1572277012763{margin-right: 1px !important;margin-left: 1px !important;background-color: #eeeeee !important;}&#8221;][elx_video_block video_link=&#8221;https:\/\/www.youtube.com\/watch?v=IHJiqGrhOm8&#8243; minimum_height=&#8221;100px&#8221;][vc_column_text]myPROzip: Istruzioni di installazione per Lavatrice ed Essiccatoio[\/vc_column_text][\/vc_column][\/vc_row][vc_row][vc_column][vc_empty_space][\/vc_column][\/vc_row][vc_row equal_height=&#8221;yes&#8221; content_placement=&#8221;top&#8221; disable_element=&#8221;yes&#8221;][vc_column width=&#8221;1\/2&#8243;][elx_simple_link_block link=&#8221;url:https%3A%2F%2Fwww.electroluxprofessional.com%2Fit%2F%2Fcommercial-laundry-equipment%2Fmypro-washers-dryers-steam-ironers%2Ffaq-mypro-washer%2F||target:%20_blank|&#8221; text_align=&#8221;text-center&#8221; text_color=&#8221;white&#8221; background_color=&#8221;electrolux-blue-for-small&#8221; background_hover_color=&#8221;darker-hover&#8221; extra_class=&#8221;&#8221; reveal_effect=&#8221;&#8221; reveal_duration=&#8221;&#8221; reveal_delay=&#8221;&#8221;][elx_heading font_container=&#8221;h3&#8243; text_color=&#8221;inherit&#8221;]Assistenza online Lavatrice[\/elx_heading][\/elx_simple_link_block][\/vc_column][vc_column width=&#8221;1\/2&#8243;][elx_simple_link_block link=&#8221;url:https%3A%2F%2Fwww.electroluxprofessional.com%2Fit%2F%2Fcommercial-laundry-equipment%2Fmypro-washers-dryers-steam-ironers%2Fonline-help-dryer%2F||target:%20_blank|&#8221; text_align=&#8221;text-center&#8221; text_color=&#8221;white&#8221; background_color=&#8221;electrolux-blue-for-small&#8221; background_hover_color=&#8221;darker-hover&#8221; extra_class=&#8221;&#8221; reveal_effect=&#8221;&#8221; reveal_duration=&#8221;&#8221; reveal_delay=&#8221;&#8221;][elx_heading font_container=&#8221;h3&#8243; text_color=&#8221;inherit&#8221;]Assistenza online Essiccatoio[\/elx_heading][\/elx_simple_link_block][\/vc_column][\/vc_row][vc_row el_id=&#8221;products&#8221;][vc_column][vc_empty_space][elx_heading text_color=&#8221;inherit&#8221; text_align=&#8221;text-center&#8221;]Lavatrici ed essiccatoi myPROzip per lavanderie ad uso degli ospiti[\/elx_heading]<div class=\"com21-product-filter-container 66\">\n                    <!-- PROD FILTER -->\n                    \n                    <div class=\"container\">\n                        <h4 class=\"text-center\">\n                            Filtro (2 Prodotti)\n                        <\/h4>\n                    <\/div>\n                    <div class=\"specification-filter\">\n                        <div class=\"toggle-filter-container\">\n                            <div class=\"container text-center\">\n                                <a href=\"#filter\" class=\"toggle-filter small-toggle\" data-target=\".category-filter\"  data-class-toggle=\"category-filter-show\" aria-pressed=\"false\" role=\"button\" id=\"open-product-features\">Filtro<\/a>\n                            <\/div>\n                        <\/div>\n                        <div class=\"category-filter \">\n                            <div class=\"container\">\n                    <div class=\"row\">\n                        <div class=\"col-md-4 text-left subcategories-first\">\n                            <fieldset>       \n                                <h5 class=\"h6\">Sottocategoria<\/h5>\n                                <div class=\"subcategory-check\">\n                                    <input type=\"checkbox\" name=\"myprozip\" id=\"myprozip\" data-description=\"myPROzip\" >\n                                    <label for=\"myprozip\">myPROzip<\/label>\n                                <\/div>\n                            \n                            <\/fieldset>\n                        <\/div><!-- end col -->\n                        <\/div>\n        \n                                <div class=\"row\">\n                                    <div class=\"col-md-6 text-left\">\n                                        <span class=\"number-of-products\"><span id=\"number-of-products\">2<\/span> Prodotti<\/span> <a href=\"#\" class=\"btn btn-secondary-bordered\" id=\"filter-reset-btn\">Resetta<\/a>\n                                    <\/div>\n                                    <div class=\"col-md-6 text-right\">\n                                        <a href=\"#\" class=\"close-toggle no-pd-toggle\" data-parent=\"open-product-features\"  aria-pressed=\"true\" role=\"button\">Chiudi<\/a>\n                                    <\/div>\n                                <\/div>\n                                \n                            <\/div><!-- end container -->\n                        <\/div><!-- end category-filter -->\n                    <\/div><!-- end specification-filter -->\n        \n                    <!-- END PROD FILTER -->\n                    \n                    <!-- PROD LIST -->\n                    <div class=\"product-list container\">\n                        <!--Hidden parameters-->\n                        <input type=\"hidden\" name=\"navigation_level_1\" id=\"navigation_level_1\" value=\"0\">\n                        <input type=\"hidden\" name=\"navigation_level_2\" id=\"navigation_level_2\" value=\"\">\n                        <input type=\"hidden\" name=\"navigation_level_3\" id=\"navigation_level_3\" value=\"\">\n                        <input type=\"hidden\" name=\"navigation_level_4\" id=\"navigation_level_4\" value=\"\">\n                        <input type=\"hidden\" name=\"filter_id\" id=\"filter_id\" value=\"66\">\n                        <input type=\"hidden\" name=\"navigation_language\" id=\"navigation_language\" value=\"5000\">\n                        <input type=\"hidden\" name=\"navigation_language_code\" id=\"navigation_language\" value=\"5000\">\n                        <input type=\"hidden\" name=\"page_id\" id=\"page_id\" value=\"23944\">\n                        <!--END Hidden parameters--><ul class=\"row\" ><li data-product-paged=\"\" class=\"anchor_tags_prod col-sm-6 col-md-3 wow fadeIn single-product-list WE170PP\"><div class=\"product-list-item\"><div class=\"product-content-laundry\"><a href=\"https:\/\/www.electroluxprofessional.com\/it\/pd\/mypro\/myprozip\/myprozip-lavatrici\/WE170PP\/\" target=\"_blank\" ><figure><img decoding=\"async\" src=\"https:\/\/tools.electroluxprofessional.com\/Mirror\/Doc\/ELS%2FPH_255x255%2FWE170PP.jpg\" alt=\"WE170PP\"\/><\/figure><div class=\"product-internal-laundry\"><div class=\"product-liv\">myPROzip - Lavatrici<\/div><h3 class=\"product-title\">WE170PP<\/h3><div class=\"product-icons\"><div class=\"product-green\"><\/div><div class=\"product-cod hidden\"><div class=\"hidden type_code\">1<\/div>COD <span class=\"product-code\">WE170PP<\/span><\/div><div class=\"product-fast\"><\/div>\n<\/div><div class=\"product-description-fast-green\"><\/div>\n<\/div><div class=\"product-actions\"><a href=\"https:\/\/www.electroluxprofessional.com\/it\/pd\/mypro\/myprozip\/myprozip-lavatrici\/WE170PP\/\" class=\"btn btn-primary-blue\">View more<\/a><span class=\"compare-product\"><span class=\"compare-checkbox\"><span class=\"compare-checkbox-shape\"><input type=\"checkbox\" class=\"product-comparer\" id=\"prod_1L0DEE\"\/><label class=\"btn\" for=\"prod_1L0DEE\"><span class=\"label-bg\"><\/span>Confronta<\/label><\/span><\/span><\/span><\/div><\/a><\/div><\/div><\/li><li data-product-paged=\"\" class=\"anchor_tags_prod col-sm-6 col-md-3 wow fadeIn single-product-list TE1120P\"><div class=\"product-list-item\"><div class=\"product-content-laundry\"><a href=\"https:\/\/www.electroluxprofessional.com\/it\/pd\/mypro\/myprozip\/myprozip-essiccatoi\/TE1120P\/\" target=\"_blank\" ><figure><img decoding=\"async\" src=\"https:\/\/tools.electroluxprofessional.com\/Mirror\/Doc\/ELS%2FPH_255x255%2FTE1120P.jpg\" alt=\"TE1120P\"\/><\/figure><div class=\"product-internal-laundry\"><div class=\"product-liv\">myPROzip - Essiccatoi<\/div><h3 class=\"product-title\">TE1120P<\/h3><div class=\"product-icons\"><div class=\"product-green\"><\/div><div class=\"product-cod hidden\"><div class=\"hidden type_code\">1<\/div>COD <span class=\"product-code\">TE1120P<\/span><\/div><div class=\"product-fast\"><\/div>\n<\/div><div class=\"product-description-fast-green\"><\/div>\n<\/div><div class=\"product-actions\"><a href=\"https:\/\/www.electroluxprofessional.com\/it\/pd\/mypro\/myprozip\/myprozip-essiccatoi\/TE1120P\/\" class=\"btn btn-primary-blue\">View more<\/a><span class=\"compare-product\"><span class=\"compare-checkbox\"><span class=\"compare-checkbox-shape\"><input type=\"checkbox\" class=\"product-comparer\" id=\"prod_1L0DEJ\"\/><label class=\"btn\" for=\"prod_1L0DEJ\"><span class=\"label-bg\"><\/span>Confronta<\/label><\/span><\/span><\/span><\/div><\/a><\/div><\/div><\/li>\n                        <\/ul>\n                        <div class=\"text-center more-products\">\n                        <\/div>\n                    <\/div>\n                    <!-- END PRODUCT LIST -->\n                    <\/div>\n                    <!-- END PRODUCT LIST -->[\/vc_column][\/vc_row][vc_row disable_element=&#8221;yes&#8221; css=&#8221;.vc_custom_1744377771351{background-color: #eeeeee !important;}&#8221;][vc_column width=&#8221;2\/3&#8243;][elx_heading font_size=&#8221;h3&#8243; text_color=&#8221;inherit&#8221;]Sei alla ricerca di soluzioni per aumentare la tua produttivit\u00e0?[\/elx_heading][elx_heading font_container=&#8221;h3&#8243; font_size=&#8221;h5&#8243; text_color=&#8221;inherit&#8221;]Guarda le nostre soluzioni di lavanderia professionale[\/elx_heading][vc_column_text]Electrolux Professional offre una gamma completa di prodotti per soddisfare le esigenze della tua attivit\u00e0.[\/vc_column_text][elx_button button_text=&#8221;Scopri le nostre soluzioni di lavanderia professionale&#8221; button_style=&#8221;icon&#8221; button_link=&#8221;url:https%3A%2F%2Fwww.electroluxprofessional.com%2Fit%2Flavanderia%2F|title:Soluzioni%20di%20lavanderia%20professionale&#8221;][\/vc_column][vc_column width=&#8221;1\/3&#8243;][vc_empty_space][vc_single_image image=&#8221;23821&#8243; img_size=&#8221;700px&#8221; onclick=&#8221;custom_link&#8221; link=&#8221;http:\/\/https:\/\/www.electroluxprofessional.com\/it\/\/your-business\/commercial-laundries\/&#8221;][vc_empty_space][\/vc_column][\/vc_row][vc_row][vc_column][elx_heading text_color=&#8221;inherit&#8221; text_align=&#8221;text-center&#8221;]Contattaci per ricevere informazioni su myPROzip[\/elx_heading][vc_empty_space][elx_o2000_contact_us b=&#8221;laundry-semi-professional&#8221; r=&#8221;Desidero ricevere maggiori informazioni su myPROzip&#8221;][\/vc_column][\/vc_row]<\/p>\n","protected":false},"excerpt":{"rendered":"<p>[vc_row full_width=&#8221;electroluxpro-full-width-no-padding&#8221;][vc_column][elx_full_banner title=&#8221;myPROzip &#8211; Lavatrici ed essiccatoi&#8221; set_as_h1=&#8221;true&#8221; background_image_media_library=&#8221;23942&#8243; background_image_media_library_mobile=&#8221;23943&#8243;][\/vc_column][\/vc_row][vc_row][vc_column width=&#8221;1\/2&#8243; css=&#8221;.vc_custom_1484574375079{margin-left: 0px !important;border-left-width: 0px !important;padding-left: 0px !important;}&#8221;][elx_simple_block background_color=&#8221;inherit&#8221;][elx_heading font_container=&#8221;h1&#8243; text_color=&#8221;inherit&#8221;]Gestisci una lavanderia ad uso degli ospiti?[\/elx_heading][elx_heading text_color=&#8221;inherit&#8221;]Lavatrici ed essiccatoi myPROzip[\/elx_heading][vc_column_text]myPROzip \u00e8 la linea di Electrolux Professional dedicata alle\u00a0piccole imprese\u00a0che necessitano di\u00a0lavatrici ed essiccatoi per lavanderie ad uso degli ospiti\u00a0pi\u00f9 robusti\u00a0e\u00a0veloci\u00a0rispetto alle macchine ad uso [&hellip;]<\/p>\n","protected":false},"author":1855,"featured_media":0,"parent":0,"menu_order":0,"comment_status":"closed","ping_status":"closed","template":"","meta":{"footnotes":""},"class_list":["post-23944","page","type-page","status-publish","hentry"],"acf":[],"_links":{"self":[{"href":"https:\/\/www.electroluxprofessional.com\/it\/wp-json\/wp\/v2\/pages\/23944"}],"collection":[{"href":"https:\/\/www.electroluxprofessional.com\/it\/wp-json\/wp\/v2\/pages"}],"about":[{"href":"https:\/\/www.electroluxprofessional.com\/it\/wp-json\/wp\/v2\/types\/page"}],"author":[{"embeddable":true,"href":"https:\/\/www.electroluxprofessional.com\/it\/wp-json\/wp\/v2\/users\/1855"}],"replies":[{"embeddable":true,"href":"https:\/\/www.electroluxprofessional.com\/it\/wp-json\/wp\/v2\/comments?post=23944"}],"version-history":[{"count":10,"href":"https:\/\/www.electroluxprofessional.com\/it\/wp-json\/wp\/v2\/pages\/23944\/revisions"}],"predecessor-version":[{"id":26362,"href":"https:\/\/www.electroluxprofessional.com\/it\/wp-json\/wp\/v2\/pages\/23944\/revisions\/26362"}],"wp:attachment":[{"href":"https:\/\/www.electroluxprofessional.com\/it\/wp-json\/wp\/v2\/media?parent=23944"}],"curies":[{"name":"wp","href":"https:\/\/api.w.org\/{rel}","templated":true}]}}