{"id":23884,"date":"2025-02-19T14:53:26","date_gmt":"2025-02-19T14:53:26","guid":{"rendered":"https:\/\/www.electroluxprofessional.com\/it\/?page_id=23884"},"modified":"2026-02-25T15:46:11","modified_gmt":"2026-02-25T15:46:11","slug":"strumenti-finanziari","status":"publish","type":"page","link":"https:\/\/www.electroluxprofessional.com\/it\/strumenti-finanziari\/","title":{"rendered":"Strumenti Finanziari"},"content":{"rendered":"<p>[vc_row][vc_column][elx_hero_slider label_text_color=&#8221;inherit&#8221; images=&#8221;24429&#8243;][elx_heading font_container=&#8221;h1&#8243; font_size=&#8221;h2&#8243; text_color=&#8221;inherit&#8221;]Strumenti Finanziari[\/elx_heading][\/elx_hero_slider][vc_empty_space][vc_column_text]Electrolux Professional mette a disposizione dei propri clienti numerose possibilit\u00e0 per l&#8217;acquisto finanziato di beni strumentali, avvalendosi della collaborazione con diversi Partner specializzati.[\/vc_column_text][vc_empty_space][elx_heading font_size=&#8221;h2&#8243; text_color=&#8221;inherit&#8221;]Perch\u00e9 scegliere soluzioni di finanziamento?[\/elx_heading][vc_column_text]Optare per il finanziamento dei beni strumentali significa garantire all\u2019azienda <strong>maggiore agilit\u00e0 gestionale e sicurezza finanziaria<\/strong>. Oltre a facilitare l\u2019accesso a tecnologie avanzate senza gravare sulla liquidit\u00e0 aziendale, queste soluzioni offrono la flessibilit\u00e0 necessaria per affrontare un mercato in continua evoluzione.[\/vc_column_text][vc_empty_space][elx_button button_text=&#8221;Scarica il flyer&#8221; button_link=&#8221;url:https%3A%2F%2Fwww.electroluxprofessional.com%2Fit%2Fwp-content%2Fuploads%2F2026%2F02%2FEPR_Flyer-2026_low.pdf|title:Flyer%20strumenti%20finanziari|target:_blank&#8221;][vc_empty_space][\/vc_column][\/vc_row][vc_row][vc_column][elx_triple_banner title_1=&#8221;Finanziamento a tasso 0%&#8221; text_1=&#8221;&#8221; title_2=&#8221;Leasing&#8221; text_2=&#8221;&#8221; title_3=&#8221;Noleggio&#8221; text_3=&#8221;&#8221; background_image_media_library_1=&#8221;23968&#8243; background_image_media_library_mobile_1=&#8221;23967&#8243; background_image_media_library_2=&#8221;23969&#8243; background_image_media_library_mobile_2=&#8221;23970&#8243; background_image_media_library_3=&#8221;23973&#8243; background_image_media_library_mobile_3=&#8221;23974&#8243;][vc_empty_space][\/vc_column][\/vc_row][vc_row disable_element=&#8221;yes&#8221;][vc_column][elx_heading font_container=&#8221;h1&#8243; font_size=&#8221;h2&#8243; text_color=&#8221;inherit&#8221;]Strumenti Finanziari[\/elx_heading][vc_column_text]Electrolux Professional mette a disposizione dei propri clienti numerose possibilit\u00e0 per l&#8217;acquisto finanziato di beni strumentali, avvalendosi della collaborazione con diversi Partner specializzati.<\/p>\n<p>In un panorama complesso ed articolato, proviamo a fare ordine tra le ragioni per prediligere tale forma d&#8217;aquisto e le diverse vie percorribili (finanziamento tasso 0%, noleggio, leasing operativo).[\/vc_column_text][vc_empty_space][elx_heading font_size=&#8221;h2&#8243; text_color=&#8221;inherit&#8221;]Finanziare l\u2019acquisto di beni strumentali: perch\u00e9 conviene?[\/elx_heading][vc_column_text]L\u2019acquisto di beni strumentali rappresenta un investimento cruciale per ogni impresa che desidera crescere e mantenere la propria competitivit\u00e0. Tuttavia, questo tipo di spesa comporta alcuni elementi di incertezza e impegni finanziari rilevanti. Perch\u00e9, allora, conviene affidarsi a strumenti finanziari come finanziamenti, leasing o noleggi anzich\u00e9 procedere con l\u2019acquisto diretto?[\/vc_column_text][vc_empty_space][elx_heading font_size=&#8221;h2&#8243; text_color=&#8221;inherit&#8221;]Le caratteristiche dei beni strumentali[\/elx_heading][vc_column_text]I beni strumentali si distinguono per due caratteristiche fondamentali:<\/p>\n<ol>\n<li><strong>Durata nel tempo<\/strong>\n<ul>\n<li>Fisica: legata alla funzionalit\u00e0 del bene e alla sua usura.<\/li>\n<li>Economica: influenzata dall\u2019obsolescenza tecnologica e dai cambiamenti del mercato.<\/li>\n<\/ul>\n<\/li>\n<li><strong>Esborso finanziario anticipato<\/strong>\n<ul>\n<li>L\u2019acquisizione di beni strumentali richiede un investimento iniziale significativo, il cui ritorno non \u00e8 sempre prevedibile nei tempi e negli importi.<\/li>\n<\/ul>\n<\/li>\n<\/ol>\n<p>In sintesi, investire in beni strumentali espone l\u2019azienda a un rischio legato all\u2019incertezza del futuro e alla possibilit\u00e0 di ottenere ritorni inferiori all\u2019importo investito.[\/vc_column_text][vc_empty_space][elx_heading font_size=&#8221;h2&#8243; text_color=&#8221;inherit&#8221;]I vantaggi del finanziamento dei beni strumentali[\/elx_heading][vc_column_text]L\u2019utilizzo di strumenti finanziari offre una serie di benefici rispetto all\u2019acquisto diretto, garantendo maggiore flessibilit\u00e0 e ottimizzazione delle risorse aziendali. Vediamo nel dettaglio i principali vantaggi:<\/p>\n<ol>\n<li><strong> Ridurre l\u2019impatto sulla liquidit\u00e0<\/strong><br \/>\nGrazie a soluzioni come finanziamenti, leasing o noleggi, \u00e8 possibile distribuire il costo del bene lungo il suo ciclo di vita utile. Questo approccio permette di:<\/p>\n<ul>\n<li>Preservare le risorse liquide per altre esigenze aziendali.<\/li>\n<li>Personalizzare i piani di pagamento in base ai flussi di cassa e alle entrate previste.<\/li>\n<\/ul>\n<\/li>\n<\/ol>\n<ol start=\"2\">\n<li><strong> Beneficiare di vantaggi fiscali<\/strong><br \/>\nFinanziare l\u2019acquisto di beni strumentali consente di ottenere significativi risparmi fiscali, grazie alla deduzione dei costi sostenuti.<br \/>\nIn particolare:<\/p>\n<ul>\n<li>I canoni di leasing o noleggio sono generalmente deducibili, riducendo cos\u00ec l\u2019imponibile fiscale.<\/li>\n<li>Rispetto all\u2019acquisto con fondi propri, l\u2019uso di strumenti finanziari offre maggiori opportunit\u00e0 di ottimizzazione fiscale.<\/li>\n<\/ul>\n<\/li>\n<\/ol>\n<ol start=\"3\">\n<li><strong>Minimizzare il rischio dell\u2019investimento<\/strong><br \/>\nLe formule di acquisto flessibili consentono di adattarsi ai cambiamenti del mercato, offrendo diverse opzioni:<\/p>\n<ul>\n<li>Rivendere il bene prima del termine del contratto.<\/li>\n<li>Restituire o sostituire il bene con uno pi\u00f9 aggiornato, rispondendo rapidamente all\u2019evoluzione tecnologica o a mutate esigenze operative.<\/li>\n<\/ul>\n<\/li>\n<\/ol>\n<p>[\/vc_column_text][vc_empty_space][elx_heading font_size=&#8221;h2&#8243; text_color=&#8221;inherit&#8221;]Perch\u00e9 scegliere soluzioni di finanziamento?[\/elx_heading][vc_column_text]Optare per il finanziamento dei beni strumentali significa garantire all\u2019azienda <strong>maggiore agilit\u00e0 gestionale e sicurezza finanziaria<\/strong>. Oltre a facilitare l\u2019accesso a tecnologie avanzate senza gravare sulla liquidit\u00e0 aziendale, queste soluzioni offrono la flessibilit\u00e0 necessaria per affrontare un mercato in continua evoluzione.[\/vc_column_text][vc_empty_space][\/vc_column][\/vc_row][vc_row el_id=&#8221;contattaci&#8221;][vc_column][elx_heading text_color=&#8221;inherit&#8221;]Quale soluzione finanziaria scegliere?[\/elx_heading][vc_column_text]Contattaci per approfondire i diversi strumenti finanziari e capire quale sia il pi\u00f9 adatto alle tue esigenze.[\/vc_column_text][vc_empty_space][elx_o2000_contact_us s=&#8221;Request of contact from the website: strumenti finanziari&#8221; campaign=&#8221;701SX00000OejiEYAR&#8221; country=&#8221;Italy&#8221; thanks=&#8221;Grazie per la tua richiesta. Verrai ricontattato al pi\u00f9 presto.&#8221; r=&#8221;Vorrei approfondire i diversi strumenti finanziari e capire quale sia il pi\u00f9 adatto alle mie esigenze.&#8221;][\/vc_column][\/vc_row]<\/p>\n","protected":false},"excerpt":{"rendered":"<p>[vc_row][vc_column][elx_hero_slider label_text_color=&#8221;inherit&#8221; images=&#8221;24429&#8243;][elx_heading font_container=&#8221;h1&#8243; font_size=&#8221;h2&#8243; text_color=&#8221;inherit&#8221;]Strumenti Finanziari[\/elx_heading][\/elx_hero_slider][vc_empty_space][vc_column_text]Electrolux Professional mette a disposizione dei propri clienti numerose possibilit\u00e0 per l&#8217;acquisto finanziato di beni strumentali, avvalendosi della collaborazione con diversi Partner specializzati.[\/vc_column_text][vc_empty_space][elx_heading font_size=&#8221;h2&#8243; text_color=&#8221;inherit&#8221;]Perch\u00e9 scegliere soluzioni di finanziamento?[\/elx_heading][vc_column_text]Optare per il finanziamento dei beni strumentali significa garantire all\u2019azienda maggiore agilit\u00e0 gestionale e sicurezza finanziaria. Oltre a facilitare l\u2019accesso a [&hellip;]<\/p>\n","protected":false},"author":1036,"featured_media":0,"parent":0,"menu_order":0,"comment_status":"closed","ping_status":"closed","template":"","meta":{"footnotes":""},"class_list":["post-23884","page","type-page","status-publish","hentry"],"acf":[],"_links":{"self":[{"href":"https:\/\/www.electroluxprofessional.com\/it\/wp-json\/wp\/v2\/pages\/23884"}],"collection":[{"href":"https:\/\/www.electroluxprofessional.com\/it\/wp-json\/wp\/v2\/pages"}],"about":[{"href":"https:\/\/www.electroluxprofessional.com\/it\/wp-json\/wp\/v2\/types\/page"}],"author":[{"embeddable":true,"href":"https:\/\/www.electroluxprofessional.com\/it\/wp-json\/wp\/v2\/users\/1036"}],"replies":[{"embeddable":true,"href":"https:\/\/www.electroluxprofessional.com\/it\/wp-json\/wp\/v2\/comments?post=23884"}],"version-history":[{"count":33,"href":"https:\/\/www.electroluxprofessional.com\/it\/wp-json\/wp\/v2\/pages\/23884\/revisions"}],"predecessor-version":[{"id":27781,"href":"https:\/\/www.electroluxprofessional.com\/it\/wp-json\/wp\/v2\/pages\/23884\/revisions\/27781"}],"wp:attachment":[{"href":"https:\/\/www.electroluxprofessional.com\/it\/wp-json\/wp\/v2\/media?parent=23884"}],"curies":[{"name":"wp","href":"https:\/\/api.w.org\/{rel}","templated":true}]}}