{"id":23477,"date":"2024-12-23T08:02:30","date_gmt":"2024-12-23T08:02:30","guid":{"rendered":"https:\/\/www.electroluxprofessional.com\/it\/?page_id=23477"},"modified":"2025-10-16T07:19:18","modified_gmt":"2025-10-16T07:19:18","slug":"soluzioni-linea-6000","status":"publish","type":"page","link":"https:\/\/www.electroluxprofessional.com\/it\/soluzioni-linea-6000\/","title":{"rendered":"Soluzioni Linea 6000"},"content":{"rendered":"<p>[vc_row full_width=&#8221;electroluxpro-full-width-no-padding&#8221;][vc_column][elx_image_block background_image=&#8221;23419&#8243; minimum_height=&#8221;400px&#8221;][vc_empty_space][\/vc_column][\/vc_row][vc_row][vc_column][elx_heading font_container=&#8221;h1&#8243; text_color=&#8221;inherit&#8221;]Soluzioni a basso consumo energetico per la tua Lavanderia Professionale[\/elx_heading][vc_empty_space][vc_column_text]Riduci i costi di gestione della tua lavanderia professionale senza compromettere i profitti.<\/p>\n<p>Abbina <strong>le lavatrici professionali supercentrifuganti<\/strong> ai nuovi <strong>essiccatoi a pompa di calore<\/strong> per ammortizzare i costi energetici in aumento senza compromettere la competitivit\u00e0 della tua attivit\u00e0. Completa il ciclo di lavaggio con i nostri mangani per ottenere risultati eccellenti![\/vc_column_text][vc_empty_space][elx_button button_text=&#8221;PRODOTTI&#8221; button_style=&#8221;secondary&#8221; button_link=&#8221;url:%23products|title:GO%20TO%20PRODUCTS&#8221;][vc_empty_space][\/vc_column][\/vc_row][vc_row full_width=&#8221;electroluxpro-full-width-no-padding&#8221;][vc_column][elx_features_download title=&#8221;&#8221; bg_row=&#8221;bg-row-sustainability-green&#8221; values=&#8221;%5B%7B%22select_type%22%3A%22link%22%7D%5D&#8221; discover=&#8221;%5B%7B%7D%5D&#8221; features=&#8221;%5B%7B%22icon_electroluxpro%22%3A%20%22elx-icon%20icon-70-energy-savings-white%22%2C%22title_icon%22%3A%20%22Risparmio%20energetico%22%2C%22text_icon%22%3A%20%22Un%20investimento%20intelligente%20e%20redditizio%3A%20risparmia%20oltre%20il%2070%25%20dei%20costi%20di%20gestione%20della%20tua%20lavanderia%20professionale%20abbinando%20una%20lavatrice%20supercentrifugante%20della%20Linea%206000%20a%20un%20essiccatoio%20a%20pompa%20di%20calore.%20%3Cbr%3E%20%3Cbr%3E%20%3Csup%3E%2Aconfrontando%20la%20lavatrice%20a%20centrifuga%20normale%20e%20l%27essiccatoio%20a%20ventilazione%20%28WN6-14%20AND%20TD6-14%29%20con%20WH6-14%20e%20TD6-14HP.%3C%2Fsup%3E%22%7D%5D&#8221;][\/elx_features_download][elx_features_download title=&#8221;Per un bucato sostenibile&#8221; class_title=&#8221;h2&#8243; bg_discover_color=&#8221;bg-download-white&#8221; link_discover_color=&#8221;download-text-blue&#8221; bg_row=&#8221;bg-row-light-blue&#8221; values=&#8221;%5B%7B%22select_type%22%3A%22pride%22%2C%22label_pride_document%22%3A%22EPR%20Laundry%20Gamma%20Prodotti%22%2C%22document_type%22%3A%22range-overviews%22%2C%22ro_document_number%22%3A%22RAN-9JE00031%22%7D%2C%7B%22select_type%22%3A%22pride%22%2C%22link_download%22%3A%22url%3Ahttps%253A%252F%252Fwww.electroluxprofessional.com%252Fwp-content%252Fuploads%252F2023%252F09%252FEPR_Line-6000-Washers-Dryers-brochure-16032023_LR.pdf%7Ctitle%3ALine%25206000%2520Solutions%22%2C%22label_pride_document%22%3A%22Linea%206000%20Lavatrici%20ed%20Essiccatoi%22%2C%22document_type%22%3A%22brochures%22%2C%22br_document_number%22%3A%22A0109%22%7D%5D&#8221; discover=&#8221;%5B%7B%7D%5D&#8221; features=&#8221;%5B%7B%22icon_electroluxpro%22%3A%22elx-icon%20icon-circle-savings-green-blue%22%2C%22title_icon%22%3A%22Consumo%20ridotto%20di%20detergenti%22%2C%22text_icon%22%3A%22Riduzione%20dei%20costi%20del%20ciclo%20di%20vita%20grazie%20alle%20funzioni%20di%20dosaggio%20intelligente%22%7D%2C%7B%22icon_electroluxpro%22%3A%22elx-icon%20icon-circle-graphic-blue%22%2C%22title_icon%22%3A%22Disidratazione%20massima%22%2C%22text_icon%22%3A%22Elevata%20velocit%C3%A0%20di%20estrazione%20per%20ottimizzare%20il%20consumo%20di%20acqua%22%7D%2C%7B%22icon_electroluxpro%22%3A%22elx-icon%20icon-circle-laundry-productivity-blue%22%2C%22title_icon%22%3A%22Ottimizza%20i%20tuoi%20profitti%20risparmiando%20il%2065%25%20di%20energia%22%2C%22text_icon%22%3A%22Cicli%20di%20asciugatura%20pi%C3%B9%20rapidi%20grazie%20alla%20nuova%20tecnologia%20della%20pompa%20di%20calore%22%7D%5D&#8221;][\/elx_features_download][vc_empty_space][\/vc_column][\/vc_row][vc_row full_width=&#8221;electroluxpro-full-width-no-padding&#8221; disable_element=&#8221;yes&#8221;][vc_column][elx_features_download title=&#8221;&#8221; bg_row=&#8221;bg-row-sustainability-green&#8221; values=&#8221;%5B%7B%22select_type%22%3A%22link%22%7D%5D&#8221; discover=&#8221;%5B%7B%7D%5D&#8221; features=&#8221;%5B%7B%22icon_electroluxpro%22%3A%20%22elx-icon%20icon-70-energy-savings-white%22%2C%22title_icon%22%3A%20%22Risparmio%20energetico%22%2C%22text_icon%22%3A%20%22Un%20investimento%20intelligente%20e%20redditizio%3A%20risparmia%20oltre%20il%2070%25%20dei%20costi%20di%20gestione%20della%20tua%20lavanderia%20professionale%20abbinando%20una%20lavatrice%20supercentrifugante%20della%20Linea%206000%20a%20un%20essiccatoio%20a%20pompa%20di%20calore.%20%3Cbr%3E%20%3Cbr%3E%20%3Csup%3E%2Aconfrontando%20la%20lavatrice%20a%20centrifuga%20normale%20e%20l%27essiccatoio%20a%20ventilazione%20%28WN6-14%20AND%20TD6-14%29%20con%20WH6-14%20e%20TD6-14HP.%3C%2Fsup%3E%22%7D%5D&#8221;][\/elx_features_download][elx_features_download title=&#8221;Per un bucato sostenibile&#8221; class_title=&#8221;h2&#8243; bg_discover_color=&#8221;bg-download-white&#8221; link_discover_color=&#8221;download-text-blue&#8221; bg_row=&#8221;bg-row-light-blue&#8221; values=&#8221;%5B%7B%22select_type%22%3A%22link%22%2C%22link_download%22%3A%22url%3Ahttps%253A%252F%252Fwww.electroluxprofessional.com%252Fwp-content%252Fuploads%252F2023%252F09%252FElectrolux-Professional-Sustainability_ENG.pdf%7Ctitle%3ASustainability%2520Brochure%7Ctarget%3A_blank%22%7D%2C%7B%22select_type%22%3A%22pride%22%2C%22link_download%22%3A%22url%3Ahttps%253A%252F%252Fwww.electroluxprofessional.com%252Fwp-content%252Fuploads%252F2023%252F09%252FEPR_Line-6000-Washers-Dryers-brochure-16032023_LR.pdf%7Ctitle%3ALine%25206000%2520Solutions%22%2C%22label_pride_document%22%3A%22Line%206000%20Washers%20and%20Dryers%22%2C%22document_type%22%3A%22brochures%22%2C%22br_document_number%22%3A%22A0109%22%7D%2C%7B%22select_type%22%3A%22pride%22%2C%22link_download%22%3A%22url%3Ahttps%253A%252F%252Fwww.electroluxprofessional.com%252Fwp-content%252Fuploads%252F2023%252F09%252FEPR_Leaflet-Detergents_Ecolabel_ENG_05102021_LR.pdf%7Ctitle%3AEcolabel%2520Detergents%22%2C%22label_pride_document%22%3A%22Ecolabel%20Detergents%22%2C%22document_type%22%3A%22brochures%22%2C%22br_document_number%22%3A%22A0123%22%7D%2C%7B%22select_type%22%3A%22pride%22%2C%22link_download%22%3A%22url%3Ahttps%253A%252F%252Fwww.electroluxprofessional.com%252Fwp-content%252Fuploads%252F2023%252F09%252FEPR_Leaflet-Detergents_Ecolabel_ENG_05102021_LR.pdf%7Ctitle%3AEcolabel%2520Detergents%22%2C%22label_pride_document%22%3A%22Range%20overview%20brochure%22%2C%22document_type%22%3A%22range-overviews%22%2C%22ro_document_number%22%3A%22RAN-9JE00031%22%7D%5D&#8221; discover=&#8221;%5B%7B%22link_discover%22%3A%22url%3Ahttps%253A%252F%252Fwww.electroluxprofessional.com%252Fensuring-profitability-with-efficient-on-premises-laundry%252F%7Ctitle%3AHigh%2520Spin%2520Washer%2520and%2520Heat%2520Pump%2520Dryer%253A%2520the%2520perfect%2520couple%7Ctarget%3A_blank%22%7D%2C%7B%22link_discover%22%3A%22url%3Ahttps%253A%252F%252Fwww.electroluxprofessional.com%252Fhow-heat-pump-dryers-can-beat-the-energy-crisis%252F%7Ctitle%3ASave%252065%2525%2520with%2520our%2520Heat%2520Pump%2520Dryer%7Ctarget%3A_blank%22%7D%2C%7B%22link_discover%22%3A%22url%3Ahttps%253A%252F%252Fwww.electroluxprofessional.com%252Fcustomer-care%252F%7Ctitle%3AEssentia%253A%2520the%2520heart%2520of%2520customer%2520service%7Ctarget%3A_blank%22%7D%5D&#8221; features=&#8221;%5B%7B%22icon_electroluxpro%22%3A%22elx-icon%20icon-circle-savings-green-blue%22%2C%22title_icon%22%3A%22Consumo%20ridotto%20di%20detergenti%22%2C%22text_icon%22%3A%22Riduzione%20dei%20costi%20del%20ciclo%20di%20vita%20grazie%20alle%20funzioni%20di%20dosaggio%20intelligente%22%7D%2C%7B%22icon_electroluxpro%22%3A%22elx-icon%20icon-circle-graphic-blue%22%2C%22title_icon%22%3A%22Disidratazione%20massima%22%2C%22text_icon%22%3A%22Elevata%20velocit%C3%A0%20di%20estrazione%20per%20ottimizzare%20il%20consumo%20di%20acqua%22%7D%2C%7B%22icon_electroluxpro%22%3A%22elx-icon%20icon-circle-laundry-productivity-blue%22%2C%22title_icon%22%3A%22Ottimizza%20i%20tuoi%20profitti%20risparmiando%20il%2065%25%20di%20energia%22%2C%22text_icon%22%3A%22Cicli%20di%20asciugatura%20pi%C3%B9%20rapidi%20grazie%20alla%20nuova%20tecnologia%20della%20pompa%20di%20calore%22%7D%5D&#8221;][\/elx_features_download][vc_empty_space][\/vc_column][\/vc_row][vc_row][vc_column][elx_text_image style_image=&#8221;image_square&#8221; bg_row=&#8221;bg-download-white&#8221; title=&#8221;Consumo ridotto di detergenti&#8221; lists=&#8221;%5B%7B%7D%5D&#8221; values=&#8221;%5B%7B%7D%5D&#8221; single_image=&#8221;23482&#8243;]Detergenti, prodotti chimici e utenze costituisco il 90% del costo del ciclo di vita di una lavatrice professionale.<\/p>\n<p>Dosaggio corretto e costi di gestione ottimizzati grazie alle funzioni intelligenti disponibili sui modelli Clarus Vibe. La funzione <strong>Intelligent Dosing<\/strong> regola automaticamente il detersivo in base al peso del carico, mentre la funzione <strong>Integrated Savings<\/strong> fornisce dati in tempo reale per evitare sovraccarichi o carichi insufficienti.[\/elx_text_image][\/vc_column][\/vc_row][vc_row][vc_column][elx_text_image number_images=&#8221;n&#8221; style_image=&#8221;image_square&#8221; image_position=&#8221;image_left&#8221; bg_row=&#8221;bg-download-white&#8221; title=&#8221;Disidratazione massima&#8221; lists=&#8221;%5B%7B%7D%5D&#8221; values=&#8221;%5B%7B%7D%5D&#8221; multi_images=&#8221;23483&#8243;]Ottimizza la disidratazione durante la fase di lavaggio per ridurre l\u2019umidit\u00e0 e i tempi di asciugatura.<\/p>\n<p>La funzione <strong>Automatic Savings<\/strong> pesa il bucato e regola automaticamente l&#8217;apporto di acqua sulla base al peso effettivo del carico. La velocit\u00e0 di estrazione supercentrifugante a 450G richiede solo 6 litri d&#8217;acqua per ogni chilogrammo di biancheria, mentre la funzione <strong>Power Balance<\/strong> garantisce che venga trattenuta la minor quantit\u00e0 di acqua possibile prima della fase di asciugatura.[\/elx_text_image][vc_empty_space][\/vc_column][\/vc_row][vc_row][vc_column][elx_text_image number_images=&#8221;n&#8221; style_image=&#8221;image_square&#8221; bg_row=&#8221;bg-download-white&#8221; title=&#8221;Ottimizza i processi di asciugatura consumando il 65% di energia in meno&#8221; lists=&#8221;%5B%7B%7D%5D&#8221; values=&#8221;%5B%7B%7D%5D&#8221; multi_images=&#8221;23484&#8243;]Raggiungi tempi di asciugatura pari a quelli di un essiccatoio professionale a ventilazione riducendo i consumi.<\/p>\n<p>La nuova tecnologia, ispirata ai successi raggiunti con le soluzioni per la climatizzazione domestica, garantisce cicli di asciugatura di 35 minuti, cio\u00e8 due volte pi\u00f9 veloci rispetto a un essiccatoio a pompa di calore tradizionale, per una maggiore produttivit\u00e0, un funzionamento silenzioso e un rapido ritorno sull\u2019investimento.[\/elx_text_image][vc_empty_space][\/vc_column][\/vc_row][vc_row disable_element=&#8221;yes&#8221; css=&#8221;.vc_custom_1699948553798{background-color: #e9eff5 !important;}&#8221;][vc_column][elx_multiple_columns number_columns=&#8221;4&#8243; title=&#8221;Soluzioni per le aziende&#8221; values=&#8221;%5B%7B%22image_section%22%3A%20%2250198%22%2C%22title_section%22%3A%20%22Lavanderie%20self-service%22%2C%22text_section%22%3A%20%22Ottimizza%20i%20profitti%20e%20aumenta%20il%20numero%20di%20clienti%20grazie%20a%20tempi%20di%20lavaggio%20ridotti.%22%2C%22link_section%22%3A%20%22url%3Ahttps%253A%252F%252Fwww.electroluxprofessional.com%252Fyour-business%252Fself-service-laundries%252Flaundromats%252F%7Ctitle%3ADiscover%22%7D%2C%7B%22image_section%22%3A%20%2250199%22%2C%22title_section%22%3A%20%22Hotel%22%2C%22text_section%22%3A%20%22Ammortizza%20i%20costi%20energetici%20in%20aumento%20riducendo%20i%20consumi%20e%20ottimizzando%20l%27efficienza%20delle%20attrezzature.%22%2C%22link_section%22%3A%20%22url%3Ahttps%253A%252F%252Fwww.electroluxprofessional.com%252Fyour-business%252Fhotels%252F%7Ctitle%3ADiscover%22%7D%2C%7B%22image_section%22%3A%20%2250200%22%2C%22title_section%22%3A%20%22Lavanderie%20condominiali%22%2C%22text_section%22%3A%20%22Rumorosit%C3%A0%20ridotta%20al%20minimo%20grazie%20al%20funzionamento%20silenzioso%20della%20pompa%20di%20calore%20e%20costi%20di%20lavaggio%20convenienti.%22%2C%22link_section%22%3A%20%22url%3Ahttps%253A%252F%252Fwww.electroluxprofessional.com%252Fyour-business%252Fself-service-laundries%252Fmulti-housing-laundry%252F%7Ctitle%3ADiscover%22%7D%5D&#8221;][\/elx_multiple_columns][\/vc_column][\/vc_row][vc_row disable_element=&#8221;yes&#8221; css=&#8221;.vc_custom_1741089652751{background-color: rgba(136,184,204,0.8) !important;*background-color: rgb(136,184,204) !important;}&#8221;][vc_column][elx_heading text_color=&#8221;inherit&#8221;]Dove trovare le nostre soluzioni[\/elx_heading][vc_empty_space][\/vc_column][\/vc_row][vc_row disable_element=&#8221;yes&#8221; css=&#8221;.vc_custom_1741089610993{background-color: rgba(136,184,204,0.8) !important;*background-color: rgb(136,184,204) !important;}&#8221;][vc_column width=&#8221;1\/3&#8243;][elx_simple_link_block link=&#8221;url:https%3A%2F%2Fwww.electroluxprofessional.com%2Fit%2Fla-tua-attivita%2Flavanderie-self-service%2Flavagettone%2F|target:_blank&#8221; text_align=&#8221;text-left&#8221; text_color=&#8221;inherit&#8221; background_color=&#8221;inherit&#8221; background_hover_color=&#8221;darker-hover&#8221; extra_class=&#8221;&#8221; reveal_effect=&#8221;&#8221; reveal_duration=&#8221;&#8221; reveal_delay=&#8221;&#8221;][vc_single_image image=&#8221;23420&#8243;][elx_heading text_color=&#8221;inherit&#8221;]Lavanderie self-service[\/elx_heading][vc_column_text]Ottimizza i profitti e aumenta il numero di clienti grazie a tempi di lavaggio ridotti.[\/vc_column_text][\/elx_simple_link_block][\/vc_column][vc_column width=&#8221;1\/3&#8243;][elx_simple_link_block link=&#8221;url:https%3A%2F%2Fwww.electroluxprofessional.com%2Fit%2Fla-tua-attivita%2Fhotel%2F|target:_blank&#8221; text_align=&#8221;text-left&#8221; text_color=&#8221;inherit&#8221; background_color=&#8221;inherit&#8221; background_hover_color=&#8221;darker-hover&#8221; extra_class=&#8221;&#8221; reveal_effect=&#8221;&#8221; reveal_duration=&#8221;&#8221; reveal_delay=&#8221;&#8221;][vc_single_image image=&#8221;23421&#8243;][elx_heading text_color=&#8221;inherit&#8221;]Hotel[\/elx_heading][vc_column_text]Ammortizza i costi energetici in aumento riducendo i consumi e ottimizzando l&#8217;efficienza delle attrezzature.[\/vc_column_text][\/elx_simple_link_block][\/vc_column][vc_column width=&#8221;1\/3&#8243;][elx_simple_link_block link=&#8221;url:https%3A%2F%2Fwww.electroluxprofessional.com%2Fit%2Fla-tua-attivita%2Flavanderie-self-service%2Flavanderie-condominiali%2F|target:_blank&#8221; text_align=&#8221;text-left&#8221; text_color=&#8221;inherit&#8221; background_color=&#8221;inherit&#8221; background_hover_color=&#8221;darker-hover&#8221; extra_class=&#8221;&#8221; reveal_effect=&#8221;&#8221; reveal_duration=&#8221;&#8221; reveal_delay=&#8221;&#8221;][vc_single_image image=&#8221;23422&#8243;][elx_heading text_color=&#8221;inherit&#8221;]Lavanderie condominiali[\/elx_heading][vc_column_text]Rumorosit\u00e0 ridotta al minimo grazie al funzionamento silenzioso della pompa di calore e costi di lavaggio convenienti.[\/vc_column_text][\/elx_simple_link_block][\/vc_column][\/vc_row][vc_row el_id=&#8221;products&#8221;][vc_column][vc_empty_space][elx_heading text_color=&#8221;inherit&#8221; text_align=&#8221;text-center&#8221;]Scopri tutti i prodotti della Linea 6000[\/elx_heading][vc_empty_space][elx_product_showcase number_columns=&#8221;3&#8243; order_col1=&#8221;1&#8243; image_col1=&#8221;23485&#8243; order_col2=&#8221;2&#8243; image_col2=&#8221;23486&#8243; order_col3=&#8221;3&#8243; image_col3=&#8221;23487&#8243; order_col4=&#8221;4&#8243; bg_row=&#8221;bg-download-white&#8221; title_col1=&#8221;Lavatrici professionali&#8221; title_col2=&#8221;Lavatrici a barriera&#8221; title_col3=&#8221;Essiccatoi&#8221; link_col1=&#8221;url:https%3A%2F%2Fwww.electroluxprofessional.com%2Fit%2Flavanderia%2Flavatrici-professionali-carica-frontale%2F&#8221; link_col2=&#8221;url:https%3A%2F%2Fwww.electroluxprofessional.com%2Fit%2Flavanderia%2Flavatrici-a-barriera%2F&#8221; link_col3=&#8221;url:https%3A%2F%2Fwww.electroluxprofessional.com%2Fit%2Flavanderia%2Fessiccatoi%2F&#8221;][vc_empty_space][elx_product_showcase number_columns=&#8221;2&#8243; order_col1=&#8221;1&#8243; image_col1=&#8221;23488&#8243; order_col2=&#8221;2&#8243; image_col2=&#8221;23481&#8243; order_col3=&#8221;3&#8243; order_col4=&#8221;4&#8243; bg_row=&#8221;bg-download-white&#8221; title_col1=&#8221;Cabine di asciugatura&#8221; title_col2=&#8221;Mangani asciuganti&#8221; link_col1=&#8221;url:https%3A%2F%2Fwww.electroluxprofessional.com%2Fit%2Flavanderia%2Fcabine-di-asciugatura%2F&#8221; link_col2=&#8221;url:https%3A%2F%2Fwww.electroluxprofessional.com%2Fit%2Flavanderia%2Fmangani%2F&#8221;][\/vc_column][\/vc_row][vc_row full_width=&#8221;electroluxpro-full-width-no-padding&#8221; disable_element=&#8221;yes&#8221; matched_labels=&#8221;&#8221;][vc_column][elx_features_download title=&#8221;Essentia: il cuore del nostro servizio clienti&#8221; title_download=&#8221;&#8221; bg_row=&#8221;bg-row-light-blue&#8221; values=&#8221;%5B%7B%22select_type%22%3A%22link%22%2C%22link_download%22%3A%22url%3Ahttps%253A%252F%252Fwww.electroluxprofessional.com%252Fwp-content%252Fuploads%252F2022%252F01%252FCLF_CLF-9JE00193_1_5_1_5_EPR_Essentia_Service-agreements_2020_ENG_LR.pdf%7Ctitle%3ADiscover%2520Essentia%7Ctarget%3A_blank%22%7D%5D&#8221; discover=&#8221;%5B%7B%7D%5D&#8221; features=&#8221;%5B%7B%7D%5D&#8221;]Fornendoti il supporto necessario, si prende cura delle tue apparecchiature attraverso una rete di assistenza tecnica affidabile, una gamma di servizi esclusivi personalizzati e una tecnologia innovativa.[\/elx_features_download][\/vc_column][\/vc_row]<\/p>\n","protected":false},"excerpt":{"rendered":"<p>[vc_row full_width=&#8221;electroluxpro-full-width-no-padding&#8221;][vc_column][elx_image_block background_image=&#8221;23419&#8243; minimum_height=&#8221;400px&#8221;][vc_empty_space][\/vc_column][\/vc_row][vc_row][vc_column][elx_heading font_container=&#8221;h1&#8243; text_color=&#8221;inherit&#8221;]Soluzioni a basso consumo energetico per la tua Lavanderia Professionale[\/elx_heading][vc_empty_space][vc_column_text]Riduci i costi di gestione della tua lavanderia professionale senza compromettere i profitti. Abbina le lavatrici professionali supercentrifuganti ai nuovi essiccatoi a pompa di calore per ammortizzare i costi energetici in aumento senza compromettere la competitivit\u00e0 della tua attivit\u00e0. Completa il [&hellip;]<\/p>\n","protected":false},"author":1,"featured_media":0,"parent":0,"menu_order":0,"comment_status":"closed","ping_status":"closed","template":"","meta":{"footnotes":""},"class_list":["post-23477","page","type-page","status-publish","hentry"],"acf":[],"_links":{"self":[{"href":"https:\/\/www.electroluxprofessional.com\/it\/wp-json\/wp\/v2\/pages\/23477"}],"collection":[{"href":"https:\/\/www.electroluxprofessional.com\/it\/wp-json\/wp\/v2\/pages"}],"about":[{"href":"https:\/\/www.electroluxprofessional.com\/it\/wp-json\/wp\/v2\/types\/page"}],"author":[{"embeddable":true,"href":"https:\/\/www.electroluxprofessional.com\/it\/wp-json\/wp\/v2\/users\/1"}],"replies":[{"embeddable":true,"href":"https:\/\/www.electroluxprofessional.com\/it\/wp-json\/wp\/v2\/comments?post=23477"}],"version-history":[{"count":11,"href":"https:\/\/www.electroluxprofessional.com\/it\/wp-json\/wp\/v2\/pages\/23477\/revisions"}],"predecessor-version":[{"id":26351,"href":"https:\/\/www.electroluxprofessional.com\/it\/wp-json\/wp\/v2\/pages\/23477\/revisions\/26351"}],"wp:attachment":[{"href":"https:\/\/www.electroluxprofessional.com\/it\/wp-json\/wp\/v2\/media?parent=23477"}],"curies":[{"name":"wp","href":"https:\/\/api.w.org\/{rel}","templated":true}]}}