{"id":21884,"date":"2023-09-12T06:51:59","date_gmt":"2023-09-12T06:51:59","guid":{"rendered":"https:\/\/www.electroluxprofessional.com\/it\/?page_id=21884"},"modified":"2025-10-16T07:06:19","modified_gmt":"2025-10-16T07:06:19","slug":"herodry-unita-di-asciugatura-per-stoviglie-e-bicchieri-riutilizzabili","status":"publish","type":"page","link":"https:\/\/www.electroluxprofessional.com\/it\/ristorazione\/herodry-unita-di-asciugatura-per-stoviglie-e-bicchieri-riutilizzabili\/","title":{"rendered":"HeroDry, unit\u00e0 di asciugatura per stoviglie e bicchieri riutilizzabili"},"content":{"rendered":"<p>[vc_row full_width=&#8221;electroluxpro-full-width-no-padding&#8221;][vc_column][elx_image_block background_image=&#8221;21883&#8243; minimum_height=&#8221;400px&#8221;][vc_empty_space][\/vc_column][\/vc_row][vc_row full_width=&#8221;electroluxpro-container-no-padding&#8221;][vc_column][elx_text_image tag_title=&#8221;h1&#8243; class_title=&#8221;h1&#8243; style_image=&#8221;image_square&#8221; columns_proportion=&#8221;three_fifth&#8221; bg_row=&#8221;bg-download-white&#8221; title=&#8221;Ridurre, Riutilizzare e Riciclare con HeroDry, la zona di asciugatura indipendente&#8221; lists=&#8221;%5B%7B%7D%5D&#8221; values=&#8221;%5B%7B%7D%5D&#8221; link=&#8221;url:%23contact_us|title:Contattaci&#8221; single_image=&#8221;21973&#8243;]Electrolux Professional \u00e8 fortemente impegnata nella tutela dell&#8217;ambiente. La transizione verso un mondo pi\u00f9 sostenibile \u00e8 iniziata con <strong>HeroDry<\/strong>, l\u2019unit\u00e0 di asciugatura per stoviglie e tazze riutilizzabili. HeroDry \u00e8 una delle soluzioni ecologiche di Electrolux Professional in un&#8217;ottica di economia circolare.<\/p>\n<p><strong>Le direttive internazionali<\/strong>, infatti, mirano sempre di pi\u00f9 a imporre una riduzione dei prodotti monouso. <strong>La norma EU 2019\/904<\/strong> prevede che gli stati membri dell\u2019UE adottino misure volte a <strong>ridurre il consumo di plastica monouso<\/strong>, interessando anche il settore del food &amp; beverage.[\/elx_text_image][\/vc_column][\/vc_row][vc_row full_width=&#8221;electroluxpro-full-width-no-padding&#8221;][vc_column][elx_features_download title=&#8221;Una scelta sostenibile per eliminare i contenitori in plastica monouso!&#8221; tag_title=&#8221;h2&#8243; class_title=&#8221;h2&#8243; title_download=&#8221;Scarica la brochure&#8221; title_discover=&#8221;Scopri di pi\u00f9&#8221; bg_discover_color=&#8221;bg-download-white&#8221; link_discover_color=&#8221;download-text-blue&#8221; bg_row=&#8221;bg-row-light-blue&#8221; values=&#8221;%5B%7B%22select_type%22%3A%22pride%22%2C%22link_download%22%3A%22url%3Ahttp%253A%252F%252Fchrome-extension%253A%252F%252Fefaidnbmnnnibpcajpcglclefindmkaj%252Fhttps%253A%252F%252Fwebgate.electroluxprofessional.com%252FPrIDE%252FPrIDE_Attach_r%252FCLF%252FCLF_CLF-9JE00307_1_5_0_11_Leaflet%252520zona%252520asciugatura%252520HeroDry%252520EPR.pdf%7Ctitle%3ABrochure%2520HeroDry%7Ctarget%3A_blank%22%2C%22label_pride_document%22%3A%22Zona%20di%20asciugatura%20HeroDry%22%2C%22document_type%22%3A%22leaflets%22%2C%22le_document_number%22%3A%22CLF-9JE00307%22%7D%5D&#8221; discover=&#8221;%5B%7B%22link_discover%22%3A%22url%3A%2523product_filter%7Ctitle%3AInformazioni%2520su%2520HeroDry%22%7D%2C%7B%22link_discover%22%3A%22url%3Ahttps%253A%252F%252Fwww.electroluxprofessional.com%252Fit%252Fla-tua-attivita%252Fcatene-di-ristorazione%252F%7Ctitle%3ACatene%2520di%2520ristorazione%7Ctarget%3A_blank%22%7D%5D&#8221; features=&#8221;%5B%7B%22icon_electroluxpro%22%3A%22elx-icon%20icon-circle-star-perfomance-blue%22%2C%22title_icon%22%3A%22%3Ch3%3EAsciugatura%20ottimale%3C%2Fh3%3E%22%2C%22text_icon%22%3A%22Asciugatura%20ottimale%20fino%20a%20%3Cstrong%3E750%20contenitori%2Fora%20a%2050%C2%B0C.%3C%2Fstrong%3E%5CnLe%20stoviglie%20saranno%20pronte%20per%20essere%20utilizzate%20immediatamente%22%7D%2C%7B%22icon_electroluxpro%22%3A%22elx-icon%20icon-circle-easy-blue%22%2C%22title_icon%22%3A%22%3Ch3%3EFacile%20da%20usare%3C%2Fh3%3E%22%2C%22text_icon%22%3A%22Migliorare%20il%20lavoro%20degli%20utilizzatori.%20L&#8217;apparecchiatura%20%C3%A8%20facile%20da%20usare%22%7D%2C%7B%22icon_electroluxpro%22%3A%22elx-icon%20icon-circle-flexibility-blue%22%2C%22title_icon%22%3A%22%3Ch3%3EFacile%20da%20installare%3C%2Fh3%3E%22%2C%22text_icon%22%3A%22Progettato%20per%20adattarsi%20a%20tutti%20gli%20spazi%2C%20personalizzabile%20in%20utenza.%20%22%7D%5D&#8221;][\/elx_features_download][\/vc_column][\/vc_row][vc_row full_width=&#8221;electroluxpro-full-width-no-padding&#8221;][vc_column][elx_features_download title=&#8221;&#8221; bg_row=&#8221;bg-row-sustainability-green&#8221; values=&#8221;%5B%7B%7D%5D&#8221; discover=&#8221;%5B%7B%7D%5D&#8221; features=&#8221;%5B%7B%22icon_electroluxpro%22%3A%22elx-icon%20icon-circle-savings-green-blue%22%2C%22title_icon%22%3A%22%3Ch3%3ERisparmio%20Energetico%3C%2Fh3%3E%22%2C%22text_icon%22%3A%22%3Ch4%20class%3D%5C%22h6%5C%22%3ERisparmio%20fino%20al%2060%25%20di%20energia*%5Cngrazie%20al%20ciclo%20Eco%3C%2Fh4%3E%5Cn%3Csub%3E*%20Test%20interno%20effettuato%20nel%20laboratorio%20di%20ricerca%20e%20sviluppo%20di%20Electrolux%20Professional.%20Confronto%20effettuato%20con%20la%20media%20dei%20programmi%20standard%20presenti%20sul%20mercato%20rispetto%20al%20programma%20eco%20di%20HeroDry.%20%5Cn%3Cbr%20%2F%3E%3C%2Fsub%3E%22%7D%5D&#8221;][\/elx_features_download][\/vc_column][\/vc_row][vc_row full_width=&#8221;electroluxpro-container-no-padding&#8221;][vc_column][elx_text_image number_images=&#8221;n&#8221; style_image=&#8221;image_square&#8221; bg_row=&#8221;bg-download-white&#8221; lists=&#8221;%5B%7B%22icon_electroluxpro%22%3A%22elx-icon%20icon-circle-checkmark-blue%22%2C%22title_list%22%3A%22Risparmia%20tempo%20e%20riduci%20i%20costi%22%2C%22text_list%22%3A%22Asciugatura%20rapida%20e%20perfetta%20grazie%20all&#8217;innovativo%20sistema%20di%20aria%20ad%20alta%20temperatura.%20Bolletta%20energetica%20ridotta%20e%20rendi%20pi%C3%B9%20efficiente%20il%20lavoro%20dei%20tuoi%20operatori.%20%22%7D%2C%7B%22icon_electroluxpro%22%3A%22elx-icon%20icon-circle-checkmark-blue%22%2C%22title_list%22%3A%22Igiene%20garantita%22%2C%22text_list%22%3A%22Grazie%20alla%20%3C%2Fstrong%3Etemperatura%20di%20asciugatura%20pari%20a%2050%20%C2%B0C%3C%2Fstrong%3E%2C%20le%20stoviglie%20saranno%20perfettamente%20asciutte%20alla%20fine%20del%20ciclo%20e%20pronte%20per%20essere%20utilizzate%20immediatamente.%20%5Cn%5Cn%22%7D%5D&#8221; values=&#8221;%5B%7B%7D%5D&#8221; multi_images=&#8221;21975,21976,21977&#8243; title=&#8221;Prestazioni elevati e soluzioni efficienti dal punto di vista energetico&#8221;]Le stoviglie riutilizzabili si esauriscono rapidamente nei momenti di maggiore affluenza? HeroDry \u00e8 il supporto ideale da installare nell\u2019area lavaggio.[\/elx_text_image][\/vc_column][\/vc_row][vc_row][vc_column][elx_video_text link_video=&#8221;https:\/\/www.youtube.com\/watch?v=eYZVH0e1TAw&#8221; title=&#8221;Viviamo in un mondo pi\u00f9 green&#8221; class_title=&#8221;h2&#8243; bg_row=&#8221;bg-download-white&#8221; image_preview=&#8221;22334&#8243;]Guarda il video e scopri\u00a0 <strong>come ridurre i rifiuti monouso<\/strong>, <strong>dare una nuova vita alle tue stoviglie riutilizzabili con HeroDry.<\/strong>[\/elx_video_text][vc_empty_space height=&#8221;50px&#8221;][\/vc_column][\/vc_row][vc_row full_width=&#8221;electroluxpro-container-no-padding&#8221;][vc_column content_position=&#8221;right&#8221;][elx_text_image style_image=&#8221;image_square&#8221; image_position=&#8221;image_left&#8221; bg_row=&#8221;bg-download-white&#8221; title=&#8221;Seleziona il ciclo che pi\u00f9 si adatta alle tue esigenze&#8221; lists=&#8221;%5B%7B%7D%5D&#8221; values=&#8221;%5B%7B%7D%5D&#8221; single_image=&#8221;21978&#8243;]HeroDry <strong>asciuga tutte le tipologie di stoviglie riutilizzabili<\/strong>: vetro, ceramica, alluminio e plastica riutilizzabile.<\/p>\n<p>Seleziona il programma desiderato scegliendo tra <strong>cicli standard ed eco<\/strong>,<strong> in base alle tue esigenze<\/strong>. L\u2019interfaccia ti permetter\u00e0 di monitorare lo status del ciclo di asciugatura.[\/elx_text_image][\/vc_column][\/vc_row][vc_row full_width=&#8221;electroluxpro-container-no-padding&#8221;][vc_column content_position=&#8221;right&#8221;][elx_text_image number_images=&#8221;2&#8243; style_image=&#8221;image_horizontal&#8221; columns_proportion=&#8221;half&#8221; bg_row=&#8221;bg-download-white&#8221; title=&#8221;Progettato per adattarsi a tutti gli spazi&#8221; lists=&#8221;%5B%7B%7D%5D&#8221; values=&#8221;%5B%7B%7D%5D&#8221; double_image_1=&#8221;21979&#8243; double_image_2=&#8221;21980&#8243;]Rendi la tua area lavaggio pi\u00f9 rapida ed efficiente.<br \/>\nInstalla la soluzione HeroDry accanto all\u2019intera<br \/>\ngamma di lavastoviglie green&amp;clean.<\/p>\n<p>HeroDry dispone di una configurazione <strong>personalizzabile<\/strong> in utenza: in linea o ad angolo<br \/>\ne direzione dei cesti verso sinistra o destra.[\/elx_text_image][vc_empty_space height=&#8221;50px&#8221;][\/vc_column][\/vc_row][vc_row full_width=&#8221;electroluxpro-container-no-padding&#8221;][vc_column][elx_heading text_color=&#8221;inherit&#8221;]Scegli i detergenti e gli accessori dedicati[\/elx_heading][vc_column_text]Per ottenere risultati di lavaggio ottimali \u00e8 importante scegliere non solo la macchina giusta, il <strong>sistema di trattamento dell\u2019acqua<\/strong> adeguato, e il corretto detergente,ma anche un <strong>brillantante<\/strong> e un <strong>cestello specifici<\/strong> per HeroDry.[\/vc_column_text][vc_empty_space][\/vc_column][\/vc_row][vc_row full_width=&#8221;electroluxpro-container-no-padding&#8221;][vc_column width=&#8221;1\/3&#8243; el_class=&#8221;text-center&#8221;][vc_single_image image=&#8221;21881&#8243; img_size=&#8221;medium&#8221; alignment=&#8221;center&#8221;][elx_heading font_container=&#8221;h3&#8243; font_size=&#8221;h4&#8243; text_color=&#8221;inherit&#8221; text_align=&#8221;text-center&#8221;]Detergente[\/elx_heading][elx_heading font_container=&#8221;h4&#8243; font_size=&#8221;h6&#8243; text_color=&#8221;inherit&#8221; text_align=&#8221;text-center&#8221;]C11[\/elx_heading][elx_button button_text=&#8221;acquista ora&#8221; button_link=&#8221;url:https%3A%2F%2Fwww.electroluxprofessional.com%2Fit%2Frete-vendita-e-assistenza-tecnica-electrolux-professional-contatti%2F|target:_blank&#8221;][\/vc_column][vc_column width=&#8221;1\/3&#8243; el_class=&#8221;text-center&#8221;][vc_single_image image=&#8221;21880&#8243; img_size=&#8221;medium&#8221; alignment=&#8221;center&#8221;][elx_heading font_container=&#8221;h3&#8243; font_size=&#8221;h4&#8243; text_color=&#8221;inherit&#8221; text_align=&#8221;text-center&#8221;]Brillantante[\/elx_heading][elx_heading font_container=&#8221;h4&#8243; font_size=&#8221;h6&#8243; text_color=&#8221;inherit&#8221; text_align=&#8221;text-center&#8221;]C15[\/elx_heading][elx_button button_text=&#8221;acquista ora&#8221; button_link=&#8221;url:https%3A%2F%2Fwww.electroluxprofessional.com%2Fit%2Frete-vendita-e-assistenza-tecnica-electrolux-professional-contatti%2F|target:_blank&#8221;][\/vc_column][vc_column width=&#8221;1\/3&#8243; el_class=&#8221;text-center&#8221;][vc_single_image image=&#8221;21882&#8243; img_size=&#8221;medium&#8221; alignment=&#8221;center&#8221;][elx_heading font_container=&#8221;h3&#8243; font_size=&#8221;h4&#8243; text_color=&#8221;inherit&#8221; text_align=&#8221;text-center&#8221;]Cestello dedicato[\/elx_heading][elx_heading font_container=&#8221;h4&#8243; font_size=&#8221;h6&#8243; text_color=&#8221;inherit&#8221; text_align=&#8221;text-center&#8221;]1 pezzo incluso[\/elx_heading][elx_button button_text=&#8221;acquista ora&#8221; button_link=&#8221;url:https%3A%2F%2Fwww.electroluxprofessional.com%2Fit%2Frete-vendita-e-assistenza-tecnica-electrolux-professional-contatti%2F|target:_blank&#8221;][\/vc_column][\/vc_row][vc_row el_id=&#8221;product_filter&#8221;][vc_column]<div class=\"com21-product-filter-container 76\"><div class=\"\"><h4 class=\"text-center\">1 Prodotti<\/h4><hr><\/div>\n                    <!-- PROD LIST -->\n                    <div class=\"product-list container\">\n                        <!--Hidden parameters-->\n                        <input type=\"hidden\" name=\"navigation_level_1\" id=\"navigation_level_1\" value=\"I\">\n                        <input type=\"hidden\" name=\"navigation_level_2\" id=\"navigation_level_2\" value=\"D\">\n                        <input type=\"hidden\" name=\"navigation_level_3\" id=\"navigation_level_3\" value=\"N\">\n                        <input type=\"hidden\" name=\"navigation_level_4\" id=\"navigation_level_4\" value=\"\">\n                        <input type=\"hidden\" name=\"filter_id\" id=\"filter_id\" value=\"76\">\n                        <input type=\"hidden\" name=\"navigation_language\" id=\"navigation_language\" value=\"5000\">\n                        <input type=\"hidden\" name=\"navigation_language_code\" id=\"navigation_language\" value=\"5000\">\n                        <input type=\"hidden\" name=\"page_id\" id=\"page_id\" value=\"21884\">\n                        <!--END Hidden parameters--><ul class=\"row elx-one-product\" ><li data-product-paged=\"\" class=\"anchor_tags_prod col-sm-6 col-md-3 wow fadeIn single-product-list 504350\"><div class=\"product-list-item\"><div class=\"product-content\"><a href=\"https:\/\/www.electroluxprofessional.com\/it\/pd\/lavaggio-stoviglie\/lavastoviglie-sottotavolo\/zona-di-asciugatura-herodry\/lavaggio-stoviglie-herodry-zona-di-asciugatura-indipendente-per-lavastoviglie-504350\/\" target=\"_blank\" ><figure><img decoding=\"async\" src=\"https:\/\/tools.electroluxprofessional.com\/Mirror\/Doc\/PH_255x255%2FPH_504350_1_1_504350.jpg\" alt=\"Lavaggio StoviglieHeroDry Zona di asciugatura indipendente per lavastoviglie\"\/><\/figure><div class=\"product-internal\"><div class=\"product-liv\">Zona di asciugatura HeroDry<\/div><h3 class=\"product-title\">Lavaggio Stoviglie<br>HeroDry Zona di asciugatura indipendente per lavastoviglie<\/h3><div class=\"product-icons\"><div class=\"product-green\"><\/div><div class=\"product-cod\"><div class=\"hidden type_code\">0<\/div>COD <span class=\"product-code\" >504350<\/span><\/div><div class=\"product-fast\"><\/div>\n<\/div><div class=\"product-description-fast-green\"><\/div>\n<\/div><div class=\"product-actions\"><a href=\"https:\/\/www.electroluxprofessional.com\/it\/pd\/lavaggio-stoviglie\/lavastoviglie-sottotavolo\/zona-di-asciugatura-herodry\/lavaggio-stoviglie-herodry-zona-di-asciugatura-indipendente-per-lavastoviglie-504350\/\" class=\"btn btn-primary-blue\">View more<\/a><span class=\"compare-product\"><span class=\"compare-checkbox\"><span class=\"compare-checkbox-shape\"><input type=\"checkbox\" class=\"product-comparer\" id=\"prod_504350\"\/><label class=\"btn\" for=\"prod_504350\"><span class=\"label-bg\"><\/span>Confronta<\/label><\/span><\/span><\/span><\/div><\/a><\/div><\/div><\/li>\n                        <\/ul>\n                        <div class=\"text-center more-products\">\n                        <\/div>\n                    <\/div>\n                    <!-- END PRODUCT LIST -->\n                    <\/div>\n                    <!-- END PRODUCT LIST -->[elx_multiple_columns][\/elx_multiple_columns][\/vc_column][\/vc_row][vc_row el_id=&#8221;contact_us&#8221;][vc_column][vc_empty_space][elx_heading text_color=&#8221;inherit&#8221; text_align=&#8221;text-center&#8221;]Contattaci per maggiori informazioni<br \/>\nsu HeroDry, l\u2019unit\u00e0 di asciugatura per stoviglie[\/elx_heading][vc_empty_space][elx_o2000_contact_us flag_hide_request_type=&#8221;true&#8221; b=&#8221;food&#8221; postion_button=&#8221;text-left&#8221; postion_button_mobile=&#8221;text-left-mobile&#8221; r=&#8221;Vorrei maggiori informazioni su HeroDry. Per piacere, contattatemi.&#8221;][\/vc_column][\/vc_row][vc_row full_width=&#8221;electroluxpro-container-no-padding&#8221;][vc_column][elx_multiple_columns number_columns=&#8221;4&#8243; tag_title_clm=&#8221;h3&#8243; class_title_clm=&#8221;h4&#8243; bg_row=&#8221;bg-download-white&#8221; title=&#8221;Trova la tua soluzione completa&#8221; values=&#8221;%5B%7B%22image_section%22%3A%2221982%22%2C%22title_section%22%3A%22Catene%20di%20ristorazione%22%2C%22text_section%22%3A%22Pi%C3%B9%20efficiente%2C%20pi%C3%B9%20veloce.%20Rendi%20piacevole%20l&#8217;esperienza%20del%20tuo%20cliente%20anche%20durante%20una%20veloce%20pausa%20pranzo.%22%2C%22link_section%22%3A%22url%3Ahttps%253A%252F%252Fwww.electroluxprofessional.com%252Fit%252Fla-tua-attivita%252Fcatene-di-ristorazione%252F%7Ctitle%3AScopri%2520la%2520nostra%2520gamma%7Ctarget%3A_blank%22%7D%2C%7B%22image_section%22%3A%2221984%22%2C%22title_section%22%3A%22Affari%2C%20trasporti%20e%20industria%22%2C%22text_section%22%3A%22Scegliendo%20le%20nostre%20soluzioni%20ottieni%20la%20flessibilit%C3%A0%2C%20la%20semplicit%C3%A0%20e%20la%20potenza%20che%20cerchi.%22%2C%22link_section%22%3A%22url%3A%2523contact_us%7Ctitle%3AVelocizza%2520il%2520tuo%2520servizio%22%7D%2C%7B%22image_section%22%3A%2221983%22%2C%22title_section%22%3A%22Bar%20e%20caffetteria%22%2C%22text_section%22%3A%22Scopri%20la%20migliore%20%20soluzione%20di%20Electrolux%20Professional%5Cnper%20la%20tua%20caffetteria.%22%2C%22link_section%22%3A%22url%3Ahttps%253A%252F%252Fwww.electroluxprofessional.com%252Fit%252Fla-tua-attivita%252Fbar-e-caffetterie%252F%7Ctitle%3AScopri%2520la%2520migliore%2520soluzione%7Ctarget%3A_blank%22%7D%5D&#8221;][\/elx_multiple_columns][\/vc_column][\/vc_row]<\/p>\n","protected":false},"excerpt":{"rendered":"<p>[vc_row full_width=&#8221;electroluxpro-full-width-no-padding&#8221;][vc_column][elx_image_block background_image=&#8221;21883&#8243; minimum_height=&#8221;400px&#8221;][vc_empty_space][\/vc_column][\/vc_row][vc_row full_width=&#8221;electroluxpro-container-no-padding&#8221;][vc_column][elx_text_image tag_title=&#8221;h1&#8243; class_title=&#8221;h1&#8243; style_image=&#8221;image_square&#8221; columns_proportion=&#8221;three_fifth&#8221; bg_row=&#8221;bg-download-white&#8221; title=&#8221;Ridurre, Riutilizzare e Riciclare con HeroDry, la zona di asciugatura indipendente&#8221; lists=&#8221;%5B%7B%7D%5D&#8221; values=&#8221;%5B%7B%7D%5D&#8221; link=&#8221;url:%23contact_us|title:Contattaci&#8221; single_image=&#8221;21973&#8243;]Electrolux Professional \u00e8 fortemente impegnata nella tutela dell&#8217;ambiente. La transizione verso un mondo pi\u00f9 sostenibile \u00e8 iniziata con HeroDry, l\u2019unit\u00e0 di asciugatura per stoviglie e tazze riutilizzabili. HeroDry \u00e8 una delle [&hellip;]<\/p>\n","protected":false},"author":1054,"featured_media":21879,"parent":2288,"menu_order":0,"comment_status":"closed","ping_status":"closed","template":"","meta":{"footnotes":""},"class_list":["post-21884","page","type-page","status-publish","has-post-thumbnail","hentry"],"acf":[],"_links":{"self":[{"href":"https:\/\/www.electroluxprofessional.com\/it\/wp-json\/wp\/v2\/pages\/21884"}],"collection":[{"href":"https:\/\/www.electroluxprofessional.com\/it\/wp-json\/wp\/v2\/pages"}],"about":[{"href":"https:\/\/www.electroluxprofessional.com\/it\/wp-json\/wp\/v2\/types\/page"}],"author":[{"embeddable":true,"href":"https:\/\/www.electroluxprofessional.com\/it\/wp-json\/wp\/v2\/users\/1054"}],"replies":[{"embeddable":true,"href":"https:\/\/www.electroluxprofessional.com\/it\/wp-json\/wp\/v2\/comments?post=21884"}],"version-history":[{"count":36,"href":"https:\/\/www.electroluxprofessional.com\/it\/wp-json\/wp\/v2\/pages\/21884\/revisions"}],"predecessor-version":[{"id":26311,"href":"https:\/\/www.electroluxprofessional.com\/it\/wp-json\/wp\/v2\/pages\/21884\/revisions\/26311"}],"up":[{"embeddable":true,"href":"https:\/\/www.electroluxprofessional.com\/it\/wp-json\/wp\/v2\/pages\/2288"}],"wp:featuredmedia":[{"embeddable":true,"href":"https:\/\/www.electroluxprofessional.com\/it\/wp-json\/wp\/v2\/media\/21879"}],"wp:attachment":[{"href":"https:\/\/www.electroluxprofessional.com\/it\/wp-json\/wp\/v2\/media?parent=21884"}],"curies":[{"name":"wp","href":"https:\/\/api.w.org\/{rel}","templated":true}]}}