{"id":19438,"date":"2022-04-26T15:02:21","date_gmt":"2022-04-26T15:02:21","guid":{"rendered":"https:\/\/www.electroluxprofessional.com\/it\/?page_id=19438"},"modified":"2023-01-23T08:56:07","modified_gmt":"2023-01-23T08:56:07","slug":"flexy-style","status":"publish","type":"page","link":"https:\/\/www.electroluxprofessional.com\/it\/flexy-style\/","title":{"rendered":"Flexy Style"},"content":{"rendered":"<p>[vc_row full_width=&#8221;electroluxpro-full-width-no-padding&#8221;][vc_column][elx_image_block background_image=&#8221;19420&#8243; minimum_height=&#8221;400px&#8221;][\/vc_column][\/vc_row][vc_row][vc_column][vc_empty_space][elx_heading font_container=&#8221;h1&#8243; text_color=&#8221;electrolux-blue&#8221; text_align=&#8221;text-center&#8221;]Flexy Style &amp; Style<sup>JR<\/sup><br \/>\nSoddisfa le tue esigenze, soddisfa i tuoi gusti[\/elx_heading][vc_empty_space height=&#8221;50px&#8221;][\/vc_column][\/vc_row][vc_row][vc_column][vc_single_image image=&#8221;18488&#8243; img_size=&#8221;full&#8221; alignment=&#8221;center&#8221;][vc_empty_space][elx_download_block text=&#8221;Download the Flexy Style Brochure&#8221; file_picker=&#8221;37200&#8243; background_color=&#8221;electrolux-blue&#8221;][vc_empty_space height=&#8221;50px&#8221;][\/vc_column][\/vc_row][vc_row][vc_column][vc_column_text]<\/p>\n<h2 style=\"text-align: center;\">Semplicit\u00e0 elegante,<br \/>\nfunzionalit\u00e0 ottimale.<\/h2>\n<p>[\/vc_column_text][vc_empty_space][\/vc_column][\/vc_row][vc_row][vc_column width=&#8221;1\/3&#8243;][vc_column_text]<strong>Finitura a filo<\/strong><\/p>\n<p>Le funzioni Drop-in di Flexy sono perfettamente allineate con il piano al quarzo. Non soltanto per motivi estetici, ma anche per facilitare la pulizia e l&#8217;igiene.[\/vc_column_text][vc_empty_space][vc_single_image image=&#8221;19421&#8243; img_size=&#8221;large&#8221; alignment=&#8221;center&#8221;][vc_empty_space][\/vc_column][vc_column width=&#8221;1\/3&#8243;][vc_column_text]<strong>Illuminazione<\/strong><\/p>\n<p>Le luci sono di importanza fondamentale, non soltanto per il design e l&#8217;estetica, ma anche per offrire ai piatti una visibilit\u00e0 ottimale.[\/vc_column_text][vc_empty_space][vc_empty_space height=&#8221;58px&#8221;][vc_single_image image=&#8221;19422&#8243; img_size=&#8221;large&#8221; alignment=&#8221;center&#8221;][vc_empty_space][\/vc_column][vc_column width=&#8221;1\/3&#8243;][vc_column_text]<strong>Sovrastrutture ottimali<\/strong><\/p>\n<p>Lineari, minimaliste, senza agganci o pezzi a incastro, solo vetro e acciaio inossidabile. Design ai massimi livelli abbinato ai pi\u00f9 alti standard di igiene.[\/vc_column_text][vc_empty_space height=&#8221;61px&#8221;][vc_single_image image=&#8221;19423&#8243; img_size=&#8221;large&#8221; alignment=&#8221;center&#8221;][vc_empty_space][\/vc_column][\/vc_row][vc_row][vc_column][vc_empty_space][\/vc_column][\/vc_row][vc_row][vc_column width=&#8221;1\/3&#8243;][vc_column_text]<strong>L&#8217;eleganza del quarzo<\/strong><\/p>\n<p>Le superfici in quarzo non sono soltanto moderne, resistenti e facili da pulire, ma non essendo porose\u00a0 impediscono la proliferazione dei batteri e dei virus e sono quindi \u00a0completamente igieniche.[\/vc_column_text][vc_empty_space][\/vc_column][vc_column width=&#8221;2\/3&#8243;][vc_single_image image=&#8221;19424&#8243; img_size=&#8221;full&#8221; alignment=&#8221;center&#8221;][\/vc_column][\/vc_row][vc_row][vc_column][vc_empty_space height=&#8221;50px&#8221;][vc_column_text]<\/p>\n<h2 style=\"text-align: center;\">Visibilit\u00e0 al top<\/h2>\n<p>[\/vc_column_text][vc_empty_space][\/vc_column][\/vc_row][vc_row][vc_column width=&#8221;1\/3&#8243;][vc_column_text]<strong>Ripiani inclinati<\/strong> e vetrina piana per una visibilit\u00e0 perfetta[\/vc_column_text][vc_empty_space height=&#8221;60px&#8221;][vc_single_image image=&#8221;19425&#8243; img_size=&#8221;large&#8221; alignment=&#8221;center&#8221;][vc_empty_space][\/vc_column][vc_column width=&#8221;1\/3&#8243;][vc_column_text]<strong>Luci a LED<\/strong>: per illuminare le pietanze ed enfatizzarne i colori, rendendole ancora pi\u00f9 appetitose e invitanti[\/vc_column_text][vc_empty_space height=&#8221;20px&#8221;][vc_single_image image=&#8221;19426&#8243; img_size=&#8221;large&#8221; alignment=&#8221;center&#8221;][vc_empty_space][\/vc_column][vc_column width=&#8221;1\/3&#8243;][vc_column_text]<strong>Struttura semplice e lineare<\/strong>\u00a0e linee minimaliste per un&#8217;eccellente visibilit\u00e0 dei piatti e una pulizia facile.[\/vc_column_text][vc_empty_space][vc_single_image image=&#8221;19427&#8243; img_size=&#8221;large&#8221; alignment=&#8221;center&#8221;][vc_empty_space][\/vc_column][\/vc_row][vc_row css=&#8221;.vc_custom_1636449864931{background-color: #f2f2f2 !important;}&#8221;][vc_column][vc_empty_space height=&#8221;50px&#8221;][vc_row_inner][vc_column_inner width=&#8221;1\/3&#8243;][vc_column_text]<\/p>\n<h2>La luce<br \/>\nfa la differenza!<\/h2>\n<p>[\/vc_column_text][\/vc_column_inner][vc_column_inner width=&#8221;2\/3&#8243;][vc_column_text]Illuminazione a LED o alogena posizionata in modo ottimale \u2013 illumina l&#8217;area sotto lo scorrivassoio, intorno alla zoccolatura e i vani portapiatti per sottolineare l&#8217;eleganza del design minimalista, le linee armoniose e le diverse finiture.[\/vc_column_text][\/vc_column_inner][\/vc_row_inner][vc_empty_space][vc_row_inner][vc_column_inner width=&#8221;1\/3&#8243;][vc_single_image image=&#8221;19428&#8243; img_size=&#8221;full&#8221;][vc_empty_space][\/vc_column_inner][vc_column_inner width=&#8221;1\/3&#8243;][vc_single_image image=&#8221;19429&#8243; img_size=&#8221;full&#8221;][vc_empty_space][\/vc_column_inner][vc_column_inner width=&#8221;1\/3&#8243;][vc_single_image image=&#8221;19430&#8243; img_size=&#8221;full&#8221;][vc_empty_space][\/vc_column_inner][\/vc_row_inner][vc_empty_space height=&#8221;50px&#8221;][\/vc_column][\/vc_row][vc_row][vc_column][vc_empty_space height=&#8221;50px&#8221;][vc_column_text]<\/p>\n<h2>Ambienti puliti<br \/>\nper clienti felici.<\/h2>\n<p>[\/vc_column_text][vc_empty_space][\/vc_column][\/vc_row][vc_row][vc_column width=&#8221;1\/3&#8243;][vc_single_image image=&#8221;19431&#8243; img_size=&#8221;full&#8221;][vc_empty_space][vc_column_text]Le funzioni Drop-in sono perfettamente a filo con il piano in quarzo, il cibo non rischia di restare intrappolato, la pulizia \u00e8 pi\u00f9 facile e veloce e l&#8217;igiene \u00e8 garantita.[\/vc_column_text][vc_empty_space][\/vc_column][vc_column width=&#8221;1\/3&#8243;][vc_single_image image=&#8221;19432&#8243; img_size=&#8221;full&#8221; alignment=&#8221;center&#8221;][vc_empty_space][vc_column_text]Le sovrastrutture non hanno agganci o pezzi a incastro, cos\u00ec pulire \u00e8 pi\u00f9 facile.[\/vc_column_text][vc_empty_space][\/vc_column][vc_column width=&#8221;1\/3&#8243;][vc_single_image image=&#8221;19433&#8243; img_size=&#8221;full&#8221; alignment=&#8221;center&#8221;][vc_empty_space][vc_column_text]Le linee dello scorrivassoio in acciaio facilitano la pulizia e la sanitizzazione, evitando che residui di cibo restino intrappolati.[\/vc_column_text][vc_empty_space][\/vc_column][\/vc_row][vc_row][vc_column][vc_empty_space height=&#8221;50px&#8221;][\/vc_column][\/vc_row][vc_row css=&#8221;.vc_custom_1636449864931{background-color: #f2f2f2 !important;}&#8221;][vc_column][vc_empty_space height=&#8221;50px&#8221;][vc_row_inner][vc_column_inner width=&#8221;1\/3&#8243;][vc_column_text]<\/p>\n<h2>Flexy<br \/>\nil TUO stile<\/h2>\n<p>[\/vc_column_text][vc_empty_space][vc_column_text]100% su misura. Qualunque sia il tuo stile, siamo a tua disposizione per far trasformare le tue idee in realt\u00e0. Contatta il nostro progettista e affida a noi il tuo progetto, per una soluzione esclusiva e personalizzata apposta per te e la tua attivit\u00e0.[\/vc_column_text][vc_empty_space][\/vc_column_inner][vc_column_inner width=&#8221;2\/3&#8243;][vc_single_image image=&#8221;19434&#8243; img_size=&#8221;full&#8221;][\/vc_column_inner][\/vc_row_inner][vc_empty_space height=&#8221;50px&#8221;][\/vc_column][\/vc_row][vc_row][vc_column][vc_empty_space height=&#8221;50px&#8221;][elx_heading text_color=&#8221;inherit&#8221; text_align=&#8221;text-center&#8221;]Funzioni Drop-in Flexy Line[\/elx_heading][vc_empty_space][elx_heading text_color=&#8221;inherit&#8221; text_align=&#8221;text-center&#8221;]12 funzioni in 6 misure.<br \/>\nPossibilit\u00e0 illimitate per la tua attivit\u00e0[\/elx_heading][vc_column_text]<\/p>\n<p style=\"text-align: center;\">Caldo, freddo e ibrido: quali che siano le esigenze dei tuoi clienti, noi abbiamo la soluzione.<\/p>\n<p>[\/vc_column_text][vc_empty_space][vc_row_inner][vc_column_inner width=&#8221;1\/6&#8243;][vc_empty_space][\/vc_column_inner][vc_column_inner width=&#8221;1\/6&#8243;][vc_empty_space][\/vc_column_inner][vc_column_inner width=&#8221;1\/6&#8243;][vc_single_image image=&#8221;19435&#8243; img_size=&#8221;100&#215;100&#8243; alignment=&#8221;center&#8221;][vc_empty_space height=&#8221;20px&#8221;][vc_column_text]<\/p>\n<h5 style=\"text-align: center;\">Funzioni<br \/>\ncalde<\/h5>\n<p>[\/vc_column_text][vc_empty_space][\/vc_column_inner][vc_column_inner width=&#8221;1\/6&#8243;][vc_single_image image=&#8221;19436&#8243; img_size=&#8221;100&#215;100&#8243; alignment=&#8221;center&#8221;][vc_empty_space height=&#8221;20px&#8221;][vc_column_text]<\/p>\n<h5 style=\"text-align: center;\">Funzioni<br \/>\nfredde<\/h5>\n<p>[\/vc_column_text][vc_empty_space][\/vc_column_inner][vc_column_inner width=&#8221;1\/6&#8243;][vc_empty_space][\/vc_column_inner][vc_column_inner width=&#8221;1\/6&#8243;][vc_empty_space][\/vc_column_inner][\/vc_row_inner][vc_empty_space][elx_button button_text=&#8221;Scopri le funzioni Drop-in&#8221; button_display_block=&#8221;display_block_on&#8221; button_alignment=&#8221;align_center&#8221; button_link=&#8221;url:https%3A%2F%2Fwww.electroluxprofessional.com%2Fit%2Fflexy-drop-in%2F|||&#8221;][vc_empty_space height=&#8221;50px&#8221;][\/vc_column][\/vc_row][vc_row css=&#8221;.vc_custom_1636449864931{background-color: #f2f2f2 !important;}&#8221;][vc_column][vc_empty_space height=&#8221;50px&#8221;][vc_row_inner][vc_column_inner width=&#8221;1\/3&#8243;][vc_column_text]<\/p>\n<p class=\"h2\" style=\"text-align: left;\">Nessun problema, per te c&#8217;\u00e8 Flexy Compact!<\/p>\n<p>[\/vc_column_text][vc_empty_space][\/vc_column_inner][vc_column_inner width=&#8221;1\/3&#8243;][vc_column_text]<strong>Nessun problema, per te c&#8217;\u00e8 Flexy Compact!<\/strong><\/p>\n<p>Una soluzione mobile ti permette di organizzare il ristorante come preferisci, in base alle esigenze della giornata. Per un servizio perfetto.[\/vc_column_text][vc_empty_space][\/vc_column_inner][vc_column_inner width=&#8221;1\/3&#8243;][vc_single_image image=&#8221;19437&#8243; img_size=&#8221;full&#8221; alignment=&#8221;center&#8221;][vc_empty_space][\/vc_column_inner][\/vc_row_inner][elx_button button_text=&#8221;Scopri Flexy Compact&#8221; button_display_block=&#8221;display_block_on&#8221; button_alignment=&#8221;align_center&#8221; button_link=&#8221;url:https%3A%2F%2Fwww.electroluxprofessional.com%2Fit%2Fflexy-compact%2F|title:Flexy%20Compact&#8221;][vc_empty_space height=&#8221;50px&#8221;][\/vc_column][\/vc_row][vc_row][vc_column][vc_empty_space height=&#8221;50px&#8221;][elx_heading font_size=&#8221;h3&#8243; text_color=&#8221;inherit&#8221; text_align=&#8221;text-center&#8221;]Contattaci per avere maggiori informazioni su Flexy Style[\/elx_heading][elx_o2000_contact_us r=&#8221;I would like to find out more about servery equipment. Please get in touch with me.&#8221; s=&#8221;Request of information about servery equipment&#8221; container=&#8221;elxcontactus1479284563&#8243;][vc_empty_space height=&#8221;50px&#8221;][\/vc_column][\/vc_row]<\/p>\n","protected":false},"excerpt":{"rendered":"<p>[vc_row full_width=&#8221;electroluxpro-full-width-no-padding&#8221;][vc_column][elx_image_block background_image=&#8221;19420&#8243; minimum_height=&#8221;400px&#8221;][\/vc_column][\/vc_row][vc_row][vc_column][vc_empty_space][elx_heading font_container=&#8221;h1&#8243; text_color=&#8221;electrolux-blue&#8221; text_align=&#8221;text-center&#8221;]Flexy Style &amp; StyleJR Soddisfa le tue esigenze, soddisfa i tuoi gusti[\/elx_heading][vc_empty_space height=&#8221;50px&#8221;][\/vc_column][\/vc_row][vc_row][vc_column][vc_single_image image=&#8221;18488&#8243; img_size=&#8221;full&#8221; alignment=&#8221;center&#8221;][vc_empty_space][elx_download_block text=&#8221;Download the Flexy Style Brochure&#8221; file_picker=&#8221;37200&#8243; background_color=&#8221;electrolux-blue&#8221;][vc_empty_space height=&#8221;50px&#8221;][\/vc_column][\/vc_row][vc_row][vc_column][vc_column_text] Semplicit\u00e0 elegante, funzionalit\u00e0 ottimale. [\/vc_column_text][vc_empty_space][\/vc_column][\/vc_row][vc_row][vc_column width=&#8221;1\/3&#8243;][vc_column_text]Finitura a filo Le funzioni Drop-in di Flexy sono perfettamente allineate con il piano al quarzo. Non soltanto per motivi [&hellip;]<\/p>\n","protected":false},"author":1,"featured_media":19420,"parent":0,"menu_order":0,"comment_status":"closed","ping_status":"closed","template":"","meta":{"footnotes":""},"class_list":["post-19438","page","type-page","status-publish","has-post-thumbnail","hentry"],"acf":[],"_links":{"self":[{"href":"https:\/\/www.electroluxprofessional.com\/it\/wp-json\/wp\/v2\/pages\/19438"}],"collection":[{"href":"https:\/\/www.electroluxprofessional.com\/it\/wp-json\/wp\/v2\/pages"}],"about":[{"href":"https:\/\/www.electroluxprofessional.com\/it\/wp-json\/wp\/v2\/types\/page"}],"author":[{"embeddable":true,"href":"https:\/\/www.electroluxprofessional.com\/it\/wp-json\/wp\/v2\/users\/1"}],"replies":[{"embeddable":true,"href":"https:\/\/www.electroluxprofessional.com\/it\/wp-json\/wp\/v2\/comments?post=19438"}],"version-history":[{"count":7,"href":"https:\/\/www.electroluxprofessional.com\/it\/wp-json\/wp\/v2\/pages\/19438\/revisions"}],"predecessor-version":[{"id":20737,"href":"https:\/\/www.electroluxprofessional.com\/it\/wp-json\/wp\/v2\/pages\/19438\/revisions\/20737"}],"wp:featuredmedia":[{"embeddable":true,"href":"https:\/\/www.electroluxprofessional.com\/it\/wp-json\/wp\/v2\/media\/19420"}],"wp:attachment":[{"href":"https:\/\/www.electroluxprofessional.com\/it\/wp-json\/wp\/v2\/media?parent=19438"}],"curies":[{"name":"wp","href":"https:\/\/api.w.org\/{rel}","templated":true}]}}