{"id":13554,"date":"2019-12-10T20:18:46","date_gmt":"2019-12-10T18:18:46","guid":{"rendered":"https:\/\/www.electroluxprofessional.com\/?page_id=25505"},"modified":"2025-10-21T14:18:57","modified_gmt":"2025-10-21T14:18:57","slug":"center-of-excellence","status":"publish","type":"page","link":"https:\/\/www.electroluxprofessional.com\/it\/chefs-hub\/center-of-excellence\/","title":{"rendered":"Center of Excellence Electrolux Professional"},"content":{"rendered":"<p>[vc_row full_width=&#8221;electroluxpro-full-width-no-padding&#8221;][vc_column][vc_single_image image=&#8221;15169&#8243; img_size=&#8221;full&#8221; alignment=&#8221;center&#8221;][\/vc_column][\/vc_row][vc_row][vc_column][vc_empty_space height=&#8221;16px&#8221;][elx_heading font_container=&#8221;h1&#8243; text_color=&#8221;inherit&#8221;]Center of Excellence[\/elx_heading][vc_empty_space height=&#8221;16px&#8221;][\/vc_column][\/vc_row][vc_row][vc_column width=&#8221;2\/3&#8243;][vc_column_text]Offrire ai clienti <strong>training su prodotti e format innovativi<\/strong> e fargli vivere esperienze memorabili con le nostre soluzioni e il nostro marchio, \u00e8 questo il nostro impegno in Electrolux Professional.<\/p>\n<p>Esperienze a confronto, incontri, formazione in un dialogo continuo tra i <strong>professionisti della ristorazione, dell&#8217;ospitalit\u00e0<\/strong>\u00a0ed Electrolux Professional, per approcciare il business in modo diverso.[\/vc_column_text][\/vc_column][vc_column width=&#8221;1\/3&#8243;][vc_empty_space height=&#8221;16px&#8221;][vc_single_image image=&#8221;13438&#8243; img_size=&#8221;full&#8221;][\/vc_column][\/vc_row][vc_row][vc_column][vc_row_inner][vc_column_inner][vc_empty_space][elx_heading text_color=&#8221;inherit&#8221; text_align=&#8221;text-center&#8221;]I nostri Center of Excellence nel mondo[\/elx_heading][vc_empty_space][vc_column_text]<\/p>\n<p id=\"tw-target-text\" class=\"tw-data-text tw-text-large XcVN5d tw-ta\" dir=\"ltr\" style=\"text-align: center;\" data-placeholder=\"Traduzione\"><span lang=\"it\">Clicca sulla mappa per immergerti in un&#8217;esperienza 3D<br \/>\nall&#8217;interno del nostro showroom<\/span><\/p>\n<p>[\/vc_column_text][vc_single_image image=&#8221;14687&#8243; img_size=&#8221;full&#8221; alignment=&#8221;center&#8221; onclick=&#8221;custom_link&#8221; img_link_target=&#8221;_blank&#8221; link=&#8221;https:\/\/www.electroluxprofessional.com\/it\/chefs-hub\/centers-of-excellence-virtual-tour&#8221;][\/vc_column_inner][\/vc_row_inner][\/vc_column][\/vc_row][vc_row][vc_column][vc_empty_space][vc_column_text]<strong>Le showroom e i Center of Excellence<\/strong> e le attivit\u00e0 di formazione <strong>di<\/strong>\u00a0<b>Electrolux Professional\u00a0<\/b>sono nate con questo scopo.<\/p>\n<p>Sono attrezzate con le soluzioni pi\u00f9 innovative e rappresentative per il mondo della <strong>Ristorazione, Coffee&amp;Beverage e Lavanderie Professionali <\/strong>perch\u00e8 Electrolux Professional \u00e8 &#8220;The OnE&#8221;: il partner affidabile che\u00a0vi aiuta a rendere\u00a0la vostra vita lavorativa pi\u00f9 facile, pi\u00f9 redditizia e realmente sostenibile, ogni giorno.[\/vc_column_text][\/vc_column][\/vc_row][vc_row][vc_column][vc_empty_space height=&#8221;16px&#8221;][elx_heading text_color=&#8221;inherit&#8221;]Esperienza formativa nei nostri Center of Excellence[\/elx_heading][vc_empty_space height=&#8221;16px&#8221;][\/vc_column][\/vc_row][vc_row][vc_column][vc_column_text]Nei nostri\u00a0<strong>Center of Excellence<\/strong>\u00a0vogliamo offrire all&#8217;ospite la possibilit\u00e0 di vivere un&#8217;esperienza completa e <strong>personalizzata sulle sue esigenze<\/strong>.\u00a0 In occasione dei <strong>nostri seminari, eventi e dimostrazioni dal vivo<\/strong>, il cliente pu\u00f2 scoprire le ultime\u00a0 innovazioni per quando riguarda il mondo della ristorazione, coffee&amp;beverage e lavenderie professionali e vedere l&#8217;intera gamma dei prodotti offerti da Electrolux Professional.[\/vc_column_text][vc_empty_space][\/vc_column][\/vc_row][vc_row][vc_column width=&#8221;1\/4&#8243;][elx_image_block background_image=&#8221;13408&#8243; minimum_height=&#8221;300px&#8221;][\/vc_column][vc_column width=&#8221;1\/4&#8243;][elx_image_block background_image=&#8221;13410&#8243; minimum_height=&#8221;300px&#8221;][\/vc_column][vc_column width=&#8221;1\/4&#8243;][elx_image_block background_image=&#8221;13411&#8243; minimum_height=&#8221;300px&#8221;][\/vc_column][vc_column width=&#8221;1\/4&#8243;][elx_image_block background_image=&#8221;13414&#8243; minimum_height=&#8221;300px&#8221;][\/vc_column][\/vc_row][vc_row disable_element=&#8221;yes&#8221;][vc_column width=&#8221;1\/2&#8243;][elx_image_block background_image=&#8221;13417&#8243; minimum_height=&#8221;300px&#8221;][\/vc_column][vc_column width=&#8221;1\/2&#8243;][elx_image_block background_image=&#8221;13423&#8243; minimum_height=&#8221;300px&#8221;][\/vc_column][\/vc_row][vc_row][vc_column][vc_empty_space][vc_column_text]Un team di<strong> chef<\/strong>\u00a0dell&#8217;<a href=\"https:\/\/www.electroluxprofessional.com\/it\/chefs-hub\/chef-academy\/\">Electrolux Professional Chef Academy<\/a>\u00a0&#8211; ed anche esperti di prodotto e di segmento sono a disposizione per supportare il cliente e rispondere alle sue necessit\u00e0. Questo fa s\u00ec che ogni visita sia unica, <strong>personalizzata sul business del cliente e sulle sue priorit\u00e0<\/strong>, in qualunque parte del\u00a0 mondo esso sia.<\/p>\n<p>I nostri Center of Excellence sono anche degli\u00a0<strong>hub globali<\/strong>\u00a0dove scoprire le ultime tendenze in fatto di food e tecniche di cottura, uno spazio in cui sfruttare le <strong>opportunit\u00e0 di confronto, formazione e networking<\/strong>\u00a0.[\/vc_column_text][vc_empty_space][\/vc_column][\/vc_row][vc_row][vc_column width=&#8221;1\/3&#8243;][vc_single_image image=&#8221;13448&#8243; img_size=&#8221;full&#8221; alignment=&#8221;center&#8221;][\/vc_column][vc_column width=&#8221;1\/3&#8243;][vc_single_image image=&#8221;13451&#8243; img_size=&#8221;full&#8221; alignment=&#8221;center&#8221;][\/vc_column][vc_column width=&#8221;1\/3&#8243;][vc_single_image image=&#8221;13452&#8243; img_size=&#8221;full&#8221; alignment=&#8221;center&#8221;][\/vc_column][\/vc_row][vc_row][vc_column][vc_empty_space][elx_heading text_color=&#8221;inherit&#8221;]Center of Excellence in Italia[\/elx_heading][vc_empty_space][\/vc_column][\/vc_row][vc_row][vc_column width=&#8221;1\/2&#8243;][vc_column_text]Il Center of Excellence in Italia \u00e8 a Vallenoncello, Pordenone. Uno spazio moderno di circa\u00a0<strong>3.500 m<sup>2<\/sup>\u00a0 <\/strong>completamente dedicato alle attivit\u00e0 formative e dimostrative, all&#8217;interno del quale sono esposte le nostre soluzioni pi\u00f9 innovative dedicate alla Ristorazione, Coffee&amp;Beverage e alla Lavanderia Professionale.<\/p>\n<p><strong>5 cucine completamente funzionanti ed attrezzate <\/strong>per offrire agli ospiti la possibilit\u00e0 di assistere a dimostrazioni pratiche tenute dall&#8217;<a href=\"https:\/\/www.electroluxprofessional.com\/it\/chefs-hub\/chef-academy\/\"><strong>Electrolux Professional Chef Academy<\/strong><\/a>\u00a0, piuttosto che dai nostri esperti di prodotto o di assistenza tecnica.[\/vc_column_text][\/vc_column][vc_column width=&#8221;1\/2&#8243;][elx_image_block background_image=&#8221;13427&#8243; minimum_height=&#8221;300px&#8221;][vc_empty_space][\/vc_column][\/vc_row][vc_row][vc_column width=&#8221;1\/2&#8243;][elx_simple_link_block link=&#8221;Enter the link of the block&#8221; text_align=&#8221;text-left&#8221; text_color=&#8221;inherit&#8221; background_color=&#8221;inherit&#8221; background_hover_color=&#8221;darker-hover&#8221; extra_class=&#8221;&#8221; reveal_effect=&#8221;&#8221; reveal_duration=&#8221;&#8221; reveal_delay=&#8221;&#8221;][vc_single_image image=&#8221;13454&#8243; img_size=&#8221;full&#8221;][\/elx_simple_link_block][\/vc_column][vc_column width=&#8221;1\/2&#8243;][vc_column_text]I clienti hanno la possibilit\u00e0 di assistere a <strong>dimostrazioni dal vivo<\/strong> che evidenziano come, utilizzando al meglio le soluzioni Electrolux Professional,\u00a0 si pu\u00f2 ottimizzare il lavoro in cucina rendendolo pi\u00f9 semplice, lineare e redditizio.[\/vc_column_text][vc_empty_space height=&#8221;64px&#8221;][vc_column_text]Contatta la nostra agenzia di vendita a te pi\u00f9 vicina e organizza una visita presso uno dei nostri Center of Excellence.<\/p>\n<p><strong>Scopri il mondo di opportunit\u00e0 che abbiamo progettato pensando alle tue necessit\u00e0.<\/strong>[\/vc_column_text][\/vc_column][\/vc_row][vc_row][vc_column][vc_empty_space][elx_heading font_container=&#8221;h3&#8243; text_color=&#8221;inherit&#8221;]Ti potrebbe anche interessare[\/elx_heading][\/vc_column][\/vc_row][vc_row][vc_column width=&#8221;1\/2&#8243;][elx_maylike_box id_box=&#8221;2235&#8243;][\/vc_column][vc_column width=&#8221;1\/2&#8243;][\/vc_column][\/vc_row]<\/p>\n","protected":false},"excerpt":{"rendered":"<p>[vc_row full_width=&#8221;electroluxpro-full-width-no-padding&#8221;][vc_column][vc_single_image image=&#8221;15169&#8243; img_size=&#8221;full&#8221; alignment=&#8221;center&#8221;][\/vc_column][\/vc_row][vc_row][vc_column][vc_empty_space height=&#8221;16px&#8221;][elx_heading font_container=&#8221;h1&#8243; text_color=&#8221;inherit&#8221;]Center of Excellence[\/elx_heading][vc_empty_space height=&#8221;16px&#8221;][\/vc_column][\/vc_row][vc_row][vc_column width=&#8221;2\/3&#8243;][vc_column_text]Offrire ai clienti training su prodotti e format innovativi e fargli vivere esperienze memorabili con le nostre soluzioni e il nostro marchio, \u00e8 questo il nostro impegno in Electrolux Professional. Esperienze a confronto, incontri, formazione in un dialogo continuo tra i professionisti della ristorazione, [&hellip;]<\/p>\n","protected":false},"author":1,"featured_media":0,"parent":2219,"menu_order":0,"comment_status":"closed","ping_status":"closed","template":"","meta":{"footnotes":""},"class_list":["post-13554","page","type-page","status-publish","hentry"],"acf":[],"_links":{"self":[{"href":"https:\/\/www.electroluxprofessional.com\/it\/wp-json\/wp\/v2\/pages\/13554"}],"collection":[{"href":"https:\/\/www.electroluxprofessional.com\/it\/wp-json\/wp\/v2\/pages"}],"about":[{"href":"https:\/\/www.electroluxprofessional.com\/it\/wp-json\/wp\/v2\/types\/page"}],"author":[{"embeddable":true,"href":"https:\/\/www.electroluxprofessional.com\/it\/wp-json\/wp\/v2\/users\/1"}],"replies":[{"embeddable":true,"href":"https:\/\/www.electroluxprofessional.com\/it\/wp-json\/wp\/v2\/comments?post=13554"}],"version-history":[{"count":16,"href":"https:\/\/www.electroluxprofessional.com\/it\/wp-json\/wp\/v2\/pages\/13554\/revisions"}],"predecessor-version":[{"id":26427,"href":"https:\/\/www.electroluxprofessional.com\/it\/wp-json\/wp\/v2\/pages\/13554\/revisions\/26427"}],"up":[{"embeddable":true,"href":"https:\/\/www.electroluxprofessional.com\/it\/wp-json\/wp\/v2\/pages\/2219"}],"wp:attachment":[{"href":"https:\/\/www.electroluxprofessional.com\/it\/wp-json\/wp\/v2\/media?parent=13554"}],"curies":[{"name":"wp","href":"https:\/\/api.w.org\/{rel}","templated":true}]}}