{"id":13035,"date":"2016-05-19T11:54:16","date_gmt":"2016-05-19T11:54:16","guid":{"rendered":"https:\/\/www.electroluxprofessional.com\/?page_id=1143"},"modified":"2020-08-28T08:51:21","modified_gmt":"2020-08-28T08:51:21","slug":"lavanderie-ad-acqua","status":"publish","type":"page","link":"https:\/\/www.electroluxprofessional.com\/it\/la-tua-attivita\/lavanderie-commerciali\/lavanderie-ad-acqua\/","title":{"rendered":"Lavanderie a secco e acqua"},"content":{"rendered":"<p>[vc_row full_width=&#8221;electroluxpro-full-width-no-padding&#8221;][vc_column][elx_video_block background_image=&#8221;13027&#8243; video_link=&#8221;https:\/\/www.youtube.com\/watch?v=Bmra-TGZPng&#8221; minimum_height=&#8221;350px&#8221;][\/vc_column][\/vc_row][vc_row][vc_column width=&#8221;1\/2&#8243;][vc_empty_space][elx_heading font_container=&#8221;h1&#8243; text_color=&#8221;inherit&#8221;]lagoon\u00ae Advanced Care<br \/>\nFacile, veloce ed ecologico.<br \/>\nIl sistema di lavaggio ad acqua professionale per il trattamento tessuti.[\/elx_heading][vc_empty_space height=&#8221;10px&#8221;][elx_heading font_size=&#8221;h4&#8243; text_color=&#8221;inherit&#8221;]Solo 55 minuti per un lavaggi completo[\/elx_heading][\/vc_column][vc_column width=&#8221;1\/2&#8243;][vc_empty_space][vc_single_image image=&#8221;13032&#8243; img_size=&#8221;full&#8221; alignment=&#8221;center&#8221;][\/vc_column][\/vc_row][vc_row][vc_column][elx_heading font_size=&#8221;h3&#8243; text_color=&#8221;inherit&#8221; text_align=&#8221;text-left&#8221;]Nessun utilizzo di solventi chimici<\/p>\n<p>[\/elx_heading][vc_row_inner][vc_column_inner width=&#8221;1\/3&#8243;][elx_image_block background_image=&#8221;13028&#8243; minimum_height=&#8221;600px&#8221;][\/vc_column_inner][vc_column_inner width=&#8221;2\/3&#8243;][elx_heading font_container=&#8221;h3&#8243; font_size=&#8221;h5&#8243; text_color=&#8221;inherit&#8221;]Eco Sostenibile[\/elx_heading][vc_column_text]Ecologico: non impiega sostanze chimiche tossiche. L\u2019unico solvente \u00e8 l\u2019acqua.[\/vc_column_text][elx_heading font_container=&#8221;h3&#8243; font_size=&#8221;h5&#8243; text_color=&#8221;inherit&#8221;]Delicato sui delicati[\/elx_heading][vc_column_text]Risultati straordinari su ogni tipo di tessuto, anche se etichettato come \u201clavabile solo a secco\u201d.[\/vc_column_text][elx_heading font_container=&#8221;h3&#8243; font_size=&#8221;h5&#8243; text_color=&#8221;inherit&#8221;]Realmente rivoluzionario[\/elx_heading][vc_column_text]Il lavaggio ad acqua \u00e8 pi\u00f9 facile. Le procedure sono lineari e senza alcun rallentamento.[\/vc_column_text][elx_heading font_container=&#8221;h3&#8243; font_size=&#8221;h5&#8243; text_color=&#8221;inherit&#8221;]Altra produttivit\u00e0[\/elx_heading][vc_column_text]Ampia capacit\u00e0 di carico e maggiore azione pulente. Tempi di trattamento ridotti per un pi\u00f9 rapido ritorno dell&#8217;investimento.[\/vc_column_text][elx_heading font_container=&#8221;h3&#8243; font_size=&#8221;h5&#8243; text_color=&#8221;inherit&#8221;]La migliore prestazione di lavaggio[\/elx_heading][vc_column_text]Il lavaggio veloce ed efficace permette di offrire ai vostri clienti un servizio di consegna espresso.[\/vc_column_text][\/vc_column_inner][\/vc_row_inner][\/vc_column][\/vc_row][vc_row full_width=&#8221;electroluxpro-container-no-padding&#8221; equal_height=&#8221;yes&#8221; disable_element=&#8221;yes&#8221;][vc_column width=&#8221;1\/3&#8243;][vc_single_image image=&#8221;13033&#8243; img_size=&#8221;380&#215;314&#8243; onclick=&#8221;custom_link&#8221; link=&#8221;https:\/\/www.electroluxprofessional.com\/commercial-laundry-equipment\/lagoon-advanced-care\/the-power-of-water\/&#8221;][\/vc_column][vc_column width=&#8221;2\/3&#8243;][elx_simple_block text_align=&#8221;text-center&#8221; text_color=&#8221;white&#8221; background_color=&#8221;electrolux-blue&#8221;][vc_column_text]<\/p>\n<h2 style=\"text-align: center;\">The Power of Water<\/h2>\n<h4 style=\"text-align: center;\">A clean start for the textile care industry<\/h4>\n<p style=\"text-align: center;\">Your customers habits are changing!<\/p>\n<p>[\/vc_column_text][elx_button button_text=&#8221;Sign up for a FREE copy of our white paper&#8221; button_link=&#8221;url:https%3A%2F%2Fwww.electroluxprofessional.com%2Fcommercial-laundry-equipment%2Flagoon-advanced-care%2Fthe-power-of-water%2F|title:The%20power%20of%20water||&#8221;][\/elx_simple_block][\/vc_column][\/vc_row][vc_row][vc_column][elx_heading font_size=&#8221;h3&#8243; text_color=&#8221;inherit&#8221; text_align=&#8221;text-left&#8221;]Un flusso di lavoro unico e continuo per un servizio pi\u00f9 efficiente[\/elx_heading][vc_column_text]<\/p>\n<p><span class=\"h5\">Lavaggio ad acqua all&#8217;avanguardia: tutti i benefici dell&#8217;acqua e un lavaggio veloce, semplice e senza solventi chimici.<\/span><\/p>\n<p>[\/vc_column_text][\/vc_column][\/vc_row][vc_row][vc_column][vc_empty_space][vc_single_image image=&#8221;9432&#8243; img_size=&#8221;full&#8221; alignment=&#8221;center&#8221;][vc_empty_space height=&#8221;50px&#8221;][elx_heading font_size=&#8221;h3&#8243; text_color=&#8221;inherit&#8221;]I nostri clienti[\/elx_heading][vc_empty_space height=&#8221;20px&#8221;][\/vc_column][\/vc_row][vc_row][vc_column width=&#8221;1\/2&#8243;][elx_heading font_container=&#8221;h3&#8243; font_size=&#8221;h4&#8243; text_color=&#8221;inherit&#8221;]<span style=\"color: #37c0c9;\">Lavanderia Centro Igienico Uno<\/span>[\/elx_heading][vc_column_text css_animation=&#8221;none&#8221;]<\/p>\n<p>Ritengo che la mia clientela sia soddisfatta perch\u00e9 \u00e8 cresciuta nel tempo, e anche <strong>se inizialmente qualcuno era un po\u2019 perplesso ad utilizzare il lavaggio ad acqua, dopo \u00e8 stato proprio lui a dirmi di lavare i suoi capi ad acqua piuttosto che a secco.<\/strong><\/p>\n<p>Silvia Micconi, proprietaria della Lavenderia Centro Igiene Uno, Fidenza (PR)<\/p>\n<p>[\/vc_column_text][vc_empty_space height=&#8221;12px&#8221;][elx_button button_text=&#8221;Per saperne di pi\u00f9 clicca qua&#8221; button_style=&#8221;icon&#8221; button_link=&#8221;url:https%3A%2F%2Fprofessional.electrolux.it%2Freferences%2Flavanderia-centro-igienico-uno%2F|title:Barners%20the%20cleaners%20reference||&#8221;][\/vc_column][vc_column width=&#8221;1\/2&#8243;][elx_video_block background_image=&#8221;9332&#8243; video_link=&#8221;https:\/\/www.youtube.com\/watch?v=hmUlYp1i-sU&amp;t=2s&#8221; minimum_height=&#8221;400px&#8221;][\/vc_column][\/vc_row][vc_row][vc_column][vc_empty_space height=&#8221;20px&#8221;][elx_heading font_size=&#8221;h3&#8243; text_color=&#8221;inherit&#8221; text_align=&#8221;text-left&#8221;]Una soluzione flessibile e modulare creata su misura<br \/>\nper ogni necessit\u00e0[\/elx_heading][vc_column_text]lagoon\u00ae Advanced Care \u00e8 disponibile in due format, con la possibilit\u00e0 di ampliare il tutto anche in una fase successiva, cos\u00ec da <strong>offrirti la massima flessibilit\u00e0.<\/strong>[\/vc_column_text][\/vc_column][\/vc_row][vc_row][vc_column width=&#8221;1\/2&#8243;][elx_heading font_container=&#8221;h3&#8243; font_size=&#8221;h3&#8243; text_color=&#8221;inherit&#8221;]<strong>Set base<\/strong><br \/>\n70 capi al giorno[\/elx_heading][vc_column_text]Il sistema di lavaggio ad acqua \u00e8 la soluzione professionale che completa alla perfezione tutte le operazioni di lavaggio a secco esistenti.<\/p>\n<p>Le migliori prestazioni della categoria con un\u2019impronta unica: questo \u00e8 lagoon\u00ae Advanced Care.<\/p>\n<p><strong>Capacit\u00e0<\/strong><br \/>\nDa 6 a 8 capi per ciclo.[\/vc_column_text][\/vc_column][vc_column width=&#8221;1\/2&#8243;][elx_heading font_container=&#8221;h3&#8243; font_size=&#8221;h3&#8243; text_color=&#8221;inherit&#8221;]<strong>Set completo<\/strong><br \/>\n250 capi al giorno[\/elx_heading][vc_column_text]La soluzione ideale per sostituire un sistema di lavaggio a secco da 15 kg. Offre la massima flessibilit\u00e0 e la possibilit\u00e0 di ampliare il sistema. Il set completo include il set base, ci\u00f2 vi permette di offrire anche il servizio espresso.<br \/>\nGrazie al set completo \u00e8 possibile trattare capi di grandi dimensioni (come piumini), nella propria lavanderia.<\/p>\n<p><b>Capacit\u00e0<\/b><br \/>\nDa 6 a 8 capi + da 18 a 27 capi per ciclo.[\/vc_column_text][\/vc_column][\/vc_row][vc_row][vc_column][vc_empty_space][elx_heading font_size=&#8221;h3&#8243; text_color=&#8221;inherit&#8221;]Approvato dagli esperti del settore[\/elx_heading][\/vc_column][\/vc_row][vc_row][vc_column width=&#8221;1\/3&#8243;][vc_column_text]Dopo pi\u00f9 cicli di lavaggio i test hanno mostrato nessuna variazione in termini di resistenza del tessuto, variazione di forma e perdita di colore &#8211; certificato da\u00a0<strong>Hohenstein Institute<\/strong>.[\/vc_column_text][\/vc_column][vc_column width=&#8221;1\/3&#8243;][vc_column_text]lagoon\u00ae\u00a0\u00e8 stato approvato da <strong>The Woolmark Company<\/strong> per il lavaggio dei capi in pura lana vergine, anche se riportano l\u2019indicazione \u201clavabili solo a secco\u201d.[\/vc_column_text][\/vc_column][vc_column width=&#8221;1\/3&#8243;][elx_download_block text=&#8221;Lagoon\u00ae Advanced Care Brochure &#8221; link=&#8221;files.professional.electrolux.com\/docs\/?n=A0021&amp;t=BR&amp;l=1&#8243; background_color=&#8221;commercial-laundries&#8221; reveal_effect=&#8221;fadeIn&#8221; reveal_duration=&#8221;&#8221; reveal_delay=&#8221;&#8221;][\/vc_column][\/vc_row][vc_row][vc_column][vc_empty_space][elx_heading font_size=&#8221;h3&#8243; text_color=&#8221;inherit&#8221;]Contattaci per un preventivo[\/elx_heading][elx_o2000_contact_us request=&#8221;Desidero ricevere maggiori informazioni su&#8230;&#8221; emailsubject=&#8221;Richiesta informazioni su&#8230;&#8221;][vc_empty_space][\/vc_column][\/vc_row]<\/p>\n","protected":false},"excerpt":{"rendered":"<p>[vc_row full_width=&#8221;electroluxpro-full-width-no-padding&#8221;][vc_column][elx_video_block background_image=&#8221;13027&#8243; video_link=&#8221;https:\/\/www.youtube.com\/watch?v=Bmra-TGZPng&#8221; minimum_height=&#8221;350px&#8221;][\/vc_column][\/vc_row][vc_row][vc_column width=&#8221;1\/2&#8243;][vc_empty_space][elx_heading font_container=&#8221;h1&#8243; text_color=&#8221;inherit&#8221;]lagoon\u00ae Advanced Care Facile, veloce ed ecologico. Il sistema di lavaggio ad acqua professionale per il trattamento tessuti.[\/elx_heading][vc_empty_space height=&#8221;10px&#8221;][elx_heading font_size=&#8221;h4&#8243; text_color=&#8221;inherit&#8221;]Solo 55 minuti per un lavaggi completo[\/elx_heading][\/vc_column][vc_column width=&#8221;1\/2&#8243;][vc_empty_space][vc_single_image image=&#8221;13032&#8243; img_size=&#8221;full&#8221; alignment=&#8221;center&#8221;][\/vc_column][\/vc_row][vc_row][vc_column][elx_heading font_size=&#8221;h3&#8243; text_color=&#8221;inherit&#8221; text_align=&#8221;text-left&#8221;]Nessun utilizzo di solventi chimici [\/elx_heading][vc_row_inner][vc_column_inner width=&#8221;1\/3&#8243;][elx_image_block background_image=&#8221;13028&#8243; minimum_height=&#8221;600px&#8221;][\/vc_column_inner][vc_column_inner width=&#8221;2\/3&#8243;][elx_heading font_container=&#8221;h3&#8243; font_size=&#8221;h5&#8243; text_color=&#8221;inherit&#8221;]Eco Sostenibile[\/elx_heading][vc_column_text]Ecologico: non [&hellip;]<\/p>\n","protected":false},"author":3,"featured_media":13026,"parent":13182,"menu_order":0,"comment_status":"closed","ping_status":"closed","template":"","meta":{"footnotes":""},"class_list":["post-13035","page","type-page","status-publish","has-post-thumbnail","hentry"],"acf":[],"_links":{"self":[{"href":"https:\/\/www.electroluxprofessional.com\/it\/wp-json\/wp\/v2\/pages\/13035"}],"collection":[{"href":"https:\/\/www.electroluxprofessional.com\/it\/wp-json\/wp\/v2\/pages"}],"about":[{"href":"https:\/\/www.electroluxprofessional.com\/it\/wp-json\/wp\/v2\/types\/page"}],"author":[{"embeddable":true,"href":"https:\/\/www.electroluxprofessional.com\/it\/wp-json\/wp\/v2\/users\/3"}],"replies":[{"embeddable":true,"href":"https:\/\/www.electroluxprofessional.com\/it\/wp-json\/wp\/v2\/comments?post=13035"}],"version-history":[{"count":5,"href":"https:\/\/www.electroluxprofessional.com\/it\/wp-json\/wp\/v2\/pages\/13035\/revisions"}],"predecessor-version":[{"id":14032,"href":"https:\/\/www.electroluxprofessional.com\/it\/wp-json\/wp\/v2\/pages\/13035\/revisions\/14032"}],"up":[{"embeddable":true,"href":"https:\/\/www.electroluxprofessional.com\/it\/wp-json\/wp\/v2\/pages\/13182"}],"wp:featuredmedia":[{"embeddable":true,"href":"https:\/\/www.electroluxprofessional.com\/it\/wp-json\/wp\/v2\/media\/13026"}],"wp:attachment":[{"href":"https:\/\/www.electroluxprofessional.com\/it\/wp-json\/wp\/v2\/media?parent=13035"}],"curies":[{"name":"wp","href":"https:\/\/api.w.org\/{rel}","templated":true}]}}