{"id":9985,"date":"2026-02-23T16:05:02","date_gmt":"2026-02-23T16:05:02","guid":{"rendered":"https:\/\/www.electroluxprofessional.com\/hu\/?page_id=9985"},"modified":"2026-04-15T13:41:01","modified_gmt":"2026-04-15T13:41:01","slug":"fenntarthato-megoldasok","status":"publish","type":"page","link":"https:\/\/www.electroluxprofessional.com\/hu\/fenntarthato-megoldasok\/","title":{"rendered":"Fenntarthat\u00f3 megold\u00e1sok"},"content":{"rendered":"<p>[vc_row full_width=&#8221;electroluxpro-full-width-no-padding&#8221; el_id=&#8221;banner&#8221; min_height=&#8221;500px&#8221;][vc_column][elx_hero_video text_position=&#8221;hero_video_text_align_left&#8221; width_box=&#8221;none&#8221; background_video_mp4=&#8221;https:\/\/www.electroluxprofessional.com\/hu\/wp-content\/uploads\/2026\/02\/Sustainability-video-electrolux-professional_HERO_ULTRA_2MB.mp4&#8243;][\/elx_hero_video][\/vc_column][\/vc_row][vc_row][vc_column][vc_empty_space height=&#8221;50px&#8221;][elx_heading font_container=&#8221;h1&#8243; font_size=&#8221;h2&#8243; text_color=&#8221;inherit&#8221; text_align=&#8221;text-center&#8221;]Fenntarthat\u00f3 megold\u00e1sok, amelyek hossz\u00fa t\u00e1v\u00fa \u00e9rt\u00e9ket teremtenek \u00fcgyfeleink sz\u00e1m\u00e1ra vil\u00e1gszerte<br \/>\n[\/elx_heading][vc_empty_space height=&#8221;20px&#8221;][vc_column_text]<\/p>\n<p style=\"text-align: center;\">Az Electrolux Professional szeretn\u00e9 dikt\u00e1lni a temp\u00f3t a professzion\u00e1lis \u00e9lelmiszer-, ital- \u00e9s mosodai ipar\u00e1gakban fenntarthat\u00f3s\u00e1gi \u00e9s energiahat\u00e9konys\u00e1gi innov\u00e1ci\u00f3ink r\u00e9v\u00e9n, amelyeket egy \u00f6sszekapcsolt \u00e9s digit\u00e1lis platform t\u00e1mogat az \u00fcgyf\u00e9lig\u00e9nyek kiel\u00e9g\u00edt\u00e9s\u00e9re.<\/p>\n<p>[\/vc_column_text][vc_empty_space height=&#8221;50px&#8221;][\/vc_column][\/vc_row][vc_row content_placement=&#8221;middle&#8221; css=&#8221;.vc_custom_1758178561518{background-color: #F6F6F6 !important;}&#8221;][vc_column][vc_empty_space height=&#8221;40px&#8221;][\/vc_column][\/vc_row][vc_row equal_height=&#8221;yes&#8221; content_placement=&#8221;middle&#8221; css=&#8221;.vc_custom_1759215775499{background-color: #F6F6F6 !important;}&#8221;][vc_column el_class=&#8221;align-vertical-center&#8221;][elx_heading text_color=&#8221;inherit&#8221;]A fenntarthat\u00f3s\u00e1g vezet\u0151je \u2013 a holnap ig\u00e9nyein t\u00fal[\/elx_heading][vc_empty_space][\/vc_column][\/vc_row][vc_row content_placement=&#8221;middle&#8221; css=&#8221;.vc_custom_1758178561518{background-color: #F6F6F6 !important;}&#8221;][vc_column][vc_empty_space height=&#8221;40px&#8221;][\/vc_column][\/vc_row][vc_row equal_height=&#8221;yes&#8221; content_placement=&#8221;middle&#8221; css=&#8221;.vc_custom_1759215775499{background-color: #F6F6F6 !important;}&#8221;][vc_column width=&#8221;2\/3&#8243;][vc_column_text css=&#8221;.vc_custom_1771917360965{background-color: #f6f6f6 !important;}&#8221;]Az Electrolux Professional Csoportn\u00e1l a fenntarthat\u00f3s\u00e1g be\u00e9p\u00fclt m\u0171k\u00f6d\u00e9s\u00fcnkbe \u00e9s kult\u00far\u00e1nkba. C\u00e9lunk, hogy pozit\u00edv hat\u00e1st gyakoroljunk a professzion\u00e1lis \u00e9lelmiszer-, ital- \u00e9s mosodai szektorra az\u00e1ltal, hogy seg\u00edtj\u00fck a v\u00e1llalkoz\u00e1sokat a prosper\u00e1l\u00e1sban, az int\u00e9zm\u00e9nyeket hat\u00e9konyabb\u00e1 tessz\u00fck, \u00e9s a munkahelyeket biztons\u00e1gosabb\u00e1 \u2013 mik\u00f6zben cs\u00f6kkentj\u00fck az energia-, v\u00edz- \u00e9s mos\u00f3szerfelhaszn\u00e1l\u00e1st.<\/p>\n<p>Strat\u00e9gi\u00e1nk a kl\u00edm\u00e1ra, eg\u00e9szs\u00e9gre \u00e9s biztons\u00e1gra, valamint a soksz\u00edn\u0171s\u00e9gre \u00f6sszpontos\u00edt, azzal a c\u00e9llal, hogy 2030-ra kl\u00edmasemlegesek legy\u00fcnk, h\u00e1rom pill\u00e9rre \u00e9p\u00edtve: Fenntarthat\u00f3 megold\u00e1sok, Fenntarthat\u00f3 m\u0171k\u00f6d\u00e9s \u00e9s Etika \u00e9s Kapcsolatok.<\/p>\n<p>B\u00fcszk\u00e9k vagyunk arra, hogy ipar\u00e1gunk fenntarthat\u00f3s\u00e1gi vezet\u0151jek\u00e9nt ismernek el minket. Ez az elismer\u00e9s b\u00fcszkes\u00e9ggel \u00e9s felel\u0151ss\u00e9ggel j\u00e1r \u2013 hogy folyamatosan fejl\u0151dj\u00fcnk \u00e9s a holnap ig\u00e9nyein t\u00fal is megfelelj\u00fcnk.[\/vc_column_text][vc_empty_space height=&#8221;20px&#8221;][vc_column_text]<strong><em>Alberto Zanata, eln\u00f6k-vez\u00e9rigazgat\u00f3<\/em><\/strong>[\/vc_column_text][\/vc_column][vc_column width=&#8221;1\/3&#8243;][vc_row_inner][vc_column_inner offset=&#8221;vc_hidden-lg vc_hidden-md vc_hidden-sm&#8221;][vc_empty_space][\/vc_column_inner][\/vc_row_inner][vc_empty_space height=&#8221;45px&#8221;][vc_single_image image=&#8221;9982&#8243; img_size=&#8221;full&#8221; alignment=&#8221;center&#8221;][\/vc_column][\/vc_row][vc_row content_placement=&#8221;middle&#8221; css=&#8221;.vc_custom_1758178561518{background-color: #F6F6F6 !important;}&#8221;][vc_column][vc_empty_space height=&#8221;40px&#8221;][\/vc_column][\/vc_row][vc_row][vc_column][vc_empty_space height=&#8221;50px&#8221;][\/vc_column][\/vc_row][vc_row][vc_column][elx_double_banner_sust tag_title=&#8221;h2&#8243; class_title=&#8221;h2&#8243; left_title=&#8221;Fenntarthat\u00f3 \u00e9lelmiszermegold\u00e1sok&#8221; left_image_media_library=&#8221;10033&#8243; right_title=&#8221;Fenntarthat\u00f3 mos\u00e1si megold\u00e1sok&#8221; right_image_media_library=&#8221;10035&#8243; left_link=&#8221;url:https%3A%2F%2Fwww.electroluxprofessional.com%2Fhu%2Ffenntarthato-megoldasok%2Ffenntarthato-elelmiszermegoldasok%2F|title:Tov%C3%A1bbi%20inform%C3%A1ci%C3%B3k&#8221; right_link=&#8221;url:https%3A%2F%2Fwww.electroluxprofessional.com%2Fhu%2Ffenntarthato-megoldasok%2Fa-fenntarthato-mosoda-alakitasa%2F|title:Tov%C3%A1bbi%20inform%C3%A1ci%C3%B3k&#8221;][\/vc_column][\/vc_row][vc_row][vc_column][vc_empty_space height=&#8221;50px&#8221;][\/vc_column][\/vc_row][vc_row content_placement=&#8221;middle&#8221; css=&#8221;.vc_custom_1758178561518{background-color: #F6F6F6 !important;}&#8221;][vc_column][vc_empty_space height=&#8221;40px&#8221;][\/vc_column][\/vc_row][vc_row content_placement=&#8221;middle&#8221; css=&#8221;.vc_custom_1758187212823{background-color: #F6F6F6 !important;}&#8221;][vc_column width=&#8221;3\/5&#8243;][vc_row_inner][vc_column_inner offset=&#8221;vc_hidden-sm vc_hidden-xs&#8221;][vc_empty_space][\/vc_column_inner][\/vc_row_inner][vc_column_text]<\/p>\n<h3><span class=\"LineBox SCXP108091875 BCX0\"><span class=\"EOP SCXP108091875 BCX0\">B\u00fcszk\u00e9k vagyunk arra, hogy elnyert\u00fck az EcoVadis rangos Gold Sustainability Rating d\u00edj\u00e1t, amely a vil\u00e1gon \u00e9rt\u00e9kelt v\u00e1llalatok legjobb 5%-\u00e1ba sorol minket.\u200b<\/span><\/span><\/h3>\n<p>[\/vc_column_text][vc_row_inner][vc_column_inner offset=&#8221;vc_hidden-lg vc_hidden-md vc_hidden-sm&#8221;][vc_empty_space][\/vc_column_inner][\/vc_row_inner][\/vc_column][vc_column width=&#8221;2\/5&#8243;][vc_column_text css=&#8221;.vc_custom_1759216097926{background-color: #F6F6F6 !important;}&#8221;]<span style=\"color: #f6f6f6;\">.<\/span>[\/vc_column_text][vc_single_image image=&#8221;9983&#8243; img_size=&#8221;200&#215;200&#8243; alignment=&#8221;center&#8221;][\/vc_column][\/vc_row][vc_row content_placement=&#8221;middle&#8221; css=&#8221;.vc_custom_1758178561518{background-color: #F6F6F6 !important;}&#8221;][vc_column][vc_empty_space height=&#8221;40px&#8221;][\/vc_column][\/vc_row][vc_row][vc_column][vc_empty_space height=&#8221;50px&#8221;][\/vc_column][\/vc_row][vc_row css=&#8221;.vc_custom_1769764393796{background-image: url(https:\/\/eprdev.comunicazione21.com\/wp-content\/uploads\/2025\/09\/Screenshot-2025-09-25-115810.jpg?id=56214) !important;background-position: center !important;background-repeat: no-repeat !important;background-size: cover !important;}&#8221; el_class=&#8221;text-center&#8221;][vc_column][vc_empty_space height=&#8221;64px&#8221;][vc_row_inner][vc_column_inner][vc_column_text]<\/p>\n<p style=\"text-align: center;\"><span style=\"color: #ffffff;\">AMIT EDDIG EL\u00c9RT\u00dcNK<\/span><\/p>\n<p>[\/vc_column_text][vc_empty_space][elx_heading text_color=&#8221;white&#8221; text_align=&#8221;text-center&#8221;]2024-ben jelent\u0151s el\u0151rel\u00e9p\u00e9st \u00e9rt\u00fcnk el a<br \/>\nfenntarthat\u00f3s\u00e1g minden ter\u00fclet\u00e9n 2019 \u00f3ta.<br \/>\n[\/elx_heading][vc_empty_space][\/vc_column_inner][\/vc_row_inner][vc_row_inner][vc_column_inner width=&#8221;1\/3&#8243;][vc_column_text]<\/p>\n<p style=\"font-size: 83px; text-align: center;\"><span style=\"color: #ffffff;\"><strong>-61%<\/strong><\/span><\/p>\n<p>[\/vc_column_text][elx_heading font_container=&#8221;h3&#8243; font_size=&#8221;p&#8221; text_color=&#8221;white&#8221; text_align=&#8221;text-center&#8221;]CO2 1. \u00e9s 2. hat\u00f3k\u00f6r\u0171 kibocs\u00e1t\u00e1s[\/elx_heading][vc_empty_space][\/vc_column_inner][vc_column_inner width=&#8221;1\/3&#8243;][vc_column_text]<\/p>\n<p style=\"font-size: 83px; text-align: center;\"><span style=\"color: #ffffff;\"><strong>51%<\/strong><\/span><\/p>\n<p>[\/vc_column_text][elx_heading font_container=&#8221;h3&#8243; font_size=&#8221;p&#8221; text_color=&#8221;white&#8221; text_align=&#8221;text-center&#8221;]Meg\u00fajul\u00f3 energia<br \/>\n[\/elx_heading][vc_empty_space][\/vc_column_inner][vc_column_inner width=&#8221;1\/3&#8243;][vc_column_text]<\/p>\n<p style=\"font-size: 83px; text-align: center;\"><span style=\"color: #ffffff;\"><strong>-35%<\/strong><\/span><\/p>\n<p>[\/vc_column_text][elx_heading font_container=&#8221;h3&#8243; font_size=&#8221;p&#8221; text_color=&#8221;white&#8221; text_align=&#8221;text-center&#8221;]CO2 3. hat\u00f3k\u00f6r\u0171 kibocs\u00e1t\u00e1s<br \/>\n[\/elx_heading][vc_empty_space][\/vc_column_inner][\/vc_row_inner][vc_empty_space height=&#8221;70px&#8221;][elx_button button_text=&#8221;ISMERJE MEG EREDM\u00c9NYEINKET&#8221; button_style=&#8221;primary-white-bordered&#8221; button_link=&#8221;url:https%3A%2F%2Fwww.electroluxprofessional.com%2Fhu%2Ffenntarthato-megoldasok%2Ffenntarthatosagi-minositesek-es-tanusitvanyok%2F|title:Fenntarthat%C3%B3s%C3%A1gi%20min%C5%91s%C3%ADt%C3%A9sek%20%C3%A9s%20tan%C3%BAs%C3%ADtv%C3%A1nyok&#8221;][vc_empty_space height=&#8221;50px&#8221;][\/vc_column][\/vc_row][vc_row el_class=&#8221;text-center&#8221;][vc_column][vc_empty_space height=&#8221;55px&#8221;][\/vc_column][\/vc_row][vc_row][vc_column width=&#8221;1\/2&#8243;][vc_single_image image=&#8221;9969&#8243; img_size=&#8221;577&#215;540&#8243; alignment=&#8221;center&#8221;][vc_empty_space height=&#8221;20px&#8221;][elx_heading font_container=&#8221;h3&#8243; font_size=&#8221;h3&#8243; text_color=&#8221;inherit&#8221; text_align=&#8221;text-left&#8221;]J\u00f3 v\u00e1laszt\u00e1sok a bolyg\u00f3nk\u00e9rt<br \/>\n[\/elx_heading][vc_empty_space height=&#8221;10px&#8221;][vc_column_text]Az Electrolux Professional seg\u00edt megtal\u00e1lni az utat egy fenntarthat\u00f3 j\u00f6v\u0151 fel\u00e9. Sz\u00e1mos lehet\u0151s\u00e9g van arra, hogy pozit\u00edv hozz\u00e1j\u00e1rul\u00e1st tegyen hat\u00e9konyabb \u00e9s energiatakar\u00e9kosabb berendez\u00e9sek v\u00e1laszt\u00e1s\u00e1val \u2013 ami nemcsak a bolyg\u00f3nak j\u00f3 h\u00edr, hanem az \u00d6n v\u00e1llalkoz\u00e1s\u00e1nak is. Itt az ideje a helyes d\u00f6nt\u00e9sek meghozatal\u00e1nak.[\/vc_column_text][vc_empty_space][\/vc_column][vc_column width=&#8221;1\/2&#8243;][vc_single_image image=&#8221;9984&#8243; img_size=&#8221;577&#215;540&#8243; alignment=&#8221;center&#8221;][vc_empty_space height=&#8221;20px&#8221;][elx_heading font_container=&#8221;h3&#8243; font_size=&#8221;h3&#8243; text_color=&#8221;inherit&#8221; text_align=&#8221;text-left&#8221;]Fenntarthat\u00f3 megk\u00f6zel\u00edt\u00e9s[\/elx_heading][vc_empty_space height=&#8221;10px&#8221;][vc_column_text]K\u00fcldet\u00e9s\u00fcnk, hogy \u00fcgyfeleink munk\u00e1j\u00e1t k\u00f6nnyebb\u00e9, j\u00f6vedelmez\u0151bb\u00e9 \u00e9s val\u00f3ban fenntarthat\u00f3v\u00e1 tegy\u00fck minden nap. A fenntarthat\u00f3s\u00e1g strat\u00e9giai, kultur\u00e1lis \u00e9s m\u0171k\u00f6d\u00e9si kulcseleme.<br \/>\nA Fenntarthat\u00f3 Fejl\u0151d\u00e9si C\u00e9lokat (SDGs) haszn\u00e1ljuk ir\u00e1nyt\u0171k\u00e9nt. Minden nap arra t\u00f6reksz\u00fcnk, hogy jav\u00edtsuk \u00fcgyfeleink \u00e9rt\u00e9kl\u00e1nc\u00e1nak fenntarthat\u00f3s\u00e1g\u00e1t.[\/vc_column_text][vc_empty_space][\/vc_column][\/vc_row][vc_row el_class=&#8221;text-center&#8221;][vc_column][vc_empty_space][elx_button button_text=&#8221;ETIK\u00c1NK&#8221; button_link=&#8221;url:https%3A%2F%2Fwww.electroluxprofessionalgroup.com%2Fen%2Fsustainability%2Four-ethics%2F|title:ETIK%C3%81NK|target:_blank&#8221;][vc_empty_space][\/vc_column][\/vc_row][vc_row custom_color_row=&#8221;bg-row-light-blue&#8221;][vc_column][elx_last_references title=&#8221;Hivatkoz\u00e1sok&#8221; extra_class=&#8221;h4&#8243;][\/vc_column][\/vc_row][vc_row][vc_column][vc_empty_space height=&#8221;60px&#8221;][\/vc_column][\/vc_row]<\/p>\n","protected":false},"excerpt":{"rendered":"<p>[vc_row full_width=&#8221;electroluxpro-full-width-no-padding&#8221; el_id=&#8221;banner&#8221; min_height=&#8221;500px&#8221;][vc_column][elx_hero_video text_position=&#8221;hero_video_text_align_left&#8221; width_box=&#8221;none&#8221; background_video_mp4=&#8221;https:\/\/www.electroluxprofessional.com\/hu\/wp-content\/uploads\/2026\/02\/Sustainability-video-electrolux-professional_HERO_ULTRA_2MB.mp4&#8243;][\/elx_hero_video][\/vc_column][\/vc_row][vc_row][vc_column][vc_empty_space height=&#8221;50px&#8221;][elx_heading font_container=&#8221;h1&#8243; font_size=&#8221;h2&#8243; text_color=&#8221;inherit&#8221; text_align=&#8221;text-center&#8221;]Fenntarthat\u00f3 megold\u00e1sok, amelyek hossz\u00fa t\u00e1v\u00fa \u00e9rt\u00e9ket teremtenek \u00fcgyfeleink sz\u00e1m\u00e1ra vil\u00e1gszerte [\/elx_heading][vc_empty_space height=&#8221;20px&#8221;][vc_column_text] Az Electrolux Professional szeretn\u00e9 dikt\u00e1lni a temp\u00f3t a professzion\u00e1lis \u00e9lelmiszer-, ital- \u00e9s mosodai ipar\u00e1gakban fenntarthat\u00f3s\u00e1gi \u00e9s energiahat\u00e9konys\u00e1gi innov\u00e1ci\u00f3ink r\u00e9v\u00e9n, amelyeket egy \u00f6sszekapcsolt \u00e9s digit\u00e1lis platform t\u00e1mogat az \u00fcgyf\u00e9lig\u00e9nyek kiel\u00e9g\u00edt\u00e9s\u00e9re. [\/vc_column_text][vc_empty_space height=&#8221;50px&#8221;][\/vc_column][\/vc_row][vc_row content_placement=&#8221;middle&#8221; [&hellip;]<\/p>\n","protected":false},"author":1,"featured_media":9969,"parent":0,"menu_order":0,"comment_status":"closed","ping_status":"closed","template":"","meta":{"footnotes":""},"class_list":["post-9985","page","type-page","status-publish","has-post-thumbnail","hentry"],"yoast_head":"<!-- This site is optimized with the Yoast SEO plugin v23.3 - https:\/\/yoast.com\/wordpress\/plugins\/seo\/ -->\n<title>Fenntarthat\u00f3 megold\u00e1sok - Electrolux Professional Magyarorsz\u00e1g<\/title>\n<meta name=\"description\" content=\"Electrolux Professional fenntarthat\u00f3 megold\u00e1sok. Energiahat\u00e9kony berendez\u00e9sek, amelyek c\u00e9lja az er\u0151forr\u00e1s-felhaszn\u00e1l\u00e1s cs\u00f6kkent\u00e9se \u00e9s a teljes\u00edtm\u00e9ny n\u00f6vel\u00e9se egy val\u00f3ban fenntarthat\u00f3 j\u00f6v\u0151 \u00e9rdek\u00e9ben.\" \/>\n<meta name=\"robots\" content=\"noindex, nofollow\" \/>\n<meta property=\"og:locale\" content=\"hu_HU\" \/>\n<meta property=\"og:type\" content=\"article\" \/>\n<meta property=\"og:title\" content=\"Fenntarthat\u00f3 megold\u00e1sok - Electrolux Professional Magyarorsz\u00e1g\" \/>\n<meta property=\"og:description\" content=\"Electrolux Professional fenntarthat\u00f3 megold\u00e1sok. Energiahat\u00e9kony berendez\u00e9sek, amelyek c\u00e9lja az er\u0151forr\u00e1s-felhaszn\u00e1l\u00e1s cs\u00f6kkent\u00e9se \u00e9s a teljes\u00edtm\u00e9ny n\u00f6vel\u00e9se egy val\u00f3ban fenntarthat\u00f3 j\u00f6v\u0151 \u00e9rdek\u00e9ben.\" \/>\n<meta property=\"og:url\" content=\"https:\/\/www.electroluxprofessional.com\/hu\/fenntarthato-megoldasok\/\" \/>\n<meta property=\"og:site_name\" content=\"Electrolux Professional Magyarorsz\u00e1g\" \/>\n<meta property=\"article:modified_time\" content=\"2026-04-15T13:41:01+00:00\" \/>\n<meta property=\"og:image\" content=\"https:\/\/www.electroluxprofessional.com\/hu\/wp-content\/uploads\/2026\/02\/A-sustainable-approach_1.jpeg\" \/>\n\t<meta property=\"og:image:width\" content=\"577\" \/>\n\t<meta property=\"og:image:height\" content=\"540\" \/>\n\t<meta property=\"og:image:type\" content=\"image\/jpeg\" \/>\n<meta name=\"twitter:card\" content=\"summary_large_image\" \/>\n<meta name=\"twitter:label1\" content=\"Becs\u00fclt olvas\u00e1si id\u0151\" \/>\n\t<meta name=\"twitter:data1\" content=\"3 perc\" \/>\n<script type=\"application\/ld+json\" class=\"yoast-schema-graph\">{\"@context\":\"https:\/\/schema.org\",\"@graph\":[{\"@type\":\"WebPage\",\"@id\":\"https:\/\/www.electroluxprofessional.com\/hu\/fenntarthato-megoldasok\/\",\"url\":\"https:\/\/www.electroluxprofessional.com\/hu\/fenntarthato-megoldasok\/\",\"name\":\"Fenntarthat\u00f3 megold\u00e1sok - Electrolux Professional Magyarorsz\u00e1g\",\"isPartOf\":{\"@id\":\"https:\/\/www.electroluxprofessional.com\/hu\/#website\"},\"primaryImageOfPage\":{\"@id\":\"https:\/\/www.electroluxprofessional.com\/hu\/fenntarthato-megoldasok\/#primaryimage\"},\"image\":{\"@id\":\"https:\/\/www.electroluxprofessional.com\/hu\/fenntarthato-megoldasok\/#primaryimage\"},\"thumbnailUrl\":\"https:\/\/www.electroluxprofessional.com\/hu\/wp-content\/uploads\/2026\/02\/A-sustainable-approach_1.jpeg\",\"datePublished\":\"2026-02-23T16:05:02+00:00\",\"dateModified\":\"2026-04-15T13:41:01+00:00\",\"description\":\"Electrolux Professional fenntarthat\u00f3 megold\u00e1sok. Energiahat\u00e9kony berendez\u00e9sek, amelyek c\u00e9lja az er\u0151forr\u00e1s-felhaszn\u00e1l\u00e1s cs\u00f6kkent\u00e9se \u00e9s a teljes\u00edtm\u00e9ny n\u00f6vel\u00e9se egy val\u00f3ban fenntarthat\u00f3 j\u00f6v\u0151 \u00e9rdek\u00e9ben.\",\"breadcrumb\":{\"@id\":\"https:\/\/www.electroluxprofessional.com\/hu\/fenntarthato-megoldasok\/#breadcrumb\"},\"inLanguage\":\"hu\",\"potentialAction\":[{\"@type\":\"ReadAction\",\"target\":[\"https:\/\/www.electroluxprofessional.com\/hu\/fenntarthato-megoldasok\/\"]}]},{\"@type\":\"ImageObject\",\"inLanguage\":\"hu\",\"@id\":\"https:\/\/www.electroluxprofessional.com\/hu\/fenntarthato-megoldasok\/#primaryimage\",\"url\":\"https:\/\/www.electroluxprofessional.com\/hu\/wp-content\/uploads\/2026\/02\/A-sustainable-approach_1.jpeg\",\"contentUrl\":\"https:\/\/www.electroluxprofessional.com\/hu\/wp-content\/uploads\/2026\/02\/A-sustainable-approach_1.jpeg\",\"width\":577,\"height\":540},{\"@type\":\"BreadcrumbList\",\"@id\":\"https:\/\/www.electroluxprofessional.com\/hu\/fenntarthato-megoldasok\/#breadcrumb\",\"itemListElement\":[{\"@type\":\"ListItem\",\"position\":1,\"name\":\"Home\",\"item\":\"https:\/\/www.electroluxprofessional.com\/hu\/\"},{\"@type\":\"ListItem\",\"position\":2,\"name\":\"Fenntarthat\u00f3 megold\u00e1sok\"}]},{\"@type\":\"WebSite\",\"@id\":\"https:\/\/www.electroluxprofessional.com\/hu\/#website\",\"url\":\"https:\/\/www.electroluxprofessional.com\/hu\/\",\"name\":\"Electrolux Professional Magyarorsz\u00e1g\",\"description\":\"\",\"potentialAction\":[{\"@type\":\"SearchAction\",\"target\":{\"@type\":\"EntryPoint\",\"urlTemplate\":\"https:\/\/www.electroluxprofessional.com\/hu\/?src={search_term_string}\"},\"query-input\":\"required name=search_term_string\"}],\"inLanguage\":\"hu\"}]}<\/script>\n<!-- \/ Yoast SEO plugin. -->","yoast_head_json":{"title":"Fenntarthat\u00f3 megold\u00e1sok - Electrolux Professional Magyarorsz\u00e1g","description":"Electrolux Professional fenntarthat\u00f3 megold\u00e1sok. Energiahat\u00e9kony berendez\u00e9sek, amelyek c\u00e9lja az er\u0151forr\u00e1s-felhaszn\u00e1l\u00e1s cs\u00f6kkent\u00e9se \u00e9s a teljes\u00edtm\u00e9ny n\u00f6vel\u00e9se egy val\u00f3ban fenntarthat\u00f3 j\u00f6v\u0151 \u00e9rdek\u00e9ben.","robots":{"index":"noindex","follow":"nofollow"},"og_locale":"hu_HU","og_type":"article","og_title":"Fenntarthat\u00f3 megold\u00e1sok - Electrolux Professional Magyarorsz\u00e1g","og_description":"Electrolux Professional fenntarthat\u00f3 megold\u00e1sok. Energiahat\u00e9kony berendez\u00e9sek, amelyek c\u00e9lja az er\u0151forr\u00e1s-felhaszn\u00e1l\u00e1s cs\u00f6kkent\u00e9se \u00e9s a teljes\u00edtm\u00e9ny n\u00f6vel\u00e9se egy val\u00f3ban fenntarthat\u00f3 j\u00f6v\u0151 \u00e9rdek\u00e9ben.","og_url":"https:\/\/www.electroluxprofessional.com\/hu\/fenntarthato-megoldasok\/","og_site_name":"Electrolux Professional Magyarorsz\u00e1g","article_modified_time":"2026-04-15T13:41:01+00:00","og_image":[{"width":577,"height":540,"url":"https:\/\/www.electroluxprofessional.com\/hu\/wp-content\/uploads\/2026\/02\/A-sustainable-approach_1.jpeg","type":"image\/jpeg"}],"twitter_card":"summary_large_image","twitter_misc":{"Becs\u00fclt olvas\u00e1si id\u0151":"3 perc"},"schema":{"@context":"https:\/\/schema.org","@graph":[{"@type":"WebPage","@id":"https:\/\/www.electroluxprofessional.com\/hu\/fenntarthato-megoldasok\/","url":"https:\/\/www.electroluxprofessional.com\/hu\/fenntarthato-megoldasok\/","name":"Fenntarthat\u00f3 megold\u00e1sok - Electrolux Professional Magyarorsz\u00e1g","isPartOf":{"@id":"https:\/\/www.electroluxprofessional.com\/hu\/#website"},"primaryImageOfPage":{"@id":"https:\/\/www.electroluxprofessional.com\/hu\/fenntarthato-megoldasok\/#primaryimage"},"image":{"@id":"https:\/\/www.electroluxprofessional.com\/hu\/fenntarthato-megoldasok\/#primaryimage"},"thumbnailUrl":"https:\/\/www.electroluxprofessional.com\/hu\/wp-content\/uploads\/2026\/02\/A-sustainable-approach_1.jpeg","datePublished":"2026-02-23T16:05:02+00:00","dateModified":"2026-04-15T13:41:01+00:00","description":"Electrolux Professional fenntarthat\u00f3 megold\u00e1sok. Energiahat\u00e9kony berendez\u00e9sek, amelyek c\u00e9lja az er\u0151forr\u00e1s-felhaszn\u00e1l\u00e1s cs\u00f6kkent\u00e9se \u00e9s a teljes\u00edtm\u00e9ny n\u00f6vel\u00e9se egy val\u00f3ban fenntarthat\u00f3 j\u00f6v\u0151 \u00e9rdek\u00e9ben.","breadcrumb":{"@id":"https:\/\/www.electroluxprofessional.com\/hu\/fenntarthato-megoldasok\/#breadcrumb"},"inLanguage":"hu","potentialAction":[{"@type":"ReadAction","target":["https:\/\/www.electroluxprofessional.com\/hu\/fenntarthato-megoldasok\/"]}]},{"@type":"ImageObject","inLanguage":"hu","@id":"https:\/\/www.electroluxprofessional.com\/hu\/fenntarthato-megoldasok\/#primaryimage","url":"https:\/\/www.electroluxprofessional.com\/hu\/wp-content\/uploads\/2026\/02\/A-sustainable-approach_1.jpeg","contentUrl":"https:\/\/www.electroluxprofessional.com\/hu\/wp-content\/uploads\/2026\/02\/A-sustainable-approach_1.jpeg","width":577,"height":540},{"@type":"BreadcrumbList","@id":"https:\/\/www.electroluxprofessional.com\/hu\/fenntarthato-megoldasok\/#breadcrumb","itemListElement":[{"@type":"ListItem","position":1,"name":"Home","item":"https:\/\/www.electroluxprofessional.com\/hu\/"},{"@type":"ListItem","position":2,"name":"Fenntarthat\u00f3 megold\u00e1sok"}]},{"@type":"WebSite","@id":"https:\/\/www.electroluxprofessional.com\/hu\/#website","url":"https:\/\/www.electroluxprofessional.com\/hu\/","name":"Electrolux Professional Magyarorsz\u00e1g","description":"","potentialAction":[{"@type":"SearchAction","target":{"@type":"EntryPoint","urlTemplate":"https:\/\/www.electroluxprofessional.com\/hu\/?src={search_term_string}"},"query-input":"required name=search_term_string"}],"inLanguage":"hu"}]}},"_links":{"self":[{"href":"https:\/\/www.electroluxprofessional.com\/hu\/wp-json\/wp\/v2\/pages\/9985"}],"collection":[{"href":"https:\/\/www.electroluxprofessional.com\/hu\/wp-json\/wp\/v2\/pages"}],"about":[{"href":"https:\/\/www.electroluxprofessional.com\/hu\/wp-json\/wp\/v2\/types\/page"}],"author":[{"embeddable":true,"href":"https:\/\/www.electroluxprofessional.com\/hu\/wp-json\/wp\/v2\/users\/1"}],"replies":[{"embeddable":true,"href":"https:\/\/www.electroluxprofessional.com\/hu\/wp-json\/wp\/v2\/comments?post=9985"}],"version-history":[{"count":14,"href":"https:\/\/www.electroluxprofessional.com\/hu\/wp-json\/wp\/v2\/pages\/9985\/revisions"}],"predecessor-version":[{"id":10562,"href":"https:\/\/www.electroluxprofessional.com\/hu\/wp-json\/wp\/v2\/pages\/9985\/revisions\/10562"}],"wp:featuredmedia":[{"embeddable":true,"href":"https:\/\/www.electroluxprofessional.com\/hu\/wp-json\/wp\/v2\/media\/9969"}],"wp:attachment":[{"href":"https:\/\/www.electroluxprofessional.com\/hu\/wp-json\/wp\/v2\/media?parent=9985"}],"curies":[{"name":"wp","href":"https:\/\/api.w.org\/{rel}","templated":true}]}}