{"id":9916,"date":"2026-01-25T17:24:48","date_gmt":"2026-01-25T17:24:48","guid":{"rendered":"https:\/\/www.electroluxprofessional.com\/hu\/?page_id=9916"},"modified":"2026-02-01T08:51:12","modified_gmt":"2026-02-01T08:51:12","slug":"thermaline-modular-80-85-90","status":"publish","type":"page","link":"https:\/\/www.electroluxprofessional.com\/hu\/konyhatechnologia\/thermaline-modular-80-85-90\/","title":{"rendered":"thermaline Modular 80, 85 &#038; 90"},"content":{"rendered":"<p>[vc_row el_id=&#8221;contact-us&#8221;][vc_column][elx_heading font_size=&#8221;h3&#8243; text_color=&#8221;inherit&#8221; text_align=&#8221;text-center&#8221;]L\u00e9pjen kapcsolatba vel\u00fcnk, ha t\u00f6bbet szeretne megtudni<br \/>\na therma<em>line<\/em> modul\u00e1ris f\u0151z\u0151sorokr\u00f3l[\/elx_heading][elx_o2000_contact_us s=&#8221;Request for information: thermaline Modular Cooking&#8221; request_type=&#8221;&#8221; country=&#8221;Hungary&#8221; b=&#8221;food&#8221; container=&#8221;elxcontactus1466429401&#8243; r=&#8221;I would like to find out more about solutions for thermaline Cooking Range, please get in touch with me.&#8221;][\/vc_column][\/vc_row][vc_row css=&#8221;.vc_custom_1766052803336{margin-top: 150px !important;}&#8221; el_id=&#8221;products-filter&#8221;][vc_column][elx_heading font_size=&#8221;h3&#8243; text_color=&#8221;inherit&#8221; text_align=&#8221;text-center&#8221;]therma<em>line<\/em> Modular 80, 85 \u00e9s 90<br \/>\nV\u00e1lassza ki a term\u00e9keit[\/elx_heading][\/vc_column][\/vc_row]<\/p>\n","protected":false},"excerpt":{"rendered":"<p>[vc_row el_id=&#8221;contact-us&#8221;][vc_column][elx_heading font_size=&#8221;h3&#8243; text_color=&#8221;inherit&#8221; text_align=&#8221;text-center&#8221;]L\u00e9pjen kapcsolatba vel\u00fcnk, ha t\u00f6bbet szeretne megtudni a thermaline modul\u00e1ris f\u0151z\u0151sorokr\u00f3l[\/elx_heading][elx_o2000_contact_us s=&#8221;Request for information: thermaline Modular Cooking&#8221; request_type=&#8221;&#8221; country=&#8221;Hungary&#8221; b=&#8221;food&#8221; container=&#8221;elxcontactus1466429401&#8243; r=&#8221;I would like to find out more about solutions for thermaline Cooking Range, please get in touch with me.&#8221;][\/vc_column][\/vc_row][vc_row css=&#8221;.vc_custom_1766052803336{margin-top: 150px !important;}&#8221; el_id=&#8221;products-filter&#8221;][vc_column][elx_heading font_size=&#8221;h3&#8243; text_color=&#8221;inherit&#8221; text_align=&#8221;text-center&#8221;]thermaline Modular 80, 85 \u00e9s [&hellip;]<\/p>\n","protected":false},"author":53,"featured_media":0,"parent":2091,"menu_order":0,"comment_status":"closed","ping_status":"closed","template":"template-thermaline.php","meta":{"footnotes":""},"class_list":["post-9916","page","type-page","status-publish","hentry"],"yoast_head":"<!-- This site is optimized with the Yoast SEO plugin v23.3 - https:\/\/yoast.com\/wordpress\/plugins\/seo\/ -->\n<title>thermaline Modular 80, 85 &amp; 90 - Electrolux Professional Magyarorsz\u00e1g<\/title>\n<meta name=\"robots\" content=\"index, follow, max-snippet:-1, max-image-preview:large, max-video-preview:-1\" \/>\n<link rel=\"canonical\" href=\"https:\/\/www.electroluxprofessional.com\/hu\/konyhatechnologia\/thermaline-modular-80-85-90\/\" \/>\n<meta property=\"og:locale\" content=\"hu_HU\" \/>\n<meta property=\"og:type\" content=\"article\" \/>\n<meta property=\"og:title\" content=\"thermaline Modular 80, 85 &amp; 90 - Electrolux Professional Magyarorsz\u00e1g\" \/>\n<meta property=\"og:description\" content=\"[vc_row el_id=&#8221;contact-us&#8221;][vc_column][elx_heading font_size=&#8221;h3&#8243; text_color=&#8221;inherit&#8221; text_align=&#8221;text-center&#8221;]L\u00e9pjen kapcsolatba vel\u00fcnk, ha t\u00f6bbet szeretne megtudni a thermaline modul\u00e1ris f\u0151z\u0151sorokr\u00f3l[\/elx_heading][elx_o2000_contact_us s=&#8221;Request for information: thermaline Modular Cooking&#8221; request_type=&#8221;&#8221; country=&#8221;Hungary&#8221; b=&#8221;food&#8221; container=&#8221;elxcontactus1466429401&#8243; r=&#8221;I would like to find out more about solutions for thermaline Cooking Range, please get in touch with me.&#8221;][\/vc_column][\/vc_row][vc_row css=&#8221;.vc_custom_1766052803336{margin-top: 150px !important;}&#8221; el_id=&#8221;products-filter&#8221;][vc_column][elx_heading font_size=&#8221;h3&#8243; text_color=&#8221;inherit&#8221; text_align=&#8221;text-center&#8221;]thermaline Modular 80, 85 \u00e9s [&hellip;]\" \/>\n<meta property=\"og:url\" content=\"https:\/\/www.electroluxprofessional.com\/hu\/konyhatechnologia\/thermaline-modular-80-85-90\/\" \/>\n<meta property=\"og:site_name\" content=\"Electrolux Professional Magyarorsz\u00e1g\" \/>\n<meta property=\"article:modified_time\" content=\"2026-02-01T08:51:12+00:00\" \/>\n<meta name=\"twitter:card\" content=\"summary_large_image\" \/>\n<meta name=\"twitter:label1\" content=\"Becs\u00fclt olvas\u00e1si id\u0151\" \/>\n\t<meta name=\"twitter:data1\" content=\"1 perc\" \/>\n<script type=\"application\/ld+json\" class=\"yoast-schema-graph\">{\"@context\":\"https:\/\/schema.org\",\"@graph\":[{\"@type\":\"WebPage\",\"@id\":\"https:\/\/www.electroluxprofessional.com\/hu\/konyhatechnologia\/thermaline-modular-80-85-90\/\",\"url\":\"https:\/\/www.electroluxprofessional.com\/hu\/konyhatechnologia\/thermaline-modular-80-85-90\/\",\"name\":\"thermaline Modular 80, 85 & 90 - Electrolux Professional Magyarorsz\u00e1g\",\"isPartOf\":{\"@id\":\"https:\/\/www.electroluxprofessional.com\/hu\/#website\"},\"datePublished\":\"2026-01-25T17:24:48+00:00\",\"dateModified\":\"2026-02-01T08:51:12+00:00\",\"breadcrumb\":{\"@id\":\"https:\/\/www.electroluxprofessional.com\/hu\/konyhatechnologia\/thermaline-modular-80-85-90\/#breadcrumb\"},\"inLanguage\":\"hu\",\"potentialAction\":[{\"@type\":\"ReadAction\",\"target\":[\"https:\/\/www.electroluxprofessional.com\/hu\/konyhatechnologia\/thermaline-modular-80-85-90\/\"]}]},{\"@type\":\"BreadcrumbList\",\"@id\":\"https:\/\/www.electroluxprofessional.com\/hu\/konyhatechnologia\/thermaline-modular-80-85-90\/#breadcrumb\",\"itemListElement\":[{\"@type\":\"ListItem\",\"position\":1,\"name\":\"Home\",\"item\":\"https:\/\/www.electroluxprofessional.com\/hu\/\"},{\"@type\":\"ListItem\",\"position\":2,\"name\":\"Konyhatechnol\u00f3gia\",\"item\":\"https:\/\/www.electroluxprofessional.com\/hu\/konyhatechnologia\/\"},{\"@type\":\"ListItem\",\"position\":3,\"name\":\"thermaline Modular 80, 85 &#038; 90\"}]},{\"@type\":\"WebSite\",\"@id\":\"https:\/\/www.electroluxprofessional.com\/hu\/#website\",\"url\":\"https:\/\/www.electroluxprofessional.com\/hu\/\",\"name\":\"Electrolux Professional Magyarorsz\u00e1g\",\"description\":\"\",\"potentialAction\":[{\"@type\":\"SearchAction\",\"target\":{\"@type\":\"EntryPoint\",\"urlTemplate\":\"https:\/\/www.electroluxprofessional.com\/hu\/?src={search_term_string}\"},\"query-input\":\"required name=search_term_string\"}],\"inLanguage\":\"hu\"}]}<\/script>\n<!-- \/ Yoast SEO plugin. -->","yoast_head_json":{"title":"thermaline Modular 80, 85 & 90 - Electrolux Professional Magyarorsz\u00e1g","robots":{"index":"index","follow":"follow","max-snippet":"max-snippet:-1","max-image-preview":"max-image-preview:large","max-video-preview":"max-video-preview:-1"},"canonical":"https:\/\/www.electroluxprofessional.com\/hu\/konyhatechnologia\/thermaline-modular-80-85-90\/","og_locale":"hu_HU","og_type":"article","og_title":"thermaline Modular 80, 85 & 90 - Electrolux Professional Magyarorsz\u00e1g","og_description":"[vc_row el_id=&#8221;contact-us&#8221;][vc_column][elx_heading font_size=&#8221;h3&#8243; text_color=&#8221;inherit&#8221; text_align=&#8221;text-center&#8221;]L\u00e9pjen kapcsolatba vel\u00fcnk, ha t\u00f6bbet szeretne megtudni a thermaline modul\u00e1ris f\u0151z\u0151sorokr\u00f3l[\/elx_heading][elx_o2000_contact_us s=&#8221;Request for information: thermaline Modular Cooking&#8221; request_type=&#8221;&#8221; country=&#8221;Hungary&#8221; b=&#8221;food&#8221; container=&#8221;elxcontactus1466429401&#8243; r=&#8221;I would like to find out more about solutions for thermaline Cooking Range, please get in touch with me.&#8221;][\/vc_column][\/vc_row][vc_row css=&#8221;.vc_custom_1766052803336{margin-top: 150px !important;}&#8221; el_id=&#8221;products-filter&#8221;][vc_column][elx_heading font_size=&#8221;h3&#8243; text_color=&#8221;inherit&#8221; text_align=&#8221;text-center&#8221;]thermaline Modular 80, 85 \u00e9s [&hellip;]","og_url":"https:\/\/www.electroluxprofessional.com\/hu\/konyhatechnologia\/thermaline-modular-80-85-90\/","og_site_name":"Electrolux Professional Magyarorsz\u00e1g","article_modified_time":"2026-02-01T08:51:12+00:00","twitter_card":"summary_large_image","twitter_misc":{"Becs\u00fclt olvas\u00e1si id\u0151":"1 perc"},"schema":{"@context":"https:\/\/schema.org","@graph":[{"@type":"WebPage","@id":"https:\/\/www.electroluxprofessional.com\/hu\/konyhatechnologia\/thermaline-modular-80-85-90\/","url":"https:\/\/www.electroluxprofessional.com\/hu\/konyhatechnologia\/thermaline-modular-80-85-90\/","name":"thermaline Modular 80, 85 & 90 - Electrolux Professional Magyarorsz\u00e1g","isPartOf":{"@id":"https:\/\/www.electroluxprofessional.com\/hu\/#website"},"datePublished":"2026-01-25T17:24:48+00:00","dateModified":"2026-02-01T08:51:12+00:00","breadcrumb":{"@id":"https:\/\/www.electroluxprofessional.com\/hu\/konyhatechnologia\/thermaline-modular-80-85-90\/#breadcrumb"},"inLanguage":"hu","potentialAction":[{"@type":"ReadAction","target":["https:\/\/www.electroluxprofessional.com\/hu\/konyhatechnologia\/thermaline-modular-80-85-90\/"]}]},{"@type":"BreadcrumbList","@id":"https:\/\/www.electroluxprofessional.com\/hu\/konyhatechnologia\/thermaline-modular-80-85-90\/#breadcrumb","itemListElement":[{"@type":"ListItem","position":1,"name":"Home","item":"https:\/\/www.electroluxprofessional.com\/hu\/"},{"@type":"ListItem","position":2,"name":"Konyhatechnol\u00f3gia","item":"https:\/\/www.electroluxprofessional.com\/hu\/konyhatechnologia\/"},{"@type":"ListItem","position":3,"name":"thermaline Modular 80, 85 &#038; 90"}]},{"@type":"WebSite","@id":"https:\/\/www.electroluxprofessional.com\/hu\/#website","url":"https:\/\/www.electroluxprofessional.com\/hu\/","name":"Electrolux Professional Magyarorsz\u00e1g","description":"","potentialAction":[{"@type":"SearchAction","target":{"@type":"EntryPoint","urlTemplate":"https:\/\/www.electroluxprofessional.com\/hu\/?src={search_term_string}"},"query-input":"required name=search_term_string"}],"inLanguage":"hu"}]}},"_links":{"self":[{"href":"https:\/\/www.electroluxprofessional.com\/hu\/wp-json\/wp\/v2\/pages\/9916"}],"collection":[{"href":"https:\/\/www.electroluxprofessional.com\/hu\/wp-json\/wp\/v2\/pages"}],"about":[{"href":"https:\/\/www.electroluxprofessional.com\/hu\/wp-json\/wp\/v2\/types\/page"}],"author":[{"embeddable":true,"href":"https:\/\/www.electroluxprofessional.com\/hu\/wp-json\/wp\/v2\/users\/53"}],"replies":[{"embeddable":true,"href":"https:\/\/www.electroluxprofessional.com\/hu\/wp-json\/wp\/v2\/comments?post=9916"}],"version-history":[{"count":5,"href":"https:\/\/www.electroluxprofessional.com\/hu\/wp-json\/wp\/v2\/pages\/9916\/revisions"}],"predecessor-version":[{"id":9933,"href":"https:\/\/www.electroluxprofessional.com\/hu\/wp-json\/wp\/v2\/pages\/9916\/revisions\/9933"}],"up":[{"embeddable":true,"href":"https:\/\/www.electroluxprofessional.com\/hu\/wp-json\/wp\/v2\/pages\/2091"}],"wp:attachment":[{"href":"https:\/\/www.electroluxprofessional.com\/hu\/wp-json\/wp\/v2\/media?parent=9916"}],"curies":[{"name":"wp","href":"https:\/\/api.w.org\/{rel}","templated":true}]}}