{"id":9865,"date":"2026-01-25T16:54:44","date_gmt":"2026-01-25T16:54:44","guid":{"rendered":"https:\/\/www.electroluxprofessional.com\/hu\/?page_id=9865"},"modified":"2026-02-25T11:33:16","modified_gmt":"2026-02-25T11:33:16","slug":"thermaline-free-zone-indukcio","status":"publish","type":"page","link":"https:\/\/www.electroluxprofessional.com\/hu\/thermaline-free-zone-indukcio\/","title":{"rendered":"thermaline Free-zone Induction"},"content":{"rendered":"<p>[vc_row el_id=&#8221;contact-us&#8221;][vc_column][elx_heading font_size=&#8221;h3&#8243; text_color=&#8221;inherit&#8221; text_align=&#8221;text-center&#8221;]L\u00e9pjen kapcsolatba vel\u00fcnk, ha t\u00f6bbet szeretne megtudni<br \/>\na therma<em>line<\/em> Free-zone indukci\u00f3r\u00f3l[\/elx_heading][elx_o2000_contact_us s=&#8221;Request for information: thermaline Free-zone Induction&#8221; request_type=&#8221;&#8221; country=&#8221;Hungary&#8221; b=&#8221;food&#8221; container=&#8221;elxcontactus1466429401&#8243; r=&#8221;I would like to find out more about solutions for thermaline Free-zone Induction, please get in touch with me.&#8221;][\/vc_column][\/vc_row][vc_row css=&#8221;.vc_custom_1766052961916{margin-top: 150px !important;}&#8221; el_id=&#8221;products-filter&#8221;][vc_column][elx_heading font_size=&#8221;h3&#8243; text_color=&#8221;inherit&#8221; text_align=&#8221;text-center&#8221;]therma<em>line<\/em> Free-zone indukci\u00f3<br \/>\nV\u00e1lassza ki a term\u00e9keit[\/elx_heading][\/vc_column][\/vc_row]<\/p>\n","protected":false},"excerpt":{"rendered":"<p>[vc_row el_id=&#8221;contact-us&#8221;][vc_column][elx_heading font_size=&#8221;h3&#8243; text_color=&#8221;inherit&#8221; text_align=&#8221;text-center&#8221;]L\u00e9pjen kapcsolatba vel\u00fcnk, ha t\u00f6bbet szeretne megtudni a thermaline Free-zone indukci\u00f3r\u00f3l[\/elx_heading][elx_o2000_contact_us s=&#8221;Request for information: thermaline Free-zone Induction&#8221; request_type=&#8221;&#8221; country=&#8221;Hungary&#8221; b=&#8221;food&#8221; container=&#8221;elxcontactus1466429401&#8243; r=&#8221;I would like to find out more about solutions for thermaline Free-zone Induction, please get in touch with me.&#8221;][\/vc_column][\/vc_row][vc_row css=&#8221;.vc_custom_1766052961916{margin-top: 150px !important;}&#8221; el_id=&#8221;products-filter&#8221;][vc_column][elx_heading font_size=&#8221;h3&#8243; text_color=&#8221;inherit&#8221; text_align=&#8221;text-center&#8221;]thermaline Free-zone indukci\u00f3 V\u00e1lassza ki [&hellip;]<\/p>\n","protected":false},"author":53,"featured_media":0,"parent":0,"menu_order":0,"comment_status":"closed","ping_status":"closed","template":"template-thermaline-ind.php","meta":{"footnotes":""},"class_list":["post-9865","page","type-page","status-publish","hentry"],"yoast_head":"<!-- This site is optimized with the Yoast SEO plugin v23.3 - https:\/\/yoast.com\/wordpress\/plugins\/seo\/ -->\n<title>thermaline Free-zone Induction - Electrolux Professional Magyarorsz\u00e1g<\/title>\n<meta name=\"robots\" content=\"index, follow, max-snippet:-1, max-image-preview:large, max-video-preview:-1\" \/>\n<link rel=\"canonical\" href=\"https:\/\/www.electroluxprofessional.com\/hu\/thermaline-free-zone-indukcio\/\" \/>\n<meta property=\"og:locale\" content=\"hu_HU\" \/>\n<meta property=\"og:type\" content=\"article\" \/>\n<meta property=\"og:title\" content=\"thermaline Free-zone Induction - Electrolux Professional Magyarorsz\u00e1g\" \/>\n<meta property=\"og:description\" content=\"[vc_row el_id=&#8221;contact-us&#8221;][vc_column][elx_heading font_size=&#8221;h3&#8243; text_color=&#8221;inherit&#8221; text_align=&#8221;text-center&#8221;]L\u00e9pjen kapcsolatba vel\u00fcnk, ha t\u00f6bbet szeretne megtudni a thermaline Free-zone indukci\u00f3r\u00f3l[\/elx_heading][elx_o2000_contact_us s=&#8221;Request for information: thermaline Free-zone Induction&#8221; request_type=&#8221;&#8221; country=&#8221;Hungary&#8221; b=&#8221;food&#8221; container=&#8221;elxcontactus1466429401&#8243; r=&#8221;I would like to find out more about solutions for thermaline Free-zone Induction, please get in touch with me.&#8221;][\/vc_column][\/vc_row][vc_row css=&#8221;.vc_custom_1766052961916{margin-top: 150px !important;}&#8221; el_id=&#8221;products-filter&#8221;][vc_column][elx_heading font_size=&#8221;h3&#8243; text_color=&#8221;inherit&#8221; text_align=&#8221;text-center&#8221;]thermaline Free-zone indukci\u00f3 V\u00e1lassza ki [&hellip;]\" \/>\n<meta property=\"og:url\" content=\"https:\/\/www.electroluxprofessional.com\/hu\/thermaline-free-zone-indukcio\/\" \/>\n<meta property=\"og:site_name\" content=\"Electrolux Professional Magyarorsz\u00e1g\" \/>\n<meta property=\"article:modified_time\" content=\"2026-02-25T11:33:16+00:00\" \/>\n<meta name=\"twitter:card\" content=\"summary_large_image\" \/>\n<meta name=\"twitter:label1\" content=\"Becs\u00fclt olvas\u00e1si id\u0151\" \/>\n\t<meta name=\"twitter:data1\" content=\"1 perc\" \/>\n<script type=\"application\/ld+json\" class=\"yoast-schema-graph\">{\"@context\":\"https:\/\/schema.org\",\"@graph\":[{\"@type\":\"WebPage\",\"@id\":\"https:\/\/www.electroluxprofessional.com\/hu\/thermaline-free-zone-indukcio\/\",\"url\":\"https:\/\/www.electroluxprofessional.com\/hu\/thermaline-free-zone-indukcio\/\",\"name\":\"thermaline Free-zone Induction - Electrolux Professional Magyarorsz\u00e1g\",\"isPartOf\":{\"@id\":\"https:\/\/www.electroluxprofessional.com\/hu\/#website\"},\"datePublished\":\"2026-01-25T16:54:44+00:00\",\"dateModified\":\"2026-02-25T11:33:16+00:00\",\"breadcrumb\":{\"@id\":\"https:\/\/www.electroluxprofessional.com\/hu\/thermaline-free-zone-indukcio\/#breadcrumb\"},\"inLanguage\":\"hu\",\"potentialAction\":[{\"@type\":\"ReadAction\",\"target\":[\"https:\/\/www.electroluxprofessional.com\/hu\/thermaline-free-zone-indukcio\/\"]}]},{\"@type\":\"BreadcrumbList\",\"@id\":\"https:\/\/www.electroluxprofessional.com\/hu\/thermaline-free-zone-indukcio\/#breadcrumb\",\"itemListElement\":[{\"@type\":\"ListItem\",\"position\":1,\"name\":\"Home\",\"item\":\"https:\/\/www.electroluxprofessional.com\/hu\/\"},{\"@type\":\"ListItem\",\"position\":2,\"name\":\"thermaline Free-zone Induction\"}]},{\"@type\":\"WebSite\",\"@id\":\"https:\/\/www.electroluxprofessional.com\/hu\/#website\",\"url\":\"https:\/\/www.electroluxprofessional.com\/hu\/\",\"name\":\"Electrolux Professional Magyarorsz\u00e1g\",\"description\":\"\",\"potentialAction\":[{\"@type\":\"SearchAction\",\"target\":{\"@type\":\"EntryPoint\",\"urlTemplate\":\"https:\/\/www.electroluxprofessional.com\/hu\/?src={search_term_string}\"},\"query-input\":\"required name=search_term_string\"}],\"inLanguage\":\"hu\"}]}<\/script>\n<!-- \/ Yoast SEO plugin. -->","yoast_head_json":{"title":"thermaline Free-zone Induction - Electrolux Professional Magyarorsz\u00e1g","robots":{"index":"index","follow":"follow","max-snippet":"max-snippet:-1","max-image-preview":"max-image-preview:large","max-video-preview":"max-video-preview:-1"},"canonical":"https:\/\/www.electroluxprofessional.com\/hu\/thermaline-free-zone-indukcio\/","og_locale":"hu_HU","og_type":"article","og_title":"thermaline Free-zone Induction - Electrolux Professional Magyarorsz\u00e1g","og_description":"[vc_row el_id=&#8221;contact-us&#8221;][vc_column][elx_heading font_size=&#8221;h3&#8243; text_color=&#8221;inherit&#8221; text_align=&#8221;text-center&#8221;]L\u00e9pjen kapcsolatba vel\u00fcnk, ha t\u00f6bbet szeretne megtudni a thermaline Free-zone indukci\u00f3r\u00f3l[\/elx_heading][elx_o2000_contact_us s=&#8221;Request for information: thermaline Free-zone Induction&#8221; request_type=&#8221;&#8221; country=&#8221;Hungary&#8221; b=&#8221;food&#8221; container=&#8221;elxcontactus1466429401&#8243; r=&#8221;I would like to find out more about solutions for thermaline Free-zone Induction, please get in touch with me.&#8221;][\/vc_column][\/vc_row][vc_row css=&#8221;.vc_custom_1766052961916{margin-top: 150px !important;}&#8221; el_id=&#8221;products-filter&#8221;][vc_column][elx_heading font_size=&#8221;h3&#8243; text_color=&#8221;inherit&#8221; text_align=&#8221;text-center&#8221;]thermaline Free-zone indukci\u00f3 V\u00e1lassza ki [&hellip;]","og_url":"https:\/\/www.electroluxprofessional.com\/hu\/thermaline-free-zone-indukcio\/","og_site_name":"Electrolux Professional Magyarorsz\u00e1g","article_modified_time":"2026-02-25T11:33:16+00:00","twitter_card":"summary_large_image","twitter_misc":{"Becs\u00fclt olvas\u00e1si id\u0151":"1 perc"},"schema":{"@context":"https:\/\/schema.org","@graph":[{"@type":"WebPage","@id":"https:\/\/www.electroluxprofessional.com\/hu\/thermaline-free-zone-indukcio\/","url":"https:\/\/www.electroluxprofessional.com\/hu\/thermaline-free-zone-indukcio\/","name":"thermaline Free-zone Induction - Electrolux Professional Magyarorsz\u00e1g","isPartOf":{"@id":"https:\/\/www.electroluxprofessional.com\/hu\/#website"},"datePublished":"2026-01-25T16:54:44+00:00","dateModified":"2026-02-25T11:33:16+00:00","breadcrumb":{"@id":"https:\/\/www.electroluxprofessional.com\/hu\/thermaline-free-zone-indukcio\/#breadcrumb"},"inLanguage":"hu","potentialAction":[{"@type":"ReadAction","target":["https:\/\/www.electroluxprofessional.com\/hu\/thermaline-free-zone-indukcio\/"]}]},{"@type":"BreadcrumbList","@id":"https:\/\/www.electroluxprofessional.com\/hu\/thermaline-free-zone-indukcio\/#breadcrumb","itemListElement":[{"@type":"ListItem","position":1,"name":"Home","item":"https:\/\/www.electroluxprofessional.com\/hu\/"},{"@type":"ListItem","position":2,"name":"thermaline Free-zone Induction"}]},{"@type":"WebSite","@id":"https:\/\/www.electroluxprofessional.com\/hu\/#website","url":"https:\/\/www.electroluxprofessional.com\/hu\/","name":"Electrolux Professional Magyarorsz\u00e1g","description":"","potentialAction":[{"@type":"SearchAction","target":{"@type":"EntryPoint","urlTemplate":"https:\/\/www.electroluxprofessional.com\/hu\/?src={search_term_string}"},"query-input":"required name=search_term_string"}],"inLanguage":"hu"}]}},"_links":{"self":[{"href":"https:\/\/www.electroluxprofessional.com\/hu\/wp-json\/wp\/v2\/pages\/9865"}],"collection":[{"href":"https:\/\/www.electroluxprofessional.com\/hu\/wp-json\/wp\/v2\/pages"}],"about":[{"href":"https:\/\/www.electroluxprofessional.com\/hu\/wp-json\/wp\/v2\/types\/page"}],"author":[{"embeddable":true,"href":"https:\/\/www.electroluxprofessional.com\/hu\/wp-json\/wp\/v2\/users\/53"}],"replies":[{"embeddable":true,"href":"https:\/\/www.electroluxprofessional.com\/hu\/wp-json\/wp\/v2\/comments?post=9865"}],"version-history":[{"count":6,"href":"https:\/\/www.electroluxprofessional.com\/hu\/wp-json\/wp\/v2\/pages\/9865\/revisions"}],"predecessor-version":[{"id":10083,"href":"https:\/\/www.electroluxprofessional.com\/hu\/wp-json\/wp\/v2\/pages\/9865\/revisions\/10083"}],"wp:attachment":[{"href":"https:\/\/www.electroluxprofessional.com\/hu\/wp-json\/wp\/v2\/media?parent=9865"}],"curies":[{"name":"wp","href":"https:\/\/api.w.org\/{rel}","templated":true}]}}