{"id":9668,"date":"2025-12-09T03:13:18","date_gmt":"2025-12-09T03:13:18","guid":{"rendered":"https:\/\/www.electroluxprofessional.com\/hu\/?page_id=9668"},"modified":"2025-12-10T01:10:12","modified_gmt":"2025-12-10T01:10:12","slug":"online-help-dryer","status":"publish","type":"page","link":"https:\/\/www.electroluxprofessional.com\/hu\/laundry\/mypro-washers-dryers-steam-ironers\/online-help-dryer\/","title":{"rendered":"GYIK \u2013 myPRO sz\u00e1r\u00edt\u00f3g\u00e9p"},"content":{"rendered":"<p>[vc_row][vc_column][vc_single_image image=&#8221;9416&#8243;][elx_heading font_container=&#8221;h1&#8243; text_color=&#8221;inherit&#8221;]GYIK \u2013 myPRO sz\u00e1r\u00edt\u00f3g\u00e9p[\/elx_heading][vc_empty_space][elx_heading text_color=&#8221;inherit&#8221;]A sz\u00e1r\u00edt\u00f3g\u00e9pem nem meleg\u00edt[\/elx_heading][vc_column_text]K\u00e9rj\u00fck, ellen\u0151rizze, hogy a kondenz\u00e1ci\u00f3s egys\u00e9g \u00e9s a sz\u0171r\u0151k tiszt\u00e1k-e, valamint ellen\u0151rizze a f\u00e9l t\u00f6ltet gombot is (r\u00e9szletek a haszn\u00e1lati \u00fatmutat\u00f3ban).<br \/>\nHa a f\u00e9l t\u00f6ltet gomb <strong>nincs benyomva<\/strong>, \u00e9s a probl\u00e9ma tov\u00e1bbra is fenn\u00e1ll, a f\u0171t\u0151elem meghib\u00e1sodhatott \u2013 ebben az esetben szerviztechnikusnak kell megvizsg\u00e1lnia \/ megjav\u00edtania.[\/vc_column_text][elx_heading text_color=&#8221;inherit&#8221;]A sz\u00e1r\u00edt\u00f3g\u00e9p nagyon gyorsan lefut a programon[\/elx_heading][vc_column_text]Ha az id\u0151vez\u00e9relt program megfelel\u0151en m\u0171k\u00f6dik, probl\u00e9ma lehet a nedvess\u00e9g\u00e9rz\u00e9kel\u0151 rendszerrel. Ennek okai lehetnek:<\/p>\n<ul>\n<li>a k\u00e9sz\u00fcl\u00e9k nincs megfelel\u0151en f\u00f6ldelve (vagy egy\u00e1ltal\u00e1n nincs f\u00f6ldelve);<\/li>\n<li>a dobt\u00e9r el\u00fcls\u0151 r\u00e9sz\u00e9ben l\u00e9v\u0151 m\u00e9r\u0151szalag szennyezett. A dob \u00e9s a szalag tiszt\u00edthat\u00f3 tiszt\u00edt\u00f3ecettel.<\/li>\n<\/ul>\n<p>[\/vc_column_text][elx_heading text_color=&#8221;inherit&#8221;]A sz\u00e1r\u00edt\u00f3g\u00e9p dobja nem forog[\/elx_heading][vc_column_text]K\u00e9rj\u00fck, gy\u0151z\u0151dj\u00f6n meg r\u00f3la, hogy az els\u0151 haszn\u00e1lat el\u0151tt elt\u00e1vol\u00edtotta a sz\u00e1ll\u00edt\u00e1si r\u00f6gz\u00edt\u00e9st a dobr\u00f3l.<br \/>\nHa a motor m\u0171k\u00f6dik, probl\u00e9ma lehet a zsin\u00f3rral vagy a filcszalaggal. Ezt szerviztechnikusnak kell ellen\u0151riznie \/ jav\u00edtania.[\/vc_column_text][elx_heading text_color=&#8221;inherit&#8221;]Megford\u00edthat\u00f3-e a sz\u00e1r\u00edt\u00f3g\u00e9p ajtaja?[\/elx_heading][vc_column_text]K\u00e9rj\u00fck, gy\u0151z\u0151dj\u00f6n meg r\u00f3la, hogy az els\u0151 haszn\u00e1lat el\u0151tt elt\u00e1vol\u00edtotta a sz\u00e1ll\u00edt\u00e1si r\u00f6gz\u00edt\u00e9st a dobr\u00f3l.<br \/>\nHa a motor m\u0171k\u00f6dik, probl\u00e9ma lehet a zsin\u00f3rral vagy a filcszalaggal. Ezt szerviztechnikusnak kell ellen\u0151riznie \/ jav\u00edtania.[\/vc_column_text][elx_heading text_color=&#8221;inherit&#8221;]A sz\u00e1r\u00edt\u00f3g\u00e9p \u201cC7\u201d hibak\u00f3dot jelez[\/elx_heading][vc_column_text]A k\u00e9sz\u00fcl\u00e9k t\u00fal hossz\u00fa ideig pr\u00f3b\u00e1lja el\u00e9rni a megfelel\u0151 h\u0151m\u00e9rs\u00e9kletet. Lehets\u00e9ges, hogy a f\u0171t\u0151elem hib\u00e1s.<br \/>\nEllen\u0151rizze, hogy a sz\u00f6szsz\u0171r\u0151k \u00e9s a kondenz\u00e1ci\u00f3s egys\u00e9g tiszt\u00e1k-e.<br \/>\nHa tiszt\u00e1k, de a probl\u00e9ma tov\u00e1bbra is fenn\u00e1ll, vegye fel a kapcsolatot a Szervizk\u00f6zponttal.[\/vc_column_text][elx_heading text_color=&#8221;inherit&#8221;]P\u00e1r\u00e1sod\u00e1st l\u00e1tok a sz\u00e1r\u00edt\u00f3g\u00e9pen[\/elx_heading][vc_column_text]A k\u00e9sz\u00fcl\u00e9k t\u00fal kicsi, nem megfelel\u0151en szell\u0151z\u0151 helyis\u00e9gben lehet \u00fczemeltetve.[\/vc_column_text][elx_heading text_color=&#8221;inherit&#8221;]A sz\u00e1r\u00edt\u00f3g\u00e9p nem indul el[\/elx_heading][vc_column_text]K\u00e9rj\u00fck, ellen\u0151rizze, hogy a t\u00f6lt\u0151ajt\u00f3 \u00e9s a l\u00e9gsz\u0171r\u0151 megfelel\u0151en be van-e helyezve.<br \/>\nHa egyetlen LED sem vil\u00e1g\u00edt vagy a kijelz\u0151 s\u00f6t\u00e9t, ellen\u0151rizze, kap-e \u00e1ramot a k\u00e9sz\u00fcl\u00e9k a h\u00e1l\u00f3zati aljzatb\u00f3l.<br \/>\nHa egy LED vil\u00e1g\u00edt, az hib\u00e1t jelezhet \u2013 tov\u00e1bbi r\u00e9szletek a haszn\u00e1lati \u00fatmutat\u00f3ban.<\/p>\n<p>Lehets\u00e9ges, hogy a start gombot nem el\u00e9g hossz\u00fa ideig tartotta lenyomva.<br \/>\nInd\u00edtsa \u00fajra a k\u00e9sz\u00fcl\u00e9ket: \u00e1ll\u00edtsa a programv\u00e1laszt\u00f3t \u201e0\u201d \u00e1ll\u00e1sba. V\u00e1rjon 10 m\u00e1sodpercet, majd v\u00e1lassza ki a k\u00edv\u00e1nt programot, \u00e9s nyomja meg a start gombot 5 m\u00e1sodpercig.<\/p>\n<p>Ha az \u00fczemi h\u0151m\u00e9rs\u00e9klet t\u00fal alacsony, a k\u00e9sz\u00fcl\u00e9ket le\u00e1ll\u00edthatta a fagyv\u00e9delmi biztons\u00e1gi rendszer (amit az \u00f6sszes LED villog\u00e1sa is jelezhet). Ez a v\u00e9delem +5\u00b0C alatti h\u0151m\u00e9rs\u00e9kleten l\u00e9p m\u0171k\u00f6d\u00e9sbe.<br \/>\nN\u00f6velje a k\u00f6rnyezeti h\u0151m\u00e9rs\u00e9kletet, vagy helyezze a k\u00e9sz\u00fcl\u00e9ket melegebb helyre.<br \/>\nHa a h\u0151m\u00e9rs\u00e9klet nincs +5\u00b0C alatt, a k\u00e9sz\u00fcl\u00e9ket szerviztechnikusnak kell ellen\u0151riznie.<\/p>\n<p><strong>Ha az \u00d6n modellj\u00e9n\u00e9l a v\u00edztart\u00e1ly alul tal\u00e1lhat\u00f3:<\/strong><\/p>\n<p>Ez a modell nem rendelkezik be\u00e9p\u00edtett \u00fcr\u00edt\u0151szivatty\u00faval, \u00edgy a v\u00edznek term\u00e9szetes m\u00f3don kell elfolynia.<br \/>\nHa a sz\u00e1r\u00edt\u00f3g\u00e9p lefoly\u00f3ra van k\u00f6tve t\u00f6ml\u0151vel, el\u0151fordulhat, hogy a csatlakoztat\u00e1s nem megfelel\u0151 \u2013 lehet, hogy hurok van a t\u00f6ml\u0151ben, vagy nem lett a megfelel\u0151 hosszra r\u00f6vid\u00edtve. L\u00e1sd a haszn\u00e1lati \u00fatmutat\u00f3t.<\/p>\n<p><strong>Ha az \u00d6n modellj\u00e9n\u00e9l a v\u00edztart\u00e1ly fel\u00fcl tal\u00e1lhat\u00f3:<\/strong><\/p>\n<p>Gy\u0151z\u0151dj\u00f6n meg r\u00f3la, hogy a k\u00e9sz\u00fcl\u00e9k r\u00e1 van k\u00f6tve a lefoly\u00f3ra, \u00e9s van v\u00edz a tart\u00e1lyban.<br \/>\nHa a modell szivatty\u00faval van felszerelve, a leereszt\u0151t\u00f6ml\u0151t a <strong>fels\u0151, piros<\/strong> t\u00f6ml\u0151h\u00f6z kell csatlakoztatni, nem pedig az als\u00f3 kifoly\u00f3hoz.<br \/>\n\u00dcgyeljen arra, hogy a t\u00f6ml\u0151 megfelel\u0151 hossz\u00fas\u00e1g\u00fa legyen, \u00e9s ne legyen benne hurok. R\u00e9szletek a haszn\u00e1lati \u00fatmutat\u00f3ban.[\/vc_column_text][vc_empty_space][elx_button button_text=&#8221;Ugr\u00e1s a myPRO mos\u00f3g\u00e9pekhez, sz\u00e1r\u00edt\u00f3g\u00e9pekhez \u00e9s g\u0151zvasal\u00f3khoz&#8221; button_style=&#8221;icon&#8221; button_link=&#8221;url:https%3A%2F%2Fwww.electroluxprofessional.com%2Fhu%2Flaundry%2Fmypro-washers-dryers-steam-ironers%2F|title:myPRO%2C%20washers%2C%20dryers%20and%20steam%20ironers%20for%20small%20businesses&#8221;][elx_button button_text=&#8221;Ugr\u00e1s a myPROzip vend\u00e9g\u00fczemeltet\u00e9s\u0171 mosodai megold\u00e1shoz&#8221; button_style=&#8221;icon&#8221; button_link=&#8221;url:https%3A%2F%2Fwww.electroluxprofessional.com%2Fhu%2Flaundry%2Fmyprozip-guest-operated-laundry%2F|title:myPROzip%20for%20guest-operated%20laundry&#8221;][vc_empty_space][\/vc_column][\/vc_row]<\/p>\n","protected":false},"excerpt":{"rendered":"<p>[vc_row][vc_column][vc_single_image image=&#8221;9416&#8243;][elx_heading font_container=&#8221;h1&#8243; text_color=&#8221;inherit&#8221;]GYIK \u2013 myPRO sz\u00e1r\u00edt\u00f3g\u00e9p[\/elx_heading][vc_empty_space][elx_heading text_color=&#8221;inherit&#8221;]A sz\u00e1r\u00edt\u00f3g\u00e9pem nem meleg\u00edt[\/elx_heading][vc_column_text]K\u00e9rj\u00fck, ellen\u0151rizze, hogy a kondenz\u00e1ci\u00f3s egys\u00e9g \u00e9s a sz\u0171r\u0151k tiszt\u00e1k-e, valamint ellen\u0151rizze a f\u00e9l t\u00f6ltet gombot is (r\u00e9szletek a haszn\u00e1lati \u00fatmutat\u00f3ban). Ha a f\u00e9l t\u00f6ltet gomb nincs benyomva, \u00e9s a probl\u00e9ma tov\u00e1bbra is fenn\u00e1ll, a f\u0171t\u0151elem meghib\u00e1sodhatott \u2013 ebben az esetben szerviztechnikusnak kell megvizsg\u00e1lnia \/ [&hellip;]<\/p>\n","protected":false},"author":53,"featured_media":0,"parent":9411,"menu_order":0,"comment_status":"closed","ping_status":"closed","template":"page-campaigns.php","meta":{"footnotes":""},"class_list":["post-9668","page","type-page","status-publish","hentry"],"yoast_head":"<!-- This site is optimized with the Yoast SEO plugin v23.3 - https:\/\/yoast.com\/wordpress\/plugins\/seo\/ -->\n<title>myPRO sz\u00e1r\u00edt\u00f3g\u00e9p online s\u00fag\u00f3 \u2013 Electrolux Professional<\/title>\n<meta name=\"description\" content=\"Ha probl\u00e9m\u00e1ja ad\u00f3dik, tekintse meg a myPRO sz\u00e1r\u00edt\u00f3g\u00e9pek online s\u00fag\u00f3oldal\u00e1t.\" \/>\n<meta name=\"robots\" content=\"index, follow, max-snippet:-1, max-image-preview:large, max-video-preview:-1\" \/>\n<link rel=\"canonical\" href=\"https:\/\/www.electroluxprofessional.com\/hu\/laundry\/mypro-washers-dryers-steam-ironers\/online-help-dryer\/\" \/>\n<meta property=\"og:locale\" content=\"hu_HU\" \/>\n<meta property=\"og:type\" content=\"article\" \/>\n<meta property=\"og:title\" content=\"myPRO sz\u00e1r\u00edt\u00f3g\u00e9p online s\u00fag\u00f3 \u2013 Electrolux Professional\" \/>\n<meta property=\"og:description\" content=\"Ha probl\u00e9m\u00e1ja ad\u00f3dik, tekintse meg a myPRO sz\u00e1r\u00edt\u00f3g\u00e9pek online s\u00fag\u00f3oldal\u00e1t.\" \/>\n<meta property=\"og:url\" content=\"https:\/\/www.electroluxprofessional.com\/hu\/laundry\/mypro-washers-dryers-steam-ironers\/online-help-dryer\/\" \/>\n<meta property=\"og:site_name\" content=\"Electrolux Professional Magyarorsz\u00e1g\" \/>\n<meta property=\"article:modified_time\" content=\"2025-12-10T01:10:12+00:00\" \/>\n<meta name=\"twitter:card\" content=\"summary_large_image\" \/>\n<meta name=\"twitter:label1\" content=\"Becs\u00fclt olvas\u00e1si id\u0151\" \/>\n\t<meta name=\"twitter:data1\" content=\"3 perc\" \/>\n<script type=\"application\/ld+json\" class=\"yoast-schema-graph\">{\"@context\":\"https:\/\/schema.org\",\"@graph\":[{\"@type\":\"WebPage\",\"@id\":\"https:\/\/www.electroluxprofessional.com\/hu\/laundry\/mypro-washers-dryers-steam-ironers\/online-help-dryer\/\",\"url\":\"https:\/\/www.electroluxprofessional.com\/hu\/laundry\/mypro-washers-dryers-steam-ironers\/online-help-dryer\/\",\"name\":\"myPRO sz\u00e1r\u00edt\u00f3g\u00e9p online s\u00fag\u00f3 \u2013 Electrolux Professional\",\"isPartOf\":{\"@id\":\"https:\/\/www.electroluxprofessional.com\/hu\/#website\"},\"datePublished\":\"2025-12-09T03:13:18+00:00\",\"dateModified\":\"2025-12-10T01:10:12+00:00\",\"description\":\"Ha probl\u00e9m\u00e1ja ad\u00f3dik, tekintse meg a myPRO sz\u00e1r\u00edt\u00f3g\u00e9pek online s\u00fag\u00f3oldal\u00e1t.\",\"breadcrumb\":{\"@id\":\"https:\/\/www.electroluxprofessional.com\/hu\/laundry\/mypro-washers-dryers-steam-ironers\/online-help-dryer\/#breadcrumb\"},\"inLanguage\":\"hu\",\"potentialAction\":[{\"@type\":\"ReadAction\",\"target\":[\"https:\/\/www.electroluxprofessional.com\/hu\/laundry\/mypro-washers-dryers-steam-ironers\/online-help-dryer\/\"]}]},{\"@type\":\"BreadcrumbList\",\"@id\":\"https:\/\/www.electroluxprofessional.com\/hu\/laundry\/mypro-washers-dryers-steam-ironers\/online-help-dryer\/#breadcrumb\",\"itemListElement\":[{\"@type\":\"ListItem\",\"position\":1,\"name\":\"Home\",\"item\":\"https:\/\/www.electroluxprofessional.com\/hu\/\"},{\"@type\":\"ListItem\",\"position\":2,\"name\":\"Mosodatechnika\",\"item\":\"https:\/\/www.electroluxprofessional.com\/hu\/laundry\/\"},{\"@type\":\"ListItem\",\"position\":3,\"name\":\"myPRO, washers, dryers and steam ironers for small businesses\",\"item\":\"https:\/\/www.electroluxprofessional.com\/hu\/laundry\/mypro-washers-dryers-steam-ironers\/\"},{\"@type\":\"ListItem\",\"position\":4,\"name\":\"GYIK \u2013 myPRO sz\u00e1r\u00edt\u00f3g\u00e9p\"}]},{\"@type\":\"WebSite\",\"@id\":\"https:\/\/www.electroluxprofessional.com\/hu\/#website\",\"url\":\"https:\/\/www.electroluxprofessional.com\/hu\/\",\"name\":\"Electrolux Professional Magyarorsz\u00e1g\",\"description\":\"\",\"potentialAction\":[{\"@type\":\"SearchAction\",\"target\":{\"@type\":\"EntryPoint\",\"urlTemplate\":\"https:\/\/www.electroluxprofessional.com\/hu\/?src={search_term_string}\"},\"query-input\":\"required name=search_term_string\"}],\"inLanguage\":\"hu\"}]}<\/script>\n<!-- \/ Yoast SEO plugin. -->","yoast_head_json":{"title":"myPRO sz\u00e1r\u00edt\u00f3g\u00e9p online s\u00fag\u00f3 \u2013 Electrolux Professional","description":"Ha probl\u00e9m\u00e1ja ad\u00f3dik, tekintse meg a myPRO sz\u00e1r\u00edt\u00f3g\u00e9pek online s\u00fag\u00f3oldal\u00e1t.","robots":{"index":"index","follow":"follow","max-snippet":"max-snippet:-1","max-image-preview":"max-image-preview:large","max-video-preview":"max-video-preview:-1"},"canonical":"https:\/\/www.electroluxprofessional.com\/hu\/laundry\/mypro-washers-dryers-steam-ironers\/online-help-dryer\/","og_locale":"hu_HU","og_type":"article","og_title":"myPRO sz\u00e1r\u00edt\u00f3g\u00e9p online s\u00fag\u00f3 \u2013 Electrolux Professional","og_description":"Ha probl\u00e9m\u00e1ja ad\u00f3dik, tekintse meg a myPRO sz\u00e1r\u00edt\u00f3g\u00e9pek online s\u00fag\u00f3oldal\u00e1t.","og_url":"https:\/\/www.electroluxprofessional.com\/hu\/laundry\/mypro-washers-dryers-steam-ironers\/online-help-dryer\/","og_site_name":"Electrolux Professional Magyarorsz\u00e1g","article_modified_time":"2025-12-10T01:10:12+00:00","twitter_card":"summary_large_image","twitter_misc":{"Becs\u00fclt olvas\u00e1si id\u0151":"3 perc"},"schema":{"@context":"https:\/\/schema.org","@graph":[{"@type":"WebPage","@id":"https:\/\/www.electroluxprofessional.com\/hu\/laundry\/mypro-washers-dryers-steam-ironers\/online-help-dryer\/","url":"https:\/\/www.electroluxprofessional.com\/hu\/laundry\/mypro-washers-dryers-steam-ironers\/online-help-dryer\/","name":"myPRO sz\u00e1r\u00edt\u00f3g\u00e9p online s\u00fag\u00f3 \u2013 Electrolux Professional","isPartOf":{"@id":"https:\/\/www.electroluxprofessional.com\/hu\/#website"},"datePublished":"2025-12-09T03:13:18+00:00","dateModified":"2025-12-10T01:10:12+00:00","description":"Ha probl\u00e9m\u00e1ja ad\u00f3dik, tekintse meg a myPRO sz\u00e1r\u00edt\u00f3g\u00e9pek online s\u00fag\u00f3oldal\u00e1t.","breadcrumb":{"@id":"https:\/\/www.electroluxprofessional.com\/hu\/laundry\/mypro-washers-dryers-steam-ironers\/online-help-dryer\/#breadcrumb"},"inLanguage":"hu","potentialAction":[{"@type":"ReadAction","target":["https:\/\/www.electroluxprofessional.com\/hu\/laundry\/mypro-washers-dryers-steam-ironers\/online-help-dryer\/"]}]},{"@type":"BreadcrumbList","@id":"https:\/\/www.electroluxprofessional.com\/hu\/laundry\/mypro-washers-dryers-steam-ironers\/online-help-dryer\/#breadcrumb","itemListElement":[{"@type":"ListItem","position":1,"name":"Home","item":"https:\/\/www.electroluxprofessional.com\/hu\/"},{"@type":"ListItem","position":2,"name":"Mosodatechnika","item":"https:\/\/www.electroluxprofessional.com\/hu\/laundry\/"},{"@type":"ListItem","position":3,"name":"myPRO, washers, dryers and steam ironers for small businesses","item":"https:\/\/www.electroluxprofessional.com\/hu\/laundry\/mypro-washers-dryers-steam-ironers\/"},{"@type":"ListItem","position":4,"name":"GYIK \u2013 myPRO sz\u00e1r\u00edt\u00f3g\u00e9p"}]},{"@type":"WebSite","@id":"https:\/\/www.electroluxprofessional.com\/hu\/#website","url":"https:\/\/www.electroluxprofessional.com\/hu\/","name":"Electrolux Professional Magyarorsz\u00e1g","description":"","potentialAction":[{"@type":"SearchAction","target":{"@type":"EntryPoint","urlTemplate":"https:\/\/www.electroluxprofessional.com\/hu\/?src={search_term_string}"},"query-input":"required name=search_term_string"}],"inLanguage":"hu"}]}},"_links":{"self":[{"href":"https:\/\/www.electroluxprofessional.com\/hu\/wp-json\/wp\/v2\/pages\/9668"}],"collection":[{"href":"https:\/\/www.electroluxprofessional.com\/hu\/wp-json\/wp\/v2\/pages"}],"about":[{"href":"https:\/\/www.electroluxprofessional.com\/hu\/wp-json\/wp\/v2\/types\/page"}],"author":[{"embeddable":true,"href":"https:\/\/www.electroluxprofessional.com\/hu\/wp-json\/wp\/v2\/users\/53"}],"replies":[{"embeddable":true,"href":"https:\/\/www.electroluxprofessional.com\/hu\/wp-json\/wp\/v2\/comments?post=9668"}],"version-history":[{"count":3,"href":"https:\/\/www.electroluxprofessional.com\/hu\/wp-json\/wp\/v2\/pages\/9668\/revisions"}],"predecessor-version":[{"id":9711,"href":"https:\/\/www.electroluxprofessional.com\/hu\/wp-json\/wp\/v2\/pages\/9668\/revisions\/9711"}],"up":[{"embeddable":true,"href":"https:\/\/www.electroluxprofessional.com\/hu\/wp-json\/wp\/v2\/pages\/9411"}],"wp:attachment":[{"href":"https:\/\/www.electroluxprofessional.com\/hu\/wp-json\/wp\/v2\/media?parent=9668"}],"curies":[{"name":"wp","href":"https:\/\/api.w.org\/{rel}","templated":true}]}}