{"id":9665,"date":"2025-12-09T03:08:06","date_gmt":"2025-12-09T03:08:06","guid":{"rendered":"https:\/\/www.electroluxprofessional.com\/hu\/?page_id=9665"},"modified":"2025-12-10T01:19:08","modified_gmt":"2025-12-10T01:19:08","slug":"faq-mypro-washer","status":"publish","type":"page","link":"https:\/\/www.electroluxprofessional.com\/hu\/laundry\/mypro-washers-dryers-steam-ironers\/faq-mypro-washer\/","title":{"rendered":"GYIK \u2013 myPRO mos\u00f3g\u00e9p"},"content":{"rendered":"<p>[vc_row][vc_column][vc_single_image image=&#8221;9416&#8243;][elx_heading font_container=&#8221;h1&#8243; text_color=&#8221;inherit&#8221;]GYIK \u2013 myPRO mos\u00f3g\u00e9p[\/elx_heading][vc_empty_space][elx_heading text_color=&#8221;inherit&#8221;]A mos\u00f3g\u00e9p be\u00f6ml\u0151cs\u00f6ve sziv\u00e1rog[\/elx_heading][vc_column_text]A probl\u00e9ma megold\u00e1s\u00e1hoz:<\/p>\n<ul>\n<li>Ellen\u0151rizze, hogy a v\u00edzbevezet\u0151 cs\u0151 csatlakoz\u00f3ja megfelel\u0151en van-e r\u00e1csavarva \/ r\u00e1nyomva a fali csatlakoz\u00f3ra vagy a v\u00edzcsapra. Ne haszn\u00e1ljon fog\u00f3t vagy m\u00e1s szersz\u00e1mot a csatlakoz\u00f3 lenyom\u00e1s\u00e1hoz \u2013 kiz\u00e1r\u00f3lag k\u00e9zzel szabad r\u00f6gz\u00edteni!<\/li>\n<li>Ellen\u0151rizze, hogy a v\u00edzcsapn\u00e1l nincs-e sziv\u00e1rg\u00e1s. Ha a csapb\u00f3l ered a sziv\u00e1rg\u00e1s, h\u00edvjon v\u00edzvezet\u00e9kszerel\u0151t a hiba elh\u00e1r\u00edt\u00e1s\u00e1hoz.<\/li>\n<\/ul>\n<p>[\/vc_column_text][elx_heading text_color=&#8221;inherit&#8221;]Hogyan kell tiszt\u00edtani a mos\u00f3g\u00e9p gumit\u00f6m\u00edt\u00e9s\u00e9t[\/elx_heading][vc_column_text]A t\u00f6m\u00edt\u00e9s \u00e9s m\u00e1s bels\u0151 r\u00e9szek tiszt\u00edt\u00e1sa:<\/p>\n<ul>\n<li>Ez a m\u00f3dszer a ruh\u00e1kon megjelen\u0151 foltok vagy elsz\u00ednez\u0151d\u00e9sek probl\u00e9m\u00e1j\u00e1t is megoldhatja, ha gyakran haszn\u00e1l alacsony h\u0151fok\u00fa vagy gyorsmos\u00e1st.<\/li>\n<li>Futtasson le t\u00f6bb mos\u00e1si ciklust 90\u00b0C-on, ruha n\u00e9lk\u00fcl, a dobbal egy cs\u00e9sze n\u00e1trium-karbon\u00e1tot haszn\u00e1lva a t\u00f6m\u00edt\u00e9s megtiszt\u00edt\u00e1s\u00e1ra. <em>(A n\u00e1trium-karbon\u00e1t irrit\u00e1lhatja a b\u0151rt \u00e9s a ny\u00e1lkah\u00e1rty\u00e1t \u2013 haszn\u00e1lja fokozott el\u0151vigy\u00e1zatoss\u00e1ggal!)<\/em><\/li>\n<li>Alternat\u00edv megold\u00e1sk\u00e9nt haszn\u00e1lhatja az Electrolux Professional speci\u00e1lis mos\u00f3g\u00e9ptiszt\u00edt\u00f3 term\u00e9k\u00e9t is.<\/li>\n<\/ul>\n<p>[\/vc_column_text][elx_heading text_color=&#8221;inherit&#8221;]A mos\u00f3g\u00e9p zajos \u2013 mozog \u00e9s r\u00e1zk\u00f3dik centrifug\u00e1l\u00e1s k\u00f6zben[\/elx_heading][vc_column_text]<\/p>\n<ul>\n<li>Gy\u0151z\u0151dj\u00f6n meg r\u00f3la, hogy a sz\u00e1ll\u00edt\u00e1si r\u00f6gz\u00edt\u0151csavarokat elt\u00e1vol\u00edtotta a k\u00e9sz\u00fcl\u00e9k h\u00e1tulj\u00e1r\u00f3l.<\/li>\n<li>Szintezze ki a k\u00e9sz\u00fcl\u00e9ket a l\u00e1bak emel\u00e9s\u00e9vel vagy s\u00fcllyeszt\u00e9s\u00e9vel. A k\u00e9sz\u00fcl\u00e9knek stabilan kell \u00e1llnia kem\u00e9ny, egyenletes padl\u00f3n. Sz\u00fcks\u00e9g eset\u00e9n kullanjon v\u00edzm\u00e9rt\u00e9ket. A be\u00e1ll\u00edt\u00e1s csavarkulccsal v\u00e9gezhet\u0151. Fontos, hogy a k\u00e9sz\u00fcl\u00e9k ne \u201erug\u00f3zzon\u201d, mert centrifug\u00e1l\u00e1s k\u00f6zben vibr\u00e1lni fog.<\/li>\n<li>Ellen\u0151rizze, hogy minden t\u00f6ml\u0151 megfelel\u0151en van-e r\u00f6gz\u00edtve a k\u00e9sz\u00fcl\u00e9k h\u00e1tulj\u00e1hoz. A laza t\u00f6ml\u0151k centrifug\u00e1l\u00e1skor hozz\u00e1ver\u0151dhetnek a burkolathoz, kopog\u00f3 hangot okozva.<\/li>\n<li>Ellen\u0151rizze a ruhat\u00f6ltetet, \u00e9s gy\u0151z\u0151dj\u00f6n meg r\u00f3la, hogy nincs textil az ajt\u00f3 \u00e9s a dob k\u00f6z\u00e9 szorulva.<\/li>\n<\/ul>\n<p><strong>FONTOS!<\/strong> Egyetlen darab ruha \u00e9pp\u00fagy okozhat kiegyens\u00falyozatlan centrifug\u00e1l\u00e1st, mint a t\u00falterhelt dob.<\/p>\n<ul>\n<li>Ha apr\u00f3 t\u00e1rgyak (\u00e9rm\u00e9k, \u00f6ngy\u00fajt\u00f3k, gombok stb.) ker\u00fcltek a sz\u0171r\u0151be, ellen\u0151rizze a sz\u0171r\u0151t, ha k\u00e9sz\u00fcl\u00e9ke el\u00f6lr\u0151l hozz\u00e1f\u00e9rhet\u0151 sz\u0171r\u0151vel rendelkezik. R\u00e9szletek a haszn\u00e1lati \u00fatmutat\u00f3ban.<\/li>\n<li>Melltart\u00f3 merev\u00edt\u0151je is beeshet \u2013 ellen\u0151rizze a dob lyukait \/ a dob r\u00e9szei k\u00f6z\u00f6tti ter\u00fcletet.<\/li>\n<\/ul>\n<p><strong>Norm\u00e1lis zajok:<\/strong><br \/>\nA ciklus sor\u00e1n fell\u00e9phetnek: csatok, cipz\u00e1rak kopog\u00e1sa az ajt\u00f3\u00fcvegen, vibr\u00e1ci\u00f3 centrifug\u00e1l\u00e1skor, szivatty\u00fa \u00e9s motor m\u0171k\u00f6d\u00e9se, v\u00edzbet\u00f6lt\u00e9s hangja, f\u0171t\u0151sz\u00e1l meleged\u00e9se, ventil\u00e1torhang sz\u00e1r\u00edt\u00f3-program eset\u00e9n (mos\u00f3-sz\u00e1r\u00edt\u00f3kn\u00e1l), s\u00edpol\u00e1s programv\u00e1lt\u00e1skor, elektronika indul\u00e1skor \u00e9s befejez\u00e9skor.[\/vc_column_text][elx_heading text_color=&#8221;inherit&#8221;]A mos\u00f3g\u00e9p ajt\u00f3z\u00e1ra meghib\u00e1sodott[\/elx_heading][vc_column_text]A program befejez\u00e9se ut\u00e1n az ajt\u00f3 n\u00e9h\u00e1ny percig nem nyithat\u00f3 ki. Ez norm\u00e1lis m\u0171k\u00f6d\u00e9s \u2013 a z\u00e1r 2\u20135 perc ut\u00e1n kiold.<br \/>\nHa ezut\u00e1n sem nyithat\u00f3 az ajt\u00f3, ellen\u0151rizze, l\u00e1that\u00f3-e s\u00e9r\u00fcl\u00e9s a foganty\u00fan. Ha igen, szerviztechnikusra lesz sz\u00fcks\u00e9g.[\/vc_column_text][elx_heading text_color=&#8221;inherit&#8221;]A mos\u00f3g\u00e9p ajt\u00f3t\u00f6m\u00edt\u00e9se elcsavarodott \u00e9s sziv\u00e1rog[\/elx_heading][vc_column_text]A t\u00f6m\u00edt\u00e9s s\u00e9r\u00fcl\u00e9s\u00e9nek leggyakoribb okai:<\/p>\n<ul>\n<li>A k\u00e9sz\u00fcl\u00e9k t\u00falterhel\u00e9se<\/li>\n<li>Ruhadarabok beszorul\u00e1sa a t\u00f6m\u00edt\u00e9s \u00e9s az ajt\u00f3\u00fcveg k\u00f6z\u00e9 a program ind\u00edt\u00e1sakor<\/li>\n<\/ul>\n<p>A probl\u00e9ma pontos meghat\u00e1roz\u00e1s\u00e1hoz \u00e9s a seg\u00edts\u00e9gny\u00fajt\u00e1s \u00e9rdek\u00e9ben javasoljuk, hogy hivatalos szerviztechnikus vizsg\u00e1lja meg k\u00e9sz\u00fcl\u00e9k\u00e9t.[\/vc_column_text][elx_heading text_color=&#8221;inherit&#8221;]A ruha \u00f6sszemegy mos\u00e1s ut\u00e1n [\/elx_heading][vc_column_text]<strong>Hogyan mossunk gyapj\u00fat?<br \/>\n<\/strong>A gyapj\u00fa term\u00e9szetes rost, sokf\u00e9le felhaszn\u00e1l\u00e1ssal. K\u00e9nyes anyag, form\u00e1j\u00e1nak, sz\u00edn\u00e9nek \u00e9s min\u0151s\u00e9g\u00e9nek meg\u00f3v\u00e1sa \u00e9rdek\u00e9ben megfelel\u0151 b\u00e1n\u00e1sm\u00f3dot ig\u00e9nyel.<\/p>\n<p><strong>A gyapj\u00fa helyes mos\u00e1sa<br \/>\n<\/strong>A gyapj\u00fa term\u00e9szetes anyag, amelyet speci\u00e1lis m\u00f3don kell mosni \u00e9s sz\u00e1r\u00edtani. Mindig k\u00f6vesse a ruhadarab c\u00edmk\u00e9j\u00e9n tal\u00e1lhat\u00f3 mos\u00e1si \u00fatmutat\u00f3t.<\/p>\n<p><strong>Ne haszn\u00e1ljon enzimeket tartalmaz\u00f3 mos\u00f3port gyapj\u00fahoz<br \/>\n<\/strong>A legt\u00f6bb mos\u00f3szer enzimeket tartalmaz, amelyek seg\u00edtenek lebontani a zs\u00edrt \u00e9s a szennyez\u0151d\u00e9seket. A gyapj\u00fa azonban <strong>nem t\u0171ri az enzimeket<\/strong>, mert azok k\u00e1ros\u00edthatj\u00e1k a rostot. Gyapj\u00famos\u00e1shoz kiz\u00e1r\u00f3lag speci\u00e1lis <strong>gyapj\u00famos\u00f3szert<\/strong> haszn\u00e1ljon.[\/vc_column_text][elx_heading text_color=&#8221;inherit&#8221;]Foltok a ruh\u00e1kon[\/elx_heading][vc_column_text]<strong>Ok<br \/>\n<\/strong>Ha mindig csak 40\u00b0C-on vagy az alatt mos, id\u0151vel mos\u00f3szer- \u00e9s szennyez\u0151d\u00e9slerak\u00f3d\u00e1s keletkezhet a g\u00e9pben. Ez sz\u00fcrke foltokat okozhat a ruh\u00e1kon.\u00a0Bizonyos szem\u00e9lyes vagy h\u00e1ztart\u00e1si term\u00e9kek \u00e9s a mos\u00f3szer kombin\u00e1ci\u00f3ja is okozhat foltosod\u00e1st, p\u00e9ld\u00e1ul:<\/p>\n<ul>\n<li>H\u00e1ztart\u00e1si hip\u00f3<\/li>\n<li>Akne elleni kr\u00e9mek<\/li>\n<li>Samponok<\/li>\n<li>Parf\u00fcm\u00f6k<\/li>\n<li>Zsel\u00e9k<\/li>\n<li>Hajfest\u00e9kek<\/li>\n<\/ul>\n<p><strong>Megold\u00e1s<br \/>\n<\/strong>Futtasson le t\u00f6bb mos\u00e1si ciklust 90\u00b0C-on, ruha n\u00e9lk\u00fcl, egy cs\u00e9sze n\u00e1trium-karbon\u00e1ttal a dobban, hogy megtiszt\u00edtsa a t\u00f6m\u00edt\u00e9st \u00e9s a mos\u00f3g\u00e9p bels\u0151 r\u00e9szeit. <em>(A n\u00e1trium-karbon\u00e1t irrit\u00e1lhatja a b\u0151rt \u00e9s ny\u00e1lkah\u00e1rty\u00e1t \u2013 fokozott \u00f3vatoss\u00e1ggal haszn\u00e1lja!)<\/em><\/p>\n<p>Alternat\u00edvak\u00e9nt haszn\u00e1lhatja az Electrolux Professional speci\u00e1lis mos\u00f3g\u00e9ptiszt\u00edt\u00f3 term\u00e9k\u00e9t.[\/vc_column_text][vc_empty_space][elx_button button_text=&#8221;Ugr\u00e1s a myPRO mos\u00f3g\u00e9pekhez, sz\u00e1r\u00edt\u00f3g\u00e9pekhez \u00e9s g\u0151zvasal\u00f3khoz&#8221; button_style=&#8221;icon&#8221; button_link=&#8221;url:https%3A%2F%2Fwww.electroluxprofessional.com%2Fhu%2Flaundry%2Fmypro-washers-dryers-steam-ironers%2F|title:myPRO%2C%20washers%2C%20dryers%20and%20steam%20ironers%20for%20small%20businesses&#8221;][elx_button button_text=&#8221;Ugr\u00e1s a myPROzip vend\u00e9g\u00fczemeltet\u00e9s\u0171 mosodai megold\u00e1shoz&#8221; button_style=&#8221;icon&#8221; button_link=&#8221;url:https%3A%2F%2Fwww.electroluxprofessional.com%2Fhu%2Flaundry%2Fmyprozip-guest-operated-laundry%2F|title:myPROzip%20for%20guest-operated%20laundry&#8221;][vc_empty_space][\/vc_column][\/vc_row]<\/p>\n","protected":false},"excerpt":{"rendered":"<p>[vc_row][vc_column][vc_single_image image=&#8221;9416&#8243;][elx_heading font_container=&#8221;h1&#8243; text_color=&#8221;inherit&#8221;]GYIK \u2013 myPRO mos\u00f3g\u00e9p[\/elx_heading][vc_empty_space][elx_heading text_color=&#8221;inherit&#8221;]A mos\u00f3g\u00e9p be\u00f6ml\u0151cs\u00f6ve sziv\u00e1rog[\/elx_heading][vc_column_text]A probl\u00e9ma megold\u00e1s\u00e1hoz: Ellen\u0151rizze, hogy a v\u00edzbevezet\u0151 cs\u0151 csatlakoz\u00f3ja megfelel\u0151en van-e r\u00e1csavarva \/ r\u00e1nyomva a fali csatlakoz\u00f3ra vagy a v\u00edzcsapra. Ne haszn\u00e1ljon fog\u00f3t vagy m\u00e1s szersz\u00e1mot a csatlakoz\u00f3 lenyom\u00e1s\u00e1hoz \u2013 kiz\u00e1r\u00f3lag k\u00e9zzel szabad r\u00f6gz\u00edteni! Ellen\u0151rizze, hogy a v\u00edzcsapn\u00e1l nincs-e sziv\u00e1rg\u00e1s. Ha a csapb\u00f3l ered a [&hellip;]<\/p>\n","protected":false},"author":53,"featured_media":0,"parent":9411,"menu_order":0,"comment_status":"closed","ping_status":"closed","template":"page-campaigns.php","meta":{"footnotes":""},"class_list":["post-9665","page","type-page","status-publish","hentry"],"yoast_head":"<!-- This site is optimized with the Yoast SEO plugin v23.3 - https:\/\/yoast.com\/wordpress\/plugins\/seo\/ -->\n<title>myPRO mos\u00f3g\u00e9p online s\u00fag\u00f3 \u2013 Electrolux Professional<\/title>\n<meta name=\"description\" content=\"Ha probl\u00e9m\u00e1ja ad\u00f3dik, l\u00e1togasson el a myPRO mos\u00f3g\u00e9pek online s\u00fag\u00f3oldal\u00e1ra.\" \/>\n<meta name=\"robots\" content=\"index, follow, max-snippet:-1, max-image-preview:large, max-video-preview:-1\" \/>\n<link rel=\"canonical\" href=\"https:\/\/www.electroluxprofessional.com\/hu\/laundry\/mypro-washers-dryers-steam-ironers\/faq-mypro-washer\/\" \/>\n<meta property=\"og:locale\" content=\"hu_HU\" \/>\n<meta property=\"og:type\" content=\"article\" \/>\n<meta property=\"og:title\" content=\"myPRO mos\u00f3g\u00e9p online s\u00fag\u00f3 \u2013 Electrolux Professional\" \/>\n<meta property=\"og:description\" content=\"Ha probl\u00e9m\u00e1ja ad\u00f3dik, l\u00e1togasson el a myPRO mos\u00f3g\u00e9pek online s\u00fag\u00f3oldal\u00e1ra.\" \/>\n<meta property=\"og:url\" content=\"https:\/\/www.electroluxprofessional.com\/hu\/laundry\/mypro-washers-dryers-steam-ironers\/faq-mypro-washer\/\" \/>\n<meta property=\"og:site_name\" content=\"Electrolux Professional Magyarorsz\u00e1g\" \/>\n<meta property=\"article:modified_time\" content=\"2025-12-10T01:19:08+00:00\" \/>\n<meta name=\"twitter:card\" content=\"summary_large_image\" \/>\n<meta name=\"twitter:label1\" content=\"Becs\u00fclt olvas\u00e1si id\u0151\" \/>\n\t<meta name=\"twitter:data1\" content=\"4 perc\" \/>\n<script type=\"application\/ld+json\" class=\"yoast-schema-graph\">{\"@context\":\"https:\/\/schema.org\",\"@graph\":[{\"@type\":\"WebPage\",\"@id\":\"https:\/\/www.electroluxprofessional.com\/hu\/laundry\/mypro-washers-dryers-steam-ironers\/faq-mypro-washer\/\",\"url\":\"https:\/\/www.electroluxprofessional.com\/hu\/laundry\/mypro-washers-dryers-steam-ironers\/faq-mypro-washer\/\",\"name\":\"myPRO mos\u00f3g\u00e9p online s\u00fag\u00f3 \u2013 Electrolux Professional\",\"isPartOf\":{\"@id\":\"https:\/\/www.electroluxprofessional.com\/hu\/#website\"},\"datePublished\":\"2025-12-09T03:08:06+00:00\",\"dateModified\":\"2025-12-10T01:19:08+00:00\",\"description\":\"Ha probl\u00e9m\u00e1ja ad\u00f3dik, l\u00e1togasson el a myPRO mos\u00f3g\u00e9pek online s\u00fag\u00f3oldal\u00e1ra.\",\"breadcrumb\":{\"@id\":\"https:\/\/www.electroluxprofessional.com\/hu\/laundry\/mypro-washers-dryers-steam-ironers\/faq-mypro-washer\/#breadcrumb\"},\"inLanguage\":\"hu\",\"potentialAction\":[{\"@type\":\"ReadAction\",\"target\":[\"https:\/\/www.electroluxprofessional.com\/hu\/laundry\/mypro-washers-dryers-steam-ironers\/faq-mypro-washer\/\"]}]},{\"@type\":\"BreadcrumbList\",\"@id\":\"https:\/\/www.electroluxprofessional.com\/hu\/laundry\/mypro-washers-dryers-steam-ironers\/faq-mypro-washer\/#breadcrumb\",\"itemListElement\":[{\"@type\":\"ListItem\",\"position\":1,\"name\":\"Home\",\"item\":\"https:\/\/www.electroluxprofessional.com\/hu\/\"},{\"@type\":\"ListItem\",\"position\":2,\"name\":\"Mosodatechnika\",\"item\":\"https:\/\/www.electroluxprofessional.com\/hu\/laundry\/\"},{\"@type\":\"ListItem\",\"position\":3,\"name\":\"myPRO, washers, dryers and steam ironers for small businesses\",\"item\":\"https:\/\/www.electroluxprofessional.com\/hu\/laundry\/mypro-washers-dryers-steam-ironers\/\"},{\"@type\":\"ListItem\",\"position\":4,\"name\":\"GYIK \u2013 myPRO mos\u00f3g\u00e9p\"}]},{\"@type\":\"WebSite\",\"@id\":\"https:\/\/www.electroluxprofessional.com\/hu\/#website\",\"url\":\"https:\/\/www.electroluxprofessional.com\/hu\/\",\"name\":\"Electrolux Professional Magyarorsz\u00e1g\",\"description\":\"\",\"potentialAction\":[{\"@type\":\"SearchAction\",\"target\":{\"@type\":\"EntryPoint\",\"urlTemplate\":\"https:\/\/www.electroluxprofessional.com\/hu\/?src={search_term_string}\"},\"query-input\":\"required name=search_term_string\"}],\"inLanguage\":\"hu\"}]}<\/script>\n<!-- \/ Yoast SEO plugin. -->","yoast_head_json":{"title":"myPRO mos\u00f3g\u00e9p online s\u00fag\u00f3 \u2013 Electrolux Professional","description":"Ha probl\u00e9m\u00e1ja ad\u00f3dik, l\u00e1togasson el a myPRO mos\u00f3g\u00e9pek online s\u00fag\u00f3oldal\u00e1ra.","robots":{"index":"index","follow":"follow","max-snippet":"max-snippet:-1","max-image-preview":"max-image-preview:large","max-video-preview":"max-video-preview:-1"},"canonical":"https:\/\/www.electroluxprofessional.com\/hu\/laundry\/mypro-washers-dryers-steam-ironers\/faq-mypro-washer\/","og_locale":"hu_HU","og_type":"article","og_title":"myPRO mos\u00f3g\u00e9p online s\u00fag\u00f3 \u2013 Electrolux Professional","og_description":"Ha probl\u00e9m\u00e1ja ad\u00f3dik, l\u00e1togasson el a myPRO mos\u00f3g\u00e9pek online s\u00fag\u00f3oldal\u00e1ra.","og_url":"https:\/\/www.electroluxprofessional.com\/hu\/laundry\/mypro-washers-dryers-steam-ironers\/faq-mypro-washer\/","og_site_name":"Electrolux Professional Magyarorsz\u00e1g","article_modified_time":"2025-12-10T01:19:08+00:00","twitter_card":"summary_large_image","twitter_misc":{"Becs\u00fclt olvas\u00e1si id\u0151":"4 perc"},"schema":{"@context":"https:\/\/schema.org","@graph":[{"@type":"WebPage","@id":"https:\/\/www.electroluxprofessional.com\/hu\/laundry\/mypro-washers-dryers-steam-ironers\/faq-mypro-washer\/","url":"https:\/\/www.electroluxprofessional.com\/hu\/laundry\/mypro-washers-dryers-steam-ironers\/faq-mypro-washer\/","name":"myPRO mos\u00f3g\u00e9p online s\u00fag\u00f3 \u2013 Electrolux Professional","isPartOf":{"@id":"https:\/\/www.electroluxprofessional.com\/hu\/#website"},"datePublished":"2025-12-09T03:08:06+00:00","dateModified":"2025-12-10T01:19:08+00:00","description":"Ha probl\u00e9m\u00e1ja ad\u00f3dik, l\u00e1togasson el a myPRO mos\u00f3g\u00e9pek online s\u00fag\u00f3oldal\u00e1ra.","breadcrumb":{"@id":"https:\/\/www.electroluxprofessional.com\/hu\/laundry\/mypro-washers-dryers-steam-ironers\/faq-mypro-washer\/#breadcrumb"},"inLanguage":"hu","potentialAction":[{"@type":"ReadAction","target":["https:\/\/www.electroluxprofessional.com\/hu\/laundry\/mypro-washers-dryers-steam-ironers\/faq-mypro-washer\/"]}]},{"@type":"BreadcrumbList","@id":"https:\/\/www.electroluxprofessional.com\/hu\/laundry\/mypro-washers-dryers-steam-ironers\/faq-mypro-washer\/#breadcrumb","itemListElement":[{"@type":"ListItem","position":1,"name":"Home","item":"https:\/\/www.electroluxprofessional.com\/hu\/"},{"@type":"ListItem","position":2,"name":"Mosodatechnika","item":"https:\/\/www.electroluxprofessional.com\/hu\/laundry\/"},{"@type":"ListItem","position":3,"name":"myPRO, washers, dryers and steam ironers for small businesses","item":"https:\/\/www.electroluxprofessional.com\/hu\/laundry\/mypro-washers-dryers-steam-ironers\/"},{"@type":"ListItem","position":4,"name":"GYIK \u2013 myPRO mos\u00f3g\u00e9p"}]},{"@type":"WebSite","@id":"https:\/\/www.electroluxprofessional.com\/hu\/#website","url":"https:\/\/www.electroluxprofessional.com\/hu\/","name":"Electrolux Professional Magyarorsz\u00e1g","description":"","potentialAction":[{"@type":"SearchAction","target":{"@type":"EntryPoint","urlTemplate":"https:\/\/www.electroluxprofessional.com\/hu\/?src={search_term_string}"},"query-input":"required name=search_term_string"}],"inLanguage":"hu"}]}},"_links":{"self":[{"href":"https:\/\/www.electroluxprofessional.com\/hu\/wp-json\/wp\/v2\/pages\/9665"}],"collection":[{"href":"https:\/\/www.electroluxprofessional.com\/hu\/wp-json\/wp\/v2\/pages"}],"about":[{"href":"https:\/\/www.electroluxprofessional.com\/hu\/wp-json\/wp\/v2\/types\/page"}],"author":[{"embeddable":true,"href":"https:\/\/www.electroluxprofessional.com\/hu\/wp-json\/wp\/v2\/users\/53"}],"replies":[{"embeddable":true,"href":"https:\/\/www.electroluxprofessional.com\/hu\/wp-json\/wp\/v2\/comments?post=9665"}],"version-history":[{"count":3,"href":"https:\/\/www.electroluxprofessional.com\/hu\/wp-json\/wp\/v2\/pages\/9665\/revisions"}],"predecessor-version":[{"id":9713,"href":"https:\/\/www.electroluxprofessional.com\/hu\/wp-json\/wp\/v2\/pages\/9665\/revisions\/9713"}],"up":[{"embeddable":true,"href":"https:\/\/www.electroluxprofessional.com\/hu\/wp-json\/wp\/v2\/pages\/9411"}],"wp:attachment":[{"href":"https:\/\/www.electroluxprofessional.com\/hu\/wp-json\/wp\/v2\/media?parent=9665"}],"curies":[{"name":"wp","href":"https:\/\/api.w.org\/{rel}","templated":true}]}}