{"id":9664,"date":"2025-12-09T03:01:46","date_gmt":"2025-12-09T03:01:46","guid":{"rendered":"https:\/\/www.electroluxprofessional.com\/hu\/?page_id=9664"},"modified":"2025-12-11T02:51:25","modified_gmt":"2025-12-11T02:51:25","slug":"commercial-laundry-equipment","status":"publish","type":"page","link":"https:\/\/www.electroluxprofessional.com\/hu\/commercial-laundry-equipment\/","title":{"rendered":"Commercial Laundry"},"content":{"rendered":"<p>[vc_row][vc_column][elx_heading font_container=&#8221;h1&#8243; font_size=&#8221;h3&#8243; text_color=&#8221;inherit&#8221; text_align=&#8221;text-left&#8221;]Kereskedelmi mosodai megold\u00e1sok<br \/>\n[\/elx_heading][vc_column_text]Az Electrolux Professional a vil\u00e1g <strong>legfenntarthat\u00f3bb \u00e9s legrugalmasabb professzion\u00e1lis mosodai megold\u00e1sait<\/strong> fejleszti. A felhaszn\u00e1l\u00f3i visszajelz\u00e9sek alapj\u00e1n folyamatosan jav\u00edtjuk a <strong>funkcionalit\u00e1st, a termel\u00e9kenys\u00e9get \u00e9s az ergon\u00f3mi\u00e1t<\/strong>, hogy \u00d6n val\u00f3di \u00e9rt\u00e9ket kapjon.[\/vc_column_text][\/vc_column][\/vc_row][vc_row][vc_column][vc_empty_space height=&#8221;80px&#8221;][elx_button button_text=&#8221;L\u00e9pjen kapcsolatba szak\u00e9rt\u0151nkkel&#8221; button_display_block=&#8221;display_block_on&#8221; button_alignment=&#8221;align_center&#8221; button_alignment_mobile=&#8221;text-center-mobile&#8221; button_link=&#8221;url:%23contact&#8221;][vc_empty_space height=&#8221;80px&#8221;][\/vc_column][\/vc_row][vc_row][vc_column width=&#8221;1\/4&#8243;][elx_navigation_branch title_link=&#8221;title-linkable&#8221; image=&#8221;9654&#8243; menu_list=&#8221;54874&#8243;][\/vc_column][vc_column width=&#8221;1\/4&#8243;][elx_navigation_branch image=&#8221;9655&#8243; menu_list=&#8221;54875&#8243;][\/vc_column][vc_column width=&#8221;1\/4&#8243;][elx_navigation_branch image=&#8221;9656&#8243; menu_list=&#8221;54878&#8243;][\/vc_column][vc_column width=&#8221;1\/4&#8243;][elx_navigation_branch menu_list=&#8221;54881&#8243; image=&#8221;9657&#8243;][\/vc_column][\/vc_row][vc_row][vc_column][vc_empty_space height=&#8221;80px&#8221;][\/vc_column][\/vc_row][vc_row][vc_column width=&#8221;1\/4&#8243;][elx_navigation_branch title_link=&#8221;title-linkable&#8221; image=&#8221;733&#8243; menu_list=&#8221;54884&#8243;][\/vc_column][vc_column width=&#8221;1\/4&#8243;][elx_navigation_branch image=&#8221;9658&#8243; menu_list=&#8221;54883&#8243;][\/vc_column][vc_column width=&#8221;1\/4&#8243;][elx_navigation_branch image=&#8221;9659&#8243; menu_list=&#8221;54886&#8243;][\/vc_column][vc_column width=&#8221;1\/4&#8243;][elx_navigation_branch image=&#8221;9660&#8243; menu_list=&#8221;54888&#8243;][\/vc_column][\/vc_row][vc_row][vc_column][vc_empty_space height=&#8221;80px&#8221;][\/vc_column][\/vc_row][vc_row][vc_column width=&#8221;1\/4&#8243;][elx_navigation_branch title_link=&#8221;title-linkable&#8221; image=&#8221;736&#8243; menu_list=&#8221;54892&#8243;][\/vc_column][vc_column width=&#8221;1\/4&#8243;][elx_navigation_branch image=&#8221;9661&#8243; menu_list=&#8221;54893&#8243;][\/vc_column][vc_column width=&#8221;1\/4&#8243;][\/vc_column][vc_column width=&#8221;1\/4&#8243;][\/vc_column][\/vc_row][vc_row el_id=&#8221;contact&#8221;][vc_column][vc_empty_space height=&#8221;70px&#8221;][elx_heading font_size=&#8221;h3&#8243; text_color=&#8221;inherit&#8221;]Discover more about Commercial Laundry Solutions[\/elx_heading][elx_o2000_contact_us s=&#8221;Request of information about Commercial Laundry Solutions&#8221; country=&#8221;Hungary&#8221; b=&#8221;laundry&#8221; r=&#8221;I&#8217;d like to find out more about your Commercial Laundry Solutions. Please get in touch with me. Thanks.&#8221;][vc_empty_space height=&#8221;100px&#8221;][\/vc_column][\/vc_row][vc_row css=&#8221;.vc_custom_1521645134526{background-color: #eeeeee !important;}&#8221;][vc_column][elx_heading font_size=&#8221;h3&#8243; text_color=&#8221;inherit&#8221; text_align=&#8221;text-left&#8221;]Find your complete solution[\/elx_heading][\/vc_column][\/vc_row][vc_row css=&#8221;.vc_custom_1521645143172{background-color: #eeeeee !important;}&#8221;][vc_column width=&#8221;1\/4&#8243;][elx_maylike_box id_box=&#8221;3673&#8243; hide_text=&#8221;self&#8221;][\/vc_column][vc_column width=&#8221;1\/4&#8243;][elx_maylike_box id_box=&#8221;3680&#8243; hide_text=&#8221;self&#8221;][\/vc_column][vc_column width=&#8221;1\/4&#8243;][elx_maylike_box id_box=&#8221;3682&#8243; hide_text=&#8221;self&#8221;][\/vc_column][vc_column width=&#8221;1\/4&#8243;][elx_maylike_box id_box=&#8221;9663&#8243; hide_text=&#8221;self&#8221; link_target=&#8221;blank&#8221;][\/vc_column][\/vc_row][vc_row css=&#8221;.vc_custom_1542967704658{background-color: #eeeeee !important;}&#8221;][vc_column][vc_empty_space][\/vc_column][\/vc_row]<\/p>\n","protected":false},"excerpt":{"rendered":"<p>[vc_row][vc_column][elx_heading font_container=&#8221;h1&#8243; font_size=&#8221;h3&#8243; text_color=&#8221;inherit&#8221; text_align=&#8221;text-left&#8221;]Kereskedelmi mosodai megold\u00e1sok [\/elx_heading][vc_column_text]Az Electrolux Professional a vil\u00e1g legfenntarthat\u00f3bb \u00e9s legrugalmasabb professzion\u00e1lis mosodai megold\u00e1sait fejleszti. A felhaszn\u00e1l\u00f3i visszajelz\u00e9sek alapj\u00e1n folyamatosan jav\u00edtjuk a funkcionalit\u00e1st, a termel\u00e9kenys\u00e9get \u00e9s az ergon\u00f3mi\u00e1t, hogy \u00d6n val\u00f3di \u00e9rt\u00e9ket kapjon.[\/vc_column_text][\/vc_column][\/vc_row][vc_row][vc_column][vc_empty_space height=&#8221;80px&#8221;][elx_button button_text=&#8221;L\u00e9pjen kapcsolatba szak\u00e9rt\u0151nkkel&#8221; button_display_block=&#8221;display_block_on&#8221; button_alignment=&#8221;align_center&#8221; button_alignment_mobile=&#8221;text-center-mobile&#8221; button_link=&#8221;url:%23contact&#8221;][vc_empty_space height=&#8221;80px&#8221;][\/vc_column][\/vc_row][vc_row][vc_column width=&#8221;1\/4&#8243;][elx_navigation_branch title_link=&#8221;title-linkable&#8221; image=&#8221;9654&#8243; menu_list=&#8221;54874&#8243;][\/vc_column][vc_column width=&#8221;1\/4&#8243;][elx_navigation_branch image=&#8221;9655&#8243; menu_list=&#8221;54875&#8243;][\/vc_column][vc_column width=&#8221;1\/4&#8243;][elx_navigation_branch image=&#8221;9656&#8243; [&hellip;]<\/p>\n","protected":false},"author":53,"featured_media":3252,"parent":0,"menu_order":0,"comment_status":"closed","ping_status":"closed","template":"","meta":{"footnotes":""},"class_list":["post-9664","page","type-page","status-publish","has-post-thumbnail","hentry"],"yoast_head":"<!-- This site is optimized with the Yoast SEO plugin v23.3 - https:\/\/yoast.com\/wordpress\/plugins\/seo\/ -->\n<title>Commercial laundry equipment - Electrolux Professional<\/title>\n<meta name=\"description\" content=\"Commercial Laundry solutions that use less water, energy and detergent in order to make wash and dry cycles more efficient.\" \/>\n<meta name=\"robots\" content=\"index, follow, max-snippet:-1, max-image-preview:large, max-video-preview:-1\" \/>\n<link rel=\"canonical\" href=\"https:\/\/www.electroluxprofessional.com\/hu\/commercial-laundry-equipment\/\" \/>\n<meta property=\"og:locale\" content=\"hu_HU\" \/>\n<meta property=\"og:type\" content=\"article\" \/>\n<meta property=\"og:title\" content=\"Commercial laundry equipment - Electrolux Professional\" \/>\n<meta property=\"og:description\" content=\"Commercial Laundry solutions that use less water, energy and detergent in order to make wash and dry cycles more efficient.\" \/>\n<meta property=\"og:url\" content=\"https:\/\/www.electroluxprofessional.com\/hu\/commercial-laundry-equipment\/\" \/>\n<meta property=\"og:site_name\" content=\"Electrolux Professional Magyarorsz\u00e1g\" \/>\n<meta property=\"article:modified_time\" content=\"2025-12-11T02:51:25+00:00\" \/>\n<meta property=\"og:image\" content=\"https:\/\/www.electroluxprofessional.com\/hu\/wp-content\/uploads\/2017\/02\/laundry.jpg\" \/>\n\t<meta property=\"og:image:width\" content=\"2000\" \/>\n\t<meta property=\"og:image:height\" content=\"1142\" \/>\n\t<meta property=\"og:image:type\" content=\"image\/jpeg\" \/>\n<meta name=\"twitter:card\" content=\"summary_large_image\" \/>\n<meta name=\"twitter:label1\" content=\"Becs\u00fclt olvas\u00e1si id\u0151\" \/>\n\t<meta name=\"twitter:data1\" content=\"2 perc\" \/>\n<script type=\"application\/ld+json\" class=\"yoast-schema-graph\">{\"@context\":\"https:\/\/schema.org\",\"@graph\":[{\"@type\":\"WebPage\",\"@id\":\"https:\/\/www.electroluxprofessional.com\/hu\/commercial-laundry-equipment\/\",\"url\":\"https:\/\/www.electroluxprofessional.com\/hu\/commercial-laundry-equipment\/\",\"name\":\"Commercial laundry equipment - Electrolux Professional\",\"isPartOf\":{\"@id\":\"https:\/\/www.electroluxprofessional.com\/hu\/#website\"},\"primaryImageOfPage\":{\"@id\":\"https:\/\/www.electroluxprofessional.com\/hu\/commercial-laundry-equipment\/#primaryimage\"},\"image\":{\"@id\":\"https:\/\/www.electroluxprofessional.com\/hu\/commercial-laundry-equipment\/#primaryimage\"},\"thumbnailUrl\":\"https:\/\/www.electroluxprofessional.com\/hu\/wp-content\/uploads\/2017\/02\/laundry.jpg\",\"datePublished\":\"2025-12-09T03:01:46+00:00\",\"dateModified\":\"2025-12-11T02:51:25+00:00\",\"description\":\"Commercial Laundry solutions that use less water, energy and detergent in order to make wash and dry cycles more efficient.\",\"breadcrumb\":{\"@id\":\"https:\/\/www.electroluxprofessional.com\/hu\/commercial-laundry-equipment\/#breadcrumb\"},\"inLanguage\":\"hu\",\"potentialAction\":[{\"@type\":\"ReadAction\",\"target\":[\"https:\/\/www.electroluxprofessional.com\/hu\/commercial-laundry-equipment\/\"]}]},{\"@type\":\"ImageObject\",\"inLanguage\":\"hu\",\"@id\":\"https:\/\/www.electroluxprofessional.com\/hu\/commercial-laundry-equipment\/#primaryimage\",\"url\":\"https:\/\/www.electroluxprofessional.com\/hu\/wp-content\/uploads\/2017\/02\/laundry.jpg\",\"contentUrl\":\"https:\/\/www.electroluxprofessional.com\/hu\/wp-content\/uploads\/2017\/02\/laundry.jpg\",\"width\":2000,\"height\":1142,\"caption\":\"laundry\"},{\"@type\":\"BreadcrumbList\",\"@id\":\"https:\/\/www.electroluxprofessional.com\/hu\/commercial-laundry-equipment\/#breadcrumb\",\"itemListElement\":[{\"@type\":\"ListItem\",\"position\":1,\"name\":\"Home\",\"item\":\"https:\/\/www.electroluxprofessional.com\/hu\/\"},{\"@type\":\"ListItem\",\"position\":2,\"name\":\"Commercial Laundry\"}]},{\"@type\":\"WebSite\",\"@id\":\"https:\/\/www.electroluxprofessional.com\/hu\/#website\",\"url\":\"https:\/\/www.electroluxprofessional.com\/hu\/\",\"name\":\"Electrolux Professional Magyarorsz\u00e1g\",\"description\":\"\",\"potentialAction\":[{\"@type\":\"SearchAction\",\"target\":{\"@type\":\"EntryPoint\",\"urlTemplate\":\"https:\/\/www.electroluxprofessional.com\/hu\/?src={search_term_string}\"},\"query-input\":\"required name=search_term_string\"}],\"inLanguage\":\"hu\"}]}<\/script>\n<!-- \/ Yoast SEO plugin. -->","yoast_head_json":{"title":"Commercial laundry equipment - Electrolux Professional","description":"Commercial Laundry solutions that use less water, energy and detergent in order to make wash and dry cycles more efficient.","robots":{"index":"index","follow":"follow","max-snippet":"max-snippet:-1","max-image-preview":"max-image-preview:large","max-video-preview":"max-video-preview:-1"},"canonical":"https:\/\/www.electroluxprofessional.com\/hu\/commercial-laundry-equipment\/","og_locale":"hu_HU","og_type":"article","og_title":"Commercial laundry equipment - Electrolux Professional","og_description":"Commercial Laundry solutions that use less water, energy and detergent in order to make wash and dry cycles more efficient.","og_url":"https:\/\/www.electroluxprofessional.com\/hu\/commercial-laundry-equipment\/","og_site_name":"Electrolux Professional Magyarorsz\u00e1g","article_modified_time":"2025-12-11T02:51:25+00:00","og_image":[{"width":2000,"height":1142,"url":"https:\/\/www.electroluxprofessional.com\/hu\/wp-content\/uploads\/2017\/02\/laundry.jpg","type":"image\/jpeg"}],"twitter_card":"summary_large_image","twitter_misc":{"Becs\u00fclt olvas\u00e1si id\u0151":"2 perc"},"schema":{"@context":"https:\/\/schema.org","@graph":[{"@type":"WebPage","@id":"https:\/\/www.electroluxprofessional.com\/hu\/commercial-laundry-equipment\/","url":"https:\/\/www.electroluxprofessional.com\/hu\/commercial-laundry-equipment\/","name":"Commercial laundry equipment - Electrolux Professional","isPartOf":{"@id":"https:\/\/www.electroluxprofessional.com\/hu\/#website"},"primaryImageOfPage":{"@id":"https:\/\/www.electroluxprofessional.com\/hu\/commercial-laundry-equipment\/#primaryimage"},"image":{"@id":"https:\/\/www.electroluxprofessional.com\/hu\/commercial-laundry-equipment\/#primaryimage"},"thumbnailUrl":"https:\/\/www.electroluxprofessional.com\/hu\/wp-content\/uploads\/2017\/02\/laundry.jpg","datePublished":"2025-12-09T03:01:46+00:00","dateModified":"2025-12-11T02:51:25+00:00","description":"Commercial Laundry solutions that use less water, energy and detergent in order to make wash and dry cycles more efficient.","breadcrumb":{"@id":"https:\/\/www.electroluxprofessional.com\/hu\/commercial-laundry-equipment\/#breadcrumb"},"inLanguage":"hu","potentialAction":[{"@type":"ReadAction","target":["https:\/\/www.electroluxprofessional.com\/hu\/commercial-laundry-equipment\/"]}]},{"@type":"ImageObject","inLanguage":"hu","@id":"https:\/\/www.electroluxprofessional.com\/hu\/commercial-laundry-equipment\/#primaryimage","url":"https:\/\/www.electroluxprofessional.com\/hu\/wp-content\/uploads\/2017\/02\/laundry.jpg","contentUrl":"https:\/\/www.electroluxprofessional.com\/hu\/wp-content\/uploads\/2017\/02\/laundry.jpg","width":2000,"height":1142,"caption":"laundry"},{"@type":"BreadcrumbList","@id":"https:\/\/www.electroluxprofessional.com\/hu\/commercial-laundry-equipment\/#breadcrumb","itemListElement":[{"@type":"ListItem","position":1,"name":"Home","item":"https:\/\/www.electroluxprofessional.com\/hu\/"},{"@type":"ListItem","position":2,"name":"Commercial Laundry"}]},{"@type":"WebSite","@id":"https:\/\/www.electroluxprofessional.com\/hu\/#website","url":"https:\/\/www.electroluxprofessional.com\/hu\/","name":"Electrolux Professional Magyarorsz\u00e1g","description":"","potentialAction":[{"@type":"SearchAction","target":{"@type":"EntryPoint","urlTemplate":"https:\/\/www.electroluxprofessional.com\/hu\/?src={search_term_string}"},"query-input":"required name=search_term_string"}],"inLanguage":"hu"}]}},"_links":{"self":[{"href":"https:\/\/www.electroluxprofessional.com\/hu\/wp-json\/wp\/v2\/pages\/9664"}],"collection":[{"href":"https:\/\/www.electroluxprofessional.com\/hu\/wp-json\/wp\/v2\/pages"}],"about":[{"href":"https:\/\/www.electroluxprofessional.com\/hu\/wp-json\/wp\/v2\/types\/page"}],"author":[{"embeddable":true,"href":"https:\/\/www.electroluxprofessional.com\/hu\/wp-json\/wp\/v2\/users\/53"}],"replies":[{"embeddable":true,"href":"https:\/\/www.electroluxprofessional.com\/hu\/wp-json\/wp\/v2\/comments?post=9664"}],"version-history":[{"count":3,"href":"https:\/\/www.electroluxprofessional.com\/hu\/wp-json\/wp\/v2\/pages\/9664\/revisions"}],"predecessor-version":[{"id":9727,"href":"https:\/\/www.electroluxprofessional.com\/hu\/wp-json\/wp\/v2\/pages\/9664\/revisions\/9727"}],"wp:featuredmedia":[{"embeddable":true,"href":"https:\/\/www.electroluxprofessional.com\/hu\/wp-json\/wp\/v2\/media\/3252"}],"wp:attachment":[{"href":"https:\/\/www.electroluxprofessional.com\/hu\/wp-json\/wp\/v2\/media?parent=9664"}],"curies":[{"name":"wp","href":"https:\/\/api.w.org\/{rel}","templated":true}]}}