{"id":9649,"date":"2025-12-09T02:47:36","date_gmt":"2025-12-09T02:47:36","guid":{"rendered":"https:\/\/www.electroluxprofessional.com\/hu\/?page_id=9649"},"modified":"2025-12-10T01:40:37","modified_gmt":"2025-12-10T01:40:37","slug":"sport-fitness-clubs","status":"publish","type":"page","link":"https:\/\/www.electroluxprofessional.com\/hu\/sport-fitness-clubs\/","title":{"rendered":"Sport &#038; Fitness clubs"},"content":{"rendered":"<p>[vc_row full_width=&#8221;electroluxpro-full-width-no-padding&#8221; css=&#8221;.vc_custom_1663603533477{margin-top: -50px !important;}&#8221;][vc_column][elx_full_banner title=&#8221;Sport- \u00e9s fitneszklubok&#8221; background_image_media_library=&#8221;9647&#8243; background_image_media_library_mobile=&#8221;9648&#8243;][\/vc_column][\/vc_row][vc_row][vc_column][vc_empty_space][\/vc_column][\/vc_row][vc_row][vc_column width=&#8221;2\/3&#8243;][elx_heading font_container=&#8221;h1&#8243; text_color=&#8221;electrolux-blue&#8221;]Mosodai megold\u00e1sok sport- \u00e9s fitneszklubok sz\u00e1m\u00e1ra[\/elx_heading][vc_column_text]A makacs f\u0171-, s\u00e1r- \u00e9s izzads\u00e1gfoltok gyakran meghaladj\u00e1k a h\u00e1ztart\u00e1si g\u00e9pek teljes\u00edt\u0151k\u00e9pess\u00e9g\u00e9t.<br \/>\nA <strong>myPRO<\/strong> haszn\u00e1lat\u00e1val t\u00f6bb\u00e9 nem kell gyenge mos\u00e1si eredm\u00e9nyek vagy g\u00e9phib\u00e1k miatt agg\u00f3dnia. Csak t\u00f6ltse meg, ind\u00edtsa el \u2013 \u00e9s \u00e9lvezze a gondtalan m\u0171k\u00f6d\u00e9st![\/vc_column_text][elx_button button_text=&#8221;Go to products&#8221; button_style=&#8221;icon&#8221; button_link=&#8221;url:https%3A%2F%2Fwww.electroluxprofessional.com%2Fhu%2Fcommercial-laundry-equipment%2Fmypro-washers-dryers-steam-ironers%2F|title:myPRO%20washers%2C%20dryers%20and%20steam%20ironers%20for%20small%20businesses||&#8221;][\/vc_column][vc_column width=&#8221;1\/3&#8243;][elx_heading text_color=&#8221;electrolux-blue&#8221;]T\u00f6ltse le a prospektust[\/elx_heading][elx_download_block text=&#8221;myPRO mosodai megold\u00e1s sport- \u00e9s fitneszklubok sz\u00e1m\u00e1ra&#8221; document_type=&#8221;leaflets&#8221; background_color=&#8221;laundry-solutions&#8221; le_document_number=&#8221;CLFL-9JE00006&#8243;][\/vc_column][\/vc_row][vc_row][vc_column][vc_single_image image=&#8221;9396&#8243; img_size=&#8221;full&#8221; alignment=&#8221;center&#8221;][\/vc_column][\/vc_row][vc_row content_placement=&#8221;top&#8221; el_class=&#8221;marginNegative&#8221;][vc_column width=&#8221;1\/3&#8243;][vc_empty_space][elx_heading font_container=&#8221;h5&#8243; font_size=&#8221;h5&#8243; text_color=&#8221;inherit&#8221;]Optimaliz\u00e1lt dobperfor\u00e1ci\u00f3[\/elx_heading][vc_column_text]Biztos\u00edtja a szennyez\u0151d\u00e9sek \u00e9s r\u00e9szecsk\u00e9k maxim\u00e1lis elt\u00e1vol\u00edt\u00e1s\u00e1t. A nagy, <strong>4,5 mm-es perfor\u00e1ci\u00f3k<\/strong> hat\u00e9konyan moss\u00e1k ki a szil\u00e1rd szemcs\u00e9ket a dobb\u00f3l, mik\u00f6zben minim\u00e1lisra cs\u00f6kkentik a textilkop\u00e1st.[\/vc_column_text][\/vc_column][vc_column width=&#8221;1\/3&#8243;][vc_empty_space][elx_heading font_container=&#8221;h5&#8243; font_size=&#8221;h5&#8243; text_color=&#8221;inherit&#8221;]Cs\u00facsmin\u0151s\u00e9g fele annyi id\u0151 alatt[\/elx_heading][vc_column_text]Kiemelked\u0151 v\u00edzelvon\u00e1si teljes\u00edtm\u00e9ny a r\u00f6videbb programid\u0151, az alacsonyabb \u00fczemeltet\u00e9si k\u00f6lts\u00e9gek \u00e9s az \u00e1lland\u00f3an kiv\u00e1l\u00f3 mos\u00e1si eredm\u00e9nyek \u00e9rdek\u00e9ben.[\/vc_column_text][\/vc_column][vc_column width=&#8221;1\/3&#8243;][vc_empty_space][elx_heading font_container=&#8221;h5&#8243; font_size=&#8221;h5&#8243; text_color=&#8221;inherit&#8221;]SpeedCare dobtechnol\u00f3gia[\/elx_heading][vc_column_text]A ruh\u00e1kban l\u00e9v\u0151 nedvess\u00e9g val\u00f3s idej\u0171 \u00e9rz\u00e9kel\u00e9se r\u00e9v\u00e9n r\u00f6videbb sz\u00e1r\u00edt\u00e1si id\u0151 \u00e9rhet\u0151 el. Megakad\u00e1lyozza a textilsz\u00e1lak t\u00falsz\u00e1r\u00edt\u00e1s\u00e1t, id\u0151t takar\u00edt meg, \u00e9s nyugalmat biztos\u00edt a felhaszn\u00e1l\u00f3knak.[\/vc_column_text][\/vc_column][\/vc_row][vc_row content_placement=&#8221;top&#8221; el_class=&#8221;marginNegative&#8221;][vc_column width=&#8221;1\/3&#8243;][vc_single_image image=&#8221;9643&#8243; img_size=&#8221;large&#8221;][elx_heading text_color=&#8221;inherit&#8221;]P\u00e9nz-, energia- \u00e9s helymegtakar\u00edt\u00e1s[\/elx_heading][vc_column_text css=&#8221;.vc_custom_1765330421051{margin-bottom: 0px !important;}&#8221; el_class=&#8221;minHeightCirclesText&#8221;]<em>\u201eA csapatunk felszerel\u00e9se mindig a legjobb form\u00e1ban van a p\u00e1ly\u00e1n.\u201d<\/em>[\/vc_column_text][vc_column_text css=&#8221;.vc_custom_1765330513001{margin-top: 15px !important;}&#8221;]<\/p>\n<ul>\n<li>Legjobb mos\u00e1si eredm\u00e9ny az egyed\u00fcl\u00e1ll\u00f3 <strong>Electrolux Professional SpeedCare dob<\/strong> r\u00e9v\u00e9n<\/li>\n<li>Energia- \u00e9s k\u00f6lts\u00e9gmegtakar\u00edt\u00e1s (D energiahat\u00e9konys\u00e1gi oszt\u00e1ly\u00fa mos\u00f3g\u00e9pek)<\/li>\n<li>Nagy hat\u00e9konys\u00e1g\u00fa mosoda kompakt kivitelben, a rendelkez\u00e9sre \u00e1ll\u00f3 hely optimaliz\u00e1l\u00e1s\u00e1ra<\/li>\n<\/ul>\n<p>[\/vc_column_text][\/vc_column][vc_column width=&#8221;1\/3&#8243;][vc_single_image image=&#8221;9644&#8243; img_size=&#8221;large&#8221;][elx_heading text_color=&#8221;inherit&#8221; css=&#8221;.vc_custom_1765330520195{margin-top: 0px !important;}&#8221;]Kiemelked\u0151 min\u0151s\u00e9g fele id\u0151 alatt[\/elx_heading][vc_column_text css=&#8221;.vc_custom_1765330544648{margin-bottom: 0px !important;}&#8221; el_class=&#8221;minHeightCirclesText&#8221;]<em>\u201eBiztos lehetek benne, hogy a meccs el\u0151tt minden textil elk\u00e9sz\u00fcl.\u201d<\/em>[\/vc_column_text][vc_column_text css=&#8221;.vc_custom_1765330600199{margin-top: 15px !important;}&#8221;]<\/p>\n<ul>\n<li>Nagy teljes\u00edtm\u00e9ny\u0171, kompakt megold\u00e1s, amely mindig id\u0151ben v\u00e9gez \u2013 m\u00e9g a k\u00f6vetkez\u0151 m\u00e9rk\u0151z\u00e9s el\u0151tt is<\/li>\n<li>A nagy, 4,5 mm-es perfor\u00e1ci\u00f3k hat\u00e9konyan \u00f6bl\u00edtik ki a homokot \u00e9s kavicsokat<\/li>\n<li>R\u00f6videbb sz\u00e1r\u00edt\u00e1si ciklus az automatikus nedvess\u00e9g\u00e9rz\u00e9kel\u0151 rendszernek k\u00f6sz\u00f6nhet\u0151en<\/li>\n<\/ul>\n<p>[\/vc_column_text][\/vc_column][vc_column width=&#8221;1\/3&#8243;][vc_single_image image=&#8221;9645&#8243; img_size=&#8221;large&#8221;][elx_heading text_color=&#8221;inherit&#8221;]Gyorsas\u00e1g, amely megfelel a professzion\u00e1lis ig\u00e9nyeknek[\/elx_heading][vc_column_text css=&#8221;.vc_custom_1765330630308{margin-bottom: 0px !important;}&#8221; el_class=&#8221;minHeightCirclesText&#8221;]<em>\u201eT\u00f6r\u00f6lk\u00f6z\u0151ket is tudok b\u00e9relni a klubtagoknak \u2013 \u00edgy extra bev\u00e9tel\u00fcnk is keletkezik.\u201d<\/em>[\/vc_column_text][vc_column_text css=&#8221;.vc_custom_1765330653349{margin-top: 15px !important;}&#8221;]<\/p>\n<ul>\n<li>Professzion\u00e1lis fert\u0151tlen\u00edt\u0151 programok a magas szint\u0171 higi\u00e9niai k\u00f6vetelm\u00e9nyekhez<\/li>\n<li>Hossz\u00fa \u00e9lettartamra tervezett, cs\u00facskateg\u00f3ri\u00e1s megold\u00e1s<\/li>\n<li>Professzion\u00e1lis felhaszn\u00e1l\u00e1sra sz\u00f3l\u00f3 garancia<\/li>\n<\/ul>\n<p>[\/vc_column_text][\/vc_column][\/vc_row][vc_row][vc_column][vc_empty_space][\/vc_column][\/vc_row][vc_row][vc_column][elx_o2000_contact_us s=&#8221;Inform\u00e1ci\u00f3k\u00e9r\u00e9s \u2013 Sport &amp; Fitness klubok&#8221; country=&#8221;Hungary&#8221; b=&#8221;laundry&#8221; r=&#8221;Szeretne t\u00f6bbet megtudni sport- \u00e9s fitneszklubok sz\u00e1m\u00e1ra k\u00edn\u00e1lt mosodai megold\u00e1sainkr\u00f3l?&#8221; l=&#8221;en&#8221;][\/vc_column][\/vc_row][vc_row][vc_column][vc_empty_space][\/vc_column][\/vc_row][vc_row][vc_column width=&#8221;1\/2&#8243;][vc_single_image image=&#8221;9646&#8243; img_size=&#8221;full&#8221;][\/vc_column][vc_column width=&#8221;1\/2&#8243;][elx_heading font_container=&#8221;h5&#8243; text_color=&#8221;inherit&#8221;]Richmond Football Club, Melbourne (Ausztr\u00e1lia)[\/elx_heading][vc_column_text]\u201eMost h\u00e1rom mos\u00f3g\u00e9pet \u00e9s sz\u00e1r\u00edt\u00f3t \u00fczemeltet\u00fcnk a kis mos\u00f3helyis\u00e9g\u00fcnkben; a g\u00e9pek kompaktak, csendesek, \u00e9s kiv\u00e1l\u00f3 munk\u00e1t v\u00e9geznek \u2013 heti 100\u2013120 mos\u00e1ssal. Nincs t\u00f6bb f\u0171folt vagy zs\u00edros lerak\u00f3d\u00e1s, ami ak\u00e1r t\u0171zvesz\u00e9lyes is lehetne.\u201d<br \/>\n\u2014 <strong>Giuseppe Mamone, l\u00e9tes\u00edtm\u00e9nyvezet\u0151<\/strong>[\/vc_column_text][elx_button button_text=&#8221;Richmond Football Club&#8221; button_style=&#8221;icon&#8221; button_link=&#8221;url:https%3A%2F%2Fwww.electroluxprofessional.com%2Fhu%2Freferences%2Fmypro-for-richmond-football-club%2F|title:Richmond%20Football%20Club||&#8221;][\/vc_column][\/vc_row][vc_row][vc_column][vc_empty_space][\/vc_column][\/vc_row][vc_row css=&#8221;.vc_custom_1534772259989{background-color: #eeeeee !important;}&#8221;][vc_column width=&#8221;2\/3&#8243;][elx_heading font_size=&#8221;h3&#8243; text_color=&#8221;inherit&#8221;]Nagyobb teljes\u00edtm\u00e9nyre van sz\u00fcks\u00e9ge?[\/elx_heading][elx_heading font_container=&#8221;h3&#8243; font_size=&#8221;h5&#8243; text_color=&#8221;inherit&#8221;]Tekintse meg professzion\u00e1lis kereskedelmi mosodai megold\u00e1sainkat![\/elx_heading][vc_column_text]Az Electrolux Professional teljes k\u00f6r\u0171 term\u00e9kpalett\u00e1t k\u00edn\u00e1l minden professzion\u00e1lis mosodai ig\u00e9nyhez.[\/vc_column_text][elx_button button_text=&#8221;Fedezze fel kereskedelmi mosodai megold\u00e1sainkat&#8221; button_style=&#8221;icon&#8221; button_link=&#8221;url:https%3A%2F%2Fwww.electroluxprofessional.com%2Fhu%2Fcommercial-laundry-equipment%2F|title:Commercial%20Laundry%20Solutions%20||&#8221;][\/vc_column][vc_column width=&#8221;1\/3&#8243;][vc_empty_space][vc_single_image image=&#8221;3526&#8243; img_size=&#8221;700px&#8221; onclick=&#8221;custom_link&#8221; link=&#8221;http:\/\/https:\/\/www.electroluxprofessional.com\/hu\/your-business\/commercial-laundries\/&#8221;][\/vc_column][\/vc_row]<\/p>\n","protected":false},"excerpt":{"rendered":"<p>[vc_row full_width=&#8221;electroluxpro-full-width-no-padding&#8221; css=&#8221;.vc_custom_1663603533477{margin-top: -50px !important;}&#8221;][vc_column][elx_full_banner title=&#8221;Sport- \u00e9s fitneszklubok&#8221; background_image_media_library=&#8221;9647&#8243; background_image_media_library_mobile=&#8221;9648&#8243;][\/vc_column][\/vc_row][vc_row][vc_column][vc_empty_space][\/vc_column][\/vc_row][vc_row][vc_column width=&#8221;2\/3&#8243;][elx_heading font_container=&#8221;h1&#8243; text_color=&#8221;electrolux-blue&#8221;]Mosodai megold\u00e1sok sport- \u00e9s fitneszklubok sz\u00e1m\u00e1ra[\/elx_heading][vc_column_text]A makacs f\u0171-, s\u00e1r- \u00e9s izzads\u00e1gfoltok gyakran meghaladj\u00e1k a h\u00e1ztart\u00e1si g\u00e9pek teljes\u00edt\u0151k\u00e9pess\u00e9g\u00e9t. A myPRO haszn\u00e1lat\u00e1val t\u00f6bb\u00e9 nem kell gyenge mos\u00e1si eredm\u00e9nyek vagy g\u00e9phib\u00e1k miatt agg\u00f3dnia. Csak t\u00f6ltse meg, ind\u00edtsa el \u2013 \u00e9s \u00e9lvezze a gondtalan m\u0171k\u00f6d\u00e9st![\/vc_column_text][elx_button button_text=&#8221;Go to [&hellip;]<\/p>\n","protected":false},"author":53,"featured_media":0,"parent":0,"menu_order":0,"comment_status":"closed","ping_status":"closed","template":"","meta":{"footnotes":""},"class_list":["post-9649","page","type-page","status-publish","hentry"],"yoast_head":"<!-- This site is optimized with the Yoast SEO plugin v23.3 - https:\/\/yoast.com\/wordpress\/plugins\/seo\/ -->\n<title>Laundry solutions for Sport &amp; Fitness clMosodai megold\u00e1sok sport- \u00e9s fitneszklubok sz\u00e1m\u00e1ra - Electrolux Professional<\/title>\n<meta name=\"description\" content=\"Mosodai megold\u00e1sok sport- \u00e9s fitneszklubok sz\u00e1m\u00e1ra \u2013 kiemelked\u0151 v\u00edzelvon\u00e1si teljes\u00edtm\u00e9ny, r\u00f6videbb programid\u0151 \u00e9s minden alkalommal kiv\u00e1l\u00f3 eredm\u00e9nyek.\" \/>\n<meta name=\"robots\" content=\"index, follow, max-snippet:-1, max-image-preview:large, max-video-preview:-1\" \/>\n<link rel=\"canonical\" href=\"https:\/\/www.electroluxprofessional.com\/hu\/sport-fitness-clubs\/\" \/>\n<meta property=\"og:locale\" content=\"hu_HU\" \/>\n<meta property=\"og:type\" content=\"article\" \/>\n<meta property=\"og:title\" content=\"Laundry solutions for Sport &amp; Fitness clMosodai megold\u00e1sok sport- \u00e9s fitneszklubok sz\u00e1m\u00e1ra - Electrolux Professional\" \/>\n<meta property=\"og:description\" content=\"Mosodai megold\u00e1sok sport- \u00e9s fitneszklubok sz\u00e1m\u00e1ra \u2013 kiemelked\u0151 v\u00edzelvon\u00e1si teljes\u00edtm\u00e9ny, r\u00f6videbb programid\u0151 \u00e9s minden alkalommal kiv\u00e1l\u00f3 eredm\u00e9nyek.\" \/>\n<meta property=\"og:url\" content=\"https:\/\/www.electroluxprofessional.com\/hu\/sport-fitness-clubs\/\" \/>\n<meta property=\"og:site_name\" content=\"Electrolux Professional Magyarorsz\u00e1g\" \/>\n<meta property=\"article:modified_time\" content=\"2025-12-10T01:40:37+00:00\" \/>\n<meta name=\"twitter:card\" content=\"summary_large_image\" \/>\n<meta name=\"twitter:label1\" content=\"Becs\u00fclt olvas\u00e1si id\u0151\" \/>\n\t<meta name=\"twitter:data1\" content=\"4 perc\" \/>\n<script type=\"application\/ld+json\" class=\"yoast-schema-graph\">{\"@context\":\"https:\/\/schema.org\",\"@graph\":[{\"@type\":\"WebPage\",\"@id\":\"https:\/\/www.electroluxprofessional.com\/hu\/sport-fitness-clubs\/\",\"url\":\"https:\/\/www.electroluxprofessional.com\/hu\/sport-fitness-clubs\/\",\"name\":\"Laundry solutions for Sport & Fitness clMosodai megold\u00e1sok sport- \u00e9s fitneszklubok sz\u00e1m\u00e1ra - Electrolux Professional\",\"isPartOf\":{\"@id\":\"https:\/\/www.electroluxprofessional.com\/hu\/#website\"},\"datePublished\":\"2025-12-09T02:47:36+00:00\",\"dateModified\":\"2025-12-10T01:40:37+00:00\",\"description\":\"Mosodai megold\u00e1sok sport- \u00e9s fitneszklubok sz\u00e1m\u00e1ra \u2013 kiemelked\u0151 v\u00edzelvon\u00e1si teljes\u00edtm\u00e9ny, r\u00f6videbb programid\u0151 \u00e9s minden alkalommal kiv\u00e1l\u00f3 eredm\u00e9nyek.\",\"breadcrumb\":{\"@id\":\"https:\/\/www.electroluxprofessional.com\/hu\/sport-fitness-clubs\/#breadcrumb\"},\"inLanguage\":\"hu\",\"potentialAction\":[{\"@type\":\"ReadAction\",\"target\":[\"https:\/\/www.electroluxprofessional.com\/hu\/sport-fitness-clubs\/\"]}]},{\"@type\":\"BreadcrumbList\",\"@id\":\"https:\/\/www.electroluxprofessional.com\/hu\/sport-fitness-clubs\/#breadcrumb\",\"itemListElement\":[{\"@type\":\"ListItem\",\"position\":1,\"name\":\"Home\",\"item\":\"https:\/\/www.electroluxprofessional.com\/hu\/\"},{\"@type\":\"ListItem\",\"position\":2,\"name\":\"Sport &#038; Fitness clubs\"}]},{\"@type\":\"WebSite\",\"@id\":\"https:\/\/www.electroluxprofessional.com\/hu\/#website\",\"url\":\"https:\/\/www.electroluxprofessional.com\/hu\/\",\"name\":\"Electrolux Professional Magyarorsz\u00e1g\",\"description\":\"\",\"potentialAction\":[{\"@type\":\"SearchAction\",\"target\":{\"@type\":\"EntryPoint\",\"urlTemplate\":\"https:\/\/www.electroluxprofessional.com\/hu\/?src={search_term_string}\"},\"query-input\":\"required name=search_term_string\"}],\"inLanguage\":\"hu\"}]}<\/script>\n<!-- \/ Yoast SEO plugin. -->","yoast_head_json":{"title":"Laundry solutions for Sport & Fitness clMosodai megold\u00e1sok sport- \u00e9s fitneszklubok sz\u00e1m\u00e1ra - Electrolux Professional","description":"Mosodai megold\u00e1sok sport- \u00e9s fitneszklubok sz\u00e1m\u00e1ra \u2013 kiemelked\u0151 v\u00edzelvon\u00e1si teljes\u00edtm\u00e9ny, r\u00f6videbb programid\u0151 \u00e9s minden alkalommal kiv\u00e1l\u00f3 eredm\u00e9nyek.","robots":{"index":"index","follow":"follow","max-snippet":"max-snippet:-1","max-image-preview":"max-image-preview:large","max-video-preview":"max-video-preview:-1"},"canonical":"https:\/\/www.electroluxprofessional.com\/hu\/sport-fitness-clubs\/","og_locale":"hu_HU","og_type":"article","og_title":"Laundry solutions for Sport & Fitness clMosodai megold\u00e1sok sport- \u00e9s fitneszklubok sz\u00e1m\u00e1ra - Electrolux Professional","og_description":"Mosodai megold\u00e1sok sport- \u00e9s fitneszklubok sz\u00e1m\u00e1ra \u2013 kiemelked\u0151 v\u00edzelvon\u00e1si teljes\u00edtm\u00e9ny, r\u00f6videbb programid\u0151 \u00e9s minden alkalommal kiv\u00e1l\u00f3 eredm\u00e9nyek.","og_url":"https:\/\/www.electroluxprofessional.com\/hu\/sport-fitness-clubs\/","og_site_name":"Electrolux Professional Magyarorsz\u00e1g","article_modified_time":"2025-12-10T01:40:37+00:00","twitter_card":"summary_large_image","twitter_misc":{"Becs\u00fclt olvas\u00e1si id\u0151":"4 perc"},"schema":{"@context":"https:\/\/schema.org","@graph":[{"@type":"WebPage","@id":"https:\/\/www.electroluxprofessional.com\/hu\/sport-fitness-clubs\/","url":"https:\/\/www.electroluxprofessional.com\/hu\/sport-fitness-clubs\/","name":"Laundry solutions for Sport & Fitness clMosodai megold\u00e1sok sport- \u00e9s fitneszklubok sz\u00e1m\u00e1ra - Electrolux Professional","isPartOf":{"@id":"https:\/\/www.electroluxprofessional.com\/hu\/#website"},"datePublished":"2025-12-09T02:47:36+00:00","dateModified":"2025-12-10T01:40:37+00:00","description":"Mosodai megold\u00e1sok sport- \u00e9s fitneszklubok sz\u00e1m\u00e1ra \u2013 kiemelked\u0151 v\u00edzelvon\u00e1si teljes\u00edtm\u00e9ny, r\u00f6videbb programid\u0151 \u00e9s minden alkalommal kiv\u00e1l\u00f3 eredm\u00e9nyek.","breadcrumb":{"@id":"https:\/\/www.electroluxprofessional.com\/hu\/sport-fitness-clubs\/#breadcrumb"},"inLanguage":"hu","potentialAction":[{"@type":"ReadAction","target":["https:\/\/www.electroluxprofessional.com\/hu\/sport-fitness-clubs\/"]}]},{"@type":"BreadcrumbList","@id":"https:\/\/www.electroluxprofessional.com\/hu\/sport-fitness-clubs\/#breadcrumb","itemListElement":[{"@type":"ListItem","position":1,"name":"Home","item":"https:\/\/www.electroluxprofessional.com\/hu\/"},{"@type":"ListItem","position":2,"name":"Sport &#038; Fitness clubs"}]},{"@type":"WebSite","@id":"https:\/\/www.electroluxprofessional.com\/hu\/#website","url":"https:\/\/www.electroluxprofessional.com\/hu\/","name":"Electrolux Professional Magyarorsz\u00e1g","description":"","potentialAction":[{"@type":"SearchAction","target":{"@type":"EntryPoint","urlTemplate":"https:\/\/www.electroluxprofessional.com\/hu\/?src={search_term_string}"},"query-input":"required name=search_term_string"}],"inLanguage":"hu"}]}},"_links":{"self":[{"href":"https:\/\/www.electroluxprofessional.com\/hu\/wp-json\/wp\/v2\/pages\/9649"}],"collection":[{"href":"https:\/\/www.electroluxprofessional.com\/hu\/wp-json\/wp\/v2\/pages"}],"about":[{"href":"https:\/\/www.electroluxprofessional.com\/hu\/wp-json\/wp\/v2\/types\/page"}],"author":[{"embeddable":true,"href":"https:\/\/www.electroluxprofessional.com\/hu\/wp-json\/wp\/v2\/users\/53"}],"replies":[{"embeddable":true,"href":"https:\/\/www.electroluxprofessional.com\/hu\/wp-json\/wp\/v2\/comments?post=9649"}],"version-history":[{"count":3,"href":"https:\/\/www.electroluxprofessional.com\/hu\/wp-json\/wp\/v2\/pages\/9649\/revisions"}],"predecessor-version":[{"id":9716,"href":"https:\/\/www.electroluxprofessional.com\/hu\/wp-json\/wp\/v2\/pages\/9649\/revisions\/9716"}],"wp:attachment":[{"href":"https:\/\/www.electroluxprofessional.com\/hu\/wp-json\/wp\/v2\/media?parent=9649"}],"curies":[{"name":"wp","href":"https:\/\/api.w.org\/{rel}","templated":true}]}}