{"id":9640,"date":"2025-12-09T02:40:59","date_gmt":"2025-12-09T02:40:59","guid":{"rendered":"https:\/\/www.electroluxprofessional.com\/hu\/?page_id=9640"},"modified":"2025-12-11T02:18:18","modified_gmt":"2025-12-11T02:18:18","slug":"hairdressers-beauty-salons","status":"publish","type":"page","link":"https:\/\/www.electroluxprofessional.com\/hu\/hairdressers-beauty-salons\/","title":{"rendered":"Fodr\u00e1szatok \u00e9s sz\u00e9ps\u00e9gszalonok"},"content":{"rendered":"<p>[vc_row full_width=&#8221;electroluxpro-full-width-no-padding&#8221; css=&#8221;.vc_custom_1663592939648{margin-top: -50px !important;}&#8221;][vc_column][elx_full_banner title=&#8221;Fodr\u00e1szatok \u00e9s sz\u00e9ps\u00e9gszalonok&#8221; background_image_media_library=&#8221;9638&#8243; background_image_media_library_mobile=&#8221;9639&#8243;][\/vc_column][\/vc_row][vc_row][vc_column][vc_empty_space][\/vc_column][\/vc_row][vc_row][vc_column width=&#8221;2\/3&#8243;][elx_heading font_container=&#8221;h1&#8243; text_color=&#8221;electrolux-blue&#8221;]Mosodai megold\u00e1sok fodr\u00e1szok \u00e9s sz\u00e9ps\u00e9gszalonok sz\u00e1m\u00e1ra[\/elx_heading][vc_column_text]A lass\u00fa programok \u00e9s az elt\u00f6m\u0151d\u00f6tt lefoly\u00f3k mindennapos neh\u00e9zs\u00e9get jelentenek, ha a mos\u00e1st h\u00e1ztart\u00e1si g\u00e9pekre b\u00edzz\u00e1k egy fodr\u00e1szat mos\u00f3helyis\u00e9g\u00e9ben.<br \/>\nA <strong>myPRO<\/strong> lehet\u0151v\u00e9 teszi, hogy \u00d6n a f\u0151 tev\u00e9kenys\u00e9g\u00e9re \u00f6sszpontos\u00edtson: <strong>kiv\u00e1l\u00f3 min\u0151s\u00e9g\u0171 mos\u00e1si eredm\u00e9nyek<\/strong>, gyorsan \u00e9s egyszer\u0171en, kellemetlens\u00e9gek n\u00e9lk\u00fcl.[\/vc_column_text][elx_button button_text=&#8221;Ugr\u00e1s a term\u00e9kekhez&#8221; button_style=&#8221;icon&#8221; button_link=&#8221;url:https%3A%2F%2Fwww.electroluxprofessional.com%2Fhu%2Flaundry%2Fmypro-washers-dryers-steam-ironers%2F|title:myPRO%20washers%2C%20dryers%20and%20steam%20ironers%20for%20small%20businesses&#8221;][\/vc_column][vc_column width=&#8221;1\/3&#8243;][elx_heading text_color=&#8221;electrolux-blue&#8221;]T\u00f6ltse le a prospektust[\/elx_heading][elx_download_block text=&#8221;myPRO laundry solution<br \/>\nfor Hairdressers &amp; Beauty Salons&#8221; document_type=&#8221;leaflets&#8221; background_color=&#8221;laundry-solutions&#8221; le_document_number=&#8221;CLFL-9JE00005&#8243;][\/vc_column][\/vc_row][vc_row][vc_column][vc_single_image image=&#8221;9634&#8243; img_size=&#8221;full&#8221; alignment=&#8221;center&#8221;][\/vc_column][\/vc_row][vc_row content_placement=&#8221;top&#8221; el_class=&#8221;marginNegative&#8221;][vc_column width=&#8221;1\/3&#8243;][vc_empty_space][elx_heading font_container=&#8221;h5&#8243; font_size=&#8221;h5&#8243; text_color=&#8221;inherit&#8221;]Professzion\u00e1lis programok[\/elx_heading][vc_column_text]A myPRO a legjobb textilk\u00edm\u00e9l\u0151 mos\u00e1st biztos\u00edtja, \u00e9s mindig id\u0151ben garant\u00e1lja a puha, friss \u00e9s higi\u00e9nikusan tiszta textileket \u2013 a tart\u00f3s mos\u00f3g\u00e9peknek, a hat\u00e9kony sz\u00e1r\u00edt\u00f3knak \u00e9s a nagy teljes\u00edtm\u00e9ny\u0171 g\u0151zvasal\u00f3knak k\u00f6sz\u00f6nhet\u0151en.[\/vc_column_text][\/vc_column][vc_column width=&#8221;1\/3&#8243;][vc_empty_space][elx_heading font_container=&#8221;h5&#8243; font_size=&#8221;h5&#8243; text_color=&#8221;inherit&#8221;]Fert\u0151tlen\u00edt\u0151 programok[\/elx_heading][vc_column_text]Nagyobb rugalmass\u00e1g: a programok sz\u00e9les v\u00e1laszt\u00e9ka k\u00fcl\u00f6nb\u00f6z\u0151 alkalmaz\u00e1sokhoz, bele\u00e9rtve a fert\u0151tlen\u00edt\u0151 programokat is, amelyek t\u00e1mogatj\u00e1k a higi\u00e9niai \u00e9s tisztas\u00e1gi k\u00f6vetelm\u00e9nyek teljes\u00edt\u00e9s\u00e9t.[\/vc_column_text][\/vc_column][vc_column width=&#8221;1\/3&#8243;][vc_empty_space][elx_heading font_container=&#8221;h5&#8243; font_size=&#8221;h5&#8243; text_color=&#8221;inherit&#8221;]K\u00f6nnyen tiszt\u00edthat\u00f3 rozsdamentes ac\u00e9l tet\u0151 \u00e9s el\u0151lap[\/elx_heading][vc_column_text]Eszt\u00e9tikus \u00e9s massz\u00edv, korr\u00f3zi\u00f3\u00e1ll\u00f3 kialak\u00edt\u00e1s, amely j\u00f3l mutat az \u00fczlet\u00e9ben.<br \/>\nA k\u00f6nnyen tiszt\u00edthat\u00f3 rozsdamentes ac\u00e9l fel\u00fclet a legmagasabb min\u0151s\u00e9g \u00e9rzet\u00e9t biztos\u00edtja.[\/vc_column_text][\/vc_column][\/vc_row][vc_row content_placement=&#8221;top&#8221; el_class=&#8221;marginNegative&#8221;][vc_column width=&#8221;1\/3&#8243;][vc_single_image image=&#8221;9635&#8243; img_size=&#8221;large&#8221;][elx_heading text_color=&#8221;inherit&#8221;]Kiemelked\u0151 higi\u00e9ni\u00e1s teljes\u00edtm\u00e9ny \u00e9s megb\u00edzhat\u00f3s\u00e1g[\/elx_heading][vc_column_text css=&#8221;.vc_custom_1765419176579{margin-bottom: 0px !important;}&#8221; el_class=&#8221;minHeightCirclesText&#8221;]<em>\u201eNem kell agg\u00f3dnom a b\u0151r- \u00e9s k\u00f6r\u00f6mfert\u0151z\u00e9sek miatt.\u201d<\/em>[\/vc_column_text][vc_column_text css=&#8221;.vc_custom_1765419201773{margin-top: 15px !important;}&#8221;]<\/p>\n<ul>\n<li>Professzion\u00e1lis fert\u0151tlen\u00edt\u0151 programok a t\u00f6r\u00f6lk\u00f6z\u0151k higi\u00e9n\u00e9j\u00e9\u00e9rt<\/li>\n<li>A dob nagy, 4,5 mm-es perfor\u00e1ci\u00f3i hat\u00e9konyan \u00f6bl\u00edtik ki a hajsz\u00e1lakat \u00e9s egy\u00e9b szennyez\u0151d\u00e9seket<\/li>\n<li>A k\u00e9sz\u00fcl\u00e9k \u00e9lettartama h\u00e1romszor hosszabb a h\u00e1ztart\u00e1si g\u00e9pek\u00e9n\u00e9l, a professzion\u00e1lis alkatr\u00e9szeknek k\u00f6sz\u00f6nhet\u0151en<\/li>\n<\/ul>\n<p>[\/vc_column_text][\/vc_column][vc_column width=&#8221;1\/3&#8243;][vc_single_image image=&#8221;9636&#8243; img_size=&#8221;large&#8221;][elx_heading text_color=&#8221;inherit&#8221; css=&#8221;.vc_custom_1765419216946{margin-top: 0px !important;}&#8221;]Kiv\u00e1l\u00f3 mos\u00e1si eredm\u00e9ny[\/elx_heading][vc_column_text css=&#8221;.vc_custom_1765419229011{margin-bottom: 0px !important;}&#8221; el_class=&#8221;minHeightCirclesText&#8221;]<em>\u201eA vend\u00e9geim azonnal \u00e9szreveszik a k\u00fcl\u00f6nbs\u00e9get. Tiszt\u00e1bb \u00e9s puh\u00e1bb t\u00f6r\u00f6lk\u00f6z\u0151k, frissebb illattal.\u201d<\/em>[\/vc_column_text][vc_column_text css=&#8221;.vc_custom_1765419321687{margin-top: 15px !important;}&#8221;]<\/p>\n<ul>\n<li class=\"li1\">A SpeedCare dobtechnol\u00f3gia garant\u00e1lja a legjobb mos\u00e1si eredm\u00e9nyeket \u00e9s a k\u00edm\u00e9letes textil\u00e1pol\u00e1st<\/li>\n<li><span class=\"s1\">Energia- \u00e9s k\u00f6lts\u00e9gmegtakar\u00edt\u00e1s<b><br \/>\n<\/b><\/span><em>A+++ mos\u00f3g\u00e9p energiaoszt\u00e1ly<\/em><br \/>\n<em>A++ h\u0151szivatty\u00fas sz\u00e1r\u00edt\u00f3 energiaoszt\u00e1ly<\/em><\/li>\n<li>Nagy hat\u00e9konys\u00e1g kompakt kialak\u00edt\u00e1sban, a rendelkez\u00e9sre \u00e1ll\u00f3 hely optim\u00e1lis kihaszn\u00e1l\u00e1s\u00e1val<\/li>\n<\/ul>\n<p>[\/vc_column_text][\/vc_column][vc_column width=&#8221;1\/3&#8243;][vc_single_image image=&#8221;9637&#8243; img_size=&#8221;large&#8221;][elx_heading text_color=&#8221;inherit&#8221;]A professzion\u00e1lis ig\u00e9nyeket kiel\u00e9g\u00edt\u0151 gyorsas\u00e1g[\/elx_heading][vc_column_text css=&#8221;.vc_custom_1765419351557{margin-bottom: 0px !important;}&#8221; el_class=&#8221;minHeightCirclesText&#8221;]<em>A professzion\u00e1lis ig\u00e9nyeket kiel\u00e9g\u00edt\u0151 gyorsas\u00e1g<\/em>[\/vc_column_text][vc_column_text css=&#8221;.vc_custom_1765419381188{margin-top: 15px !important;}&#8221;]<\/p>\n<ul>\n<li class=\"li1\">Ak\u00e1r 50%-kal gyorsabb professzion\u00e1lis programokkal<\/li>\n<li class=\"li1\">Ak\u00e1r 50%-kal gyorsabb professzion\u00e1lis programokkal<\/li>\n<li class=\"li1\">R\u00f6videbb sz\u00e1r\u00edt\u00e1si id\u0151 az automatikus nedvess\u00e9g\u00e9rz\u00e9kel\u0151 rendszernek k\u00f6sz\u00f6nhet\u0151en<\/li>\n<\/ul>\n<p>[\/vc_column_text][\/vc_column][\/vc_row][vc_row css=&#8221;.vc_custom_1571302025360{padding-top: 32px !important;padding-bottom: 32px !important;}&#8221;][vc_column width=&#8221;1\/2&#8243;][elx_video_block background_image=&#8221;9633&#8243; is_full_height=&#8221;full-height&#8221; video_link=&#8221;https:\/\/www.youtube.com\/watch?v=tKL9zCjHyaY&#8221; minimum_height=&#8221;320px&#8221;][\/vc_column][vc_column width=&#8221;1\/2&#8243;][elx_heading font_container=&#8221;h5&#8243; font_size=&#8221;h5&#8243; text_color=&#8221;inherit&#8221;]MAXG Parrucchieri, Pordenone (Olaszorsz\u00e1g)[\/elx_heading][vc_column_text]\u201eA nevem Massimo Catalano \u00e9s fodr\u00e1sz vagyok. A n\u0151v\u00e9remmel egy\u00fctt sz\u00fcleink fodr\u00e1szszalonj\u00e1ban kezdt\u00fck a p\u00e1ly\u00e1nkat, \u00e9s ma m\u00e1r hat \u00fczletet m\u0171k\u00f6dtet\u00fcnk.<br \/>\nEddig mindig h\u00e1ztart\u00e1si mos\u00f3- \u00e9s sz\u00e1r\u00edt\u00f3g\u00e9peket haszn\u00e1ltunk, de nem b\u00edrt\u00e1k a nagy terhel\u00e9st. Azt\u00e1n felfedezt\u00fck a myPRO-t\u2026\u201d[\/vc_column_text][\/vc_column][\/vc_row][vc_row][vc_column][vc_empty_space][\/vc_column][\/vc_row][vc_row][vc_column][elx_o2000_contact_us s=&#8221;Inform\u00e1ci\u00f3k\u00e9r\u00e9s \u2013 Fodr\u00e1szatok \u00e9s sz\u00e9ps\u00e9gszalonok&#8221; country=&#8221;Hungary&#8221; b=&#8221;laundry&#8221; r=&#8221;Szeretn\u00e9 megtudni t\u00f6bbet a fodr\u00e1szatok \u00e9s sz\u00e9ps\u00e9gszalonok sz\u00e1m\u00e1ra k\u00edn\u00e1lt mosodai megold\u00e1sokr\u00f3l?&#8221; l=&#8221;en&#8221;][\/vc_column][\/vc_row][vc_row][vc_column][vc_empty_space][\/vc_column][\/vc_row][vc_row css=&#8221;.vc_custom_1534772259989{background-color: #eeeeee !important;}&#8221;][vc_column width=&#8221;2\/3&#8243;][elx_heading font_size=&#8221;h3&#8243; text_color=&#8221;inherit&#8221;]Nagyobb teljes\u00edtm\u00e9nyre van sz\u00fcks\u00e9ge?[\/elx_heading][elx_heading font_container=&#8221;h3&#8243; font_size=&#8221;h5&#8243; text_color=&#8221;inherit&#8221;]Tekintse meg kereskedelmi mosodai megold\u00e1sainkat![\/elx_heading][vc_column_text]Az Electrolux Professional komplett term\u00e9kpalett\u00e1t k\u00edn\u00e1l minden professzion\u00e1lis textilkezel\u00e9si ig\u00e9nyhez.[\/vc_column_text][elx_button button_text=&#8221;Fedezze fel kereskedelmi mosodai megold\u00e1sainkat&#8221; button_style=&#8221;icon&#8221; button_link=&#8221;url:https%3A%2F%2Fwww.electroluxprofessional.com%2Fhu%2Fcommercial-laundry-equipment%2F|title:Commercial%20Laundry%20Solutions%20||&#8221;][\/vc_column][vc_column width=&#8221;1\/3&#8243;][vc_empty_space][vc_single_image image=&#8221;3526&#8243; img_size=&#8221;700px&#8221; onclick=&#8221;custom_link&#8221; link=&#8221;http:\/\/https:\/\/www.electroluxprofessional.com\/hu\/your-business\/commercial-laundries\/&#8221;][\/vc_column][\/vc_row]<\/p>\n","protected":false},"excerpt":{"rendered":"<p>[vc_row full_width=&#8221;electroluxpro-full-width-no-padding&#8221; css=&#8221;.vc_custom_1663592939648{margin-top: -50px !important;}&#8221;][vc_column][elx_full_banner title=&#8221;Fodr\u00e1szatok \u00e9s sz\u00e9ps\u00e9gszalonok&#8221; background_image_media_library=&#8221;9638&#8243; background_image_media_library_mobile=&#8221;9639&#8243;][\/vc_column][\/vc_row][vc_row][vc_column][vc_empty_space][\/vc_column][\/vc_row][vc_row][vc_column width=&#8221;2\/3&#8243;][elx_heading font_container=&#8221;h1&#8243; text_color=&#8221;electrolux-blue&#8221;]Mosodai megold\u00e1sok fodr\u00e1szok \u00e9s sz\u00e9ps\u00e9gszalonok sz\u00e1m\u00e1ra[\/elx_heading][vc_column_text]A lass\u00fa programok \u00e9s az elt\u00f6m\u0151d\u00f6tt lefoly\u00f3k mindennapos neh\u00e9zs\u00e9get jelentenek, ha a mos\u00e1st h\u00e1ztart\u00e1si g\u00e9pekre b\u00edzz\u00e1k egy fodr\u00e1szat mos\u00f3helyis\u00e9g\u00e9ben. A myPRO lehet\u0151v\u00e9 teszi, hogy \u00d6n a f\u0151 tev\u00e9kenys\u00e9g\u00e9re \u00f6sszpontos\u00edtson: kiv\u00e1l\u00f3 min\u0151s\u00e9g\u0171 mos\u00e1si eredm\u00e9nyek, gyorsan \u00e9s egyszer\u0171en, kellemetlens\u00e9gek n\u00e9lk\u00fcl.[\/vc_column_text][elx_button [&hellip;]<\/p>\n","protected":false},"author":53,"featured_media":9632,"parent":0,"menu_order":0,"comment_status":"closed","ping_status":"closed","template":"","meta":{"footnotes":""},"class_list":["post-9640","page","type-page","status-publish","has-post-thumbnail","hentry"],"yoast_head":"<!-- This site is optimized with the Yoast SEO plugin v23.3 - https:\/\/yoast.com\/wordpress\/plugins\/seo\/ -->\n<title>Fodr\u00e1szatok \u00e9s sz\u00e9ps\u00e9gszalonok - Electrolux Professional Magyarorsz\u00e1g<\/title>\n<meta name=\"description\" content=\"Mosodai megold\u00e1sok fodr\u00e1szok \u00e9s sz\u00e9ps\u00e9gszalonok sz\u00e1m\u00e1ra \u2013 kiv\u00e1l\u00f3 min\u0151s\u00e9g\u0171, gyors \u00e9s egyszer\u0171 textilkezel\u00e9s kellemetlens\u00e9gek n\u00e9lk\u00fcl.\" \/>\n<meta name=\"robots\" content=\"index, follow, max-snippet:-1, max-image-preview:large, max-video-preview:-1\" \/>\n<link rel=\"canonical\" href=\"https:\/\/www.electroluxprofessional.com\/hu\/hairdressers-beauty-salons\/\" \/>\n<meta property=\"og:locale\" content=\"hu_HU\" \/>\n<meta property=\"og:type\" content=\"article\" \/>\n<meta property=\"og:title\" content=\"Fodr\u00e1szatok \u00e9s sz\u00e9ps\u00e9gszalonok - Electrolux Professional Magyarorsz\u00e1g\" \/>\n<meta property=\"og:description\" content=\"Mosodai megold\u00e1sok fodr\u00e1szok \u00e9s sz\u00e9ps\u00e9gszalonok sz\u00e1m\u00e1ra \u2013 kiv\u00e1l\u00f3 min\u0151s\u00e9g\u0171, gyors \u00e9s egyszer\u0171 textilkezel\u00e9s kellemetlens\u00e9gek n\u00e9lk\u00fcl.\" \/>\n<meta property=\"og:url\" content=\"https:\/\/www.electroluxprofessional.com\/hu\/hairdressers-beauty-salons\/\" \/>\n<meta property=\"og:site_name\" content=\"Electrolux Professional Magyarorsz\u00e1g\" \/>\n<meta property=\"article:modified_time\" content=\"2025-12-11T02:18:18+00:00\" \/>\n<meta property=\"og:image\" content=\"https:\/\/www.electroluxprofessional.com\/hu\/wp-content\/uploads\/2025\/12\/myPRO-health-beauty-salon-1170x546-1.jpg\" \/>\n\t<meta property=\"og:image:width\" content=\"1170\" \/>\n\t<meta property=\"og:image:height\" content=\"546\" \/>\n\t<meta property=\"og:image:type\" content=\"image\/jpeg\" \/>\n<meta name=\"twitter:card\" content=\"summary_large_image\" \/>\n<meta name=\"twitter:label1\" content=\"Becs\u00fclt olvas\u00e1si id\u0151\" \/>\n\t<meta name=\"twitter:data1\" content=\"5 perc\" \/>\n<script type=\"application\/ld+json\" class=\"yoast-schema-graph\">{\"@context\":\"https:\/\/schema.org\",\"@graph\":[{\"@type\":\"WebPage\",\"@id\":\"https:\/\/www.electroluxprofessional.com\/hu\/hairdressers-beauty-salons\/\",\"url\":\"https:\/\/www.electroluxprofessional.com\/hu\/hairdressers-beauty-salons\/\",\"name\":\"Fodr\u00e1szatok \u00e9s sz\u00e9ps\u00e9gszalonok - Electrolux Professional Magyarorsz\u00e1g\",\"isPartOf\":{\"@id\":\"https:\/\/www.electroluxprofessional.com\/hu\/#website\"},\"primaryImageOfPage\":{\"@id\":\"https:\/\/www.electroluxprofessional.com\/hu\/hairdressers-beauty-salons\/#primaryimage\"},\"image\":{\"@id\":\"https:\/\/www.electroluxprofessional.com\/hu\/hairdressers-beauty-salons\/#primaryimage\"},\"thumbnailUrl\":\"https:\/\/www.electroluxprofessional.com\/hu\/wp-content\/uploads\/2025\/12\/myPRO-health-beauty-salon-1170x546-1.jpg\",\"datePublished\":\"2025-12-09T02:40:59+00:00\",\"dateModified\":\"2025-12-11T02:18:18+00:00\",\"description\":\"Mosodai megold\u00e1sok fodr\u00e1szok \u00e9s sz\u00e9ps\u00e9gszalonok sz\u00e1m\u00e1ra \u2013 kiv\u00e1l\u00f3 min\u0151s\u00e9g\u0171, gyors \u00e9s egyszer\u0171 textilkezel\u00e9s kellemetlens\u00e9gek n\u00e9lk\u00fcl.\",\"breadcrumb\":{\"@id\":\"https:\/\/www.electroluxprofessional.com\/hu\/hairdressers-beauty-salons\/#breadcrumb\"},\"inLanguage\":\"hu\",\"potentialAction\":[{\"@type\":\"ReadAction\",\"target\":[\"https:\/\/www.electroluxprofessional.com\/hu\/hairdressers-beauty-salons\/\"]}]},{\"@type\":\"ImageObject\",\"inLanguage\":\"hu\",\"@id\":\"https:\/\/www.electroluxprofessional.com\/hu\/hairdressers-beauty-salons\/#primaryimage\",\"url\":\"https:\/\/www.electroluxprofessional.com\/hu\/wp-content\/uploads\/2025\/12\/myPRO-health-beauty-salon-1170x546-1.jpg\",\"contentUrl\":\"https:\/\/www.electroluxprofessional.com\/hu\/wp-content\/uploads\/2025\/12\/myPRO-health-beauty-salon-1170x546-1.jpg\",\"width\":1170,\"height\":546},{\"@type\":\"BreadcrumbList\",\"@id\":\"https:\/\/www.electroluxprofessional.com\/hu\/hairdressers-beauty-salons\/#breadcrumb\",\"itemListElement\":[{\"@type\":\"ListItem\",\"position\":1,\"name\":\"Home\",\"item\":\"https:\/\/www.electroluxprofessional.com\/hu\/\"},{\"@type\":\"ListItem\",\"position\":2,\"name\":\"Fodr\u00e1szatok \u00e9s sz\u00e9ps\u00e9gszalonok\"}]},{\"@type\":\"WebSite\",\"@id\":\"https:\/\/www.electroluxprofessional.com\/hu\/#website\",\"url\":\"https:\/\/www.electroluxprofessional.com\/hu\/\",\"name\":\"Electrolux Professional Magyarorsz\u00e1g\",\"description\":\"\",\"potentialAction\":[{\"@type\":\"SearchAction\",\"target\":{\"@type\":\"EntryPoint\",\"urlTemplate\":\"https:\/\/www.electroluxprofessional.com\/hu\/?src={search_term_string}\"},\"query-input\":\"required name=search_term_string\"}],\"inLanguage\":\"hu\"}]}<\/script>\n<!-- \/ Yoast SEO plugin. -->","yoast_head_json":{"title":"Fodr\u00e1szatok \u00e9s sz\u00e9ps\u00e9gszalonok - Electrolux Professional Magyarorsz\u00e1g","description":"Mosodai megold\u00e1sok fodr\u00e1szok \u00e9s sz\u00e9ps\u00e9gszalonok sz\u00e1m\u00e1ra \u2013 kiv\u00e1l\u00f3 min\u0151s\u00e9g\u0171, gyors \u00e9s egyszer\u0171 textilkezel\u00e9s kellemetlens\u00e9gek n\u00e9lk\u00fcl.","robots":{"index":"index","follow":"follow","max-snippet":"max-snippet:-1","max-image-preview":"max-image-preview:large","max-video-preview":"max-video-preview:-1"},"canonical":"https:\/\/www.electroluxprofessional.com\/hu\/hairdressers-beauty-salons\/","og_locale":"hu_HU","og_type":"article","og_title":"Fodr\u00e1szatok \u00e9s sz\u00e9ps\u00e9gszalonok - Electrolux Professional Magyarorsz\u00e1g","og_description":"Mosodai megold\u00e1sok fodr\u00e1szok \u00e9s sz\u00e9ps\u00e9gszalonok sz\u00e1m\u00e1ra \u2013 kiv\u00e1l\u00f3 min\u0151s\u00e9g\u0171, gyors \u00e9s egyszer\u0171 textilkezel\u00e9s kellemetlens\u00e9gek n\u00e9lk\u00fcl.","og_url":"https:\/\/www.electroluxprofessional.com\/hu\/hairdressers-beauty-salons\/","og_site_name":"Electrolux Professional Magyarorsz\u00e1g","article_modified_time":"2025-12-11T02:18:18+00:00","og_image":[{"width":1170,"height":546,"url":"https:\/\/www.electroluxprofessional.com\/hu\/wp-content\/uploads\/2025\/12\/myPRO-health-beauty-salon-1170x546-1.jpg","type":"image\/jpeg"}],"twitter_card":"summary_large_image","twitter_misc":{"Becs\u00fclt olvas\u00e1si id\u0151":"5 perc"},"schema":{"@context":"https:\/\/schema.org","@graph":[{"@type":"WebPage","@id":"https:\/\/www.electroluxprofessional.com\/hu\/hairdressers-beauty-salons\/","url":"https:\/\/www.electroluxprofessional.com\/hu\/hairdressers-beauty-salons\/","name":"Fodr\u00e1szatok \u00e9s sz\u00e9ps\u00e9gszalonok - Electrolux Professional Magyarorsz\u00e1g","isPartOf":{"@id":"https:\/\/www.electroluxprofessional.com\/hu\/#website"},"primaryImageOfPage":{"@id":"https:\/\/www.electroluxprofessional.com\/hu\/hairdressers-beauty-salons\/#primaryimage"},"image":{"@id":"https:\/\/www.electroluxprofessional.com\/hu\/hairdressers-beauty-salons\/#primaryimage"},"thumbnailUrl":"https:\/\/www.electroluxprofessional.com\/hu\/wp-content\/uploads\/2025\/12\/myPRO-health-beauty-salon-1170x546-1.jpg","datePublished":"2025-12-09T02:40:59+00:00","dateModified":"2025-12-11T02:18:18+00:00","description":"Mosodai megold\u00e1sok fodr\u00e1szok \u00e9s sz\u00e9ps\u00e9gszalonok sz\u00e1m\u00e1ra \u2013 kiv\u00e1l\u00f3 min\u0151s\u00e9g\u0171, gyors \u00e9s egyszer\u0171 textilkezel\u00e9s kellemetlens\u00e9gek n\u00e9lk\u00fcl.","breadcrumb":{"@id":"https:\/\/www.electroluxprofessional.com\/hu\/hairdressers-beauty-salons\/#breadcrumb"},"inLanguage":"hu","potentialAction":[{"@type":"ReadAction","target":["https:\/\/www.electroluxprofessional.com\/hu\/hairdressers-beauty-salons\/"]}]},{"@type":"ImageObject","inLanguage":"hu","@id":"https:\/\/www.electroluxprofessional.com\/hu\/hairdressers-beauty-salons\/#primaryimage","url":"https:\/\/www.electroluxprofessional.com\/hu\/wp-content\/uploads\/2025\/12\/myPRO-health-beauty-salon-1170x546-1.jpg","contentUrl":"https:\/\/www.electroluxprofessional.com\/hu\/wp-content\/uploads\/2025\/12\/myPRO-health-beauty-salon-1170x546-1.jpg","width":1170,"height":546},{"@type":"BreadcrumbList","@id":"https:\/\/www.electroluxprofessional.com\/hu\/hairdressers-beauty-salons\/#breadcrumb","itemListElement":[{"@type":"ListItem","position":1,"name":"Home","item":"https:\/\/www.electroluxprofessional.com\/hu\/"},{"@type":"ListItem","position":2,"name":"Fodr\u00e1szatok \u00e9s sz\u00e9ps\u00e9gszalonok"}]},{"@type":"WebSite","@id":"https:\/\/www.electroluxprofessional.com\/hu\/#website","url":"https:\/\/www.electroluxprofessional.com\/hu\/","name":"Electrolux Professional Magyarorsz\u00e1g","description":"","potentialAction":[{"@type":"SearchAction","target":{"@type":"EntryPoint","urlTemplate":"https:\/\/www.electroluxprofessional.com\/hu\/?src={search_term_string}"},"query-input":"required name=search_term_string"}],"inLanguage":"hu"}]}},"_links":{"self":[{"href":"https:\/\/www.electroluxprofessional.com\/hu\/wp-json\/wp\/v2\/pages\/9640"}],"collection":[{"href":"https:\/\/www.electroluxprofessional.com\/hu\/wp-json\/wp\/v2\/pages"}],"about":[{"href":"https:\/\/www.electroluxprofessional.com\/hu\/wp-json\/wp\/v2\/types\/page"}],"author":[{"embeddable":true,"href":"https:\/\/www.electroluxprofessional.com\/hu\/wp-json\/wp\/v2\/users\/53"}],"replies":[{"embeddable":true,"href":"https:\/\/www.electroluxprofessional.com\/hu\/wp-json\/wp\/v2\/comments?post=9640"}],"version-history":[{"count":3,"href":"https:\/\/www.electroluxprofessional.com\/hu\/wp-json\/wp\/v2\/pages\/9640\/revisions"}],"predecessor-version":[{"id":9720,"href":"https:\/\/www.electroluxprofessional.com\/hu\/wp-json\/wp\/v2\/pages\/9640\/revisions\/9720"}],"wp:featuredmedia":[{"embeddable":true,"href":"https:\/\/www.electroluxprofessional.com\/hu\/wp-json\/wp\/v2\/media\/9632"}],"wp:attachment":[{"href":"https:\/\/www.electroluxprofessional.com\/hu\/wp-json\/wp\/v2\/media?parent=9640"}],"curies":[{"name":"wp","href":"https:\/\/api.w.org\/{rel}","templated":true}]}}