{"id":9611,"date":"2025-12-09T02:16:57","date_gmt":"2025-12-09T02:16:57","guid":{"rendered":"https:\/\/www.electroluxprofessional.com\/hu\/?page_id=9611"},"modified":"2025-12-11T02:32:45","modified_gmt":"2025-12-11T02:32:45","slug":"hotel-bb-restaurant","status":"publish","type":"page","link":"https:\/\/www.electroluxprofessional.com\/hu\/hotel-bb-restaurant\/","title":{"rendered":"Sz\u00e1llod\u00e1k, panzi\u00f3k \u00e9s \u00e9ttermek"},"content":{"rendered":"<p>[vc_row full_width=&#8221;electroluxpro-full-width-no-padding&#8221; css=&#8221;.vc_custom_1663604325303{margin-top: -50px !important;}&#8221;][vc_column][elx_full_banner title=&#8221;Sz\u00e1llod\u00e1k, panzi\u00f3k \u00e9s \u00e9ttermek&#8221; background_image_media_library=&#8221;9609&#8243; background_image_media_library_mobile=&#8221;9610&#8243;][\/vc_column][\/vc_row][vc_row][vc_column][vc_empty_space][\/vc_column][\/vc_row][vc_row][vc_column width=&#8221;2\/3&#8243;][elx_heading font_container=&#8221;h1&#8243; text_color=&#8221;electrolux-blue&#8221;]Mosodai megold\u00e1sok sz\u00e1llod\u00e1k, panzi\u00f3k \u00e9s \u00e9ttermek sz\u00e1m\u00e1ra[\/elx_heading][vc_column_text]A makacs foltok a ter\u00edt\u0151k\u00f6n, a magas kiszervez\u00e9si k\u00f6lts\u00e9gek, valamint az \u00e1gynem\u0171 id\u0151ben t\u00f6rt\u00e9n\u0151 mos\u00e1sa, sz\u00e1r\u00edt\u00e1sa \u00e9s cser\u00e9je napi kih\u00edv\u00e1st jelentenek egy kis sz\u00e1lloda, panzi\u00f3 vagy \u00e9tterem m\u0171k\u00f6dtet\u00e9se sor\u00e1n. A <strong>myPRO<\/strong> t\u00f6bb id\u0151t biztos\u00edt, hogy \u00d6n a f\u0151 tev\u00e9kenys\u00e9g\u00e9re \u00f6sszpontos\u00edthasson.<br \/>\n<strong>Kiv\u00e1l\u00f3 min\u0151s\u00e9g\u0171 mos\u00e1si eredm\u00e9nyek \u2013 gyorsan, egyszer\u0171en, kellemetlens\u00e9gek n\u00e9lk\u00fcl.<\/strong>[\/vc_column_text][elx_button button_text=&#8221;Ugr\u00e1s a term\u00e9kekhez&#8221; button_style=&#8221;icon&#8221; button_link=&#8221;url:https%3A%2F%2Fwww.electroluxprofessional.com%2Fhu%2Flaundry%2Fmypro-washers-dryers-steam-ironers%2F|title:myPRO%20washers%2C%20dryers%20and%20steam%20ironers%20for%20small%20businesses&#8221;][\/vc_column][vc_column width=&#8221;1\/3&#8243;][elx_heading text_color=&#8221;electrolux-blue&#8221;]T\u00f6ltse le a prospektust[\/elx_heading][elx_download_block text=&#8221;myPRO mosodai megold\u00e1sok sz\u00e1llod\u00e1k, panzi\u00f3k \u00e9s \u00e9ttermek sz\u00e1m\u00e1ra&#8221; document_type=&#8221;leaflets&#8221; background_color=&#8221;laundry-solutions&#8221; le_document_number=&#8221;CLFL-9JE00003&#8243;][\/vc_column][\/vc_row][vc_row][vc_column][vc_single_image image=&#8221;9396&#8243; img_size=&#8221;full&#8221; alignment=&#8221;center&#8221;][\/vc_column][\/vc_row][vc_row content_placement=&#8221;top&#8221; el_class=&#8221;marginNegative&#8221;][vc_column width=&#8221;1\/3&#8243;][vc_empty_space][elx_heading font_container=&#8221;h5&#8243; font_size=&#8221;h5&#8243; text_color=&#8221;inherit&#8221;]Rugalmass\u00e1g \u00e9s tart\u00f3ss\u00e1g[\/elx_heading][vc_column_text]A myPRO mosodai megold\u00e1sok magasabb \u00e9lettartamot, nagyobb rugalmass\u00e1got \u00e9s kiemelked\u0151 min\u0151s\u00e9g\u0171 eredm\u00e9nyeket biztos\u00edtanak r\u00f6videbb id\u0151 alatt \u2013 er\u0151sebbek \u00e9s gyorsabbak, mint a h\u00e1ztart\u00e1si k\u00e9sz\u00fcl\u00e9kek.[\/vc_column_text][\/vc_column][vc_column width=&#8221;1\/3&#8243;][vc_empty_space][elx_heading font_container=&#8221;h5&#8243; font_size=&#8221;h5&#8243; text_color=&#8221;inherit&#8221;]Energiahat\u00e9konys\u00e1g[\/elx_heading][vc_column_text]<strong>Takar\u00e1koss\u00e1g v\u00edzben, energi\u00e1ban \u00e9s k\u00f6lts\u00e9gekben<\/strong><\/p>\n<ul>\n<li><strong>D <\/strong>Takar\u00e1koss\u00e1g v\u00edzben, energi\u00e1ban \u00e9s k\u00f6lts\u00e9gekben<\/li>\n<li><strong>E<\/strong> energiahat\u00e9konys\u00e1g\u00fa h\u0151szivatty\u00fas sz\u00e1r\u00edt\u00f3kkal<\/li>\n<\/ul>\n<p>[\/vc_column_text][\/vc_column][vc_column width=&#8221;1\/3&#8243;][vc_empty_space][elx_heading font_container=&#8221;h5&#8243; font_size=&#8221;h5&#8243; text_color=&#8221;inherit&#8221;]Professzion\u00e1lis alkalmaz\u00e1sra vonatkoz\u00f3 garancia[\/elx_heading][vc_column_text]A myPRO csal\u00e1d professzion\u00e1lis garanci\u00e1val \u00e9rkezik, hogy megv\u00e9dje befektet\u00e9s\u00e9t. Sok orsz\u00e1gban a h\u00e1ztart\u00e1si k\u00e9sz\u00fcl\u00e9kekre nem \u00e9rv\u00e9nyes a garancia, ha azokat professzion\u00e1lis k\u00f6rnyezetben haszn\u00e1lj\u00e1k. A myPRO eset\u00e9ben ez soha nem jelent probl\u00e9m\u00e1t.[\/vc_column_text][\/vc_column][\/vc_row][vc_row content_placement=&#8221;top&#8221; el_class=&#8221;marginNegative&#8221;][vc_column width=&#8221;1\/3&#8243;][vc_single_image image=&#8221;9606&#8243; img_size=&#8221;large&#8221;][elx_heading text_color=&#8221;inherit&#8221;]Kiemelked\u0151 min\u0151s\u00e9g \u00e9s nagy rugalmass\u00e1g[\/elx_heading][vc_column_text css=&#8221;.vc_custom_1765419948554{margin-bottom: 0px !important;}&#8221; el_class=&#8221;minHeightCirclesText&#8221;]<em>\u201eVend\u00e9geim azonnal \u00e9szreveszik a magasabb textilmin\u0151s\u00e9get. Tiszt\u00e1bb, puh\u00e1bb \u00e9s frissebb illat\u00fa textilek.\u201d<\/em>[\/vc_column_text][vc_column_text css=&#8221;.vc_custom_1765419996651{margin-top: 15px !important;}&#8221;]<\/p>\n<ul>\n<li class=\"li1\">A legjobb mos\u00e1si eredm\u00e9nyek az Electrolux Professional <strong>SpeedCare dobtechnol\u00f3gi\u00e1j\u00e1nak<\/strong> k\u00f6sz\u00f6nhet\u0151en<\/li>\n<li class=\"li1\">Nagyobb rugalmass\u00e1g professzion\u00e1lis programokkal, sz\u00e9les k\u00f6r\u0171 alkalmaz\u00e1sokhoz<\/li>\n<li>Hossz\u00fa t\u00e1v\u00fa g\u0151ztermel\u00e9s a nagy kapacit\u00e1s\u00fa (1,9 l) v\u00edztart\u00e1lyoknak k\u00f6sz\u00f6nhet\u0151en<\/li>\n<\/ul>\n<p>[\/vc_column_text][\/vc_column][vc_column width=&#8221;1\/3&#8243;][vc_single_image image=&#8221;9607&#8243; img_size=&#8221;large&#8221;][elx_heading text_color=&#8221;inherit&#8221; css=&#8221;.vc_custom_1765420024609{margin-top: 0px !important;}&#8221;]Gyorsas\u00e1g \u00e9s megb\u00edzhat\u00f3s\u00e1g[\/elx_heading][vc_column_text css=&#8221;.vc_custom_1765420036233{margin-bottom: 0px !important;}&#8221; el_class=&#8221;minHeightCirclesText&#8221;]<em>\u201eNyugodtan kezelem a vend\u00e9gcs\u00facsokat, mert minden id\u0151ben elk\u00e9sz\u00fcl.\u201d<\/em>[\/vc_column_text][vc_column_text css=&#8221;.vc_custom_1765420064435{margin-top: 15px !important;}&#8221;]<\/p>\n<ul>\n<li>Ak\u00e1r 50%-kal gyorsabb mos\u00e1si ciklusok professzion\u00e1lis programokkal<\/li>\n<li>R\u00f6videbb sz\u00e1r\u00edt\u00e1si id\u0151 az Automatikus Nedvess\u00e9g\u00e9rz\u00e9kel\u00e9snek k\u00f6sz\u00f6nhet\u0151en<\/li>\n<li>Id\u0151t takar\u00edt meg a k\u00fcl\u00f6nb\u00f6z\u0151 anyagok k\u00e9nyelmes vasal\u00e1sa sor\u00e1n<\/li>\n<\/ul>\n<p>[\/vc_column_text][\/vc_column][vc_column width=&#8221;1\/3&#8243;][vc_single_image image=&#8221;9608&#8243; img_size=&#8221;large&#8221;][elx_heading text_color=&#8221;inherit&#8221;]Tov\u00e1bbi megtakar\u00edt\u00e1sok[\/elx_heading][vc_column_text css=&#8221;.vc_custom_1765420085850{margin-bottom: 0px !important;}&#8221; el_class=&#8221;minHeightCirclesText&#8221;]<em>\u201eK\u00f6lts\u00e9get takar\u00edtok meg a k\u00f6rnyezetbar\u00e1t \u00e9s tart\u00f3s mosodai megold\u00e1sommal.\u201d<\/em>[\/vc_column_text][vc_column_text css=&#8221;.vc_custom_1765420113210{margin-top: 15px !important;}&#8221;]<\/p>\n<ul>\n<li>Energia- \u00e9s k\u00f6lts\u00e9gmegtakar\u00edt\u00e1s D energiaoszt\u00e1ly\u00fa mos\u00f3g\u00e9pekkel<\/li>\n<li>A mos\u00f3g\u00e9p \u00e9s sz\u00e1r\u00edt\u00f3 <strong>h\u00e1romszor hosszabb \u00e9lettartamra<\/strong> tervezve, mint a h\u00e1ztart\u00e1si k\u00e9sz\u00fcl\u00e9kek<\/li>\n<li>Helytakar\u00e9kos kialak\u00edt\u00e1s az \u00f6sszehajthat\u00f3 g\u0151zvasal\u00f3 (IS185) r\u00e9v\u00e9n<\/li>\n<\/ul>\n<p>[\/vc_column_text][\/vc_column][\/vc_row][vc_row][vc_column][vc_empty_space][\/vc_column][\/vc_row][vc_row][vc_column width=&#8221;1\/2&#8243;][elx_video_block background_image=&#8221;9603&#8243; video_link=&#8221;https:\/\/www.youtube.com\/watch?v=r8AGBXW8uYg&#8221; minimum_height=&#8221;300px&#8221;][\/vc_column][vc_column width=&#8221;1\/2&#8243;][vc_empty_space][elx_heading font_container=&#8221;h5&#8243; text_color=&#8221;inherit&#8221;]Zuani Casa,<br \/>\nSan Floriano del Collio (Olaszorsz\u00e1g)[\/elx_heading][vc_column_text]\u201eCsal\u00e1di bor\u00e1szat \u00e9s panzi\u00f3 vagyunk. Vend\u00e9geink \u00e1ltal\u00e1ban 2\u20133 \u00e9jszak\u00e1t t\u00f6ltenek n\u00e1lunk, ez\u00e9rt gyorsan kell kezeln\u00fcnk a mosod\u00e1t, mik\u00f6zben a min\u0151s\u00e9get is meg kell tartanunk. H\u00e1ztart\u00e1si g\u00e9peket haszn\u00e1ltunk, de a programok t\u00fal hossz\u00faak voltak, \u00e9s sok manu\u00e1lis munk\u00e1t ig\u00e9nyeltek.\u201d[\/vc_column_text][\/vc_column][\/vc_row][vc_row][vc_column][vc_empty_space][\/vc_column][\/vc_row][vc_row][vc_column width=&#8221;1\/2&#8243;][elx_video_block background_image=&#8221;9604&#8243; video_link=&#8221;https:\/\/www.youtube.com\/watch?v=EJ4RMJFdkdo&#8221; minimum_height=&#8221;300px&#8221;][\/vc_column][vc_column width=&#8221;1\/2&#8243;][vc_empty_space][elx_heading font_container=&#8221;h5&#8243; text_color=&#8221;inherit&#8221;]Due Fiumi, Sacile (Olaszorsz\u00e1g)[\/elx_heading][vc_column_text]\u201eSzia, a nevem Claudia.<br \/>\nA koll\u00e9g\u00e1immal \u00fagy d\u00f6nt\u00f6tt\u00fcnk, hogy fel\u00faj\u00edtunk egy vid\u00e9ki paraszth\u00e1zat, \u00e9s panzi\u00f3v\u00e1 alak\u00edtjuk.<br \/>\nA mos\u00f3g\u00e9p\u00fcnk egy kis h\u00e1ztart\u00e1si k\u00e9sz\u00fcl\u00e9k, amely nem b\u00edrja a terhel\u00e9st.\u201d[\/vc_column_text][\/vc_column][\/vc_row][vc_row][vc_column][vc_empty_space][\/vc_column][\/vc_row][vc_row][vc_column width=&#8221;1\/2&#8243;][elx_video_block background_image=&#8221;9605&#8243; video_link=&#8221;https:\/\/www.youtube.com\/watch?v=mk4zVX8F0BQ&#8221; minimum_height=&#8221;300px&#8221;][\/vc_column][vc_column width=&#8221;1\/2&#8243;][vc_empty_space][elx_heading font_container=&#8221;h5&#8243; text_color=&#8221;inherit&#8221;]Guesthouse Fraune, Salzkotten (N\u00e9metorsz\u00e1g)[\/elx_heading][vc_column_text]\u201eAz id\u0151megtakar\u00edt\u00e1s a hagyom\u00e1nyos h\u00e1ztart\u00e1si mos\u00f3g\u00e9pekhez k\u00e9pest \u00f3ri\u00e1si. A SpeedCare dobtechnol\u00f3gi\u00e1nak \u00e9s a professzion\u00e1lis mos\u00f3programoknak k\u00f6sz\u00f6nhet\u0151en a mos\u00e1s most fele annyi id\u0151t vesz ig\u00e9nybe, t\u00f6k\u00e9letes mos\u00e1si eredm\u00e9nnyel.\u201d<br \/>\n<strong>\u2014 Stefanie L\u00fctkewitte-Fraune, tulajdonos<\/strong>[\/vc_column_text][\/vc_column][\/vc_row][vc_row][vc_column][vc_empty_space][\/vc_column][\/vc_row][vc_row][vc_column][elx_o2000_contact_us s=&#8221;Inform\u00e1ci\u00f3k\u00e9r\u00e9s \u2013 Hotel \/ B&amp;B \/ Resort&#8221; country=&#8221;Hungary&#8221; b=&#8221;laundry&#8221; r=&#8221;Szeretne t\u00f6bbet megtudni a sz\u00e1llod\u00e1k, panzi\u00f3k \u00e9s \u00fcd\u00fcl\u0151helyek sz\u00e1m\u00e1ra k\u00edn\u00e1lt mosodai megold\u00e1sokr\u00f3l?&#8221; l=&#8221;en&#8221;][\/vc_column][\/vc_row][vc_row][vc_column][vc_empty_space][\/vc_column][\/vc_row][vc_row css=&#8221;.vc_custom_1534772259989{background-color: #eeeeee !important;}&#8221;][vc_column width=&#8221;2\/3&#8243;][elx_heading font_size=&#8221;h3&#8243; text_color=&#8221;inherit&#8221;]Nagyobb teljes\u00edtm\u00e9nyre van sz\u00fcks\u00e9ge?[\/elx_heading][elx_heading font_container=&#8221;h3&#8243; font_size=&#8221;h5&#8243; text_color=&#8221;inherit&#8221;]Tekintse meg kereskedelmi mosodai megold\u00e1sainkat![\/elx_heading][vc_column_text]Az Electrolux Professional teljes k\u00f6r\u0171 term\u00e9kpalett\u00e1t k\u00edn\u00e1l minden professzion\u00e1lis textilkezel\u00e9si ig\u00e9nyre.[\/vc_column_text][elx_button button_text=&#8221;Fedezze fel kereskedelmi mosodai megold\u00e1sainkat&#8221; button_style=&#8221;icon&#8221; button_link=&#8221;url:https%3A%2F%2Fwww.electroluxprofessional.com%2Fhu%2Fcommercial-laundry-equipment%2F|title:Commercial%20Laundry%20Solutions%20||&#8221;][\/vc_column][vc_column width=&#8221;1\/3&#8243;][vc_empty_space][vc_single_image image=&#8221;3526&#8243; img_size=&#8221;700px&#8221; onclick=&#8221;custom_link&#8221; link=&#8221;http:\/\/https:\/\/www.electroluxprofessional.com\/hu\/your-business\/commercial-laundries\/&#8221;][\/vc_column][\/vc_row]<\/p>\n","protected":false},"excerpt":{"rendered":"<p>[vc_row full_width=&#8221;electroluxpro-full-width-no-padding&#8221; css=&#8221;.vc_custom_1663604325303{margin-top: -50px !important;}&#8221;][vc_column][elx_full_banner title=&#8221;Sz\u00e1llod\u00e1k, panzi\u00f3k \u00e9s \u00e9ttermek&#8221; background_image_media_library=&#8221;9609&#8243; background_image_media_library_mobile=&#8221;9610&#8243;][\/vc_column][\/vc_row][vc_row][vc_column][vc_empty_space][\/vc_column][\/vc_row][vc_row][vc_column width=&#8221;2\/3&#8243;][elx_heading font_container=&#8221;h1&#8243; text_color=&#8221;electrolux-blue&#8221;]Mosodai megold\u00e1sok sz\u00e1llod\u00e1k, panzi\u00f3k \u00e9s \u00e9ttermek sz\u00e1m\u00e1ra[\/elx_heading][vc_column_text]A makacs foltok a ter\u00edt\u0151k\u00f6n, a magas kiszervez\u00e9si k\u00f6lts\u00e9gek, valamint az \u00e1gynem\u0171 id\u0151ben t\u00f6rt\u00e9n\u0151 mos\u00e1sa, sz\u00e1r\u00edt\u00e1sa \u00e9s cser\u00e9je napi kih\u00edv\u00e1st jelentenek egy kis sz\u00e1lloda, panzi\u00f3 vagy \u00e9tterem m\u0171k\u00f6dtet\u00e9se sor\u00e1n. A myPRO t\u00f6bb id\u0151t biztos\u00edt, hogy \u00d6n [&hellip;]<\/p>\n","protected":false},"author":53,"featured_media":9602,"parent":0,"menu_order":0,"comment_status":"closed","ping_status":"closed","template":"","meta":{"footnotes":""},"class_list":["post-9611","page","type-page","status-publish","has-post-thumbnail","hentry"],"yoast_head":"<!-- This site is optimized with the Yoast SEO plugin v23.3 - https:\/\/yoast.com\/wordpress\/plugins\/seo\/ -->\n<title>Sz\u00e1llod\u00e1k, panzi\u00f3k \u00e9s \u00e9ttermek - Electrolux Professional Magyarorsz\u00e1g<\/title>\n<meta name=\"description\" content=\"Mosodai megold\u00e1sok sz\u00e1llod\u00e1k, panzi\u00f3k \u00e9s \u00e9ttermek sz\u00e1m\u00e1ra. A myPRO t\u00f6bb id\u0151t biztos\u00edt az \u00d6n alaptev\u00e9kenys\u00e9geire, \u00e9s cs\u00facsmin\u0151s\u00e9g\u0171, gyors, egyszer\u0171 mos\u00e1si eredm\u00e9nyeket ny\u00fajt, kellemetlens\u00e9gek n\u00e9lk\u00fcl.\" \/>\n<meta name=\"robots\" content=\"index, follow, max-snippet:-1, max-image-preview:large, max-video-preview:-1\" \/>\n<link rel=\"canonical\" href=\"https:\/\/www.electroluxprofessional.com\/hu\/hotel-bb-restaurant\/\" \/>\n<meta property=\"og:locale\" content=\"hu_HU\" \/>\n<meta property=\"og:type\" content=\"article\" \/>\n<meta property=\"og:title\" content=\"Sz\u00e1llod\u00e1k, panzi\u00f3k \u00e9s \u00e9ttermek - Electrolux Professional Magyarorsz\u00e1g\" \/>\n<meta property=\"og:description\" content=\"Mosodai megold\u00e1sok sz\u00e1llod\u00e1k, panzi\u00f3k \u00e9s \u00e9ttermek sz\u00e1m\u00e1ra. A myPRO t\u00f6bb id\u0151t biztos\u00edt az \u00d6n alaptev\u00e9kenys\u00e9geire, \u00e9s cs\u00facsmin\u0151s\u00e9g\u0171, gyors, egyszer\u0171 mos\u00e1si eredm\u00e9nyeket ny\u00fajt, kellemetlens\u00e9gek n\u00e9lk\u00fcl.\" \/>\n<meta property=\"og:url\" content=\"https:\/\/www.electroluxprofessional.com\/hu\/hotel-bb-restaurant\/\" \/>\n<meta property=\"og:site_name\" content=\"Electrolux Professional Magyarorsz\u00e1g\" \/>\n<meta property=\"article:modified_time\" content=\"2025-12-11T02:32:45+00:00\" \/>\n<meta property=\"og:image\" content=\"https:\/\/www.electroluxprofessional.com\/hu\/wp-content\/uploads\/2025\/12\/hotel-BB-restaurant.jpg\" \/>\n\t<meta property=\"og:image:width\" content=\"800\" \/>\n\t<meta property=\"og:image:height\" content=\"500\" \/>\n\t<meta property=\"og:image:type\" content=\"image\/jpeg\" \/>\n<meta name=\"twitter:card\" content=\"summary_large_image\" \/>\n<meta name=\"twitter:label1\" content=\"Becs\u00fclt olvas\u00e1si id\u0151\" \/>\n\t<meta name=\"twitter:data1\" content=\"6 perc\" \/>\n<script type=\"application\/ld+json\" class=\"yoast-schema-graph\">{\"@context\":\"https:\/\/schema.org\",\"@graph\":[{\"@type\":\"WebPage\",\"@id\":\"https:\/\/www.electroluxprofessional.com\/hu\/hotel-bb-restaurant\/\",\"url\":\"https:\/\/www.electroluxprofessional.com\/hu\/hotel-bb-restaurant\/\",\"name\":\"Sz\u00e1llod\u00e1k, panzi\u00f3k \u00e9s \u00e9ttermek - Electrolux Professional Magyarorsz\u00e1g\",\"isPartOf\":{\"@id\":\"https:\/\/www.electroluxprofessional.com\/hu\/#website\"},\"primaryImageOfPage\":{\"@id\":\"https:\/\/www.electroluxprofessional.com\/hu\/hotel-bb-restaurant\/#primaryimage\"},\"image\":{\"@id\":\"https:\/\/www.electroluxprofessional.com\/hu\/hotel-bb-restaurant\/#primaryimage\"},\"thumbnailUrl\":\"https:\/\/www.electroluxprofessional.com\/hu\/wp-content\/uploads\/2025\/12\/hotel-BB-restaurant.jpg\",\"datePublished\":\"2025-12-09T02:16:57+00:00\",\"dateModified\":\"2025-12-11T02:32:45+00:00\",\"description\":\"Mosodai megold\u00e1sok sz\u00e1llod\u00e1k, panzi\u00f3k \u00e9s \u00e9ttermek sz\u00e1m\u00e1ra. A myPRO t\u00f6bb id\u0151t biztos\u00edt az \u00d6n alaptev\u00e9kenys\u00e9geire, \u00e9s cs\u00facsmin\u0151s\u00e9g\u0171, gyors, egyszer\u0171 mos\u00e1si eredm\u00e9nyeket ny\u00fajt, kellemetlens\u00e9gek n\u00e9lk\u00fcl.\",\"breadcrumb\":{\"@id\":\"https:\/\/www.electroluxprofessional.com\/hu\/hotel-bb-restaurant\/#breadcrumb\"},\"inLanguage\":\"hu\",\"potentialAction\":[{\"@type\":\"ReadAction\",\"target\":[\"https:\/\/www.electroluxprofessional.com\/hu\/hotel-bb-restaurant\/\"]}]},{\"@type\":\"ImageObject\",\"inLanguage\":\"hu\",\"@id\":\"https:\/\/www.electroluxprofessional.com\/hu\/hotel-bb-restaurant\/#primaryimage\",\"url\":\"https:\/\/www.electroluxprofessional.com\/hu\/wp-content\/uploads\/2025\/12\/hotel-BB-restaurant.jpg\",\"contentUrl\":\"https:\/\/www.electroluxprofessional.com\/hu\/wp-content\/uploads\/2025\/12\/hotel-BB-restaurant.jpg\",\"width\":800,\"height\":500},{\"@type\":\"BreadcrumbList\",\"@id\":\"https:\/\/www.electroluxprofessional.com\/hu\/hotel-bb-restaurant\/#breadcrumb\",\"itemListElement\":[{\"@type\":\"ListItem\",\"position\":1,\"name\":\"Home\",\"item\":\"https:\/\/www.electroluxprofessional.com\/hu\/\"},{\"@type\":\"ListItem\",\"position\":2,\"name\":\"Sz\u00e1llod\u00e1k, panzi\u00f3k \u00e9s \u00e9ttermek\"}]},{\"@type\":\"WebSite\",\"@id\":\"https:\/\/www.electroluxprofessional.com\/hu\/#website\",\"url\":\"https:\/\/www.electroluxprofessional.com\/hu\/\",\"name\":\"Electrolux Professional Magyarorsz\u00e1g\",\"description\":\"\",\"potentialAction\":[{\"@type\":\"SearchAction\",\"target\":{\"@type\":\"EntryPoint\",\"urlTemplate\":\"https:\/\/www.electroluxprofessional.com\/hu\/?src={search_term_string}\"},\"query-input\":\"required name=search_term_string\"}],\"inLanguage\":\"hu\"}]}<\/script>\n<!-- \/ Yoast SEO plugin. -->","yoast_head_json":{"title":"Sz\u00e1llod\u00e1k, panzi\u00f3k \u00e9s \u00e9ttermek - Electrolux Professional Magyarorsz\u00e1g","description":"Mosodai megold\u00e1sok sz\u00e1llod\u00e1k, panzi\u00f3k \u00e9s \u00e9ttermek sz\u00e1m\u00e1ra. A myPRO t\u00f6bb id\u0151t biztos\u00edt az \u00d6n alaptev\u00e9kenys\u00e9geire, \u00e9s cs\u00facsmin\u0151s\u00e9g\u0171, gyors, egyszer\u0171 mos\u00e1si eredm\u00e9nyeket ny\u00fajt, kellemetlens\u00e9gek n\u00e9lk\u00fcl.","robots":{"index":"index","follow":"follow","max-snippet":"max-snippet:-1","max-image-preview":"max-image-preview:large","max-video-preview":"max-video-preview:-1"},"canonical":"https:\/\/www.electroluxprofessional.com\/hu\/hotel-bb-restaurant\/","og_locale":"hu_HU","og_type":"article","og_title":"Sz\u00e1llod\u00e1k, panzi\u00f3k \u00e9s \u00e9ttermek - Electrolux Professional Magyarorsz\u00e1g","og_description":"Mosodai megold\u00e1sok sz\u00e1llod\u00e1k, panzi\u00f3k \u00e9s \u00e9ttermek sz\u00e1m\u00e1ra. A myPRO t\u00f6bb id\u0151t biztos\u00edt az \u00d6n alaptev\u00e9kenys\u00e9geire, \u00e9s cs\u00facsmin\u0151s\u00e9g\u0171, gyors, egyszer\u0171 mos\u00e1si eredm\u00e9nyeket ny\u00fajt, kellemetlens\u00e9gek n\u00e9lk\u00fcl.","og_url":"https:\/\/www.electroluxprofessional.com\/hu\/hotel-bb-restaurant\/","og_site_name":"Electrolux Professional Magyarorsz\u00e1g","article_modified_time":"2025-12-11T02:32:45+00:00","og_image":[{"width":800,"height":500,"url":"https:\/\/www.electroluxprofessional.com\/hu\/wp-content\/uploads\/2025\/12\/hotel-BB-restaurant.jpg","type":"image\/jpeg"}],"twitter_card":"summary_large_image","twitter_misc":{"Becs\u00fclt olvas\u00e1si id\u0151":"6 perc"},"schema":{"@context":"https:\/\/schema.org","@graph":[{"@type":"WebPage","@id":"https:\/\/www.electroluxprofessional.com\/hu\/hotel-bb-restaurant\/","url":"https:\/\/www.electroluxprofessional.com\/hu\/hotel-bb-restaurant\/","name":"Sz\u00e1llod\u00e1k, panzi\u00f3k \u00e9s \u00e9ttermek - Electrolux Professional Magyarorsz\u00e1g","isPartOf":{"@id":"https:\/\/www.electroluxprofessional.com\/hu\/#website"},"primaryImageOfPage":{"@id":"https:\/\/www.electroluxprofessional.com\/hu\/hotel-bb-restaurant\/#primaryimage"},"image":{"@id":"https:\/\/www.electroluxprofessional.com\/hu\/hotel-bb-restaurant\/#primaryimage"},"thumbnailUrl":"https:\/\/www.electroluxprofessional.com\/hu\/wp-content\/uploads\/2025\/12\/hotel-BB-restaurant.jpg","datePublished":"2025-12-09T02:16:57+00:00","dateModified":"2025-12-11T02:32:45+00:00","description":"Mosodai megold\u00e1sok sz\u00e1llod\u00e1k, panzi\u00f3k \u00e9s \u00e9ttermek sz\u00e1m\u00e1ra. A myPRO t\u00f6bb id\u0151t biztos\u00edt az \u00d6n alaptev\u00e9kenys\u00e9geire, \u00e9s cs\u00facsmin\u0151s\u00e9g\u0171, gyors, egyszer\u0171 mos\u00e1si eredm\u00e9nyeket ny\u00fajt, kellemetlens\u00e9gek n\u00e9lk\u00fcl.","breadcrumb":{"@id":"https:\/\/www.electroluxprofessional.com\/hu\/hotel-bb-restaurant\/#breadcrumb"},"inLanguage":"hu","potentialAction":[{"@type":"ReadAction","target":["https:\/\/www.electroluxprofessional.com\/hu\/hotel-bb-restaurant\/"]}]},{"@type":"ImageObject","inLanguage":"hu","@id":"https:\/\/www.electroluxprofessional.com\/hu\/hotel-bb-restaurant\/#primaryimage","url":"https:\/\/www.electroluxprofessional.com\/hu\/wp-content\/uploads\/2025\/12\/hotel-BB-restaurant.jpg","contentUrl":"https:\/\/www.electroluxprofessional.com\/hu\/wp-content\/uploads\/2025\/12\/hotel-BB-restaurant.jpg","width":800,"height":500},{"@type":"BreadcrumbList","@id":"https:\/\/www.electroluxprofessional.com\/hu\/hotel-bb-restaurant\/#breadcrumb","itemListElement":[{"@type":"ListItem","position":1,"name":"Home","item":"https:\/\/www.electroluxprofessional.com\/hu\/"},{"@type":"ListItem","position":2,"name":"Sz\u00e1llod\u00e1k, panzi\u00f3k \u00e9s \u00e9ttermek"}]},{"@type":"WebSite","@id":"https:\/\/www.electroluxprofessional.com\/hu\/#website","url":"https:\/\/www.electroluxprofessional.com\/hu\/","name":"Electrolux Professional Magyarorsz\u00e1g","description":"","potentialAction":[{"@type":"SearchAction","target":{"@type":"EntryPoint","urlTemplate":"https:\/\/www.electroluxprofessional.com\/hu\/?src={search_term_string}"},"query-input":"required name=search_term_string"}],"inLanguage":"hu"}]}},"_links":{"self":[{"href":"https:\/\/www.electroluxprofessional.com\/hu\/wp-json\/wp\/v2\/pages\/9611"}],"collection":[{"href":"https:\/\/www.electroluxprofessional.com\/hu\/wp-json\/wp\/v2\/pages"}],"about":[{"href":"https:\/\/www.electroluxprofessional.com\/hu\/wp-json\/wp\/v2\/types\/page"}],"author":[{"embeddable":true,"href":"https:\/\/www.electroluxprofessional.com\/hu\/wp-json\/wp\/v2\/users\/53"}],"replies":[{"embeddable":true,"href":"https:\/\/www.electroluxprofessional.com\/hu\/wp-json\/wp\/v2\/comments?post=9611"}],"version-history":[{"count":3,"href":"https:\/\/www.electroluxprofessional.com\/hu\/wp-json\/wp\/v2\/pages\/9611\/revisions"}],"predecessor-version":[{"id":9721,"href":"https:\/\/www.electroluxprofessional.com\/hu\/wp-json\/wp\/v2\/pages\/9611\/revisions\/9721"}],"wp:featuredmedia":[{"embeddable":true,"href":"https:\/\/www.electroluxprofessional.com\/hu\/wp-json\/wp\/v2\/media\/9602"}],"wp:attachment":[{"href":"https:\/\/www.electroluxprofessional.com\/hu\/wp-json\/wp\/v2\/media?parent=9611"}],"curies":[{"name":"wp","href":"https:\/\/api.w.org\/{rel}","templated":true}]}}