{"id":9599,"date":"2025-12-09T02:08:42","date_gmt":"2025-12-09T02:08:42","guid":{"rendered":"https:\/\/www.electroluxprofessional.com\/hu\/?page_id=9599"},"modified":"2025-12-11T02:38:59","modified_gmt":"2025-12-11T02:38:59","slug":"accessories-and-consumables","status":"publish","type":"page","link":"https:\/\/www.electroluxprofessional.com\/hu\/laundry\/mypro-washers-dryers-steam-ironers\/accessories-and-consumables\/","title":{"rendered":"Tartoz\u00e9kok \u00e9s fogy\u00f3eszk\u00f6z\u00f6k a myPRO k\u00e9sz\u00fcl\u00e9kekhez"},"content":{"rendered":"<p>[vc_row][vc_column][vc_single_image image=&#8221;9416&#8243; alignment=&#8221;center&#8221;][elx_heading font_container=&#8221;h1&#8243; text_color=&#8221;inherit&#8221; text_align=&#8221;text-center&#8221;]myPRO tartoz\u00e9kok \u00e9s fogy\u00f3eszk\u00f6z\u00f6k[\/elx_heading][vc_empty_space][elx_heading text_color=&#8221;inherit&#8221; text_align=&#8221;text-center&#8221;]Egyed\u00fcl\u00e1ll\u00f3 professzion\u00e1lis szak\u00e9rtelem kisv\u00e1llalkoz\u00e1sok sz\u00e1m\u00e1ra.[\/elx_heading][vc_column_text]<\/p>\n<p style=\"text-align: center;\">N\u00f6velje a myPRO felhaszn\u00e1l\u00f3i \u00e9lm\u00e9ny\u00e9t az Electrolux Professional tartoz\u00e9kok \u00e9s fogy\u00f3eszk\u00f6z\u00f6k haszn\u00e1lat\u00e1val!<\/p>\n<p>[\/vc_column_text][vc_empty_space][\/vc_column][\/vc_row][vc_row][vc_column width=&#8221;1\/2&#8243;][elx_heading font_container=&#8221;h3&#8243; text_color=&#8221;inherit&#8221;]Stacking Kit \u2013 Toronyszerel\u0151 k\u00e9szlet[\/elx_heading][vc_column_text]Takar\u00edtson meg helyet azzal, hogy a sz\u00e1r\u00edt\u00f3g\u00e9pet a mos\u00f3g\u00e9p tetej\u00e9re helyezi.[\/vc_column_text][vc_empty_space][vc_single_image image=&#8221;9597&#8243; img_size=&#8221;full&#8221;][\/vc_column][vc_column width=&#8221;1\/2&#8243;][elx_heading font_container=&#8221;h3&#8243; text_color=&#8221;inherit&#8221;]Pedestal \u2013 Emelv\u00e9ny[\/elx_heading][vc_column_text]Emelje meg a mos\u00f3g\u00e9pet \u00e9s a sz\u00e1r\u00edt\u00f3g\u00e9pet egy talapzaton, hogy ergonomikus magass\u00e1gban legyenek.[\/vc_column_text][vc_empty_space][vc_single_image image=&#8221;9598&#8243; img_size=&#8221;full&#8221;][\/vc_column][\/vc_row][vc_row][vc_column][vc_empty_space][\/vc_column][\/vc_row][vc_row css=&#8221;.vc_custom_1571737982010{margin-bottom: 32px !important;}&#8221;][vc_column][elx_heading text_color=&#8221;inherit&#8221;]myPRO Fogy\u00f3eszk\u00f6z\u00f6k[\/elx_heading][vc_column_text]<\/p>\n<div class=\"wpb_text_column wpb_content_element \"><\/div>\n<p>Line 6000 k\u00f6rnyezetbar\u00e1t mos\u00f3szer-csal\u00e1dunkat \u00fagy fejlesztett\u00fck ki, hogy megfeleljen v\u00e1llalkoz\u00e1sa ig\u00e9nyeinek \u00e9s \u00f3vja a k\u00f6rnyezetet.<br \/>\nA legjobb mos\u00e1si eredm\u00e9ny \u00e9rdek\u00e9ben v\u00e1lassza az \u00d6n ig\u00e9nyeinek legink\u00e1bb megfelel\u0151 term\u00e9ket.[\/vc_column_text][vc_empty_space][elx_button button_text=&#8221;Fedezze fel mos\u00f3szereinket&#8221; button_link=&#8221;url:https%3A%2F%2Fwww.electroluxprofessional.com%2Fhu%2Flaundry%2F|title:Discover%20our%20detergents&#8221;][\/vc_column][\/vc_row][vc_row][vc_column][vc_empty_space][elx_heading font_container=&#8221;h1&#8243; text_color=&#8221;inherit&#8221;]Hol lehet megv\u00e1s\u00e1rolni[\/elx_heading][\/vc_column][\/vc_row][vc_row][vc_column][elx_o2000_contact_us s=&#8221;Inform\u00e1ci\u00f3k\u00e9r\u00e9s a myPRO tartoz\u00e9kokr\u00f3l \u00e9s fogy\u00f3eszk\u00f6z\u00f6kr\u0151l&#8221; country=&#8221;Hungary&#8221; b=&#8221;laundry&#8221; r=&#8221;Szeretn\u00e9k t\u00f6bbet megtudni a myPRO term\u00e9kvonal tartoz\u00e9kair\u00f3l \u00e9s fogy\u00f3eszk\u00f6zeir\u0151l. K\u00e9rem, vegy\u00e9k fel velem a kapcsolatot.&#8221; l=&#8221;en&#8221;][\/vc_column][\/vc_row][vc_row][vc_column][vc_empty_space][elx_button button_text=&#8221;Ugr\u00e1s a term\u00e9kekhez&#8221; button_style=&#8221;icon&#8221; button_link=&#8221;url:https%3A%2F%2Fwww.electroluxprofessional.com%2Fhu%2Flaundry%2Fmypro-washers-dryers-steam-ironers%2F|title:myPRO%2C%20washers%2C%20dryers%20and%20steam%20ironers%20for%20small%20businesses&#8221;][vc_empty_space][\/vc_column][\/vc_row]<\/p>\n","protected":false},"excerpt":{"rendered":"<p>[vc_row][vc_column][vc_single_image image=&#8221;9416&#8243; alignment=&#8221;center&#8221;][elx_heading font_container=&#8221;h1&#8243; text_color=&#8221;inherit&#8221; text_align=&#8221;text-center&#8221;]myPRO tartoz\u00e9kok \u00e9s fogy\u00f3eszk\u00f6z\u00f6k[\/elx_heading][vc_empty_space][elx_heading text_color=&#8221;inherit&#8221; text_align=&#8221;text-center&#8221;]Egyed\u00fcl\u00e1ll\u00f3 professzion\u00e1lis szak\u00e9rtelem kisv\u00e1llalkoz\u00e1sok sz\u00e1m\u00e1ra.[\/elx_heading][vc_column_text] N\u00f6velje a myPRO felhaszn\u00e1l\u00f3i \u00e9lm\u00e9ny\u00e9t az Electrolux Professional tartoz\u00e9kok \u00e9s fogy\u00f3eszk\u00f6z\u00f6k haszn\u00e1lat\u00e1val! [\/vc_column_text][vc_empty_space][\/vc_column][\/vc_row][vc_row][vc_column width=&#8221;1\/2&#8243;][elx_heading font_container=&#8221;h3&#8243; text_color=&#8221;inherit&#8221;]Stacking Kit \u2013 Toronyszerel\u0151 k\u00e9szlet[\/elx_heading][vc_column_text]Takar\u00edtson meg helyet azzal, hogy a sz\u00e1r\u00edt\u00f3g\u00e9pet a mos\u00f3g\u00e9p tetej\u00e9re helyezi.[\/vc_column_text][vc_empty_space][vc_single_image image=&#8221;9597&#8243; img_size=&#8221;full&#8221;][\/vc_column][vc_column width=&#8221;1\/2&#8243;][elx_heading font_container=&#8221;h3&#8243; text_color=&#8221;inherit&#8221;]Pedestal \u2013 Emelv\u00e9ny[\/elx_heading][vc_column_text]Emelje meg a mos\u00f3g\u00e9pet [&hellip;]<\/p>\n","protected":false},"author":53,"featured_media":0,"parent":9411,"menu_order":0,"comment_status":"closed","ping_status":"closed","template":"","meta":{"footnotes":""},"class_list":["post-9599","page","type-page","status-publish","hentry"],"yoast_head":"<!-- This site is optimized with the Yoast SEO plugin v23.3 - https:\/\/yoast.com\/wordpress\/plugins\/seo\/ -->\n<title>Tartoz\u00e9kok \u00e9s fogy\u00f3eszk\u00f6z\u00f6k a myPRO k\u00e9sz\u00fcl\u00e9kekhez - Electrolux Professional Magyarorsz\u00e1g<\/title>\n<meta name=\"description\" content=\"A Cleanstar mos\u00f3szereket \u00fagy fejlesztett\u00fck ki, hogy v\u00e1llalkoz\u00e1sa \u00e9s a k\u00f6rnyezet szempontjait egyar\u00e1nt figyelembe vegy\u00e9k. A legjobb mos\u00e1si eredm\u00e9ny \u00e9rdek\u00e9ben v\u00e1lassza az \u00d6n ig\u00e9nyeinek megfelel\u0151 term\u00e9ket.\" \/>\n<meta name=\"robots\" content=\"index, follow, max-snippet:-1, max-image-preview:large, max-video-preview:-1\" \/>\n<link rel=\"canonical\" href=\"https:\/\/www.electroluxprofessional.com\/hu\/laundry\/mypro-washers-dryers-steam-ironers\/accessories-and-consumables\/\" \/>\n<meta property=\"og:locale\" content=\"hu_HU\" \/>\n<meta property=\"og:type\" content=\"article\" \/>\n<meta property=\"og:title\" content=\"Tartoz\u00e9kok \u00e9s fogy\u00f3eszk\u00f6z\u00f6k a myPRO k\u00e9sz\u00fcl\u00e9kekhez - Electrolux Professional Magyarorsz\u00e1g\" \/>\n<meta property=\"og:description\" content=\"A Cleanstar mos\u00f3szereket \u00fagy fejlesztett\u00fck ki, hogy v\u00e1llalkoz\u00e1sa \u00e9s a k\u00f6rnyezet szempontjait egyar\u00e1nt figyelembe vegy\u00e9k. A legjobb mos\u00e1si eredm\u00e9ny \u00e9rdek\u00e9ben v\u00e1lassza az \u00d6n ig\u00e9nyeinek megfelel\u0151 term\u00e9ket.\" \/>\n<meta property=\"og:url\" content=\"https:\/\/www.electroluxprofessional.com\/hu\/laundry\/mypro-washers-dryers-steam-ironers\/accessories-and-consumables\/\" \/>\n<meta property=\"og:site_name\" content=\"Electrolux Professional Magyarorsz\u00e1g\" \/>\n<meta property=\"article:modified_time\" content=\"2025-12-11T02:38:59+00:00\" \/>\n<meta name=\"twitter:card\" content=\"summary_large_image\" \/>\n<meta name=\"twitter:label1\" content=\"Becs\u00fclt olvas\u00e1si id\u0151\" \/>\n\t<meta name=\"twitter:data1\" content=\"2 perc\" \/>\n<script type=\"application\/ld+json\" class=\"yoast-schema-graph\">{\"@context\":\"https:\/\/schema.org\",\"@graph\":[{\"@type\":\"WebPage\",\"@id\":\"https:\/\/www.electroluxprofessional.com\/hu\/laundry\/mypro-washers-dryers-steam-ironers\/accessories-and-consumables\/\",\"url\":\"https:\/\/www.electroluxprofessional.com\/hu\/laundry\/mypro-washers-dryers-steam-ironers\/accessories-and-consumables\/\",\"name\":\"Tartoz\u00e9kok \u00e9s fogy\u00f3eszk\u00f6z\u00f6k a myPRO k\u00e9sz\u00fcl\u00e9kekhez - Electrolux Professional Magyarorsz\u00e1g\",\"isPartOf\":{\"@id\":\"https:\/\/www.electroluxprofessional.com\/hu\/#website\"},\"datePublished\":\"2025-12-09T02:08:42+00:00\",\"dateModified\":\"2025-12-11T02:38:59+00:00\",\"description\":\"A Cleanstar mos\u00f3szereket \u00fagy fejlesztett\u00fck ki, hogy v\u00e1llalkoz\u00e1sa \u00e9s a k\u00f6rnyezet szempontjait egyar\u00e1nt figyelembe vegy\u00e9k. A legjobb mos\u00e1si eredm\u00e9ny \u00e9rdek\u00e9ben v\u00e1lassza az \u00d6n ig\u00e9nyeinek megfelel\u0151 term\u00e9ket.\",\"breadcrumb\":{\"@id\":\"https:\/\/www.electroluxprofessional.com\/hu\/laundry\/mypro-washers-dryers-steam-ironers\/accessories-and-consumables\/#breadcrumb\"},\"inLanguage\":\"hu\",\"potentialAction\":[{\"@type\":\"ReadAction\",\"target\":[\"https:\/\/www.electroluxprofessional.com\/hu\/laundry\/mypro-washers-dryers-steam-ironers\/accessories-and-consumables\/\"]}]},{\"@type\":\"BreadcrumbList\",\"@id\":\"https:\/\/www.electroluxprofessional.com\/hu\/laundry\/mypro-washers-dryers-steam-ironers\/accessories-and-consumables\/#breadcrumb\",\"itemListElement\":[{\"@type\":\"ListItem\",\"position\":1,\"name\":\"Home\",\"item\":\"https:\/\/www.electroluxprofessional.com\/hu\/\"},{\"@type\":\"ListItem\",\"position\":2,\"name\":\"Mosodatechnika\",\"item\":\"https:\/\/www.electroluxprofessional.com\/hu\/laundry\/\"},{\"@type\":\"ListItem\",\"position\":3,\"name\":\"myPRO, washers, dryers and steam ironers for small businesses\",\"item\":\"https:\/\/www.electroluxprofessional.com\/hu\/laundry\/mypro-washers-dryers-steam-ironers\/\"},{\"@type\":\"ListItem\",\"position\":4,\"name\":\"Tartoz\u00e9kok \u00e9s fogy\u00f3eszk\u00f6z\u00f6k a myPRO k\u00e9sz\u00fcl\u00e9kekhez\"}]},{\"@type\":\"WebSite\",\"@id\":\"https:\/\/www.electroluxprofessional.com\/hu\/#website\",\"url\":\"https:\/\/www.electroluxprofessional.com\/hu\/\",\"name\":\"Electrolux Professional Magyarorsz\u00e1g\",\"description\":\"\",\"potentialAction\":[{\"@type\":\"SearchAction\",\"target\":{\"@type\":\"EntryPoint\",\"urlTemplate\":\"https:\/\/www.electroluxprofessional.com\/hu\/?src={search_term_string}\"},\"query-input\":\"required name=search_term_string\"}],\"inLanguage\":\"hu\"}]}<\/script>\n<!-- \/ Yoast SEO plugin. -->","yoast_head_json":{"title":"Tartoz\u00e9kok \u00e9s fogy\u00f3eszk\u00f6z\u00f6k a myPRO k\u00e9sz\u00fcl\u00e9kekhez - Electrolux Professional Magyarorsz\u00e1g","description":"A Cleanstar mos\u00f3szereket \u00fagy fejlesztett\u00fck ki, hogy v\u00e1llalkoz\u00e1sa \u00e9s a k\u00f6rnyezet szempontjait egyar\u00e1nt figyelembe vegy\u00e9k. A legjobb mos\u00e1si eredm\u00e9ny \u00e9rdek\u00e9ben v\u00e1lassza az \u00d6n ig\u00e9nyeinek megfelel\u0151 term\u00e9ket.","robots":{"index":"index","follow":"follow","max-snippet":"max-snippet:-1","max-image-preview":"max-image-preview:large","max-video-preview":"max-video-preview:-1"},"canonical":"https:\/\/www.electroluxprofessional.com\/hu\/laundry\/mypro-washers-dryers-steam-ironers\/accessories-and-consumables\/","og_locale":"hu_HU","og_type":"article","og_title":"Tartoz\u00e9kok \u00e9s fogy\u00f3eszk\u00f6z\u00f6k a myPRO k\u00e9sz\u00fcl\u00e9kekhez - Electrolux Professional Magyarorsz\u00e1g","og_description":"A Cleanstar mos\u00f3szereket \u00fagy fejlesztett\u00fck ki, hogy v\u00e1llalkoz\u00e1sa \u00e9s a k\u00f6rnyezet szempontjait egyar\u00e1nt figyelembe vegy\u00e9k. A legjobb mos\u00e1si eredm\u00e9ny \u00e9rdek\u00e9ben v\u00e1lassza az \u00d6n ig\u00e9nyeinek megfelel\u0151 term\u00e9ket.","og_url":"https:\/\/www.electroluxprofessional.com\/hu\/laundry\/mypro-washers-dryers-steam-ironers\/accessories-and-consumables\/","og_site_name":"Electrolux Professional Magyarorsz\u00e1g","article_modified_time":"2025-12-11T02:38:59+00:00","twitter_card":"summary_large_image","twitter_misc":{"Becs\u00fclt olvas\u00e1si id\u0151":"2 perc"},"schema":{"@context":"https:\/\/schema.org","@graph":[{"@type":"WebPage","@id":"https:\/\/www.electroluxprofessional.com\/hu\/laundry\/mypro-washers-dryers-steam-ironers\/accessories-and-consumables\/","url":"https:\/\/www.electroluxprofessional.com\/hu\/laundry\/mypro-washers-dryers-steam-ironers\/accessories-and-consumables\/","name":"Tartoz\u00e9kok \u00e9s fogy\u00f3eszk\u00f6z\u00f6k a myPRO k\u00e9sz\u00fcl\u00e9kekhez - Electrolux Professional Magyarorsz\u00e1g","isPartOf":{"@id":"https:\/\/www.electroluxprofessional.com\/hu\/#website"},"datePublished":"2025-12-09T02:08:42+00:00","dateModified":"2025-12-11T02:38:59+00:00","description":"A Cleanstar mos\u00f3szereket \u00fagy fejlesztett\u00fck ki, hogy v\u00e1llalkoz\u00e1sa \u00e9s a k\u00f6rnyezet szempontjait egyar\u00e1nt figyelembe vegy\u00e9k. A legjobb mos\u00e1si eredm\u00e9ny \u00e9rdek\u00e9ben v\u00e1lassza az \u00d6n ig\u00e9nyeinek megfelel\u0151 term\u00e9ket.","breadcrumb":{"@id":"https:\/\/www.electroluxprofessional.com\/hu\/laundry\/mypro-washers-dryers-steam-ironers\/accessories-and-consumables\/#breadcrumb"},"inLanguage":"hu","potentialAction":[{"@type":"ReadAction","target":["https:\/\/www.electroluxprofessional.com\/hu\/laundry\/mypro-washers-dryers-steam-ironers\/accessories-and-consumables\/"]}]},{"@type":"BreadcrumbList","@id":"https:\/\/www.electroluxprofessional.com\/hu\/laundry\/mypro-washers-dryers-steam-ironers\/accessories-and-consumables\/#breadcrumb","itemListElement":[{"@type":"ListItem","position":1,"name":"Home","item":"https:\/\/www.electroluxprofessional.com\/hu\/"},{"@type":"ListItem","position":2,"name":"Mosodatechnika","item":"https:\/\/www.electroluxprofessional.com\/hu\/laundry\/"},{"@type":"ListItem","position":3,"name":"myPRO, washers, dryers and steam ironers for small businesses","item":"https:\/\/www.electroluxprofessional.com\/hu\/laundry\/mypro-washers-dryers-steam-ironers\/"},{"@type":"ListItem","position":4,"name":"Tartoz\u00e9kok \u00e9s fogy\u00f3eszk\u00f6z\u00f6k a myPRO k\u00e9sz\u00fcl\u00e9kekhez"}]},{"@type":"WebSite","@id":"https:\/\/www.electroluxprofessional.com\/hu\/#website","url":"https:\/\/www.electroluxprofessional.com\/hu\/","name":"Electrolux Professional Magyarorsz\u00e1g","description":"","potentialAction":[{"@type":"SearchAction","target":{"@type":"EntryPoint","urlTemplate":"https:\/\/www.electroluxprofessional.com\/hu\/?src={search_term_string}"},"query-input":"required name=search_term_string"}],"inLanguage":"hu"}]}},"_links":{"self":[{"href":"https:\/\/www.electroluxprofessional.com\/hu\/wp-json\/wp\/v2\/pages\/9599"}],"collection":[{"href":"https:\/\/www.electroluxprofessional.com\/hu\/wp-json\/wp\/v2\/pages"}],"about":[{"href":"https:\/\/www.electroluxprofessional.com\/hu\/wp-json\/wp\/v2\/types\/page"}],"author":[{"embeddable":true,"href":"https:\/\/www.electroluxprofessional.com\/hu\/wp-json\/wp\/v2\/users\/53"}],"replies":[{"embeddable":true,"href":"https:\/\/www.electroluxprofessional.com\/hu\/wp-json\/wp\/v2\/comments?post=9599"}],"version-history":[{"count":3,"href":"https:\/\/www.electroluxprofessional.com\/hu\/wp-json\/wp\/v2\/pages\/9599\/revisions"}],"predecessor-version":[{"id":9722,"href":"https:\/\/www.electroluxprofessional.com\/hu\/wp-json\/wp\/v2\/pages\/9599\/revisions\/9722"}],"up":[{"embeddable":true,"href":"https:\/\/www.electroluxprofessional.com\/hu\/wp-json\/wp\/v2\/pages\/9411"}],"wp:attachment":[{"href":"https:\/\/www.electroluxprofessional.com\/hu\/wp-json\/wp\/v2\/media?parent=9599"}],"curies":[{"name":"wp","href":"https:\/\/api.w.org\/{rel}","templated":true}]}}