{"id":9595,"date":"2025-12-08T09:22:27","date_gmt":"2025-12-08T09:22:27","guid":{"rendered":"https:\/\/www.electroluxprofessional.com\/hu\/?page_id=9595"},"modified":"2025-12-10T00:36:45","modified_gmt":"2025-12-10T00:36:45","slug":"speedelight-high-speed-cooking-solution","status":"publish","type":"page","link":"https:\/\/www.electroluxprofessional.com\/hu\/speedelight-high-speed-cooking-solution\/","title":{"rendered":"SpeeDelight nagy sebess\u00e9g\u0171 s\u00fct\u00e9s"},"content":{"rendered":"<p>[vc_row full_width=&#8221;electroluxpro-full-width-no-padding&#8221;][vc_column][elx_image_block background_image=&#8221;9593&#8243; minimum_height=&#8221;350px&#8221;][\/vc_column][\/vc_row][vc_row][vc_column][elx_heading font_container=&#8221;h1&#8243; text_color=&#8221;inherit&#8221; text_align=&#8221;text-center&#8221;]SpeeDelight<br \/>\ngyorsf\u0151z\u0151 megold\u00e1s[\/elx_heading][elx_heading font_container=&#8221;h3&#8243; text_color=&#8221;inherit&#8221; text_align=&#8221;text-center&#8221;]Gyors\u00e9tel m\u00e9g soha nem \u00edzlett ennyire[\/elx_heading][vc_empty_space][vc_empty_space][\/vc_column][\/vc_row][vc_row][vc_column width=&#8221;1\/6&#8243;][vc_empty_space][\/vc_column][vc_column width=&#8221;2\/6&#8243;][vc_column_text]A <strong>SpeeDelight-ta<\/strong>l szabad kezet kap, hogy <strong>vegy\u00edteni tudja a gyorsas\u00e1got, a min\u0151s\u00e9get \u00e9s a kreativit\u00e1st<\/strong>: lehet v\u00e9nl\u00e1ny f\u0151z\u00e9s k\u00f6zben, de lehet maga az adu\u00e1sz, ha az \u00fczletr\u0151l ker\u00fcl sor.<\/p>\n<p>&nbsp;<\/p>\n<h2 data-ccp-props=\"{&quot;335551550&quot;:1,&quot;335551620&quot;:1,&quot;335559683&quot;:0,&quot;335559685&quot;:0,&quot;335559731&quot;:0,&quot;335559737&quot;:0,&quot;335562764&quot;:2,&quot;335562765&quot;:1,&quot;335562766&quot;:4,&quot;335562767&quot;:0,&quot;335562768&quot;:4,&quot;335562769&quot;:0}\"><b><span data-scheme-color=\"@FFFFFF,0,\" data-usefontface=\"true\" data-contrast=\"none\">Ak\u00e1r napi 1000 lefut\u00e1s!<\/span><\/b>\u200b<\/h2>\n<p>&nbsp;<\/p>\n<p><b><span data-scheme-color=\"@FFFFFF,0,\" data-usefontface=\"true\" data-contrast=\"none\">Rendk\u00edv\u00fcli megb\u00edzhat\u00f3s\u00e1g.<\/span><\/b><b><span data-scheme-color=\"@FFFFFF,0,\" data-usefontface=\"true\" data-contrast=\"none\">\u00a0<\/span><\/b><span data-scheme-color=\"@FFFFFF,0,\" data-usefontface=\"true\" data-contrast=\"none\">K\u00f6nny\u0171 tiszt\u00edt\u00e1si\u00a0<\/span><span data-scheme-color=\"@FFFFFF,0,\" data-usefontface=\"true\" data-contrast=\"none\">m\u0171veletek \u00e9s alacsony munkaer\u0151k\u00f6lts\u00e9g\u00a0<\/span><span data-scheme-color=\"@FFFFFF,0,\" data-usefontface=\"true\" data-contrast=\"none\"><strong>a tapad\u00e1smentes t\u00e1lc\u00e1nak k\u00f6sz\u00f6nhet\u0151en<\/strong>. Egy kicsike t\u00e1rgy\u00a0<\/span><span data-scheme-color=\"@FFFFFF,0,\" data-usefontface=\"true\" data-contrast=\"none\">amely nagy megb\u00edzhat\u00f3s\u00e1got \u00e9s\u00a0<\/span><span data-scheme-color=\"@FFFFFF,0,\" data-usefontface=\"true\" data-contrast=\"none\">z\u00f6kken\u0151mentes m\u0171veleteket garant\u00e1l<\/span><span data-scheme-color=\"@FFFFFF,0,\" data-usefontface=\"true\" data-contrast=\"none\">.\u00a0<\/span>[\/vc_column_text][\/vc_column][vc_column width=&#8221;2\/6&#8243;][vc_single_image image=&#8221;8397&#8243; img_size=&#8221;medium&#8221; alignment=&#8221;center&#8221;][elx_download_block text=&#8221;SpeeDelight brochure&#8221; document_type=&#8221;brochures&#8221; background_color=&#8221;electrolux-blue&#8221; br_document_number=&#8221;BR-9JE00128&#8243;][\/vc_column][vc_column width=&#8221;1\/6&#8243;][vc_empty_space][\/vc_column][\/vc_row][vc_row][vc_column width=&#8221;1\/6&#8243;][vc_empty_space][\/vc_column][vc_column width=&#8221;4\/6&#8243;][\/vc_column][vc_column width=&#8221;1\/6&#8243;][vc_empty_space][\/vc_column][\/vc_row][vc_row][vc_column][vc_empty_space][\/vc_column][\/vc_row][vc_row][vc_column width=&#8221;1\/3&#8243;][vc_single_image image=&#8221;9584&#8243; img_size=&#8221;140&#215;140&#8243; alignment=&#8221;center&#8221;][elx_heading font_size=&#8221;h3&#8243; text_color=&#8221;inherit&#8221; text_align=&#8221;text-center&#8221;]TRIPLE<br \/>\nPLAY<br \/>\n[\/elx_heading][vc_empty_space][vc_column_text]<\/p>\n<h5><strong>P\u00e1ratlan f\u0151z\u00e9si<br \/>\nteljes\u00edtm\u00e9ny<\/strong><\/h5>\n<p>Szak\u00e1cshoz m\u00e9lt\u00f3 falatok 3 f\u0151z\u00e9si technol\u00f3gia: <strong>a kontaktgrill<\/strong>,<strong> az infrav\u00f6r\u00f6s sug\u00e1rz\u00e1s<\/strong> \u00e9s <strong>a mikrohull\u00e1m<\/strong> vegy\u00edt\u00e9s\u00e9nek k\u00f6sz\u00f6nhet\u0151en.<\/p>\n<p><strong>Ahhoz, hogy az \u00e9tel:<\/strong><br \/>\nk\u00edv\u00fcl ropog\u00f3s, bel\u00fcl pedig t\u00f6k\u00e9letesen \u00e1ts\u00fclt legyen.[\/vc_column_text][\/vc_column][vc_column width=&#8221;1\/3&#8243;][vc_single_image image=&#8221;9585&#8243; img_size=&#8221;140&#215;140&#8243; alignment=&#8221;center&#8221;][elx_heading font_size=&#8221;h3&#8243; text_color=&#8221;inherit&#8221; text_align=&#8221;text-center&#8221;]SEG\u00cdTS\u00c9GET NY\u00daJT<br \/>\n\u00d6NNEK[\/elx_heading][vc_empty_space][vc_column_text]<\/p>\n<h5><strong>Nem kell agg\u00f3dni<br \/>\na kivitel\u00e9rt<\/strong><\/h5>\n<p>Nyomja le a gombot \u00e9s a feladat m\u00e1r meg is old\u00f3dott: <strong>a fed\u0151 automatikusan megemelkedik<\/strong>, amint a snack elk\u00e9sz\u00fclt.<\/p>\n<p><strong><br \/>\nAhhoz, hogy az \u00e9tel:<br \/>\n<\/strong>ne \u00e9gjen meg, \u00d6n pedig nyugodtan elfoglalja mag\u00e1t valami m\u00e1ssal![\/vc_column_text][\/vc_column][vc_column width=&#8221;1\/3&#8243;][vc_single_image image=&#8221;9586&#8243; img_size=&#8221;140&#215;140&#8243; alignment=&#8221;center&#8221;][elx_heading font_size=&#8221;h3&#8243; text_color=&#8221;inherit&#8221; text_align=&#8221;text-center&#8221;]T\u00d6K\u00c9LETES FACSAR\u00c1S[\/elx_heading][vc_empty_space][vc_column_text]<\/p>\n<h5><strong>Az intelligens<br \/>\nfacsar\u00f3<\/strong><\/h5>\n<p>A fels\u0151 t\u00e1l \u00e9ppen a megfelel\u0151 nyom\u00e1st gyakorolva automatikusan nehez\u00fcl az \u00e9telre.<\/p>\n<p>&nbsp;<\/p>\n<p><strong>Ahhoz, hogy az \u00e9tel:<\/strong><br \/>\nne tartalmazzon t\u00fals\u00e1gosan lelap\u00edtott vagy nem el\u00e9g ropog\u00f3s szendvicseket.[\/vc_column_text][\/vc_column][\/vc_row][vc_row css=&#8221;.vc_custom_1555332382634{margin-right: 0px !important;border-right-width: 0px !important;padding-right: 0px !important;}&#8221;][vc_column][vc_empty_space][elx_heading font_size=&#8221;h3&#8243; text_color=&#8221;inherit&#8221; text_align=&#8221;text-center&#8221;]Az Electrolux Professional SpeeDelight d\u00edjai[\/elx_heading][vc_column_text]<\/p>\n<p style=\"text-align: center;\">A SpeeDelight term\u00e9k bevezet\u00e9s\u00e9nek \u00e9v\u00e9ben t\u00f6bb d\u00edjat is elnyert.<\/p>\n<p>[\/vc_column_text][vc_empty_space][vc_row_inner][vc_column_inner width=&#8221;1\/4&#8243;][vc_single_image image=&#8221;8392&#8243; img_size=&#8221;medium&#8221; css=&#8221;.vc_custom_1555332742720{margin-right: 20px !important;border-right-width: 20px !important;padding-right: 20px !important;}&#8221;][\/vc_column_inner][vc_column_inner width=&#8221;1\/4&#8243;][vc_empty_space][vc_empty_space][vc_single_image image=&#8221;9587&#8243; img_size=&#8221;full&#8221; css=&#8221;.vc_custom_1555332751408{margin-right: 20px !important;border-right-width: 20px !important;padding-right: 20px !important;}&#8221;][\/vc_column_inner][vc_column_inner width=&#8221;1\/4&#8243;][vc_single_image image=&#8221;9588&#8243; img_size=&#8221;medium&#8221; css=&#8221;.vc_custom_1555332759996{margin-right: 20px !important;border-right-width: 20px !important;padding-right: 20px !important;}&#8221;][\/vc_column_inner][vc_column_inner width=&#8221;1\/4&#8243;][vc_single_image image=&#8221;8395&#8243; img_size=&#8221;medium&#8221; css=&#8221;.vc_custom_1555332768544{margin-right: 20px !important;border-right-width: 20px !important;padding-right: 20px !important;}&#8221;][\/vc_column_inner][\/vc_row_inner][vc_row_inner][vc_column_inner width=&#8221;1\/4&#8243;][vc_empty_space][elx_button button_text=&#8221;Tov\u00e1bbiak felfedez\u00e9se&#8221; button_link=&#8221;url:https%3A%2F%2Fwww.electroluxprofessional.com%2Fspeedelight-takes-top-prize-plus-x-awards%2F|title:SpeeDelight%20Plus%20X%20award&#8221;][vc_empty_space][\/vc_column_inner][vc_column_inner width=&#8221;1\/4&#8243;][vc_empty_space][elx_button button_text=&#8221;Tov\u00e1bbiak felfedez\u00e9se&#8221; button_link=&#8221;url:https%3A%2F%2Fwww.electroluxprofessional.com%2Fspeedelight-achieved-good-design-award-2017%2F|title:SpeeDelight%20Good%20Design%20award%202017&#8243;][vc_empty_space][\/vc_column_inner][vc_column_inner width=&#8221;1\/4&#8243;][vc_empty_space][elx_button button_text=&#8221;Tov\u00e1bbiak felfedez\u00e9se&#8221; button_link=&#8221;url:https%3A%2F%2Fwww.electroluxprofessional.com%2Fspeedelight-janus-de-lindustrie-winner%2F|title:SpeeDelight%20Janus%20De%20L&#8217;Industrie%20award%202017&#8243;][vc_empty_space][\/vc_column_inner][vc_column_inner width=&#8221;1\/4&#8243;][vc_empty_space][elx_button button_text=&#8221;Tov\u00e1bbiak felfedez\u00e9se&#8221; button_link=&#8221;url:https%3A%2F%2Fwww.electroluxprofessional.com%2Fspeedelight-wins-product-excellence-awards-2017%2F|title:SpeeDelight%20Product%20Excellence%20award%202017&#8243;][vc_empty_space][\/vc_column_inner][\/vc_row_inner][\/vc_column][\/vc_row][vc_row][vc_column][vc_empty_space][elx_heading font_size=&#8221;h3&#8243; text_color=&#8221;inherit&#8221; text_align=&#8221;text-center&#8221;]A kreat\u00edv \u00e9telk\u00e9sz\u00edt\u00e9s<br \/>\nsoha nem volt enn\u00e9l k\u00f6nnyebb[\/elx_heading][vc_empty_space][\/vc_column][\/vc_row][vc_row content_placement=&#8221;top&#8221;][vc_column width=&#8221;1\/4&#8243;][vc_empty_space][\/vc_column][vc_column width=&#8221;1\/4&#8243;][elx_simple_link_block link=&#8221;url:https%3A%2F%2Fwww.electroluxprofessional.com%2Fmy-professional%2Fspeedelight-menu-editor%2F|title:SpeeDelight%20menu%20icons%20editor&#8221; text_align=&#8221;text-left&#8221; text_color=&#8221;inherit&#8221; background_color=&#8221;inherit&#8221; background_hover_color=&#8221;darker-hover&#8221; extra_class=&#8221;&#8221; reveal_effect=&#8221;&#8221; reveal_duration=&#8221;&#8221; reveal_delay=&#8221;&#8221;][vc_single_image image=&#8221;9589&#8243; img_size=&#8221;medium&#8221; alignment=&#8221;center&#8221; style=&#8221;vc_box_circle_2&#8243;][elx_heading font_size=&#8221;h5&#8243; text_color=&#8221;cat-cook&#8221; text_align=&#8221;text-center&#8221;]SpeeDelight men\u00fcikon szerkeszt\u0151[\/elx_heading][vc_column_text]<\/p>\n<p style=\"text-align: center;\">Szabja testre az ikonokat \u00e9s mindenkorra k\u00f6nny\u00edtse meg az alkalmazottainak a t\u00f6k\u00e9letes recept kiv\u00e1laszt\u00e1s\u00e1t!<\/p>\n<p>[\/vc_column_text][\/elx_simple_link_block][elx_button button_text=&#8221;Customize your icons&#8221; button_link=&#8221;url:https%3A%2F%2Fwww.electroluxprofessional.com%2Fmy-professional%2Fspeedelight-menu-editor%2F|title:speedelight%20menu%20editor&#8221;][\/vc_column][vc_column width=&#8221;1\/4&#8243;][elx_simple_link_block link=&#8221;url:https%3A%2F%2Fwww.electroluxprofessional.com%2Fhu%2F%2Fcommercial-kitchen-equipment%2Fspeedelight-high-speed-cooking-solution%2Fspeedelight-productivity-savings%2F|title:SpeeDelight%20calculate%20savings||&#8221; text_align=&#8221;text-left&#8221; text_color=&#8221;inherit&#8221; background_color=&#8221;inherit&#8221; background_hover_color=&#8221;darker-hover&#8221; extra_class=&#8221;&#8221; reveal_effect=&#8221;&#8221; reveal_duration=&#8221;&#8221; reveal_delay=&#8221;&#8221;][vc_single_image image=&#8221;9590&#8243; img_size=&#8221;150&#215;150&#8243; alignment=&#8221;center&#8221; style=&#8221;vc_box_circle_2&#8243;][elx_heading font_size=&#8221;h5&#8243; text_color=&#8221;cat-cook&#8221; text_align=&#8221;text-center&#8221;]Minim\u00e1lis er\u0151fesz\u00edt\u00e9s maxim\u00e1lis teljes\u00edtm\u00e9nnyel[\/elx_heading][vc_column_text]<\/p>\n<p style=\"text-align: center;\">Fedezzen fel \u00fajfajta termel\u00e9kenys\u00e9get \u00e9s megtakar\u00edt\u00e1sokat a SpeeDelight seg\u00edts\u00e9g\u00e9vel.<\/p>\n<p>[\/vc_column_text][\/elx_simple_link_block][elx_button button_text=&#8221;Calculate now&#8221; button_link=&#8221;url:https%3A%2F%2Fwww.electroluxprofessional.com%2Fcommercial-kitchen-equipment%2Fspeedelight-high-speed-cooking-solution%2Fspeedelight-productivity-savings%2F|title:speedelight%20productivity%20savings&#8221;][\/vc_column][vc_column width=&#8221;1\/4&#8243;][vc_empty_space][\/vc_column][\/vc_row][vc_row][vc_column][vc_empty_space][\/vc_column][\/vc_row][vc_row css=&#8221;.vc_custom_1522240715680{background-color: #eeeeee !important;}&#8221;][vc_column width=&#8221;1\/2&#8243;][vc_empty_space height=&#8221;55px&#8221;][vc_single_image image=&#8221;9591&#8243; img_size=&#8221;full&#8221;][vc_empty_space height=&#8221;30px&#8221;][\/vc_column][vc_column width=&#8221;1\/2&#8243;][vc_empty_space height=&#8221;60px&#8221;][elx_heading font_size=&#8221;h3&#8243; text_color=&#8221;orange&#8221;]Csak dugja be, \u00e9s tegye le a terheket![\/elx_heading][vc_column_text]A kisv\u00e1llalkoz\u00e1sokn\u00e1l a mobilit\u00e1st biztos\u00edt\u00f3, <strong>rugalmas megold\u00e1sok<\/strong> sz\u00e1m\u00edtanak igaz\u00e1n<br \/>\nTegye kedve szerint b\u00e1rhov\u00e1: az \u00faj SpeeDelight PEP k\u00e9sz\u00fcl\u00e9khez mind\u00f6ssze egy <strong>egyf\u00e1zis\u00fa dug\u00f3ra<\/strong> lesz sz\u00fcks\u00e9ge, hogy nekil\u00e1thasson a kiv\u00e1l\u00f3 min\u0151s\u00e9g \u00e9telek elk\u00e9sz\u00edt\u00e9s\u00e9nek az elektromos rendszer korl\u00e1toz\u00e1sa n\u00e9lk\u00fcl (az \u00f6sszes felhaszn\u00e1lt energia 3 kW).[\/vc_column_text][vc_empty_space height=&#8221;30px&#8221;][elx_download_block text=&#8221;Download SpeeDelight PEP leaflet&#8221; document_type=&#8221;leaflets&#8221; background_color=&#8221;electrolux-blue&#8221; le_document_number=&#8221;CLF-9JE00159&#8243;][\/vc_column][\/vc_row][vc_row][vc_column][vc_empty_space height=&#8221;50px&#8221;][elx_heading font_size=&#8221;h3&#8243; text_color=&#8221;inherit&#8221; text_align=&#8221;text-left&#8221;]<strong>Tartoz\u00e9kok \u00e9s fogy\u00f3eszk\u00f6z\u00f6k<\/strong><br \/>\naz els\u0151rend\u0171 karbantart\u00e1s\u00e9rt<br \/>\n[\/elx_heading][vc_empty_space][vc_row_inner css=&#8221;.vc_custom_1484554869336{margin-left: 0px !important;border-left-width: 0px !important;padding-left: 0px !important;}&#8221;][vc_column_inner width=&#8221;1\/2&#8243; css=&#8221;.vc_custom_1484554876152{margin-left: 0px !important;border-left-width: 0px !important;padding-left: 0px !important;}&#8221;][elx_heading font_container=&#8221;h3&#8243; font_size=&#8221;h5&#8243; text_color=&#8221;inherit&#8221; text_align=&#8221;text-left&#8221;]Hab a tort\u00e1n<br \/>\nMegnyugtat\u00f3 megold\u00e1sok \u00dcgyf\u00e9lszolg\u00e1lati csomagunknak k\u00f6sz\u00f6nhet\u0151en[\/elx_heading][vc_column_text]<br \/>\n&gt;<br \/>\nA k\u00e9szlettel cs\u00facsform\u00e1ban tarthat\u00f3 a gyorsf\u0151z\u0151 k\u00e9sz\u00fcl\u00e9k, hogy tehesse a dolg\u00e1t, amire a legalkalmasabb. R\u00e9szei: kefe, spatula, kapar\u00f3, levehet\u0151 teflonlap, s\u00fct\u0151pap\u00edr, szilikon v\u00e9d\u0151, tiszt\u00edt\u00f3 megold\u00e1sok, gyors zs\u00edrz\u00e1s.<\/p>\n<p>[\/vc_column_text][vc_empty_space][elx_shop_now button_text=&#8221;V\u00c1S\u00c1RL\u00c1S MOST&#8221; button_display_block=&#8221;display_block_on&#8221; button_alignment=&#8221;align_center&#8221; button_link=&#8221;url:https%3A%2F%2Fwww.electroluxprofessional.com%2Fhu%2Fertekesitesi-es-szerviz-lokator%2F&#8221;][vc_empty_space][\/vc_column_inner][vc_column_inner width=&#8221;1\/2&#8243;][vc_single_image image=&#8221;9592&#8243; img_size=&#8221;full&#8221;][\/vc_column_inner][\/vc_row_inner][vc_empty_space height=&#8221;50px&#8221;][\/vc_column][\/vc_row][vc_row disable_element=&#8221;yes&#8221;][vc_column width=&#8221;1\/2&#8243;][elx_heading text_color=&#8221;inherit&#8221; text_align=&#8221;text-left&#8221;]Oktat\u00f3 vide\u00f3k[\/elx_heading][elx_video_block background_image=&#8221;3548&#8243; video_link=&#8221;https:\/\/www.youtube.com\/watch?v=MOMy6oeay_I&amp;list=PLn-GI5LWCZdSIQ75TtHvUSGHNPA-L_7AH&#8221; minimum_height=&#8221;350px&#8221;][vc_column_text]N\u00e9zze meg \u0151ket \u00e9s tudjon meg t\u00f6bbet arr\u00f3l, hogyan kell fel\u00e1ll\u00edtani \u00e9s megtiszt\u00edtani a SpeeDelight k\u00e9sz\u00fcl\u00e9ket.[\/vc_column_text][\/vc_column][vc_column width=&#8221;1\/2&#8243;][elx_heading text_color=&#8221;inherit&#8221; text_align=&#8221;text-left&#8221;]Tiszt\u00edt\u00e1sra vonatkoz\u00f3 oktat\u00f3anyag[\/elx_heading][elx_video_block background_image=&#8221;9594&#8243; video_link=&#8221;https:\/\/www.youtube.com\/watch?v=lKtZd5NSDIk&#8221; minimum_height=&#8221;350px&#8221;][vc_column_text]N\u00e9zze meg \u0151ket \u00e9s tudja meg, hogyan kell megtiszt\u00edtani a SpeeDelight k\u00e9sz\u00fcl\u00e9ket.[\/vc_column_text][\/vc_column][\/vc_row][vc_row][vc_column css=&#8221;.vc_custom_1484036190001{margin-top: 0px !important;border-top-width: 0px !important;padding-top: 0px !important;}&#8221;][elx_heading font_container=&#8221;h3&#8243; text_color=&#8221;inherit&#8221; text_align=&#8221;text-left&#8221;]Forradalmas\u00edtsa a v\u00e1llalkoz\u00e1s\u00e1t[\/elx_heading][elx_o2000_contact_us s=&#8221;{customtag:7}&#8221; b=&#8221;food&#8221; container=&#8221;elxcontactus1481115393&#8243; r=&#8221;{customtag:8}&#8221;][\/vc_column][\/vc_row][vc_row][vc_column][vc_empty_space height=&#8221;50px&#8221;][\/vc_column][\/vc_row][vc_row][vc_column][elx_heading font_size=&#8221;h3&#8243; text_color=&#8221;inherit&#8221;]SpeeDelight[\/elx_heading][\/vc_column][\/vc_row][vc_row css=&#8221;.vc_custom_1518096395283{background-color: #eeeeee !important;}&#8221;][vc_column][vc_empty_space][elx_heading font_size=&#8221;h3&#8243; text_color=&#8221;inherit&#8221; text_align=&#8221;text-left&#8221;]Tal\u00e1lja meg mag\u00e1nak a teljes k\u00f6r\u0171 megold\u00e1st[\/elx_heading][\/vc_column][\/vc_row][vc_row css=&#8221;.vc_custom_1518096402125{background-color: #eeeeee !important;}&#8221;][vc_column width=&#8221;1\/3&#8243;][elx_maylike_box id_box=&#8221;3771&#8243;][\/vc_column][vc_column width=&#8221;1\/3&#8243;][elx_maylike_box id_box=&#8221;3770&#8243;][\/vc_column][vc_column width=&#8221;1\/3&#8243; matched_labels_action=&#8221;hide&#8221; matched_labels=&#8221;10&#8243;][elx_maylike_box id_box=&#8221;3682&#8243;][\/vc_column][\/vc_row][vc_row][vc_column][vc_column_text]<br \/>\n&gt;<br \/>\n[\/vc_column_text][\/vc_column][\/vc_row]<\/p>\n","protected":false},"excerpt":{"rendered":"<p>[vc_row full_width=&#8221;electroluxpro-full-width-no-padding&#8221;][vc_column][elx_image_block background_image=&#8221;9593&#8243; minimum_height=&#8221;350px&#8221;][\/vc_column][\/vc_row][vc_row][vc_column][elx_heading font_container=&#8221;h1&#8243; text_color=&#8221;inherit&#8221; text_align=&#8221;text-center&#8221;]SpeeDelight gyorsf\u0151z\u0151 megold\u00e1s[\/elx_heading][elx_heading font_container=&#8221;h3&#8243; text_color=&#8221;inherit&#8221; text_align=&#8221;text-center&#8221;]Gyors\u00e9tel m\u00e9g soha nem \u00edzlett ennyire[\/elx_heading][vc_empty_space][vc_empty_space][\/vc_column][\/vc_row][vc_row][vc_column width=&#8221;1\/6&#8243;][vc_empty_space][\/vc_column][vc_column width=&#8221;2\/6&#8243;][vc_column_text]A SpeeDelight-tal szabad kezet kap, hogy vegy\u00edteni tudja a gyorsas\u00e1got, a min\u0151s\u00e9get \u00e9s a kreativit\u00e1st: lehet v\u00e9nl\u00e1ny f\u0151z\u00e9s k\u00f6zben, de lehet maga az adu\u00e1sz, ha az \u00fczletr\u0151l ker\u00fcl sor. &nbsp; Ak\u00e1r napi 1000 lefut\u00e1s!\u200b &nbsp; Rendk\u00edv\u00fcli megb\u00edzhat\u00f3s\u00e1g.\u00a0K\u00f6nny\u0171 [&hellip;]<\/p>\n","protected":false},"author":53,"featured_media":0,"parent":0,"menu_order":0,"comment_status":"closed","ping_status":"closed","template":"","meta":{"footnotes":""},"class_list":["post-9595","page","type-page","status-publish","hentry"],"yoast_head":"<!-- This site is optimized with the Yoast SEO plugin v23.3 - https:\/\/yoast.com\/wordpress\/plugins\/seo\/ -->\n<title>SpeeDelight nagy sebess\u00e9g\u0171 s\u00fct\u00e9s - Electrolux Professional Magyarorsz\u00e1g<\/title>\n<meta name=\"description\" content=\"Discover the new Electrolux SpeeDelight high speed cooking device and snack grill. Fast has never tasted so good and profitable for your business.\" \/>\n<meta name=\"robots\" content=\"index, follow, max-snippet:-1, max-image-preview:large, max-video-preview:-1\" \/>\n<link rel=\"canonical\" href=\"https:\/\/www.electroluxprofessional.com\/hu\/speedelight-high-speed-cooking-solution\/\" \/>\n<meta property=\"og:locale\" content=\"hu_HU\" \/>\n<meta property=\"og:type\" content=\"article\" \/>\n<meta property=\"og:title\" content=\"SpeeDelight nagy sebess\u00e9g\u0171 s\u00fct\u00e9s - Electrolux Professional Magyarorsz\u00e1g\" \/>\n<meta property=\"og:description\" content=\"Discover the new Electrolux SpeeDelight high speed cooking device and snack grill. Fast has never tasted so good and profitable for your business.\" \/>\n<meta property=\"og:url\" content=\"https:\/\/www.electroluxprofessional.com\/hu\/speedelight-high-speed-cooking-solution\/\" \/>\n<meta property=\"og:site_name\" content=\"Electrolux Professional Magyarorsz\u00e1g\" \/>\n<meta property=\"article:modified_time\" content=\"2025-12-10T00:36:45+00:00\" \/>\n<meta name=\"twitter:card\" content=\"summary_large_image\" \/>\n<meta name=\"twitter:label1\" content=\"Becs\u00fclt olvas\u00e1si id\u0151\" \/>\n\t<meta name=\"twitter:data1\" content=\"7 perc\" \/>\n<script type=\"application\/ld+json\" class=\"yoast-schema-graph\">{\"@context\":\"https:\/\/schema.org\",\"@graph\":[{\"@type\":\"WebPage\",\"@id\":\"https:\/\/www.electroluxprofessional.com\/hu\/speedelight-high-speed-cooking-solution\/\",\"url\":\"https:\/\/www.electroluxprofessional.com\/hu\/speedelight-high-speed-cooking-solution\/\",\"name\":\"SpeeDelight nagy sebess\u00e9g\u0171 s\u00fct\u00e9s - Electrolux Professional Magyarorsz\u00e1g\",\"isPartOf\":{\"@id\":\"https:\/\/www.electroluxprofessional.com\/hu\/#website\"},\"datePublished\":\"2025-12-08T09:22:27+00:00\",\"dateModified\":\"2025-12-10T00:36:45+00:00\",\"description\":\"Discover the new Electrolux SpeeDelight high speed cooking device and snack grill. Fast has never tasted so good and profitable for your business.\",\"breadcrumb\":{\"@id\":\"https:\/\/www.electroluxprofessional.com\/hu\/speedelight-high-speed-cooking-solution\/#breadcrumb\"},\"inLanguage\":\"hu\",\"potentialAction\":[{\"@type\":\"ReadAction\",\"target\":[\"https:\/\/www.electroluxprofessional.com\/hu\/speedelight-high-speed-cooking-solution\/\"]}]},{\"@type\":\"BreadcrumbList\",\"@id\":\"https:\/\/www.electroluxprofessional.com\/hu\/speedelight-high-speed-cooking-solution\/#breadcrumb\",\"itemListElement\":[{\"@type\":\"ListItem\",\"position\":1,\"name\":\"Home\",\"item\":\"https:\/\/www.electroluxprofessional.com\/hu\/\"},{\"@type\":\"ListItem\",\"position\":2,\"name\":\"SpeeDelight nagy sebess\u00e9g\u0171 s\u00fct\u00e9s\"}]},{\"@type\":\"WebSite\",\"@id\":\"https:\/\/www.electroluxprofessional.com\/hu\/#website\",\"url\":\"https:\/\/www.electroluxprofessional.com\/hu\/\",\"name\":\"Electrolux Professional Magyarorsz\u00e1g\",\"description\":\"\",\"potentialAction\":[{\"@type\":\"SearchAction\",\"target\":{\"@type\":\"EntryPoint\",\"urlTemplate\":\"https:\/\/www.electroluxprofessional.com\/hu\/?src={search_term_string}\"},\"query-input\":\"required name=search_term_string\"}],\"inLanguage\":\"hu\"}]}<\/script>\n<!-- \/ Yoast SEO plugin. -->","yoast_head_json":{"title":"SpeeDelight nagy sebess\u00e9g\u0171 s\u00fct\u00e9s - Electrolux Professional Magyarorsz\u00e1g","description":"Discover the new Electrolux SpeeDelight high speed cooking device and snack grill. Fast has never tasted so good and profitable for your business.","robots":{"index":"index","follow":"follow","max-snippet":"max-snippet:-1","max-image-preview":"max-image-preview:large","max-video-preview":"max-video-preview:-1"},"canonical":"https:\/\/www.electroluxprofessional.com\/hu\/speedelight-high-speed-cooking-solution\/","og_locale":"hu_HU","og_type":"article","og_title":"SpeeDelight nagy sebess\u00e9g\u0171 s\u00fct\u00e9s - Electrolux Professional Magyarorsz\u00e1g","og_description":"Discover the new Electrolux SpeeDelight high speed cooking device and snack grill. Fast has never tasted so good and profitable for your business.","og_url":"https:\/\/www.electroluxprofessional.com\/hu\/speedelight-high-speed-cooking-solution\/","og_site_name":"Electrolux Professional Magyarorsz\u00e1g","article_modified_time":"2025-12-10T00:36:45+00:00","twitter_card":"summary_large_image","twitter_misc":{"Becs\u00fclt olvas\u00e1si id\u0151":"7 perc"},"schema":{"@context":"https:\/\/schema.org","@graph":[{"@type":"WebPage","@id":"https:\/\/www.electroluxprofessional.com\/hu\/speedelight-high-speed-cooking-solution\/","url":"https:\/\/www.electroluxprofessional.com\/hu\/speedelight-high-speed-cooking-solution\/","name":"SpeeDelight nagy sebess\u00e9g\u0171 s\u00fct\u00e9s - Electrolux Professional Magyarorsz\u00e1g","isPartOf":{"@id":"https:\/\/www.electroluxprofessional.com\/hu\/#website"},"datePublished":"2025-12-08T09:22:27+00:00","dateModified":"2025-12-10T00:36:45+00:00","description":"Discover the new Electrolux SpeeDelight high speed cooking device and snack grill. Fast has never tasted so good and profitable for your business.","breadcrumb":{"@id":"https:\/\/www.electroluxprofessional.com\/hu\/speedelight-high-speed-cooking-solution\/#breadcrumb"},"inLanguage":"hu","potentialAction":[{"@type":"ReadAction","target":["https:\/\/www.electroluxprofessional.com\/hu\/speedelight-high-speed-cooking-solution\/"]}]},{"@type":"BreadcrumbList","@id":"https:\/\/www.electroluxprofessional.com\/hu\/speedelight-high-speed-cooking-solution\/#breadcrumb","itemListElement":[{"@type":"ListItem","position":1,"name":"Home","item":"https:\/\/www.electroluxprofessional.com\/hu\/"},{"@type":"ListItem","position":2,"name":"SpeeDelight nagy sebess\u00e9g\u0171 s\u00fct\u00e9s"}]},{"@type":"WebSite","@id":"https:\/\/www.electroluxprofessional.com\/hu\/#website","url":"https:\/\/www.electroluxprofessional.com\/hu\/","name":"Electrolux Professional Magyarorsz\u00e1g","description":"","potentialAction":[{"@type":"SearchAction","target":{"@type":"EntryPoint","urlTemplate":"https:\/\/www.electroluxprofessional.com\/hu\/?src={search_term_string}"},"query-input":"required name=search_term_string"}],"inLanguage":"hu"}]}},"_links":{"self":[{"href":"https:\/\/www.electroluxprofessional.com\/hu\/wp-json\/wp\/v2\/pages\/9595"}],"collection":[{"href":"https:\/\/www.electroluxprofessional.com\/hu\/wp-json\/wp\/v2\/pages"}],"about":[{"href":"https:\/\/www.electroluxprofessional.com\/hu\/wp-json\/wp\/v2\/types\/page"}],"author":[{"embeddable":true,"href":"https:\/\/www.electroluxprofessional.com\/hu\/wp-json\/wp\/v2\/users\/53"}],"replies":[{"embeddable":true,"href":"https:\/\/www.electroluxprofessional.com\/hu\/wp-json\/wp\/v2\/comments?post=9595"}],"version-history":[{"count":1,"href":"https:\/\/www.electroluxprofessional.com\/hu\/wp-json\/wp\/v2\/pages\/9595\/revisions"}],"predecessor-version":[{"id":9707,"href":"https:\/\/www.electroluxprofessional.com\/hu\/wp-json\/wp\/v2\/pages\/9595\/revisions\/9707"}],"wp:attachment":[{"href":"https:\/\/www.electroluxprofessional.com\/hu\/wp-json\/wp\/v2\/media?parent=9595"}],"curies":[{"name":"wp","href":"https:\/\/api.w.org\/{rel}","templated":true}]}}