{"id":9427,"date":"2025-12-02T03:54:09","date_gmt":"2025-12-02T03:54:09","guid":{"rendered":"https:\/\/www.electroluxprofessional.com\/hu\/?page_id=9427"},"modified":"2025-12-08T06:21:22","modified_gmt":"2025-12-08T06:21:22","slug":"mypro-xl-laundry-small-business","status":"publish","type":"page","link":"https:\/\/www.electroluxprofessional.com\/hu\/mypro-xl-laundry-small-business\/","title":{"rendered":"myPRO XL laundry solutions for small business with big loads"},"content":{"rendered":"<p>[vc_row full_width=&#8221;electroluxpro-full-width-no-padding&#8221; css=&#8221;.vc_custom_1618191495061{margin-top: -50px !important;border-top-width: -30px !important;padding-top: -30px !important;}&#8221;][vc_column][elx_full_banner title=&#8221;myPRO<sup>XL <\/sup> \u2013 Maxim\u00e1lis tart\u00f3ss\u00e1g 12 kg-os megold\u00e1sban&#8221; background_image_media_library=&#8221;9425&#8243; background_image_media_library_mobile=&#8221;9426&#8243; link=&#8221;url:%23contact|title:Fedezze%20fel%20t%C3%B6bbet&#8221;][elx_download_block text=&#8221;T\u00f6ltse le a myPRO<sup>XL<\/sup> prospektust&#8221; document_type=&#8221;leaflets&#8221; background_color=&#8221;electrolux-blue&#8221; background_hover_color=&#8221;lighter-hover&#8221; le_document_number=&#8221;CLF-9JE00238&#8243;][\/vc_column][\/vc_row][vc_row css=&#8221;.vc_custom_1618350392700{background-color: #e2e2e2 !important;}&#8221;][vc_column][elx_heading font_container=&#8221;h1&#8243; text_color=&#8221;inherit&#8221;]Mosodai megold\u00e1sok kisv\u00e1llalkoz\u00e1soknak nagy terhel\u00e9shez[\/elx_heading][vc_empty_space][vc_column_text]<strong>A myPRO<sup>XL<\/sup><\/strong> ide\u00e1lis mosodai megold\u00e1s azoknak a kisv\u00e1llalkoz\u00e1soknak, amelyek nagy kapacit\u00e1st ig\u00e9nyelnek, p\u00e9ld\u00e1ul \u00f6nkiszolg\u00e1l\u00f3 mosod\u00e1k, sz\u00e1llodai vend\u00e9gmosod\u00e1k, t\u00e1rsash\u00e1zi mos\u00f3konyh\u00e1k, id\u0151sek otthonai, \u00e1llatorvosi rendel\u0151k \u00e9s nagy sz\u00e9ps\u00e9gszalonok sz\u00e1m\u00e1ra.<br \/>\nExtra kapacit\u00e1s, tart\u00f3ss\u00e1g \u00e9s ultragyors m\u0171k\u00f6d\u00e9s a myPRO<sup>XL<\/sup>-nek k\u00f6sz\u00f6nhet\u0151en.[\/vc_column_text][vc_empty_space][elx_button button_text=&#8221;Tekintse meg a term\u00e9keket&#8221; button_style=&#8221;icon&#8221; button_link=&#8221;url:%23products|title:Go%20to%20products||&#8221;][vc_empty_space][\/vc_column][\/vc_row][vc_row][vc_column width=&#8221;1\/2&#8243;][vc_single_image image=&#8221;9423&#8243; img_size=&#8221;full&#8221;][\/vc_column][vc_column width=&#8221;1\/2&#8243;][elx_heading text_color=&#8221;inherit&#8221;]Kiv\u00e1l\u00f3 eredm\u00e9nyek egy gombnyom\u00e1ssal[\/elx_heading][vc_empty_space][vc_column_text]A myPRO<sup>XL<\/sup> mos\u00f3g\u00e9pek \u00e9s sz\u00e1r\u00edt\u00f3k dedik\u00e1lt fert\u0151tlen\u00edt\u0151 programokkal rendelkeznek, amelyek jelent\u0151sen jav\u00edtj\u00e1k a higi\u00e9ni\u00e1t \u00e9s tisztas\u00e1got. Professzion\u00e1lis megold\u00e1sok, amelyek a fenntarthat\u00f3s\u00e1got szem el\u0151tt tartva \u00e1ll\u00edthat\u00f3 v\u00edzszinteket k\u00edn\u00e1lnak a megtakar\u00edt\u00e1s \u00e9rdek\u00e9ben.<\/p>\n<p>Id\u0151t takar\u00edt meg a gyorsabb programokkal \u00e9s helyet a toronyba \u00e9p\u00edthet\u0151 opci\u00f3kkal \u2013 most m\u00e1r sz\u00e1r\u00edt\u00f3-sz\u00e1r\u00edt\u00f3 kombin\u00e1ci\u00f3ban is el\u00e9rhet\u0151.<\/p>\n<p>Minden modellhez el\u00e9rhet\u0151 fizet\u00e9si megold\u00e1s, hogy megfeleljen az \u00d6n ig\u00e9nyeinek.[\/vc_column_text][\/vc_column][\/vc_row][vc_row][vc_column][vc_empty_space][\/vc_column][\/vc_row][vc_row][vc_column width=&#8221;1\/3&#8243;][elx_icons icon_size=&#8221;elx-icon-medium&#8221; icon_electroluxpro=&#8221;elx-icon icon-circle-food-quality-blue&#8221;][elx_heading text_color=&#8221;inherit&#8221;]Tart\u00f3s \u00e9s rugalmas[\/elx_heading][vc_column_text]A myPRO<sup>XL<\/sup> sorozat t\u00f6bb mint 15 000 ciklust garant\u00e1l, \u00e9s az 8 pontos rug\u00f3s felf\u00fcggeszt\u00e9snek k\u00f6sz\u00f6nhet\u0151en m\u00e9g tart\u00f3sabb. A professzion\u00e1lis programok minden ig\u00e9nyt kiel\u00e9g\u00edtenek.[\/vc_column_text][\/vc_column][vc_column width=&#8221;1\/3&#8243;][elx_icons icon_size=&#8221;elx-icon-medium&#8221; icon_electroluxpro=&#8221;elx-icon icon-circle-time-blue&#8221;][elx_heading text_color=&#8221;inherit&#8221;]Gyors \u00e9s hat\u00e9kony[\/elx_heading][vc_column_text]<strong>myPRO<sup>XL<\/sup> mos\u00f3g\u00e9pek:<\/strong> 35 perc hidegvizes program, 73 perc norm\u00e1l 60 \u00b0C-os program.*<\/p>\n<p><strong>myPRO<sup>XL<\/sup> elektromos sz\u00e1r\u00edt\u00f3k:<\/strong> 87 perc teljes t\u00f6ltet, 45 perc f\u00e9l t\u00f6ltet<\/p>\n<p><strong>myPRO<sup>XL<\/sup> g\u00e1z\u00fczem\u0171 sz\u00e1r\u00edt\u00f3k: <\/strong>84 perc teljes t\u00f6ltet, 44 perc f\u00e9l t\u00f6ltet<\/p>\n<p><span style=\"font-size: x-small;\">* hideg \u00e9s 55 \u00b0C meleg v\u00edzbemeneti h\u0151m\u00e9rs\u00e9klet mellett.<\/span>[\/vc_column_text][\/vc_column][vc_column width=&#8221;1\/3&#8243;][elx_icons icon_size=&#8221;elx-icon-medium&#8221; icon_electroluxpro=&#8221;elx-icon icon-circle-easy-blue&#8221;][elx_heading text_color=&#8221;inherit&#8221;]Gondtalan m\u0171k\u00f6d\u00e9s[\/elx_heading][vc_column_text]Egyszer\u0171 nyom\u00f3gombok a megfelel\u0151 program \u00e9s opci\u00f3 kiv\u00e1laszt\u00e1s\u00e1hoz. Cs\u00f6kkentett zajszint a rezg\u00e9scsillap\u00edt\u00f3 rendszernek k\u00f6sz\u00f6nhet\u0151en: mos\u00e1si folyamat alatt 62 dB alatt.[\/vc_column_text][\/vc_column][\/vc_row][vc_row][vc_column][vc_empty_space][\/vc_column][\/vc_row][vc_row custom_color_row=&#8221;bg-download-blue&#8221; css=&#8221;.vc_custom_1734435425981{padding-top: 30px !important;padding-bottom: 30px !important;}&#8221;][vc_column][elx_o2000_needs_matcher need_matcher=&#8221;myPRO_Matcher&#8221;][vc_empty_space][\/vc_column][\/vc_row][vc_row][vc_column][vc_empty_space][\/vc_column][\/vc_row][vc_row content_placement=&#8221;bottom&#8221; css=&#8221;.vc_custom_1734435453749{background-color: #eeeeee !important;}&#8221;][vc_column][vc_empty_space][elx_heading text_color=&#8221;inherit&#8221;]V\u00e1lassza az \u00d6n ig\u00e9nyeinek megfelel\u0151 mosodai megold\u00e1st[\/elx_heading][\/vc_column][vc_column width=&#8221;1\/4&#8243;][vc_empty_space height=&#8221;20px&#8221;][elx_simple_link_block link=&#8221;Enter the link of the block&#8221; text_align=&#8221;text-left&#8221; text_color=&#8221;inherit&#8221; background_color=&#8221;inherit&#8221; background_hover_color=&#8221;darker-hover&#8221; extra_class=&#8221;&#8221; reveal_effect=&#8221;&#8221; reveal_duration=&#8221;&#8221; reveal_delay=&#8221;&#8221;][elx_heading font_container=&#8221;h3&#8243; text_color=&#8221;inherit&#8221; text_align=&#8221;text-left&#8221; css=&#8221;.vc_custom_1765174704160{border-radius: 15px !important;}&#8221;]H\u00e1ztart\u00e1si g\u00e9pek[\/elx_heading][vc_column_text]<strong>2.500 ciklus<\/strong>[\/vc_column_text][vc_single_image image=&#8221;9402&#8243; img_size=&#8221;full&#8221; css=&#8221;.vc_custom_1619098482827{padding-top: 20px !important;padding-right: 20px !important;padding-bottom: 20px !important;}&#8221;][\/elx_simple_link_block][\/vc_column][vc_column width=&#8221;1\/4&#8243;][vc_empty_space height=&#8221;20px&#8221;][elx_simple_link_block link=&#8221;url:https%3A%2F%2Fwww.electroluxprofessional.com%2Fhu%2Fcommercial-laundry-equipment%2Fmypro-washers-dryers-steam-ironers%2F|title:myPRO%20washers%2C%20dryers%20and%20steam%20ironers%20for%20small%20businesses||&#8221; text_align=&#8221;text-left&#8221; text_color=&#8221;inherit&#8221; background_color=&#8221;inherit&#8221; background_hover_color=&#8221;darker-hover&#8221; extra_class=&#8221;&#8221; reveal_effect=&#8221;&#8221; reveal_duration=&#8221;&#8221; reveal_delay=&#8221;&#8221;][elx_heading font_container=&#8221;h3&#8243; text_color=&#8221;inherit&#8221;]myPRO 8kg[\/elx_heading][vc_column_text]<strong>7.500 ciklus<\/strong>[\/vc_column_text][vc_single_image image=&#8221;9403&#8243; img_size=&#8221;full&#8221; css=&#8221;.vc_custom_1618188328110{padding-top: 20px !important;padding-right: 20px !important;padding-bottom: 20px !important;}&#8221;][\/elx_simple_link_block][\/vc_column][vc_column width=&#8221;1\/4&#8243;][vc_empty_space height=&#8221;20px&#8221;][elx_simple_link_block link=&#8221;url:https%3A%2F%2Fwww.electroluxprofessional.com%2Fhu%2Flaundry%2Fmypro-xl-laundry-small-business%2F|title:myPRO%20XL%20laundry%20solutions%20for%20small%20business%20with%20big%20loads&#8221; text_align=&#8221;text-left&#8221; text_color=&#8221;inherit&#8221; background_color=&#8221;inherit&#8221; background_hover_color=&#8221;darker-hover&#8221; extra_class=&#8221;&#8221; reveal_effect=&#8221;&#8221; reveal_duration=&#8221;&#8221; reveal_delay=&#8221;&#8221;][elx_heading font_container=&#8221;h3&#8243; text_color=&#8221;inherit&#8221;]myPRO<sup>XL<\/sup> 12kg[\/elx_heading][vc_column_text]<strong>+15.000 ciklus<\/strong>[\/vc_column_text][vc_single_image image=&#8221;9404&#8243; img_size=&#8221;full&#8221; css=&#8221;.vc_custom_1653841969984{padding-top: 20px !important;padding-right: 20px !important;padding-bottom: 20px !important;}&#8221;][\/elx_simple_link_block][\/vc_column][vc_column width=&#8221;1\/4&#8243;][vc_empty_space height=&#8221;20px&#8221;][elx_simple_link_block link=&#8221;url:https%3A%2F%2Fwww.electroluxprofessional.com%2Fhu%2Fcommercial-laundry-equipment%2Fcommercial-washers%2F|title:Commercial%20washers||&#8221; text_align=&#8221;text-left&#8221; text_color=&#8221;inherit&#8221; background_color=&#8221;inherit&#8221; background_hover_color=&#8221;darker-hover&#8221; extra_class=&#8221;&#8221; reveal_effect=&#8221;&#8221; reveal_duration=&#8221;&#8221; reveal_delay=&#8221;&#8221;][elx_heading font_container=&#8221;h3&#8243; text_color=&#8221;inherit&#8221;]Kereskedelmi[\/elx_heading][vc_column_text]<strong>+30.000 ciklus<\/strong>[\/vc_column_text][vc_single_image image=&#8221;9405&#8243; img_size=&#8221;full&#8221; css=&#8221;.vc_custom_1612517579149{padding-top: 20px !important;padding-right: 20px !important;padding-bottom: 20px !important;}&#8221;][\/elx_simple_link_block][\/vc_column][vc_column][vc_empty_space][\/vc_column][\/vc_row][vc_row][vc_column][vc_column_text]<\/p>\n<p>[\/vc_column_text][\/vc_column][\/vc_row][vc_row][vc_column][vc_empty_space][\/vc_column][\/vc_row][vc_row][vc_column][vc_column_text]<\/p>\n<p>[\/vc_column_text][\/vc_column][\/vc_row][vc_row][vc_column][elx_heading text_color=&#8221;inherit&#8221; text_align=&#8221;text-center&#8221;]myPRO<sup>XL<\/sup> mos\u00f3g\u00e9pek \u00e9s sz\u00e1r\u00edt\u00f3k kisv\u00e1llalkoz\u00e1soknak nagy kapacit\u00e1ssal[\/elx_heading][\/vc_column][\/vc_row][vc_row el_id=&#8221;products&#8221;][vc_column][\/vc_column][\/vc_row][vc_row el_id=&#8221;contact&#8221;][vc_column][vc_row_inner][vc_column_inner][vc_empty_space][elx_heading text_color=&#8221;inherit&#8221;]Vegye fel vel\u00fcnk a kapcsolatot, hogy inform\u00e1ci\u00f3t kapjon a myPRO XL mos\u00f3g\u00e9pr\u0151l, sz\u00e1r\u00edt\u00f3r\u00f3l \u00e9s vasal\u00f3r\u00f3l kisv\u00e1llalkoz\u00e1sok sz\u00e1m\u00e1ra.[\/elx_heading][vc_empty_space][\/vc_column_inner][\/vc_row_inner][elx_o2000_contact_us s=&#8221;Kapcsolatfelv\u00e9teli k\u00e9relem a weboldalr\u00f3l.&#8221; country=&#8221;Hungary&#8221; b=&#8221;laundry-semi-professional&#8221;][\/vc_column][\/vc_row][vc_row][vc_column][vc_empty_space][elx_heading text_color=&#8221;inherit&#8221; text_align=&#8221;text-center&#8221;]A teljes myPRO term\u00e9kcsal\u00e1d az \u00d6n v\u00e1llalkoz\u00e1s\u00e1hoz igaz\u00edtva[\/elx_heading][vc_single_image image=&#8221;9424&#8243; img_size=&#8221;full&#8221; alignment=&#8221;center&#8221;][vc_empty_space][\/vc_column][\/vc_row][vc_row css=&#8221;.vc_custom_1534772259989{background-color: #eeeeee !important;}&#8221;][vc_column width=&#8221;2\/3&#8243;][vc_empty_space][elx_heading font_size=&#8221;h3&#8243; text_color=&#8221;inherit&#8221;]T\u00f6bb termel\u00e9kenys\u00e9get keres?[\/elx_heading][elx_heading font_container=&#8221;h3&#8243; font_size=&#8221;h5&#8243; text_color=&#8221;inherit&#8221;]Tekintse meg kereskedelmi mosodai megold\u00e1sainkat.[\/elx_heading][vc_column_text]Az Electrolux Professional teljes k\u00f6r\u0171 term\u00e9kk\u00edn\u00e1latot biztos\u00edt professzion\u00e1lis mosodai ig\u00e9nyeihez.[\/vc_column_text][vc_empty_space][elx_button button_text=&#8221;Fedezze fel kereskedelmi mosodai megold\u00e1sainkat.&#8221; button_style=&#8221;icon&#8221; button_link=&#8221;url:https%3A%2F%2Fwww.electroluxprofessional.com%2Fhu%2Fcommercial-laundry-equipment%2F|title:Commercial%20Laundry%20Solutions%20||&#8221;][vc_empty_space][\/vc_column][vc_column width=&#8221;1\/3&#8243;][vc_empty_space][vc_single_image image=&#8221;9408&#8243; img_size=&#8221;full&#8221; onclick=&#8221;custom_link&#8221; link=&#8221;http:\/\/https:\/\/www.electroluxprofessional.com\/hu\/your-business\/commercial-laundries\/&#8221;][vc_empty_space][\/vc_column][\/vc_row]<\/p>\n","protected":false},"excerpt":{"rendered":"<p>[vc_row full_width=&#8221;electroluxpro-full-width-no-padding&#8221; css=&#8221;.vc_custom_1618191495061{margin-top: -50px !important;border-top-width: -30px !important;padding-top: -30px !important;}&#8221;][vc_column][elx_full_banner title=&#8221;myPROXL \u2013 Maxim\u00e1lis tart\u00f3ss\u00e1g 12 kg-os megold\u00e1sban&#8221; background_image_media_library=&#8221;9425&#8243; background_image_media_library_mobile=&#8221;9426&#8243; link=&#8221;url:%23contact|title:Fedezze%20fel%20t%C3%B6bbet&#8221;][elx_download_block text=&#8221;T\u00f6ltse le a myPROXL prospektust&#8221; document_type=&#8221;leaflets&#8221; background_color=&#8221;electrolux-blue&#8221; background_hover_color=&#8221;lighter-hover&#8221; le_document_number=&#8221;CLF-9JE00238&#8243;][\/vc_column][\/vc_row][vc_row css=&#8221;.vc_custom_1618350392700{background-color: #e2e2e2 !important;}&#8221;][vc_column][elx_heading font_container=&#8221;h1&#8243; text_color=&#8221;inherit&#8221;]Mosodai megold\u00e1sok kisv\u00e1llalkoz\u00e1soknak nagy terhel\u00e9shez[\/elx_heading][vc_empty_space][vc_column_text]A myPROXL ide\u00e1lis mosodai megold\u00e1s azoknak a kisv\u00e1llalkoz\u00e1soknak, amelyek nagy kapacit\u00e1st ig\u00e9nyelnek, p\u00e9ld\u00e1ul \u00f6nkiszolg\u00e1l\u00f3 mosod\u00e1k, sz\u00e1llodai vend\u00e9gmosod\u00e1k, t\u00e1rsash\u00e1zi mos\u00f3konyh\u00e1k, [&hellip;]<\/p>\n","protected":false},"author":53,"featured_media":4879,"parent":0,"menu_order":0,"comment_status":"closed","ping_status":"closed","template":"","meta":{"footnotes":""},"class_list":["post-9427","page","type-page","status-publish","has-post-thumbnail","hentry"],"yoast_head":"<!-- This site is optimized with the Yoast SEO plugin v23.3 - https:\/\/yoast.com\/wordpress\/plugins\/seo\/ -->\n<title>myPRO XL laundry solutions for small business - Electrolux Professional<\/title>\n<meta name=\"description\" content=\"myPRO XL range provides laundry solutions for small business needing big loads, such as laundromats, hotel guest laundries, apartment laundry rooms, nursing homes, veterinarians and big beauty saloons.\" \/>\n<meta name=\"robots\" content=\"index, follow, max-snippet:-1, max-image-preview:large, max-video-preview:-1\" \/>\n<link rel=\"canonical\" href=\"https:\/\/www.electroluxprofessional.com\/hu\/mypro-xl-laundry-small-business\/\" \/>\n<meta property=\"og:locale\" content=\"hu_HU\" \/>\n<meta property=\"og:type\" content=\"article\" \/>\n<meta property=\"og:title\" content=\"myPRO XL laundry solutions for small business - Electrolux Professional\" \/>\n<meta property=\"og:description\" content=\"myPRO XL range provides laundry solutions for small business needing big loads, such as laundromats, hotel guest laundries, apartment laundry rooms, nursing homes, veterinarians and big beauty saloons.\" \/>\n<meta property=\"og:url\" content=\"https:\/\/www.electroluxprofessional.com\/hu\/mypro-xl-laundry-small-business\/\" \/>\n<meta property=\"og:site_name\" content=\"Electrolux Professional Magyarorsz\u00e1g\" \/>\n<meta property=\"article:modified_time\" content=\"2025-12-08T06:21:22+00:00\" \/>\n<meta property=\"og:image\" content=\"https:\/\/www.electroluxprofessional.com\/hu\/wp-content\/uploads\/2019\/10\/myPRO-XL.jpg\" \/>\n\t<meta property=\"og:image:width\" content=\"800\" \/>\n\t<meta property=\"og:image:height\" content=\"500\" \/>\n\t<meta property=\"og:image:type\" content=\"image\/jpeg\" \/>\n<meta name=\"twitter:card\" content=\"summary_large_image\" \/>\n<meta name=\"twitter:label1\" content=\"Becs\u00fclt olvas\u00e1si id\u0151\" \/>\n\t<meta name=\"twitter:data1\" content=\"5 perc\" \/>\n<script type=\"application\/ld+json\" class=\"yoast-schema-graph\">{\"@context\":\"https:\/\/schema.org\",\"@graph\":[{\"@type\":\"WebPage\",\"@id\":\"https:\/\/www.electroluxprofessional.com\/hu\/mypro-xl-laundry-small-business\/\",\"url\":\"https:\/\/www.electroluxprofessional.com\/hu\/mypro-xl-laundry-small-business\/\",\"name\":\"myPRO XL laundry solutions for small business - Electrolux Professional\",\"isPartOf\":{\"@id\":\"https:\/\/www.electroluxprofessional.com\/hu\/#website\"},\"primaryImageOfPage\":{\"@id\":\"https:\/\/www.electroluxprofessional.com\/hu\/mypro-xl-laundry-small-business\/#primaryimage\"},\"image\":{\"@id\":\"https:\/\/www.electroluxprofessional.com\/hu\/mypro-xl-laundry-small-business\/#primaryimage\"},\"thumbnailUrl\":\"https:\/\/www.electroluxprofessional.com\/hu\/wp-content\/uploads\/2019\/10\/myPRO-XL.jpg\",\"datePublished\":\"2025-12-02T03:54:09+00:00\",\"dateModified\":\"2025-12-08T06:21:22+00:00\",\"description\":\"myPRO XL range provides laundry solutions for small business needing big loads, such as laundromats, hotel guest laundries, apartment laundry rooms, nursing homes, veterinarians and big beauty saloons.\",\"breadcrumb\":{\"@id\":\"https:\/\/www.electroluxprofessional.com\/hu\/mypro-xl-laundry-small-business\/#breadcrumb\"},\"inLanguage\":\"hu\",\"potentialAction\":[{\"@type\":\"ReadAction\",\"target\":[\"https:\/\/www.electroluxprofessional.com\/hu\/mypro-xl-laundry-small-business\/\"]}]},{\"@type\":\"ImageObject\",\"inLanguage\":\"hu\",\"@id\":\"https:\/\/www.electroluxprofessional.com\/hu\/mypro-xl-laundry-small-business\/#primaryimage\",\"url\":\"https:\/\/www.electroluxprofessional.com\/hu\/wp-content\/uploads\/2019\/10\/myPRO-XL.jpg\",\"contentUrl\":\"https:\/\/www.electroluxprofessional.com\/hu\/wp-content\/uploads\/2019\/10\/myPRO-XL.jpg\",\"width\":800,\"height\":500,\"caption\":\"myPRO XL for small businesses\"},{\"@type\":\"BreadcrumbList\",\"@id\":\"https:\/\/www.electroluxprofessional.com\/hu\/mypro-xl-laundry-small-business\/#breadcrumb\",\"itemListElement\":[{\"@type\":\"ListItem\",\"position\":1,\"name\":\"Home\",\"item\":\"https:\/\/www.electroluxprofessional.com\/hu\/\"},{\"@type\":\"ListItem\",\"position\":2,\"name\":\"myPRO XL laundry solutions for small business with big loads\"}]},{\"@type\":\"WebSite\",\"@id\":\"https:\/\/www.electroluxprofessional.com\/hu\/#website\",\"url\":\"https:\/\/www.electroluxprofessional.com\/hu\/\",\"name\":\"Electrolux Professional Magyarorsz\u00e1g\",\"description\":\"\",\"potentialAction\":[{\"@type\":\"SearchAction\",\"target\":{\"@type\":\"EntryPoint\",\"urlTemplate\":\"https:\/\/www.electroluxprofessional.com\/hu\/?src={search_term_string}\"},\"query-input\":\"required name=search_term_string\"}],\"inLanguage\":\"hu\"}]}<\/script>\n<!-- \/ Yoast SEO plugin. -->","yoast_head_json":{"title":"myPRO XL laundry solutions for small business - Electrolux Professional","description":"myPRO XL range provides laundry solutions for small business needing big loads, such as laundromats, hotel guest laundries, apartment laundry rooms, nursing homes, veterinarians and big beauty saloons.","robots":{"index":"index","follow":"follow","max-snippet":"max-snippet:-1","max-image-preview":"max-image-preview:large","max-video-preview":"max-video-preview:-1"},"canonical":"https:\/\/www.electroluxprofessional.com\/hu\/mypro-xl-laundry-small-business\/","og_locale":"hu_HU","og_type":"article","og_title":"myPRO XL laundry solutions for small business - Electrolux Professional","og_description":"myPRO XL range provides laundry solutions for small business needing big loads, such as laundromats, hotel guest laundries, apartment laundry rooms, nursing homes, veterinarians and big beauty saloons.","og_url":"https:\/\/www.electroluxprofessional.com\/hu\/mypro-xl-laundry-small-business\/","og_site_name":"Electrolux Professional Magyarorsz\u00e1g","article_modified_time":"2025-12-08T06:21:22+00:00","og_image":[{"width":800,"height":500,"url":"https:\/\/www.electroluxprofessional.com\/hu\/wp-content\/uploads\/2019\/10\/myPRO-XL.jpg","type":"image\/jpeg"}],"twitter_card":"summary_large_image","twitter_misc":{"Becs\u00fclt olvas\u00e1si id\u0151":"5 perc"},"schema":{"@context":"https:\/\/schema.org","@graph":[{"@type":"WebPage","@id":"https:\/\/www.electroluxprofessional.com\/hu\/mypro-xl-laundry-small-business\/","url":"https:\/\/www.electroluxprofessional.com\/hu\/mypro-xl-laundry-small-business\/","name":"myPRO XL laundry solutions for small business - Electrolux Professional","isPartOf":{"@id":"https:\/\/www.electroluxprofessional.com\/hu\/#website"},"primaryImageOfPage":{"@id":"https:\/\/www.electroluxprofessional.com\/hu\/mypro-xl-laundry-small-business\/#primaryimage"},"image":{"@id":"https:\/\/www.electroluxprofessional.com\/hu\/mypro-xl-laundry-small-business\/#primaryimage"},"thumbnailUrl":"https:\/\/www.electroluxprofessional.com\/hu\/wp-content\/uploads\/2019\/10\/myPRO-XL.jpg","datePublished":"2025-12-02T03:54:09+00:00","dateModified":"2025-12-08T06:21:22+00:00","description":"myPRO XL range provides laundry solutions for small business needing big loads, such as laundromats, hotel guest laundries, apartment laundry rooms, nursing homes, veterinarians and big beauty saloons.","breadcrumb":{"@id":"https:\/\/www.electroluxprofessional.com\/hu\/mypro-xl-laundry-small-business\/#breadcrumb"},"inLanguage":"hu","potentialAction":[{"@type":"ReadAction","target":["https:\/\/www.electroluxprofessional.com\/hu\/mypro-xl-laundry-small-business\/"]}]},{"@type":"ImageObject","inLanguage":"hu","@id":"https:\/\/www.electroluxprofessional.com\/hu\/mypro-xl-laundry-small-business\/#primaryimage","url":"https:\/\/www.electroluxprofessional.com\/hu\/wp-content\/uploads\/2019\/10\/myPRO-XL.jpg","contentUrl":"https:\/\/www.electroluxprofessional.com\/hu\/wp-content\/uploads\/2019\/10\/myPRO-XL.jpg","width":800,"height":500,"caption":"myPRO XL for small businesses"},{"@type":"BreadcrumbList","@id":"https:\/\/www.electroluxprofessional.com\/hu\/mypro-xl-laundry-small-business\/#breadcrumb","itemListElement":[{"@type":"ListItem","position":1,"name":"Home","item":"https:\/\/www.electroluxprofessional.com\/hu\/"},{"@type":"ListItem","position":2,"name":"myPRO XL laundry solutions for small business with big loads"}]},{"@type":"WebSite","@id":"https:\/\/www.electroluxprofessional.com\/hu\/#website","url":"https:\/\/www.electroluxprofessional.com\/hu\/","name":"Electrolux Professional Magyarorsz\u00e1g","description":"","potentialAction":[{"@type":"SearchAction","target":{"@type":"EntryPoint","urlTemplate":"https:\/\/www.electroluxprofessional.com\/hu\/?src={search_term_string}"},"query-input":"required name=search_term_string"}],"inLanguage":"hu"}]}},"_links":{"self":[{"href":"https:\/\/www.electroluxprofessional.com\/hu\/wp-json\/wp\/v2\/pages\/9427"}],"collection":[{"href":"https:\/\/www.electroluxprofessional.com\/hu\/wp-json\/wp\/v2\/pages"}],"about":[{"href":"https:\/\/www.electroluxprofessional.com\/hu\/wp-json\/wp\/v2\/types\/page"}],"author":[{"embeddable":true,"href":"https:\/\/www.electroluxprofessional.com\/hu\/wp-json\/wp\/v2\/users\/53"}],"replies":[{"embeddable":true,"href":"https:\/\/www.electroluxprofessional.com\/hu\/wp-json\/wp\/v2\/comments?post=9427"}],"version-history":[{"count":2,"href":"https:\/\/www.electroluxprofessional.com\/hu\/wp-json\/wp\/v2\/pages\/9427\/revisions"}],"predecessor-version":[{"id":9573,"href":"https:\/\/www.electroluxprofessional.com\/hu\/wp-json\/wp\/v2\/pages\/9427\/revisions\/9573"}],"wp:featuredmedia":[{"embeddable":true,"href":"https:\/\/www.electroluxprofessional.com\/hu\/wp-json\/wp\/v2\/media\/4879"}],"wp:attachment":[{"href":"https:\/\/www.electroluxprofessional.com\/hu\/wp-json\/wp\/v2\/media?parent=9427"}],"curies":[{"name":"wp","href":"https:\/\/api.w.org\/{rel}","templated":true}]}}