{"id":9419,"date":"2025-12-02T03:40:58","date_gmt":"2025-12-02T03:40:58","guid":{"rendered":"https:\/\/www.electroluxprofessional.com\/hu\/?page_id=9419"},"modified":"2025-12-11T02:54:37","modified_gmt":"2025-12-11T02:54:37","slug":"myprozip-guest-operated-laundry","status":"publish","type":"page","link":"https:\/\/www.electroluxprofessional.com\/hu\/laundry\/myprozip-guest-operated-laundry\/","title":{"rendered":"myPROzip for guest-operated laundry"},"content":{"rendered":"<p>[vc_row full_width=&#8221;electroluxpro-full-width-no-padding&#8221;][vc_column][elx_full_banner title=&#8221;myPROzip \u2013 Mos\u00f3g\u00e9pek \u00e9s sz\u00e1r\u00edt\u00f3k&#8221; set_as_h1=&#8221;true&#8221; background_image_media_library=&#8221;9417&#8243; background_image_media_library_mobile=&#8221;9418&#8243;][\/vc_column][\/vc_row][vc_row][vc_column width=&#8221;1\/2&#8243; css=&#8221;.vc_custom_1484574375079{margin-left: 0px !important;border-left-width: 0px !important;padding-left: 0px !important;}&#8221;][elx_simple_block background_color=&#8221;inherit&#8221;][elx_heading font_container=&#8221;h1&#8243; text_color=&#8221;inherit&#8221;]\u00dczemeltet<br \/>\nvend\u00e9gmosod\u00e1t?[\/elx_heading][elx_heading text_color=&#8221;inherit&#8221;]myPROzip mos\u00f3g\u00e9p \u00e9s sz\u00e1r\u00edt\u00f3[\/elx_heading][vc_column_text]A myPROzip az Electrolux Professional megold\u00e1sa kisv\u00e1llalkoz\u00e1sok sz\u00e1m\u00e1ra, amelyek vend\u00e9g\u00fczemeltet\u00e9s\u0171 mosod\u00e1khoz keresnek mos\u00f3g\u00e9peket \u00e9s sz\u00e1r\u00edt\u00f3kat, er\u0151sebbeket \u00e9s gyorsabbakat, mint a hagyom\u00e1nyos h\u00e1ztart\u00e1si k\u00e9sz\u00fcl\u00e9kek.[\/vc_column_text][vc_column_text]<\/p>\n<ul>\n<li><strong>Egyszer\u0171 haszn\u00e1lat<\/strong><\/li>\n<li><strong>K\u00f6nnyen \u00e9rthet\u0151 kezel\u0151fel\u00fclet<\/strong><\/li>\n<li><strong>Vend\u00e9gek sz\u00e1m\u00e1ra tervezve<\/strong><\/li>\n<li><strong>K\u00e9szen \u00e1ll a fizet\u00e9si rendszerek integr\u00e1l\u00e1s\u00e1ra<\/strong><\/li>\n<\/ul>\n<p>[\/vc_column_text][\/elx_simple_block][elx_download_block text=&#8221;myPROzip<br \/>\nguest-operated laundry&#8221; document_type=&#8221;leaflets&#8221; background_color=&#8221;electrolux-blue&#8221; background_hover_color=&#8221;lighter-hover&#8221; le_document_number=&#8221;CLF-9JE00128&#8243;][\/vc_column][vc_column width=&#8221;1\/2&#8243;][vc_empty_space][elx_image_block background_image=&#8221;9415&#8243; minimum_height=&#8221;400px&#8221;][elx_button button_text=&#8221;Tekintse meg a term\u00e9keket&#8221; button_style=&#8221;icon&#8221; button_link=&#8221;url:%23products|||&#8221;][elx_button button_text=&#8221;Hol v\u00e1s\u00e1rolhat&#8221; button_style=&#8221;icon&#8221; button_link=&#8221;url:https%3A%2F%2Fwww.electroluxprofessional.com%2Fhu%2Fertekesitesi-es-szerviz-lokator%2F&#8221;][elx_button button_text=&#8221;Online asszisztens&#8221; button_style=&#8221;icon&#8221; button_link=&#8221;url:https%3A%2F%2Fwww.electroluxprofessional.com%2Fhu%2Flaundry%2Fmypro-washers-dryers-steam-ironers%2Fmypro-online-help-center%2F|title:myPRO%20Online%20S%C3%BAg%C3%B3k%C3%B6zpont&#8221;][elx_button button_text=&#8221;Kieg\u00e9sz\u00edt\u0151k \u00e9s fogy\u00f3eszk\u00f6z\u00f6k&#8221; button_style=&#8221;icon&#8221; button_link=&#8221;url:https%3A%2F%2Fwww.electroluxprofessional.com%2Fhu%2Flaundry%2Fmypro-washers-dryers-steam-ironers%2Faccessories-and-consumables%2F|title:Tartoz%C3%A9kok%20%C3%A9s%20fogy%C3%B3eszk%C3%B6z%C3%B6k%20a%20myPRO%20k%C3%A9sz%C3%BCl%C3%A9kekhez&#8221;][elx_button button_text=&#8221;Regisztr\u00e1lja myPROzip k\u00e9sz\u00fcl\u00e9k\u00e9t&#8221; button_style=&#8221;icon&#8221; button_link=&#8221;url:https%3A%2F%2Fwww.electroluxprofessional.com%2Fhu%2Flaundry%2Fmypro-washers-dryers-steam-ironers%2Fmypro-product-registration%2F|title:myPRO%20Term%C3%A9kregisztr%C3%A1ci%C3%B3&#8243;][vc_single_image image=&#8221;9416&#8243; img_size=&#8221;full&#8221;][\/vc_column][\/vc_row][vc_row][vc_column][vc_empty_space height=&#8221;50px&#8221;][\/vc_column][\/vc_row][vc_row][vc_column width=&#8221;1\/3&#8243;][elx_icons icon_size=&#8221;elx-icon-medium&#8221; icon_electroluxpro=&#8221;elx-icon icon-circle-food-quality-blue&#8221;][elx_heading font_container=&#8221;h3&#8243; font_size=&#8221;h5&#8243; text_color=&#8221;inherit&#8221; text_align=&#8221;text-center&#8221;]3x hosszabb \u00e9lettartam[\/elx_heading][vc_column_text]<\/p>\n<p style=\"text-align: center;\">H\u00e1ztart\u00e1si g\u00e9pekhez k\u00e9pest h\u00e1romszor hosszabb \u00e9lettartam, a professzion\u00e1lis alkatr\u00e9szekkel k\u00e9sz\u00fclt tart\u00f3s konstrukci\u00f3nak k\u00f6sz\u00f6nhet\u0151en.<\/p>\n<p>[\/vc_column_text][\/vc_column][vc_column width=&#8221;1\/3&#8243;][elx_icons icon_size=&#8221;elx-icon-medium&#8221; icon_electroluxpro=&#8221;elx-icon icon-circle-time-blue&#8221;][elx_heading font_container=&#8221;h3&#8243; font_size=&#8221;h5&#8243; text_color=&#8221;inherit&#8221; text_align=&#8221;text-center&#8221;]Ak\u00e1r 50%-kal gyorsabb[\/elx_heading][vc_column_text]<\/p>\n<p style=\"text-align: center;\">Professzion\u00e1lis programokkal k\u00e9tszer gyorsabb mos\u00e1si ciklusok, biztos\u00edtva a sebess\u00e9get, min\u0151s\u00e9gi eredm\u00e9nyeket \u00e9s k\u00f6lts\u00e9gmegtakar\u00edt\u00e1st.<\/p>\n<p>[\/vc_column_text][\/vc_column][vc_column width=&#8221;1\/3&#8243;][elx_icons icon_size=&#8221;elx-icon-medium&#8221; icon_electroluxpro=&#8221;elx-icon icon-circle-easy-blue&#8221;][elx_heading font_container=&#8221;h3&#8243; font_size=&#8221;h5&#8243; text_color=&#8221;inherit&#8221; text_align=&#8221;text-center&#8221;]Garancia[\/elx_heading][vc_column_text]<\/p>\n<p style=\"text-align: center;\">Garancia professzion\u00e1lis felhaszn\u00e1l\u00e1sra az adott orsz\u00e1g szab\u00e1lyoz\u00e1sai szerint.<\/p>\n<p>[\/vc_column_text][\/vc_column][\/vc_row][vc_row custom_color_row=&#8221;bg-download-blue&#8221; css=&#8221;.vc_custom_1734435546071{padding-top: 30px !important;padding-bottom: 30px !important;}&#8221;][vc_column][elx_o2000_needs_matcher need_matcher=&#8221;myPRO_Matcher&#8221;][\/vc_column][\/vc_row][vc_row el_id=&#8221;myassistant&#8221;][vc_column][vc_empty_space][elx_heading text_color=&#8221;inherit&#8221; text_align=&#8221;text-center&#8221;]myPRO online asszisztens[\/elx_heading][vc_column_text]<\/p>\n<p style=\"text-align: center;\">Hozza ki a legt\u00f6bbet a myPRO \u00e9s myPROzip mos\u00f3g\u00e9pb\u0151l, sz\u00e1r\u00edt\u00f3b\u00f3l \u00e9s vasal\u00f3b\u00f3l.<br \/>\nAz oldalon oktat\u00f3vide\u00f3k, GYIK \u00e9s tov\u00e1bbi online seg\u00edts\u00e9g \u00e9rhet\u0151 el.<br \/>\nRegisztr\u00e1lja term\u00e9keit, \u00e9s tal\u00e1ljon kieg\u00e9sz\u00edt\u0151ket \u00e9s fogy\u00f3eszk\u00f6z\u00f6ket, amelyek seg\u00edtenek a legjobb eredm\u00e9nyek el\u00e9r\u00e9s\u00e9ben. Ha tov\u00e1bbi t\u00e1mogat\u00e1sra van sz\u00fcks\u00e9ge, forduljon szak\u00e9rt\u0151nkh\u00f6z.<\/p>\n<p>[\/vc_column_text][vc_empty_space][\/vc_column][\/vc_row][vc_row][vc_column][elx_heading font_container=&#8221;h3&#8243; text_color=&#8221;inherit&#8221; text_align=&#8221;text-center&#8221;]myPRO: oktat\u00f3vide\u00f3k[\/elx_heading][vc_empty_space][\/vc_column][\/vc_row][vc_row equal_height=&#8221;yes&#8221;][vc_column width=&#8221;1\/3&#8243; css=&#8221;.vc_custom_1572277047643{margin-right: 1px !important;margin-left: 1px !important;background-color: #eeeeee !important;}&#8221;][elx_video_block video_link=&#8221;https:\/\/www.youtube.com\/watch?v=OX3JTInT8A4&#8243; minimum_height=&#8221;100px&#8221;][vc_column_text]myPROzip mos\u00f3g\u00e9p: haszn\u00e1lati \u00fatmutat\u00f3[\/vc_column_text][\/vc_column][vc_column width=&#8221;1\/3&#8243; css=&#8221;.vc_custom_1572277056700{margin-right: 1px !important;margin-left: 1px !important;background-color: #eeeeee !important;}&#8221;][elx_video_block video_link=&#8221;https:\/\/www.youtube.com\/watch?v=liScSk-1b1c&#8221; minimum_height=&#8221;100px&#8221;][vc_column_text]myPROzip mos\u00f3g\u00e9p: haszn\u00e1lati \u00fatmutat\u00f3[\/vc_column_text][\/vc_column][vc_column width=&#8221;1\/3&#8243; css=&#8221;.vc_custom_1572277012763{margin-right: 1px !important;margin-left: 1px !important;background-color: #eeeeee !important;}&#8221;][elx_video_block video_link=&#8221;https:\/\/www.youtube.com\/watch?v=IHJiqGrhOm8&#8243; minimum_height=&#8221;100px&#8221;][vc_column_text]myPROzip: telep\u00edt\u00e9si \u00fatmutat\u00f3 mos\u00f3g\u00e9phez \u00e9s sz\u00e1r\u00edt\u00f3hoz[\/vc_column_text][\/vc_column][\/vc_row][vc_row][vc_column][vc_empty_space][\/vc_column][\/vc_row][vc_row equal_height=&#8221;yes&#8221; content_placement=&#8221;top&#8221;][vc_column width=&#8221;1\/2&#8243;][elx_simple_link_block link=&#8221;url:https%3A%2F%2Fwww.electroluxprofessional.com%2Fhu%2Fcommercial-laundry-equipment%2Fmypro-washers-dryers-steam-ironers%2Ffaq-mypro-washer%2F||target:%20_blank|&#8221; text_align=&#8221;text-center&#8221; text_color=&#8221;white&#8221; background_color=&#8221;electrolux-blue-for-small&#8221; background_hover_color=&#8221;darker-hover&#8221; extra_class=&#8221;&#8221; reveal_effect=&#8221;&#8221; reveal_duration=&#8221;&#8221; reveal_delay=&#8221;&#8221;][elx_heading font_container=&#8221;h3&#8243; text_color=&#8221;inherit&#8221;]Online seg\u00edts\u00e9g mos\u00f3g\u00e9phez[\/elx_heading][\/elx_simple_link_block][\/vc_column][vc_column width=&#8221;1\/2&#8243;][elx_simple_link_block link=&#8221;url:https%3A%2F%2Fwww.electroluxprofessional.com%2Fhu%2Fcommercial-laundry-equipment%2Fmypro-washers-dryers-steam-ironers%2Fonline-help-dryer%2F||target:%20_blank|&#8221; text_align=&#8221;text-center&#8221; text_color=&#8221;white&#8221; background_color=&#8221;electrolux-blue-for-small&#8221; background_hover_color=&#8221;darker-hover&#8221; extra_class=&#8221;&#8221; reveal_effect=&#8221;&#8221; reveal_duration=&#8221;&#8221; reveal_delay=&#8221;&#8221;][elx_heading font_container=&#8221;h3&#8243; text_color=&#8221;inherit&#8221;]Online seg\u00edts\u00e9g sz\u00e1r\u00edt\u00f3hoz[\/elx_heading][\/elx_simple_link_block][\/vc_column][\/vc_row][vc_row el_id=&#8221;products&#8221;][vc_column][vc_empty_space][elx_heading text_color=&#8221;inherit&#8221; text_align=&#8221;text-center&#8221;]myPROzip mos\u00f3g\u00e9pek \u00e9s sz\u00e1r\u00edt\u00f3k vend\u00e9g\u00fczemeltet\u00e9s\u0171 mosod\u00e1khoz[\/elx_heading][\/vc_column][\/vc_row][vc_row css=&#8221;.vc_custom_1534772259989{background-color: #eeeeee !important;}&#8221;][vc_column width=&#8221;2\/3&#8243;][elx_heading font_size=&#8221;h3&#8243; text_color=&#8221;inherit&#8221;]T\u00f6bb termel\u00e9kenys\u00e9get keres?[\/elx_heading][elx_heading font_container=&#8221;h3&#8243; font_size=&#8221;h5&#8243; text_color=&#8221;inherit&#8221;]Tekintse meg kereskedelmi mosodai megold\u00e1sainkat.[\/elx_heading][vc_column_text]Az Electrolux Professional teljes k\u00f6r\u0171 term\u00e9kk\u00edn\u00e1latot biztos\u00edt professzion\u00e1lis mosodai ig\u00e9nyeihez.[\/vc_column_text][elx_button button_text=&#8221;Fedezze fel kereskedelmi mosodai megold\u00e1sainkat.&#8221; button_style=&#8221;icon&#8221; button_link=&#8221;url:https%3A%2F%2Fwww.electroluxprofessional.com%2Fhu%2Fcommercial-laundry-equipment%2F|title:Commercial%20Laundry%20Solutions%20||&#8221;][\/vc_column][vc_column width=&#8221;1\/3&#8243;][vc_empty_space][vc_single_image image=&#8221;9408&#8243; img_size=&#8221;700px&#8221; onclick=&#8221;custom_link&#8221; link=&#8221;http:\/\/https:\/\/www.electroluxprofessional.com\/hu\/your-business\/commercial-laundries\/&#8221;][vc_empty_space][\/vc_column][\/vc_row][vc_row][vc_column][vc_empty_space][elx_heading text_color=&#8221;inherit&#8221; text_align=&#8221;text-center&#8221;]Vegye fel vel\u00fcnk a kapcsolatot, hogy inform\u00e1ci\u00f3t kapjon a myPROzip-r\u0151l[\/elx_heading][vc_empty_space][elx_o2000_contact_us s=&#8221;Kapcsolatfelv\u00e9teli k\u00e9relem a weboldalr\u00f3l&#8221; country=&#8221;Hungary&#8221; b=&#8221;laundry-semi-professional&#8221; r=&#8221;Tov\u00e1bbi inform\u00e1ci\u00f3t szeretn\u00e9k a myPROzip-r\u0151l&#8221;][\/vc_column][\/vc_row]<\/p>\n","protected":false},"excerpt":{"rendered":"<p>[vc_row full_width=&#8221;electroluxpro-full-width-no-padding&#8221;][vc_column][elx_full_banner title=&#8221;myPROzip \u2013 Mos\u00f3g\u00e9pek \u00e9s sz\u00e1r\u00edt\u00f3k&#8221; set_as_h1=&#8221;true&#8221; background_image_media_library=&#8221;9417&#8243; background_image_media_library_mobile=&#8221;9418&#8243;][\/vc_column][\/vc_row][vc_row][vc_column width=&#8221;1\/2&#8243; css=&#8221;.vc_custom_1484574375079{margin-left: 0px !important;border-left-width: 0px !important;padding-left: 0px !important;}&#8221;][elx_simple_block background_color=&#8221;inherit&#8221;][elx_heading font_container=&#8221;h1&#8243; text_color=&#8221;inherit&#8221;]\u00dczemeltet vend\u00e9gmosod\u00e1t?[\/elx_heading][elx_heading text_color=&#8221;inherit&#8221;]myPROzip mos\u00f3g\u00e9p \u00e9s sz\u00e1r\u00edt\u00f3[\/elx_heading][vc_column_text]A myPROzip az Electrolux Professional megold\u00e1sa kisv\u00e1llalkoz\u00e1sok sz\u00e1m\u00e1ra, amelyek vend\u00e9g\u00fczemeltet\u00e9s\u0171 mosod\u00e1khoz keresnek mos\u00f3g\u00e9peket \u00e9s sz\u00e1r\u00edt\u00f3kat, er\u0151sebbeket \u00e9s gyorsabbakat, mint a hagyom\u00e1nyos h\u00e1ztart\u00e1si k\u00e9sz\u00fcl\u00e9kek.[\/vc_column_text][vc_column_text] Egyszer\u0171 haszn\u00e1lat K\u00f6nnyen \u00e9rthet\u0151 kezel\u0151fel\u00fclet Vend\u00e9gek sz\u00e1m\u00e1ra [&hellip;]<\/p>\n","protected":false},"author":53,"featured_media":1683,"parent":3660,"menu_order":0,"comment_status":"closed","ping_status":"closed","template":"","meta":{"footnotes":""},"class_list":["post-9419","page","type-page","status-publish","has-post-thumbnail","hentry"],"yoast_head":"<!-- This site is optimized with the Yoast SEO plugin v23.3 - https:\/\/yoast.com\/wordpress\/plugins\/seo\/ -->\n<title>myPROzip for guest-operated laundry - Electrolux Professional Magyarorsz\u00e1g<\/title>\n<meta name=\"description\" content=\"myPROzip washers and dryers for small guest-operated laundry facilities.Stronger and faster than standard domestic appliances.\" \/>\n<meta name=\"robots\" content=\"index, follow, max-snippet:-1, max-image-preview:large, max-video-preview:-1\" \/>\n<link rel=\"canonical\" href=\"https:\/\/www.electroluxprofessional.com\/hu\/laundry\/myprozip-guest-operated-laundry\/\" \/>\n<meta property=\"og:locale\" content=\"hu_HU\" \/>\n<meta property=\"og:type\" content=\"article\" \/>\n<meta property=\"og:title\" content=\"myPROzip for guest-operated laundry - Electrolux Professional Magyarorsz\u00e1g\" \/>\n<meta property=\"og:description\" content=\"myPROzip washers and dryers for small guest-operated laundry facilities.Stronger and faster than standard domestic appliances.\" \/>\n<meta property=\"og:url\" content=\"https:\/\/www.electroluxprofessional.com\/hu\/laundry\/myprozip-guest-operated-laundry\/\" \/>\n<meta property=\"og:site_name\" content=\"Electrolux Professional Magyarorsz\u00e1g\" \/>\n<meta property=\"article:modified_time\" content=\"2025-12-11T02:54:37+00:00\" \/>\n<meta property=\"og:image\" content=\"https:\/\/www.electroluxprofessional.com\/hu\/wp-content\/uploads\/2016\/12\/banner-3.jpg\" \/>\n\t<meta property=\"og:image:width\" content=\"2000\" \/>\n\t<meta property=\"og:image:height\" content=\"1383\" \/>\n\t<meta property=\"og:image:type\" content=\"image\/jpeg\" \/>\n<meta name=\"twitter:card\" content=\"summary_large_image\" \/>\n<meta name=\"twitter:label1\" content=\"Becs\u00fclt olvas\u00e1si id\u0151\" \/>\n\t<meta name=\"twitter:data1\" content=\"4 perc\" \/>\n<script type=\"application\/ld+json\" class=\"yoast-schema-graph\">{\"@context\":\"https:\/\/schema.org\",\"@graph\":[{\"@type\":\"WebPage\",\"@id\":\"https:\/\/www.electroluxprofessional.com\/hu\/laundry\/myprozip-guest-operated-laundry\/\",\"url\":\"https:\/\/www.electroluxprofessional.com\/hu\/laundry\/myprozip-guest-operated-laundry\/\",\"name\":\"myPROzip for guest-operated laundry - Electrolux Professional Magyarorsz\u00e1g\",\"isPartOf\":{\"@id\":\"https:\/\/www.electroluxprofessional.com\/hu\/#website\"},\"primaryImageOfPage\":{\"@id\":\"https:\/\/www.electroluxprofessional.com\/hu\/laundry\/myprozip-guest-operated-laundry\/#primaryimage\"},\"image\":{\"@id\":\"https:\/\/www.electroluxprofessional.com\/hu\/laundry\/myprozip-guest-operated-laundry\/#primaryimage\"},\"thumbnailUrl\":\"https:\/\/www.electroluxprofessional.com\/hu\/wp-content\/uploads\/2016\/12\/banner-3.jpg\",\"datePublished\":\"2025-12-02T03:40:58+00:00\",\"dateModified\":\"2025-12-11T02:54:37+00:00\",\"description\":\"myPROzip washers and dryers for small guest-operated laundry facilities.Stronger and faster than standard domestic appliances.\",\"breadcrumb\":{\"@id\":\"https:\/\/www.electroluxprofessional.com\/hu\/laundry\/myprozip-guest-operated-laundry\/#breadcrumb\"},\"inLanguage\":\"hu\",\"potentialAction\":[{\"@type\":\"ReadAction\",\"target\":[\"https:\/\/www.electroluxprofessional.com\/hu\/laundry\/myprozip-guest-operated-laundry\/\"]}]},{\"@type\":\"ImageObject\",\"inLanguage\":\"hu\",\"@id\":\"https:\/\/www.electroluxprofessional.com\/hu\/laundry\/myprozip-guest-operated-laundry\/#primaryimage\",\"url\":\"https:\/\/www.electroluxprofessional.com\/hu\/wp-content\/uploads\/2016\/12\/banner-3.jpg\",\"contentUrl\":\"https:\/\/www.electroluxprofessional.com\/hu\/wp-content\/uploads\/2016\/12\/banner-3.jpg\",\"width\":2000,\"height\":1383,\"caption\":\"Front load washers\"},{\"@type\":\"BreadcrumbList\",\"@id\":\"https:\/\/www.electroluxprofessional.com\/hu\/laundry\/myprozip-guest-operated-laundry\/#breadcrumb\",\"itemListElement\":[{\"@type\":\"ListItem\",\"position\":1,\"name\":\"Home\",\"item\":\"https:\/\/www.electroluxprofessional.com\/hu\/\"},{\"@type\":\"ListItem\",\"position\":2,\"name\":\"Mosodatechnika\",\"item\":\"https:\/\/www.electroluxprofessional.com\/hu\/laundry\/\"},{\"@type\":\"ListItem\",\"position\":3,\"name\":\"myPROzip for guest-operated laundry\"}]},{\"@type\":\"WebSite\",\"@id\":\"https:\/\/www.electroluxprofessional.com\/hu\/#website\",\"url\":\"https:\/\/www.electroluxprofessional.com\/hu\/\",\"name\":\"Electrolux Professional Magyarorsz\u00e1g\",\"description\":\"\",\"potentialAction\":[{\"@type\":\"SearchAction\",\"target\":{\"@type\":\"EntryPoint\",\"urlTemplate\":\"https:\/\/www.electroluxprofessional.com\/hu\/?src={search_term_string}\"},\"query-input\":\"required name=search_term_string\"}],\"inLanguage\":\"hu\"}]}<\/script>\n<!-- \/ Yoast SEO plugin. -->","yoast_head_json":{"title":"myPROzip for guest-operated laundry - Electrolux Professional Magyarorsz\u00e1g","description":"myPROzip washers and dryers for small guest-operated laundry facilities.Stronger and faster than standard domestic appliances.","robots":{"index":"index","follow":"follow","max-snippet":"max-snippet:-1","max-image-preview":"max-image-preview:large","max-video-preview":"max-video-preview:-1"},"canonical":"https:\/\/www.electroluxprofessional.com\/hu\/laundry\/myprozip-guest-operated-laundry\/","og_locale":"hu_HU","og_type":"article","og_title":"myPROzip for guest-operated laundry - Electrolux Professional Magyarorsz\u00e1g","og_description":"myPROzip washers and dryers for small guest-operated laundry facilities.Stronger and faster than standard domestic appliances.","og_url":"https:\/\/www.electroluxprofessional.com\/hu\/laundry\/myprozip-guest-operated-laundry\/","og_site_name":"Electrolux Professional Magyarorsz\u00e1g","article_modified_time":"2025-12-11T02:54:37+00:00","og_image":[{"width":2000,"height":1383,"url":"https:\/\/www.electroluxprofessional.com\/hu\/wp-content\/uploads\/2016\/12\/banner-3.jpg","type":"image\/jpeg"}],"twitter_card":"summary_large_image","twitter_misc":{"Becs\u00fclt olvas\u00e1si id\u0151":"4 perc"},"schema":{"@context":"https:\/\/schema.org","@graph":[{"@type":"WebPage","@id":"https:\/\/www.electroluxprofessional.com\/hu\/laundry\/myprozip-guest-operated-laundry\/","url":"https:\/\/www.electroluxprofessional.com\/hu\/laundry\/myprozip-guest-operated-laundry\/","name":"myPROzip for guest-operated laundry - Electrolux Professional Magyarorsz\u00e1g","isPartOf":{"@id":"https:\/\/www.electroluxprofessional.com\/hu\/#website"},"primaryImageOfPage":{"@id":"https:\/\/www.electroluxprofessional.com\/hu\/laundry\/myprozip-guest-operated-laundry\/#primaryimage"},"image":{"@id":"https:\/\/www.electroluxprofessional.com\/hu\/laundry\/myprozip-guest-operated-laundry\/#primaryimage"},"thumbnailUrl":"https:\/\/www.electroluxprofessional.com\/hu\/wp-content\/uploads\/2016\/12\/banner-3.jpg","datePublished":"2025-12-02T03:40:58+00:00","dateModified":"2025-12-11T02:54:37+00:00","description":"myPROzip washers and dryers for small guest-operated laundry facilities.Stronger and faster than standard domestic appliances.","breadcrumb":{"@id":"https:\/\/www.electroluxprofessional.com\/hu\/laundry\/myprozip-guest-operated-laundry\/#breadcrumb"},"inLanguage":"hu","potentialAction":[{"@type":"ReadAction","target":["https:\/\/www.electroluxprofessional.com\/hu\/laundry\/myprozip-guest-operated-laundry\/"]}]},{"@type":"ImageObject","inLanguage":"hu","@id":"https:\/\/www.electroluxprofessional.com\/hu\/laundry\/myprozip-guest-operated-laundry\/#primaryimage","url":"https:\/\/www.electroluxprofessional.com\/hu\/wp-content\/uploads\/2016\/12\/banner-3.jpg","contentUrl":"https:\/\/www.electroluxprofessional.com\/hu\/wp-content\/uploads\/2016\/12\/banner-3.jpg","width":2000,"height":1383,"caption":"Front load washers"},{"@type":"BreadcrumbList","@id":"https:\/\/www.electroluxprofessional.com\/hu\/laundry\/myprozip-guest-operated-laundry\/#breadcrumb","itemListElement":[{"@type":"ListItem","position":1,"name":"Home","item":"https:\/\/www.electroluxprofessional.com\/hu\/"},{"@type":"ListItem","position":2,"name":"Mosodatechnika","item":"https:\/\/www.electroluxprofessional.com\/hu\/laundry\/"},{"@type":"ListItem","position":3,"name":"myPROzip for guest-operated laundry"}]},{"@type":"WebSite","@id":"https:\/\/www.electroluxprofessional.com\/hu\/#website","url":"https:\/\/www.electroluxprofessional.com\/hu\/","name":"Electrolux Professional Magyarorsz\u00e1g","description":"","potentialAction":[{"@type":"SearchAction","target":{"@type":"EntryPoint","urlTemplate":"https:\/\/www.electroluxprofessional.com\/hu\/?src={search_term_string}"},"query-input":"required name=search_term_string"}],"inLanguage":"hu"}]}},"_links":{"self":[{"href":"https:\/\/www.electroluxprofessional.com\/hu\/wp-json\/wp\/v2\/pages\/9419"}],"collection":[{"href":"https:\/\/www.electroluxprofessional.com\/hu\/wp-json\/wp\/v2\/pages"}],"about":[{"href":"https:\/\/www.electroluxprofessional.com\/hu\/wp-json\/wp\/v2\/types\/page"}],"author":[{"embeddable":true,"href":"https:\/\/www.electroluxprofessional.com\/hu\/wp-json\/wp\/v2\/users\/53"}],"replies":[{"embeddable":true,"href":"https:\/\/www.electroluxprofessional.com\/hu\/wp-json\/wp\/v2\/comments?post=9419"}],"version-history":[{"count":4,"href":"https:\/\/www.electroluxprofessional.com\/hu\/wp-json\/wp\/v2\/pages\/9419\/revisions"}],"predecessor-version":[{"id":9728,"href":"https:\/\/www.electroluxprofessional.com\/hu\/wp-json\/wp\/v2\/pages\/9419\/revisions\/9728"}],"up":[{"embeddable":true,"href":"https:\/\/www.electroluxprofessional.com\/hu\/wp-json\/wp\/v2\/pages\/3660"}],"wp:featuredmedia":[{"embeddable":true,"href":"https:\/\/www.electroluxprofessional.com\/hu\/wp-json\/wp\/v2\/media\/1683"}],"wp:attachment":[{"href":"https:\/\/www.electroluxprofessional.com\/hu\/wp-json\/wp\/v2\/media?parent=9419"}],"curies":[{"name":"wp","href":"https:\/\/api.w.org\/{rel}","templated":true}]}}