{"id":9145,"date":"2025-08-15T08:43:14","date_gmt":"2025-08-15T08:43:14","guid":{"rendered":"https:\/\/www.electroluxprofessional.com\/hu\/?page_id=9145"},"modified":"2025-08-25T06:51:52","modified_gmt":"2025-08-25T06:51:52","slug":"customer-care-2","status":"publish","type":"page","link":"https:\/\/www.electroluxprofessional.com\/hu\/customer-care-2\/","title":{"rendered":"Essentia \u00dcgyf\u00e9lszolg\u00e1lat"},"content":{"rendered":"<p>[vc_row full_width=&#8221;electroluxpro-full-width-no-padding&#8221;][vc_column][elx_image_block background_image=&#8221;9140&#8243; minimum_height=&#8221;400px&#8221;][\/vc_column][\/vc_row][vc_row][vc_column][elx_heading font_container=&#8221;h1&#8243; font_size=&#8221;h1&#8243; text_color=&#8221;inherit&#8221; text_align=&#8221;text-center&#8221;]Essentia,<br \/>\naz \u00fcgyf\u00e9lszolg\u00e1lat sz\u00edve[\/elx_heading][vc_empty_space height=&#8221;22px&#8221;][\/vc_column][\/vc_row][vc_row][vc_column][vc_column_text]<\/p>\n<p style=\"text-align: center;\">Az Essentia az \u00fcgyf\u00e9lszolg\u00e1latot magasabb szintre emeli, olyan dedik\u00e1lt szolg\u00e1ltat\u00e1st k\u00edn\u00e1lva, amely kulcsfontoss\u00e1g\u00fa elemm\u00e9 v\u00e1lik versenyel\u0151nye szempontj\u00e1b\u00f3l. Az \u00fczembe helyez\u00e9st\u0151l a berendez\u00e9se teljes \u00e9lettartam\u00e1ig \u00e1tfog\u00f3 karbantart\u00e1si meg\u00e1llapod\u00e1sokkal \u00e1llunk rendelkez\u00e9s\u00e9re, amelyek kiterjedt szak\u00e9rtelm\u00fcnk\u00f6n, \u00f6r\u00f6ks\u00e9g\u00fcnk\u00f6n \u00e9s a konyhai, mosodai \u00e9s italkezel\u0151 berendez\u00e9sek gy\u00e1rt\u00e1s\u00e1ban szerzett t\u00f6bb\u00e9ves tapasztalatunkon alapulnak.<\/p>\n<p>[\/vc_column_text][vc_empty_space][vc_single_image image=&#8221;4892&#8243; img_size=&#8221;150&#215;150&#8243; alignment=&#8221;center&#8221;][vc_empty_space][\/vc_column][\/vc_row][vc_row disable_element=&#8221;yes&#8221;][vc_column][vc_empty_space height=&#8221;50px&#8221;][elx_promo_video background_image=&#8221;9141&#8243; video_link=&#8221;https:\/\/www.youtube.com\/embed\/XVv24k2cXTU?si=5dz9b2EjEhos_BB5&#8243;][\/vc_column][\/vc_row][vc_row][vc_column][vc_empty_space height=&#8221;22px&#8221;][elx_heading font_size=&#8221;h1&#8243; text_color=&#8221;inherit&#8221; text_align=&#8221;text-center&#8221;]Mindig \u00d6n mellett \u00e1llunk![\/elx_heading][vc_empty_space height=&#8221;22px&#8221;][vc_column_text]<\/p>\n<p style=\"text-align: center;\">Eredeti p\u00f3talkatr\u00e9szeket, kiv\u00e1l\u00f3 min\u0151s\u00e9g\u0171 tartoz\u00e9kokat \u00e9s fogy\u00f3eszk\u00f6z\u00f6ket k\u00edn\u00e1lunk, hogy berendez\u00e9se mindig cs\u00facsform\u00e1ban maradjon.<\/p>\n<p>[\/vc_column_text][vc_empty_space height=&#8221;15px&#8221;][\/vc_column][\/vc_row][vc_row][vc_column width=&#8221;1\/3&#8243;][elx_heading font_container=&#8221;h3&#8243; font_size=&#8221;h5&#8243; text_color=&#8221;inherit&#8221; text_align=&#8221;text-center&#8221;]Tartoz\u00e9kok[\/elx_heading][vc_single_image image=&#8221;9142&#8243; img_size=&#8221;400&#215;250&#8243; alignment=&#8221;center&#8221;][vc_empty_space height=&#8221;22px&#8221;][vc_column_text]<\/p>\n<p style=\"text-align: center;\">Sz\u00e1m\u00edthat az Electrolux Professional szak\u00e9rt\u0151i \u00e1ltal szigor\u00faan tesztelt eredeti tartoz\u00e9kok gyors kisz\u00e1ll\u00edt\u00e1s\u00e1ra, amelyek biztos\u00edtj\u00e1k berendez\u00e9se tart\u00f3ss\u00e1g\u00e1t, teljes\u00edtm\u00e9ny\u00e9t \u00e9s a felhaszn\u00e1l\u00f3k biztons\u00e1g\u00e1t.<\/p>\n<p>[\/vc_column_text][vc_empty_space height=&#8221;22px&#8221;][elx_shop_now button_text=&#8221;V\u00c1S\u00c1ROLJON MOST&#8221; button_display_block=&#8221;display_block_on&#8221; button_alignment=&#8221;align_center&#8221; button_link=&#8221;url:https%3A%2F%2Fbuy.electroluxprofessional.com%2F&#8221;][vc_empty_space height=&#8221;35px&#8221;][\/vc_column][vc_column width=&#8221;1\/3&#8243;][elx_heading font_container=&#8221;h3&#8243; font_size=&#8221;h5&#8243; text_color=&#8221;inherit&#8221; text_align=&#8221;text-center&#8221;]Fogy\u00f3eszk\u00f6z\u00f6k[\/elx_heading][vc_single_image image=&#8221;9143&#8243; img_size=&#8221;318&#215;225&#8243; alignment=&#8221;center&#8221;][vc_empty_space height=&#8221;22px&#8221;][vc_column_text]<\/p>\n<p style=\"text-align: center;\">V\u00e1lasszon tan\u00fas\u00edtott mos\u00f3szereket \u00e9s fogy\u00f3eszk\u00f6z\u00f6ket, amelyeket az Electrolux Professional alaposan tesztelt \u00e9s j\u00f3v\u00e1hagyott. Okos d\u00f6nt\u00e9ssel optimaliz\u00e1lhatja teljes\u00edtm\u00e9nyt, n\u00f6velheti hat\u00e9konys\u00e1got \u00e9s el\u00e9rheti a legjobb eredm\u00e9nyeket.<\/p>\n<p>[\/vc_column_text][vc_empty_space height=&#8221;22px&#8221;][elx_shop_now button_text=&#8221;V\u00c1S\u00c1ROLJON MOST&#8221; button_display_block=&#8221;display_block_on&#8221; button_alignment=&#8221;align_center&#8221; button_link=&#8221;url:https%3A%2F%2Fbuy.electroluxprofessional.com%2F&#8221;][vc_empty_space height=&#8221;35px&#8221;][\/vc_column][vc_column width=&#8221;1\/3&#8243;][elx_heading font_container=&#8221;h3&#8243; font_size=&#8221;h5&#8243; text_color=&#8221;inherit&#8221; text_align=&#8221;text-center&#8221;]P\u00f3talkatr\u00e9szek[\/elx_heading][vc_single_image image=&#8221;9144&#8243; img_size=&#8221;278&#215;225&#8243; alignment=&#8221;center&#8221;][vc_empty_space height=&#8221;22px&#8221;][vc_column_text]<\/p>\n<p style=\"text-align: center;\"><strong><b>55 000 rakt\u00e1ron l\u00e9v\u0151 p\u00f3talkatr\u00e9sz!<\/b><\/strong>\u00a0Haszn\u00e1ljon eredeti alkatr\u00e9szeket, amelyek a gy\u00e1rt\u00e1s befejez\u00e9s\u00e9t\u0151l sz\u00e1m\u00edtva legal\u00e1bb 10 \u00e9vig garant\u00e1ltan el\u00e9rhet\u0151k. \u00c9lvezze a gyors \u00e9s megb\u00edzhat\u00f3, 24\u201348 \u00f3r\u00e1n bel\u00fcli vil\u00e1gm\u00e9ret\u0171 kisz\u00e1ll\u00edt\u00e1st.<\/p>\n<p>[\/vc_column_text][vc_empty_space height=&#8221;22px&#8221;][elx_shop_now button_text=&#8221;V\u00c1S\u00c1ROLJON MOST&#8221; button_display_block=&#8221;display_block_on&#8221; button_alignment=&#8221;align_center&#8221; button_link=&#8221;url:https%3A%2F%2Fbuy.electroluxprofessional.com%2F&#8221;][vc_empty_space height=&#8221;35px&#8221;][\/vc_column][\/vc_row][vc_row][vc_column][vc_empty_space height=&#8221;40px&#8221;][elx_heading font_size=&#8221;h1&#8243; text_color=&#8221;inherit&#8221; text_align=&#8221;text-center&#8221;]Emelje magasabb szintre a szabv\u00e1nyokat szolg\u00e1ltat\u00e1si szerz\u0151d\u00e9seinkkel*<br \/>\n[\/elx_heading][vc_empty_space height=&#8221;12px&#8221;][vc_column_text]<\/p>\n<p style=\"text-align: center;\">V\u00e1lasszon rugalmas, egyedi ig\u00e9nyekhez szabott csomagok k\u00f6z\u00fcl.<br \/>\nCs\u00f6kkentse a le\u00e1ll\u00e1si id\u0151t, tartsa fenn a legmagasabb teljes\u00edtm\u00e9nyt.<br \/>\n(*) Helyi el\u00e9rhet\u0151s\u00e9gt\u0151l f\u00fcgg\u0151en.<\/p>\n<p>[\/vc_column_text][vc_empty_space height=&#8221;12px&#8221;][\/vc_column][\/vc_row][vc_row][vc_column width=&#8221;1\/3&#8243;][vc_empty_space height=&#8221;28px&#8221; css=&#8221;.vc_custom_1731073396355{background-color: #9eb4b9 !important;}&#8221;][vc_empty_space height=&#8221;8px&#8221;][vc_column_text]<\/p>\n<h3>Performance<\/h3>\n<h4>Emelje szintre a teljes\u00edtm\u00e9nyt<\/h4>\n<p style=\"font-size: 12px;\">Cs\u00f6kkentse a nem tervezett le\u00e1ll\u00e1sokat, tartsa meg a garanci\u00e1lis felt\u00e9teleket \u00e9s az optim\u00e1lis m\u0171k\u00f6d\u00e9st.<\/p>\n<p>[\/vc_column_text][vc_empty_space height=&#8221;35px&#8221;][\/vc_column][vc_column width=&#8221;1\/3&#8243;][vc_empty_space height=&#8221;28px&#8221; css=&#8221;.vc_custom_1731073358914{background-color: #656664 !important;}&#8221;][vc_empty_space height=&#8221;8px&#8221;][vc_column_text]<\/p>\n<h3>Premium<\/h3>\n<h4>M\u00e9g t\u00f6bb \u00d6nnek<\/h4>\n<p style=\"font-size: 12px;\">Hosszabb\u00edtsa meg az alkatr\u00e9szekre vagy munkad\u00edjra vonatkoz\u00f3 garanci\u00e1t, \u00e9lvezze a gyorsabb helysz\u00edni beavatkoz\u00e1st, valamint kedvezm\u00e9nyeket tartoz\u00e9kokra \u00e9s fogy\u00f3eszk\u00f6z\u00f6kre.<\/p>\n<p>[\/vc_column_text][vc_empty_space height=&#8221;35px&#8221;][\/vc_column][vc_column width=&#8221;1\/3&#8243;][vc_empty_space height=&#8221;28px&#8221; css=&#8221;.vc_custom_1731073402162{background-color: #bb8b46 !important;}&#8221;][vc_empty_space height=&#8221;8px&#8221;][vc_column_text]<\/p>\n<h3>Excellence<\/h3>\n<h4>Teljes nyugalom<\/h4>\n<p style=\"font-size: 12px;\">Teljes k\u00f6r\u0171 karbantart\u00e1si \u00e9s szervizprogram fix \u00e1ron.<\/p>\n<p>[\/vc_column_text][vc_empty_space height=&#8221;35px&#8221;][\/vc_column][\/vc_row][vc_row][vc_column][vc_empty_space height=&#8221;12px&#8221;][elx_button button_text=&#8221;T\u00f6ltse le szolg\u00e1ltat\u00e1si szerz\u0151d\u00e9s bros\u00far\u00e1nkat&#8221; button_style=&#8221;secondary&#8221; button_display_block=&#8221;display_block_on&#8221; button_alignment=&#8221;align_center&#8221; button_alignment_mobile=&#8221;text-center-mobile&#8221; button_link=&#8221;url:http%3A%2F%2Fpride.int.electroluxprofessional.com%2FPrIDE%2FPrIDE_Attach_r%2FCLF%2FCLF_CLF-9JE00193_1_5_1_5_EPR_Essentia_Service%2520agreements_2020_ENG_LR.pdf|target:_blank&#8221;][vc_empty_space height=&#8221;50px&#8221;][\/vc_column][\/vc_row][vc_row custom_color_row=&#8221;bg-row-light-blue&#8221;][vc_column][vc_empty_space][elx_heading font_size=&#8221;h1&#8243; text_color=&#8221;inherit&#8221; text_align=&#8221;text-center&#8221;]Egyed\u00fcl\u00e1ll\u00f3 szervizkiv\u00e1l\u00f3s\u00e1g<br \/>\nMindig k\u00f6zel. Mindig \u00d6n\u00e9rt.<br \/>\n[\/elx_heading][vc_empty_space height=&#8221;22px&#8221;][\/vc_column][\/vc_row][vc_row custom_color_row=&#8221;bg-row-light-blue&#8221;][vc_column width=&#8221;1\/3&#8243;][vc_column_text]<strong>Glob\u00e1lis K+F csapat<\/strong><\/p>\n<p>\u00fcgyf\u00e9lig\u00e9nyekt\u0151l a bels\u0151 kiv\u00e1l\u00f3s\u00e1gig.[\/vc_column_text][vc_empty_space height=&#8221;22px&#8221;][\/vc_column][vc_column width=&#8221;1\/3&#8243;][vc_column_text]<strong>A vil\u00e1g legkiterjedtebb \u00fcgyf\u00e9lszolg\u00e1lati h\u00e1l\u00f3zata<\/strong><\/p>\n<p>helyi jelenl\u00e9t a v\u00e1s\u00e1rl\u00e1s el\u0151tt, k\u00f6zben \u00e9s ut\u00e1n.[\/vc_column_text][vc_empty_space height=&#8221;22px&#8221;][\/vc_column][vc_column width=&#8221;1\/3&#8243;][vc_column_text]<strong><b>Fenntarthat\u00f3s\u00e1gi elismer\u00e9sek<\/b><\/strong><\/p>\n<p>EcoVadis ez\u00fcst min\u0151s\u00edt\u00e9s, CDP \u201eB\u201d \u00e9rt\u00e9kel\u00e9s, alacsony ESG kock\u00e1zati pontsz\u00e1m (Sustainalytics), ISO tan\u00fas\u00edtv\u00e1nyok k\u00f6rnyezetir\u00e1ny\u00edt\u00e1si, energia- \u00e9s min\u0151s\u00e9gir\u00e1ny\u00edt\u00e1si rendszerekhez.[\/vc_column_text][vc_empty_space height=&#8221;22px&#8221;][\/vc_column][\/vc_row][vc_row custom_color_row=&#8221;bg-row-light-blue&#8221;][vc_column][vc_empty_space height=&#8221;12px&#8221;][\/vc_column][\/vc_row][vc_row custom_color_row=&#8221;bg-row-light-blue&#8221;][vc_column width=&#8221;1\/4&#8243; offset=&#8221;vc_col-xs-6&#8243;][vc_column_text css=&#8221;.vc_custom_1756104574677{padding-top: 20px !important;padding-right: 20px !important;padding-bottom: 20px !important;padding-left: 20px !important;background-color: #ffffff !important;border-radius: 35px !important;}&#8221;]<\/p>\n<p style=\"text-align: center;\"><strong><span style=\"font-size: 30px;\">1900<\/span><\/strong><br \/>\nenged\u00e9lyezett<br \/>\nszervizk\u00f6zpont<\/p>\n<p>[\/vc_column_text][vc_empty_space][\/vc_column][vc_column width=&#8221;1\/4&#8243; offset=&#8221;vc_col-xs-6&#8243;][vc_column_text css=&#8221;.vc_custom_1756104589928{padding-top: 20px !important;padding-right: 20px !important;padding-bottom: 20px !important;padding-left: 20px !important;background-color: #ffffff !important;border-radius: 35px !important;}&#8221;]<\/p>\n<p style=\"text-align: center;\"><strong><span style=\"font-size: 30px;\">7000<\/span><\/strong><br \/>\nszak\u00e9rt\u0151<br \/>\ntechnikus<\/p>\n<p>[\/vc_column_text][vc_empty_space][\/vc_column][vc_column width=&#8221;1\/4&#8243; offset=&#8221;vc_col-xs-6&#8243;][vc_column_text css=&#8221;.vc_custom_1756104604611{padding-top: 20px !important;padding-right: 20px !important;padding-bottom: 20px !important;padding-left: 20px !important;background-color: #ffffff !important;border-radius: 35px !important;}&#8221;]<\/p>\n<p style=\"text-align: center;\"><strong><span style=\"font-size: 30px;\">55.000<\/span><\/strong><br \/>\nalkatr\u00e9sz<br \/>\nrakt\u00e1ron<\/p>\n<p>[\/vc_column_text][vc_empty_space][\/vc_column][vc_column width=&#8221;1\/4&#8243; offset=&#8221;vc_col-xs-6&#8243;][vc_column_text css=&#8221;.vc_custom_1756104628565{padding-top: 20px !important;padding-right: 20px !important;padding-bottom: 20px !important;padding-left: 20px !important;background-color: #ffffff !important;border-radius: 35px !important;}&#8221;]<\/p>\n<p style=\"text-align: center;\"><strong><span style=\"font-size: 30px;\">24-48 \u00f3r\u00e1s <\/span><\/strong><br \/>\nvil\u00e1gm\u00e9ret\u0171<br \/>\nkisz\u00e1ll\u00edt\u00e1s<\/p>\n<p>[\/vc_column_text][vc_empty_space][\/vc_column][\/vc_row][vc_row custom_color_row=&#8221;bg-row-light-blue&#8221;][vc_column][elx_button button_text=&#8221;Tal\u00e1ljon szervizpartnert&#8221; button_display_block=&#8221;display_block_on&#8221; button_alignment=&#8221;align_center&#8221; button_alignment_mobile=&#8221;text-center-mobile&#8221; button_link=&#8221;url:https%3A%2F%2Fwww.electroluxprofessional.com%2Fhu%2Fertekesitesi-es-szerviz-lokator%2F&#8221;][vc_empty_space][\/vc_column][\/vc_row][vc_row][vc_column][vc_empty_space height=&#8221;40px&#8221;][elx_heading font_size=&#8221;h1&#8243; text_color=&#8221;inherit&#8221; text_align=&#8221;text-center&#8221;]L\u00e9pjen kapcsolatba \u00fcgyf\u00e9lszolg\u00e1latunkkal<br \/>\n[\/elx_heading][vc_empty_space height=&#8221;22px&#8221;][elx_o2000_contact_us s=&#8221;Kapcsolatfelv\u00e9teli k\u00e9r\u00e9s a weboldalr\u00f3l&#8221; country=&#8221;Hungary&#8221; r=&#8221;Szeretn\u00e9 megtudni, mit k\u00edn\u00e1l az Essentia? Vegye fel vel\u00fcnk a kapcsolatot!&#8221;][\/vc_column][\/vc_row]<\/p>\n","protected":false},"excerpt":{"rendered":"<p>[vc_row full_width=&#8221;electroluxpro-full-width-no-padding&#8221;][vc_column][elx_image_block background_image=&#8221;9140&#8243; minimum_height=&#8221;400px&#8221;][\/vc_column][\/vc_row][vc_row][vc_column][elx_heading font_container=&#8221;h1&#8243; font_size=&#8221;h1&#8243; text_color=&#8221;inherit&#8221; text_align=&#8221;text-center&#8221;]Essentia, az \u00fcgyf\u00e9lszolg\u00e1lat sz\u00edve[\/elx_heading][vc_empty_space height=&#8221;22px&#8221;][\/vc_column][\/vc_row][vc_row][vc_column][vc_column_text] Az Essentia az \u00fcgyf\u00e9lszolg\u00e1latot magasabb szintre emeli, olyan dedik\u00e1lt szolg\u00e1ltat\u00e1st k\u00edn\u00e1lva, amely kulcsfontoss\u00e1g\u00fa elemm\u00e9 v\u00e1lik versenyel\u0151nye szempontj\u00e1b\u00f3l. Az \u00fczembe helyez\u00e9st\u0151l a berendez\u00e9se teljes \u00e9lettartam\u00e1ig \u00e1tfog\u00f3 karbantart\u00e1si meg\u00e1llapod\u00e1sokkal \u00e1llunk rendelkez\u00e9s\u00e9re, amelyek kiterjedt szak\u00e9rtelm\u00fcnk\u00f6n, \u00f6r\u00f6ks\u00e9g\u00fcnk\u00f6n \u00e9s a konyhai, mosodai \u00e9s italkezel\u0151 berendez\u00e9sek gy\u00e1rt\u00e1s\u00e1ban szerzett t\u00f6bb\u00e9ves [&hellip;]<\/p>\n","protected":false},"author":53,"featured_media":9140,"parent":0,"menu_order":0,"comment_status":"closed","ping_status":"closed","template":"","meta":{"footnotes":""},"class_list":["post-9145","page","type-page","status-publish","has-post-thumbnail","hentry"],"yoast_head":"<!-- This site is optimized with the Yoast SEO plugin v23.3 - https:\/\/yoast.com\/wordpress\/plugins\/seo\/ -->\n<title>Essentia \u00dcgyf\u00e9lszolg\u00e1lat - Electrolux Professional Magyarorsz\u00e1g<\/title>\n<meta name=\"description\" content=\"Essentia by Electrolux Professional offers top-tier customer care service for kitchen, laundry, and beverage equipment. With expert maintenance agreements, genuine spare parts, and premium accessories, Essentia ensures optimal performance and efficiency. Backed by a global support network and sustainable practices, elevate your competitive edge with reliable care throughout your equipment\u2019s lifespan.\" \/>\n<meta name=\"robots\" content=\"index, follow, max-snippet:-1, max-image-preview:large, max-video-preview:-1\" \/>\n<link rel=\"canonical\" href=\"https:\/\/www.electroluxprofessional.com\/hu\/customer-care-2\/\" \/>\n<meta property=\"og:locale\" content=\"hu_HU\" \/>\n<meta property=\"og:type\" content=\"article\" \/>\n<meta property=\"og:title\" content=\"Essentia \u00dcgyf\u00e9lszolg\u00e1lat - Electrolux Professional Magyarorsz\u00e1g\" \/>\n<meta property=\"og:description\" content=\"Essentia by Electrolux Professional offers top-tier customer care service for kitchen, laundry, and beverage equipment. With expert maintenance agreements, genuine spare parts, and premium accessories, Essentia ensures optimal performance and efficiency. Backed by a global support network and sustainable practices, elevate your competitive edge with reliable care throughout your equipment\u2019s lifespan.\" \/>\n<meta property=\"og:url\" content=\"https:\/\/www.electroluxprofessional.com\/hu\/customer-care-2\/\" \/>\n<meta property=\"og:site_name\" content=\"Electrolux Professional Magyarorsz\u00e1g\" \/>\n<meta property=\"article:modified_time\" content=\"2025-08-25T06:51:52+00:00\" \/>\n<meta property=\"og:image\" content=\"https:\/\/www.electroluxprofessional.com\/hu\/wp-content\/uploads\/2025\/08\/Featured-Banner-H-banner-equipment-maintainance.webp\" \/>\n\t<meta property=\"og:image:width\" content=\"2000\" \/>\n\t<meta property=\"og:image:height\" content=\"350\" \/>\n\t<meta property=\"og:image:type\" content=\"image\/webp\" \/>\n<meta name=\"twitter:card\" content=\"summary_large_image\" \/>\n<meta name=\"twitter:label1\" content=\"Becs\u00fclt olvas\u00e1si id\u0151\" \/>\n\t<meta name=\"twitter:data1\" content=\"5 perc\" \/>\n<script type=\"application\/ld+json\" class=\"yoast-schema-graph\">{\"@context\":\"https:\/\/schema.org\",\"@graph\":[{\"@type\":\"WebPage\",\"@id\":\"https:\/\/www.electroluxprofessional.com\/hu\/customer-care-2\/\",\"url\":\"https:\/\/www.electroluxprofessional.com\/hu\/customer-care-2\/\",\"name\":\"Essentia \u00dcgyf\u00e9lszolg\u00e1lat - Electrolux Professional Magyarorsz\u00e1g\",\"isPartOf\":{\"@id\":\"https:\/\/www.electroluxprofessional.com\/hu\/#website\"},\"primaryImageOfPage\":{\"@id\":\"https:\/\/www.electroluxprofessional.com\/hu\/customer-care-2\/#primaryimage\"},\"image\":{\"@id\":\"https:\/\/www.electroluxprofessional.com\/hu\/customer-care-2\/#primaryimage\"},\"thumbnailUrl\":\"https:\/\/www.electroluxprofessional.com\/hu\/wp-content\/uploads\/2025\/08\/Featured-Banner-H-banner-equipment-maintainance.webp\",\"datePublished\":\"2025-08-15T08:43:14+00:00\",\"dateModified\":\"2025-08-25T06:51:52+00:00\",\"description\":\"Essentia by Electrolux Professional offers top-tier customer care service for kitchen, laundry, and beverage equipment. With expert maintenance agreements, genuine spare parts, and premium accessories, Essentia ensures optimal performance and efficiency. Backed by a global support network and sustainable practices, elevate your competitive edge with reliable care throughout your equipment\u2019s lifespan.\",\"breadcrumb\":{\"@id\":\"https:\/\/www.electroluxprofessional.com\/hu\/customer-care-2\/#breadcrumb\"},\"inLanguage\":\"hu\",\"potentialAction\":[{\"@type\":\"ReadAction\",\"target\":[\"https:\/\/www.electroluxprofessional.com\/hu\/customer-care-2\/\"]}]},{\"@type\":\"ImageObject\",\"inLanguage\":\"hu\",\"@id\":\"https:\/\/www.electroluxprofessional.com\/hu\/customer-care-2\/#primaryimage\",\"url\":\"https:\/\/www.electroluxprofessional.com\/hu\/wp-content\/uploads\/2025\/08\/Featured-Banner-H-banner-equipment-maintainance.webp\",\"contentUrl\":\"https:\/\/www.electroluxprofessional.com\/hu\/wp-content\/uploads\/2025\/08\/Featured-Banner-H-banner-equipment-maintainance.webp\",\"width\":2000,\"height\":350},{\"@type\":\"BreadcrumbList\",\"@id\":\"https:\/\/www.electroluxprofessional.com\/hu\/customer-care-2\/#breadcrumb\",\"itemListElement\":[{\"@type\":\"ListItem\",\"position\":1,\"name\":\"Home\",\"item\":\"https:\/\/www.electroluxprofessional.com\/hu\/\"},{\"@type\":\"ListItem\",\"position\":2,\"name\":\"Essentia \u00dcgyf\u00e9lszolg\u00e1lat\"}]},{\"@type\":\"WebSite\",\"@id\":\"https:\/\/www.electroluxprofessional.com\/hu\/#website\",\"url\":\"https:\/\/www.electroluxprofessional.com\/hu\/\",\"name\":\"Electrolux Professional Magyarorsz\u00e1g\",\"description\":\"\",\"potentialAction\":[{\"@type\":\"SearchAction\",\"target\":{\"@type\":\"EntryPoint\",\"urlTemplate\":\"https:\/\/www.electroluxprofessional.com\/hu\/?src={search_term_string}\"},\"query-input\":\"required name=search_term_string\"}],\"inLanguage\":\"hu\"}]}<\/script>\n<!-- \/ Yoast SEO plugin. -->","yoast_head_json":{"title":"Essentia \u00dcgyf\u00e9lszolg\u00e1lat - Electrolux Professional Magyarorsz\u00e1g","description":"Essentia by Electrolux Professional offers top-tier customer care service for kitchen, laundry, and beverage equipment. With expert maintenance agreements, genuine spare parts, and premium accessories, Essentia ensures optimal performance and efficiency. Backed by a global support network and sustainable practices, elevate your competitive edge with reliable care throughout your equipment\u2019s lifespan.","robots":{"index":"index","follow":"follow","max-snippet":"max-snippet:-1","max-image-preview":"max-image-preview:large","max-video-preview":"max-video-preview:-1"},"canonical":"https:\/\/www.electroluxprofessional.com\/hu\/customer-care-2\/","og_locale":"hu_HU","og_type":"article","og_title":"Essentia \u00dcgyf\u00e9lszolg\u00e1lat - Electrolux Professional Magyarorsz\u00e1g","og_description":"Essentia by Electrolux Professional offers top-tier customer care service for kitchen, laundry, and beverage equipment. With expert maintenance agreements, genuine spare parts, and premium accessories, Essentia ensures optimal performance and efficiency. Backed by a global support network and sustainable practices, elevate your competitive edge with reliable care throughout your equipment\u2019s lifespan.","og_url":"https:\/\/www.electroluxprofessional.com\/hu\/customer-care-2\/","og_site_name":"Electrolux Professional Magyarorsz\u00e1g","article_modified_time":"2025-08-25T06:51:52+00:00","og_image":[{"width":2000,"height":350,"url":"https:\/\/www.electroluxprofessional.com\/hu\/wp-content\/uploads\/2025\/08\/Featured-Banner-H-banner-equipment-maintainance.webp","type":"image\/webp"}],"twitter_card":"summary_large_image","twitter_misc":{"Becs\u00fclt olvas\u00e1si id\u0151":"5 perc"},"schema":{"@context":"https:\/\/schema.org","@graph":[{"@type":"WebPage","@id":"https:\/\/www.electroluxprofessional.com\/hu\/customer-care-2\/","url":"https:\/\/www.electroluxprofessional.com\/hu\/customer-care-2\/","name":"Essentia \u00dcgyf\u00e9lszolg\u00e1lat - Electrolux Professional Magyarorsz\u00e1g","isPartOf":{"@id":"https:\/\/www.electroluxprofessional.com\/hu\/#website"},"primaryImageOfPage":{"@id":"https:\/\/www.electroluxprofessional.com\/hu\/customer-care-2\/#primaryimage"},"image":{"@id":"https:\/\/www.electroluxprofessional.com\/hu\/customer-care-2\/#primaryimage"},"thumbnailUrl":"https:\/\/www.electroluxprofessional.com\/hu\/wp-content\/uploads\/2025\/08\/Featured-Banner-H-banner-equipment-maintainance.webp","datePublished":"2025-08-15T08:43:14+00:00","dateModified":"2025-08-25T06:51:52+00:00","description":"Essentia by Electrolux Professional offers top-tier customer care service for kitchen, laundry, and beverage equipment. With expert maintenance agreements, genuine spare parts, and premium accessories, Essentia ensures optimal performance and efficiency. Backed by a global support network and sustainable practices, elevate your competitive edge with reliable care throughout your equipment\u2019s lifespan.","breadcrumb":{"@id":"https:\/\/www.electroluxprofessional.com\/hu\/customer-care-2\/#breadcrumb"},"inLanguage":"hu","potentialAction":[{"@type":"ReadAction","target":["https:\/\/www.electroluxprofessional.com\/hu\/customer-care-2\/"]}]},{"@type":"ImageObject","inLanguage":"hu","@id":"https:\/\/www.electroluxprofessional.com\/hu\/customer-care-2\/#primaryimage","url":"https:\/\/www.electroluxprofessional.com\/hu\/wp-content\/uploads\/2025\/08\/Featured-Banner-H-banner-equipment-maintainance.webp","contentUrl":"https:\/\/www.electroluxprofessional.com\/hu\/wp-content\/uploads\/2025\/08\/Featured-Banner-H-banner-equipment-maintainance.webp","width":2000,"height":350},{"@type":"BreadcrumbList","@id":"https:\/\/www.electroluxprofessional.com\/hu\/customer-care-2\/#breadcrumb","itemListElement":[{"@type":"ListItem","position":1,"name":"Home","item":"https:\/\/www.electroluxprofessional.com\/hu\/"},{"@type":"ListItem","position":2,"name":"Essentia \u00dcgyf\u00e9lszolg\u00e1lat"}]},{"@type":"WebSite","@id":"https:\/\/www.electroluxprofessional.com\/hu\/#website","url":"https:\/\/www.electroluxprofessional.com\/hu\/","name":"Electrolux Professional Magyarorsz\u00e1g","description":"","potentialAction":[{"@type":"SearchAction","target":{"@type":"EntryPoint","urlTemplate":"https:\/\/www.electroluxprofessional.com\/hu\/?src={search_term_string}"},"query-input":"required name=search_term_string"}],"inLanguage":"hu"}]}},"_links":{"self":[{"href":"https:\/\/www.electroluxprofessional.com\/hu\/wp-json\/wp\/v2\/pages\/9145"}],"collection":[{"href":"https:\/\/www.electroluxprofessional.com\/hu\/wp-json\/wp\/v2\/pages"}],"about":[{"href":"https:\/\/www.electroluxprofessional.com\/hu\/wp-json\/wp\/v2\/types\/page"}],"author":[{"embeddable":true,"href":"https:\/\/www.electroluxprofessional.com\/hu\/wp-json\/wp\/v2\/users\/53"}],"replies":[{"embeddable":true,"href":"https:\/\/www.electroluxprofessional.com\/hu\/wp-json\/wp\/v2\/comments?post=9145"}],"version-history":[{"count":3,"href":"https:\/\/www.electroluxprofessional.com\/hu\/wp-json\/wp\/v2\/pages\/9145\/revisions"}],"predecessor-version":[{"id":9167,"href":"https:\/\/www.electroluxprofessional.com\/hu\/wp-json\/wp\/v2\/pages\/9145\/revisions\/9167"}],"wp:featuredmedia":[{"embeddable":true,"href":"https:\/\/www.electroluxprofessional.com\/hu\/wp-json\/wp\/v2\/media\/9140"}],"wp:attachment":[{"href":"https:\/\/www.electroluxprofessional.com\/hu\/wp-json\/wp\/v2\/media?parent=9145"}],"curies":[{"name":"wp","href":"https:\/\/api.w.org\/{rel}","templated":true}]}}