{"id":7755,"date":"2024-01-08T13:46:15","date_gmt":"2024-01-08T13:46:15","guid":{"rendered":"https:\/\/www.electroluxprofessional.com\/hu\/?page_id=7755"},"modified":"2025-11-05T14:46:12","modified_gmt":"2025-11-05T14:46:12","slug":"szalamander-grill","status":"publish","type":"page","link":"https:\/\/www.electroluxprofessional.com\/hu\/konyhatechnologia\/szalamander-grill\/","title":{"rendered":"Szalamander grill"},"content":{"rendered":"<p>[vc_row full_width=&#8221;electroluxpro-full-width-no-padding&#8221;][vc_column][elx_image_block background_image=&#8221;7751&#8243; minimum_height=&#8221;350px&#8221;][\/vc_column][\/vc_row][vc_row][vc_column][elx_heading font_container=&#8221;h1&#8243; font_size=&#8221;h3&#8243; text_color=&#8221;inherit&#8221;]Szalamander grillek[\/elx_heading][vc_column_text]Az Electrolux Professional <strong><b>szalamander grilljei<\/b><\/strong>\u00a0gyorsan felmelegszenek \u00e9s rendk\u00edv\u00fcl egyszer\u0171en haszn\u00e1lhat\u00f3k.<br \/>\nPir\u00edt\u00e1sra, gratink\u00e9sz\u00edt\u00e9sre, s\u00fct\u00e9sre, \u00fajrameleg\u00edt\u00e9sre \u00e9s melegen tart\u00e1sra is t\u00f6k\u00e9letesek.[\/vc_column_text][\/vc_column][\/vc_row][vc_row][vc_column][vc_empty_space][\/vc_column][\/vc_row][vc_row][vc_column width=&#8221;1\/2&#8243;][vc_single_image image=&#8221;7752&#8243; img_size=&#8221;full&#8221; alignment=&#8221;center&#8221;][\/vc_column][vc_column width=&#8221;1\/2&#8243;][elx_heading font_size=&#8221;h3&#8243; text_color=&#8221;inherit&#8221;]Szupergyors rugalmass\u00e1g[\/elx_heading][elx_heading font_container=&#8221;h3&#8243; font_size=&#8221;h5&#8243; text_color=&#8221;inherit&#8221;]A t\u00f6k\u00e9letes eredm\u00e9ny gyorsan[\/elx_heading][vc_column_text]A fels\u0151 szell\u0151z\u0151ny\u00edl\u00e1sok <strong><b>jobb szell\u0151z\u00e9st<\/b><\/strong>\u00a0\u00e9s <strong><b>h\u0151cs\u00f6kkent\u00e9st<\/b><\/strong>\u00a0biztos\u00edtanak.<strong><b>\u00a0<\/b><\/strong>A meleg\u00edt\u0151lap egy rendk\u00edv\u00fcl sima s\u00ednrendszerrel \u00e1ll\u00edthat\u00f3. Az <strong><b>intuit\u00edv vez\u00e9rl\u0151gombbal<\/b><\/strong>\u00a0egyszer\u0171en be\u00e1ll\u00edthatja az id\u0151t, amely j\u00f3l l\u00e1that\u00f3 a digit\u00e1lis kijelz\u0151n.[\/vc_column_text][elx_heading font_container=&#8221;h3&#8243; font_size=&#8221;h5&#8243; text_color=&#8221;inherit&#8221;]A s\u00fct\u00e9st b\u00e1rmikor elind\u00edthatja \u00e9s le\u00e1ll\u00edthatja[\/elx_heading][vc_column_text]<strong><b>\u00c9rint\u00e9svez\u00e9relt t\u00e1ny\u00e9r\u00e9rz\u00e9kel\u0151 s\u00e1v<\/b><\/strong>: az ed\u00e9nyekkel val\u00f3 \u00e9rintkez\u00e9skor automatikusan aktiv\u00e1lja a f\u0171t\u0151elemeket.<br \/>\nNem csak energi\u00e1t takar\u00edthat meg, de a h\u0151m\u00e9rs\u00e9kletet is cs\u00f6kkentheti konyh\u00e1j\u00e1ban.[\/vc_column_text][elx_heading font_container=&#8221;h3&#8243; font_size=&#8221;h5&#8243; text_color=&#8221;inherit&#8221;]H\u0151m\u00e9rs\u00e9klet \u00e9s energiak\u00f6lts\u00e9gek cs\u00f6kkent\u00e9se[\/elx_heading][vc_column_text]A\u00a0<strong><b>k\u00e9t, egym\u00e1st\u00f3l f\u00fcggetlen f\u0151z\u0151z\u00f3n\u00e1nak<\/b><\/strong>\u00a0k\u00f6sz\u00f6nhet\u0151en az \u00fcvegker\u00e1mia panel al\u00e1 helyezheti ed\u00e9ny\u00e9t, mik\u00f6zben csak a fel\u00e9t kapcsolja be.<br \/>\nTeljes <strong><b>rugalmass\u00e1got<\/b><\/strong>\u00a0k\u00edn\u00e1l az \u00e9telk\u00e9sz\u00edt\u00e9s ter\u00e9n. A szalamander grill csak azt a r\u00e9szt meleg\u00edti, amelyre sz\u00fcks\u00e9ge van.[\/vc_column_text][elx_download_block text=&#8221;T\u00f6ltse le a szalamander sz\u00f3r\u00f3lapj\u00e1t&#8221; link=&#8221;files.professional.electrolux.com\/docs\/?n=CLF-9JE00205&amp;b=5&amp;l=1&#8243; background_color=&#8221;orange&#8221;][\/vc_column][\/vc_row][vc_row][vc_column width=&#8221;1\/2&#8243; css=&#8221;.vc_custom_1698771148646{border-top-width: -100px !important;}&#8221;][vc_single_image image=&#8221;7753&#8243; img_size=&#8221;full&#8221; alignment=&#8221;right&#8221;][vc_empty_space height=&#8221;90px&#8221;][\/vc_column][vc_column width=&#8221;1\/2&#8243;][vc_column_text]<strong><b>Ed\u00e9nyr\u00e1cs \u00e9s szalamandertart\u00f3 a helykihaszn\u00e1l\u00e1s optimaliz\u00e1l\u00e1s\u00e1hoz<\/b><\/strong><br \/>\nHaszn\u00e1lja ki a lehet\u0151 legjobban a rendelkez\u00e9sre \u00e1ll\u00f3 helyet az ed\u00e9nyr\u00e1cs \u00e9s a szalamandertart\u00f3 seg\u00edts\u00e9g\u00e9vel.<\/p>\n<p>Fedezze fel a f\u00fcgg\u0151leges t\u00e1rol\u00e1si megold\u00e1sokat, amelyeket a hely t\u00f6k\u00e9letes optimaliz\u00e1l\u00e1s\u00e1ra terveztek.<\/p>\n<p>A f\u00fcgg\u0151leges szerkezeti tartoz\u00e9kokat kifejezetten \u00fagy alak\u00edtott\u00e1k ki, hogy a lehet\u0151 legt\u00f6bbet hozz\u00e1k ki a rendelkez\u00e9sre \u00e1ll\u00f3 helyb\u0151l, mind v\u00edzszintesen, mind f\u00fcgg\u0151legesen. Felgyors\u00edthatja mindennapi m\u0171veleteit, ugyanis minden egy karny\u00fajt\u00e1snyira van, \u00edgy gyorsan \u00e9s egyszer\u0171en el\u00e9rheti a sz\u00fcks\u00e9ges dolgokat.[\/vc_column_text][\/vc_column][\/vc_row][vc_row][vc_column width=&#8221;1\/4&#8243;][elx_icons icon_size=&#8221;elx-icon-medium&#8221; icon_electroluxpro=&#8221;elx-icon icon-circle-graphic-blue&#8221;][elx_heading font_container=&#8221;h3&#8243; font_size=&#8221;h5&#8243; text_color=&#8221;inherit&#8221;]Gyors[\/elx_heading][vc_column_text]Gyors, nagy <strong><b>hat\u00e1sfok\u00fa f\u0171t\u0151rendszer<\/b><\/strong>. 20 m\u00e1sodperc alatt el\u00e9ri az optim\u00e1lis h\u0151m\u00e9rs\u00e9kletet.[\/vc_column_text][\/vc_column][vc_column width=&#8221;1\/4&#8243;][elx_icons icon_size=&#8221;elx-icon-medium&#8221; icon_electroluxpro=&#8221;elx-icon icon-circle-easy-blue&#8221;][elx_heading font_container=&#8221;h3&#8243; font_size=&#8221;h5&#8243; text_color=&#8221;inherit&#8221;]Egyszer\u0171en haszn\u00e1lhat\u00f3[\/elx_heading][vc_column_text]Szuperintuit\u00edv haszn\u00e1lat \u00e9s id\u0151be\u00e1ll\u00edt\u00e1s.[\/vc_column_text][\/vc_column][vc_column width=&#8221;1\/4&#8243;][elx_icons icon_size=&#8221;elx-icon-medium&#8221; icon_electroluxpro=&#8221;elx-icon icon-circle-savings-green-blue&#8221;][elx_heading font_container=&#8221;h3&#8243; font_size=&#8221;h5&#8243; text_color=&#8221;inherit&#8221;]Hat\u00e9kony[\/elx_heading][vc_column_text]Automatikus, \u00e9rint\u00e9svez\u00e9relt <strong><b>h\u0151bekapcsol\u00e1s\/-kikapcsol\u00e1s<\/b><\/strong>. H\u0171v\u00f6sebben tarthatja konyh\u00e1j\u00e1t, \u00e9s energi\u00e1t takar\u00edthat meg.[\/vc_column_text][\/vc_column][vc_column width=&#8221;1\/4&#8243;][vc_single_image image=&#8221;7754&#8243; img_size=&#8221;80&#215;80&#8243; alignment=&#8221;center&#8221;][elx_heading font_container=&#8221;h3&#8243; font_size=&#8221;h5&#8243; text_color=&#8221;inherit&#8221;]K\u00f6nnyen tiszt\u00edthat\u00f3[\/elx_heading][vc_column_text]Stresszmentes karbantart\u00e1s a <strong><b>kih\u00fazhat\u00f3 t\u00e1lc\u00e1knak \u00e9s r\u00e1csoknak<\/b><\/strong>\u00a0k\u00f6sz\u00f6nhet\u0151en.[\/vc_column_text][\/vc_column][\/vc_row][vc_row][vc_column][vc_empty_space][elx_heading font_size=&#8221;h3&#8243; text_color=&#8221;inherit&#8221; text_align=&#8221;text-left&#8221;]Fedezze fel, mit tehet az Electrolux Professional v\u00e1llalkoz\u00e1sa \u00e9rdek\u00e9ben[\/elx_heading][elx_o2000_contact_us s=&#8221;Inform\u00e1ci\u00f3k\u00e9r\u00e9s a szalamander grillekkel kapcsolatban&#8221; country=&#8221;Hungary&#8221; b=&#8221;food&#8221; container=&#8221;elxcontactus1486048409&#8243; r=&#8221;Szeretn\u00e9k t\u00f6bbet megtudni a szalamander grillekr\u0151l. K\u00e9rem, vegy\u00e9k fel velem a kapcsolatot.&#8221;][vc_empty_space][\/vc_column][\/vc_row][vc_row][vc_column][elx_heading font_size=&#8221;h3&#8243; text_color=&#8221;inherit&#8221; text_align=&#8221;text-left&#8221;]Szalamander grillek[\/elx_heading][\/vc_column][\/vc_row][vc_row full_width=&#8221;electroluxpro-full-width-no-padding&#8221;][vc_column][\/vc_column][\/vc_row][vc_row css=&#8221;.vc_custom_1518444066759{background-color: #eeeeee !important;}&#8221;][vc_column][elx_heading font_container=&#8221;h3&#8243; text_color=&#8221;inherit&#8221; text_align=&#8221;text-left&#8221;]Tal\u00e1lja meg az ide\u00e1lis csomagot v\u00e1llalkoz\u00e1sa sz\u00e1m\u00e1ra[\/elx_heading][\/vc_column][\/vc_row][vc_row css=&#8221;.vc_custom_1518444076252{background-color: #eeeeee !important;}&#8221;][vc_column width=&#8221;1\/3&#8243;][elx_maylike_box id_box=&#8221;3770&#8243;][\/vc_column][vc_column width=&#8221;1\/3&#8243;][elx_maylike_box id_box=&#8221;3673&#8243;][\/vc_column][vc_column width=&#8221;1\/3&#8243;][elx_maylike_box id_box=&#8221;3682&#8243;][\/vc_column][\/vc_row]<\/p>\n","protected":false},"excerpt":{"rendered":"<p>[vc_row full_width=&#8221;electroluxpro-full-width-no-padding&#8221;][vc_column][elx_image_block background_image=&#8221;7751&#8243; minimum_height=&#8221;350px&#8221;][\/vc_column][\/vc_row][vc_row][vc_column][elx_heading font_container=&#8221;h1&#8243; font_size=&#8221;h3&#8243; text_color=&#8221;inherit&#8221;]Szalamander grillek[\/elx_heading][vc_column_text]Az Electrolux Professional szalamander grilljei\u00a0gyorsan felmelegszenek \u00e9s rendk\u00edv\u00fcl egyszer\u0171en haszn\u00e1lhat\u00f3k. Pir\u00edt\u00e1sra, gratink\u00e9sz\u00edt\u00e9sre, s\u00fct\u00e9sre, \u00fajrameleg\u00edt\u00e9sre \u00e9s melegen tart\u00e1sra is t\u00f6k\u00e9letesek.[\/vc_column_text][\/vc_column][\/vc_row][vc_row][vc_column][vc_empty_space][\/vc_column][\/vc_row][vc_row][vc_column width=&#8221;1\/2&#8243;][vc_single_image image=&#8221;7752&#8243; img_size=&#8221;full&#8221; alignment=&#8221;center&#8221;][\/vc_column][vc_column width=&#8221;1\/2&#8243;][elx_heading font_size=&#8221;h3&#8243; text_color=&#8221;inherit&#8221;]Szupergyors rugalmass\u00e1g[\/elx_heading][elx_heading font_container=&#8221;h3&#8243; font_size=&#8221;h5&#8243; text_color=&#8221;inherit&#8221;]A t\u00f6k\u00e9letes eredm\u00e9ny gyorsan[\/elx_heading][vc_column_text]A fels\u0151 szell\u0151z\u0151ny\u00edl\u00e1sok jobb szell\u0151z\u00e9st\u00a0\u00e9s h\u0151cs\u00f6kkent\u00e9st\u00a0biztos\u00edtanak.\u00a0A meleg\u00edt\u0151lap egy rendk\u00edv\u00fcl sima s\u00ednrendszerrel \u00e1ll\u00edthat\u00f3. Az intuit\u00edv vez\u00e9rl\u0151gombbal\u00a0egyszer\u0171en be\u00e1ll\u00edthatja [&hellip;]<\/p>\n","protected":false},"author":53,"featured_media":7750,"parent":2091,"menu_order":0,"comment_status":"closed","ping_status":"closed","template":"","meta":{"footnotes":""},"class_list":["post-7755","page","type-page","status-publish","has-post-thumbnail","hentry"],"yoast_head":"<!-- This site is optimized with the Yoast SEO plugin v23.3 - https:\/\/yoast.com\/wordpress\/plugins\/seo\/ -->\n<title>Szalamander grill - Electrolux Professional Magyarorsz\u00e1g<\/title>\n<meta name=\"description\" content=\"Az Electrolux Professional szalamander grilljei gyorsan felmelegszenek \u00e9s rendk\u00edv\u00fcl egyszer\u0171en haszn\u00e1lhat\u00f3k. Pir\u00edt\u00e1sra, gratink\u00e9sz\u00edt\u00e9sre, s\u00fct\u00e9sre, \u00fajrameleg\u00edt\u00e9sre \u00e9s melegen tart\u00e1sra is t\u00f6k\u00e9letesek. 20 m\u00e1sodperc alatt el\u00e9ri az optim\u00e1lis h\u0151m\u00e9rs\u00e9kletet.\" \/>\n<meta name=\"robots\" content=\"index, follow, max-snippet:-1, max-image-preview:large, max-video-preview:-1\" \/>\n<link rel=\"canonical\" href=\"https:\/\/www.electroluxprofessional.com\/hu\/konyhatechnologia\/szalamander-grill\/\" \/>\n<meta property=\"og:locale\" content=\"hu_HU\" \/>\n<meta property=\"og:type\" content=\"article\" \/>\n<meta property=\"og:title\" content=\"Szalamander grill - Electrolux Professional Magyarorsz\u00e1g\" \/>\n<meta property=\"og:description\" content=\"Az Electrolux Professional szalamander grilljei gyorsan felmelegszenek \u00e9s rendk\u00edv\u00fcl egyszer\u0171en haszn\u00e1lhat\u00f3k. Pir\u00edt\u00e1sra, gratink\u00e9sz\u00edt\u00e9sre, s\u00fct\u00e9sre, \u00fajrameleg\u00edt\u00e9sre \u00e9s melegen tart\u00e1sra is t\u00f6k\u00e9letesek. 20 m\u00e1sodperc alatt el\u00e9ri az optim\u00e1lis h\u0151m\u00e9rs\u00e9kletet.\" \/>\n<meta property=\"og:url\" content=\"https:\/\/www.electroluxprofessional.com\/hu\/konyhatechnologia\/szalamander-grill\/\" \/>\n<meta property=\"og:site_name\" content=\"Electrolux Professional Magyarorsz\u00e1g\" \/>\n<meta property=\"article:modified_time\" content=\"2025-11-05T14:46:12+00:00\" \/>\n<meta property=\"og:image\" content=\"https:\/\/www.electroluxprofessional.com\/hu\/wp-content\/uploads\/2024\/01\/heat-reduction-in-kitchen-salamander-678x573-1.jpg\" \/>\n\t<meta property=\"og:image:width\" content=\"678\" \/>\n\t<meta property=\"og:image:height\" content=\"573\" \/>\n\t<meta property=\"og:image:type\" content=\"image\/jpeg\" \/>\n<meta name=\"twitter:card\" content=\"summary_large_image\" \/>\n<meta name=\"twitter:label1\" content=\"Becs\u00fclt olvas\u00e1si id\u0151\" \/>\n\t<meta name=\"twitter:data1\" content=\"3 perc\" \/>\n<script type=\"application\/ld+json\" class=\"yoast-schema-graph\">{\"@context\":\"https:\/\/schema.org\",\"@graph\":[{\"@type\":\"WebPage\",\"@id\":\"https:\/\/www.electroluxprofessional.com\/hu\/konyhatechnologia\/szalamander-grill\/\",\"url\":\"https:\/\/www.electroluxprofessional.com\/hu\/konyhatechnologia\/szalamander-grill\/\",\"name\":\"Szalamander grill - Electrolux Professional Magyarorsz\u00e1g\",\"isPartOf\":{\"@id\":\"https:\/\/www.electroluxprofessional.com\/hu\/#website\"},\"primaryImageOfPage\":{\"@id\":\"https:\/\/www.electroluxprofessional.com\/hu\/konyhatechnologia\/szalamander-grill\/#primaryimage\"},\"image\":{\"@id\":\"https:\/\/www.electroluxprofessional.com\/hu\/konyhatechnologia\/szalamander-grill\/#primaryimage\"},\"thumbnailUrl\":\"https:\/\/www.electroluxprofessional.com\/hu\/wp-content\/uploads\/2024\/01\/heat-reduction-in-kitchen-salamander-678x573-1.jpg\",\"datePublished\":\"2024-01-08T13:46:15+00:00\",\"dateModified\":\"2025-11-05T14:46:12+00:00\",\"description\":\"Az Electrolux Professional szalamander grilljei gyorsan felmelegszenek \u00e9s rendk\u00edv\u00fcl egyszer\u0171en haszn\u00e1lhat\u00f3k. Pir\u00edt\u00e1sra, gratink\u00e9sz\u00edt\u00e9sre, s\u00fct\u00e9sre, \u00fajrameleg\u00edt\u00e9sre \u00e9s melegen tart\u00e1sra is t\u00f6k\u00e9letesek. 20 m\u00e1sodperc alatt el\u00e9ri az optim\u00e1lis h\u0151m\u00e9rs\u00e9kletet.\",\"breadcrumb\":{\"@id\":\"https:\/\/www.electroluxprofessional.com\/hu\/konyhatechnologia\/szalamander-grill\/#breadcrumb\"},\"inLanguage\":\"hu\",\"potentialAction\":[{\"@type\":\"ReadAction\",\"target\":[\"https:\/\/www.electroluxprofessional.com\/hu\/konyhatechnologia\/szalamander-grill\/\"]}]},{\"@type\":\"ImageObject\",\"inLanguage\":\"hu\",\"@id\":\"https:\/\/www.electroluxprofessional.com\/hu\/konyhatechnologia\/szalamander-grill\/#primaryimage\",\"url\":\"https:\/\/www.electroluxprofessional.com\/hu\/wp-content\/uploads\/2024\/01\/heat-reduction-in-kitchen-salamander-678x573-1.jpg\",\"contentUrl\":\"https:\/\/www.electroluxprofessional.com\/hu\/wp-content\/uploads\/2024\/01\/heat-reduction-in-kitchen-salamander-678x573-1.jpg\",\"width\":678,\"height\":573,\"caption\":\"heat-reduction-in-kitchen-salamander-678x573\"},{\"@type\":\"BreadcrumbList\",\"@id\":\"https:\/\/www.electroluxprofessional.com\/hu\/konyhatechnologia\/szalamander-grill\/#breadcrumb\",\"itemListElement\":[{\"@type\":\"ListItem\",\"position\":1,\"name\":\"Home\",\"item\":\"https:\/\/www.electroluxprofessional.com\/hu\/\"},{\"@type\":\"ListItem\",\"position\":2,\"name\":\"Konyhatechnol\u00f3gia\",\"item\":\"https:\/\/www.electroluxprofessional.com\/hu\/konyhatechnologia\/\"},{\"@type\":\"ListItem\",\"position\":3,\"name\":\"Szalamander grill\"}]},{\"@type\":\"WebSite\",\"@id\":\"https:\/\/www.electroluxprofessional.com\/hu\/#website\",\"url\":\"https:\/\/www.electroluxprofessional.com\/hu\/\",\"name\":\"Electrolux Professional Magyarorsz\u00e1g\",\"description\":\"\",\"potentialAction\":[{\"@type\":\"SearchAction\",\"target\":{\"@type\":\"EntryPoint\",\"urlTemplate\":\"https:\/\/www.electroluxprofessional.com\/hu\/?src={search_term_string}\"},\"query-input\":\"required name=search_term_string\"}],\"inLanguage\":\"hu\"}]}<\/script>\n<!-- \/ Yoast SEO plugin. -->","yoast_head_json":{"title":"Szalamander grill - Electrolux Professional Magyarorsz\u00e1g","description":"Az Electrolux Professional szalamander grilljei gyorsan felmelegszenek \u00e9s rendk\u00edv\u00fcl egyszer\u0171en haszn\u00e1lhat\u00f3k. Pir\u00edt\u00e1sra, gratink\u00e9sz\u00edt\u00e9sre, s\u00fct\u00e9sre, \u00fajrameleg\u00edt\u00e9sre \u00e9s melegen tart\u00e1sra is t\u00f6k\u00e9letesek. 20 m\u00e1sodperc alatt el\u00e9ri az optim\u00e1lis h\u0151m\u00e9rs\u00e9kletet.","robots":{"index":"index","follow":"follow","max-snippet":"max-snippet:-1","max-image-preview":"max-image-preview:large","max-video-preview":"max-video-preview:-1"},"canonical":"https:\/\/www.electroluxprofessional.com\/hu\/konyhatechnologia\/szalamander-grill\/","og_locale":"hu_HU","og_type":"article","og_title":"Szalamander grill - Electrolux Professional Magyarorsz\u00e1g","og_description":"Az Electrolux Professional szalamander grilljei gyorsan felmelegszenek \u00e9s rendk\u00edv\u00fcl egyszer\u0171en haszn\u00e1lhat\u00f3k. Pir\u00edt\u00e1sra, gratink\u00e9sz\u00edt\u00e9sre, s\u00fct\u00e9sre, \u00fajrameleg\u00edt\u00e9sre \u00e9s melegen tart\u00e1sra is t\u00f6k\u00e9letesek. 20 m\u00e1sodperc alatt el\u00e9ri az optim\u00e1lis h\u0151m\u00e9rs\u00e9kletet.","og_url":"https:\/\/www.electroluxprofessional.com\/hu\/konyhatechnologia\/szalamander-grill\/","og_site_name":"Electrolux Professional Magyarorsz\u00e1g","article_modified_time":"2025-11-05T14:46:12+00:00","og_image":[{"width":678,"height":573,"url":"https:\/\/www.electroluxprofessional.com\/hu\/wp-content\/uploads\/2024\/01\/heat-reduction-in-kitchen-salamander-678x573-1.jpg","type":"image\/jpeg"}],"twitter_card":"summary_large_image","twitter_misc":{"Becs\u00fclt olvas\u00e1si id\u0151":"3 perc"},"schema":{"@context":"https:\/\/schema.org","@graph":[{"@type":"WebPage","@id":"https:\/\/www.electroluxprofessional.com\/hu\/konyhatechnologia\/szalamander-grill\/","url":"https:\/\/www.electroluxprofessional.com\/hu\/konyhatechnologia\/szalamander-grill\/","name":"Szalamander grill - Electrolux Professional Magyarorsz\u00e1g","isPartOf":{"@id":"https:\/\/www.electroluxprofessional.com\/hu\/#website"},"primaryImageOfPage":{"@id":"https:\/\/www.electroluxprofessional.com\/hu\/konyhatechnologia\/szalamander-grill\/#primaryimage"},"image":{"@id":"https:\/\/www.electroluxprofessional.com\/hu\/konyhatechnologia\/szalamander-grill\/#primaryimage"},"thumbnailUrl":"https:\/\/www.electroluxprofessional.com\/hu\/wp-content\/uploads\/2024\/01\/heat-reduction-in-kitchen-salamander-678x573-1.jpg","datePublished":"2024-01-08T13:46:15+00:00","dateModified":"2025-11-05T14:46:12+00:00","description":"Az Electrolux Professional szalamander grilljei gyorsan felmelegszenek \u00e9s rendk\u00edv\u00fcl egyszer\u0171en haszn\u00e1lhat\u00f3k. Pir\u00edt\u00e1sra, gratink\u00e9sz\u00edt\u00e9sre, s\u00fct\u00e9sre, \u00fajrameleg\u00edt\u00e9sre \u00e9s melegen tart\u00e1sra is t\u00f6k\u00e9letesek. 20 m\u00e1sodperc alatt el\u00e9ri az optim\u00e1lis h\u0151m\u00e9rs\u00e9kletet.","breadcrumb":{"@id":"https:\/\/www.electroluxprofessional.com\/hu\/konyhatechnologia\/szalamander-grill\/#breadcrumb"},"inLanguage":"hu","potentialAction":[{"@type":"ReadAction","target":["https:\/\/www.electroluxprofessional.com\/hu\/konyhatechnologia\/szalamander-grill\/"]}]},{"@type":"ImageObject","inLanguage":"hu","@id":"https:\/\/www.electroluxprofessional.com\/hu\/konyhatechnologia\/szalamander-grill\/#primaryimage","url":"https:\/\/www.electroluxprofessional.com\/hu\/wp-content\/uploads\/2024\/01\/heat-reduction-in-kitchen-salamander-678x573-1.jpg","contentUrl":"https:\/\/www.electroluxprofessional.com\/hu\/wp-content\/uploads\/2024\/01\/heat-reduction-in-kitchen-salamander-678x573-1.jpg","width":678,"height":573,"caption":"heat-reduction-in-kitchen-salamander-678x573"},{"@type":"BreadcrumbList","@id":"https:\/\/www.electroluxprofessional.com\/hu\/konyhatechnologia\/szalamander-grill\/#breadcrumb","itemListElement":[{"@type":"ListItem","position":1,"name":"Home","item":"https:\/\/www.electroluxprofessional.com\/hu\/"},{"@type":"ListItem","position":2,"name":"Konyhatechnol\u00f3gia","item":"https:\/\/www.electroluxprofessional.com\/hu\/konyhatechnologia\/"},{"@type":"ListItem","position":3,"name":"Szalamander grill"}]},{"@type":"WebSite","@id":"https:\/\/www.electroluxprofessional.com\/hu\/#website","url":"https:\/\/www.electroluxprofessional.com\/hu\/","name":"Electrolux Professional Magyarorsz\u00e1g","description":"","potentialAction":[{"@type":"SearchAction","target":{"@type":"EntryPoint","urlTemplate":"https:\/\/www.electroluxprofessional.com\/hu\/?src={search_term_string}"},"query-input":"required name=search_term_string"}],"inLanguage":"hu"}]}},"_links":{"self":[{"href":"https:\/\/www.electroluxprofessional.com\/hu\/wp-json\/wp\/v2\/pages\/7755"}],"collection":[{"href":"https:\/\/www.electroluxprofessional.com\/hu\/wp-json\/wp\/v2\/pages"}],"about":[{"href":"https:\/\/www.electroluxprofessional.com\/hu\/wp-json\/wp\/v2\/types\/page"}],"author":[{"embeddable":true,"href":"https:\/\/www.electroluxprofessional.com\/hu\/wp-json\/wp\/v2\/users\/53"}],"replies":[{"embeddable":true,"href":"https:\/\/www.electroluxprofessional.com\/hu\/wp-json\/wp\/v2\/comments?post=7755"}],"version-history":[{"count":2,"href":"https:\/\/www.electroluxprofessional.com\/hu\/wp-json\/wp\/v2\/pages\/7755\/revisions"}],"predecessor-version":[{"id":9299,"href":"https:\/\/www.electroluxprofessional.com\/hu\/wp-json\/wp\/v2\/pages\/7755\/revisions\/9299"}],"up":[{"embeddable":true,"href":"https:\/\/www.electroluxprofessional.com\/hu\/wp-json\/wp\/v2\/pages\/2091"}],"wp:featuredmedia":[{"embeddable":true,"href":"https:\/\/www.electroluxprofessional.com\/hu\/wp-json\/wp\/v2\/media\/7750"}],"wp:attachment":[{"href":"https:\/\/www.electroluxprofessional.com\/hu\/wp-json\/wp\/v2\/media?parent=7755"}],"curies":[{"name":"wp","href":"https:\/\/api.w.org\/{rel}","templated":true}]}}