{"id":7682,"date":"2023-10-20T11:25:33","date_gmt":"2023-10-20T11:25:33","guid":{"rendered":"https:\/\/www.electroluxprofessional.com\/hu\/?page_id=7682"},"modified":"2023-10-21T09:47:54","modified_gmt":"2023-10-21T09:47:54","slug":"nitrochrome3-a-paratlan-megoldas","status":"publish","type":"page","link":"https:\/\/www.electroluxprofessional.com\/hu\/nitrochrome3-a-paratlan-megoldas\/","title":{"rendered":"NitroChrome3, a p\u00e1ratlan megold\u00e1s"},"content":{"rendered":"<p>[vc_row full_width=&#8221;electroluxpro-full-width-no-padding&#8221;][vc_column][vc_single_image image=&#8221;7673&#8243; img_size=&#8221;full&#8221; alignment=&#8221;center&#8221;][\/vc_column][\/vc_row][vc_row][vc_column][elx_heading font_container=&#8221;h1&#8243; text_color=&#8221;inherit&#8221;]NitroChrome<sup>3<\/sup><br \/>\nA p\u00e1ratlan megold\u00e1s![\/elx_heading][elx_heading text_color=&#8221;inherit&#8221;]Karcmentes, rendk\u00edv\u00fcl ellen\u00e1ll\u00f3, kiemelked\u0151 min\u0151s\u00e9g\u0171 \u00e9s optim\u00e1lis higi\u00e9ni\u00e1t biztos\u00edt[\/elx_heading][vc_empty_space][\/vc_column][\/vc_row][vc_row][vc_column][vc_column_text]A <strong>NitroChrome<sup>3<\/sup><\/strong>\u00a0fel\u00fclet\u0171 900 XP s\u00fct\u0151lap<sup>HP<\/sup> \u00a0egyed\u00fcl\u00e1ll\u00f3, karcmentes megold\u00e1s, amely <strong>ide\u00e1lis folyamatos haszn\u00e1latra<\/strong>, egyszer\u0171bb\u00e9 teszi a s\u00fct\u00e9st, megk\u00f6nny\u00edti a s\u00fct\u0151lap tiszt\u00edt\u00e1s\u00e1t, \u00e9s alacsony a h\u0151kibocs\u00e1t\u00e1sa.[\/vc_column_text][vc_empty_space][\/vc_column][\/vc_row][vc_row content_placement=&#8221;middle&#8221;][vc_column width=&#8221;1\/4&#8243;][vc_single_image image=&#8221;7674&#8243; img_size=&#8221;&#8221;][vc_empty_space][vc_single_image image=&#8221;7675&#8243; img_size=&#8221;full&#8221; alignment=&#8221;center&#8221;][\/vc_column][vc_column width=&#8221;2\/4&#8243;][vc_single_image image=&#8221;7676&#8243; img_size=&#8221;full&#8221; alignment=&#8221;center&#8221;][\/vc_column][vc_column width=&#8221;1\/4&#8243;][elx_download_block text=&#8221;Bros\u00fara let\u00f6lt\u00e9se&#8221; document_type=&#8221;brochures&#8221; link=&#8221;https:\/\/files.professional.electrolux.com\/docs\/?n=BR-9JE00092&amp;b=5&amp;l=1&#8243; background_color=&#8221;electrolux-blue&#8221; br_document_number=&#8221;BR-9JE00121&#8243;][\/vc_column][\/vc_row][vc_row][vc_column][vc_empty_space][\/vc_column][\/vc_row][vc_row][vc_column width=&#8221;1\/6&#8243;][vc_single_image image=&#8221;4429&#8243; img_size=&#8221;120&#215;120&#8243; alignment=&#8221;center&#8221;][\/vc_column][vc_column width=&#8221;2\/6&#8243;][elx_heading text_color=&#8221;inherit&#8221;]Karcmentes fel\u00fclet[\/elx_heading][vc_column_text]A <strong>NitroChrome<sup>3<\/sup><\/strong>\u00a0rendk\u00edv\u00fcli ellen\u00e1ll\u00e1st garant\u00e1l a karcol\u00e1sokkal \u00e9s a korr\u00f3zi\u00f3val szemben, emellett fokozza a s\u00fct\u0151lap <strong>tapad\u00e1smentess\u00e9g\u00e9t<\/strong>, \u00edgy <strong>biztos\u00edtja a nap v\u00e9gi gyors tiszt\u00edt\u00e1st.<\/strong>[\/vc_column_text][\/vc_column][vc_column width=&#8221;1\/6&#8243;][vc_single_image image=&#8221;7677&#8243; img_size=&#8221;&#8221; alignment=&#8221;center&#8221;][\/vc_column][vc_column width=&#8221;2\/6&#8243;][elx_heading text_color=&#8221;inherit&#8221;]Egyenletes grillez\u00e9s[\/elx_heading][vc_column_text]<strong>Azonos h\u0151fok az eg\u00e9sz fel\u00fcleten<\/strong>, nincsenek hideg z\u00f3n\u00e1k, \u00edgy maxim\u00e1lis eredm\u00e9nyt biztos\u00edt, f\u00fcggetlen\u00fcl att\u00f3l, hogy hov\u00e1 helyezi az \u00e9telt. A <strong>20 mm vastag, strapab\u00edr\u00f3 s\u00fct\u0151lap<\/strong> nagy h\u0151tehetetlens\u00e9get biztos\u00edt a gyors h\u0151visszanyer\u00e9s \u00e9rdek\u00e9ben.[\/vc_column_text][\/vc_column][\/vc_row][vc_row][vc_column width=&#8221;1\/6&#8243;][vc_single_image image=&#8221;4427&#8243; img_size=&#8221;120&#215;120&#8243; alignment=&#8221;center&#8221;][\/vc_column][vc_column width=&#8221;2\/6&#8243;][elx_heading text_color=&#8221;inherit&#8221;]K\u00f6lts\u00e9ghat\u00e9konys\u00e1g[\/elx_heading][vc_column_text]<span lang=\"HU\">A <strong>NitroChrome<sup>3<\/sup><\/strong> fel\u00fclet <strong>t\u00f6bb mint 10%-os energiamegtakar\u00edt\u00e1st*<\/strong> tesz lehet\u0151v\u00e9 az el\u0151meleg\u00edt\u00e9si f\u00e1zisban, \u00e9s hozz\u00e1vet\u0151legesen harmad\u00e1val cs\u00f6kkenti a felhaszn\u00e1lt energi\u00e1t k\u00e9szenl\u00e9ti \u00e1llapotban. <strong>30%-kal kevesebb id\u0151* \u00e9s er\u0151fesz\u00edt\u00e9s sz\u00fcks\u00e9ges<\/strong> a s\u00fct\u0151lap nap v\u00e9gi megtiszt\u00edt\u00e1s\u00e1hoz.<\/span><\/p>\n<p><span lang=\"HU\">*<span class=\"normaltextrun\">A sz\u00e1m\u00edt\u00e1s bels\u0151 teszteken alapul, l\u00e1gyac\u00e9l fel\u00fcletekkel \u00f6sszehasonl\u00edtva<\/span><\/span>[\/vc_column_text][\/vc_column][vc_column width=&#8221;1\/6&#8243;][vc_single_image image=&#8221;7678&#8243; img_size=&#8221;120&#215;120&#8243; alignment=&#8221;center&#8221;][vc_empty_space][vc_single_image image=&#8221;7679&#8243; img_size=&#8221;130&#215;130&#8243; alignment=&#8221;center&#8221;][\/vc_column][vc_column width=&#8221;2\/6&#8243;][elx_heading text_color=&#8221;inherit&#8221;]Garant\u00e1lt \u00e9lelmiszerbiztons\u00e1g[\/elx_heading][vc_column_text]Az Electrolux professzion\u00e1lis s\u00fct\u0151lapok teljes m\u00e9rt\u00e9kben megfelelnek az \u00e9lelmiszerekkel rendeltet\u00e9sszer\u0171en \u00e9rintkez\u00e9sbe ker\u00fcl\u0151 anyagokr\u00f3l \u00e9s t\u00e1rgyakr\u00f3l sz\u00f3l\u00f3 az eur\u00f3pai parlament \u00e9s a tan\u00e1cs 1935\/04\/EK rendelet\u00e9nek.[\/vc_column_text][\/vc_column][\/vc_row][vc_row][vc_column][vc_empty_space][elx_heading text_color=&#8221;inherit&#8221; text_align=&#8221;text-center&#8221;]Tekintse meg a vide\u00f3t[\/elx_heading][\/vc_column][\/vc_row][vc_row content_placement=&#8221;middle&#8221;][vc_column width=&#8221;1\/3&#8243;][vc_empty_space][elx_video_block background_image=&#8221;7671&#8243; video_link=&#8221;https:\/\/www.youtube.com\/watch?v=9DZkVSVSH6M&#8221; minimum_height=&#8221;500px&#8221;][vc_empty_space][\/vc_column][vc_column width=&#8221;1\/3&#8243;][vc_empty_space][elx_video_block background_image=&#8221;7672&#8243; video_link=&#8221;https:\/\/www.youtube.com\/watch?v=E040FO3c9i8&#8243; minimum_height=&#8221;500px&#8221;][vc_empty_space][\/vc_column][vc_column width=&#8221;1\/3&#8243;][elx_heading text_color=&#8221;inherit&#8221; text_align=&#8221;text-left&#8221;]IcyHot[\/elx_heading][vc_column_text]<span lang=\"HU\">A f\u0151z\u0151\u00e1llom\u00e1s, ahol minden k\u00e9zn\u00e9l van.<\/span><\/p>\n<p><span lang=\"HU\">Az exkluz\u00edv IcyHot berendez\u00e9s a<strong> NitroChrome3 s\u00fct\u0151lap \u00e9s a pult alatti h\u0171t\u0151\/fagyaszt\u00f3pult kombin\u00e1ci\u00f3ja.<\/strong><\/span><\/p>\n<p><strong><span lang=\"HU\">Takar\u00edtson meg id\u0151t<\/span><\/strong><span lang=\"HU\">, \u00e9s cs\u00f6kkentse a mozg\u00e1sig\u00e9nyt azzal, hogy az \u00e9teleket ak\u00e1r a s\u00fct\u0151lap alatt tal\u00e1lhat\u00f3 h\u0171t\u0151ben\/fagyaszt\u00f3ban is t\u00e1rolhatja.<\/span>[\/vc_column_text][vc_empty_space][\/vc_column][\/vc_row][vc_row][vc_column][vc_empty_space][\/vc_column][\/vc_row][vc_row][vc_column css=&#8221;.vc_custom_1589955706415{background-color: #fff5d1 !important;}&#8221;][vc_empty_space][\/vc_column][\/vc_row][vc_row equal_height=&#8221;yes&#8221;][vc_column width=&#8221;1\/6&#8243; css=&#8221;.vc_custom_1589954912207{background-color: #fff5d1 !important;}&#8221;][vc_single_image image=&#8221;7680&#8243; img_size=&#8221;120&#215;120&#8243;][\/vc_column][vc_column width=&#8221;2\/6&#8243; css=&#8221;.vc_custom_1589955011028{background-color: #fff5d1 !important;}&#8221;][elx_heading text_color=&#8221;inherit&#8221;]Kiemelked\u0151 termel\u00e9kenys\u00e9g[\/elx_heading][vc_column_text]Nagyobb nyeres\u00e9g. K\u00e9sz\u00edtsen nagy mennyis\u00e9gben k\u00fcl\u00f6nb\u00f6z\u0151 \u00e9teleket a 600&#215;1200 mm-es s\u00fct\u0151fel\u00fcleten.[\/vc_column_text][\/vc_column][vc_column width=&#8221;2\/6&#8243; css=&#8221;.vc_custom_1589955020032{background-color: #fff5d1 !important;}&#8221;][vc_empty_space][vc_column_text]<strong><span lang=\"HU\">Frissen k\u00e9sz\u00fclt hamburgerek<\/span><\/strong><span lang=\"HU\"><br \/>\n<strong>Csirkemellek<\/strong><br \/>\n<strong>Szeletelt z\u00f6lds\u00e9gek<\/strong><br \/>\n<strong>Lep\u00e9nyhal<\/strong><\/span><\/p>\n<p><span lang=\"HU\">*bels\u0151 f\u0151z\u00e9si tesztek alapj\u00e1n<\/span>[\/vc_column_text][\/vc_column][vc_column width=&#8221;1\/6&#8243; css=&#8221;.vc_custom_1589956364262{background-color: #fff5d1 !important;}&#8221;][vc_empty_space][vc_column_text]<strong>350 adag\/\u00f3ra<br \/>\n<\/strong><strong>180 adag\/\u00f3ra<br \/>\n<\/strong><strong>250 adag\/\u00f3ra<br \/>\n<\/strong><strong>180 adag\/\u00f3ra<\/strong>[\/vc_column_text][\/vc_column][\/vc_row][vc_row][vc_column css=&#8221;.vc_custom_1589955706415{background-color: #fff5d1 !important;}&#8221;][vc_empty_space][\/vc_column][\/vc_row][vc_row][vc_column][vc_empty_space][vc_single_image image=&#8221;7681&#8243; img_size=&#8221;full&#8221; alignment=&#8221;center&#8221;][\/vc_column][\/vc_row][vc_row][vc_column][vc_empty_space][elx_heading text_color=&#8221;inherit&#8221;]L\u00e9pjen kapcsolatba vel\u00fcnk, ha tov\u00e1bbi inform\u00e1ci\u00f3kat szeretne kapni a NitroChome<sup>3<\/sup> fel\u00fcletr\u0151l[\/elx_heading][elx_o2000_contact_us s=&#8221;Inform\u00e1ci\u00f3k k\u00e9r\u00e9se a NitroChrome3 fel\u00fcletr\u0151l&#8221; country=&#8221;Hungary&#8221; b=&#8221;food&#8221; postion_button=&#8221;text-left&#8221; postion_button_mobile=&#8221;text-left-mobile&#8221; r=&#8221;Szeretn\u00e9k t\u00f6bbet tudni a NitroChrome3 fel\u00fcletr\u0151l&#8221;][\/vc_column][\/vc_row][vc_row][vc_column width=&#8221;1\/3&#8243;][elx_maylike_box id_box=&#8221;4237&#8243;][\/vc_column][vc_column width=&#8221;1\/3&#8243;][elx_maylike_box id_box=&#8221;4126&#8243;][\/vc_column][vc_column width=&#8221;1\/3&#8243;][elx_maylike_box id_box=&#8221;5215&#8243;][\/vc_column][\/vc_row]<\/p>\n","protected":false},"excerpt":{"rendered":"<p>[vc_row full_width=&#8221;electroluxpro-full-width-no-padding&#8221;][vc_column][vc_single_image image=&#8221;7673&#8243; img_size=&#8221;full&#8221; alignment=&#8221;center&#8221;][\/vc_column][\/vc_row][vc_row][vc_column][elx_heading font_container=&#8221;h1&#8243; text_color=&#8221;inherit&#8221;]NitroChrome3 A p\u00e1ratlan megold\u00e1s![\/elx_heading][elx_heading text_color=&#8221;inherit&#8221;]Karcmentes, rendk\u00edv\u00fcl ellen\u00e1ll\u00f3, kiemelked\u0151 min\u0151s\u00e9g\u0171 \u00e9s optim\u00e1lis higi\u00e9ni\u00e1t biztos\u00edt[\/elx_heading][vc_empty_space][\/vc_column][\/vc_row][vc_row][vc_column][vc_column_text]A NitroChrome3\u00a0fel\u00fclet\u0171 900 XP s\u00fct\u0151lapHP \u00a0egyed\u00fcl\u00e1ll\u00f3, karcmentes megold\u00e1s, amely ide\u00e1lis folyamatos haszn\u00e1latra, egyszer\u0171bb\u00e9 teszi a s\u00fct\u00e9st, megk\u00f6nny\u00edti a s\u00fct\u0151lap tiszt\u00edt\u00e1s\u00e1t, \u00e9s alacsony a h\u0151kibocs\u00e1t\u00e1sa.[\/vc_column_text][vc_empty_space][\/vc_column][\/vc_row][vc_row content_placement=&#8221;middle&#8221;][vc_column width=&#8221;1\/4&#8243;][vc_single_image image=&#8221;7674&#8243; img_size=&#8221;&#8221;][vc_empty_space][vc_single_image image=&#8221;7675&#8243; img_size=&#8221;full&#8221; alignment=&#8221;center&#8221;][\/vc_column][vc_column width=&#8221;2\/4&#8243;][vc_single_image image=&#8221;7676&#8243; img_size=&#8221;full&#8221; alignment=&#8221;center&#8221;][\/vc_column][vc_column width=&#8221;1\/4&#8243;][elx_download_block text=&#8221;Bros\u00fara [&hellip;]<\/p>\n","protected":false},"author":53,"featured_media":0,"parent":0,"menu_order":0,"comment_status":"closed","ping_status":"closed","template":"","meta":{"footnotes":""},"class_list":["post-7682","page","type-page","status-publish","hentry"],"yoast_head":"<!-- This site is optimized with the Yoast SEO plugin v23.3 - https:\/\/yoast.com\/wordpress\/plugins\/seo\/ -->\n<title>NitroChrome3, a p\u00e1ratlan megold\u00e1s - Electrolux Professional Magyarorsz\u00e1g<\/title>\n<meta name=\"description\" content=\"A NitroChrome3 fel\u00fclet\u0171 900 XP s\u00fct\u0151lapHP egyed\u00fcl\u00e1ll\u00f3, karcmentes megold\u00e1s, amely ide\u00e1lis folyamatos haszn\u00e1latra, egyszer\u0171bb\u00e9 teszi a s\u00fct\u00e9st, megk\u00f6nny\u00edti a s\u00fct\u0151lap tiszt\u00edt\u00e1s\u00e1t, \u00e9s alacsony a h\u0151kibocs\u00e1t\u00e1sa.\" \/>\n<meta name=\"robots\" content=\"index, follow, max-snippet:-1, max-image-preview:large, max-video-preview:-1\" \/>\n<link rel=\"canonical\" href=\"https:\/\/www.electroluxprofessional.com\/hu\/nitrochrome3-a-paratlan-megoldas\/\" \/>\n<meta property=\"og:locale\" content=\"hu_HU\" \/>\n<meta property=\"og:type\" content=\"article\" \/>\n<meta property=\"og:title\" content=\"NitroChrome3, a p\u00e1ratlan megold\u00e1s - Electrolux Professional Magyarorsz\u00e1g\" \/>\n<meta property=\"og:description\" content=\"A NitroChrome3 fel\u00fclet\u0171 900 XP s\u00fct\u0151lapHP egyed\u00fcl\u00e1ll\u00f3, karcmentes megold\u00e1s, amely ide\u00e1lis folyamatos haszn\u00e1latra, egyszer\u0171bb\u00e9 teszi a s\u00fct\u00e9st, megk\u00f6nny\u00edti a s\u00fct\u0151lap tiszt\u00edt\u00e1s\u00e1t, \u00e9s alacsony a h\u0151kibocs\u00e1t\u00e1sa.\" \/>\n<meta property=\"og:url\" content=\"https:\/\/www.electroluxprofessional.com\/hu\/nitrochrome3-a-paratlan-megoldas\/\" \/>\n<meta property=\"og:site_name\" content=\"Electrolux Professional Magyarorsz\u00e1g\" \/>\n<meta property=\"article:modified_time\" content=\"2023-10-21T09:47:54+00:00\" \/>\n<meta name=\"twitter:card\" content=\"summary_large_image\" \/>\n<meta name=\"twitter:label1\" content=\"Becs\u00fclt olvas\u00e1si id\u0151\" \/>\n\t<meta name=\"twitter:data1\" content=\"2 perc\" \/>\n<script type=\"application\/ld+json\" class=\"yoast-schema-graph\">{\"@context\":\"https:\/\/schema.org\",\"@graph\":[{\"@type\":\"WebPage\",\"@id\":\"https:\/\/www.electroluxprofessional.com\/hu\/nitrochrome3-a-paratlan-megoldas\/\",\"url\":\"https:\/\/www.electroluxprofessional.com\/hu\/nitrochrome3-a-paratlan-megoldas\/\",\"name\":\"NitroChrome3, a p\u00e1ratlan megold\u00e1s - Electrolux Professional Magyarorsz\u00e1g\",\"isPartOf\":{\"@id\":\"https:\/\/www.electroluxprofessional.com\/hu\/#website\"},\"datePublished\":\"2023-10-20T11:25:33+00:00\",\"dateModified\":\"2023-10-21T09:47:54+00:00\",\"description\":\"A NitroChrome3 fel\u00fclet\u0171 900 XP s\u00fct\u0151lapHP egyed\u00fcl\u00e1ll\u00f3, karcmentes megold\u00e1s, amely ide\u00e1lis folyamatos haszn\u00e1latra, egyszer\u0171bb\u00e9 teszi a s\u00fct\u00e9st, megk\u00f6nny\u00edti a s\u00fct\u0151lap tiszt\u00edt\u00e1s\u00e1t, \u00e9s alacsony a h\u0151kibocs\u00e1t\u00e1sa.\",\"breadcrumb\":{\"@id\":\"https:\/\/www.electroluxprofessional.com\/hu\/nitrochrome3-a-paratlan-megoldas\/#breadcrumb\"},\"inLanguage\":\"hu\",\"potentialAction\":[{\"@type\":\"ReadAction\",\"target\":[\"https:\/\/www.electroluxprofessional.com\/hu\/nitrochrome3-a-paratlan-megoldas\/\"]}]},{\"@type\":\"BreadcrumbList\",\"@id\":\"https:\/\/www.electroluxprofessional.com\/hu\/nitrochrome3-a-paratlan-megoldas\/#breadcrumb\",\"itemListElement\":[{\"@type\":\"ListItem\",\"position\":1,\"name\":\"Home\",\"item\":\"https:\/\/www.electroluxprofessional.com\/hu\/\"},{\"@type\":\"ListItem\",\"position\":2,\"name\":\"NitroChrome3, a p\u00e1ratlan megold\u00e1s\"}]},{\"@type\":\"WebSite\",\"@id\":\"https:\/\/www.electroluxprofessional.com\/hu\/#website\",\"url\":\"https:\/\/www.electroluxprofessional.com\/hu\/\",\"name\":\"Electrolux Professional Magyarorsz\u00e1g\",\"description\":\"\",\"potentialAction\":[{\"@type\":\"SearchAction\",\"target\":{\"@type\":\"EntryPoint\",\"urlTemplate\":\"https:\/\/www.electroluxprofessional.com\/hu\/?src={search_term_string}\"},\"query-input\":\"required name=search_term_string\"}],\"inLanguage\":\"hu\"}]}<\/script>\n<!-- \/ Yoast SEO plugin. -->","yoast_head_json":{"title":"NitroChrome3, a p\u00e1ratlan megold\u00e1s - Electrolux Professional Magyarorsz\u00e1g","description":"A NitroChrome3 fel\u00fclet\u0171 900 XP s\u00fct\u0151lapHP egyed\u00fcl\u00e1ll\u00f3, karcmentes megold\u00e1s, amely ide\u00e1lis folyamatos haszn\u00e1latra, egyszer\u0171bb\u00e9 teszi a s\u00fct\u00e9st, megk\u00f6nny\u00edti a s\u00fct\u0151lap tiszt\u00edt\u00e1s\u00e1t, \u00e9s alacsony a h\u0151kibocs\u00e1t\u00e1sa.","robots":{"index":"index","follow":"follow","max-snippet":"max-snippet:-1","max-image-preview":"max-image-preview:large","max-video-preview":"max-video-preview:-1"},"canonical":"https:\/\/www.electroluxprofessional.com\/hu\/nitrochrome3-a-paratlan-megoldas\/","og_locale":"hu_HU","og_type":"article","og_title":"NitroChrome3, a p\u00e1ratlan megold\u00e1s - Electrolux Professional Magyarorsz\u00e1g","og_description":"A NitroChrome3 fel\u00fclet\u0171 900 XP s\u00fct\u0151lapHP egyed\u00fcl\u00e1ll\u00f3, karcmentes megold\u00e1s, amely ide\u00e1lis folyamatos haszn\u00e1latra, egyszer\u0171bb\u00e9 teszi a s\u00fct\u00e9st, megk\u00f6nny\u00edti a s\u00fct\u0151lap tiszt\u00edt\u00e1s\u00e1t, \u00e9s alacsony a h\u0151kibocs\u00e1t\u00e1sa.","og_url":"https:\/\/www.electroluxprofessional.com\/hu\/nitrochrome3-a-paratlan-megoldas\/","og_site_name":"Electrolux Professional Magyarorsz\u00e1g","article_modified_time":"2023-10-21T09:47:54+00:00","twitter_card":"summary_large_image","twitter_misc":{"Becs\u00fclt olvas\u00e1si id\u0151":"2 perc"},"schema":{"@context":"https:\/\/schema.org","@graph":[{"@type":"WebPage","@id":"https:\/\/www.electroluxprofessional.com\/hu\/nitrochrome3-a-paratlan-megoldas\/","url":"https:\/\/www.electroluxprofessional.com\/hu\/nitrochrome3-a-paratlan-megoldas\/","name":"NitroChrome3, a p\u00e1ratlan megold\u00e1s - Electrolux Professional Magyarorsz\u00e1g","isPartOf":{"@id":"https:\/\/www.electroluxprofessional.com\/hu\/#website"},"datePublished":"2023-10-20T11:25:33+00:00","dateModified":"2023-10-21T09:47:54+00:00","description":"A NitroChrome3 fel\u00fclet\u0171 900 XP s\u00fct\u0151lapHP egyed\u00fcl\u00e1ll\u00f3, karcmentes megold\u00e1s, amely ide\u00e1lis folyamatos haszn\u00e1latra, egyszer\u0171bb\u00e9 teszi a s\u00fct\u00e9st, megk\u00f6nny\u00edti a s\u00fct\u0151lap tiszt\u00edt\u00e1s\u00e1t, \u00e9s alacsony a h\u0151kibocs\u00e1t\u00e1sa.","breadcrumb":{"@id":"https:\/\/www.electroluxprofessional.com\/hu\/nitrochrome3-a-paratlan-megoldas\/#breadcrumb"},"inLanguage":"hu","potentialAction":[{"@type":"ReadAction","target":["https:\/\/www.electroluxprofessional.com\/hu\/nitrochrome3-a-paratlan-megoldas\/"]}]},{"@type":"BreadcrumbList","@id":"https:\/\/www.electroluxprofessional.com\/hu\/nitrochrome3-a-paratlan-megoldas\/#breadcrumb","itemListElement":[{"@type":"ListItem","position":1,"name":"Home","item":"https:\/\/www.electroluxprofessional.com\/hu\/"},{"@type":"ListItem","position":2,"name":"NitroChrome3, a p\u00e1ratlan megold\u00e1s"}]},{"@type":"WebSite","@id":"https:\/\/www.electroluxprofessional.com\/hu\/#website","url":"https:\/\/www.electroluxprofessional.com\/hu\/","name":"Electrolux Professional Magyarorsz\u00e1g","description":"","potentialAction":[{"@type":"SearchAction","target":{"@type":"EntryPoint","urlTemplate":"https:\/\/www.electroluxprofessional.com\/hu\/?src={search_term_string}"},"query-input":"required name=search_term_string"}],"inLanguage":"hu"}]}},"_links":{"self":[{"href":"https:\/\/www.electroluxprofessional.com\/hu\/wp-json\/wp\/v2\/pages\/7682"}],"collection":[{"href":"https:\/\/www.electroluxprofessional.com\/hu\/wp-json\/wp\/v2\/pages"}],"about":[{"href":"https:\/\/www.electroluxprofessional.com\/hu\/wp-json\/wp\/v2\/types\/page"}],"author":[{"embeddable":true,"href":"https:\/\/www.electroluxprofessional.com\/hu\/wp-json\/wp\/v2\/users\/53"}],"replies":[{"embeddable":true,"href":"https:\/\/www.electroluxprofessional.com\/hu\/wp-json\/wp\/v2\/comments?post=7682"}],"version-history":[{"count":3,"href":"https:\/\/www.electroluxprofessional.com\/hu\/wp-json\/wp\/v2\/pages\/7682\/revisions"}],"predecessor-version":[{"id":7704,"href":"https:\/\/www.electroluxprofessional.com\/hu\/wp-json\/wp\/v2\/pages\/7682\/revisions\/7704"}],"wp:attachment":[{"href":"https:\/\/www.electroluxprofessional.com\/hu\/wp-json\/wp\/v2\/media?parent=7682"}],"curies":[{"name":"wp","href":"https:\/\/api.w.org\/{rel}","templated":true}]}}