{"id":7604,"date":"2023-09-07T08:18:30","date_gmt":"2023-09-07T08:18:30","guid":{"rendered":"https:\/\/www.electroluxprofessional.com\/hu\/?page_id=7604"},"modified":"2024-02-05T09:48:15","modified_gmt":"2024-02-05T09:48:15","slug":"skyline-kombisto-ajanlat","status":"publish","type":"page","link":"https:\/\/www.electroluxprofessional.com\/hu\/skyline-kombisto-ajanlat\/","title":{"rendered":"Skyline kombis\u00fct\u0151 aj\u00e1nlat"},"content":{"rendered":"<p>[vc_row full_width=&#8221;electroluxpro-full-width-no-padding&#8221;][vc_column][elx_image_block background_image=&#8221;7595&#8243; minimum_height=&#8221;400px&#8221;][vc_empty_space][\/vc_column][\/vc_row][vc_row][vc_column][vc_empty_space height=&#8221;40px&#8221;][elx_text_image tag_title=&#8221;h1&#8243; style_image=&#8221;image_square&#8221; bg_row=&#8221;bg-download-white&#8221; lists=&#8221;%5B%7B%7D%5D&#8221; values=&#8221;%5B%7B%7D%5D&#8221; title=&#8221;Skyline kombis\u00fct\u0151k<br \/>\nthe new horizon in cooking&#8221; single_image=&#8221;7596&#8243;]<strong><b>Rendelje meg most! Azonnal elr\u00e9het\u0151 Skyline kombis\u00fct\u0151k.*<\/b><\/strong><\/p>\n<p><strong><b>Miut\u00e1n regisztr\u00e1lta s\u00fct\u0151j\u00e9t*, a term\u00e9k el\u0151lapj\u00e1n tal\u00e1lhat\u00f3 QR-k\u00f3d beolvas\u00e1s\u00e1val egy ingyenes Electrolux Professional tiszt\u00edt\u00f3szer-k\u00e9szletet kap, amely ak\u00e1r 1 \u00e9vig tart\u00f3* tiszt\u00edt\u00e1st tesz lehet\u0151v\u00e9.<\/b><\/strong><\/p>\n<p>Korl\u00e1tozott ideig, 2024. janu\u00e1r 18. \u00e9s m\u00e1rcius 31. k\u00f6z\u00f6tt el\u00e9rhet\u0151 az aj\u00e1nlat a kiv\u00e1lasztott orsz\u00e1gokban.*<\/p>\n<p>* R\u00e9szletek : <a href=\"https:\/\/www.electroluxprofessional.com\/hu\/wp-content\/uploads\/2024\/02\/EPR_Terms-and-Conditions_final_HU_final.pdf\">\u201eFelt\u00e9telek \u00e9s kond\u00edci\u00f3k\u201c<\/a>[\/elx_text_image][vc_empty_space height=&#8221;40px&#8221;][elx_o2000_contact_us s=&#8221;Inform\u00e1ci\u00f3k\u00e9r\u00e9s a Skyline kombis\u00fct\u0151 aj\u00e1nlatr\u00f3l&#8221; campaign=&#8221;7015p000000oO0LAAU&#8221; request_type=&#8221;Quotation&#8221; flag_hide_request_type=&#8221;true&#8221; country=&#8221;Hungary&#8221; b=&#8221;food&#8221; compact_view=&#8221;1&#8243; button_mode=&#8221;true&#8221; postion_button=&#8221;text-left&#8221; postion_button_mobile=&#8221;text-left-mobile&#8221; text_btn_contact=&#8221;VEGYE FEL VEL\u00dcNK A KAPCSOLATOT M\u00c9G MA&#8221; r=&#8221;\u00c9rdekel a Skyline s\u00fct\u0151csal\u00e1d Tiszt\u00edt\u00f3szer akci\u00f3ja&#8221;][vc_empty_space height=&#8221;5px&#8221;][\/vc_column][\/vc_row][vc_row css=&#8221;.vc_custom_1690797590420{background-color: #e9eff5 !important;}&#8221;][vc_column][vc_empty_space height=&#8221;35px&#8221;][elx_features_download title=&#8221;Kimag\u00e1z\u00fczem\u0171l\u00f3 teljes\u00edtm\u00e9ny \u00e9s megtakar\u00edt\u00e1s&#8221; tag_title=&#8221;h1&#8243; class_title=&#8221;h1&#8243; title_download=&#8221;Let\u00f6lt\u00e9s&#8221; title_discover=&#8221;Ismerje meg&#8221; bg_row=&#8221;bg-row-light-blue&#8221; values=&#8221;%5B%7B%7D%5D&#8221; discover=&#8221;%5B%7B%7D%5D&#8221; features=&#8221;%5B%7B%22icon_electroluxpro%22%3A%22elx-icon%20icon-circle-ergonomics-blue%22%2C%22title_icon%22%3A%22%C3%96nnek%20k%C3%A9sz%C3%BClt%22%2C%22text_icon%22%3A%22Maxim%C3%A1lis%20hat%C3%A9konys%C3%A1g%20az%20els%C5%91%20olyan%20kombi%20s%C3%BCt%C5%91vel%2C%20amely%20f%C3%BCggetlen%20%3Cb%3E4%20csillagos%20min%C5%91s%C3%ADt%C3%A9st%3C%2Fb%3E%20kapott%20a%20k%C3%B6nny%C5%B1%20kezelhet%C5%91s%C3%A9g%C3%A9rt%20%C3%A9s%20a%20sima%20ergonomikus%20kialak%C3%ADt%C3%A1s%C3%A9rt.%22%7D%2C%7B%22icon_electroluxpro%22%3A%22elx-icon%20icon-circle-star-perfomance-blue%22%2C%22title_icon%22%3A%22Egyed%C3%BCl%C3%A1ll%C3%B3%20teljes%C3%ADtm%C3%A9ny%22%2C%22text_icon%22%3A%22Kifog%C3%A1stalan%20egyenletes%20s%C3%BCt%C3%A9s%20a%20%3Cb%3EOptiFlow%3C%2Fb%3E%2C%20az%20innovat%C3%ADv%20keringtet%C5%91%20rendszernek%20%C3%A9s%20az%20extra%20pontos%20p%C3%A1ratartalom-szab%C3%A1lyoz%C3%A1snak%20k%C3%B6sz%C3%B6nhet%C5%91en%20a%20Lambda-%C3%A9rz%C3%A9kel%C5%91vel.%22%7D%2C%7B%22icon_electroluxpro%22%3A%22elx-icon%20icon-circle-connected-blue%22%2C%22title_icon%22%3A%22Folyamatos%20haszn%C3%A1latra%20tervezve%22%2C%22text_icon%22%3A%22Ellen%C5%91rizze%20a%20s%C3%BCt%C5%91%20st%C3%A1tusz%C3%A1t%20%C3%A9s%20teljes%C3%ADtm%C3%A9ny%C3%A9t%20b%C3%A1rhonnan%2C%20egy%20applik%C3%A1ci%C3%B3%20seg%C3%ADts%C3%A9g%C3%A9vel.%22%7D%5D&#8221;][\/elx_features_download][vc_empty_space height=&#8221;50px&#8221;][\/vc_column][\/vc_row][vc_row css=&#8221;.vc_custom_1690892729246{background-color: #aedcb0 !important;}&#8221;][vc_column][elx_features_download title=&#8221;Jelent\u0151s megtakar\u00edt\u00e1s a Green Spirit funkci\u00f3 seg\u00edts\u00e9g\u00e9vel&#8221; tag_title=&#8221;h5&#8243; title_download=&#8221;&#8221; title_discover=&#8221;&#8221; bg_row=&#8221;bg-row-sustainability-green&#8221; values=&#8221;%5B%7B%7D%5D&#8221; discover=&#8221;%5B%7B%7D%5D&#8221; features=&#8221;%5B%7B%22icon_electroluxpro%22%3A%22elx-icon%20icon-circle-savings-green-blue%22%2C%22text_icon%22%3A%22ak%C3%A1r%20%3Cb%3E15%25-kal%20alacsonyabb%20v%C3%ADzfogyaszt%C3%A1s%3B*%3C%2Fb%3E%22%7D%2C%7B%22icon_electroluxpro%22%3A%22elx-icon%20icon-circle-savings-green-blue%22%2C%22text_icon%22%3A%22ak%C3%A1r%20%3Cb%3E25%25-kal%20alacsonyabb%20energiafogyaszt%C3%A1s%20*%3C%2Fb%3E%20a%20Green%20Spirit%20funkci%C3%B3k%20aktiv%C3%A1l%C3%A1s%C3%A1val%20%5Cn%3Cbr%3E%5Cn%3Cbr%3E%22%7D%5D&#8221;][\/elx_features_download][\/vc_column][\/vc_row][vc_row][vc_column][vc_empty_space height=&#8221;50px&#8221;][elx_text_image tag_title=&#8221;h1&#8243; style_image=&#8221;image_square&#8221; columns_proportion=&#8221;three_fifth&#8221; lists=&#8221;%5B%7B%7D%5D&#8221; values=&#8221;%5B%7B%7D%5D&#8221; single_image=&#8221;7597&#8243;]<\/p>\n<h1>Regisztr\u00e1lja Skyline kombis\u00fct\u0151j\u00e9t, \u00e9s ak\u00e1r egy \u00e9vre elegend\u0151* tiszt\u00edt\u00f3szert kap hozz\u00e1 aj\u00e1nd\u00e9kba.<\/h1>\n<p>&nbsp;<\/p>\n<p>Az Electrolux Professional tiszt\u00edt\u00f3 \u00e9s v\u00edzk\u0151telen\u00edt\u0151 tablett\u00e1k speci\u00e1lisan a Skyline s\u00fct\u0151h\u00f6z lettek kifejlesztve.<\/p>\n<p>Az Electrolux Professional tiszt\u00edt\u00f3szerek rendszeres haszn\u00e1lata biztos\u00edtja a berendez\u00e9sek <strong><b>higi\u00e9nikus tisztas\u00e1g\u00e1t<\/b><\/strong>, a <strong><b>legjobb teljes\u00edtm\u00e9nyt<\/b><\/strong>\u00a0\u00e9s a garanci\u00e1lis felt\u00e9teleknek val\u00f3 megfelel\u00e9st.[\/elx_text_image][\/vc_column][\/vc_row][vc_row full_width=&#8221;electroluxpro-full-width&#8221;][vc_column][vc_empty_space height=&#8221;50px&#8221;][vc_column_text]<\/p>\n<h1 style=\"text-align: center;\">Gyorsan van sz\u00fcks\u00e9ge az \u00faj s\u00fct\u0151re? Rendelje meg ezeket a modelleket azonnali sz\u00e1ll\u00edt\u00e1ssal<\/h1>\n<p>[\/vc_column_text][\/vc_column][\/vc_row][vc_row full_width=&#8221;electroluxpro-full-width&#8221;][vc_column][vc_empty_space height=&#8221;50px&#8221;][elx_product_showcase number_columns=&#8221;3&#8243; order_col1=&#8221;1&#8243; image_col1=&#8221;7598&#8243; order_col2=&#8221;2&#8243; image_col2=&#8221;7600&#8243; order_col3=&#8221;3&#8243; image_col3=&#8221;7602&#8243; order_col4=&#8221;4&#8243; title_col1=&#8221;SkyLine PremiumS Bojleres kombis\u00fct\u0151&#8221; subtitle_col1=&#8221;6&#215;1\/1GN elektromos \u2013 217720&#8243; title_col2=&#8221;SkyLine PremiumS Bojleres kombis\u00fct\u0151&#8221; subtitle_col2=&#8221;10&#215;1\/1 GN elektromos \u2013 217722&#8243; title_col3=&#8221;SkyLine PremiumS Bojleres kombis\u00fct\u0151&#8221; subtitle_col3=&#8221;6&#215;1\/1 GN g\u00e1z\u00fczem\u0171 217780&#8243; link_col1=&#8221;url:https%3A%2F%2Ftools.electroluxprofessional.com%2FMirror%2FDoc%2FMAD2%2FElectrolux%2520Professional%2FHungarian%2FElektromos%2520kombis%25C3%25BCt%25C5%2591%25206GN1_1_217720-217710_Hungarian.pdf%3Fversion%3D1694077238|title:Adatlap|target:_blank&#8221; link_col2=&#8221;url:https%3A%2F%2Ftools.electroluxprofessional.com%2FMirror%2FDoc%2FMAD2%2FElectrolux%2520Professional%2FHungarian%2FElektromos%2520kombis%25C3%25BCt%25C5%2591%252010GN1_1_217712-217722_Hungarian.pdf%3Fversion%3D1694077321|title:Adatlap|target:_blank&#8221; link_col3=&#8221;url:https%3A%2F%2Ftools.electroluxprofessional.com%2FMirror%2FDoc%2FMAD2%2FElectrolux%2520Professional%2FHungarian%2FG%25C3%25A1z%25C3%25BCzem%25C5%25B1%2520kombip%25C3%25A1rol%25C3%25B3%2C%25206GN1_1_217780-225760_Hungarian.pdf%3Fversion%3D1694077375|title:Adatlap|target:_blank&#8221;][\/vc_column][\/vc_row][vc_row full_width=&#8221;electroluxpro-full-width&#8221;][vc_column][elx_product_showcase number_columns=&#8221;3&#8243; order_col1=&#8221;1&#8243; image_col1=&#8221;7599&#8243; order_col2=&#8221;2&#8243; image_col2=&#8221;7601&#8243; order_col3=&#8221;3&#8243; image_col3=&#8221;7603&#8243; order_col4=&#8221;4&#8243; subtitle_col1=&#8221;10&#215;1\/1GN, g\u00e1z\u00fczem\u0171 &#8211; 217782&#8243; title_col2=&#8221;SkyLine Premium Bojleres kombis\u00fct\u0151&#8221; subtitle_col2=&#8221;6&#215;1\/1GN elektromos &#8211; 217820&#8243; title_col3=&#8221;SkyLine ProS Direktv\u00edzbefecskendez\u0151s kombis\u00fct\u0151&#8221; subtitle_col3=&#8221;6&#215;1\/1GN elektromos &#8211; 217620&#8243; link_col1=&#8221;url:https%3A%2F%2Ftools.electroluxprofessional.com%2FMirror%2FDoc%2FMAD2%2FElectrolux%2520Professional%2FHungarian%2FG%25C3%25A1z%25C3%25BCzem%25C5%25B1%2520kombip%25C3%25A1rol%25C3%25B3%2C%252010GN1_1_217782-225762_Hungarian.pdf%3Fversion%3D1694077438|title:Adatlap|target:_blank&#8221; link_col2=&#8221;url:https%3A%2F%2Ftools.electroluxprofessional.com%2FMirror%2FDoc%2FMAD2%2FElectrolux%2520Professional%2FHungarian%2FElektromos%2520kombip%25C3%25A1rol%25C3%25B3%2C%25206GN1_1_217810-217820_Hungarian.pdf%3Fversion%3D1694077490|title:Adatlap|target:_blank&#8221; link_col3=&#8221;url:https%3A%2F%2Ftools.electroluxprofessional.com%2FMirror%2FDoc%2FMAD2%2FElectrolux%2520Professional%2FHungarian%2FElektromos%2520kombip%25C3%25A1rol%25C3%25B3%2C%25206GN1_1_217610-217620_Hungarian.pdf%3Fversion%3D1694077540|title:Adatlap|target:_blank&#8221; title_col1=&#8221;SkyLine PremiumS Bojleres kombis\u00fct\u0151&#8221;][vc_empty_space height=&#8221;50px&#8221;][\/vc_column][\/vc_row][vc_row][vc_column][elx_heading text_color=&#8221;black&#8221; text_align=&#8221;text-center&#8221;]El\u00e9rhet\u0151ek m\u00e1s 6 \u00e9s 10 t\u00e1lc\u00e1s Skyline kombis\u00fct\u0151 modellek is, m\u00e1s sz\u00e1ll\u00edt\u00e1si hat\u00e1rid\u0151vel[\/elx_heading][vc_empty_space height=&#8221;50px&#8221;][\/vc_column][\/vc_row][vc_row][vc_column][vc_column_text]<\/p>\n<h1 style=\"text-align: center;\">Vegye fel vel\u00fcnk a kapcsolatot, \u00e9s haszn\u00e1lja ki a lehet\u0151s\u00e9get<\/h1>\n<p>[\/vc_column_text][vc_empty_space height=&#8221;20px&#8221;][elx_o2000_contact_us s=&#8221;Inform\u00e1ci\u00f3k\u00e9r\u00e9s a Skyline kombis\u00fct\u0151 aj\u00e1nlatr\u00f3l&#8221; campaign=&#8221;7015p000000oO0LAAU&#8221; request_type=&#8221;Quotation&#8221; flag_hide_request_type=&#8221;true&#8221; country=&#8221;Hungary&#8221; b=&#8221;food&#8221; compact_view=&#8221;1&#8243; r=&#8221;\u00c9rdekel a Skyline s\u00fct\u0151csal\u00e1d Tiszt\u00edt\u00f3szer akci\u00f3ja&#8221;][\/vc_column][\/vc_row]<\/p>\n","protected":false},"excerpt":{"rendered":"<p>[vc_row full_width=&#8221;electroluxpro-full-width-no-padding&#8221;][vc_column][elx_image_block background_image=&#8221;7595&#8243; minimum_height=&#8221;400px&#8221;][vc_empty_space][\/vc_column][\/vc_row][vc_row][vc_column][vc_empty_space height=&#8221;40px&#8221;][elx_text_image tag_title=&#8221;h1&#8243; style_image=&#8221;image_square&#8221; bg_row=&#8221;bg-download-white&#8221; lists=&#8221;%5B%7B%7D%5D&#8221; values=&#8221;%5B%7B%7D%5D&#8221; title=&#8221;Skyline kombis\u00fct\u0151k the new horizon in cooking&#8221; single_image=&#8221;7596&#8243;]Rendelje meg most! Azonnal elr\u00e9het\u0151 Skyline kombis\u00fct\u0151k.* Miut\u00e1n regisztr\u00e1lta s\u00fct\u0151j\u00e9t*, a term\u00e9k el\u0151lapj\u00e1n tal\u00e1lhat\u00f3 QR-k\u00f3d beolvas\u00e1s\u00e1val egy ingyenes Electrolux Professional tiszt\u00edt\u00f3szer-k\u00e9szletet kap, amely ak\u00e1r 1 \u00e9vig tart\u00f3* tiszt\u00edt\u00e1st tesz lehet\u0151v\u00e9. Korl\u00e1tozott ideig, 2024. janu\u00e1r 18. \u00e9s m\u00e1rcius 31. [&hellip;]<\/p>\n","protected":false},"author":53,"featured_media":0,"parent":0,"menu_order":0,"comment_status":"closed","ping_status":"closed","template":"","meta":{"footnotes":""},"class_list":["post-7604","page","type-page","status-publish","hentry"],"yoast_head":"<!-- This site is optimized with the Yoast SEO plugin v23.3 - https:\/\/yoast.com\/wordpress\/plugins\/seo\/ -->\n<title>Skyline kombis\u00fct\u0151 aj\u00e1nlat - Electrolux Professional Magyarorsz\u00e1g<\/title>\n<meta name=\"robots\" content=\"index, follow, max-snippet:-1, max-image-preview:large, max-video-preview:-1\" \/>\n<link rel=\"canonical\" href=\"https:\/\/www.electroluxprofessional.com\/hu\/skyline-kombisto-ajanlat\/\" \/>\n<meta property=\"og:locale\" content=\"hu_HU\" \/>\n<meta property=\"og:type\" content=\"article\" \/>\n<meta property=\"og:title\" content=\"Skyline kombis\u00fct\u0151 aj\u00e1nlat - Electrolux Professional Magyarorsz\u00e1g\" \/>\n<meta property=\"og:description\" content=\"[vc_row full_width=&#8221;electroluxpro-full-width-no-padding&#8221;][vc_column][elx_image_block background_image=&#8221;7595&#8243; minimum_height=&#8221;400px&#8221;][vc_empty_space][\/vc_column][\/vc_row][vc_row][vc_column][vc_empty_space height=&#8221;40px&#8221;][elx_text_image tag_title=&#8221;h1&#8243; style_image=&#8221;image_square&#8221; bg_row=&#8221;bg-download-white&#8221; lists=&#8221;%5B%7B%7D%5D&#8221; values=&#8221;%5B%7B%7D%5D&#8221; title=&#8221;Skyline kombis\u00fct\u0151k the new horizon in cooking&#8221; single_image=&#8221;7596&#8243;]Rendelje meg most! Azonnal elr\u00e9het\u0151 Skyline kombis\u00fct\u0151k.* Miut\u00e1n regisztr\u00e1lta s\u00fct\u0151j\u00e9t*, a term\u00e9k el\u0151lapj\u00e1n tal\u00e1lhat\u00f3 QR-k\u00f3d beolvas\u00e1s\u00e1val egy ingyenes Electrolux Professional tiszt\u00edt\u00f3szer-k\u00e9szletet kap, amely ak\u00e1r 1 \u00e9vig tart\u00f3* tiszt\u00edt\u00e1st tesz lehet\u0151v\u00e9. Korl\u00e1tozott ideig, 2024. janu\u00e1r 18. \u00e9s m\u00e1rcius 31. [&hellip;]\" \/>\n<meta property=\"og:url\" content=\"https:\/\/www.electroluxprofessional.com\/hu\/skyline-kombisto-ajanlat\/\" \/>\n<meta property=\"og:site_name\" content=\"Electrolux Professional Magyarorsz\u00e1g\" \/>\n<meta property=\"article:modified_time\" content=\"2024-02-05T09:48:15+00:00\" \/>\n<meta name=\"twitter:card\" content=\"summary_large_image\" \/>\n<meta name=\"twitter:label1\" content=\"Becs\u00fclt olvas\u00e1si id\u0151\" \/>\n\t<meta name=\"twitter:data1\" content=\"2 perc\" \/>\n<script type=\"application\/ld+json\" class=\"yoast-schema-graph\">{\"@context\":\"https:\/\/schema.org\",\"@graph\":[{\"@type\":\"WebPage\",\"@id\":\"https:\/\/www.electroluxprofessional.com\/hu\/skyline-kombisto-ajanlat\/\",\"url\":\"https:\/\/www.electroluxprofessional.com\/hu\/skyline-kombisto-ajanlat\/\",\"name\":\"Skyline kombis\u00fct\u0151 aj\u00e1nlat - Electrolux Professional Magyarorsz\u00e1g\",\"isPartOf\":{\"@id\":\"https:\/\/www.electroluxprofessional.com\/hu\/#website\"},\"datePublished\":\"2023-09-07T08:18:30+00:00\",\"dateModified\":\"2024-02-05T09:48:15+00:00\",\"breadcrumb\":{\"@id\":\"https:\/\/www.electroluxprofessional.com\/hu\/skyline-kombisto-ajanlat\/#breadcrumb\"},\"inLanguage\":\"hu\",\"potentialAction\":[{\"@type\":\"ReadAction\",\"target\":[\"https:\/\/www.electroluxprofessional.com\/hu\/skyline-kombisto-ajanlat\/\"]}]},{\"@type\":\"BreadcrumbList\",\"@id\":\"https:\/\/www.electroluxprofessional.com\/hu\/skyline-kombisto-ajanlat\/#breadcrumb\",\"itemListElement\":[{\"@type\":\"ListItem\",\"position\":1,\"name\":\"Home\",\"item\":\"https:\/\/www.electroluxprofessional.com\/hu\/\"},{\"@type\":\"ListItem\",\"position\":2,\"name\":\"Skyline kombis\u00fct\u0151 aj\u00e1nlat\"}]},{\"@type\":\"WebSite\",\"@id\":\"https:\/\/www.electroluxprofessional.com\/hu\/#website\",\"url\":\"https:\/\/www.electroluxprofessional.com\/hu\/\",\"name\":\"Electrolux Professional Magyarorsz\u00e1g\",\"description\":\"\",\"potentialAction\":[{\"@type\":\"SearchAction\",\"target\":{\"@type\":\"EntryPoint\",\"urlTemplate\":\"https:\/\/www.electroluxprofessional.com\/hu\/?src={search_term_string}\"},\"query-input\":\"required name=search_term_string\"}],\"inLanguage\":\"hu\"}]}<\/script>\n<!-- \/ Yoast SEO plugin. -->","yoast_head_json":{"title":"Skyline kombis\u00fct\u0151 aj\u00e1nlat - Electrolux Professional Magyarorsz\u00e1g","robots":{"index":"index","follow":"follow","max-snippet":"max-snippet:-1","max-image-preview":"max-image-preview:large","max-video-preview":"max-video-preview:-1"},"canonical":"https:\/\/www.electroluxprofessional.com\/hu\/skyline-kombisto-ajanlat\/","og_locale":"hu_HU","og_type":"article","og_title":"Skyline kombis\u00fct\u0151 aj\u00e1nlat - Electrolux Professional Magyarorsz\u00e1g","og_description":"[vc_row full_width=&#8221;electroluxpro-full-width-no-padding&#8221;][vc_column][elx_image_block background_image=&#8221;7595&#8243; minimum_height=&#8221;400px&#8221;][vc_empty_space][\/vc_column][\/vc_row][vc_row][vc_column][vc_empty_space height=&#8221;40px&#8221;][elx_text_image tag_title=&#8221;h1&#8243; style_image=&#8221;image_square&#8221; bg_row=&#8221;bg-download-white&#8221; lists=&#8221;%5B%7B%7D%5D&#8221; values=&#8221;%5B%7B%7D%5D&#8221; title=&#8221;Skyline kombis\u00fct\u0151k the new horizon in cooking&#8221; single_image=&#8221;7596&#8243;]Rendelje meg most! Azonnal elr\u00e9het\u0151 Skyline kombis\u00fct\u0151k.* Miut\u00e1n regisztr\u00e1lta s\u00fct\u0151j\u00e9t*, a term\u00e9k el\u0151lapj\u00e1n tal\u00e1lhat\u00f3 QR-k\u00f3d beolvas\u00e1s\u00e1val egy ingyenes Electrolux Professional tiszt\u00edt\u00f3szer-k\u00e9szletet kap, amely ak\u00e1r 1 \u00e9vig tart\u00f3* tiszt\u00edt\u00e1st tesz lehet\u0151v\u00e9. Korl\u00e1tozott ideig, 2024. janu\u00e1r 18. \u00e9s m\u00e1rcius 31. [&hellip;]","og_url":"https:\/\/www.electroluxprofessional.com\/hu\/skyline-kombisto-ajanlat\/","og_site_name":"Electrolux Professional Magyarorsz\u00e1g","article_modified_time":"2024-02-05T09:48:15+00:00","twitter_card":"summary_large_image","twitter_misc":{"Becs\u00fclt olvas\u00e1si id\u0151":"2 perc"},"schema":{"@context":"https:\/\/schema.org","@graph":[{"@type":"WebPage","@id":"https:\/\/www.electroluxprofessional.com\/hu\/skyline-kombisto-ajanlat\/","url":"https:\/\/www.electroluxprofessional.com\/hu\/skyline-kombisto-ajanlat\/","name":"Skyline kombis\u00fct\u0151 aj\u00e1nlat - Electrolux Professional Magyarorsz\u00e1g","isPartOf":{"@id":"https:\/\/www.electroluxprofessional.com\/hu\/#website"},"datePublished":"2023-09-07T08:18:30+00:00","dateModified":"2024-02-05T09:48:15+00:00","breadcrumb":{"@id":"https:\/\/www.electroluxprofessional.com\/hu\/skyline-kombisto-ajanlat\/#breadcrumb"},"inLanguage":"hu","potentialAction":[{"@type":"ReadAction","target":["https:\/\/www.electroluxprofessional.com\/hu\/skyline-kombisto-ajanlat\/"]}]},{"@type":"BreadcrumbList","@id":"https:\/\/www.electroluxprofessional.com\/hu\/skyline-kombisto-ajanlat\/#breadcrumb","itemListElement":[{"@type":"ListItem","position":1,"name":"Home","item":"https:\/\/www.electroluxprofessional.com\/hu\/"},{"@type":"ListItem","position":2,"name":"Skyline kombis\u00fct\u0151 aj\u00e1nlat"}]},{"@type":"WebSite","@id":"https:\/\/www.electroluxprofessional.com\/hu\/#website","url":"https:\/\/www.electroluxprofessional.com\/hu\/","name":"Electrolux Professional Magyarorsz\u00e1g","description":"","potentialAction":[{"@type":"SearchAction","target":{"@type":"EntryPoint","urlTemplate":"https:\/\/www.electroluxprofessional.com\/hu\/?src={search_term_string}"},"query-input":"required name=search_term_string"}],"inLanguage":"hu"}]}},"_links":{"self":[{"href":"https:\/\/www.electroluxprofessional.com\/hu\/wp-json\/wp\/v2\/pages\/7604"}],"collection":[{"href":"https:\/\/www.electroluxprofessional.com\/hu\/wp-json\/wp\/v2\/pages"}],"about":[{"href":"https:\/\/www.electroluxprofessional.com\/hu\/wp-json\/wp\/v2\/types\/page"}],"author":[{"embeddable":true,"href":"https:\/\/www.electroluxprofessional.com\/hu\/wp-json\/wp\/v2\/users\/53"}],"replies":[{"embeddable":true,"href":"https:\/\/www.electroluxprofessional.com\/hu\/wp-json\/wp\/v2\/comments?post=7604"}],"version-history":[{"count":6,"href":"https:\/\/www.electroluxprofessional.com\/hu\/wp-json\/wp\/v2\/pages\/7604\/revisions"}],"predecessor-version":[{"id":7809,"href":"https:\/\/www.electroluxprofessional.com\/hu\/wp-json\/wp\/v2\/pages\/7604\/revisions\/7809"}],"wp:attachment":[{"href":"https:\/\/www.electroluxprofessional.com\/hu\/wp-json\/wp\/v2\/media?parent=7604"}],"curies":[{"name":"wp","href":"https:\/\/api.w.org\/{rel}","templated":true}]}}