{"id":7549,"date":"2023-06-27T12:36:44","date_gmt":"2023-06-27T12:36:44","guid":{"rendered":"https:\/\/www.electroluxprofessional.com\/hu\/?page_id=7549"},"modified":"2025-11-05T15:02:34","modified_gmt":"2025-11-05T15:02:34","slug":"szupermarket","status":"publish","type":"page","link":"https:\/\/www.electroluxprofessional.com\/hu\/szupermarket\/","title":{"rendered":"Szupermarketek"},"content":{"rendered":"<p>[vc_row full_width=&#8221;electroluxpro-full-width-no-padding&#8221;][vc_column][elx_full_banner title=&#8221;Szupermarket&#8221; set_as_h1=&#8221;true&#8221; background_image_media_library=&#8221;7540&#8243; background_image_media_library_mobile=&#8221;39072&#8243;][vc_empty_space][elx_heading text_color=&#8221;inherit&#8221; text_align=&#8221;text-center&#8221;]Megold\u00e1s minden szupermarketnek<br \/>\na k\u00e9sz\u00e9tel sarok sz\u00e1m\u00e1ra[\/elx_heading][vc_empty_space][elx_button button_text=&#8221;Megold\u00e1s minden szupermarketnek a k\u00e9sz\u00e9tel sarok sz\u00e1m\u00e1ra&#8221; button_display_block=&#8221;display_block_on&#8221; button_alignment=&#8221;align_center&#8221; button_link=&#8221;url:https%3A%2F%2Fwww.electroluxprofessional.com%2Fhu%2Fwp-content%2Fuploads%2F2022%2F02%2FBR_BR-9JE00196_1_5_1_1_EPR-BrochureSkyLine-SupermarketSegment-EN-20211221-LR.pdf||target:%20_blank|&#8221;][vc_empty_space height=&#8221;50px&#8221;][\/vc_column][\/vc_row][vc_row][vc_column][elx_heading text_color=&#8221;inherit&#8221; text_align=&#8221;text-center&#8221;]Eg\u00e9sz nap frissen s\u00fclt finoms\u00e1gok[\/elx_heading][vc_column_text]<\/p>\n<p style=\"text-align: center;\">Egys\u00e9ges\u00edtse kenyereinek \u00e9s p\u00e9ks\u00fctem\u00e9nyeinek kiv\u00e1l\u00f3 min\u0151s\u00e9g\u00e9t az Electrolux Professional s\u00fct\u0151berendez\u00e9sek leg\u00fajabb gener\u00e1ci\u00f3j\u00e1val. Forradalmas\u00edtsa termel\u00e9kenys\u00e9g\u00e9t. Legyen mindig k\u00e9szen a friss t\u00e9szta.<\/p>\n<p>[\/vc_column_text][vc_empty_space][\/vc_column][\/vc_row][vc_row][vc_column width=&#8221;1\/2&#8243;][vc_single_image image=&#8221;7541&#8243; img_size=&#8221;full&#8221; alignment=&#8221;center&#8221;][\/vc_column][vc_column width=&#8221;1\/2&#8243;][elx_heading font_container=&#8221;h3&#8243; text_color=&#8221;inherit&#8221;]S\u00fcss\u00f6n, amit kell, amikor kell[\/elx_heading][vc_column_text]A <a href=\"https:\/\/www.electroluxprofessional.com\/hu\/konyhatechnologia\/cook-and-chill\/combi-oven\/\">SkyLine<\/a> <strong>v\u00e1ltoztathat\u00f3 sebess\u00e9g\u0171 ventil\u00e1torral<\/strong> k\u00fcl\u00f6nb\u00f6z\u0151 \u00e9teleket k\u00e9sz\u00edthet a nap folyam\u00e1n, a reggeli croissantt\u00f3l a keny\u00e9rig eg\u00e9sz nap. Hib\u00e1tlan, egyenletes eredm\u00e9ny a <strong>forradalmian \u00faj OptiFlow keringtet\u0151 rendszernek k\u00f6sz\u00f6nhet\u0151en, amely egyenletes h\u0151eloszt\u00e1st<\/strong> \u00e9s \u00e1lland\u00f3 h\u0151m\u00e9rs\u00e9kletet biztos\u00edt.[\/vc_column_text][vc_empty_space height=&#8221;15px&#8221;][elx_heading font_container=&#8221;h3&#8243; text_color=&#8221;inherit&#8221;]RECEPT* TERMEL\u00c9KENYS\u00c9G[\/elx_heading][vc_column_text]<\/p>\n<table>\n<tbody>\n<tr>\n<td style=\"padding-right: 20px;\"><strong>Vajas t<\/strong><strong>\u00e9szt\u00e1k <\/strong><\/td>\n<td>Ak\u00e1r 240 croissant kevesebb, mint 13 perc alatt<\/td>\n<\/tr>\n<tr>\n<td style=\"padding-right: 20px;\"><strong>Bagettek<\/strong><\/td>\n<td>Ak\u00e1r 80 bagett 25 perc alatt<\/td>\n<\/tr>\n<tr>\n<td style=\"padding-right: 20px;\"><strong>S\u00fctik<\/strong><\/td>\n<td>Ak\u00e1r 384 s\u00fcti 12 perc alatt<\/td>\n<\/tr>\n<tr>\n<td style=\"padding-right: 20px;\"><strong>Muffin<\/strong><\/td>\n<td>Ak\u00e1r 640 muffin 14 perc alatt<\/td>\n<\/tr>\n<\/tbody>\n<\/table>\n<p>[\/vc_column_text][vc_single_image image=&#8221;7542&#8243; img_size=&#8221;full&#8221; alignment=&#8221;center&#8221; css=&#8221;.vc_custom_1644848975284{padding-top: 30px !important;}&#8221;][\/vc_column][\/vc_row][vc_row][vc_column][vc_empty_space height=&#8221;50px&#8221;][\/vc_column][\/vc_row][vc_row][vc_column][elx_heading text_color=&#8221;inherit&#8221; text_align=&#8221;text-center&#8221;]Legyen a csemegebolt az a hely, ahol \u00e1tveheti az eb\u00e9det[\/elx_heading][vc_column_text]<\/p>\n<p style=\"text-align: center;\">B\u0151v\u00edtse \u00e9tlapj\u00e1t kiv\u00e1l\u00f3 min\u0151s\u00e9g\u0171, meleg \u00e9telekkel, amelyek \u00fajra \u00e9s \u00fajra t\u00f6k\u00e9letesen megism\u00e9telhet\u0151k. Gyorsan \u00e9s egyszer\u0171en elk\u00e9sz\u00edthet\u0151 h\u00fasgomb\u00f3c, grillezett z\u00f6lds\u00e9gek, r\u00e1ntott fil\u00e9k, s\u00fclt \u00e9telek \u00e9s egy\u00e9b finoms\u00e1gok, hogy vev\u0151i m\u00e9g t\u00f6bb\u00e9rt visszat\u00e9rjenek<\/p>\n<p>[\/vc_column_text][vc_empty_space][\/vc_column][\/vc_row][vc_row][vc_column width=&#8221;1\/2&#8243;][vc_single_image image=&#8221;7543&#8243; img_size=&#8221;large&#8221; alignment=&#8221;center&#8221;][\/vc_column][vc_column width=&#8221;1\/2&#8243;][elx_heading font_container=&#8221;h3&#8243; text_color=&#8221;inherit&#8221;]Nincs t\u00f6bb\u00e9 \u00e1lland\u00f3 szag a szagcs\u00f6kkent\u0151 rendszerrel ell\u00e1tott recirkul\u00e1ci\u00f3s elsz\u00edv\u00e1snak k\u00f6sz\u00f6nhet\u0151en[\/elx_heading][vc_column_text]<strong>A l\u00e9gsz\u0171r\u0151k \u00e9s az UVC l\u00e1mp\u00e1k tiszt\u00e1n \u00e9s fert\u0151tlen\u00edtve tartj\u00e1k konyh\u00e1j\u00e1t,<\/strong> m\u00e9g akkor is, ha a <a href=\"https:\/\/www.electroluxprofessional.com\/hu\/konyhatechnologia\/cook-and-chill\/combi-oven\/\">s\u00fct\u0151<\/a>t nem tudja k\u00f6zponti szell\u0151z\u0151rendszerhez csatlakoztatni. A p\u00e1raelsz\u00edv\u00f3 a k\u00f6rnyez\u0151 leveg\u0151 l\u00e9gtiszt\u00edt\u00f3jak\u00e9nt is haszn\u00e1lhat\u00f3: nagy el\u0151ny kisebb terek sz\u00e1m\u00e1ra.[\/vc_column_text][vc_single_image image=&#8221;7544&#8243; img_size=&#8221;full&#8221; alignment=&#8221;center&#8221; css=&#8221;.vc_custom_1644849324090{padding-top: 30px !important;}&#8221;][vc_empty_space height=&#8221;15px&#8221;][elx_heading font_container=&#8221;h3&#8243; text_color=&#8221;inherit&#8221;]RECEPT* TERMEL\u00c9KENYS\u00c9G[\/elx_heading][vc_column_text]<\/p>\n<table>\n<tbody>\n<tr>\n<td style=\"padding-right: 20px;\"><strong>S\u00fclt csirke<\/strong><\/td>\n<td>Ak\u00e1r 384 s\u00fclt csirke 35 perc alatt<\/td>\n<\/tr>\n<tr>\n<td style=\"padding-right: 20px;\"><strong>S\u00fclt csirke<\/strong><\/td>\n<td>Ak\u00e1r 500 s\u00fclt burgonya 40 perc alatt&#8217;<\/td>\n<\/tr>\n<tr>\n<td style=\"padding-right: 20px;\"><strong>S\u00fclt csirke<\/strong><\/td>\n<td>Ak\u00e1r 300 vegyes s\u00fclt 30 perc alatt<\/td>\n<\/tr>\n<\/tbody>\n<\/table>\n<p>[\/vc_column_text][\/vc_column][\/vc_row][vc_row][vc_column][vc_empty_space height=&#8221;50px&#8221;][\/vc_column][\/vc_row][vc_row][vc_column][elx_heading text_color=&#8221;inherit&#8221; text_align=&#8221;text-center&#8221;]Tegye magasra a m\u00e9rc\u00e9t friss hallal \u00e9s sushival[\/elx_heading][vc_column_text]<\/p>\n<p style=\"text-align: center;\">A megfelel\u0151en elk\u00e9sz\u00edtett, \u00edzletes, eg\u00e9szs\u00e9ges halak igazi csemeg\u00e9k. \u00c9s mit \u00e9r egy modern szupermarket sushi sarok n\u00e9lk\u00fcl? Mindk\u00e9t esetben elengedhetetlen a megfelel\u0151 felszerel\u00e9s.<\/p>\n<p>[\/vc_column_text][vc_empty_space][\/vc_column][\/vc_row][vc_row][vc_column width=&#8221;1\/2&#8243;][vc_single_image image=&#8221;7545&#8243; img_size=&#8221;large&#8221; alignment=&#8221;center&#8221;][\/vc_column][vc_column width=&#8221;1\/2&#8243;][elx_heading font_container=&#8221;h3&#8243; text_color=&#8221;inherit&#8221;]A speci\u00e1lis Ciklusok+ jelent\u0151s\u00e9ge[\/elx_heading][vc_column_text]V\u00e1lassza a speci\u00e1lisan tervezett sushi \u00e9s sashimi ciklust a halcsal\u00e1d kateg\u00f3ri\u00e1j\u00e1b\u00f3l, \u00e9s a <a href=\"https:\/\/www.electroluxprofessional.com\/hu\/commercial-kitchen-equipment\/blast-chillers-and-freezers\/\">SkyLine ChillS<\/a> elv\u00e9gzi a t\u00f6bbit. Annak \u00e9rdek\u00e9ben, hogy \u00e9telei anisakis k\u00f3rokoz\u00f3-mentesek legyenek, a sushit -20 \u00b0C-on gyorsfagyasztj\u00e1k, \u00e9s ezen a h\u0151m\u00e9rs\u00e9kleten tartj\u00e1k 24** \u00f3r\u00e1n kereszt\u00fcl a felenged\u00e9s el\u0151tt, ezut\u00e1n k\u00e9szen \u00e1ll a fogyaszt\u00e1sra.<\/p>\n<p style=\"font-size: 12px;\">** A 853\/2004 eur\u00f3pai rendeletnek megfelel\u0151en<\/p>\n<p>[\/vc_column_text][vc_single_image image=&#8221;7546&#8243; img_size=&#8221;full&#8221; alignment=&#8221;center&#8221; css=&#8221;.vc_custom_1644850049446{padding-top: 30px !important;}&#8221;][\/vc_column][\/vc_row][vc_row][vc_column][vc_empty_space height=&#8221;50px&#8221;][\/vc_column][\/vc_row][vc_row][vc_column][elx_heading text_color=&#8221;inherit&#8221; text_align=&#8221;text-center&#8221;]A v\u00e1ros \u00faj bisztr\u00f3b\u00e1rja[\/elx_heading][vc_column_text]<\/p>\n<p style=\"text-align: center;\">Ak\u00e1r helyben, <strong>ak\u00e1r elvitelre<\/strong>. Cs\u00e1b\u00edtsa el \u00fcgyfeleit ig\u00e9z\u0151 \u00e9telekkel, amelyeket a helysz\u00ednen elfogyaszthatnak, vagy t\u00f6k\u00e9letesek ahhoz, hogy magukkal vigy\u00e9k az irod\u00e1ba, a parkba vagy haza egy pihentet\u0151 est\u00e9re.<\/p>\n<p>[\/vc_column_text][vc_empty_space][\/vc_column][\/vc_row][vc_row][vc_column width=&#8221;1\/2&#8243;][vc_single_image image=&#8221;7547&#8243; img_size=&#8221;large&#8221; alignment=&#8221;center&#8221;][\/vc_column][vc_column width=&#8221;1\/2&#8243;][elx_heading font_container=&#8221;h3&#8243; text_color=&#8221;inherit&#8221;]Frissen tart\u00e1s &amp; felfriss\u00edt\u00e9s[\/elx_heading][vc_column_text]V\u00e9gezze az el\u0151k\u00e9sz\u00edt\u00e9st, frissen tart\u00e1st vagy regener\u00e1l\u00e1st a <a href=\"https:\/\/www.electroluxprofessional.com\/hu\/konyhatechnologia\/cook-and-chill\/combi-oven\/\">SkyLine s\u00fct\u0151k<\/a> automatikus speci\u00e1lis ciklusaival \u00e9s speci\u00e1lis tartoz\u00e9kokkal, p\u00e9ld\u00e1ul melegentart\u00f3 szekr\u00e9nnyel. Az \u00e9tel gyorsan elk\u00e9sz\u00fcl, p\u00e1ratartalma szab\u00e1lyozott, t\u00e1lal\u00e1sra \u00e9s felszolg\u00e1l\u00e1sra k\u00e9szen \u00e1ll.[\/vc_column_text][vc_empty_space height=&#8221;15px&#8221;][elx_heading font_container=&#8221;h3&#8243; text_color=&#8221;inherit&#8221;]Meleg k\u00eds\u00e9rt\u00e9sek[\/elx_heading][vc_column_text]<strong>Ropog\u00f3s panini, szendvicsek \u00e9s m\u00e9g sok m\u00e1s! <\/strong>A <a href=\"https:\/\/www.electroluxprofessional.com\/hu\/speedelight-5\/\">SpeeDelight<\/a> seg\u00edts\u00e9g\u00e9vel lasagn\u00e9t, t\u00e9szt\u00e1t, z\u00f6lds\u00e9geket vagy desszerteket meleg\u00edthet fel, melyek pillanatok alatt k\u00e9szek a t\u00f6k\u00e9letes t\u00e1lal\u00e1sra.[\/vc_column_text][vc_single_image image=&#8221;7548&#8243; img_size=&#8221;full&#8221; alignment=&#8221;center&#8221; css=&#8221;.vc_custom_1644920763274{padding-top: 30px !important;}&#8221;][vc_empty_space height=&#8221;15px&#8221;][elx_heading font_container=&#8221;h3&#8243; text_color=&#8221;inherit&#8221;]RECEPT* TERMEL\u00c9KENYS\u00c9G[\/elx_heading][vc_column_text]<\/p>\n<table style=\"height: 117px;\" width=\"581\">\n<tbody>\n<tr>\n<td style=\"padding-right: 20px;\"><strong>Focaccia<\/strong><\/td>\n<td>Ak\u00e1r 256 focaccia kevesebb,m int 21 perc alatt<\/td>\n<\/tr>\n<tr>\n<td style=\"padding-right: 20px; min-width: 185px;\"><strong>Quiche\/Lorraine<\/strong><\/td>\n<td>Ak\u00e1r 256 quiche lorraine kevesebb,m int 30 perc alatt<\/td>\n<\/tr>\n<tr>\n<td style=\"padding-right: 20px;\"><strong>Pizza<\/strong><\/td>\n<td>Ak\u00e1r 256 pizzaszelet kevesebb,m int 13 perc alatt<\/td>\n<\/tr>\n<\/tbody>\n<\/table>\n<p>[\/vc_column_text][\/vc_column][\/vc_row][vc_row][vc_column][vc_empty_space height=&#8221;50px&#8221;][vc_column_text]<\/p>\n<p style=\"text-align: center;\">* A fenti adatok s\u00e9fjeink \u00e1ltal v\u00e9gzett f\u0151z\u00e9si teszteken alapulnak, amelyek a k\u00e9sz\u00fcl\u00e9k maxim\u00e1lis kapacit\u00e1s\u00e1t becs\u00fclt\u00e9k meg.<br \/>\nAz eredm\u00e9nyek kiss\u00e9 elt\u00e9rhetnek a receptt\u0151l \u00e9s a felhaszn\u00e1lt \u00f6sszetev\u0151kt\u0151l f\u00fcgg\u0151en.[\/vc_column_text][vc_empty_space height=&#8221;50px&#8221;][elx_heading text_color=&#8221;inherit&#8221; text_align=&#8221;text-center&#8221;]Tov\u00e1bbi inform\u00e1ci\u00f3 k\u00e9r\u00e9s\u00e9hez t\u00f6ltse ki az al\u00e1bbi \u0171rlapot[\/elx_heading][vc_empty_space height=&#8221;15px&#8221;][elx_o2000_contact_us s=&#8221;Kapcsolatfelv\u00e9tel a weboldalr\u00f3l&#8221; b=&#8221;food&#8221;][vc_empty_space height=&#8221;15px&#8221;][\/vc_column][\/vc_row]<\/p>\n","protected":false},"excerpt":{"rendered":"<p>[vc_row full_width=&#8221;electroluxpro-full-width-no-padding&#8221;][vc_column][elx_full_banner title=&#8221;Szupermarket&#8221; set_as_h1=&#8221;true&#8221; background_image_media_library=&#8221;7540&#8243; background_image_media_library_mobile=&#8221;39072&#8243;][vc_empty_space][elx_heading text_color=&#8221;inherit&#8221; text_align=&#8221;text-center&#8221;]Megold\u00e1s minden szupermarketnek a k\u00e9sz\u00e9tel sarok sz\u00e1m\u00e1ra[\/elx_heading][vc_empty_space][elx_button button_text=&#8221;Megold\u00e1s minden szupermarketnek a k\u00e9sz\u00e9tel sarok sz\u00e1m\u00e1ra&#8221; button_display_block=&#8221;display_block_on&#8221; button_alignment=&#8221;align_center&#8221; button_link=&#8221;url:https%3A%2F%2Fwww.electroluxprofessional.com%2Fhu%2Fwp-content%2Fuploads%2F2022%2F02%2FBR_BR-9JE00196_1_5_1_1_EPR-BrochureSkyLine-SupermarketSegment-EN-20211221-LR.pdf||target:%20_blank|&#8221;][vc_empty_space height=&#8221;50px&#8221;][\/vc_column][\/vc_row][vc_row][vc_column][elx_heading text_color=&#8221;inherit&#8221; text_align=&#8221;text-center&#8221;]Eg\u00e9sz nap frissen s\u00fclt finoms\u00e1gok[\/elx_heading][vc_column_text] Egys\u00e9ges\u00edtse kenyereinek \u00e9s p\u00e9ks\u00fctem\u00e9nyeinek kiv\u00e1l\u00f3 min\u0151s\u00e9g\u00e9t az Electrolux Professional s\u00fct\u0151berendez\u00e9sek leg\u00fajabb gener\u00e1ci\u00f3j\u00e1val. Forradalmas\u00edtsa termel\u00e9kenys\u00e9g\u00e9t. Legyen mindig k\u00e9szen a friss t\u00e9szta. [\/vc_column_text][vc_empty_space][\/vc_column][\/vc_row][vc_row][vc_column width=&#8221;1\/2&#8243;][vc_single_image image=&#8221;7541&#8243; img_size=&#8221;full&#8221; [&hellip;]<\/p>\n","protected":false},"author":53,"featured_media":7540,"parent":0,"menu_order":0,"comment_status":"closed","ping_status":"closed","template":"","meta":{"footnotes":""},"class_list":["post-7549","page","type-page","status-publish","has-post-thumbnail","hentry"],"yoast_head":"<!-- This site is optimized with the Yoast SEO plugin v23.3 - https:\/\/yoast.com\/wordpress\/plugins\/seo\/ -->\n<title>Szupermarketek - Electrolux Professional Magyarorsz\u00e1g<\/title>\n<meta name=\"description\" content=\"Megold\u00e1s minden szupermarketnek a k\u00e9sz\u00e9telek sarok sz\u00e1m\u00e1ra: Eg\u00e9sz nap frissen s\u00fclt finoms\u00e1gok Legyen a csemege az a hely, ahol \u00e1tveheti az eb\u00e9det Tegye magasra a m\u00e9rc\u00e9t friss hallal \u00e9s sushival Hozzon l\u00e9tre egy \u00faj bisztr\u00f3b\u00e1rt a v\u00e1rosban.\" \/>\n<meta name=\"robots\" content=\"index, follow, max-snippet:-1, max-image-preview:large, max-video-preview:-1\" \/>\n<link rel=\"canonical\" href=\"https:\/\/www.electroluxprofessional.com\/hu\/szupermarket\/\" \/>\n<meta property=\"og:locale\" content=\"hu_HU\" \/>\n<meta property=\"og:type\" content=\"article\" \/>\n<meta property=\"og:title\" content=\"Szupermarketek - Electrolux Professional Magyarorsz\u00e1g\" \/>\n<meta property=\"og:description\" content=\"Megold\u00e1s minden szupermarketnek a k\u00e9sz\u00e9telek sarok sz\u00e1m\u00e1ra: Eg\u00e9sz nap frissen s\u00fclt finoms\u00e1gok Legyen a csemege az a hely, ahol \u00e1tveheti az eb\u00e9det Tegye magasra a m\u00e9rc\u00e9t friss hallal \u00e9s sushival Hozzon l\u00e9tre egy \u00faj bisztr\u00f3b\u00e1rt a v\u00e1rosban.\" \/>\n<meta property=\"og:url\" content=\"https:\/\/www.electroluxprofessional.com\/hu\/szupermarket\/\" \/>\n<meta property=\"og:site_name\" content=\"Electrolux Professional Magyarorsz\u00e1g\" \/>\n<meta property=\"article:modified_time\" content=\"2025-11-05T15:02:34+00:00\" \/>\n<meta property=\"og:image\" content=\"https:\/\/www.electroluxprofessional.com\/hu\/wp-content\/uploads\/2023\/06\/retail_banner_desk.jpg\" \/>\n\t<meta property=\"og:image:width\" content=\"1920\" \/>\n\t<meta property=\"og:image:height\" content=\"582\" \/>\n\t<meta property=\"og:image:type\" content=\"image\/jpeg\" \/>\n<meta name=\"twitter:card\" content=\"summary_large_image\" \/>\n<meta name=\"twitter:label1\" content=\"Becs\u00fclt olvas\u00e1si id\u0151\" \/>\n\t<meta name=\"twitter:data1\" content=\"4 perc\" \/>\n<script type=\"application\/ld+json\" class=\"yoast-schema-graph\">{\"@context\":\"https:\/\/schema.org\",\"@graph\":[{\"@type\":\"WebPage\",\"@id\":\"https:\/\/www.electroluxprofessional.com\/hu\/szupermarket\/\",\"url\":\"https:\/\/www.electroluxprofessional.com\/hu\/szupermarket\/\",\"name\":\"Szupermarketek - Electrolux Professional Magyarorsz\u00e1g\",\"isPartOf\":{\"@id\":\"https:\/\/www.electroluxprofessional.com\/hu\/#website\"},\"primaryImageOfPage\":{\"@id\":\"https:\/\/www.electroluxprofessional.com\/hu\/szupermarket\/#primaryimage\"},\"image\":{\"@id\":\"https:\/\/www.electroluxprofessional.com\/hu\/szupermarket\/#primaryimage\"},\"thumbnailUrl\":\"https:\/\/www.electroluxprofessional.com\/hu\/wp-content\/uploads\/2023\/06\/retail_banner_desk.jpg\",\"datePublished\":\"2023-06-27T12:36:44+00:00\",\"dateModified\":\"2025-11-05T15:02:34+00:00\",\"description\":\"Megold\u00e1s minden szupermarketnek a k\u00e9sz\u00e9telek sarok sz\u00e1m\u00e1ra: Eg\u00e9sz nap frissen s\u00fclt finoms\u00e1gok Legyen a csemege az a hely, ahol \u00e1tveheti az eb\u00e9det Tegye magasra a m\u00e9rc\u00e9t friss hallal \u00e9s sushival Hozzon l\u00e9tre egy \u00faj bisztr\u00f3b\u00e1rt a v\u00e1rosban.\",\"breadcrumb\":{\"@id\":\"https:\/\/www.electroluxprofessional.com\/hu\/szupermarket\/#breadcrumb\"},\"inLanguage\":\"hu\",\"potentialAction\":[{\"@type\":\"ReadAction\",\"target\":[\"https:\/\/www.electroluxprofessional.com\/hu\/szupermarket\/\"]}]},{\"@type\":\"ImageObject\",\"inLanguage\":\"hu\",\"@id\":\"https:\/\/www.electroluxprofessional.com\/hu\/szupermarket\/#primaryimage\",\"url\":\"https:\/\/www.electroluxprofessional.com\/hu\/wp-content\/uploads\/2023\/06\/retail_banner_desk.jpg\",\"contentUrl\":\"https:\/\/www.electroluxprofessional.com\/hu\/wp-content\/uploads\/2023\/06\/retail_banner_desk.jpg\",\"width\":1920,\"height\":582,\"caption\":\"retail_banner_desk\"},{\"@type\":\"BreadcrumbList\",\"@id\":\"https:\/\/www.electroluxprofessional.com\/hu\/szupermarket\/#breadcrumb\",\"itemListElement\":[{\"@type\":\"ListItem\",\"position\":1,\"name\":\"Home\",\"item\":\"https:\/\/www.electroluxprofessional.com\/hu\/\"},{\"@type\":\"ListItem\",\"position\":2,\"name\":\"Szupermarketek\"}]},{\"@type\":\"WebSite\",\"@id\":\"https:\/\/www.electroluxprofessional.com\/hu\/#website\",\"url\":\"https:\/\/www.electroluxprofessional.com\/hu\/\",\"name\":\"Electrolux Professional Magyarorsz\u00e1g\",\"description\":\"\",\"potentialAction\":[{\"@type\":\"SearchAction\",\"target\":{\"@type\":\"EntryPoint\",\"urlTemplate\":\"https:\/\/www.electroluxprofessional.com\/hu\/?src={search_term_string}\"},\"query-input\":\"required name=search_term_string\"}],\"inLanguage\":\"hu\"}]}<\/script>\n<!-- \/ Yoast SEO plugin. -->","yoast_head_json":{"title":"Szupermarketek - Electrolux Professional Magyarorsz\u00e1g","description":"Megold\u00e1s minden szupermarketnek a k\u00e9sz\u00e9telek sarok sz\u00e1m\u00e1ra: Eg\u00e9sz nap frissen s\u00fclt finoms\u00e1gok Legyen a csemege az a hely, ahol \u00e1tveheti az eb\u00e9det Tegye magasra a m\u00e9rc\u00e9t friss hallal \u00e9s sushival Hozzon l\u00e9tre egy \u00faj bisztr\u00f3b\u00e1rt a v\u00e1rosban.","robots":{"index":"index","follow":"follow","max-snippet":"max-snippet:-1","max-image-preview":"max-image-preview:large","max-video-preview":"max-video-preview:-1"},"canonical":"https:\/\/www.electroluxprofessional.com\/hu\/szupermarket\/","og_locale":"hu_HU","og_type":"article","og_title":"Szupermarketek - Electrolux Professional Magyarorsz\u00e1g","og_description":"Megold\u00e1s minden szupermarketnek a k\u00e9sz\u00e9telek sarok sz\u00e1m\u00e1ra: Eg\u00e9sz nap frissen s\u00fclt finoms\u00e1gok Legyen a csemege az a hely, ahol \u00e1tveheti az eb\u00e9det Tegye magasra a m\u00e9rc\u00e9t friss hallal \u00e9s sushival Hozzon l\u00e9tre egy \u00faj bisztr\u00f3b\u00e1rt a v\u00e1rosban.","og_url":"https:\/\/www.electroluxprofessional.com\/hu\/szupermarket\/","og_site_name":"Electrolux Professional Magyarorsz\u00e1g","article_modified_time":"2025-11-05T15:02:34+00:00","og_image":[{"width":1920,"height":582,"url":"https:\/\/www.electroluxprofessional.com\/hu\/wp-content\/uploads\/2023\/06\/retail_banner_desk.jpg","type":"image\/jpeg"}],"twitter_card":"summary_large_image","twitter_misc":{"Becs\u00fclt olvas\u00e1si id\u0151":"4 perc"},"schema":{"@context":"https:\/\/schema.org","@graph":[{"@type":"WebPage","@id":"https:\/\/www.electroluxprofessional.com\/hu\/szupermarket\/","url":"https:\/\/www.electroluxprofessional.com\/hu\/szupermarket\/","name":"Szupermarketek - Electrolux Professional Magyarorsz\u00e1g","isPartOf":{"@id":"https:\/\/www.electroluxprofessional.com\/hu\/#website"},"primaryImageOfPage":{"@id":"https:\/\/www.electroluxprofessional.com\/hu\/szupermarket\/#primaryimage"},"image":{"@id":"https:\/\/www.electroluxprofessional.com\/hu\/szupermarket\/#primaryimage"},"thumbnailUrl":"https:\/\/www.electroluxprofessional.com\/hu\/wp-content\/uploads\/2023\/06\/retail_banner_desk.jpg","datePublished":"2023-06-27T12:36:44+00:00","dateModified":"2025-11-05T15:02:34+00:00","description":"Megold\u00e1s minden szupermarketnek a k\u00e9sz\u00e9telek sarok sz\u00e1m\u00e1ra: Eg\u00e9sz nap frissen s\u00fclt finoms\u00e1gok Legyen a csemege az a hely, ahol \u00e1tveheti az eb\u00e9det Tegye magasra a m\u00e9rc\u00e9t friss hallal \u00e9s sushival Hozzon l\u00e9tre egy \u00faj bisztr\u00f3b\u00e1rt a v\u00e1rosban.","breadcrumb":{"@id":"https:\/\/www.electroluxprofessional.com\/hu\/szupermarket\/#breadcrumb"},"inLanguage":"hu","potentialAction":[{"@type":"ReadAction","target":["https:\/\/www.electroluxprofessional.com\/hu\/szupermarket\/"]}]},{"@type":"ImageObject","inLanguage":"hu","@id":"https:\/\/www.electroluxprofessional.com\/hu\/szupermarket\/#primaryimage","url":"https:\/\/www.electroluxprofessional.com\/hu\/wp-content\/uploads\/2023\/06\/retail_banner_desk.jpg","contentUrl":"https:\/\/www.electroluxprofessional.com\/hu\/wp-content\/uploads\/2023\/06\/retail_banner_desk.jpg","width":1920,"height":582,"caption":"retail_banner_desk"},{"@type":"BreadcrumbList","@id":"https:\/\/www.electroluxprofessional.com\/hu\/szupermarket\/#breadcrumb","itemListElement":[{"@type":"ListItem","position":1,"name":"Home","item":"https:\/\/www.electroluxprofessional.com\/hu\/"},{"@type":"ListItem","position":2,"name":"Szupermarketek"}]},{"@type":"WebSite","@id":"https:\/\/www.electroluxprofessional.com\/hu\/#website","url":"https:\/\/www.electroluxprofessional.com\/hu\/","name":"Electrolux Professional Magyarorsz\u00e1g","description":"","potentialAction":[{"@type":"SearchAction","target":{"@type":"EntryPoint","urlTemplate":"https:\/\/www.electroluxprofessional.com\/hu\/?src={search_term_string}"},"query-input":"required name=search_term_string"}],"inLanguage":"hu"}]}},"_links":{"self":[{"href":"https:\/\/www.electroluxprofessional.com\/hu\/wp-json\/wp\/v2\/pages\/7549"}],"collection":[{"href":"https:\/\/www.electroluxprofessional.com\/hu\/wp-json\/wp\/v2\/pages"}],"about":[{"href":"https:\/\/www.electroluxprofessional.com\/hu\/wp-json\/wp\/v2\/types\/page"}],"author":[{"embeddable":true,"href":"https:\/\/www.electroluxprofessional.com\/hu\/wp-json\/wp\/v2\/users\/53"}],"replies":[{"embeddable":true,"href":"https:\/\/www.electroluxprofessional.com\/hu\/wp-json\/wp\/v2\/comments?post=7549"}],"version-history":[{"count":8,"href":"https:\/\/www.electroluxprofessional.com\/hu\/wp-json\/wp\/v2\/pages\/7549\/revisions"}],"predecessor-version":[{"id":9355,"href":"https:\/\/www.electroluxprofessional.com\/hu\/wp-json\/wp\/v2\/pages\/7549\/revisions\/9355"}],"wp:featuredmedia":[{"embeddable":true,"href":"https:\/\/www.electroluxprofessional.com\/hu\/wp-json\/wp\/v2\/media\/7540"}],"wp:attachment":[{"href":"https:\/\/www.electroluxprofessional.com\/hu\/wp-json\/wp\/v2\/media?parent=7549"}],"curies":[{"name":"wp","href":"https:\/\/api.w.org\/{rel}","templated":true}]}}