{"id":7509,"date":"2023-06-25T20:23:42","date_gmt":"2023-06-25T20:23:42","guid":{"rendered":"https:\/\/www.electroluxprofessional.com\/hu\/?page_id=7509"},"modified":"2023-10-10T08:33:42","modified_gmt":"2023-10-10T08:33:42","slug":"akcio-mosogatas","status":"publish","type":"page","link":"https:\/\/www.electroluxprofessional.com\/hu\/akcio-mosogatas\/","title":{"rendered":"Mosogat\u00f3g\u00e9p akci\u00f3"},"content":{"rendered":"<p>[vc_row full_width=&#8221;electroluxpro-full-width-no-padding&#8221;][vc_column css=&#8221;.vc_custom_1618358802266{margin-top: -40px !important;border-top-width: -40px !important;padding-top: -40px !important;}&#8221;][elx_full_banner title=&#8221;Akci\u00f3 &#8211; mosogat\u00e1s&#8221; background_image_media_library=&#8221;7508&#8243; background_image_media_library_mobile=&#8221;116179&#8243; link=&#8221;url:%23contact|title:Tudjon%20meg%20t%C3%B6bbet&#8221;][\/vc_column][\/vc_row][vc_row][vc_column][vc_column_text]<\/p>\n<h3 style=\"text-align: center;\">Mosogat\u00f3g\u00e9p akci\u00f3<\/h3>\n<p style=\"text-align: center;\"><strong>Akci\u00f3 id\u0151tartama j\u00fanius 30<\/strong><\/p>\n<p style=\"text-align: center;\">Takar\u00edtson meg energi\u00e1t, vizet \u00e9s mos\u00f3szert, mik\u00f6zben t\u00f6k\u00e9let \u00e9s teljes higi\u00e9ni\u00e1t biztos\u00edt<\/p>\n<p style=\"text-align: center;\"><a href=\"https:\/\/www.electroluxprofessional.com\/hu\/wp-content\/uploads\/2023\/10\/Dishwashing-promotion-leaflet-2023-HU-ext.pdf\" target=\"_blank\" rel=\"noopener\">Prom\u00f3ci\u00f3<\/a><\/p>\n<p style=\"text-align: center;\"><span class=\"ui-provider ix b c d e f g h i j k l m n o p q r s t u v w x y z ab ac ae af ag ah ai aj ak\" dir=\"ltr\">\u00a0<\/span><\/p>\n<p>[\/vc_column_text][vc_empty_space height=&#8221;100px&#8221;][\/vc_column][\/vc_row][vc_row][vc_column width=&#8221;1\/4&#8243;][vc_single_image image=&#8221;7503&#8243; img_size=&#8221;full&#8221; css_animation=&#8221;none&#8221;][elx_heading font_size=&#8221;h5&#8243; text_color=&#8221;inherit&#8221; text_align=&#8221;text-center&#8221;]Kalapos mosogat\u00f3g\u00e9p[\/elx_heading][vc_empty_space height=&#8221;10px&#8221;][\/vc_column][vc_column width=&#8221;1\/4&#8243;][vc_single_image image=&#8221;7504&#8243; img_size=&#8221;full&#8221; alignment=&#8221;center&#8221; css_animation=&#8221;none&#8221;][elx_heading font_size=&#8221;h5&#8243; text_color=&#8221;inherit&#8221; text_align=&#8221;text-center&#8221;]Poh\u00e1rmosogat\u00f3g\u00e9p &#8211; szigetelt[\/elx_heading][vc_empty_space height=&#8221;10px&#8221;][\/vc_column][vc_column width=&#8221;1\/4&#8243;][vc_single_image image=&#8221;7505&#8243; img_size=&#8221;large&#8221; alignment=&#8221;center&#8221;][elx_heading font_size=&#8221;h5&#8243; text_color=&#8221;inherit&#8221; text_align=&#8221;text-center&#8221;]Pult alatti t\u00e1ny\u00e9rmosogat\u00f3g\u00e9p[\/elx_heading][vc_empty_space height=&#8221;10px&#8221;][\/vc_column][vc_column width=&#8221;1\/4&#8243;][vc_single_image image=&#8221;7506&#8243; img_size=&#8221;medium&#8221; alignment=&#8221;center&#8221;][elx_heading font_size=&#8221;h5&#8243; text_color=&#8221;inherit&#8221; text_align=&#8221;text-center&#8221;]Poh\u00e1rmosogat\u00f3g\u00e9p [\/elx_heading][vc_empty_space height=&#8221;10px&#8221;][\/vc_column][\/vc_row][vc_row][vc_column width=&#8221;1\/4&#8243;][elx_heading font_container=&#8221;h6&#8243; font_size=&#8221;h6&#8243; text_color=&#8221;inherit&#8221; text_align=&#8221;text-center&#8221;]KOD 505089[\/elx_heading][elx_heading font_container=&#8221;h6&#8243; font_size=&#8221;h6&#8243; text_color=&#8221;inherit&#8221; text_align=&#8221;text-center&#8221;]Akci\u00f3s \u00e1r: 2.920 \u20ac[\/elx_heading][vc_column_text]<\/p>\n<p style=\"text-align: center;\"><a href=\"https:\/\/tools.electroluxprofessional.com\/Mirror\/Doc\/MAD2\/Electrolux%20Professional\/Croatian\/Hood%20Type%20Dishwasher%20-%2080r-hr_505089_Croatian.pdf?version=1682885838\" target=\"_blank\" rel=\"noopener\"><span class=\"ui-provider gp b c d e f g h i j k l m n o p q r s t u v w x y z ab ac ae af ag ah ai aj ak\" dir=\"ltr\">Adatlapok\u00a0<\/span><\/a><\/p>\n<p>[\/vc_column_text][vc_empty_space height=&#8221;10px&#8221;][\/vc_column][vc_column width=&#8221;1\/4&#8243;][elx_heading font_container=&#8221;h6&#8243; font_size=&#8221;h6&#8243; text_color=&#8221;inherit&#8221; text_align=&#8221;text-center&#8221;]KOD 402202[\/elx_heading][elx_heading font_container=&#8221;h6&#8243; font_size=&#8221;h6&#8243; text_color=&#8221;inherit&#8221; text_align=&#8221;text-center&#8221;]Akci\u00f3s \u00e1r: 1.535 \u20ac[\/elx_heading][vc_column_text]<\/p>\n<p style=\"text-align: center;\"><a href=\"https:\/\/tools.electroluxprofessional.com\/Mirror\/Doc\/MAD2\/Electrolux%20Professional\/Croatian\/402202_Small%20Double%20Skin%20Glasswasher,%201%20cycle,%20drain%20pump,%20detergent%20and%20rinse%20aid%20dispensers,%2030b_h.pdf?version=1682885885\" target=\"_blank\" rel=\"noopener\"><span class=\"ui-provider gp b c d e f g h i j k l m n o p q r s t u v w x y z ab ac ae af ag ah ai aj ak\" dir=\"ltr\">Adatlapok\u00a0<\/span><\/a><\/p>\n<p>[\/vc_column_text][vc_empty_space height=&#8221;10px&#8221;][\/vc_column][vc_column width=&#8221;1\/4&#8243;][elx_heading font_container=&#8221;h6&#8243; font_size=&#8221;h6&#8243; text_color=&#8221;inherit&#8221; text_align=&#8221;text-center&#8221;]KOD 400258[\/elx_heading][elx_heading font_container=&#8221;h6&#8243; font_size=&#8221;h6&#8243; text_color=&#8221;inherit&#8221; text_align=&#8221;text-center&#8221;]Akci\u00f3s \u00e1r: 1.635 \u20ac[\/elx_heading][vc_column_text]<\/p>\n<p style=\"text-align: center;\"><a href=\"https:\/\/tools.electroluxprofessional.com\/Mirror\/Doc\/MAD2\/Electrolux%20Professional\/Croatian\/400258_Undercounter%20Dishwasher,%20single%20skin,%20built-in%20drain%20pump%20and%20rinse%20aid%20dispenser,%20540d_h_Cro.pdf?version=1682885914\" target=\"_blank\" rel=\"noopener\"><span class=\"ui-provider gp b c d e f g h i j k l m n o p q r s t u v w x y z ab ac ae af ag ah ai aj ak\" dir=\"ltr\">Adatlapok<\/span><\/a><\/p>\n<p>[\/vc_column_text][vc_empty_space height=&#8221;10px&#8221;][\/vc_column][vc_column width=&#8221;1\/4&#8243;][elx_heading font_container=&#8221;h6&#8243; font_size=&#8221;h6&#8243; text_color=&#8221;inherit&#8221; text_align=&#8221;text-center&#8221;]KOD 402290[\/elx_heading][elx_heading font_container=&#8221;h6&#8243; font_size=&#8221;h6&#8243; text_color=&#8221;inherit&#8221; text_align=&#8221;text-center&#8221;]Akci\u00f3s \u00e1r: 1.210 \u20ac[\/elx_heading][vc_column_text]<\/p>\n<p style=\"text-align: center;\"><a href=\"https:\/\/tools.electroluxprofessional.com\/Mirror\/Doc\/MAD2\/Electrolux%20Professional\/Croatian\/402290_Small%20Single%20Skin%20GW,%20drain%20pump%20&amp;%20detergent%20&amp;%20rinse%20aid%20dispenser,%2030b_h_Croatian.pdf?version=1682885954\" target=\"_blank\" rel=\"noopener\"><span class=\"ui-provider gp b c d e f g h i j k l m n o p q r s t u v w x y z ab ac ae af ag ah ai aj ak\" dir=\"ltr\">Adatlapok <\/span><\/a><\/p>\n<p>[\/vc_column_text][vc_empty_space height=&#8221;10px&#8221;][\/vc_column][\/vc_row][vc_row][vc_column][vc_empty_space height=&#8221;50px&#8221;][\/vc_column][\/vc_row][vc_row][vc_column][elx_heading font_container=&#8221;h4&#8243; font_size=&#8221;h3&#8243; text_color=&#8221;inherit&#8221; text_align=&#8221;text-center&#8221;]Tudjon meg t\u00f6bbet[\/elx_heading][\/vc_column][\/vc_row][vc_row disable_element=&#8221;yes&#8221;][vc_column width=&#8221;1\/3&#8243;][elx_maylike_box id_box=&#8221;7507&#8243;][\/vc_column][vc_column width=&#8221;1\/3&#8243;][elx_maylike_box id_box=&#8221;4082&#8243;][\/vc_column][vc_column width=&#8221;1\/3&#8243;][elx_maylike_box id_box=&#8221;4147&#8243; link_target=&#8221;blank&#8221;][\/vc_column][\/vc_row][vc_row el_id=&#8221;contact&#8221;][vc_column][vc_empty_space][elx_heading font_container=&#8221;h3&#8243; text_color=&#8221;inherit&#8221; text_align=&#8221;text-center&#8221;]Vegye fel velem a kapcsolatot a tov\u00e1bbi inform\u00e1ci\u00f3kkal vagy a prom\u00f3ci\u00f3s programokkal[\/elx_heading][elx_o2000_contact_us s=&#8221;K\u00e9rjen tov\u00e1bbi inform\u00e1ci\u00f3t a 2023-as mosogat\u00f3g\u00e9p prom\u00f3ci\u00f3r\u00f3l.&#8221; campaign=&#8221;7015p000001ZleeAAC&#8221; flag_campaign=&#8221;true&#8221; country=&#8221;Hungary&#8221; b=&#8221;food&#8221; container=&#8221;elxcontactus1484304163&#8243; r=&#8221;Szeretn\u00e9k t\u00f6bbet megtudni a 2023-as akci\u00f3ban szerepl\u0151 mosogat\u00f3g\u00e9pek k\u00edn\u00e1lat\u00e1r\u00f3l K\u00e9rem keressen.&#8221;][vc_empty_space][\/vc_column][\/vc_row][vc_row][vc_column][vc_column_text][\/vc_column_text][\/vc_column][\/vc_row]<\/p>\n","protected":false},"excerpt":{"rendered":"<p>[vc_row full_width=&#8221;electroluxpro-full-width-no-padding&#8221;][vc_column css=&#8221;.vc_custom_1618358802266{margin-top: -40px !important;border-top-width: -40px !important;padding-top: -40px !important;}&#8221;][elx_full_banner title=&#8221;Akci\u00f3 &#8211; mosogat\u00e1s&#8221; background_image_media_library=&#8221;7508&#8243; background_image_media_library_mobile=&#8221;116179&#8243; link=&#8221;url:%23contact|title:Tudjon%20meg%20t%C3%B6bbet&#8221;][\/vc_column][\/vc_row][vc_row][vc_column][vc_column_text] Mosogat\u00f3g\u00e9p akci\u00f3 Akci\u00f3 id\u0151tartama j\u00fanius 30 Takar\u00edtson meg energi\u00e1t, vizet \u00e9s mos\u00f3szert, mik\u00f6zben t\u00f6k\u00e9let \u00e9s teljes higi\u00e9ni\u00e1t biztos\u00edt Prom\u00f3ci\u00f3 \u00a0 [\/vc_column_text][vc_empty_space height=&#8221;100px&#8221;][\/vc_column][\/vc_row][vc_row][vc_column width=&#8221;1\/4&#8243;][vc_single_image image=&#8221;7503&#8243; img_size=&#8221;full&#8221; css_animation=&#8221;none&#8221;][elx_heading font_size=&#8221;h5&#8243; text_color=&#8221;inherit&#8221; text_align=&#8221;text-center&#8221;]Kalapos mosogat\u00f3g\u00e9p[\/elx_heading][vc_empty_space height=&#8221;10px&#8221;][\/vc_column][vc_column width=&#8221;1\/4&#8243;][vc_single_image image=&#8221;7504&#8243; img_size=&#8221;full&#8221; alignment=&#8221;center&#8221; css_animation=&#8221;none&#8221;][elx_heading font_size=&#8221;h5&#8243; text_color=&#8221;inherit&#8221; text_align=&#8221;text-center&#8221;]Poh\u00e1rmosogat\u00f3g\u00e9p &#8211; [&hellip;]<\/p>\n","protected":false},"author":53,"featured_media":0,"parent":0,"menu_order":0,"comment_status":"closed","ping_status":"closed","template":"","meta":{"footnotes":""},"class_list":["post-7509","page","type-page","status-publish","hentry"],"yoast_head":"<!-- This site is optimized with the Yoast SEO plugin v23.3 - https:\/\/yoast.com\/wordpress\/plugins\/seo\/ -->\n<title>Mosogat\u00f3g\u00e9p akci\u00f3 - Electrolux Professional Magyarorsz\u00e1g<\/title>\n<meta name=\"robots\" content=\"index, follow, max-snippet:-1, max-image-preview:large, max-video-preview:-1\" \/>\n<link rel=\"canonical\" href=\"https:\/\/www.electroluxprofessional.com\/hu\/akcio-mosogatas\/\" \/>\n<meta property=\"og:locale\" content=\"hu_HU\" \/>\n<meta property=\"og:type\" content=\"article\" \/>\n<meta property=\"og:title\" content=\"Mosogat\u00f3g\u00e9p akci\u00f3 - Electrolux Professional Magyarorsz\u00e1g\" \/>\n<meta property=\"og:description\" content=\"[vc_row full_width=&#8221;electroluxpro-full-width-no-padding&#8221;][vc_column css=&#8221;.vc_custom_1618358802266{margin-top: -40px !important;border-top-width: -40px !important;padding-top: -40px !important;}&#8221;][elx_full_banner title=&#8221;Akci\u00f3 &#8211; mosogat\u00e1s&#8221; background_image_media_library=&#8221;7508&#8243; background_image_media_library_mobile=&#8221;116179&#8243; link=&#8221;url:%23contact|title:Tudjon%20meg%20t%C3%B6bbet&#8221;][\/vc_column][\/vc_row][vc_row][vc_column][vc_column_text] Mosogat\u00f3g\u00e9p akci\u00f3 Akci\u00f3 id\u0151tartama j\u00fanius 30 Takar\u00edtson meg energi\u00e1t, vizet \u00e9s mos\u00f3szert, mik\u00f6zben t\u00f6k\u00e9let \u00e9s teljes higi\u00e9ni\u00e1t biztos\u00edt Prom\u00f3ci\u00f3 \u00a0 [\/vc_column_text][vc_empty_space height=&#8221;100px&#8221;][\/vc_column][\/vc_row][vc_row][vc_column width=&#8221;1\/4&#8243;][vc_single_image image=&#8221;7503&#8243; img_size=&#8221;full&#8221; css_animation=&#8221;none&#8221;][elx_heading font_size=&#8221;h5&#8243; text_color=&#8221;inherit&#8221; text_align=&#8221;text-center&#8221;]Kalapos mosogat\u00f3g\u00e9p[\/elx_heading][vc_empty_space height=&#8221;10px&#8221;][\/vc_column][vc_column width=&#8221;1\/4&#8243;][vc_single_image image=&#8221;7504&#8243; img_size=&#8221;full&#8221; alignment=&#8221;center&#8221; css_animation=&#8221;none&#8221;][elx_heading font_size=&#8221;h5&#8243; text_color=&#8221;inherit&#8221; text_align=&#8221;text-center&#8221;]Poh\u00e1rmosogat\u00f3g\u00e9p &#8211; [&hellip;]\" \/>\n<meta property=\"og:url\" content=\"https:\/\/www.electroluxprofessional.com\/hu\/akcio-mosogatas\/\" \/>\n<meta property=\"og:site_name\" content=\"Electrolux Professional Magyarorsz\u00e1g\" \/>\n<meta property=\"article:modified_time\" content=\"2023-10-10T08:33:42+00:00\" \/>\n<meta name=\"twitter:card\" content=\"summary_large_image\" \/>\n<meta name=\"twitter:label1\" content=\"Becs\u00fclt olvas\u00e1si id\u0151\" \/>\n\t<meta name=\"twitter:data1\" content=\"1 perc\" \/>\n<script type=\"application\/ld+json\" class=\"yoast-schema-graph\">{\"@context\":\"https:\/\/schema.org\",\"@graph\":[{\"@type\":\"WebPage\",\"@id\":\"https:\/\/www.electroluxprofessional.com\/hu\/akcio-mosogatas\/\",\"url\":\"https:\/\/www.electroluxprofessional.com\/hu\/akcio-mosogatas\/\",\"name\":\"Mosogat\u00f3g\u00e9p akci\u00f3 - Electrolux Professional Magyarorsz\u00e1g\",\"isPartOf\":{\"@id\":\"https:\/\/www.electroluxprofessional.com\/hu\/#website\"},\"datePublished\":\"2023-06-25T20:23:42+00:00\",\"dateModified\":\"2023-10-10T08:33:42+00:00\",\"breadcrumb\":{\"@id\":\"https:\/\/www.electroluxprofessional.com\/hu\/akcio-mosogatas\/#breadcrumb\"},\"inLanguage\":\"hu\",\"potentialAction\":[{\"@type\":\"ReadAction\",\"target\":[\"https:\/\/www.electroluxprofessional.com\/hu\/akcio-mosogatas\/\"]}]},{\"@type\":\"BreadcrumbList\",\"@id\":\"https:\/\/www.electroluxprofessional.com\/hu\/akcio-mosogatas\/#breadcrumb\",\"itemListElement\":[{\"@type\":\"ListItem\",\"position\":1,\"name\":\"Home\",\"item\":\"https:\/\/www.electroluxprofessional.com\/hu\/\"},{\"@type\":\"ListItem\",\"position\":2,\"name\":\"Mosogat\u00f3g\u00e9p akci\u00f3\"}]},{\"@type\":\"WebSite\",\"@id\":\"https:\/\/www.electroluxprofessional.com\/hu\/#website\",\"url\":\"https:\/\/www.electroluxprofessional.com\/hu\/\",\"name\":\"Electrolux Professional Magyarorsz\u00e1g\",\"description\":\"\",\"potentialAction\":[{\"@type\":\"SearchAction\",\"target\":{\"@type\":\"EntryPoint\",\"urlTemplate\":\"https:\/\/www.electroluxprofessional.com\/hu\/?src={search_term_string}\"},\"query-input\":\"required name=search_term_string\"}],\"inLanguage\":\"hu\"}]}<\/script>\n<!-- \/ Yoast SEO plugin. -->","yoast_head_json":{"title":"Mosogat\u00f3g\u00e9p akci\u00f3 - Electrolux Professional Magyarorsz\u00e1g","robots":{"index":"index","follow":"follow","max-snippet":"max-snippet:-1","max-image-preview":"max-image-preview:large","max-video-preview":"max-video-preview:-1"},"canonical":"https:\/\/www.electroluxprofessional.com\/hu\/akcio-mosogatas\/","og_locale":"hu_HU","og_type":"article","og_title":"Mosogat\u00f3g\u00e9p akci\u00f3 - Electrolux Professional Magyarorsz\u00e1g","og_description":"[vc_row full_width=&#8221;electroluxpro-full-width-no-padding&#8221;][vc_column css=&#8221;.vc_custom_1618358802266{margin-top: -40px !important;border-top-width: -40px !important;padding-top: -40px !important;}&#8221;][elx_full_banner title=&#8221;Akci\u00f3 &#8211; mosogat\u00e1s&#8221; background_image_media_library=&#8221;7508&#8243; background_image_media_library_mobile=&#8221;116179&#8243; link=&#8221;url:%23contact|title:Tudjon%20meg%20t%C3%B6bbet&#8221;][\/vc_column][\/vc_row][vc_row][vc_column][vc_column_text] Mosogat\u00f3g\u00e9p akci\u00f3 Akci\u00f3 id\u0151tartama j\u00fanius 30 Takar\u00edtson meg energi\u00e1t, vizet \u00e9s mos\u00f3szert, mik\u00f6zben t\u00f6k\u00e9let \u00e9s teljes higi\u00e9ni\u00e1t biztos\u00edt Prom\u00f3ci\u00f3 \u00a0 [\/vc_column_text][vc_empty_space height=&#8221;100px&#8221;][\/vc_column][\/vc_row][vc_row][vc_column width=&#8221;1\/4&#8243;][vc_single_image image=&#8221;7503&#8243; img_size=&#8221;full&#8221; css_animation=&#8221;none&#8221;][elx_heading font_size=&#8221;h5&#8243; text_color=&#8221;inherit&#8221; text_align=&#8221;text-center&#8221;]Kalapos mosogat\u00f3g\u00e9p[\/elx_heading][vc_empty_space height=&#8221;10px&#8221;][\/vc_column][vc_column width=&#8221;1\/4&#8243;][vc_single_image image=&#8221;7504&#8243; img_size=&#8221;full&#8221; alignment=&#8221;center&#8221; css_animation=&#8221;none&#8221;][elx_heading font_size=&#8221;h5&#8243; text_color=&#8221;inherit&#8221; text_align=&#8221;text-center&#8221;]Poh\u00e1rmosogat\u00f3g\u00e9p &#8211; [&hellip;]","og_url":"https:\/\/www.electroluxprofessional.com\/hu\/akcio-mosogatas\/","og_site_name":"Electrolux Professional Magyarorsz\u00e1g","article_modified_time":"2023-10-10T08:33:42+00:00","twitter_card":"summary_large_image","twitter_misc":{"Becs\u00fclt olvas\u00e1si id\u0151":"1 perc"},"schema":{"@context":"https:\/\/schema.org","@graph":[{"@type":"WebPage","@id":"https:\/\/www.electroluxprofessional.com\/hu\/akcio-mosogatas\/","url":"https:\/\/www.electroluxprofessional.com\/hu\/akcio-mosogatas\/","name":"Mosogat\u00f3g\u00e9p akci\u00f3 - Electrolux Professional Magyarorsz\u00e1g","isPartOf":{"@id":"https:\/\/www.electroluxprofessional.com\/hu\/#website"},"datePublished":"2023-06-25T20:23:42+00:00","dateModified":"2023-10-10T08:33:42+00:00","breadcrumb":{"@id":"https:\/\/www.electroluxprofessional.com\/hu\/akcio-mosogatas\/#breadcrumb"},"inLanguage":"hu","potentialAction":[{"@type":"ReadAction","target":["https:\/\/www.electroluxprofessional.com\/hu\/akcio-mosogatas\/"]}]},{"@type":"BreadcrumbList","@id":"https:\/\/www.electroluxprofessional.com\/hu\/akcio-mosogatas\/#breadcrumb","itemListElement":[{"@type":"ListItem","position":1,"name":"Home","item":"https:\/\/www.electroluxprofessional.com\/hu\/"},{"@type":"ListItem","position":2,"name":"Mosogat\u00f3g\u00e9p akci\u00f3"}]},{"@type":"WebSite","@id":"https:\/\/www.electroluxprofessional.com\/hu\/#website","url":"https:\/\/www.electroluxprofessional.com\/hu\/","name":"Electrolux Professional Magyarorsz\u00e1g","description":"","potentialAction":[{"@type":"SearchAction","target":{"@type":"EntryPoint","urlTemplate":"https:\/\/www.electroluxprofessional.com\/hu\/?src={search_term_string}"},"query-input":"required name=search_term_string"}],"inLanguage":"hu"}]}},"_links":{"self":[{"href":"https:\/\/www.electroluxprofessional.com\/hu\/wp-json\/wp\/v2\/pages\/7509"}],"collection":[{"href":"https:\/\/www.electroluxprofessional.com\/hu\/wp-json\/wp\/v2\/pages"}],"about":[{"href":"https:\/\/www.electroluxprofessional.com\/hu\/wp-json\/wp\/v2\/types\/page"}],"author":[{"embeddable":true,"href":"https:\/\/www.electroluxprofessional.com\/hu\/wp-json\/wp\/v2\/users\/53"}],"replies":[{"embeddable":true,"href":"https:\/\/www.electroluxprofessional.com\/hu\/wp-json\/wp\/v2\/comments?post=7509"}],"version-history":[{"count":7,"href":"https:\/\/www.electroluxprofessional.com\/hu\/wp-json\/wp\/v2\/pages\/7509\/revisions"}],"predecessor-version":[{"id":7616,"href":"https:\/\/www.electroluxprofessional.com\/hu\/wp-json\/wp\/v2\/pages\/7509\/revisions\/7616"}],"wp:attachment":[{"href":"https:\/\/www.electroluxprofessional.com\/hu\/wp-json\/wp\/v2\/media?parent=7509"}],"curies":[{"name":"wp","href":"https:\/\/api.w.org\/{rel}","templated":true}]}}