{"id":6687,"date":"2016-11-03T16:24:55","date_gmt":"2016-11-03T15:24:55","guid":{"rendered":"https:\/\/www.electroluxprofessional.com\/?page_id=3901"},"modified":"2026-04-09T13:18:09","modified_gmt":"2026-04-09T13:18:09","slug":"thermaline-fozosorok-2","status":"publish","type":"page","link":"https:\/\/www.electroluxprofessional.com\/hu\/thermaline-fozosorok-2\/","title":{"rendered":"thermaline fozosorok"},"content":{"rendered":"<p>[vc_row full_width=&#8221;electroluxpro-full-width-no-padding&#8221;][vc_column][elx_image_block background_image=&#8221;6676&#8243; minimum_height=&#8221;350px&#8221;][\/vc_column][\/vc_row][vc_row][vc_column][vc_column_text]<\/p>\n<h1 style=\"text-align: center; color: #cea941;\">1871 &#8211; 2021<\/h1>\n<h2 style=\"text-align: center;\">150 \u00e9ves \u00e9vfordul\u00f3!<\/h2>\n<p>[\/vc_column_text][vc_empty_space][\/vc_column][\/vc_row][vc_row][vc_column][elx_heading font_container=&#8221;h1&#8243; font_size=&#8221;h3&#8243; text_color=&#8221;inherit&#8221; text_align=&#8221;text-left&#8221;]therma<em>line<\/em> M2M made to measure<br \/>\n[\/elx_heading][vc_column_text]<\/p>\n<h2 class=\" inherit inherit text-center\" style=\"text-align: left;\">1871 \u00f3ta.<br \/>\nGy\u00e1rt\u00e1s, prec\u00edzi\u00f3 \u00e9s trad\u00edci\u00f3 t\u00f6bb, mint 100 \u00e9ve.<\/h2>\n<p>[\/vc_column_text][\/vc_column][\/vc_row][vc_row][vc_column width=&#8221;2\/3&#8243;][vc_empty_space height=&#8221;50px&#8221;][vc_single_image image=&#8221;6679&#8243; img_size=&#8221;full&#8221; alignment=&#8221;center&#8221;][\/vc_column][vc_column width=&#8221;1\/3&#8243;][elx_heading font_size=&#8221;h3&#8243; text_color=&#8221;inherit&#8221;]therma<i>line<\/i> M2M[\/elx_heading][elx_heading font_container=&#8221;h3&#8243; font_size=&#8221;h5&#8243; text_color=&#8221;inherit&#8221;]\u00c1ll\u00edtsa \u00f6ssze ide\u00e1lis konyh\u00e1j\u00e1t[\/elx_heading][vc_column_text]A Made to Measure lehet\u0151v\u00e9 teszi, hogy a legnagyobb s\u00e9fek sz\u00e1m\u00e1ra egy \u00f6tcsillagos sz\u00e1llod\u00e1hoz \u00e9s fine dining \u00e9tteremhez ill\u0151 f\u0151z\u0151sort aj\u00e1nljunk, amely a legfrissebb professzion\u00e1lis technol\u00f3gi\u00e1val rendelkezik.[\/vc_column_text][elx_heading font_container=&#8221;h3&#8243; font_size=&#8221;h5&#8243; text_color=&#8221;inherit&#8221;]Red Dot Award d\u00edj a gy\u00f6ny\u00f6r\u0171 diz\u00e1jn\u00e9rt[\/elx_heading][vc_column_text]2014-ben a<strong>\u00a0therma<em>line<\/em>\u00a0M2M elnyerte\u00a0<\/strong>a szakma Oscar-d\u00edj\u00e1nak sz\u00e1m\u00edt\u00f3<strong>\u00a0Red Dot\u00a0d\u00edjat,\u00a0<\/strong>amellyel az egyedi, sz\u00e9p \u00e9s praktikus formatervet jutalmazt\u00e1k.[\/vc_column_text][\/vc_column][\/vc_row][vc_row][vc_column][vc_empty_space][\/vc_column][\/vc_row][vc_row content_placement=&#8221;top&#8221;][vc_column width=&#8221;1\/2&#8243;][vc_single_image image=&#8221;6680&#8243; img_size=&#8221;full&#8221;][elx_heading font_size=&#8221;h3&#8243; text_color=&#8221;inherit&#8221; text_align=&#8221;text-left&#8221; css=&#8221;.vc_custom_1633510114094{padding-top: 50px !important;padding-bottom: 50px !important;}&#8221;]therma<em>line<\/em> modul 80 &amp; 90<br \/>\n[\/elx_heading][vc_column_text]<\/p>\n<ul>\n<li>A thermaline modul f\u0151z\u0151berendez\u00e9sei\u00a0<strong>er\u0151s bels\u0151 kerettel<\/strong>\u00a0rendelkeznek, amelyek ellen\u00e1llnak az \u00fct\u0151d\u00e9seknek \u00e9s a korr\u00f3zi\u00f3nak<\/li>\n<li><strong>A s\u00fct\u0151-f\u0151z\u0151lap\u00a0<\/strong>lehet\u0151v\u00e9 teszi ed\u00e9ny vagy serpeny\u0151 haszn\u00e1lat\u00e1t, valamint a k\u00f6zvetlen\u00fcl a f\u0151z\u0151fel\u00fcleten t\u00f6rt\u00e9n\u0151 f\u0151z\u00e9st\/s\u00fct\u00e9st, egy id\u0151ben.<\/li>\n<li>Az egyedi megvil\u00e1g\u00edt\u00e1s\u00fa \u00fcveg kijelz\u0151 \u00e9s a kit\u0171n\u0151en l\u00e1that\u00f3 LED sz\u00e1moknak k\u00f6sz\u00f6nhet\u0151en minden folyamat teljesen j\u00f3l leolvashat\u00f3, kontroll\u00e1lhat\u00f3.<\/li>\n<li>A k\u00e9sz\u00fcl\u00e9kek k\u00f6z\u00f6tti h\u00e9zagmentes illeszt\u00e9sek \u2013 Thermodul (ProThermetic f\u0151z\u0151\u00fcst\u00f6ket \u00e9s pir\u00edt\u00f3serpeny\u0151ket is bele\u00e9rtve)\u00a0<strong>megakad\u00e1lyozz\u00e1k a folyad\u00e9kok besziv\u00e1rg\u00e1s\u00e1t.<\/strong><\/li>\n<li><\/li>\n<\/ul>\n<p>[\/vc_column_text][\/vc_column][vc_column width=&#8221;1\/2&#8243;][vc_single_image image=&#8221;6681&#8243; img_size=&#8221;full&#8221;][elx_heading font_size=&#8221;h3&#8243; text_color=&#8221;inherit&#8221; text_align=&#8221;text-left&#8221; css=&#8221;.vc_custom_1633510143816{padding-top: 50px !important;padding-bottom: 50px !important;}&#8221;]therma<em>line<\/em> modul 85<br \/>\n[\/elx_heading][vc_column_text]A legflexibilisebb modul\u00e1ris f\u0151z\u0151rendszer sz\u00e1mos konfigur\u00e1ci\u00f3t k\u00edn\u00e1l (faln\u00e1l \u00e1ll\u00f3 \u00e9s back-to-back).[\/vc_column_text][vc_row_inner][vc_column_inner width=&#8221;1\/2&#8243;][elx_download_block text=&#8221;therma<em>line<\/em> modul 80 i 90&#8243; document_type=&#8221;brochures&#8221; link=&#8221;files.professional.electrolux.com\/docs\/?n=BR-9JEHT&amp;b=5&amp;l=1&#8243; background_color=&#8221;orange&#8221; reveal_effect=&#8221;&#8221; reveal_duration=&#8221;&#8221; reveal_delay=&#8221;&#8221; br_document_number=&#8221;BR-9JE00137&#8243;][\/vc_column_inner][vc_column_inner width=&#8221;1\/2&#8243;][elx_download_block text=&#8221;therma<em>line<\/em> modul 85&#8243; document_type=&#8221;brochures&#8221; link=&#8221;files.professional.electrolux.com\/docs\/?n=BR-9JEHU&amp;b=5&amp;l=1&#8243; background_color=&#8221;orange&#8221; reveal_effect=&#8221;&#8221; reveal_duration=&#8221;&#8221; reveal_delay=&#8221;&#8221; br_document_number=&#8221;BR-9JE00135&#8243;][\/vc_column_inner][\/vc_row_inner][\/vc_column][\/vc_row][vc_row][vc_column][vc_empty_space height=&#8221;50px&#8221;][vc_row_inner][vc_column_inner width=&#8221;1\/3&#8243;][vc_empty_space height=&#8221;42px&#8221;][elx_heading font_size=&#8221;h3&#8243; text_color=&#8221;inherit&#8221; text_align=&#8221;text-center&#8221;][\/elx_heading][vc_column_text][\/vc_column_text][\/vc_column_inner][vc_column_inner width=&#8221;1\/3&#8243;][elx_download_block text=&#8221;bro\u0161ura za thermaline&#8221; document_type=&#8221;brochures&#8221; link=&#8221;files.professional.electrolux.com\/docs\/?n=BR-9JE00020&amp;b=5&amp;l=1&#8243; background_color=&#8221;electrolux-blue&#8221; background_hover_color=&#8221;lighter-hover&#8221; background_image=&#8221;6677&#8243; br_document_number=&#8221;BR-9JE00020&#8243;][elx_download_block text=&#8221;thermaline izra\u0111en po mjeri-MADE TO MEASURE&#8221; document_type=&#8221;brochures&#8221; background_color=&#8221;orange&#8221; background_image=&#8221;6678&#8243; br_document_number=&#8221;BR-9JE00147&#8243;][\/vc_column_inner][vc_column_inner width=&#8221;1\/3&#8243;][elx_video_block background_image=&#8221;6675&#8243; video_link=&#8221;https:\/\/www.youtube.com\/watch?v=93DlOIlsv9w&amp;list=PLn-GI5LWCZdReBIT6ENQdhJ4GU0ab0nOf&#8221; minimum_height=&#8221;350px&#8221;][\/vc_column_inner][\/vc_row_inner][vc_empty_space][\/vc_column][\/vc_row][vc_row css=&#8221;.vc_custom_1472551359919{padding-bottom: 10px !important;}&#8221;][vc_column][elx_heading font_size=&#8221;h3&#8243; text_color=&#8221;inherit&#8221; text_align=&#8221;text-left&#8221;]L\u00e9pjen kapcsolatba kiv\u00e1l\u00f3 csapatunkkal, \u00e9s fedezze fel, hogy az Electrolux Professional mit ny\u00fajthat az \u00fczlete sz\u00e1m\u00e1ra[\/elx_heading][elx_o2000_contact_us s=&#8221;thermaline&#8221; country=&#8221;Hungary&#8221; b=&#8221;food&#8221; container=&#8221;elxcontactus1466428041&#8243; r=&#8221;thermaline&#8221; l=&#8221;hr&#8221;][\/vc_column][\/vc_row][vc_row][vc_column][vc_empty_space height=&#8221;50px&#8221;][elx_heading font_size=&#8221;h3&#8243; text_color=&#8221;inherit&#8221;]therma<i>line<\/i> fozosorok[\/elx_heading][\/vc_column][\/vc_row][vc_row css=&#8221;.vc_custom_1518074515649{background-color: #eeeeee !important;}&#8221;][vc_column][vc_empty_space][elx_heading font_size=&#8221;h3&#8243; text_color=&#8221;inherit&#8221; text_align=&#8221;text-left&#8221;]Prona\u0111ite idealan paket za svoje poslovanje[\/elx_heading][\/vc_column][\/vc_row][vc_row css=&#8221;.vc_custom_1518074524107{background-color: #eeeeee !important;}&#8221;][vc_column width=&#8221;1\/3&#8243;][elx_maylike_box id_box=&#8221;3829&#8243;][\/vc_column][vc_column width=&#8221;1\/3&#8243;][elx_maylike_box id_box=&#8221;3770&#8243;][\/vc_column][vc_column width=&#8221;1\/3&#8243;][\/vc_column][\/vc_row]<\/p>\n","protected":false},"excerpt":{"rendered":"<p>[vc_row full_width=&#8221;electroluxpro-full-width-no-padding&#8221;][vc_column][elx_image_block background_image=&#8221;6676&#8243; minimum_height=&#8221;350px&#8221;][\/vc_column][\/vc_row][vc_row][vc_column][vc_column_text] 1871 &#8211; 2021 150 \u00e9ves \u00e9vfordul\u00f3! [\/vc_column_text][vc_empty_space][\/vc_column][\/vc_row][vc_row][vc_column][elx_heading font_container=&#8221;h1&#8243; font_size=&#8221;h3&#8243; text_color=&#8221;inherit&#8221; text_align=&#8221;text-left&#8221;]thermaline M2M made to measure [\/elx_heading][vc_column_text] 1871 \u00f3ta. Gy\u00e1rt\u00e1s, prec\u00edzi\u00f3 \u00e9s trad\u00edci\u00f3 t\u00f6bb, mint 100 \u00e9ve. [\/vc_column_text][\/vc_column][\/vc_row][vc_row][vc_column width=&#8221;2\/3&#8243;][vc_empty_space height=&#8221;50px&#8221;][vc_single_image image=&#8221;6679&#8243; img_size=&#8221;full&#8221; alignment=&#8221;center&#8221;][\/vc_column][vc_column width=&#8221;1\/3&#8243;][elx_heading font_size=&#8221;h3&#8243; text_color=&#8221;inherit&#8221;]thermaline M2M[\/elx_heading][elx_heading font_container=&#8221;h3&#8243; font_size=&#8221;h5&#8243; text_color=&#8221;inherit&#8221;]\u00c1ll\u00edtsa \u00f6ssze ide\u00e1lis konyh\u00e1j\u00e1t[\/elx_heading][vc_column_text]A Made to Measure lehet\u0151v\u00e9 teszi, hogy a legnagyobb s\u00e9fek [&hellip;]<\/p>\n","protected":false},"author":7,"featured_media":6675,"parent":0,"menu_order":0,"comment_status":"closed","ping_status":"closed","template":"","meta":{"footnotes":""},"class_list":["post-6687","page","type-page","status-publish","has-post-thumbnail","hentry"],"yoast_head":"<!-- This site is optimized with the Yoast SEO plugin v23.3 - https:\/\/yoast.com\/wordpress\/plugins\/seo\/ -->\n<title>thermaline fozosorok - Electrolux Professional Magyarorsz\u00e1g<\/title>\n<meta name=\"robots\" content=\"index, follow, max-snippet:-1, max-image-preview:large, max-video-preview:-1\" \/>\n<link rel=\"canonical\" href=\"https:\/\/www.electroluxprofessional.com\/hu\/thermaline-fozosorok-2\/\" \/>\n<meta property=\"og:locale\" content=\"hu_HU\" \/>\n<meta property=\"og:type\" content=\"article\" \/>\n<meta property=\"og:title\" content=\"thermaline fozosorok - Electrolux Professional Magyarorsz\u00e1g\" \/>\n<meta property=\"og:description\" content=\"[vc_row full_width=&#8221;electroluxpro-full-width-no-padding&#8221;][vc_column][elx_image_block background_image=&#8221;6676&#8243; minimum_height=&#8221;350px&#8221;][\/vc_column][\/vc_row][vc_row][vc_column][vc_column_text] 1871 &#8211; 2021 150 \u00e9ves \u00e9vfordul\u00f3! [\/vc_column_text][vc_empty_space][\/vc_column][\/vc_row][vc_row][vc_column][elx_heading font_container=&#8221;h1&#8243; font_size=&#8221;h3&#8243; text_color=&#8221;inherit&#8221; text_align=&#8221;text-left&#8221;]thermaline M2M made to measure [\/elx_heading][vc_column_text] 1871 \u00f3ta. Gy\u00e1rt\u00e1s, prec\u00edzi\u00f3 \u00e9s trad\u00edci\u00f3 t\u00f6bb, mint 100 \u00e9ve. [\/vc_column_text][\/vc_column][\/vc_row][vc_row][vc_column width=&#8221;2\/3&#8243;][vc_empty_space height=&#8221;50px&#8221;][vc_single_image image=&#8221;6679&#8243; img_size=&#8221;full&#8221; alignment=&#8221;center&#8221;][\/vc_column][vc_column width=&#8221;1\/3&#8243;][elx_heading font_size=&#8221;h3&#8243; text_color=&#8221;inherit&#8221;]thermaline M2M[\/elx_heading][elx_heading font_container=&#8221;h3&#8243; font_size=&#8221;h5&#8243; text_color=&#8221;inherit&#8221;]\u00c1ll\u00edtsa \u00f6ssze ide\u00e1lis konyh\u00e1j\u00e1t[\/elx_heading][vc_column_text]A Made to Measure lehet\u0151v\u00e9 teszi, hogy a legnagyobb s\u00e9fek [&hellip;]\" \/>\n<meta property=\"og:url\" content=\"https:\/\/www.electroluxprofessional.com\/hu\/thermaline-fozosorok-2\/\" \/>\n<meta property=\"og:site_name\" content=\"Electrolux Professional Magyarorsz\u00e1g\" \/>\n<meta property=\"article:modified_time\" content=\"2026-04-09T13:18:09+00:00\" \/>\n<meta property=\"og:image\" content=\"https:\/\/www.electroluxprofessional.com\/hu\/wp-content\/uploads\/2016\/08\/thermaline-logo-1.jpg\" \/>\n\t<meta property=\"og:image:width\" content=\"562\" \/>\n\t<meta property=\"og:image:height\" content=\"526\" \/>\n\t<meta property=\"og:image:type\" content=\"image\/jpeg\" \/>\n<meta name=\"twitter:card\" content=\"summary_large_image\" \/>\n<meta name=\"twitter:label1\" content=\"Becs\u00fclt olvas\u00e1si id\u0151\" \/>\n\t<meta name=\"twitter:data1\" content=\"4 perc\" \/>\n<script type=\"application\/ld+json\" class=\"yoast-schema-graph\">{\"@context\":\"https:\/\/schema.org\",\"@graph\":[{\"@type\":\"WebPage\",\"@id\":\"https:\/\/www.electroluxprofessional.com\/hu\/thermaline-fozosorok-2\/\",\"url\":\"https:\/\/www.electroluxprofessional.com\/hu\/thermaline-fozosorok-2\/\",\"name\":\"thermaline fozosorok - Electrolux Professional Magyarorsz\u00e1g\",\"isPartOf\":{\"@id\":\"https:\/\/www.electroluxprofessional.com\/hu\/#website\"},\"primaryImageOfPage\":{\"@id\":\"https:\/\/www.electroluxprofessional.com\/hu\/thermaline-fozosorok-2\/#primaryimage\"},\"image\":{\"@id\":\"https:\/\/www.electroluxprofessional.com\/hu\/thermaline-fozosorok-2\/#primaryimage\"},\"thumbnailUrl\":\"https:\/\/www.electroluxprofessional.com\/hu\/wp-content\/uploads\/2016\/08\/thermaline-logo-1.jpg\",\"datePublished\":\"2016-11-03T15:24:55+00:00\",\"dateModified\":\"2026-04-09T13:18:09+00:00\",\"breadcrumb\":{\"@id\":\"https:\/\/www.electroluxprofessional.com\/hu\/thermaline-fozosorok-2\/#breadcrumb\"},\"inLanguage\":\"hu\",\"potentialAction\":[{\"@type\":\"ReadAction\",\"target\":[\"https:\/\/www.electroluxprofessional.com\/hu\/thermaline-fozosorok-2\/\"]}]},{\"@type\":\"ImageObject\",\"inLanguage\":\"hu\",\"@id\":\"https:\/\/www.electroluxprofessional.com\/hu\/thermaline-fozosorok-2\/#primaryimage\",\"url\":\"https:\/\/www.electroluxprofessional.com\/hu\/wp-content\/uploads\/2016\/08\/thermaline-logo-1.jpg\",\"contentUrl\":\"https:\/\/www.electroluxprofessional.com\/hu\/wp-content\/uploads\/2016\/08\/thermaline-logo-1.jpg\",\"width\":562,\"height\":526,\"caption\":\"thermaline logo\"},{\"@type\":\"BreadcrumbList\",\"@id\":\"https:\/\/www.electroluxprofessional.com\/hu\/thermaline-fozosorok-2\/#breadcrumb\",\"itemListElement\":[{\"@type\":\"ListItem\",\"position\":1,\"name\":\"Home\",\"item\":\"https:\/\/www.electroluxprofessional.com\/hu\/\"},{\"@type\":\"ListItem\",\"position\":2,\"name\":\"thermaline fozosorok\"}]},{\"@type\":\"WebSite\",\"@id\":\"https:\/\/www.electroluxprofessional.com\/hu\/#website\",\"url\":\"https:\/\/www.electroluxprofessional.com\/hu\/\",\"name\":\"Electrolux Professional Magyarorsz\u00e1g\",\"description\":\"\",\"potentialAction\":[{\"@type\":\"SearchAction\",\"target\":{\"@type\":\"EntryPoint\",\"urlTemplate\":\"https:\/\/www.electroluxprofessional.com\/hu\/?src={search_term_string}\"},\"query-input\":\"required name=search_term_string\"}],\"inLanguage\":\"hu\"}]}<\/script>\n<!-- \/ Yoast SEO plugin. -->","yoast_head_json":{"title":"thermaline fozosorok - Electrolux Professional Magyarorsz\u00e1g","robots":{"index":"index","follow":"follow","max-snippet":"max-snippet:-1","max-image-preview":"max-image-preview:large","max-video-preview":"max-video-preview:-1"},"canonical":"https:\/\/www.electroluxprofessional.com\/hu\/thermaline-fozosorok-2\/","og_locale":"hu_HU","og_type":"article","og_title":"thermaline fozosorok - Electrolux Professional Magyarorsz\u00e1g","og_description":"[vc_row full_width=&#8221;electroluxpro-full-width-no-padding&#8221;][vc_column][elx_image_block background_image=&#8221;6676&#8243; minimum_height=&#8221;350px&#8221;][\/vc_column][\/vc_row][vc_row][vc_column][vc_column_text] 1871 &#8211; 2021 150 \u00e9ves \u00e9vfordul\u00f3! [\/vc_column_text][vc_empty_space][\/vc_column][\/vc_row][vc_row][vc_column][elx_heading font_container=&#8221;h1&#8243; font_size=&#8221;h3&#8243; text_color=&#8221;inherit&#8221; text_align=&#8221;text-left&#8221;]thermaline M2M made to measure [\/elx_heading][vc_column_text] 1871 \u00f3ta. Gy\u00e1rt\u00e1s, prec\u00edzi\u00f3 \u00e9s trad\u00edci\u00f3 t\u00f6bb, mint 100 \u00e9ve. [\/vc_column_text][\/vc_column][\/vc_row][vc_row][vc_column width=&#8221;2\/3&#8243;][vc_empty_space height=&#8221;50px&#8221;][vc_single_image image=&#8221;6679&#8243; img_size=&#8221;full&#8221; alignment=&#8221;center&#8221;][\/vc_column][vc_column width=&#8221;1\/3&#8243;][elx_heading font_size=&#8221;h3&#8243; text_color=&#8221;inherit&#8221;]thermaline M2M[\/elx_heading][elx_heading font_container=&#8221;h3&#8243; font_size=&#8221;h5&#8243; text_color=&#8221;inherit&#8221;]\u00c1ll\u00edtsa \u00f6ssze ide\u00e1lis konyh\u00e1j\u00e1t[\/elx_heading][vc_column_text]A Made to Measure lehet\u0151v\u00e9 teszi, hogy a legnagyobb s\u00e9fek [&hellip;]","og_url":"https:\/\/www.electroluxprofessional.com\/hu\/thermaline-fozosorok-2\/","og_site_name":"Electrolux Professional Magyarorsz\u00e1g","article_modified_time":"2026-04-09T13:18:09+00:00","og_image":[{"width":562,"height":526,"url":"https:\/\/www.electroluxprofessional.com\/hu\/wp-content\/uploads\/2016\/08\/thermaline-logo-1.jpg","type":"image\/jpeg"}],"twitter_card":"summary_large_image","twitter_misc":{"Becs\u00fclt olvas\u00e1si id\u0151":"4 perc"},"schema":{"@context":"https:\/\/schema.org","@graph":[{"@type":"WebPage","@id":"https:\/\/www.electroluxprofessional.com\/hu\/thermaline-fozosorok-2\/","url":"https:\/\/www.electroluxprofessional.com\/hu\/thermaline-fozosorok-2\/","name":"thermaline fozosorok - Electrolux Professional Magyarorsz\u00e1g","isPartOf":{"@id":"https:\/\/www.electroluxprofessional.com\/hu\/#website"},"primaryImageOfPage":{"@id":"https:\/\/www.electroluxprofessional.com\/hu\/thermaline-fozosorok-2\/#primaryimage"},"image":{"@id":"https:\/\/www.electroluxprofessional.com\/hu\/thermaline-fozosorok-2\/#primaryimage"},"thumbnailUrl":"https:\/\/www.electroluxprofessional.com\/hu\/wp-content\/uploads\/2016\/08\/thermaline-logo-1.jpg","datePublished":"2016-11-03T15:24:55+00:00","dateModified":"2026-04-09T13:18:09+00:00","breadcrumb":{"@id":"https:\/\/www.electroluxprofessional.com\/hu\/thermaline-fozosorok-2\/#breadcrumb"},"inLanguage":"hu","potentialAction":[{"@type":"ReadAction","target":["https:\/\/www.electroluxprofessional.com\/hu\/thermaline-fozosorok-2\/"]}]},{"@type":"ImageObject","inLanguage":"hu","@id":"https:\/\/www.electroluxprofessional.com\/hu\/thermaline-fozosorok-2\/#primaryimage","url":"https:\/\/www.electroluxprofessional.com\/hu\/wp-content\/uploads\/2016\/08\/thermaline-logo-1.jpg","contentUrl":"https:\/\/www.electroluxprofessional.com\/hu\/wp-content\/uploads\/2016\/08\/thermaline-logo-1.jpg","width":562,"height":526,"caption":"thermaline logo"},{"@type":"BreadcrumbList","@id":"https:\/\/www.electroluxprofessional.com\/hu\/thermaline-fozosorok-2\/#breadcrumb","itemListElement":[{"@type":"ListItem","position":1,"name":"Home","item":"https:\/\/www.electroluxprofessional.com\/hu\/"},{"@type":"ListItem","position":2,"name":"thermaline fozosorok"}]},{"@type":"WebSite","@id":"https:\/\/www.electroluxprofessional.com\/hu\/#website","url":"https:\/\/www.electroluxprofessional.com\/hu\/","name":"Electrolux Professional Magyarorsz\u00e1g","description":"","potentialAction":[{"@type":"SearchAction","target":{"@type":"EntryPoint","urlTemplate":"https:\/\/www.electroluxprofessional.com\/hu\/?src={search_term_string}"},"query-input":"required name=search_term_string"}],"inLanguage":"hu"}]}},"_links":{"self":[{"href":"https:\/\/www.electroluxprofessional.com\/hu\/wp-json\/wp\/v2\/pages\/6687"}],"collection":[{"href":"https:\/\/www.electroluxprofessional.com\/hu\/wp-json\/wp\/v2\/pages"}],"about":[{"href":"https:\/\/www.electroluxprofessional.com\/hu\/wp-json\/wp\/v2\/types\/page"}],"author":[{"embeddable":true,"href":"https:\/\/www.electroluxprofessional.com\/hu\/wp-json\/wp\/v2\/users\/7"}],"replies":[{"embeddable":true,"href":"https:\/\/www.electroluxprofessional.com\/hu\/wp-json\/wp\/v2\/comments?post=6687"}],"version-history":[{"count":8,"href":"https:\/\/www.electroluxprofessional.com\/hu\/wp-json\/wp\/v2\/pages\/6687\/revisions"}],"predecessor-version":[{"id":10537,"href":"https:\/\/www.electroluxprofessional.com\/hu\/wp-json\/wp\/v2\/pages\/6687\/revisions\/10537"}],"wp:featuredmedia":[{"embeddable":true,"href":"https:\/\/www.electroluxprofessional.com\/hu\/wp-json\/wp\/v2\/media\/6675"}],"wp:attachment":[{"href":"https:\/\/www.electroluxprofessional.com\/hu\/wp-json\/wp\/v2\/media?parent=6687"}],"curies":[{"name":"wp","href":"https:\/\/api.w.org\/{rel}","templated":true}]}}