{"id":6086,"date":"2019-03-28T17:19:04","date_gmt":"2019-03-28T16:19:04","guid":{"rendered":"https:\/\/www.electroluxprofessional.com\/?page_id=22125"},"modified":"2023-11-07T13:39:12","modified_gmt":"2023-11-07T13:39:12","slug":"beverage-solutions","status":"publish","type":"page","link":"https:\/\/www.electroluxprofessional.com\/hu\/beverage-solutions\/","title":{"rendered":"Italk\u00e9sz\u00fcl\u00e9kek"},"content":{"rendered":"<p>[vc_row full_width=&#8221;electroluxpro-full-width-no-padding&#8221;][vc_column][vc_single_image image=&#8221;6085&#8243; img_size=&#8221;2000&#215;350&#8243; alignment=&#8221;center&#8221;][\/vc_column][\/vc_row][vc_row][vc_column][vc_empty_space][elx_heading font_container=&#8221;h1&#8243; font_size=&#8221;h3&#8243; text_color=&#8221;inherit&#8221; text_align=&#8221;text-left&#8221;]Italtechnol\u00f3giai megold\u00e1sok[\/elx_heading][vc_column_text]Az Electrolux Professional bemutatja az \u00faj italtechnikai megold\u00e1sait, mellyek b\u0151v\u00edtheti italk\u00edn\u00e1lat\u00e1t, mik\u00f6zben cs\u00f6kkenti a hullad\u00e9k mennyis\u00e9g\u00e9t. Egyszer\u0171 haszn\u00e1lat, a fogyaszt\u00f3k elv\u00e1r\u00e1sait meghalad\u00f3, magas min\u0151s\u00e9g\u0171 italk\u00edn\u00e1lat.[\/vc_column_text][vc_empty_space height=&#8221;80px&#8221;][\/vc_column][\/vc_row][vc_row][vc_column width=&#8221;1\/4&#8243;][elx_navigation_branch image=&#8221;6082&#8243; menu_list=&#8221;4896&#8243;][\/vc_column][vc_column width=&#8221;1\/4&#8243;][elx_navigation_branch image=&#8221;6083&#8243; menu_list=&#8221;4901&#8243;][\/vc_column][vc_column width=&#8221;1\/4&#8243;][elx_navigation_branch image=&#8221;6084&#8243; menu_list=&#8221;4904&#8243;][\/vc_column][vc_column width=&#8221;1\/4&#8243;][elx_navigation_branch image=&#8221;4866&#8243; menu_list=&#8221;4906&#8243;][\/vc_column][\/vc_row][vc_row matched_labels=&#8221;&#8221; css=&#8221;.vc_custom_1699364159924{border-top-width: 1px !important;background-color: #ffffff !important;border-top-color: #eeeeee !important;}&#8221;][vc_column reveal_effect=&#8221;&#8221;][vc_empty_space height=&#8221;70px&#8221;][elx_heading font_size=&#8221;h3&#8243; text_color=&#8221;inherit&#8221; text_align=&#8221;text-left&#8221;]Ismerje meg italtechnol\u00f3giai megold\u00e1sainkat[\/elx_heading][elx_o2000_contact_us s=&#8221;Request of information about Beverage Solutions&#8221; country=&#8221;Hungary&#8221; b=&#8221;beverage&#8221; r=&#8221;Szeretn\u00e9k t\u00f6bbet megtudni az italtechnol\u00f3gia megold\u00e1sokr\u00f3l. K\u00e9rem, vegy\u00e9k fel velem a kapcsolatot! K\u00f6sz\u00f6n\u00f6m!&#8221; l=&#8221;hu&#8221;][\/vc_column][\/vc_row][vc_row][vc_column][vc_empty_space height=&#8221;100px&#8221;][elx_heading font_size=&#8221;h3&#8243; text_color=&#8221;inherit&#8221; text_align=&#8221;text-left&#8221;]Tal\u00e1lja meg a komplett megold\u00e1st![\/elx_heading][\/vc_column][\/vc_row][vc_row][vc_column width=&#8221;1\/3&#8243;][elx_maylike_box id_box=&#8221;3770&#8243;][\/vc_column][vc_column width=&#8221;1\/3&#8243;][elx_maylike_box id_box=&#8221;3673&#8243;][\/vc_column][vc_column width=&#8221;1\/3&#8243;][elx_maylike_box id_box=&#8221;3682&#8243;][\/vc_column][\/vc_row]<\/p>\n","protected":false},"excerpt":{"rendered":"<p>[vc_row full_width=&#8221;electroluxpro-full-width-no-padding&#8221;][vc_column][vc_single_image image=&#8221;6085&#8243; img_size=&#8221;2000&#215;350&#8243; alignment=&#8221;center&#8221;][\/vc_column][\/vc_row][vc_row][vc_column][vc_empty_space][elx_heading font_container=&#8221;h1&#8243; font_size=&#8221;h3&#8243; text_color=&#8221;inherit&#8221; text_align=&#8221;text-left&#8221;]Italtechnol\u00f3giai megold\u00e1sok[\/elx_heading][vc_column_text]Az Electrolux Professional bemutatja az \u00faj italtechnikai megold\u00e1sait, mellyek b\u0151v\u00edtheti italk\u00edn\u00e1lat\u00e1t, mik\u00f6zben cs\u00f6kkenti a hullad\u00e9k mennyis\u00e9g\u00e9t. Egyszer\u0171 haszn\u00e1lat, a fogyaszt\u00f3k elv\u00e1r\u00e1sait meghalad\u00f3, magas min\u0151s\u00e9g\u0171 italk\u00edn\u00e1lat.[\/vc_column_text][vc_empty_space height=&#8221;80px&#8221;][\/vc_column][\/vc_row][vc_row][vc_column width=&#8221;1\/4&#8243;][elx_navigation_branch image=&#8221;6082&#8243; menu_list=&#8221;4896&#8243;][\/vc_column][vc_column width=&#8221;1\/4&#8243;][elx_navigation_branch image=&#8221;6083&#8243; menu_list=&#8221;4901&#8243;][\/vc_column][vc_column width=&#8221;1\/4&#8243;][elx_navigation_branch image=&#8221;6084&#8243; menu_list=&#8221;4904&#8243;][\/vc_column][vc_column width=&#8221;1\/4&#8243;][elx_navigation_branch image=&#8221;4866&#8243; menu_list=&#8221;4906&#8243;][\/vc_column][\/vc_row][vc_row matched_labels=&#8221;&#8221; css=&#8221;.vc_custom_1699364159924{border-top-width: 1px !important;background-color: #ffffff !important;border-top-color: #eeeeee !important;}&#8221;][vc_column [&hellip;]<\/p>\n","protected":false},"author":7,"featured_media":0,"parent":0,"menu_order":0,"comment_status":"closed","ping_status":"closed","template":"","meta":{"footnotes":""},"class_list":["post-6086","page","type-page","status-publish","hentry"],"yoast_head":"<!-- This site is optimized with the Yoast SEO plugin v23.3 - https:\/\/yoast.com\/wordpress\/plugins\/seo\/ -->\n<title>Italk\u00e9sz\u00fcl\u00e9kek - Electrolux Professional Magyarorsz\u00e1g<\/title>\n<meta name=\"description\" content=\"New beverage solutions to expand your offerings while reducing waste, simplifying use, and exceeding your customers\u2019 expectations for delicious, quality beverages.\" \/>\n<meta name=\"robots\" content=\"index, follow, max-snippet:-1, max-image-preview:large, max-video-preview:-1\" \/>\n<link rel=\"canonical\" href=\"https:\/\/www.electroluxprofessional.com\/hu\/beverage-solutions\/\" \/>\n<meta property=\"og:locale\" content=\"hu_HU\" \/>\n<meta property=\"og:type\" content=\"article\" \/>\n<meta property=\"og:title\" content=\"Italk\u00e9sz\u00fcl\u00e9kek - Electrolux Professional Magyarorsz\u00e1g\" \/>\n<meta property=\"og:description\" content=\"New beverage solutions to expand your offerings while reducing waste, simplifying use, and exceeding your customers\u2019 expectations for delicious, quality beverages.\" \/>\n<meta property=\"og:url\" content=\"https:\/\/www.electroluxprofessional.com\/hu\/beverage-solutions\/\" \/>\n<meta property=\"og:site_name\" content=\"Electrolux Professional Magyarorsz\u00e1g\" \/>\n<meta property=\"article:modified_time\" content=\"2023-11-07T13:39:12+00:00\" \/>\n<meta name=\"twitter:card\" content=\"summary_large_image\" \/>\n<meta name=\"twitter:label1\" content=\"Becs\u00fclt olvas\u00e1si id\u0151\" \/>\n\t<meta name=\"twitter:data1\" content=\"1 perc\" \/>\n<script type=\"application\/ld+json\" class=\"yoast-schema-graph\">{\"@context\":\"https:\/\/schema.org\",\"@graph\":[{\"@type\":\"WebPage\",\"@id\":\"https:\/\/www.electroluxprofessional.com\/hu\/beverage-solutions\/\",\"url\":\"https:\/\/www.electroluxprofessional.com\/hu\/beverage-solutions\/\",\"name\":\"Italk\u00e9sz\u00fcl\u00e9kek - Electrolux Professional Magyarorsz\u00e1g\",\"isPartOf\":{\"@id\":\"https:\/\/www.electroluxprofessional.com\/hu\/#website\"},\"datePublished\":\"2019-03-28T16:19:04+00:00\",\"dateModified\":\"2023-11-07T13:39:12+00:00\",\"description\":\"New beverage solutions to expand your offerings while reducing waste, simplifying use, and exceeding your customers\u2019 expectations for delicious, quality beverages.\",\"breadcrumb\":{\"@id\":\"https:\/\/www.electroluxprofessional.com\/hu\/beverage-solutions\/#breadcrumb\"},\"inLanguage\":\"hu\",\"potentialAction\":[{\"@type\":\"ReadAction\",\"target\":[\"https:\/\/www.electroluxprofessional.com\/hu\/beverage-solutions\/\"]}]},{\"@type\":\"BreadcrumbList\",\"@id\":\"https:\/\/www.electroluxprofessional.com\/hu\/beverage-solutions\/#breadcrumb\",\"itemListElement\":[{\"@type\":\"ListItem\",\"position\":1,\"name\":\"Home\",\"item\":\"https:\/\/www.electroluxprofessional.com\/hu\/\"},{\"@type\":\"ListItem\",\"position\":2,\"name\":\"Italk\u00e9sz\u00fcl\u00e9kek\"}]},{\"@type\":\"WebSite\",\"@id\":\"https:\/\/www.electroluxprofessional.com\/hu\/#website\",\"url\":\"https:\/\/www.electroluxprofessional.com\/hu\/\",\"name\":\"Electrolux Professional Magyarorsz\u00e1g\",\"description\":\"\",\"potentialAction\":[{\"@type\":\"SearchAction\",\"target\":{\"@type\":\"EntryPoint\",\"urlTemplate\":\"https:\/\/www.electroluxprofessional.com\/hu\/?src={search_term_string}\"},\"query-input\":\"required name=search_term_string\"}],\"inLanguage\":\"hu\"}]}<\/script>\n<!-- \/ Yoast SEO plugin. -->","yoast_head_json":{"title":"Italk\u00e9sz\u00fcl\u00e9kek - Electrolux Professional Magyarorsz\u00e1g","description":"New beverage solutions to expand your offerings while reducing waste, simplifying use, and exceeding your customers\u2019 expectations for delicious, quality beverages.","robots":{"index":"index","follow":"follow","max-snippet":"max-snippet:-1","max-image-preview":"max-image-preview:large","max-video-preview":"max-video-preview:-1"},"canonical":"https:\/\/www.electroluxprofessional.com\/hu\/beverage-solutions\/","og_locale":"hu_HU","og_type":"article","og_title":"Italk\u00e9sz\u00fcl\u00e9kek - Electrolux Professional Magyarorsz\u00e1g","og_description":"New beverage solutions to expand your offerings while reducing waste, simplifying use, and exceeding your customers\u2019 expectations for delicious, quality beverages.","og_url":"https:\/\/www.electroluxprofessional.com\/hu\/beverage-solutions\/","og_site_name":"Electrolux Professional Magyarorsz\u00e1g","article_modified_time":"2023-11-07T13:39:12+00:00","twitter_card":"summary_large_image","twitter_misc":{"Becs\u00fclt olvas\u00e1si id\u0151":"1 perc"},"schema":{"@context":"https:\/\/schema.org","@graph":[{"@type":"WebPage","@id":"https:\/\/www.electroluxprofessional.com\/hu\/beverage-solutions\/","url":"https:\/\/www.electroluxprofessional.com\/hu\/beverage-solutions\/","name":"Italk\u00e9sz\u00fcl\u00e9kek - Electrolux Professional Magyarorsz\u00e1g","isPartOf":{"@id":"https:\/\/www.electroluxprofessional.com\/hu\/#website"},"datePublished":"2019-03-28T16:19:04+00:00","dateModified":"2023-11-07T13:39:12+00:00","description":"New beverage solutions to expand your offerings while reducing waste, simplifying use, and exceeding your customers\u2019 expectations for delicious, quality beverages.","breadcrumb":{"@id":"https:\/\/www.electroluxprofessional.com\/hu\/beverage-solutions\/#breadcrumb"},"inLanguage":"hu","potentialAction":[{"@type":"ReadAction","target":["https:\/\/www.electroluxprofessional.com\/hu\/beverage-solutions\/"]}]},{"@type":"BreadcrumbList","@id":"https:\/\/www.electroluxprofessional.com\/hu\/beverage-solutions\/#breadcrumb","itemListElement":[{"@type":"ListItem","position":1,"name":"Home","item":"https:\/\/www.electroluxprofessional.com\/hu\/"},{"@type":"ListItem","position":2,"name":"Italk\u00e9sz\u00fcl\u00e9kek"}]},{"@type":"WebSite","@id":"https:\/\/www.electroluxprofessional.com\/hu\/#website","url":"https:\/\/www.electroluxprofessional.com\/hu\/","name":"Electrolux Professional Magyarorsz\u00e1g","description":"","potentialAction":[{"@type":"SearchAction","target":{"@type":"EntryPoint","urlTemplate":"https:\/\/www.electroluxprofessional.com\/hu\/?src={search_term_string}"},"query-input":"required name=search_term_string"}],"inLanguage":"hu"}]}},"_links":{"self":[{"href":"https:\/\/www.electroluxprofessional.com\/hu\/wp-json\/wp\/v2\/pages\/6086"}],"collection":[{"href":"https:\/\/www.electroluxprofessional.com\/hu\/wp-json\/wp\/v2\/pages"}],"about":[{"href":"https:\/\/www.electroluxprofessional.com\/hu\/wp-json\/wp\/v2\/types\/page"}],"author":[{"embeddable":true,"href":"https:\/\/www.electroluxprofessional.com\/hu\/wp-json\/wp\/v2\/users\/7"}],"replies":[{"embeddable":true,"href":"https:\/\/www.electroluxprofessional.com\/hu\/wp-json\/wp\/v2\/comments?post=6086"}],"version-history":[{"count":5,"href":"https:\/\/www.electroluxprofessional.com\/hu\/wp-json\/wp\/v2\/pages\/6086\/revisions"}],"predecessor-version":[{"id":7722,"href":"https:\/\/www.electroluxprofessional.com\/hu\/wp-json\/wp\/v2\/pages\/6086\/revisions\/7722"}],"wp:attachment":[{"href":"https:\/\/www.electroluxprofessional.com\/hu\/wp-json\/wp\/v2\/media?parent=6086"}],"curies":[{"name":"wp","href":"https:\/\/api.w.org\/{rel}","templated":true}]}}