{"id":6061,"date":"2016-11-22T14:26:38","date_gmt":"2016-11-22T14:26:38","guid":{"rendered":"https:\/\/www.electroluxprofessional.com\/?page_id=5710"},"modified":"2025-11-05T15:01:29","modified_gmt":"2025-11-05T15:01:29","slug":"uzemi-etkezdek","status":"publish","type":"page","link":"https:\/\/www.electroluxprofessional.com\/hu\/uzemi-etkezdek\/","title":{"rendered":"\u00dczemi \u00e9tkezd\u00e9k"},"content":{"rendered":"<p>[vc_row css=&#8221;.vc_custom_1517925565079{background-color: #041e41 !important;}&#8221;][vc_column reveal_effect=&#8221;&#8221; width=&#8221;2\/3&#8243;][vc_empty_space][vc_row_inner full_width=&#8221;electroluxpro-full-width-no-padding&#8221;][vc_column_inner width=&#8221;1\/4&#8243;][vc_single_image image=&#8221;6055&#8243; img_size=&#8221;full&#8221;][\/vc_column_inner][vc_column_inner width=&#8221;3\/4&#8243;][vc_empty_space height=&#8221;25px&#8221;][elx_heading font_container=&#8221;h1&#8243; font_size=&#8221;h3&#8243; text_color=&#8221;business&#8221; text_align=&#8221;text-left&#8221;]\u00dczemi \u00e9tkezd\u00e9k[\/elx_heading][\/vc_column_inner][\/vc_row_inner][elx_heading font_size=&#8221;h5&#8243; text_color=&#8221;white&#8221;]\u201eNagyon szerencs\u00e9sek vagyunk, hogy olyan Electrolux Professional k\u00e9sz\u00fcl\u00e9kekkel dolgozhatunk, melyek kompakt m\u00e9reteiknek k\u00f6sz\u00f6nhet\u0151en nemcsak a t\u00e1gas t\u00e9r k\u00e9nyelm\u00e9t \u00e9s luxus\u00e1t biztos\u00edtj\u00e1k, de seg\u00edts\u00e9g\u00fckkel k\u00e9pesek vagyunk a konyh\u00e1nkban a tisztas\u00e1g \u00e9s higi\u00e9nia nemzetk\u00f6zi standardjainak megfelel\u0151 magas szintj\u00e9t is biztos\u00edtani. B\u00fcszk\u00e9k vagyunk r\u00e1, hogy olyan nemzetk\u00f6zi c\u00e9g a partner\u00fcnk, mint az Electrolux Professional.\u201c[\/elx_heading][vc_column_text]<\/p>\n<p style=\"color: #fff;\"><strong>Mr. Ramesh Palagiri<\/strong>, Managing Director &amp; CEO<br \/>\n<strong>Mrs. Maithili Bhojwani<\/strong>, Administration<br \/>\n<strong>Wirtgen Group<\/strong> &#8211; Pune, India<\/p>\n<p>[\/vc_column_text][vc_column reveal_effect=&#8221;&#8221; width=&#8221;1\/2&#8243;][\/vc_column][\/vc_column][vc_column reveal_effect=&#8221;&#8221; width=&#8221;1\/3&#8243;][elx_image_block background_image=&#8221;478&#8243; minimum_height=&#8221;580px&#8221;][\/vc_column][\/vc_row][vc_row][vc_column][vc_empty_space][elx_heading font_size=&#8221;h1&#8243; text_color=&#8221;inherit&#8221; text_align=&#8221;text-center&#8221;]Nagy teljes\u00edtm\u00e9ny[\/elx_heading][vc_empty_space][\/vc_column][\/vc_row][vc_row][vc_column width=&#8221;1\/3&#8243;][vc_single_image image=&#8221;6056&#8243; img_size=&#8221;120&#215;120&#8243; alignment=&#8221;center&#8221;][elx_heading text_color=&#8221;inherit&#8221; text_align=&#8221;text-center&#8221;]Alacsonyabb el\u0151\u00e1ll\u00edt\u00e1si k\u00f6lts\u00e9g[\/elx_heading][vc_empty_space][\/vc_column][vc_column width=&#8221;1\/3&#8243;][vc_single_image image=&#8221;6057&#8243; img_size=&#8221;120&#215;120&#8243; alignment=&#8221;center&#8221;][elx_heading text_color=&#8221;inherit&#8221; text_align=&#8221;text-center&#8221;]Garant\u00e1lt \u00e9s \u00e1lland\u00f3 \u00e9telmin\u0151s\u00e9g[\/elx_heading][\/vc_column][vc_column width=&#8221;1\/3&#8243;][vc_single_image image=&#8221;6058&#8243; img_size=&#8221;120&#215;120&#8243; alignment=&#8221;center&#8221;][elx_heading text_color=&#8221;inherit&#8221; text_align=&#8221;text-center&#8221;]HACCP megfelel\u00e9s[\/elx_heading][\/vc_column][\/vc_row][vc_row][vc_column][vc_empty_space][elx_heading font_size=&#8221;h1&#8243; text_color=&#8221;inherit&#8221; text_align=&#8221;text-center&#8221;]Mit lehet elk\u00e9sz\u00edteni kevesebb, mint 10m<sup>2<\/sup>-en?[\/elx_heading][vc_empty_space][\/vc_column][\/vc_row][vc_row][vc_column width=&#8221;1\/2&#8243; css=&#8221;.vc_custom_1590559110836{background-color: #deebec !important;}&#8221;][elx_heading font_size=&#8221;h1&#8243; text_color=&#8221;inherit&#8221; text_align=&#8221;text-center&#8221;]1013 f\u0151\u00e9telt[\/elx_heading][vc_column_text]<\/p>\n<h3 style=\"text-align: center;\">150 g guly\u00e1s +<br \/>\n75 g p\u00e1rolt k\u00e1poszta<\/h3>\n<p>[\/vc_column_text][vc_single_image image=&#8221;6059&#8243; img_size=&#8221;full&#8221; alignment=&#8221;center&#8221;][elx_heading font_size=&#8221;h1&#8243; text_color=&#8221;inherit&#8221; text_align=&#8221;text-center&#8221;]kevesebb, mint 8 \u00f3ra alatt[\/elx_heading][vc_single_image image=&#8221;6060&#8243; img_size=&#8221;full&#8221; alignment=&#8221;center&#8221;][\/vc_column][vc_column width=&#8221;1\/2&#8243;][elx_heading text_color=&#8221;inherit&#8221; text_align=&#8221;text-center&#8221;]N\u00e9zze meg, h\u00e1ny adag \u00e9telt tud lef\u0151zni kevesebb, mint 10m<sup>2<\/sup>-en[\/elx_heading][elx_video_block background_image=&#8221;6053&#8243; video_link=&#8221;https:\/\/www.youtube.com\/watch?v=TvhF7dGZ3D4&#8243; minimum_height=&#8221;270px&#8221;][vc_empty_space][elx_heading text_color=&#8221;inherit&#8221; text_align=&#8221;text-center&#8221;]Vide\u00f3 let\u00f6lt\u00e9se[\/elx_heading][elx_download_block text=&#8221;Nagy kapacit\u00e1s\u00fa katal\u00f3gus let\u00f6lt\u00e9se&#8221; document_type=&#8221;leaflets&#8221; background_color=&#8221;electrolux-blue&#8221; le_document_number=&#8221;CLF-9JE00254&#8243; background_image=&#8221;6054&#8243;][\/vc_column][\/vc_row][vc_row][vc_column][vc_empty_space][elx_heading font_size=&#8221;h3&#8243; text_color=&#8221;inherit&#8221;]\u00dcgyfel\u00fcnk[\/elx_heading][vc_empty_space][\/vc_column][\/vc_row][vc_row][vc_column width=&#8221;1\/2&#8243;][elx_image_block background_image=&#8221;490&#8243; minimum_height=&#8221;400px&#8221;][elx_heading font_container=&#8221;h3&#8243; font_size=&#8221;h5&#8243; text_color=&#8221;inherit&#8221;]GAI Industrie Spa[\/elx_heading][vc_column_text]Cuneo, Italy[\/vc_column_text][vc_column_text]A telep\u00edt\u00e9s bonyolults\u00e1g\u00e1t mutatja, hogy daruval kellett a k\u00e9sz\u00fcl\u00e9keket a 2. \u00e9s a 3. emeleten l\u00e9v\u0151 \u00fczemi \u00e9tkezd\u00e9be beemelni. Ennek a konyh\u00e1nak a saj\u00e1toss\u00e1ga minden bizonnyal a val\u00f3di falak hi\u00e1nya: val\u00f3j\u00e1ban mind a n\u00e9gy oldalon hatalmas ablakok tal\u00e1lhat\u00f3k, melyeken kereszt\u00fcl \u00e1lland\u00f3an l\u00e1tni lehet a s\u00e9feket, szak\u00e1csokat munka k\u00f6zben.<\/p>\n<p>A konyha sz\u00edve a Thermaline f\u0151z\u0151sor, mely az Electrolux Professional pr\u00e9mium term\u00e9ke.[\/vc_column_text][\/vc_column][vc_column width=&#8221;1\/2&#8243;][vc_single_image image=&#8221;479&#8243; img_size=&#8221;555*400&#8243; alignment=&#8221;right&#8221;][elx_heading font_container=&#8221;h3&#8243; font_size=&#8221;h5&#8243; text_color=&#8221;inherit&#8221;]Wirtgen Group[\/elx_heading][vc_column_text]Pune, India<br \/>\n[\/vc_column_text][vc_column_text]A n\u00e9met Wirtgen Group \u00e9p\u00edt\u0151ipari g\u00e9pgy\u00e1rt\u00f3 v\u00e1llalat piacvezet\u0151 az \u00fat\u00e9p\u00edt\u00e9si \u00e9s \u00fatrehabilit\u00e1ci\u00f3s berendez\u00e9sek piac\u00e1n, \u00e9s a N\u00e9metorsz\u00e1gon k\u00edv\u00fcli 3. cs\u00facstechnol\u00f3gi\u00e1j\u00fa gy\u00e1rt\u00f3\u00fczem\u00fck Indi\u00e1ban, Puneban tal\u00e1lhat\u00f3.<\/p>\n<p>A nagykapacit\u00e1s\u00fa \u00fczemi konyha teljesen Electrolux Professional term\u00e9kekkel van felszerelve.<\/p>\n<p><em>\u201e\u2026 a modern konyhatechnika n\u00f6velte a szem\u00e9lyzet hat\u00e9konys\u00e1g\u00e1t \u00e9s jelent\u0151sen cs\u00f6kkentette az energiak\u00f6lts\u00e9geinket.\u201c<\/em><\/p>\n<p><strong>Chef Deepak<\/strong>[\/vc_column_text][\/vc_column][\/vc_row][vc_row css=&#8221;.vc_custom_1522939207643{background-color: #ededc9 !important;}&#8221;][vc_column][elx_heading font_size=&#8221;h3&#8243; text_color=&#8221;inherit&#8221; text_align=&#8221;text-left&#8221;]Italtechnol\u00f3giai megold\u00e1sok<br \/>\n[\/elx_heading][vc_empty_space][\/vc_column][\/vc_row][vc_row equal_height=&#8221;yes&#8221; css=&#8221;.vc_custom_1522941413247{background-color: #ededc9 !important;}&#8221;][vc_column width=&#8221;1\/2&#8243;][elx_simple_link_block link=&#8221;url:https%3A%2F%2Fwww.electroluxprofessional.com%2Fhu%2Fbeverage-solutions%2F|title:Beverage%20solutions||&#8221; text_align=&#8221;text-left&#8221; text_color=&#8221;inherit&#8221; background_color=&#8221;inherit&#8221; background_hover_color=&#8221;darker-hover&#8221; extra_class=&#8221;&#8221; reveal_effect=&#8221;&#8221; reveal_duration=&#8221;&#8221; reveal_delay=&#8221;&#8221;][vc_single_image image=&#8221;4856&#8243; img_size=&#8221;full&#8221;][\/elx_simple_link_block][\/vc_column][vc_column width=&#8221;1\/2&#8243;][elx_simple_link_block link=&#8221;url:https%3A%2F%2Fwww.electroluxprofessional.com%2Fhu%2Fbeverage-solutions%2F|title:Beverage%20solutions||&#8221; text_align=&#8221;text-left&#8221; text_color=&#8221;inherit&#8221; background_color=&#8221;inherit&#8221; background_hover_color=&#8221;darker-hover&#8221; extra_class=&#8221;&#8221; reveal_effect=&#8221;&#8221; reveal_duration=&#8221;&#8221; reveal_delay=&#8221;&#8221;][elx_heading font_container=&#8221;h3&#8243; font_size=&#8221;h5&#8243; text_color=&#8221;inherit&#8221;]Teljesk\u00f6r\u0171 vend\u00e9gl\u00e1t\u00e1s[\/elx_heading][vc_column_text]Az \u00fcgyfelek ig\u00e9nyeit meghalad\u00f3 k\u00e1v\u00e9 \u00e9s italmegold\u00e1sok, \u00e9s egy szak\u00e9rt\u0151i csapat, mely \u00d6n m\u00f6g\u00f6tt \u00e1ll<\/p>\n<ul>\n<li>K\u00e1v\u00e9 \u00e9s teaf\u0151z\u0151k<\/li>\n<li>K\u00e1v\u00e9 \u00e9s teaf\u0151z\u0151k<\/li>\n<li>Hidegital \u00e9s j\u00e9gk\u00e1sa adagol\u00f3k<\/li>\n<li>Forr\u00f3ital adagol\u00f3<\/li>\n<li>\u00e9s m\u00e9g sok m\u00e1s\u2026..<\/li>\n<\/ul>\n<p>[\/vc_column_text][\/elx_simple_link_block][elx_button button_text=&#8221;Ismerje meg k\u00e1v\u00e9 \u00e9s italadagol\u00f3 k\u00edn\u00e1latunkat&#8221; button_style=&#8221;icon-blue&#8221; button_link=&#8221;url:https%3A%2F%2Fwww.electroluxprofessional.com%2Fhu%2Fbeverage-solutions%2F|title:k%C3%A1v%C3%A9%20%C3%A9s%20italadagol%C3%B3%20megold%C3%A1sainkat||&#8221;][\/vc_column][\/vc_row][vc_row][vc_column][vc_empty_space height=&#8221;50px&#8221;][\/vc_column][\/vc_row][vc_row][vc_column][elx_heading font_size=&#8221;h3&#8243; text_color=&#8221;inherit&#8221; text_align=&#8221;text-left&#8221;]3 legjobb aj\u00e1nlatunk \u00fczemi \u00e9tkezd\u00e9knek[\/elx_heading][\/vc_column][\/vc_row][vc_row css=&#8221;.vc_custom_1465550821993{padding-top: 20px !important;padding-bottom: 20px !important;background-color: #f7f6f6 !important;}&#8221;][vc_column width=&#8221;1\/3&#8243;][elx_simple_link_block link=&#8221;url:https%3A%2F%2Fwww.electroluxprofessional.com%2Fhu%2Fthermaline-fozosorok%2F|title:thermaline||&#8221; text_align=&#8221;text-left&#8221; text_color=&#8221;inherit&#8221; background_color=&#8221;inherit&#8221; background_hover_color=&#8221;darker-hover&#8221; extra_class=&#8221;&#8221; reveal_effect=&#8221;&#8221; reveal_duration=&#8221;&#8221; reveal_delay=&#8221;&#8221;][vc_single_image image=&#8221;748&#8243; img_size=&#8221;full&#8221; alignment=&#8221;center&#8221;][elx_heading font_container=&#8221;h3&#8243; text_color=&#8221;inherit&#8221; text_align=&#8221;text-left&#8221;]therma<em>line<\/em><br \/>\n[\/elx_heading][vc_column_text]<\/p>\n<ul>\n<li>Cs\u00f6kkentse ak\u00e1r 60% -kal energiafelhaszn\u00e1l\u00e1st, mik\u00f6zben n\u00f6veli a teljes\u00edtm\u00e9nyt. A megold\u00e1s: therma<em>line<\/em> premium modul f\u0151z\u0151berendez\u00e9sek.<\/li>\n<li>A teljes fel\u00fclet\u0171 indukci\u00f3s k\u00e9sz\u00fcl\u00e9kkel sok k\u00fcl\u00f6nb\u00f6z\u0151 \u00e9telt tud egyszerre elk\u00e9sz\u00edteni, k\u00f6nnyebben, mint eddig b\u00e1rmikor.<\/li>\n<\/ul>\n<p>[\/vc_column_text][\/elx_simple_link_block][\/vc_column][vc_column width=&#8221;1\/3&#8243;][elx_simple_link_block link=&#8221;url:https%3A%2F%2Fwww.electroluxprofessional.com%2Fhu%2Fkonyhatechnologia%2Fcook-and-chill%2Fskyline%2F|title:Cook%20and%20chill||&#8221; text_align=&#8221;text-left&#8221; text_color=&#8221;inherit&#8221; background_color=&#8221;inherit&#8221; background_hover_color=&#8221;darker-hover&#8221; extra_class=&#8221;&#8221; reveal_effect=&#8221;&#8221; reveal_duration=&#8221;&#8221; reveal_delay=&#8221;&#8221;][vc_single_image image=&#8221;749&#8243; img_size=&#8221;large&#8221; alignment=&#8221;center&#8221;][elx_heading font_container=&#8221;h3&#8243; text_color=&#8221;inherit&#8221; text_align=&#8221;text-center&#8221;]Cook&amp;Chill<br \/>\n[\/elx_heading][vc_column_text]<\/p>\n<ul>\n<li>K\u00e9sz\u00edtse el az \u00e9teleket a Skyline kombival, amely a legk\u00f6rnyezetbar\u00e1tabb kombis\u00fct\u0151 a piacon<\/li>\n<li>rugalmasabb men\u00fck, optimaliz\u00e1lt munkafolyamatok, kevesebb vesztes\u00e9g, \u00e9s mindezzel p\u00e1rhuzamosan k\u00f6lts\u00e9g \u00e9s energiahat\u00e9konys\u00e1g.<\/li>\n<\/ul>\n<p>[\/vc_column_text][\/elx_simple_link_block][\/vc_column][vc_column width=&#8221;1\/3&#8243;][elx_simple_link_block link=&#8221;url:https%3A%2F%2Fwww.electroluxprofessional.com%2Fhu%2Fhutoszekrenyek%2F|||&#8221; text_align=&#8221;text-left&#8221; text_color=&#8221;inherit&#8221; background_color=&#8221;inherit&#8221; background_hover_color=&#8221;darker-hover&#8221; extra_class=&#8221;&#8221; reveal_effect=&#8221;&#8221; reveal_duration=&#8221;&#8221; reveal_delay=&#8221;&#8221;][vc_single_image image=&#8221;750&#8243; img_size=&#8221;large&#8221;][elx_heading font_container=&#8221;h3&#8243; text_color=&#8221;inherit&#8221; text_align=&#8221;text-center&#8221;]H\u0171t\u00e9stechnika<br \/>\n[\/elx_heading][vc_column_text]<\/p>\n<ul>\n<li>T\u00e1rolja az \u00e9lelmiszereket az eco-store h\u0171t\u0151k\u00e9sz\u00fcl\u00e9kekben, melyek kateg\u00f3ri\u00e1j\u00e1nak a legjobbjai k\u00f6z\u00e9 tartoznak<\/li>\n<li>konyh\u00e1ja legyen hat\u00e9konyabb \u00e9s m\u0171k\u00f6dj\u00f6n fenntarthat\u00f3 m\u00f3don.<\/li>\n<\/ul>\n<p>[\/vc_column_text][\/elx_simple_link_block][\/vc_column][\/vc_row][vc_row][vc_column][elx_heading font_size=&#8221;h3&#8243; text_color=&#8221;inherit&#8221;]Ismerje meg, miben tud seg\u00edteni \u00d6nnek az Electrolux Professional![\/elx_heading][elx_o2000_contact_us r=&#8221;T\u00f6bbet szeretn\u00e9k megtudni az \u00fczemi \u00e9tkezd\u00e9k sz\u00e1m\u00e1ra hasznos megold\u00e1sokr\u00f3l.&#8221; s=&#8221;Inform\u00e1ci\u00f3 k\u00e9r\u00e9s: \u00fczemi \u00e9tkezd\u00e9k&#8221; country=&#8221;Hungary&#8221; l=&#8221;hu&#8221; b=&#8221;food&#8221; container=&#8221;elxcontactus1466430938&#8243;][\/vc_column][\/vc_row]<\/p>\n","protected":false},"excerpt":{"rendered":"<p>[vc_row css=&#8221;.vc_custom_1517925565079{background-color: #041e41 !important;}&#8221;][vc_column reveal_effect=&#8221;&#8221; width=&#8221;2\/3&#8243;][vc_empty_space][vc_row_inner full_width=&#8221;electroluxpro-full-width-no-padding&#8221;][vc_column_inner width=&#8221;1\/4&#8243;][vc_single_image image=&#8221;6055&#8243; img_size=&#8221;full&#8221;][\/vc_column_inner][vc_column_inner width=&#8221;3\/4&#8243;][vc_empty_space height=&#8221;25px&#8221;][elx_heading font_container=&#8221;h1&#8243; font_size=&#8221;h3&#8243; text_color=&#8221;business&#8221; text_align=&#8221;text-left&#8221;]\u00dczemi \u00e9tkezd\u00e9k[\/elx_heading][\/vc_column_inner][\/vc_row_inner][elx_heading font_size=&#8221;h5&#8243; text_color=&#8221;white&#8221;]\u201eNagyon szerencs\u00e9sek vagyunk, hogy olyan Electrolux Professional k\u00e9sz\u00fcl\u00e9kekkel dolgozhatunk, melyek kompakt m\u00e9reteiknek k\u00f6sz\u00f6nhet\u0151en nemcsak a t\u00e1gas t\u00e9r k\u00e9nyelm\u00e9t \u00e9s luxus\u00e1t biztos\u00edtj\u00e1k, de seg\u00edts\u00e9g\u00fckkel k\u00e9pesek vagyunk a konyh\u00e1nkban a tisztas\u00e1g \u00e9s higi\u00e9nia nemzetk\u00f6zi standardjainak megfelel\u0151 magas szintj\u00e9t is [&hellip;]<\/p>\n","protected":false},"author":7,"featured_media":1714,"parent":0,"menu_order":0,"comment_status":"closed","ping_status":"closed","template":"","meta":{"footnotes":""},"class_list":["post-6061","page","type-page","status-publish","has-post-thumbnail","hentry"],"yoast_head":"<!-- This site is optimized with the Yoast SEO plugin v23.3 - https:\/\/yoast.com\/wordpress\/plugins\/seo\/ -->\n<title>\u00dczemi \u00e9tkezd\u00e9k - Electrolux Professional Magyarorsz\u00e1g<\/title>\n<meta name=\"description\" content=\"Biztos\u00edtsa \u00d6n is konyh\u00e1j\u00e1ban a tisztas\u00e1g \u00e9s higi\u00e9nia nemzetk\u00f6zi standardoknak megfelel\u0151 magas szintj\u00e9t!\" \/>\n<meta name=\"robots\" content=\"index, follow, max-snippet:-1, max-image-preview:large, max-video-preview:-1\" \/>\n<link rel=\"canonical\" href=\"https:\/\/www.electroluxprofessional.com\/hu\/uzemi-etkezdek\/\" \/>\n<meta property=\"og:locale\" content=\"hu_HU\" \/>\n<meta property=\"og:type\" content=\"article\" \/>\n<meta property=\"og:title\" content=\"\u00dczemi \u00e9tkezd\u00e9k - Electrolux Professional Magyarorsz\u00e1g\" \/>\n<meta property=\"og:description\" content=\"Biztos\u00edtsa \u00d6n is konyh\u00e1j\u00e1ban a tisztas\u00e1g \u00e9s higi\u00e9nia nemzetk\u00f6zi standardoknak megfelel\u0151 magas szintj\u00e9t!\" \/>\n<meta property=\"og:url\" content=\"https:\/\/www.electroluxprofessional.com\/hu\/uzemi-etkezdek\/\" \/>\n<meta property=\"og:site_name\" content=\"Electrolux Professional Magyarorsz\u00e1g\" \/>\n<meta property=\"article:modified_time\" content=\"2025-11-05T15:01:29+00:00\" \/>\n<meta property=\"og:image\" content=\"https:\/\/www.electroluxprofessional.com\/hu\/wp-content\/uploads\/2016\/11\/staff-canteens1.jpg\" \/>\n\t<meta property=\"og:image:width\" content=\"700\" \/>\n\t<meta property=\"og:image:height\" content=\"700\" \/>\n\t<meta property=\"og:image:type\" content=\"image\/jpeg\" \/>\n<meta name=\"twitter:card\" content=\"summary_large_image\" \/>\n<meta name=\"twitter:label1\" content=\"Becs\u00fclt olvas\u00e1si id\u0151\" \/>\n\t<meta name=\"twitter:data1\" content=\"4 perc\" \/>\n<script type=\"application\/ld+json\" class=\"yoast-schema-graph\">{\"@context\":\"https:\/\/schema.org\",\"@graph\":[{\"@type\":\"WebPage\",\"@id\":\"https:\/\/www.electroluxprofessional.com\/hu\/uzemi-etkezdek\/\",\"url\":\"https:\/\/www.electroluxprofessional.com\/hu\/uzemi-etkezdek\/\",\"name\":\"\u00dczemi \u00e9tkezd\u00e9k - Electrolux Professional Magyarorsz\u00e1g\",\"isPartOf\":{\"@id\":\"https:\/\/www.electroluxprofessional.com\/hu\/#website\"},\"primaryImageOfPage\":{\"@id\":\"https:\/\/www.electroluxprofessional.com\/hu\/uzemi-etkezdek\/#primaryimage\"},\"image\":{\"@id\":\"https:\/\/www.electroluxprofessional.com\/hu\/uzemi-etkezdek\/#primaryimage\"},\"thumbnailUrl\":\"https:\/\/www.electroluxprofessional.com\/hu\/wp-content\/uploads\/2016\/11\/staff-canteens1.jpg\",\"datePublished\":\"2016-11-22T14:26:38+00:00\",\"dateModified\":\"2025-11-05T15:01:29+00:00\",\"description\":\"Biztos\u00edtsa \u00d6n is konyh\u00e1j\u00e1ban a tisztas\u00e1g \u00e9s higi\u00e9nia nemzetk\u00f6zi standardoknak megfelel\u0151 magas szintj\u00e9t!\",\"breadcrumb\":{\"@id\":\"https:\/\/www.electroluxprofessional.com\/hu\/uzemi-etkezdek\/#breadcrumb\"},\"inLanguage\":\"hu\",\"potentialAction\":[{\"@type\":\"ReadAction\",\"target\":[\"https:\/\/www.electroluxprofessional.com\/hu\/uzemi-etkezdek\/\"]}]},{\"@type\":\"ImageObject\",\"inLanguage\":\"hu\",\"@id\":\"https:\/\/www.electroluxprofessional.com\/hu\/uzemi-etkezdek\/#primaryimage\",\"url\":\"https:\/\/www.electroluxprofessional.com\/hu\/wp-content\/uploads\/2016\/11\/staff-canteens1.jpg\",\"contentUrl\":\"https:\/\/www.electroluxprofessional.com\/hu\/wp-content\/uploads\/2016\/11\/staff-canteens1.jpg\",\"width\":700,\"height\":700,\"caption\":\"Staff Canteens\"},{\"@type\":\"BreadcrumbList\",\"@id\":\"https:\/\/www.electroluxprofessional.com\/hu\/uzemi-etkezdek\/#breadcrumb\",\"itemListElement\":[{\"@type\":\"ListItem\",\"position\":1,\"name\":\"Home\",\"item\":\"https:\/\/www.electroluxprofessional.com\/hu\/\"},{\"@type\":\"ListItem\",\"position\":2,\"name\":\"\u00dczemi \u00e9tkezd\u00e9k\"}]},{\"@type\":\"WebSite\",\"@id\":\"https:\/\/www.electroluxprofessional.com\/hu\/#website\",\"url\":\"https:\/\/www.electroluxprofessional.com\/hu\/\",\"name\":\"Electrolux Professional Magyarorsz\u00e1g\",\"description\":\"\",\"potentialAction\":[{\"@type\":\"SearchAction\",\"target\":{\"@type\":\"EntryPoint\",\"urlTemplate\":\"https:\/\/www.electroluxprofessional.com\/hu\/?src={search_term_string}\"},\"query-input\":\"required name=search_term_string\"}],\"inLanguage\":\"hu\"}]}<\/script>\n<!-- \/ Yoast SEO plugin. -->","yoast_head_json":{"title":"\u00dczemi \u00e9tkezd\u00e9k - Electrolux Professional Magyarorsz\u00e1g","description":"Biztos\u00edtsa \u00d6n is konyh\u00e1j\u00e1ban a tisztas\u00e1g \u00e9s higi\u00e9nia nemzetk\u00f6zi standardoknak megfelel\u0151 magas szintj\u00e9t!","robots":{"index":"index","follow":"follow","max-snippet":"max-snippet:-1","max-image-preview":"max-image-preview:large","max-video-preview":"max-video-preview:-1"},"canonical":"https:\/\/www.electroluxprofessional.com\/hu\/uzemi-etkezdek\/","og_locale":"hu_HU","og_type":"article","og_title":"\u00dczemi \u00e9tkezd\u00e9k - Electrolux Professional Magyarorsz\u00e1g","og_description":"Biztos\u00edtsa \u00d6n is konyh\u00e1j\u00e1ban a tisztas\u00e1g \u00e9s higi\u00e9nia nemzetk\u00f6zi standardoknak megfelel\u0151 magas szintj\u00e9t!","og_url":"https:\/\/www.electroluxprofessional.com\/hu\/uzemi-etkezdek\/","og_site_name":"Electrolux Professional Magyarorsz\u00e1g","article_modified_time":"2025-11-05T15:01:29+00:00","og_image":[{"width":700,"height":700,"url":"https:\/\/www.electroluxprofessional.com\/hu\/wp-content\/uploads\/2016\/11\/staff-canteens1.jpg","type":"image\/jpeg"}],"twitter_card":"summary_large_image","twitter_misc":{"Becs\u00fclt olvas\u00e1si id\u0151":"4 perc"},"schema":{"@context":"https:\/\/schema.org","@graph":[{"@type":"WebPage","@id":"https:\/\/www.electroluxprofessional.com\/hu\/uzemi-etkezdek\/","url":"https:\/\/www.electroluxprofessional.com\/hu\/uzemi-etkezdek\/","name":"\u00dczemi \u00e9tkezd\u00e9k - Electrolux Professional Magyarorsz\u00e1g","isPartOf":{"@id":"https:\/\/www.electroluxprofessional.com\/hu\/#website"},"primaryImageOfPage":{"@id":"https:\/\/www.electroluxprofessional.com\/hu\/uzemi-etkezdek\/#primaryimage"},"image":{"@id":"https:\/\/www.electroluxprofessional.com\/hu\/uzemi-etkezdek\/#primaryimage"},"thumbnailUrl":"https:\/\/www.electroluxprofessional.com\/hu\/wp-content\/uploads\/2016\/11\/staff-canteens1.jpg","datePublished":"2016-11-22T14:26:38+00:00","dateModified":"2025-11-05T15:01:29+00:00","description":"Biztos\u00edtsa \u00d6n is konyh\u00e1j\u00e1ban a tisztas\u00e1g \u00e9s higi\u00e9nia nemzetk\u00f6zi standardoknak megfelel\u0151 magas szintj\u00e9t!","breadcrumb":{"@id":"https:\/\/www.electroluxprofessional.com\/hu\/uzemi-etkezdek\/#breadcrumb"},"inLanguage":"hu","potentialAction":[{"@type":"ReadAction","target":["https:\/\/www.electroluxprofessional.com\/hu\/uzemi-etkezdek\/"]}]},{"@type":"ImageObject","inLanguage":"hu","@id":"https:\/\/www.electroluxprofessional.com\/hu\/uzemi-etkezdek\/#primaryimage","url":"https:\/\/www.electroluxprofessional.com\/hu\/wp-content\/uploads\/2016\/11\/staff-canteens1.jpg","contentUrl":"https:\/\/www.electroluxprofessional.com\/hu\/wp-content\/uploads\/2016\/11\/staff-canteens1.jpg","width":700,"height":700,"caption":"Staff Canteens"},{"@type":"BreadcrumbList","@id":"https:\/\/www.electroluxprofessional.com\/hu\/uzemi-etkezdek\/#breadcrumb","itemListElement":[{"@type":"ListItem","position":1,"name":"Home","item":"https:\/\/www.electroluxprofessional.com\/hu\/"},{"@type":"ListItem","position":2,"name":"\u00dczemi \u00e9tkezd\u00e9k"}]},{"@type":"WebSite","@id":"https:\/\/www.electroluxprofessional.com\/hu\/#website","url":"https:\/\/www.electroluxprofessional.com\/hu\/","name":"Electrolux Professional Magyarorsz\u00e1g","description":"","potentialAction":[{"@type":"SearchAction","target":{"@type":"EntryPoint","urlTemplate":"https:\/\/www.electroluxprofessional.com\/hu\/?src={search_term_string}"},"query-input":"required name=search_term_string"}],"inLanguage":"hu"}]}},"_links":{"self":[{"href":"https:\/\/www.electroluxprofessional.com\/hu\/wp-json\/wp\/v2\/pages\/6061"}],"collection":[{"href":"https:\/\/www.electroluxprofessional.com\/hu\/wp-json\/wp\/v2\/pages"}],"about":[{"href":"https:\/\/www.electroluxprofessional.com\/hu\/wp-json\/wp\/v2\/types\/page"}],"author":[{"embeddable":true,"href":"https:\/\/www.electroluxprofessional.com\/hu\/wp-json\/wp\/v2\/users\/7"}],"replies":[{"embeddable":true,"href":"https:\/\/www.electroluxprofessional.com\/hu\/wp-json\/wp\/v2\/comments?post=6061"}],"version-history":[{"count":6,"href":"https:\/\/www.electroluxprofessional.com\/hu\/wp-json\/wp\/v2\/pages\/6061\/revisions"}],"predecessor-version":[{"id":9351,"href":"https:\/\/www.electroluxprofessional.com\/hu\/wp-json\/wp\/v2\/pages\/6061\/revisions\/9351"}],"wp:featuredmedia":[{"embeddable":true,"href":"https:\/\/www.electroluxprofessional.com\/hu\/wp-json\/wp\/v2\/media\/1714"}],"wp:attachment":[{"href":"https:\/\/www.electroluxprofessional.com\/hu\/wp-json\/wp\/v2\/media?parent=6061"}],"curies":[{"name":"wp","href":"https:\/\/api.w.org\/{rel}","templated":true}]}}