{"id":5538,"date":"2021-03-31T07:53:47","date_gmt":"2021-03-31T07:53:47","guid":{"rendered":"https:\/\/www.electroluxprofessional.com\/?page_id=22169"},"modified":"2025-11-05T14:53:54","modified_gmt":"2025-11-05T14:53:54","slug":"hot-beverage-dispensers-2","status":"publish","type":"page","link":"https:\/\/www.electroluxprofessional.com\/hu\/hot-beverage-dispensers-2\/","title":{"rendered":"Forr\u00f3ital-adagol\u00f3k"},"content":{"rendered":"<p>[vc_row full_width=&#8221;electroluxpro-full-width-no-padding&#8221;][vc_column][elx_image_block background_image=&#8221;4855&#8243; minimum_height=&#8221;350px&#8221;][vc_empty_space][\/vc_column][\/vc_row][vc_row][vc_column width=&#8221;2\/3&#8243;][elx_heading font_container=&#8221;h1&#8243; font_size=&#8221;h3&#8243; text_color=&#8221;inherit&#8221;]Forr\u00f3ital-adagol\u00f3k[\/elx_heading][vc_column_text]A forr\u00f3 italok \u00f6r\u00f6met okoznak \u00e9s inspir\u00e1lnak, legyen az kor\u00e1n reggel, k\u00e9s\u0151 d\u00e9lut\u00e1n vagy b\u00e1rmikor.[\/vc_column_text][\/vc_column][vc_column width=&#8221;1\/3&#8243;][elx_download_block text=&#8221;Download the Beverage solutions<br \/>\nproduct catalogue&#8221; document_type=&#8221;brochures&#8221; background_color=&#8221;electrolux-blue&#8221; element_appearance=&#8221;download_form&#8221; br_document_number=&#8221;BR-9JE00131&#8243;][\/vc_column][\/vc_row][vc_row][vc_column width=&#8221;2\/3&#8243;][elx_heading font_size=&#8221;h3&#8243; text_color=&#8221;electrolux-blue&#8221; text_align=&#8221;text-left&#8221;]Italporos<br \/>\nitaladagol\u00f3k[\/elx_heading][elx_heading font_container=&#8221;h3&#8243; font_size=&#8221;h5&#8243; text_color=&#8221;electrolux-blue&#8221; text_align=&#8221;text-left&#8221;]Min\u0151s\u00e9gi forr\u00f3 italok k\u00e9zk\u00f6zelben[\/elx_heading][vc_column_text]Praktikus, k\u00f6nnyen haszn\u00e1lhat\u00f3, \u00e9s <strong>megold\u00e1st ny\u00fajt old\u00f3d\u00f3 italok k\u00e9sz\u00edt\u00e9s\u00e9re<\/strong>.<br \/>\nA szemnek tetszet\u0151s, <strong>h\u00e1tt\u00e9rvil\u00e1g\u00edt\u00e1ssal rendelkez\u0151 el\u0151lap<\/strong> jobban l\u00e1that\u00f3v\u00e1 teszi az italv\u00e1laszt\u00e9kot.<br \/>\nAz adagol\u00f3 mindenf\u00e9le k\u00f6rnyezetbe beillik, \u00e9s n\u00f6veli v\u00e1llalkoz\u00e1s\u00e1nak az \u00e9rt\u00e9k\u00e9t.[\/vc_column_text][\/vc_column][vc_column width=&#8221;1\/3&#8243;][vc_single_image image=&#8221;5679&#8243; img_size=&#8221;full&#8221; alignment=&#8221;right&#8221;][\/vc_column][\/vc_row][vc_row][vc_column][vc_empty_space height=&#8221;42px&#8221;][\/vc_column][\/vc_row][vc_row full_width=&#8221;electroluxpro-full-width-no-padding&#8221; css=&#8221;.vc_custom_1553177212648{background-image: url(https:\/\/www.electroluxprofessional.com\/hu\/\/wp-content\/uploads\/2018\/01\/hot-beverage-dispensers-coffee-cups-2000.jpg?id=14636) !important;background-position: center !important;background-repeat: no-repeat !important;background-size: cover !important;}&#8221;][vc_column][vc_empty_space height=&#8221;300px&#8221;][\/vc_column][\/vc_row][vc_row][vc_column][vc_empty_space height=&#8221;60px&#8221;][\/vc_column][\/vc_row][vc_row][vc_column width=&#8221;3\/4&#8243;][elx_heading font_size=&#8221;h3&#8243; text_color=&#8221;inherit&#8221;]Forr\u00f3csokol\u00e1d\u00e9-adagol\u00f3[\/elx_heading][elx_heading font_container=&#8221;h3&#8243; font_size=&#8221;h5&#8243; text_color=&#8221;inherit&#8221;]Itt kezd\u0151nek a forr\u00f3 csokol\u00e1d\u00e9val szerzett \u00e9lm\u00e9nyek.[\/elx_heading][vc_column_text]<strong>A k\u00f6nny\u0171, kompakt \u00e9s funkcion\u00e1lis<\/strong> adagol\u00f3inkat k\u00f6nny\u0171 sz\u00e9tszedni \u00e9s megtiszt\u00edtani.<br \/>\nPr\u00f3b\u00e1lja ki egy \u00e9rint\u00e9ssel a forr\u00f3 csokol\u00e1d\u00e9nkat.[\/vc_column_text][vc_empty_space][\/vc_column][vc_column width=&#8221;1\/4&#8243;][vc_single_image image=&#8221;4861&#8243; img_size=&#8221;full&#8221;][\/vc_column][\/vc_row][vc_row][vc_column][vc_empty_space height=&#8221;60px&#8221;][\/vc_column][\/vc_row][vc_row][vc_column width=&#8221;1\/3&#8243;][elx_image_block background_image=&#8221;4857&#8243; minimum_height=&#8221;360px&#8221;][\/vc_column][vc_column width=&#8221;1\/3&#8243;][elx_image_block background_image=&#8221;4858&#8243; minimum_height=&#8221;360px&#8221;][\/vc_column][vc_column width=&#8221;1\/3&#8243;][elx_image_block background_image=&#8221;4859&#8243; minimum_height=&#8221;360px&#8221;][\/vc_column][\/vc_row][vc_row][vc_column][vc_empty_space height=&#8221;50px&#8221;][\/vc_column][\/vc_row][vc_row css=&#8221;.vc_custom_1516904946877{border-top-width: 1px !important;background-color: #ffffff !important;border-top-color: #eeeeee !important;border-top-style: solid !important;}&#8221;][vc_column reveal_effect=&#8221;&#8221;][vc_empty_space height=&#8221;80px&#8221;][elx_heading font_size=&#8221;h3&#8243; text_color=&#8221;inherit&#8221; text_align=&#8221;text-left&#8221;]Tudjon meg m\u00e9g t\u00f6bbet forr\u00f3ital-adagol\u00f3kr\u00f3l [\/elx_heading][elx_o2000_contact_us r=&#8221;I&#8217;d like to find out more about Hot beverage dispensers. Please get in touch with me. Thanks.&#8221; s=&#8221;Request of information about Hot beverage dispensers&#8221; l=&#8221;en&#8221;][\/vc_column][\/vc_row][vc_row][vc_column][vc_empty_space height=&#8221;100px&#8221;][elx_heading font_size=&#8221;h3&#8243; text_color=&#8221;inherit&#8221; text_align=&#8221;text-left&#8221;]Tal\u00e1lja meg mag\u00e1nak a teljes k\u00f6r\u0171 megold\u00e1st[\/elx_heading][\/vc_column][\/vc_row][vc_row][vc_column width=&#8221;1\/3&#8243;][elx_maylike_box id_box=&#8221;3770&#8243;][\/vc_column][vc_column width=&#8221;1\/3&#8243;][elx_maylike_box id_box=&#8221;3673&#8243;][\/vc_column][vc_column width=&#8221;1\/3&#8243;][elx_maylike_box id_box=&#8221;3682&#8243;][\/vc_column][\/vc_row]<\/p>\n","protected":false},"excerpt":{"rendered":"<p>[vc_row full_width=&#8221;electroluxpro-full-width-no-padding&#8221;][vc_column][elx_image_block background_image=&#8221;4855&#8243; minimum_height=&#8221;350px&#8221;][vc_empty_space][\/vc_column][\/vc_row][vc_row][vc_column width=&#8221;2\/3&#8243;][elx_heading font_container=&#8221;h1&#8243; font_size=&#8221;h3&#8243; text_color=&#8221;inherit&#8221;]Forr\u00f3ital-adagol\u00f3k[\/elx_heading][vc_column_text]A forr\u00f3 italok \u00f6r\u00f6met okoznak \u00e9s inspir\u00e1lnak, legyen az kor\u00e1n reggel, k\u00e9s\u0151 d\u00e9lut\u00e1n vagy b\u00e1rmikor.[\/vc_column_text][\/vc_column][vc_column width=&#8221;1\/3&#8243;][elx_download_block text=&#8221;Download the Beverage solutions product catalogue&#8221; document_type=&#8221;brochures&#8221; background_color=&#8221;electrolux-blue&#8221; element_appearance=&#8221;download_form&#8221; br_document_number=&#8221;BR-9JE00131&#8243;][\/vc_column][\/vc_row][vc_row][vc_column width=&#8221;2\/3&#8243;][elx_heading font_size=&#8221;h3&#8243; text_color=&#8221;electrolux-blue&#8221; text_align=&#8221;text-left&#8221;]Italporos italadagol\u00f3k[\/elx_heading][elx_heading font_container=&#8221;h3&#8243; font_size=&#8221;h5&#8243; text_color=&#8221;electrolux-blue&#8221; text_align=&#8221;text-left&#8221;]Min\u0151s\u00e9gi forr\u00f3 italok k\u00e9zk\u00f6zelben[\/elx_heading][vc_column_text]Praktikus, k\u00f6nnyen haszn\u00e1lhat\u00f3, \u00e9s megold\u00e1st ny\u00fajt old\u00f3d\u00f3 italok k\u00e9sz\u00edt\u00e9s\u00e9re. A szemnek [&hellip;]<\/p>\n","protected":false},"author":1,"featured_media":0,"parent":0,"menu_order":0,"comment_status":"closed","ping_status":"closed","template":"","meta":{"footnotes":""},"class_list":["post-5538","page","type-page","status-publish","hentry"],"yoast_head":"<!-- This site is optimized with the Yoast SEO plugin v23.3 - https:\/\/yoast.com\/wordpress\/plugins\/seo\/ -->\n<title>Forr\u00f3ital-adagol\u00f3k - Electrolux Professional Magyarorsz\u00e1g<\/title>\n<meta name=\"description\" content=\"A hot beverage experience that satisfies and inspires, in early morning, late afternoon or anytime. Quality hot drinks at your fingertips.\" \/>\n<meta name=\"robots\" content=\"index, follow, max-snippet:-1, max-image-preview:large, max-video-preview:-1\" \/>\n<link rel=\"canonical\" href=\"https:\/\/www.electroluxprofessional.com\/hu\/hot-beverage-dispensers-2\/\" \/>\n<meta property=\"og:locale\" content=\"hu_HU\" \/>\n<meta property=\"og:type\" content=\"article\" \/>\n<meta property=\"og:title\" content=\"Forr\u00f3ital-adagol\u00f3k - Electrolux Professional Magyarorsz\u00e1g\" \/>\n<meta property=\"og:description\" content=\"A hot beverage experience that satisfies and inspires, in early morning, late afternoon or anytime. Quality hot drinks at your fingertips.\" \/>\n<meta property=\"og:url\" content=\"https:\/\/www.electroluxprofessional.com\/hu\/hot-beverage-dispensers-2\/\" \/>\n<meta property=\"og:site_name\" content=\"Electrolux Professional Magyarorsz\u00e1g\" \/>\n<meta property=\"article:modified_time\" content=\"2025-11-05T14:53:54+00:00\" \/>\n<meta name=\"twitter:card\" content=\"summary_large_image\" \/>\n<meta name=\"twitter:label1\" content=\"Becs\u00fclt olvas\u00e1si id\u0151\" \/>\n\t<meta name=\"twitter:data1\" content=\"2 perc\" \/>\n<script type=\"application\/ld+json\" class=\"yoast-schema-graph\">{\"@context\":\"https:\/\/schema.org\",\"@graph\":[{\"@type\":\"WebPage\",\"@id\":\"https:\/\/www.electroluxprofessional.com\/hu\/hot-beverage-dispensers-2\/\",\"url\":\"https:\/\/www.electroluxprofessional.com\/hu\/hot-beverage-dispensers-2\/\",\"name\":\"Forr\u00f3ital-adagol\u00f3k - Electrolux Professional Magyarorsz\u00e1g\",\"isPartOf\":{\"@id\":\"https:\/\/www.electroluxprofessional.com\/hu\/#website\"},\"datePublished\":\"2021-03-31T07:53:47+00:00\",\"dateModified\":\"2025-11-05T14:53:54+00:00\",\"description\":\"A hot beverage experience that satisfies and inspires, in early morning, late afternoon or anytime. Quality hot drinks at your fingertips.\",\"breadcrumb\":{\"@id\":\"https:\/\/www.electroluxprofessional.com\/hu\/hot-beverage-dispensers-2\/#breadcrumb\"},\"inLanguage\":\"hu\",\"potentialAction\":[{\"@type\":\"ReadAction\",\"target\":[\"https:\/\/www.electroluxprofessional.com\/hu\/hot-beverage-dispensers-2\/\"]}]},{\"@type\":\"BreadcrumbList\",\"@id\":\"https:\/\/www.electroluxprofessional.com\/hu\/hot-beverage-dispensers-2\/#breadcrumb\",\"itemListElement\":[{\"@type\":\"ListItem\",\"position\":1,\"name\":\"Home\",\"item\":\"https:\/\/www.electroluxprofessional.com\/hu\/\"},{\"@type\":\"ListItem\",\"position\":2,\"name\":\"Forr\u00f3ital-adagol\u00f3k\"}]},{\"@type\":\"WebSite\",\"@id\":\"https:\/\/www.electroluxprofessional.com\/hu\/#website\",\"url\":\"https:\/\/www.electroluxprofessional.com\/hu\/\",\"name\":\"Electrolux Professional Magyarorsz\u00e1g\",\"description\":\"\",\"potentialAction\":[{\"@type\":\"SearchAction\",\"target\":{\"@type\":\"EntryPoint\",\"urlTemplate\":\"https:\/\/www.electroluxprofessional.com\/hu\/?src={search_term_string}\"},\"query-input\":\"required name=search_term_string\"}],\"inLanguage\":\"hu\"}]}<\/script>\n<!-- \/ Yoast SEO plugin. -->","yoast_head_json":{"title":"Forr\u00f3ital-adagol\u00f3k - Electrolux Professional Magyarorsz\u00e1g","description":"A hot beverage experience that satisfies and inspires, in early morning, late afternoon or anytime. Quality hot drinks at your fingertips.","robots":{"index":"index","follow":"follow","max-snippet":"max-snippet:-1","max-image-preview":"max-image-preview:large","max-video-preview":"max-video-preview:-1"},"canonical":"https:\/\/www.electroluxprofessional.com\/hu\/hot-beverage-dispensers-2\/","og_locale":"hu_HU","og_type":"article","og_title":"Forr\u00f3ital-adagol\u00f3k - Electrolux Professional Magyarorsz\u00e1g","og_description":"A hot beverage experience that satisfies and inspires, in early morning, late afternoon or anytime. Quality hot drinks at your fingertips.","og_url":"https:\/\/www.electroluxprofessional.com\/hu\/hot-beverage-dispensers-2\/","og_site_name":"Electrolux Professional Magyarorsz\u00e1g","article_modified_time":"2025-11-05T14:53:54+00:00","twitter_card":"summary_large_image","twitter_misc":{"Becs\u00fclt olvas\u00e1si id\u0151":"2 perc"},"schema":{"@context":"https:\/\/schema.org","@graph":[{"@type":"WebPage","@id":"https:\/\/www.electroluxprofessional.com\/hu\/hot-beverage-dispensers-2\/","url":"https:\/\/www.electroluxprofessional.com\/hu\/hot-beverage-dispensers-2\/","name":"Forr\u00f3ital-adagol\u00f3k - Electrolux Professional Magyarorsz\u00e1g","isPartOf":{"@id":"https:\/\/www.electroluxprofessional.com\/hu\/#website"},"datePublished":"2021-03-31T07:53:47+00:00","dateModified":"2025-11-05T14:53:54+00:00","description":"A hot beverage experience that satisfies and inspires, in early morning, late afternoon or anytime. Quality hot drinks at your fingertips.","breadcrumb":{"@id":"https:\/\/www.electroluxprofessional.com\/hu\/hot-beverage-dispensers-2\/#breadcrumb"},"inLanguage":"hu","potentialAction":[{"@type":"ReadAction","target":["https:\/\/www.electroluxprofessional.com\/hu\/hot-beverage-dispensers-2\/"]}]},{"@type":"BreadcrumbList","@id":"https:\/\/www.electroluxprofessional.com\/hu\/hot-beverage-dispensers-2\/#breadcrumb","itemListElement":[{"@type":"ListItem","position":1,"name":"Home","item":"https:\/\/www.electroluxprofessional.com\/hu\/"},{"@type":"ListItem","position":2,"name":"Forr\u00f3ital-adagol\u00f3k"}]},{"@type":"WebSite","@id":"https:\/\/www.electroluxprofessional.com\/hu\/#website","url":"https:\/\/www.electroluxprofessional.com\/hu\/","name":"Electrolux Professional Magyarorsz\u00e1g","description":"","potentialAction":[{"@type":"SearchAction","target":{"@type":"EntryPoint","urlTemplate":"https:\/\/www.electroluxprofessional.com\/hu\/?src={search_term_string}"},"query-input":"required name=search_term_string"}],"inLanguage":"hu"}]}},"_links":{"self":[{"href":"https:\/\/www.electroluxprofessional.com\/hu\/wp-json\/wp\/v2\/pages\/5538"}],"collection":[{"href":"https:\/\/www.electroluxprofessional.com\/hu\/wp-json\/wp\/v2\/pages"}],"about":[{"href":"https:\/\/www.electroluxprofessional.com\/hu\/wp-json\/wp\/v2\/types\/page"}],"author":[{"embeddable":true,"href":"https:\/\/www.electroluxprofessional.com\/hu\/wp-json\/wp\/v2\/users\/1"}],"replies":[{"embeddable":true,"href":"https:\/\/www.electroluxprofessional.com\/hu\/wp-json\/wp\/v2\/comments?post=5538"}],"version-history":[{"count":5,"href":"https:\/\/www.electroluxprofessional.com\/hu\/wp-json\/wp\/v2\/pages\/5538\/revisions"}],"predecessor-version":[{"id":9328,"href":"https:\/\/www.electroluxprofessional.com\/hu\/wp-json\/wp\/v2\/pages\/5538\/revisions\/9328"}],"wp:attachment":[{"href":"https:\/\/www.electroluxprofessional.com\/hu\/wp-json\/wp\/v2\/media?parent=5538"}],"curies":[{"name":"wp","href":"https:\/\/api.w.org\/{rel}","templated":true}]}}