{"id":5537,"date":"2021-03-31T07:53:22","date_gmt":"2021-03-31T07:53:22","guid":{"rendered":"https:\/\/www.electroluxprofessional.com\/?page_id=22205"},"modified":"2025-11-05T14:54:33","modified_gmt":"2025-11-05T14:54:33","slug":"frozen-beverage-dispensers-2","status":"publish","type":"page","link":"https:\/\/www.electroluxprofessional.com\/hu\/frozen-beverage-dispensers-2\/","title":{"rendered":"Fagyasztottital-adagol\u00f3k"},"content":{"rendered":"<p>[vc_row full_width=&#8221;electroluxpro-full-width-no-padding&#8221;][vc_column][elx_image_block background_image=&#8221;4843&#8243; minimum_height=&#8221;350px&#8221;][vc_empty_space][\/vc_column][\/vc_row][vc_row][vc_column][elx_heading font_container=&#8221;h1&#8243; font_size=&#8221;h3&#8243; text_color=&#8221;electrolux-blue&#8221; text_align=&#8221;text-left&#8221;]Fagyasztottital- \u00e9s j\u00e9gkr\u00e9madagol\u00f3k[\/elx_heading][vc_column_text]Eg\u00e9sz \u00e9vben rugalmasan \u00e9s innovat\u00edv m\u00f3don tudja a fagyasztott italokra \u00e9s j\u00e9gkr\u00e9mekre v\u00e1gy\u00f3 vev\u0151inek az ig\u00e9ny\u00e9t kiel\u00e9g\u00edteni.[\/vc_column_text][vc_empty_space][\/vc_column][\/vc_row][vc_row][vc_column width=&#8221;1\/3&#8243;][vc_row_inner][vc_column_inner width=&#8221;1\/4&#8243;][vc_single_image image=&#8221;4845&#8243; img_size=&#8221;68&#215;68&#8243;][\/vc_column_inner][vc_column_inner width=&#8221;3\/4&#8243;][elx_heading font_container=&#8221;h3&#8243; font_size=&#8221;h3&#8243; text_color=&#8221;inherit&#8221; text_align=&#8221;text-left&#8221;]Diz\u00e1jn \u00e9s technol\u00f3gia[\/elx_heading][vc_column_text]Felhaszn\u00e1l\u00f3bar\u00e1t, csek\u00e9ly karbantart\u00e1st ig\u00e9nyl\u0151 h\u0171t\u0151rendszer[\/vc_column_text][\/vc_column_inner][\/vc_row_inner][\/vc_column][vc_column width=&#8221;1\/3&#8243;][vc_row_inner][vc_column_inner width=&#8221;1\/4&#8243;][vc_single_image image=&#8221;4846&#8243; img_size=&#8221;68&#215;68&#8243;][\/vc_column_inner][vc_column_inner width=&#8221;3\/4&#8243;][elx_heading font_container=&#8221;h3&#8243; font_size=&#8221;h3&#8243; text_color=&#8221;inherit&#8221; text_align=&#8221;text-left&#8221;]Rugalmas haszn\u00e1lat[\/elx_heading][vc_column_text]Megfelel\u0151 fagyasztott ital felszolg\u00e1l\u00e1sa minden id\u0151ben.[\/vc_column_text][\/vc_column_inner][\/vc_row_inner][\/vc_column][vc_column width=&#8221;1\/3&#8243;][elx_download_block text=&#8221;Beverage solutions<br \/>\nproduct catalogue&#8221; document_type=&#8221;brochures&#8221; background_color=&#8221;electrolux-blue&#8221; br_document_number=&#8221;BR-9JE00131&#8243;][\/vc_column][\/vc_row][vc_row][vc_column width=&#8221;1\/2&#8243;][elx_heading font_size=&#8221;h3&#8243; text_color=&#8221;electrolux-blue&#8221; text_align=&#8221;text-left&#8221;]Fagyasztott Granita adagol\u00f3k[\/elx_heading][elx_heading font_container=&#8221;h3&#8243; font_size=&#8221;h5&#8243; text_color=&#8221;electrolux-blue&#8221; text_align=&#8221;text-left&#8221;]Innov\u00e1ci\u00f3, teljes\u00edt\u00e9s \u00e9s diz\u00e1jn[\/elx_heading][vc_column_text]A kisebb b\u00e1rokt\u00f3l kezdve a nagy forgalm\u00fa v\u00e1llalkoz\u00e1sokig.<br \/>\n<strong>I-TANK BOWL<\/strong>-jaink t\u00f6k\u00e9letesen megtartj\u00e1k a k\u00e1s\u00e1s \u00e1llagot. \u00dagy lettek kialak\u00edtva, hogy a h\u0151m\u00e9rs\u00e9kletet szab\u00e1lyozz\u00e1k, \u00e9s elszigetelj\u00e9k a ny\u00e1ri h\u0151s\u00e9gt\u0151l.<br \/>\nEz az eleg\u00e1ns \u00e9s sz\u00ednes adagol\u00f3 vonzani fogja az \u00fcgyfeleket, hogy szak\u00edtsanak id\u0151t egy friss\u00edt\u0151re.[\/vc_column_text][vc_empty_space height=&#8221;50px&#8221;][\/vc_column][vc_column width=&#8221;1\/2&#8243;][vc_empty_space][vc_single_image image=&#8221;4847&#8243; img_size=&#8221;medium&#8221; alignment=&#8221;center&#8221;][\/vc_column][\/vc_row][vc_row][vc_column width=&#8221;1\/2&#8243;][elx_heading font_size=&#8221;h3&#8243; text_color=&#8221;electrolux-blue&#8221; text_align=&#8221;text-left&#8221;]J\u00e9gkr\u00e9madagol\u00f3k[\/elx_heading][elx_heading font_container=&#8221;h3&#8243; font_size=&#8221;h5&#8243; text_color=&#8221;electrolux-blue&#8221; text_align=&#8221;text-left&#8221;]K\u00f6nny\u0171 \u00e9s \u00edzletes m\u00f3dja a saj\u00e1t men\u00fcv\u00e1laszt\u00e9k kisz\u00e9les\u00edt\u00e9s\u00e9nek[\/elx_heading][vc_column_text]J\u00e9gkr\u00e9madagol\u00f3ink <strong>m\u00e9rete<\/strong> az egyik legkisebb<strong>a piacon el\u00e9rhet\u0151<\/strong> t\u00edpusok k\u00f6z\u00f6tt. B\u0151v\u00edtse ki a k\u00edn\u00e1lat\u00e1t, n\u00f6velje profitj\u00e1t, \u00e9s vonzzon be \u00faj \u00fcgyfeleket az Electrolux leg\u00fajabb kompakt j\u00e9gkr\u00e9madagol\u00f3ival.[\/vc_column_text][\/vc_column][vc_column width=&#8221;1\/2&#8243;][vc_empty_space][vc_single_image image=&#8221;4848&#8243; img_size=&#8221;medium&#8221; alignment=&#8221;center&#8221;][\/vc_column][\/vc_row][vc_row][vc_column][vc_empty_space height=&#8221;15px&#8221;][\/vc_column][\/vc_row][vc_row full_width=&#8221;electroluxpro-full-width-no-padding&#8221; css=&#8221;.vc_custom_1553177121446{background-image: url(https:\/\/www.electroluxprofessional.com\/hu\/\/wp-content\/uploads\/2019\/03\/frozen-granita-watermelon-flavor-2000&#215;3000.jpg?id=22219) !important;background-position: center !important;background-repeat: no-repeat !important;background-size: cover !important;}&#8221;][vc_column width=&#8221;1\/2&#8243;][vc_empty_space height=&#8221;300px&#8221;][\/vc_column][vc_column width=&#8221;1\/2&#8243;][vc_single_image image=&#8221;4849&#8243; img_size=&#8221;medium&#8221; alignment=&#8221;center&#8221; css=&#8221;.vc_custom_1553177159219{border-top-width: -90px !important;}&#8221;][\/vc_column][\/vc_row][vc_row][vc_column][vc_empty_space height=&#8221;15px&#8221;][\/vc_column][\/vc_row][vc_row][vc_column width=&#8221;1\/2&#8243;][elx_heading font_size=&#8221;h3&#8243; text_color=&#8221;electrolux-blue&#8221; text_align=&#8221;text-left&#8221;]S\u00f6rbet- \u00e9s j\u00e9gkr\u00e9madagol\u00f3k[\/elx_heading][elx_heading font_container=&#8221;h3&#8243; font_size=&#8221;h5&#8243; text_color=&#8221;electrolux-blue&#8221; text_align=&#8221;text-left&#8221;]Csak a legjobb min\u0151s\u00e9get \u00e9s frissess\u00e9get szolg\u00e1lja fel<br \/>\n[\/elx_heading][vc_column_text]Hagyja, hogy kreativit\u00e1sa egy\u00fctt \u00e1ramoljon az Electrolux Professional \u00faj s\u00f6rbet- \u00e9s j\u00e9gkr\u00e9madagol\u00f3ival. Vonzzon be \u00fcgyfeleket modern kialak\u00edt\u00e1s\u00e1nak \u00e9s <strong>LED* megvil\u00e1g\u00edt\u00e1s\u00e1nak<\/strong> k\u00f6sz\u00f6nhet\u0151en. <strong>BPA-mentes<\/strong>, \u00e1tl\u00e1tsz\u00f3 t\u00e1lak, amelyek <strong>\u00fct\u00e9s\u00e1ll\u00f3<\/strong> kopoli\u00e9szterb\u0151l k\u00e9sz\u00fclnek, hogy maxim\u00e1lis <strong>biztons\u00e1got<\/strong>, <strong>megb\u00edzhat\u00f3s\u00e1got<\/strong> \u00e9s <strong>korr\u00f3zi\u00f3v\u00e9delmet<\/strong> biztos\u00edtsanak.<\/p>\n<p>Az utols\u00f3 adagol\u00e1sig tartson fenn \u00e1lland\u00f3 h\u0151m\u00e9rs\u00e9kletet \u00e9s \u00e1llagot a <strong>SZABADALMAZTATOTT** Hybrid Texture Controlnak<\/strong> k\u00f6sz\u00f6nhet\u0151en. A <strong>SZABADALMAZTATOTT*** I-Tank\u00ae<\/strong> technol\u00f3gia energi\u00e1t takar\u00edt meg, \u00e9s gyorsabban el\u00e9ri a term\u00e9kvastags\u00e1got, r\u00e1ad\u00e1sul megakad\u00e1lyozza j\u00e9g vagy kondenz\u00e1ci\u00f3 kialakul\u00e1s\u00e1t a t\u00e1l k\u00fcls\u0151 oldal\u00e1n. <strong>Gondoskodjon az \u00fcgyfelek biztons\u00e1g\u00e1r\u00f3l<\/strong> az <strong>nUV LED*<\/strong> technol\u00f3gi\u00e1val, amely fert\u0151tlen\u00edti a t\u00e1lat, \u00e9s <strong>cs\u00f6kkenti a bakt\u00e9riumok elszaporod\u00e1s\u00e1t<\/strong>.[\/vc_column_text][vc_empty_space height=&#8221;50px&#8221;][vc_column_text]* a kiv\u00e1lasztott modelleken<br \/>\n** Szabadalmazott (EP331375B1 \u00e9s kapcsol\u00f3d\u00f3 term\u00e9kcsal\u00e1d)<br \/>\n*** Szabadalmazott (EP2680708 \u00e9s kapcsol\u00f3d\u00f3 term\u00e9kcsal\u00e1d)[\/vc_column_text][vc_empty_space height=&#8221;50px&#8221;][\/vc_column][vc_column width=&#8221;1\/2&#8243;][vc_empty_space][vc_single_image image=&#8221;5433&#8243; img_size=&#8221;medium&#8221; alignment=&#8221;center&#8221;][elx_heading font_container=&#8221;h3&#8243; text_color=&#8221;inherit&#8221; text_align=&#8221;text-center&#8221;]SP ULTRA[\/elx_heading][vc_empty_space][vc_single_image image=&#8221;5434&#8243; img_size=&#8221;medium&#8221; alignment=&#8221;center&#8221;][\/vc_column][\/vc_row][vc_row][vc_column width=&#8221;1\/2&#8243;][elx_heading font_size=&#8221;h3&#8243; text_color=&#8221;electrolux-blue&#8221; text_align=&#8221;text-left&#8221;]Fagyasztott Granita, j\u00e9gkr\u00e9m- \u00e9s fagylaltadagol\u00f3k[\/elx_heading][elx_heading font_container=&#8221;h3&#8243; font_size=&#8221;h5&#8243; text_color=&#8221;electrolux-blue&#8221; text_align=&#8221;text-left&#8221;]Egy megold\u00e1s, \u00f6t lehet\u0151s\u00e9g.[\/elx_heading][vc_column_text]Hozzon l\u00e9tre <strong>5<\/strong> k\u00fcl\u00f6nb\u00f6z\u0151 h\u0171t\u00f6tt \u00e9s desszertspecialit\u00e1st <strong>egyetlen egyedi megold\u00e1sban<\/strong>: l\u00e1gy fagylalt, fagyasztott joghurt, h\u0171t\u00f6tt k\u00e1v\u00e9kr\u00e9m, s\u00f6rbet \u00e9s j\u00e9gk\u00e1sa, az adott pillanatban felmer\u00fclt ig\u00e9nyekt\u0151l f\u00fcgg\u0151en.<br \/>\nAz <strong>I-TANK<\/strong> technol\u00f3gia megakad\u00e1lyozza, hogy a t\u00e1lon j\u00e9g vagy kondenz\u00e1ci\u00f3 gy\u0171lj\u00f6n \u00f6ssze.<br \/>\nK\u00f6nnyen m\u0171k\u00f6dtethet\u0151 <strong>\u00e9rint\u0151k\u00e9perny\u0151<\/strong>, eleg\u00e1ns \u00e9s egyszer\u0171 kialak\u00edt\u00e1s.[\/vc_column_text][vc_empty_space height=&#8221;50px&#8221;][\/vc_column][vc_column width=&#8221;1\/2&#8243;][vc_empty_space][vc_single_image image=&#8221;4851&#8243; img_size=&#8221;medium&#8221; alignment=&#8221;center&#8221;][\/vc_column][\/vc_row][vc_row][vc_column][vc_empty_space height=&#8221;42px&#8221;][\/vc_column][\/vc_row][vc_row css=&#8221;.vc_custom_1516904946877{border-top-width: 1px !important;background-color: #ffffff !important;border-top-color: #eeeeee !important;border-top-style: solid !important;}&#8221;][vc_column reveal_effect=&#8221;&#8221;][vc_empty_space height=&#8221;80px&#8221;][elx_heading font_size=&#8221;h3&#8243; text_color=&#8221;inherit&#8221; text_align=&#8221;text-left&#8221;]Fedezzen fel m\u00e9g t\u00f6bbet a fagyasztottital- \u00e9s j\u00e9gkr\u00e9madagol\u00f3kr\u00f3l [\/elx_heading][elx_o2000_contact_us r=&#8221;I&#8217;d like to find out more about your frozen beverage dispensers. Please get in touch with me. Thanks.&#8221; s=&#8221;Request of information about frozen beverage dispensers.&#8221; l=&#8221;en&#8221;][\/vc_column][\/vc_row][vc_row][vc_column][vc_empty_space height=&#8221;100px&#8221;][elx_heading font_size=&#8221;h3&#8243; text_color=&#8221;inherit&#8221; text_align=&#8221;text-left&#8221;]Tal\u00e1lja meg mag\u00e1nak a teljes k\u00f6r\u0171 megold\u00e1st[\/elx_heading][\/vc_column][\/vc_row][vc_row][vc_column width=&#8221;1\/3&#8243;][elx_maylike_box id_box=&#8221;3770&#8243;][\/vc_column][vc_column width=&#8221;1\/3&#8243;][elx_maylike_box id_box=&#8221;3673&#8243;][\/vc_column][vc_column width=&#8221;1\/3&#8243;][elx_maylike_box id_box=&#8221;3682&#8243;][\/vc_column][\/vc_row]<\/p>\n","protected":false},"excerpt":{"rendered":"<p>[vc_row full_width=&#8221;electroluxpro-full-width-no-padding&#8221;][vc_column][elx_image_block background_image=&#8221;4843&#8243; minimum_height=&#8221;350px&#8221;][vc_empty_space][\/vc_column][\/vc_row][vc_row][vc_column][elx_heading font_container=&#8221;h1&#8243; font_size=&#8221;h3&#8243; text_color=&#8221;electrolux-blue&#8221; text_align=&#8221;text-left&#8221;]Fagyasztottital- \u00e9s j\u00e9gkr\u00e9madagol\u00f3k[\/elx_heading][vc_column_text]Eg\u00e9sz \u00e9vben rugalmasan \u00e9s innovat\u00edv m\u00f3don tudja a fagyasztott italokra \u00e9s j\u00e9gkr\u00e9mekre v\u00e1gy\u00f3 vev\u0151inek az ig\u00e9ny\u00e9t kiel\u00e9g\u00edteni.[\/vc_column_text][vc_empty_space][\/vc_column][\/vc_row][vc_row][vc_column width=&#8221;1\/3&#8243;][vc_row_inner][vc_column_inner width=&#8221;1\/4&#8243;][vc_single_image image=&#8221;4845&#8243; img_size=&#8221;68&#215;68&#8243;][\/vc_column_inner][vc_column_inner width=&#8221;3\/4&#8243;][elx_heading font_container=&#8221;h3&#8243; font_size=&#8221;h3&#8243; text_color=&#8221;inherit&#8221; text_align=&#8221;text-left&#8221;]Diz\u00e1jn \u00e9s technol\u00f3gia[\/elx_heading][vc_column_text]Felhaszn\u00e1l\u00f3bar\u00e1t, csek\u00e9ly karbantart\u00e1st ig\u00e9nyl\u0151 h\u0171t\u0151rendszer[\/vc_column_text][\/vc_column_inner][\/vc_row_inner][\/vc_column][vc_column width=&#8221;1\/3&#8243;][vc_row_inner][vc_column_inner width=&#8221;1\/4&#8243;][vc_single_image image=&#8221;4846&#8243; img_size=&#8221;68&#215;68&#8243;][\/vc_column_inner][vc_column_inner width=&#8221;3\/4&#8243;][elx_heading font_container=&#8221;h3&#8243; font_size=&#8221;h3&#8243; text_color=&#8221;inherit&#8221; text_align=&#8221;text-left&#8221;]Rugalmas haszn\u00e1lat[\/elx_heading][vc_column_text]Megfelel\u0151 fagyasztott ital felszolg\u00e1l\u00e1sa minden [&hellip;]<\/p>\n","protected":false},"author":1,"featured_media":0,"parent":0,"menu_order":0,"comment_status":"closed","ping_status":"closed","template":"","meta":{"footnotes":""},"class_list":["post-5537","page","type-page","status-publish","hentry"],"yoast_head":"<!-- This site is optimized with the Yoast SEO plugin v23.3 - https:\/\/yoast.com\/wordpress\/plugins\/seo\/ -->\n<title>Fagyasztottital-adagol\u00f3k - Electrolux Professional Magyarorsz\u00e1g<\/title>\n<meta name=\"description\" content=\"Frozen beverage dispensers are consistent, dependable, powerful, and a smart choice. Maximum durability even in outdoor settings with high temperatures and humidity.\" \/>\n<meta name=\"robots\" content=\"index, follow, max-snippet:-1, max-image-preview:large, max-video-preview:-1\" \/>\n<link rel=\"canonical\" href=\"https:\/\/www.electroluxprofessional.com\/hu\/frozen-beverage-dispensers-2\/\" \/>\n<meta property=\"og:locale\" content=\"hu_HU\" \/>\n<meta property=\"og:type\" content=\"article\" \/>\n<meta property=\"og:title\" content=\"Fagyasztottital-adagol\u00f3k - Electrolux Professional Magyarorsz\u00e1g\" \/>\n<meta property=\"og:description\" content=\"Frozen beverage dispensers are consistent, dependable, powerful, and a smart choice. Maximum durability even in outdoor settings with high temperatures and humidity.\" \/>\n<meta property=\"og:url\" content=\"https:\/\/www.electroluxprofessional.com\/hu\/frozen-beverage-dispensers-2\/\" \/>\n<meta property=\"og:site_name\" content=\"Electrolux Professional Magyarorsz\u00e1g\" \/>\n<meta property=\"article:modified_time\" content=\"2025-11-05T14:54:33+00:00\" \/>\n<meta name=\"twitter:card\" content=\"summary_large_image\" \/>\n<meta name=\"twitter:label1\" content=\"Becs\u00fclt olvas\u00e1si id\u0151\" \/>\n\t<meta name=\"twitter:data1\" content=\"3 perc\" \/>\n<script type=\"application\/ld+json\" class=\"yoast-schema-graph\">{\"@context\":\"https:\/\/schema.org\",\"@graph\":[{\"@type\":\"WebPage\",\"@id\":\"https:\/\/www.electroluxprofessional.com\/hu\/frozen-beverage-dispensers-2\/\",\"url\":\"https:\/\/www.electroluxprofessional.com\/hu\/frozen-beverage-dispensers-2\/\",\"name\":\"Fagyasztottital-adagol\u00f3k - Electrolux Professional Magyarorsz\u00e1g\",\"isPartOf\":{\"@id\":\"https:\/\/www.electroluxprofessional.com\/hu\/#website\"},\"datePublished\":\"2021-03-31T07:53:22+00:00\",\"dateModified\":\"2025-11-05T14:54:33+00:00\",\"description\":\"Frozen beverage dispensers are consistent, dependable, powerful, and a smart choice. Maximum durability even in outdoor settings with high temperatures and humidity.\",\"breadcrumb\":{\"@id\":\"https:\/\/www.electroluxprofessional.com\/hu\/frozen-beverage-dispensers-2\/#breadcrumb\"},\"inLanguage\":\"hu\",\"potentialAction\":[{\"@type\":\"ReadAction\",\"target\":[\"https:\/\/www.electroluxprofessional.com\/hu\/frozen-beverage-dispensers-2\/\"]}]},{\"@type\":\"BreadcrumbList\",\"@id\":\"https:\/\/www.electroluxprofessional.com\/hu\/frozen-beverage-dispensers-2\/#breadcrumb\",\"itemListElement\":[{\"@type\":\"ListItem\",\"position\":1,\"name\":\"Home\",\"item\":\"https:\/\/www.electroluxprofessional.com\/hu\/\"},{\"@type\":\"ListItem\",\"position\":2,\"name\":\"Fagyasztottital-adagol\u00f3k\"}]},{\"@type\":\"WebSite\",\"@id\":\"https:\/\/www.electroluxprofessional.com\/hu\/#website\",\"url\":\"https:\/\/www.electroluxprofessional.com\/hu\/\",\"name\":\"Electrolux Professional Magyarorsz\u00e1g\",\"description\":\"\",\"potentialAction\":[{\"@type\":\"SearchAction\",\"target\":{\"@type\":\"EntryPoint\",\"urlTemplate\":\"https:\/\/www.electroluxprofessional.com\/hu\/?src={search_term_string}\"},\"query-input\":\"required name=search_term_string\"}],\"inLanguage\":\"hu\"}]}<\/script>\n<!-- \/ Yoast SEO plugin. -->","yoast_head_json":{"title":"Fagyasztottital-adagol\u00f3k - Electrolux Professional Magyarorsz\u00e1g","description":"Frozen beverage dispensers are consistent, dependable, powerful, and a smart choice. Maximum durability even in outdoor settings with high temperatures and humidity.","robots":{"index":"index","follow":"follow","max-snippet":"max-snippet:-1","max-image-preview":"max-image-preview:large","max-video-preview":"max-video-preview:-1"},"canonical":"https:\/\/www.electroluxprofessional.com\/hu\/frozen-beverage-dispensers-2\/","og_locale":"hu_HU","og_type":"article","og_title":"Fagyasztottital-adagol\u00f3k - Electrolux Professional Magyarorsz\u00e1g","og_description":"Frozen beverage dispensers are consistent, dependable, powerful, and a smart choice. Maximum durability even in outdoor settings with high temperatures and humidity.","og_url":"https:\/\/www.electroluxprofessional.com\/hu\/frozen-beverage-dispensers-2\/","og_site_name":"Electrolux Professional Magyarorsz\u00e1g","article_modified_time":"2025-11-05T14:54:33+00:00","twitter_card":"summary_large_image","twitter_misc":{"Becs\u00fclt olvas\u00e1si id\u0151":"3 perc"},"schema":{"@context":"https:\/\/schema.org","@graph":[{"@type":"WebPage","@id":"https:\/\/www.electroluxprofessional.com\/hu\/frozen-beverage-dispensers-2\/","url":"https:\/\/www.electroluxprofessional.com\/hu\/frozen-beverage-dispensers-2\/","name":"Fagyasztottital-adagol\u00f3k - Electrolux Professional Magyarorsz\u00e1g","isPartOf":{"@id":"https:\/\/www.electroluxprofessional.com\/hu\/#website"},"datePublished":"2021-03-31T07:53:22+00:00","dateModified":"2025-11-05T14:54:33+00:00","description":"Frozen beverage dispensers are consistent, dependable, powerful, and a smart choice. Maximum durability even in outdoor settings with high temperatures and humidity.","breadcrumb":{"@id":"https:\/\/www.electroluxprofessional.com\/hu\/frozen-beverage-dispensers-2\/#breadcrumb"},"inLanguage":"hu","potentialAction":[{"@type":"ReadAction","target":["https:\/\/www.electroluxprofessional.com\/hu\/frozen-beverage-dispensers-2\/"]}]},{"@type":"BreadcrumbList","@id":"https:\/\/www.electroluxprofessional.com\/hu\/frozen-beverage-dispensers-2\/#breadcrumb","itemListElement":[{"@type":"ListItem","position":1,"name":"Home","item":"https:\/\/www.electroluxprofessional.com\/hu\/"},{"@type":"ListItem","position":2,"name":"Fagyasztottital-adagol\u00f3k"}]},{"@type":"WebSite","@id":"https:\/\/www.electroluxprofessional.com\/hu\/#website","url":"https:\/\/www.electroluxprofessional.com\/hu\/","name":"Electrolux Professional Magyarorsz\u00e1g","description":"","potentialAction":[{"@type":"SearchAction","target":{"@type":"EntryPoint","urlTemplate":"https:\/\/www.electroluxprofessional.com\/hu\/?src={search_term_string}"},"query-input":"required name=search_term_string"}],"inLanguage":"hu"}]}},"_links":{"self":[{"href":"https:\/\/www.electroluxprofessional.com\/hu\/wp-json\/wp\/v2\/pages\/5537"}],"collection":[{"href":"https:\/\/www.electroluxprofessional.com\/hu\/wp-json\/wp\/v2\/pages"}],"about":[{"href":"https:\/\/www.electroluxprofessional.com\/hu\/wp-json\/wp\/v2\/types\/page"}],"author":[{"embeddable":true,"href":"https:\/\/www.electroluxprofessional.com\/hu\/wp-json\/wp\/v2\/users\/1"}],"replies":[{"embeddable":true,"href":"https:\/\/www.electroluxprofessional.com\/hu\/wp-json\/wp\/v2\/comments?post=5537"}],"version-history":[{"count":2,"href":"https:\/\/www.electroluxprofessional.com\/hu\/wp-json\/wp\/v2\/pages\/5537\/revisions"}],"predecessor-version":[{"id":9331,"href":"https:\/\/www.electroluxprofessional.com\/hu\/wp-json\/wp\/v2\/pages\/5537\/revisions\/9331"}],"wp:attachment":[{"href":"https:\/\/www.electroluxprofessional.com\/hu\/wp-json\/wp\/v2\/media?parent=5537"}],"curies":[{"name":"wp","href":"https:\/\/api.w.org\/{rel}","templated":true}]}}