{"id":5536,"date":"2021-03-31T07:53:06","date_gmt":"2021-03-31T07:53:06","guid":{"rendered":"https:\/\/www.electroluxprofessional.com\/?page_id=22200"},"modified":"2025-11-05T14:54:11","modified_gmt":"2025-11-05T14:54:11","slug":"cold-beverage-dispensers","status":"publish","type":"page","link":"https:\/\/www.electroluxprofessional.com\/hu\/cold-beverage-dispensers\/","title":{"rendered":"Hidegital-adagol\u00f3k"},"content":{"rendered":"<p>[vc_row full_width=&#8221;electroluxpro-full-width-no-padding&#8221;][vc_column][elx_image_block background_image=&#8221;4817&#8243; minimum_height=&#8221;350px&#8221;][vc_empty_space][\/vc_column][\/vc_row][vc_row][vc_column][vc_empty_space][elx_heading font_container=&#8221;h1&#8243; font_size=&#8221;h3&#8243; text_color=&#8221;electrolux-blue&#8221; text_align=&#8221;text-left&#8221;]Hidegital-adagol\u00f3k[\/elx_heading][vc_empty_space][\/vc_column][\/vc_row][vc_row][vc_column width=&#8221;1\/2&#8243;][elx_heading text_color=&#8221;inherit&#8221;]Sz\u00e9nsavmentes hidegital-adagol\u00f3k[\/elx_heading][vc_column_text]<strong>Az \u00d6n v\u00e1laszt\u00e1sa, korl\u00e1tlan \u00edzvil\u00e1g, egyetlen egyszer\u0171 v\u00e1laszban<\/strong>.\u00a0Rugalmas v\u00e1laszt\u00e9kukkal, biztons\u00e1gos \u00e9s k\u00f6nny\u0171 haszn\u00e1latukkal a hidegital-adagol\u00f3 automat\u00e1k adnak v\u00e1laszt arra, hogyan k\u00edn\u00e1lhat \u00fajszer\u0171 \u00e9s finom \u00faj italv\u00e1laszt\u00e9kot \u00fcgyfeleinek.[\/vc_column_text][vc_empty_space][elx_download_block text=&#8221;Beverage solutions<br \/>\nproduct catalog&#8221; document_type=&#8221;brochures&#8221; background_color=&#8221;electrolux-blue&#8221; br_document_number=&#8221;BR-9JE00131&#8243;][elx_heading text_color=&#8221;inherit&#8221;]A kevesebb t\u00f6bb[\/elx_heading][vc_column_text]<strong>Kisebb hely a pulton<\/strong> a kompakt m\u00e9retnek k\u00f6sz\u00f6nhet\u0151en.<br \/>\n<strong>Kevesebb<\/strong> takar\u00edt\u00e1ssal t\u00f6lt\u00f6tt id\u0151.<br \/>\n<strong>Kevesebb vesztes\u00e9g<\/strong> az utols\u00f3 cseppig kiadagolt term\u00e9knek k\u00f6sz\u00f6nhet\u0151en.[\/vc_column_text][elx_heading text_color=&#8221;inherit&#8221;]T\u00f6bb szolg\u00e1ltat\u00e1s \u00e9s nagyobb biztons\u00e1g[\/elx_heading][vc_column_text]<strong>Csereszabatos BPA-mentes t\u00e1lak<\/strong> <strong>z\u00e1rhat\u00f3 fed\u00e9llel<\/strong>, hogy megv\u00e9dj\u00e9k az italt \u00e9s az \u00fcgyfeleket.[\/vc_column_text][vc_single_image image=&#8221;5456&#8243; img_size=&#8221;full&#8221; alignment=&#8221;center&#8221;][vc_empty_space][\/vc_column][vc_column width=&#8221;1\/2&#8243;][vc_single_image image=&#8221;5457&#8243; img_size=&#8221;450*627&#8243; alignment=&#8221;right&#8221;][vc_empty_space height=&#8221;42px&#8221;][vc_empty_space height=&#8221;42px&#8221;][elx_heading font_size=&#8221;h1&#8243; text_color=&#8221;inherit&#8221; text_align=&#8221;text-center&#8221;]Az \u00d6n v\u00e1llalkoz\u00e1s\u00e1nak ig\u00e9nyeire szabott kialak\u00edt\u00e1ssal, hogy n\u0151j\u00f6n a nyeres\u00e9ge, \u00e9s \u00faj el\u00e9gedett \u00fcgyfelei legyenek[\/elx_heading][\/vc_column][\/vc_row][vc_row][vc_column][\/vc_column][\/vc_row][vc_row css=&#8221;.vc_custom_1516904946877{border-top-width: 1px !important;background-color: #ffffff !important;border-top-color: #eeeeee !important;border-top-style: solid !important;}&#8221;][vc_column reveal_effect=&#8221;&#8221;][vc_empty_space height=&#8221;80px&#8221;][elx_heading font_size=&#8221;h3&#8243; text_color=&#8221;inherit&#8221; text_align=&#8221;text-left&#8221;]Tudjon meg m\u00e9g t\u00f6bbet hidegital-adagol\u00f3inkr\u00f3l [\/elx_heading][elx_o2000_contact_us r=&#8221;I&#8217;d like to find out more about Cold beverage dispensers. Please get in touch with me. Thanks.&#8221; s=&#8221;Request of information about Cold beverage dispensers.&#8221; l=&#8221;en&#8221;][\/vc_column][\/vc_row][vc_row][vc_column][vc_empty_space height=&#8221;100px&#8221;][elx_heading font_size=&#8221;h3&#8243; text_color=&#8221;inherit&#8221; text_align=&#8221;text-left&#8221;]Tal\u00e1lja meg mag\u00e1nak a teljes k\u00f6r\u0171 megold\u00e1st[\/elx_heading][\/vc_column][\/vc_row][vc_row][vc_column width=&#8221;1\/3&#8243;][elx_maylike_box id_box=&#8221;3770&#8243;][\/vc_column][vc_column width=&#8221;1\/3&#8243;][elx_maylike_box id_box=&#8221;3673&#8243;][\/vc_column][vc_column width=&#8221;1\/3&#8243;][elx_maylike_box id_box=&#8221;3682&#8243;][\/vc_column][\/vc_row]<\/p>\n","protected":false},"excerpt":{"rendered":"<p>[vc_row full_width=&#8221;electroluxpro-full-width-no-padding&#8221;][vc_column][elx_image_block background_image=&#8221;4817&#8243; minimum_height=&#8221;350px&#8221;][vc_empty_space][\/vc_column][\/vc_row][vc_row][vc_column][vc_empty_space][elx_heading font_container=&#8221;h1&#8243; font_size=&#8221;h3&#8243; text_color=&#8221;electrolux-blue&#8221; text_align=&#8221;text-left&#8221;]Hidegital-adagol\u00f3k[\/elx_heading][vc_empty_space][\/vc_column][\/vc_row][vc_row][vc_column width=&#8221;1\/2&#8243;][elx_heading text_color=&#8221;inherit&#8221;]Sz\u00e9nsavmentes hidegital-adagol\u00f3k[\/elx_heading][vc_column_text]Az \u00d6n v\u00e1laszt\u00e1sa, korl\u00e1tlan \u00edzvil\u00e1g, egyetlen egyszer\u0171 v\u00e1laszban.\u00a0Rugalmas v\u00e1laszt\u00e9kukkal, biztons\u00e1gos \u00e9s k\u00f6nny\u0171 haszn\u00e1latukkal a hidegital-adagol\u00f3 automat\u00e1k adnak v\u00e1laszt arra, hogyan k\u00edn\u00e1lhat \u00fajszer\u0171 \u00e9s finom \u00faj italv\u00e1laszt\u00e9kot \u00fcgyfeleinek.[\/vc_column_text][vc_empty_space][elx_download_block text=&#8221;Beverage solutions product catalog&#8221; document_type=&#8221;brochures&#8221; background_color=&#8221;electrolux-blue&#8221; br_document_number=&#8221;BR-9JE00131&#8243;][elx_heading text_color=&#8221;inherit&#8221;]A kevesebb t\u00f6bb[\/elx_heading][vc_column_text]Kisebb hely a pulton a kompakt m\u00e9retnek k\u00f6sz\u00f6nhet\u0151en. Kevesebb [&hellip;]<\/p>\n","protected":false},"author":1,"featured_media":0,"parent":0,"menu_order":0,"comment_status":"closed","ping_status":"closed","template":"","meta":{"footnotes":""},"class_list":["post-5536","page","type-page","status-publish","hentry"],"yoast_head":"<!-- This site is optimized with the Yoast SEO plugin v23.3 - https:\/\/yoast.com\/wordpress\/plugins\/seo\/ -->\n<title>Hidegital-adagol\u00f3k - Electrolux Professional Magyarorsz\u00e1g<\/title>\n<meta name=\"description\" content=\"Simplicity Pre-mix, cold beverage dispensers, are proud to offer less. Less counter space with their compact size. Less time and effort in cleaning and disassembly. Less wear and power usage. Less waste, with product dispensed to the last drop.\" \/>\n<meta name=\"robots\" content=\"index, follow, max-snippet:-1, max-image-preview:large, max-video-preview:-1\" \/>\n<link rel=\"canonical\" href=\"https:\/\/www.electroluxprofessional.com\/hu\/cold-beverage-dispensers\/\" \/>\n<meta property=\"og:locale\" content=\"hu_HU\" \/>\n<meta property=\"og:type\" content=\"article\" \/>\n<meta property=\"og:title\" content=\"Hidegital-adagol\u00f3k - Electrolux Professional Magyarorsz\u00e1g\" \/>\n<meta property=\"og:description\" content=\"Simplicity Pre-mix, cold beverage dispensers, are proud to offer less. Less counter space with their compact size. Less time and effort in cleaning and disassembly. Less wear and power usage. Less waste, with product dispensed to the last drop.\" \/>\n<meta property=\"og:url\" content=\"https:\/\/www.electroluxprofessional.com\/hu\/cold-beverage-dispensers\/\" \/>\n<meta property=\"og:site_name\" content=\"Electrolux Professional Magyarorsz\u00e1g\" \/>\n<meta property=\"article:modified_time\" content=\"2025-11-05T14:54:11+00:00\" \/>\n<meta name=\"twitter:card\" content=\"summary_large_image\" \/>\n<meta name=\"twitter:label1\" content=\"Becs\u00fclt olvas\u00e1si id\u0151\" \/>\n\t<meta name=\"twitter:data1\" content=\"2 perc\" \/>\n<script type=\"application\/ld+json\" class=\"yoast-schema-graph\">{\"@context\":\"https:\/\/schema.org\",\"@graph\":[{\"@type\":\"WebPage\",\"@id\":\"https:\/\/www.electroluxprofessional.com\/hu\/cold-beverage-dispensers\/\",\"url\":\"https:\/\/www.electroluxprofessional.com\/hu\/cold-beverage-dispensers\/\",\"name\":\"Hidegital-adagol\u00f3k - Electrolux Professional Magyarorsz\u00e1g\",\"isPartOf\":{\"@id\":\"https:\/\/www.electroluxprofessional.com\/hu\/#website\"},\"datePublished\":\"2021-03-31T07:53:06+00:00\",\"dateModified\":\"2025-11-05T14:54:11+00:00\",\"description\":\"Simplicity Pre-mix, cold beverage dispensers, are proud to offer less. Less counter space with their compact size. Less time and effort in cleaning and disassembly. Less wear and power usage. Less waste, with product dispensed to the last drop.\",\"breadcrumb\":{\"@id\":\"https:\/\/www.electroluxprofessional.com\/hu\/cold-beverage-dispensers\/#breadcrumb\"},\"inLanguage\":\"hu\",\"potentialAction\":[{\"@type\":\"ReadAction\",\"target\":[\"https:\/\/www.electroluxprofessional.com\/hu\/cold-beverage-dispensers\/\"]}]},{\"@type\":\"BreadcrumbList\",\"@id\":\"https:\/\/www.electroluxprofessional.com\/hu\/cold-beverage-dispensers\/#breadcrumb\",\"itemListElement\":[{\"@type\":\"ListItem\",\"position\":1,\"name\":\"Home\",\"item\":\"https:\/\/www.electroluxprofessional.com\/hu\/\"},{\"@type\":\"ListItem\",\"position\":2,\"name\":\"Hidegital-adagol\u00f3k\"}]},{\"@type\":\"WebSite\",\"@id\":\"https:\/\/www.electroluxprofessional.com\/hu\/#website\",\"url\":\"https:\/\/www.electroluxprofessional.com\/hu\/\",\"name\":\"Electrolux Professional Magyarorsz\u00e1g\",\"description\":\"\",\"potentialAction\":[{\"@type\":\"SearchAction\",\"target\":{\"@type\":\"EntryPoint\",\"urlTemplate\":\"https:\/\/www.electroluxprofessional.com\/hu\/?src={search_term_string}\"},\"query-input\":\"required name=search_term_string\"}],\"inLanguage\":\"hu\"}]}<\/script>\n<!-- \/ Yoast SEO plugin. -->","yoast_head_json":{"title":"Hidegital-adagol\u00f3k - Electrolux Professional Magyarorsz\u00e1g","description":"Simplicity Pre-mix, cold beverage dispensers, are proud to offer less. Less counter space with their compact size. Less time and effort in cleaning and disassembly. Less wear and power usage. Less waste, with product dispensed to the last drop.","robots":{"index":"index","follow":"follow","max-snippet":"max-snippet:-1","max-image-preview":"max-image-preview:large","max-video-preview":"max-video-preview:-1"},"canonical":"https:\/\/www.electroluxprofessional.com\/hu\/cold-beverage-dispensers\/","og_locale":"hu_HU","og_type":"article","og_title":"Hidegital-adagol\u00f3k - Electrolux Professional Magyarorsz\u00e1g","og_description":"Simplicity Pre-mix, cold beverage dispensers, are proud to offer less. Less counter space with their compact size. Less time and effort in cleaning and disassembly. Less wear and power usage. Less waste, with product dispensed to the last drop.","og_url":"https:\/\/www.electroluxprofessional.com\/hu\/cold-beverage-dispensers\/","og_site_name":"Electrolux Professional Magyarorsz\u00e1g","article_modified_time":"2025-11-05T14:54:11+00:00","twitter_card":"summary_large_image","twitter_misc":{"Becs\u00fclt olvas\u00e1si id\u0151":"2 perc"},"schema":{"@context":"https:\/\/schema.org","@graph":[{"@type":"WebPage","@id":"https:\/\/www.electroluxprofessional.com\/hu\/cold-beverage-dispensers\/","url":"https:\/\/www.electroluxprofessional.com\/hu\/cold-beverage-dispensers\/","name":"Hidegital-adagol\u00f3k - Electrolux Professional Magyarorsz\u00e1g","isPartOf":{"@id":"https:\/\/www.electroluxprofessional.com\/hu\/#website"},"datePublished":"2021-03-31T07:53:06+00:00","dateModified":"2025-11-05T14:54:11+00:00","description":"Simplicity Pre-mix, cold beverage dispensers, are proud to offer less. Less counter space with their compact size. Less time and effort in cleaning and disassembly. Less wear and power usage. Less waste, with product dispensed to the last drop.","breadcrumb":{"@id":"https:\/\/www.electroluxprofessional.com\/hu\/cold-beverage-dispensers\/#breadcrumb"},"inLanguage":"hu","potentialAction":[{"@type":"ReadAction","target":["https:\/\/www.electroluxprofessional.com\/hu\/cold-beverage-dispensers\/"]}]},{"@type":"BreadcrumbList","@id":"https:\/\/www.electroluxprofessional.com\/hu\/cold-beverage-dispensers\/#breadcrumb","itemListElement":[{"@type":"ListItem","position":1,"name":"Home","item":"https:\/\/www.electroluxprofessional.com\/hu\/"},{"@type":"ListItem","position":2,"name":"Hidegital-adagol\u00f3k"}]},{"@type":"WebSite","@id":"https:\/\/www.electroluxprofessional.com\/hu\/#website","url":"https:\/\/www.electroluxprofessional.com\/hu\/","name":"Electrolux Professional Magyarorsz\u00e1g","description":"","potentialAction":[{"@type":"SearchAction","target":{"@type":"EntryPoint","urlTemplate":"https:\/\/www.electroluxprofessional.com\/hu\/?src={search_term_string}"},"query-input":"required name=search_term_string"}],"inLanguage":"hu"}]}},"_links":{"self":[{"href":"https:\/\/www.electroluxprofessional.com\/hu\/wp-json\/wp\/v2\/pages\/5536"}],"collection":[{"href":"https:\/\/www.electroluxprofessional.com\/hu\/wp-json\/wp\/v2\/pages"}],"about":[{"href":"https:\/\/www.electroluxprofessional.com\/hu\/wp-json\/wp\/v2\/types\/page"}],"author":[{"embeddable":true,"href":"https:\/\/www.electroluxprofessional.com\/hu\/wp-json\/wp\/v2\/users\/1"}],"replies":[{"embeddable":true,"href":"https:\/\/www.electroluxprofessional.com\/hu\/wp-json\/wp\/v2\/comments?post=5536"}],"version-history":[{"count":2,"href":"https:\/\/www.electroluxprofessional.com\/hu\/wp-json\/wp\/v2\/pages\/5536\/revisions"}],"predecessor-version":[{"id":9329,"href":"https:\/\/www.electroluxprofessional.com\/hu\/wp-json\/wp\/v2\/pages\/5536\/revisions\/9329"}],"wp:attachment":[{"href":"https:\/\/www.electroluxprofessional.com\/hu\/wp-json\/wp\/v2\/media?parent=5536"}],"curies":[{"name":"wp","href":"https:\/\/api.w.org\/{rel}","templated":true}]}}