{"id":4957,"date":"2016-12-19T16:15:56","date_gmt":"2016-12-19T16:15:56","guid":{"rendered":"https:\/\/www.electroluxprofessional.com\/?page_id=7612"},"modified":"2025-10-21T12:06:45","modified_gmt":"2025-10-21T12:06:45","slug":"electrolux-chef-academy","status":"publish","type":"page","link":"https:\/\/www.electroluxprofessional.com\/hu\/chefs-hub\/electrolux-chef-academy\/","title":{"rendered":"Electrolux Professional Chef Academy"},"content":{"rendered":"<p>[vc_row full_width=&#8221;electroluxpro-full-width-no-padding&#8221;][vc_column][elx_image_block background_image=&#8221;4949&#8243; minimum_height=&#8221;350px&#8221;][\/vc_column][\/vc_row][vc_row][vc_column][elx_heading font_container=&#8221;h1&#8243; font_size=&#8221;h3&#8243; text_color=&#8221;inherit&#8221;]Electrolux Professional S\u00e9f Akad\u00e9mia[\/elx_heading][elx_heading font_size=&#8221;h5&#8243; text_color=&#8221;inherit&#8221;]Az \u00fcgyf\u00e9lorient\u00e1ci\u00f3 glob\u00e1lis kult\u00far\u00e1ja[\/elx_heading][\/vc_column][\/vc_row][vc_row][vc_column][vc_empty_space][\/vc_column][\/vc_row][vc_row][vc_column width=&#8221;2\/3&#8243;][vc_column_text]Az <strong>Electrolux Professional S\u00e9f Akad\u00e9mia<\/strong> a vil\u00e1g minden t\u00e1j\u00e1r\u00f3l \u00e1rad\u00f3 inspir\u00e1ci\u00f3k tal\u00e1lkoz\u00f3pontja. A tapasztalt s\u00e9fek \u00e9s <strong>gasztron\u00f3miai szak\u00e9rt\u0151k h\u00e1l\u00f3zata val\u00f3ban egyed\u00fcl\u00e1ll\u00f3<\/strong>. Teljes m\u00e9rt\u00e9kben elk\u00f6telezett amellett, hogy meghallgassa \u00fcgyfelei ig\u00e9nyeit \u00e9s elv\u00e1r\u00e1sait, \u00e9s a legmegfelel\u0151bb v\u00e1laszt adja \u00fczleti v\u00e1llalkoz\u00e1suk fejleszt\u00e9s\u00e9hez \u00e9s b\u0151v\u00edt\u00e9s\u00e9hez.[\/vc_column_text][vc_empty_space][vc_column_text]Az Electrolux Professional S\u00e9f Akad\u00e9mia a munkav\u00e9gz\u00e9s \u00faj, innovat\u00edv m\u00f3djainak bemutat\u00e1s\u00e1ra sz\u00fcletett, ahol folyamatos a kommunik\u00e1ci\u00f3 \u00e9s a kapcsolattart\u00e1s az \u00fcgyf\u00e9llel.<\/p>\n<p>A s\u00e9feink \u00e1ltal tartott bemutat\u00f3kon lehet\u0151s\u00e9g van <strong>\u00f6tletek, gyakorlatban hasznos praktik\u00e1k, kipr\u00f3b\u00e1lt \u00e9s m\u0171k\u00f6d\u0151 megold\u00e1sok<\/strong> megoszt\u00e1s\u00e1ra.[\/vc_column_text][\/vc_column][vc_column width=&#8221;1\/3&#8243;][vc_single_image image=&#8221;7891&#8243; img_size=&#8221;full&#8221;][vc_empty_space][\/vc_column][\/vc_row][vc_row][vc_column][vc_empty_space][elx_heading font_container=&#8221;h3&#8243; text_color=&#8221;inherit&#8221;]Foglaljon id\u0151pontot a bemutat\u00f3ra![\/elx_heading][elx_o2000_contact_us s=&#8221;Request of information about chef sessions&#8221; country=&#8221;Hungary&#8221; container=&#8221;elxcontactus1482162874&#8243; r=&#8221;Szeretn\u00e9k t\u00f6bbet megtudni a bemutat\u00f3kr\u00f3l, k\u00e9rem, l\u00e9pjenek velem kapcsolatba!&#8221; l=&#8221;hu&#8221;][vc_empty_space][\/vc_column][\/vc_row][vc_row][vc_column width=&#8221;1\/3&#8243;][elx_maylike_box id_box=&#8221;4952&#8243;][\/vc_column][vc_column width=&#8221;1\/3&#8243;][elx_maylike_box id_box=&#8221;4954&#8243;][\/vc_column][vc_column width=&#8221;1\/3&#8243;][elx_maylike_box id_box=&#8221;4956&#8243;][\/vc_column][\/vc_row]<\/p>\n","protected":false},"excerpt":{"rendered":"<p>[vc_row full_width=&#8221;electroluxpro-full-width-no-padding&#8221;][vc_column][elx_image_block background_image=&#8221;4949&#8243; minimum_height=&#8221;350px&#8221;][\/vc_column][\/vc_row][vc_row][vc_column][elx_heading font_container=&#8221;h1&#8243; font_size=&#8221;h3&#8243; text_color=&#8221;inherit&#8221;]Electrolux Professional S\u00e9f Akad\u00e9mia[\/elx_heading][elx_heading font_size=&#8221;h5&#8243; text_color=&#8221;inherit&#8221;]Az \u00fcgyf\u00e9lorient\u00e1ci\u00f3 glob\u00e1lis kult\u00far\u00e1ja[\/elx_heading][\/vc_column][\/vc_row][vc_row][vc_column][vc_empty_space][\/vc_column][\/vc_row][vc_row][vc_column width=&#8221;2\/3&#8243;][vc_column_text]Az Electrolux Professional S\u00e9f Akad\u00e9mia a vil\u00e1g minden t\u00e1j\u00e1r\u00f3l \u00e1rad\u00f3 inspir\u00e1ci\u00f3k tal\u00e1lkoz\u00f3pontja. A tapasztalt s\u00e9fek \u00e9s gasztron\u00f3miai szak\u00e9rt\u0151k h\u00e1l\u00f3zata val\u00f3ban egyed\u00fcl\u00e1ll\u00f3. Teljes m\u00e9rt\u00e9kben elk\u00f6telezett amellett, hogy meghallgassa \u00fcgyfelei ig\u00e9nyeit \u00e9s elv\u00e1r\u00e1sait, \u00e9s a legmegfelel\u0151bb v\u00e1laszt adja \u00fczleti v\u00e1llalkoz\u00e1suk fejleszt\u00e9s\u00e9hez \u00e9s [&hellip;]<\/p>\n","protected":false},"author":7,"featured_media":4949,"parent":2720,"menu_order":0,"comment_status":"closed","ping_status":"closed","template":"","meta":{"footnotes":""},"class_list":["post-4957","page","type-page","status-publish","has-post-thumbnail","hentry"],"yoast_head":"<!-- This site is optimized with the Yoast SEO plugin v23.3 - https:\/\/yoast.com\/wordpress\/plugins\/seo\/ -->\n<title>Electrolux Professional Chef Academy - Electrolux Professional Magyarorsz\u00e1g<\/title>\n<meta name=\"description\" content=\"Electrolux Chef Academy: sixty chefs all over the world who consult, listen and train during seminars. Discover the unique global network of professionals.\" \/>\n<meta name=\"robots\" content=\"index, follow, max-snippet:-1, max-image-preview:large, max-video-preview:-1\" \/>\n<link rel=\"canonical\" href=\"https:\/\/www.electroluxprofessional.com\/hu\/chefs-hub\/electrolux-chef-academy\/\" \/>\n<meta property=\"og:locale\" content=\"hu_HU\" \/>\n<meta property=\"og:type\" content=\"article\" \/>\n<meta property=\"og:title\" content=\"Electrolux Professional Chef Academy - Electrolux Professional Magyarorsz\u00e1g\" \/>\n<meta property=\"og:description\" content=\"Electrolux Chef Academy: sixty chefs all over the world who consult, listen and train during seminars. Discover the unique global network of professionals.\" \/>\n<meta property=\"og:url\" content=\"https:\/\/www.electroluxprofessional.com\/hu\/chefs-hub\/electrolux-chef-academy\/\" \/>\n<meta property=\"og:site_name\" content=\"Electrolux Professional Magyarorsz\u00e1g\" \/>\n<meta property=\"article:modified_time\" content=\"2025-10-21T12:06:45+00:00\" \/>\n<meta property=\"og:image\" content=\"https:\/\/www.electroluxprofessional.com\/hu\/wp-content\/uploads\/2016\/12\/recipe-e1545052606554.jpg\" \/>\n\t<meta property=\"og:image:width\" content=\"2000\" \/>\n\t<meta property=\"og:image:height\" content=\"350\" \/>\n\t<meta property=\"og:image:type\" content=\"image\/jpeg\" \/>\n<meta name=\"twitter:card\" content=\"summary_large_image\" \/>\n<meta name=\"twitter:label1\" content=\"Becs\u00fclt olvas\u00e1si id\u0151\" \/>\n\t<meta name=\"twitter:data1\" content=\"2 perc\" \/>\n<script type=\"application\/ld+json\" class=\"yoast-schema-graph\">{\"@context\":\"https:\/\/schema.org\",\"@graph\":[{\"@type\":\"WebPage\",\"@id\":\"https:\/\/www.electroluxprofessional.com\/hu\/chefs-hub\/electrolux-chef-academy\/\",\"url\":\"https:\/\/www.electroluxprofessional.com\/hu\/chefs-hub\/electrolux-chef-academy\/\",\"name\":\"Electrolux Professional Chef Academy - Electrolux Professional Magyarorsz\u00e1g\",\"isPartOf\":{\"@id\":\"https:\/\/www.electroluxprofessional.com\/hu\/#website\"},\"primaryImageOfPage\":{\"@id\":\"https:\/\/www.electroluxprofessional.com\/hu\/chefs-hub\/electrolux-chef-academy\/#primaryimage\"},\"image\":{\"@id\":\"https:\/\/www.electroluxprofessional.com\/hu\/chefs-hub\/electrolux-chef-academy\/#primaryimage\"},\"thumbnailUrl\":\"https:\/\/www.electroluxprofessional.com\/hu\/wp-content\/uploads\/2016\/12\/recipe-e1545052606554.jpg\",\"datePublished\":\"2016-12-19T16:15:56+00:00\",\"dateModified\":\"2025-10-21T12:06:45+00:00\",\"description\":\"Electrolux Chef Academy: sixty chefs all over the world who consult, listen and train during seminars. Discover the unique global network of professionals.\",\"breadcrumb\":{\"@id\":\"https:\/\/www.electroluxprofessional.com\/hu\/chefs-hub\/electrolux-chef-academy\/#breadcrumb\"},\"inLanguage\":\"hu\",\"potentialAction\":[{\"@type\":\"ReadAction\",\"target\":[\"https:\/\/www.electroluxprofessional.com\/hu\/chefs-hub\/electrolux-chef-academy\/\"]}]},{\"@type\":\"ImageObject\",\"inLanguage\":\"hu\",\"@id\":\"https:\/\/www.electroluxprofessional.com\/hu\/chefs-hub\/electrolux-chef-academy\/#primaryimage\",\"url\":\"https:\/\/www.electroluxprofessional.com\/hu\/wp-content\/uploads\/2016\/12\/recipe-e1545052606554.jpg\",\"contentUrl\":\"https:\/\/www.electroluxprofessional.com\/hu\/wp-content\/uploads\/2016\/12\/recipe-e1545052606554.jpg\",\"width\":2000,\"height\":350,\"caption\":\"Electrolux Professional chef academy\"},{\"@type\":\"BreadcrumbList\",\"@id\":\"https:\/\/www.electroluxprofessional.com\/hu\/chefs-hub\/electrolux-chef-academy\/#breadcrumb\",\"itemListElement\":[{\"@type\":\"ListItem\",\"position\":1,\"name\":\"Home\",\"item\":\"https:\/\/www.electroluxprofessional.com\/hu\/\"},{\"@type\":\"ListItem\",\"position\":2,\"name\":\"Chef&#8217;s Hub\",\"item\":\"https:\/\/www.electroluxprofessional.com\/hu\/chefs-hub\/\"},{\"@type\":\"ListItem\",\"position\":3,\"name\":\"Electrolux Professional Chef Academy\"}]},{\"@type\":\"WebSite\",\"@id\":\"https:\/\/www.electroluxprofessional.com\/hu\/#website\",\"url\":\"https:\/\/www.electroluxprofessional.com\/hu\/\",\"name\":\"Electrolux Professional Magyarorsz\u00e1g\",\"description\":\"\",\"potentialAction\":[{\"@type\":\"SearchAction\",\"target\":{\"@type\":\"EntryPoint\",\"urlTemplate\":\"https:\/\/www.electroluxprofessional.com\/hu\/?src={search_term_string}\"},\"query-input\":\"required name=search_term_string\"}],\"inLanguage\":\"hu\"}]}<\/script>\n<!-- \/ Yoast SEO plugin. -->","yoast_head_json":{"title":"Electrolux Professional Chef Academy - Electrolux Professional Magyarorsz\u00e1g","description":"Electrolux Chef Academy: sixty chefs all over the world who consult, listen and train during seminars. Discover the unique global network of professionals.","robots":{"index":"index","follow":"follow","max-snippet":"max-snippet:-1","max-image-preview":"max-image-preview:large","max-video-preview":"max-video-preview:-1"},"canonical":"https:\/\/www.electroluxprofessional.com\/hu\/chefs-hub\/electrolux-chef-academy\/","og_locale":"hu_HU","og_type":"article","og_title":"Electrolux Professional Chef Academy - Electrolux Professional Magyarorsz\u00e1g","og_description":"Electrolux Chef Academy: sixty chefs all over the world who consult, listen and train during seminars. Discover the unique global network of professionals.","og_url":"https:\/\/www.electroluxprofessional.com\/hu\/chefs-hub\/electrolux-chef-academy\/","og_site_name":"Electrolux Professional Magyarorsz\u00e1g","article_modified_time":"2025-10-21T12:06:45+00:00","og_image":[{"width":2000,"height":350,"url":"https:\/\/www.electroluxprofessional.com\/hu\/wp-content\/uploads\/2016\/12\/recipe-e1545052606554.jpg","type":"image\/jpeg"}],"twitter_card":"summary_large_image","twitter_misc":{"Becs\u00fclt olvas\u00e1si id\u0151":"2 perc"},"schema":{"@context":"https:\/\/schema.org","@graph":[{"@type":"WebPage","@id":"https:\/\/www.electroluxprofessional.com\/hu\/chefs-hub\/electrolux-chef-academy\/","url":"https:\/\/www.electroluxprofessional.com\/hu\/chefs-hub\/electrolux-chef-academy\/","name":"Electrolux Professional Chef Academy - Electrolux Professional Magyarorsz\u00e1g","isPartOf":{"@id":"https:\/\/www.electroluxprofessional.com\/hu\/#website"},"primaryImageOfPage":{"@id":"https:\/\/www.electroluxprofessional.com\/hu\/chefs-hub\/electrolux-chef-academy\/#primaryimage"},"image":{"@id":"https:\/\/www.electroluxprofessional.com\/hu\/chefs-hub\/electrolux-chef-academy\/#primaryimage"},"thumbnailUrl":"https:\/\/www.electroluxprofessional.com\/hu\/wp-content\/uploads\/2016\/12\/recipe-e1545052606554.jpg","datePublished":"2016-12-19T16:15:56+00:00","dateModified":"2025-10-21T12:06:45+00:00","description":"Electrolux Chef Academy: sixty chefs all over the world who consult, listen and train during seminars. Discover the unique global network of professionals.","breadcrumb":{"@id":"https:\/\/www.electroluxprofessional.com\/hu\/chefs-hub\/electrolux-chef-academy\/#breadcrumb"},"inLanguage":"hu","potentialAction":[{"@type":"ReadAction","target":["https:\/\/www.electroluxprofessional.com\/hu\/chefs-hub\/electrolux-chef-academy\/"]}]},{"@type":"ImageObject","inLanguage":"hu","@id":"https:\/\/www.electroluxprofessional.com\/hu\/chefs-hub\/electrolux-chef-academy\/#primaryimage","url":"https:\/\/www.electroluxprofessional.com\/hu\/wp-content\/uploads\/2016\/12\/recipe-e1545052606554.jpg","contentUrl":"https:\/\/www.electroluxprofessional.com\/hu\/wp-content\/uploads\/2016\/12\/recipe-e1545052606554.jpg","width":2000,"height":350,"caption":"Electrolux Professional chef academy"},{"@type":"BreadcrumbList","@id":"https:\/\/www.electroluxprofessional.com\/hu\/chefs-hub\/electrolux-chef-academy\/#breadcrumb","itemListElement":[{"@type":"ListItem","position":1,"name":"Home","item":"https:\/\/www.electroluxprofessional.com\/hu\/"},{"@type":"ListItem","position":2,"name":"Chef&#8217;s Hub","item":"https:\/\/www.electroluxprofessional.com\/hu\/chefs-hub\/"},{"@type":"ListItem","position":3,"name":"Electrolux Professional Chef Academy"}]},{"@type":"WebSite","@id":"https:\/\/www.electroluxprofessional.com\/hu\/#website","url":"https:\/\/www.electroluxprofessional.com\/hu\/","name":"Electrolux Professional Magyarorsz\u00e1g","description":"","potentialAction":[{"@type":"SearchAction","target":{"@type":"EntryPoint","urlTemplate":"https:\/\/www.electroluxprofessional.com\/hu\/?src={search_term_string}"},"query-input":"required name=search_term_string"}],"inLanguage":"hu"}]}},"_links":{"self":[{"href":"https:\/\/www.electroluxprofessional.com\/hu\/wp-json\/wp\/v2\/pages\/4957"}],"collection":[{"href":"https:\/\/www.electroluxprofessional.com\/hu\/wp-json\/wp\/v2\/pages"}],"about":[{"href":"https:\/\/www.electroluxprofessional.com\/hu\/wp-json\/wp\/v2\/types\/page"}],"author":[{"embeddable":true,"href":"https:\/\/www.electroluxprofessional.com\/hu\/wp-json\/wp\/v2\/users\/7"}],"replies":[{"embeddable":true,"href":"https:\/\/www.electroluxprofessional.com\/hu\/wp-json\/wp\/v2\/comments?post=4957"}],"version-history":[{"count":5,"href":"https:\/\/www.electroluxprofessional.com\/hu\/wp-json\/wp\/v2\/pages\/4957\/revisions"}],"predecessor-version":[{"id":9264,"href":"https:\/\/www.electroluxprofessional.com\/hu\/wp-json\/wp\/v2\/pages\/4957\/revisions\/9264"}],"up":[{"embeddable":true,"href":"https:\/\/www.electroluxprofessional.com\/hu\/wp-json\/wp\/v2\/pages\/2720"}],"wp:featuredmedia":[{"embeddable":true,"href":"https:\/\/www.electroluxprofessional.com\/hu\/wp-json\/wp\/v2\/media\/4949"}],"wp:attachment":[{"href":"https:\/\/www.electroluxprofessional.com\/hu\/wp-json\/wp\/v2\/media?parent=4957"}],"curies":[{"name":"wp","href":"https:\/\/api.w.org\/{rel}","templated":true}]}}