{"id":4943,"date":"2019-12-10T20:18:46","date_gmt":"2019-12-10T18:18:46","guid":{"rendered":"https:\/\/www.electroluxprofessional.com\/?page_id=25505"},"modified":"2023-01-20T16:56:55","modified_gmt":"2023-01-20T16:56:55","slug":"centers-of-excellence-electrolux-professional","status":"publish","type":"page","link":"https:\/\/www.electroluxprofessional.com\/hu\/chefs-hub\/centers-of-excellence-electrolux-professional\/","title":{"rendered":"Centers of Excellence Electrolux Professional"},"content":{"rendered":"<p>[vc_row full_width=&#8221;electroluxpro-full-width-no-padding&#8221;][vc_column][vc_single_image image=&#8221;4932&#8243; img_size=&#8221;full&#8221; alignment=&#8221;center&#8221;][\/vc_column][\/vc_row][vc_row][vc_column][vc_empty_space height=&#8221;16px&#8221;][elx_heading font_container=&#8221;h1&#8243; text_color=&#8221;inherit&#8221;]Centers of Excellence \u2013 innovat\u00edv oktat\u00e1si k\u00f6zpontok[\/elx_heading][vc_empty_space height=&#8221;16px&#8221;][\/vc_column][\/vc_row][vc_row][vc_column width=&#8221;2\/3&#8243;][vc_column_text]Az Electrolux Professional elk\u00f6telezett amellett, hogy \u00fcgyfeleit <strong>\u00e9lm\u00e9nyekben gazdag, eml\u00e9kezetes, innovat\u00edv k\u00e9pz\u00e9sekkel<\/strong> seg\u00edtse a mindennapokban.<\/p>\n<p>Amikor a kulin\u00e1ris kult\u00fara \u00e9s a technol\u00f3gia tal\u00e1lkoznak, az eredm\u00e9ny egy tapasztalaton \u00e9s v\u00e1s\u00e1rl\u00f3i p\u00e1rbesz\u00e9den alapul\u00f3 oktat\u00e1si m\u00f3dszer, amely azon \u00a0<strong>vend\u00e9gl\u00e1t\u00f3 szakemberek<\/strong>nek ide\u00e1lis, akik \u00faj, innovat\u00edv m\u00f3don k\u00f6zel\u00edtik meg napi feladataikat.[\/vc_column_text][\/vc_column][vc_column width=&#8221;1\/3&#8243;][vc_empty_space height=&#8221;16px&#8221;][vc_single_image image=&#8221;4933&#8243; img_size=&#8221;full&#8221;][\/vc_column][\/vc_row][vc_row][vc_column][vc_row_inner][vc_column_inner][vc_empty_space][elx_heading font_size=&#8221;h1&#8243; text_color=&#8221;inherit&#8221; text_align=&#8221;text-center&#8221;]Centers of Excellence k\u00f6zpontok vil\u00e1gszerte[\/elx_heading][vc_empty_space][vc_column_text]<\/p>\n<p style=\"text-align: center;\">Kattintson a t\u00e9rk\u00e9pre,<br \/>\n\u00e9s fedezze fel bemutat\u00f3term\u00fcnket 3D-ben!<\/p>\n<p>[\/vc_column_text][vc_single_image image=&#8221;4934&#8243; img_size=&#8221;full&#8221; alignment=&#8221;center&#8221; onclick=&#8221;custom_link&#8221; link=&#8221;https:\/\/www.electroluxprofessional.com\/chef-s-hub\/centers-of-excellence-electrolux-professional-virtual-tour\/&#8221;][\/vc_column_inner][\/vc_row_inner][\/vc_column][\/vc_row][vc_row][vc_column][vc_empty_space][vc_column_text]Az <strong>Electrolux Professional bemutat\u00f3termei, Center of Excellence oktat\u00f3 k\u00f6zpontjai<\/strong> ezzel a c\u00e9llal sz\u00fclettek meg.<\/p>\n<p>Felszerelts\u00e9g\u00fcket a leginnovat\u00edvabb <strong>konyhatechnol\u00f3giai, italadagol\u00e1si \u00e9s mosodatechnikai megold\u00e1sok<\/strong> jellemzik, t\u00fckr\u00f6zve a v\u00e1llalati k\u00fcldet\u00e9st, melynek l\u00e9nyege, hogy <strong>all-in-OnE partner<\/strong>k\u00e9nt \u00fcgyfelei munk\u00e1j\u00e1t megk\u00f6nny\u00edtse, fenntarthat\u00f3 m\u00f3don nyeres\u00e9gesebb\u00e9 tegye &#8211; az \u00e9v minden egyes napj\u00e1n.[\/vc_column_text][\/vc_column][\/vc_row][vc_row][vc_column][vc_empty_space height=&#8221;16px&#8221;][elx_heading text_color=&#8221;inherit&#8221;]Teljes \u00e9lm\u00e9ny a Centers of Excellence k\u00f6zpontokban[\/elx_heading][vc_empty_space height=&#8221;16px&#8221;][\/vc_column][\/vc_row][vc_row][vc_column][vc_column_text]A Centers of Excellence k\u00f6zpontokban komplett \u00e9s <strong>szem\u00e9lyreszabott \u00e9lm\u00e9nyben<\/strong> lehet r\u00e9sze, felfedezheti a <strong>leg\u00fajabb<\/strong> konyha- \u00e9s italtechnol\u00f3giai, valamint mosodatechnikai <strong>innov\u00e1ci\u00f3kat<\/strong>. Emellett <strong>szemin\u00e1riumokon \u00e9s f\u0151z\u0151bemtat\u00f3kon<\/strong> vehet r\u00e9szt.[\/vc_column_text][vc_empty_space][\/vc_column][\/vc_row][vc_row][vc_column width=&#8221;1\/4&#8243;][elx_image_block background_image=&#8221;4925&#8243; minimum_height=&#8221;300px&#8221;][\/vc_column][vc_column width=&#8221;1\/4&#8243;][elx_image_block background_image=&#8221;4926&#8243; minimum_height=&#8221;300px&#8221;][\/vc_column][vc_column width=&#8221;1\/4&#8243;][elx_image_block background_image=&#8221;4927&#8243; minimum_height=&#8221;300px&#8221;][\/vc_column][vc_column width=&#8221;1\/4&#8243;][elx_image_block background_image=&#8221;4928&#8243; minimum_height=&#8221;300px&#8221;][\/vc_column][\/vc_row][vc_row disable_element=&#8221;yes&#8221;][vc_column width=&#8221;1\/2&#8243;][elx_image_block background_image=&#8221;4929&#8243; minimum_height=&#8221;300px&#8221;][\/vc_column][vc_column width=&#8221;1\/2&#8243;][elx_image_block background_image=&#8221;4930&#8243; minimum_height=&#8221;300px&#8221;][\/vc_column][\/vc_row][vc_row][vc_column][vc_empty_space][vc_column_text]Az <a href=\"https:\/\/www.electroluxprofessional.com\/hu\/chefs-hub\/electrolux-chef-academy\/\">Electrolux Professional S\u00e9f Akad\u00e9mia<\/a> t\u00f6bb mint <strong>70 s\u00e9f<\/strong>je, valamint sz\u00e1mos term\u00e9kmenedzser\u00fcnk \u00e9s <strong>szak\u00e9rt\u0151<\/strong>nk seg\u00edt abban, hogy l\u00e1togat\u00e1sa az \u00d6n ig\u00e9nyei, elv\u00e1r\u00e1sai szerint alakuljon. Ebb\u0151l k\u00f6vetkezik, hogy minden l\u00e1togat\u00e1s a Center of Excellence k\u00f6zpontunkban <strong>egyedi<\/strong> \u2013 az \u00d6n ig\u00e9nyei szerint van kialak\u00edtva.<\/p>\n<p>Olyan k\u00e9rd\u00e9sekre kap v\u00e1laszt, olyan megold\u00e1sokkal ismertetj\u00fck meg, amelyek az \u00d6n \u00fczleti modellj\u00e9nek legink\u00e1bb megfelelnek, f\u00fcggetlen\u00fcl att\u00f3l, hogy a vil\u00e1g mely pontj\u00e1r\u00f3l \u00e9rkezik, vagy a vend\u00e9gl\u00e1t\u00e1s melyik szektor\u00e1ban dolgozik.[\/vc_column_text][vc_empty_space][\/vc_column][\/vc_row][vc_row][vc_column width=&#8221;1\/3&#8243;][vc_single_image image=&#8221;4935&#8243; img_size=&#8221;full&#8221; alignment=&#8221;center&#8221;][\/vc_column][vc_column width=&#8221;1\/3&#8243;][vc_single_image image=&#8221;4936&#8243; img_size=&#8221;full&#8221; alignment=&#8221;center&#8221;][\/vc_column][vc_column width=&#8221;1\/3&#8243;][vc_single_image image=&#8221;4937&#8243; img_size=&#8221;full&#8221; alignment=&#8221;center&#8221;][\/vc_column][\/vc_row][vc_row][vc_column][vc_empty_space][elx_heading text_color=&#8221;inherit&#8221;]Center of Excellence k\u00f6zpont Olaszorsz\u00e1gban[\/elx_heading][vc_empty_space][\/vc_column][\/vc_row][vc_row][vc_column width=&#8221;1\/2&#8243;][vc_column_text]A Magyarorsz\u00e1ghoz legk\u00f6zelebbi Center of Excellence k\u00f6zpont Olaszorsz\u00e1gban, Pordenoneban tal\u00e1lhat\u00f3. <strong>3500 m<sup>2<\/sup><\/strong> ter\u00fcleten ismerheti meg <strong>teljes term\u00e9kk\u00edn\u00e1latunkat<\/strong>:\u00a0 konyhatechnol\u00f3giai, italtechnol\u00f3giai \u00e9s mosodatechnikai megold\u00e1sainkat.<\/p>\n<p><strong>\u00d6t professzion\u00e1lisan felszerelt, modern bemutat\u00f3konyh\u00e1kban<\/strong> \u00d6n\u00f6k \u00e9l\u0151ben is kipr\u00f3b\u00e1lhatj\u00e1k valamennyi k\u00e9sz\u00fcl\u00e9k\u00fcnket az <a href=\"https:\/\/www.electroluxprofessional.com\/hu\/chefs-hub\/electrolux-chef-academy\/\">Electrolux Professional S\u00e9f Akad\u00e9mia<\/a>\u00a0tagjai \u00e1ltal tartott bemutat\u00f3k sor\u00e1n.[\/vc_column_text][\/vc_column][vc_column width=&#8221;1\/2&#8243;][elx_image_block background_image=&#8221;4931&#8243; minimum_height=&#8221;300px&#8221;][vc_empty_space][\/vc_column][\/vc_row][vc_row][vc_column width=&#8221;1\/2&#8243;][elx_simple_link_block link=&#8221;Enter the link of the block&#8221; text_align=&#8221;text-left&#8221; text_color=&#8221;inherit&#8221; background_color=&#8221;inherit&#8221; background_hover_color=&#8221;darker-hover&#8221; extra_class=&#8221;&#8221; reveal_effect=&#8221;&#8221; reveal_duration=&#8221;&#8221; reveal_delay=&#8221;&#8221;][vc_single_image image=&#8221;4938&#8243; img_size=&#8221;full&#8221;][\/elx_simple_link_block][\/vc_column][vc_column width=&#8221;1\/2&#8243;][vc_column_text]<strong>Interakt\u00edv bemutat\u00f3ink<\/strong> remek lehet\u0151s\u00e9get ny\u00fajtanak tapasztalatok megoszt\u00e1s\u00e1ra, \u00f6tletek gy\u0171jt\u00e9s\u00e9re, valamint arra, hogy vend\u00e9geink felfedezz\u00e9k, mennyivel k\u00f6nnyebb, biztons\u00e1gosabb \u00e9s rugalmasabb, ez\u00e1ltal nyeres\u00e9gesebb lehet a munka az Electrolux Professional megold\u00e1saival.[\/vc_column_text][vc_empty_space height=&#8221;64px&#8221;][vc_column_text]Vegye fel a kapcsolatot vel\u00fcnk vagy viszontelad\u00f3 partner\u00fcnkkel, amennyiben \u00d6n is szeretn\u00e9 felfedezni az Electrolux Professional vil\u00e1g\u00e1t a Center of Excellence bemutat\u00f3 \u00e9s oktat\u00f3 k\u00f6zpontunkban!<\/p>\n<p><strong>Fedezze fel a lehet\u0151s\u00e9gek vil\u00e1g\u00e1t, melyet \u00d6nnek tervezt\u00fcnk!<\/strong>[\/vc_column_text][\/vc_column][\/vc_row][vc_row][vc_column][vc_empty_space][elx_heading font_container=&#8221;h3&#8243; text_color=&#8221;inherit&#8221;]Ez is \u00e9rdekleheti[\/elx_heading][\/vc_column][\/vc_row][vc_row][vc_column width=&#8221;1\/3&#8243;][elx_maylike_box id_box=&#8221;4940&#8243;][\/vc_column][vc_column width=&#8221;1\/3&#8243;][elx_maylike_box id_box=&#8221;4941&#8243;][\/vc_column][vc_column width=&#8221;1\/3&#8243;][elx_maylike_box id_box=&#8221;4942&#8243;][\/vc_column][\/vc_row]<\/p>\n","protected":false},"excerpt":{"rendered":"<p>[vc_row full_width=&#8221;electroluxpro-full-width-no-padding&#8221;][vc_column][vc_single_image image=&#8221;4932&#8243; img_size=&#8221;full&#8221; alignment=&#8221;center&#8221;][\/vc_column][\/vc_row][vc_row][vc_column][vc_empty_space height=&#8221;16px&#8221;][elx_heading font_container=&#8221;h1&#8243; text_color=&#8221;inherit&#8221;]Centers of Excellence \u2013 innovat\u00edv oktat\u00e1si k\u00f6zpontok[\/elx_heading][vc_empty_space height=&#8221;16px&#8221;][\/vc_column][\/vc_row][vc_row][vc_column width=&#8221;2\/3&#8243;][vc_column_text]Az Electrolux Professional elk\u00f6telezett amellett, hogy \u00fcgyfeleit \u00e9lm\u00e9nyekben gazdag, eml\u00e9kezetes, innovat\u00edv k\u00e9pz\u00e9sekkel seg\u00edtse a mindennapokban. Amikor a kulin\u00e1ris kult\u00fara \u00e9s a technol\u00f3gia tal\u00e1lkoznak, az eredm\u00e9ny egy tapasztalaton \u00e9s v\u00e1s\u00e1rl\u00f3i p\u00e1rbesz\u00e9den alapul\u00f3 oktat\u00e1si m\u00f3dszer, amely azon \u00a0vend\u00e9gl\u00e1t\u00f3 szakembereknek ide\u00e1lis, akik \u00faj, [&hellip;]<\/p>\n","protected":false},"author":7,"featured_media":0,"parent":2720,"menu_order":0,"comment_status":"closed","ping_status":"closed","template":"","meta":{"footnotes":""},"class_list":["post-4943","page","type-page","status-publish","hentry"],"yoast_head":"<!-- This site is optimized with the Yoast SEO plugin v23.3 - https:\/\/yoast.com\/wordpress\/plugins\/seo\/ -->\n<title>Centers of Excellence Electrolux Professional - Electrolux Professional Magyarorsz\u00e1g<\/title>\n<meta name=\"description\" content=\"17 Centers of Excellence and more than 70 Chefs from the Electrolux Chef Academy active all over the world with seminars, training, workshops and events.\" \/>\n<meta name=\"robots\" content=\"index, follow, max-snippet:-1, max-image-preview:large, max-video-preview:-1\" \/>\n<link rel=\"canonical\" href=\"https:\/\/www.electroluxprofessional.com\/hu\/chefs-hub\/centers-of-excellence-electrolux-professional\/\" \/>\n<meta property=\"og:locale\" content=\"hu_HU\" \/>\n<meta property=\"og:type\" content=\"article\" \/>\n<meta property=\"og:title\" content=\"Centers of Excellence Electrolux Professional - Electrolux Professional Magyarorsz\u00e1g\" \/>\n<meta property=\"og:description\" content=\"17 Centers of Excellence and more than 70 Chefs from the Electrolux Chef Academy active all over the world with seminars, training, workshops and events.\" \/>\n<meta property=\"og:url\" content=\"https:\/\/www.electroluxprofessional.com\/hu\/chefs-hub\/centers-of-excellence-electrolux-professional\/\" \/>\n<meta property=\"og:site_name\" content=\"Electrolux Professional Magyarorsz\u00e1g\" \/>\n<meta property=\"article:modified_time\" content=\"2023-01-20T16:56:55+00:00\" \/>\n<meta name=\"twitter:card\" content=\"summary_large_image\" \/>\n<meta name=\"twitter:label1\" content=\"Becs\u00fclt olvas\u00e1si id\u0151\" \/>\n\t<meta name=\"twitter:data1\" content=\"2 perc\" \/>\n<script type=\"application\/ld+json\" class=\"yoast-schema-graph\">{\"@context\":\"https:\/\/schema.org\",\"@graph\":[{\"@type\":\"WebPage\",\"@id\":\"https:\/\/www.electroluxprofessional.com\/hu\/chefs-hub\/centers-of-excellence-electrolux-professional\/\",\"url\":\"https:\/\/www.electroluxprofessional.com\/hu\/chefs-hub\/centers-of-excellence-electrolux-professional\/\",\"name\":\"Centers of Excellence Electrolux Professional - Electrolux Professional Magyarorsz\u00e1g\",\"isPartOf\":{\"@id\":\"https:\/\/www.electroluxprofessional.com\/hu\/#website\"},\"datePublished\":\"2019-12-10T18:18:46+00:00\",\"dateModified\":\"2023-01-20T16:56:55+00:00\",\"description\":\"17 Centers of Excellence and more than 70 Chefs from the Electrolux Chef Academy active all over the world with seminars, training, workshops and events.\",\"breadcrumb\":{\"@id\":\"https:\/\/www.electroluxprofessional.com\/hu\/chefs-hub\/centers-of-excellence-electrolux-professional\/#breadcrumb\"},\"inLanguage\":\"hu\",\"potentialAction\":[{\"@type\":\"ReadAction\",\"target\":[\"https:\/\/www.electroluxprofessional.com\/hu\/chefs-hub\/centers-of-excellence-electrolux-professional\/\"]}]},{\"@type\":\"BreadcrumbList\",\"@id\":\"https:\/\/www.electroluxprofessional.com\/hu\/chefs-hub\/centers-of-excellence-electrolux-professional\/#breadcrumb\",\"itemListElement\":[{\"@type\":\"ListItem\",\"position\":1,\"name\":\"Home\",\"item\":\"https:\/\/www.electroluxprofessional.com\/hu\/\"},{\"@type\":\"ListItem\",\"position\":2,\"name\":\"Chef&#8217;s Hub\",\"item\":\"https:\/\/www.electroluxprofessional.com\/hu\/chefs-hub\/\"},{\"@type\":\"ListItem\",\"position\":3,\"name\":\"Centers of Excellence Electrolux Professional\"}]},{\"@type\":\"WebSite\",\"@id\":\"https:\/\/www.electroluxprofessional.com\/hu\/#website\",\"url\":\"https:\/\/www.electroluxprofessional.com\/hu\/\",\"name\":\"Electrolux Professional Magyarorsz\u00e1g\",\"description\":\"\",\"potentialAction\":[{\"@type\":\"SearchAction\",\"target\":{\"@type\":\"EntryPoint\",\"urlTemplate\":\"https:\/\/www.electroluxprofessional.com\/hu\/?src={search_term_string}\"},\"query-input\":\"required name=search_term_string\"}],\"inLanguage\":\"hu\"}]}<\/script>\n<!-- \/ Yoast SEO plugin. -->","yoast_head_json":{"title":"Centers of Excellence Electrolux Professional - Electrolux Professional Magyarorsz\u00e1g","description":"17 Centers of Excellence and more than 70 Chefs from the Electrolux Chef Academy active all over the world with seminars, training, workshops and events.","robots":{"index":"index","follow":"follow","max-snippet":"max-snippet:-1","max-image-preview":"max-image-preview:large","max-video-preview":"max-video-preview:-1"},"canonical":"https:\/\/www.electroluxprofessional.com\/hu\/chefs-hub\/centers-of-excellence-electrolux-professional\/","og_locale":"hu_HU","og_type":"article","og_title":"Centers of Excellence Electrolux Professional - Electrolux Professional Magyarorsz\u00e1g","og_description":"17 Centers of Excellence and more than 70 Chefs from the Electrolux Chef Academy active all over the world with seminars, training, workshops and events.","og_url":"https:\/\/www.electroluxprofessional.com\/hu\/chefs-hub\/centers-of-excellence-electrolux-professional\/","og_site_name":"Electrolux Professional Magyarorsz\u00e1g","article_modified_time":"2023-01-20T16:56:55+00:00","twitter_card":"summary_large_image","twitter_misc":{"Becs\u00fclt olvas\u00e1si id\u0151":"2 perc"},"schema":{"@context":"https:\/\/schema.org","@graph":[{"@type":"WebPage","@id":"https:\/\/www.electroluxprofessional.com\/hu\/chefs-hub\/centers-of-excellence-electrolux-professional\/","url":"https:\/\/www.electroluxprofessional.com\/hu\/chefs-hub\/centers-of-excellence-electrolux-professional\/","name":"Centers of Excellence Electrolux Professional - Electrolux Professional Magyarorsz\u00e1g","isPartOf":{"@id":"https:\/\/www.electroluxprofessional.com\/hu\/#website"},"datePublished":"2019-12-10T18:18:46+00:00","dateModified":"2023-01-20T16:56:55+00:00","description":"17 Centers of Excellence and more than 70 Chefs from the Electrolux Chef Academy active all over the world with seminars, training, workshops and events.","breadcrumb":{"@id":"https:\/\/www.electroluxprofessional.com\/hu\/chefs-hub\/centers-of-excellence-electrolux-professional\/#breadcrumb"},"inLanguage":"hu","potentialAction":[{"@type":"ReadAction","target":["https:\/\/www.electroluxprofessional.com\/hu\/chefs-hub\/centers-of-excellence-electrolux-professional\/"]}]},{"@type":"BreadcrumbList","@id":"https:\/\/www.electroluxprofessional.com\/hu\/chefs-hub\/centers-of-excellence-electrolux-professional\/#breadcrumb","itemListElement":[{"@type":"ListItem","position":1,"name":"Home","item":"https:\/\/www.electroluxprofessional.com\/hu\/"},{"@type":"ListItem","position":2,"name":"Chef&#8217;s Hub","item":"https:\/\/www.electroluxprofessional.com\/hu\/chefs-hub\/"},{"@type":"ListItem","position":3,"name":"Centers of Excellence Electrolux Professional"}]},{"@type":"WebSite","@id":"https:\/\/www.electroluxprofessional.com\/hu\/#website","url":"https:\/\/www.electroluxprofessional.com\/hu\/","name":"Electrolux Professional Magyarorsz\u00e1g","description":"","potentialAction":[{"@type":"SearchAction","target":{"@type":"EntryPoint","urlTemplate":"https:\/\/www.electroluxprofessional.com\/hu\/?src={search_term_string}"},"query-input":"required name=search_term_string"}],"inLanguage":"hu"}]}},"_links":{"self":[{"href":"https:\/\/www.electroluxprofessional.com\/hu\/wp-json\/wp\/v2\/pages\/4943"}],"collection":[{"href":"https:\/\/www.electroluxprofessional.com\/hu\/wp-json\/wp\/v2\/pages"}],"about":[{"href":"https:\/\/www.electroluxprofessional.com\/hu\/wp-json\/wp\/v2\/types\/page"}],"author":[{"embeddable":true,"href":"https:\/\/www.electroluxprofessional.com\/hu\/wp-json\/wp\/v2\/users\/7"}],"replies":[{"embeddable":true,"href":"https:\/\/www.electroluxprofessional.com\/hu\/wp-json\/wp\/v2\/comments?post=4943"}],"version-history":[{"count":8,"href":"https:\/\/www.electroluxprofessional.com\/hu\/wp-json\/wp\/v2\/pages\/4943\/revisions"}],"predecessor-version":[{"id":9265,"href":"https:\/\/www.electroluxprofessional.com\/hu\/wp-json\/wp\/v2\/pages\/4943\/revisions\/9265"}],"up":[{"embeddable":true,"href":"https:\/\/www.electroluxprofessional.com\/hu\/wp-json\/wp\/v2\/pages\/2720"}],"wp:attachment":[{"href":"https:\/\/www.electroluxprofessional.com\/hu\/wp-json\/wp\/v2\/media?parent=4943"}],"curies":[{"name":"wp","href":"https:\/\/api.w.org\/{rel}","templated":true}]}}