{"id":4870,"date":"2019-03-28T16:48:06","date_gmt":"2019-03-28T15:48:06","guid":{"rendered":"https:\/\/www.electroluxprofessional.com\/?page_id=22294"},"modified":"2025-11-05T14:54:44","modified_gmt":"2025-11-05T14:54:44","slug":"soft-serve","status":"publish","type":"page","link":"https:\/\/www.electroluxprofessional.com\/hu\/soft-serve\/","title":{"rendered":"Soft Serve"},"content":{"rendered":"<p>[vc_row full_width=&#8221;electroluxpro-full-width-no-padding&#8221;][vc_column][elx_image_block background_image=&#8221;4865&#8243; minimum_height=&#8221;350px&#8221;][vc_empty_space][\/vc_column][\/vc_row][vc_row][vc_column][elx_heading font_container=&#8221;h1&#8243; font_size=&#8221;h3&#8243; text_color=&#8221;electrolux-blue&#8221; text_align=&#8221;text-left&#8221;]L\u00e1gyan szerv\u00edrozva[\/elx_heading][vc_column_text]A kicsi, halk, teljes\u00edt\u0151k\u00e9pes kr\u00e9mfagylalt adagol\u00f3kkal v\u00e1llalkoz\u00e1sa vir\u00e1gozni fog.[\/vc_column_text][\/vc_column][\/vc_row][vc_row][vc_column width=&#8221;1\/3&#8243;][vc_row_inner][vc_column_inner width=&#8221;1\/4&#8243;][vc_single_image image=&#8221;4379&#8243; img_size=&#8221;68&#215;68&#8243; alignment=&#8221;right&#8221;][\/vc_column_inner][vc_column_inner width=&#8221;3\/4&#8243;][elx_heading font_container=&#8221;h3&#8243; font_size=&#8221;h3&#8243; text_color=&#8221;inherit&#8221; text_align=&#8221;text-left&#8221;]Adagol\u00e1si teljes\u00edtm\u00e9ny[\/elx_heading][vc_column_text]T\u00f6k\u00e9letesen term\u00e9k minden alkalommal.[\/vc_column_text][\/vc_column_inner][\/vc_row_inner][\/vc_column][vc_column width=&#8221;1\/3&#8243;][vc_row_inner][vc_column_inner width=&#8221;1\/4&#8243;][vc_single_image image=&#8221;4867&#8243; img_size=&#8221;68&#215;68&#8243; alignment=&#8221;right&#8221;][\/vc_column_inner][vc_column_inner width=&#8221;3\/4&#8243;][elx_heading font_container=&#8221;h3&#8243; font_size=&#8221;h3&#8243; text_color=&#8221;inherit&#8221; text_align=&#8221;text-left&#8221;]Csendes \u00e9s kompakt[\/elx_heading][vc_column_text]Kis helyre ide\u00e1lis.[\/vc_column_text][\/vc_column_inner][\/vc_row_inner][\/vc_column][vc_column width=&#8221;1\/3&#8243;][elx_download_block text=&#8221;Beverage solutions<br \/>\nproduct catalogue&#8221; link=&#8221;http:\/\/files.professional.electrolux.com\/docs\/?n=BR-9JE00131&amp;b=5&amp;l=1&#8243; background_color=&#8221;orange&#8221; background_image=&#8221;4866&#8243;][\/vc_column][\/vc_row][vc_row][vc_column][vc_empty_space height=&#8221;15px&#8221;][\/vc_column][\/vc_row][vc_row][vc_column width=&#8221;1\/2&#8243;][elx_heading font_size=&#8221;h3&#8243; text_color=&#8221;electrolux-blue&#8221; text_align=&#8221;text-left&#8221;]Kr\u00e9mfagylalt adagol\u00f3, \u00f3r\u00e1nk\u00e9nt maximum 85 t\u00f6lcs\u00e9r[\/elx_heading][elx_heading font_container=&#8221;h3&#8243; font_size=&#8221;h5&#8243; text_color=&#8221;electrolux-blue&#8221; text_align=&#8221;text-left&#8221;]Professzion\u00e1lis \u00e9s helytakar\u00e9kos[\/elx_heading][vc_column_text]Az Electrolux Professional ennek a <strong>fagylalt \u00e9s fagyasztott joghurt<\/strong> k\u00e9sz\u00fcl\u00e9k fejleszt\u00e9sekor kis helyre ide\u00e1lis, <strong>kompakt<\/strong> pultra helyezhet\u0151 term\u00e9kv\u00e1laszt\u00e9kot alak\u00edtott ki. <strong>A k\u00f6nnyen haszn\u00e1lhat\u00f3<\/strong>, praktikus \u00e9s megb\u00edzhat\u00f3 kr\u00e9mfagylalt adagol\u00f3 <strong>csendes<\/strong> \u00e9s <strong>k\u00f6nnyen tiszt\u00e1n tarthat\u00f3<\/strong>. Gravit\u00e1ci\u00f3s \u00e9s pump\u00e1s v\u00e1ltozatban kaphat\u00f3.[\/vc_column_text][vc_empty_space height=&#8221;50px&#8221;][\/vc_column][vc_column width=&#8221;1\/2&#8243;][vc_empty_space][vc_single_image image=&#8221;5787&#8243; img_size=&#8221;medium&#8221; alignment=&#8221;center&#8221;][\/vc_column][\/vc_row][vc_row][vc_column][vc_empty_space][\/vc_column][\/vc_row][vc_row][vc_column width=&#8221;1\/2&#8243;][elx_heading font_size=&#8221;h3&#8243; text_color=&#8221;electrolux-blue&#8221; text_align=&#8221;text-left&#8221;]Kr\u00e9mfagylalt adagol\u00f3, \u00f3r\u00e1nk\u00e9nt maximum 150 t\u00f6lcs\u00e9r[\/elx_heading][elx_heading font_container=&#8221;h3&#8243; font_size=&#8221;h5&#8243; text_color=&#8221;electrolux-blue&#8221; text_align=&#8221;text-left&#8221;]Min\u0151s\u00e9gi kr\u00e9mfagylalt adagol\u00f3 nagy forgalm\u00fa helyekre[\/elx_heading][vc_column_text]Ez a vonal az egyik <strong>legkisebb \u00e9s leggazdas\u00e1gosabb g\u00e9p<\/strong> a piacon. Az innovat\u00edv h\u0171t\u00f6tt garat nagy teljes\u00edtm\u00e9nyt \u00e9s \u00e1lland\u00f3 min\u0151s\u00e9get garant\u00e1l.<br \/>\nK\u00e9t adagol\u00f3rendszer k\u00f6z\u00f6tt v\u00e1laszthat: <strong>gravit\u00e1ci\u00f3s<\/strong> \u00e9s <strong>pump\u00e1s<\/strong>.[\/vc_column_text][vc_empty_space height=&#8221;50px&#8221;][\/vc_column][vc_column width=&#8221;1\/2&#8243;][vc_empty_space][vc_single_image image=&#8221;5788&#8243; img_size=&#8221;medium&#8221; alignment=&#8221;center&#8221;][\/vc_column][\/vc_row][vc_row][vc_column][vc_empty_space height=&#8221;15px&#8221;][\/vc_column][\/vc_row][vc_row][vc_column][vc_empty_space height=&#8221;42px&#8221;][\/vc_column][\/vc_row][vc_row css=&#8221;.vc_custom_1516904946877{border-top-width: 1px !important;background-color: #ffffff !important;border-top-color: #eeeeee !important;border-top-style: solid !important;}&#8221;][vc_column reveal_effect=&#8221;&#8221;][vc_empty_space height=&#8221;80px&#8221;][elx_heading font_size=&#8221;h3&#8243; text_color=&#8221;inherit&#8221; text_align=&#8221;text-left&#8221;]Discover more about our Soft Ice Cream Dispensers[\/elx_heading][elx_o2000_contact_us r=&#8221;Szeretn\u00e9k t\u00f6bb inform\u00e1ci\u00f3t kapni err\u0151l a term\u00e9kr\u0151l L\u00e1gyan szerv\u00edrozva. K\u00e9rem, vegy\u00e9k fel velem a kapcsolatot.&#8221; s=&#8221;Inform\u00e1ci\u00f3 k\u00e9r\u00e9s err\u0151l a term\u00e9kr\u0151l L\u00e1gyan szerv\u00edrozva&#8221; country=&#8221;Hungary&#8221; l=&#8221;hu&#8221;][\/vc_column][\/vc_row][vc_row][vc_column][vc_empty_space height=&#8221;100px&#8221;][elx_heading font_size=&#8221;h3&#8243; text_color=&#8221;inherit&#8221; text_align=&#8221;text-left&#8221;]Find your complete solution[\/elx_heading][\/vc_column][\/vc_row][vc_row][vc_column width=&#8221;1\/3&#8243;][elx_maylike_box id_box=&#8221;3770&#8243;][\/vc_column][vc_column width=&#8221;1\/3&#8243;][elx_maylike_box id_box=&#8221;3673&#8243;][\/vc_column][vc_column width=&#8221;1\/3&#8243;][elx_maylike_box id_box=&#8221;3682&#8243;][\/vc_column][\/vc_row]<\/p>\n","protected":false},"excerpt":{"rendered":"<p>[vc_row full_width=&#8221;electroluxpro-full-width-no-padding&#8221;][vc_column][elx_image_block background_image=&#8221;4865&#8243; minimum_height=&#8221;350px&#8221;][vc_empty_space][\/vc_column][\/vc_row][vc_row][vc_column][elx_heading font_container=&#8221;h1&#8243; font_size=&#8221;h3&#8243; text_color=&#8221;electrolux-blue&#8221; text_align=&#8221;text-left&#8221;]L\u00e1gyan szerv\u00edrozva[\/elx_heading][vc_column_text]A kicsi, halk, teljes\u00edt\u0151k\u00e9pes kr\u00e9mfagylalt adagol\u00f3kkal v\u00e1llalkoz\u00e1sa vir\u00e1gozni fog.[\/vc_column_text][\/vc_column][\/vc_row][vc_row][vc_column width=&#8221;1\/3&#8243;][vc_row_inner][vc_column_inner width=&#8221;1\/4&#8243;][vc_single_image image=&#8221;4379&#8243; img_size=&#8221;68&#215;68&#8243; alignment=&#8221;right&#8221;][\/vc_column_inner][vc_column_inner width=&#8221;3\/4&#8243;][elx_heading font_container=&#8221;h3&#8243; font_size=&#8221;h3&#8243; text_color=&#8221;inherit&#8221; text_align=&#8221;text-left&#8221;]Adagol\u00e1si teljes\u00edtm\u00e9ny[\/elx_heading][vc_column_text]T\u00f6k\u00e9letesen term\u00e9k minden alkalommal.[\/vc_column_text][\/vc_column_inner][\/vc_row_inner][\/vc_column][vc_column width=&#8221;1\/3&#8243;][vc_row_inner][vc_column_inner width=&#8221;1\/4&#8243;][vc_single_image image=&#8221;4867&#8243; img_size=&#8221;68&#215;68&#8243; alignment=&#8221;right&#8221;][\/vc_column_inner][vc_column_inner width=&#8221;3\/4&#8243;][elx_heading font_container=&#8221;h3&#8243; font_size=&#8221;h3&#8243; text_color=&#8221;inherit&#8221; text_align=&#8221;text-left&#8221;]Csendes \u00e9s kompakt[\/elx_heading][vc_column_text]Kis helyre ide\u00e1lis.[\/vc_column_text][\/vc_column_inner][\/vc_row_inner][\/vc_column][vc_column width=&#8221;1\/3&#8243;][elx_download_block text=&#8221;Beverage solutions product catalogue&#8221; link=&#8221;http:\/\/files.professional.electrolux.com\/docs\/?n=BR-9JE00131&amp;b=5&amp;l=1&#8243; background_color=&#8221;orange&#8221; background_image=&#8221;4866&#8243;][\/vc_column][\/vc_row][vc_row][vc_column][vc_empty_space height=&#8221;15px&#8221;][\/vc_column][\/vc_row][vc_row][vc_column width=&#8221;1\/2&#8243;][elx_heading [&hellip;]<\/p>\n","protected":false},"author":7,"featured_media":0,"parent":0,"menu_order":0,"comment_status":"closed","ping_status":"closed","template":"","meta":{"footnotes":""},"class_list":["post-4870","page","type-page","status-publish","hentry"],"yoast_head":"<!-- This site is optimized with the Yoast SEO plugin v23.3 - https:\/\/yoast.com\/wordpress\/plugins\/seo\/ -->\n<title>Soft Serve - Electrolux Professional Magyarorsz\u00e1g<\/title>\n<meta name=\"description\" content=\"Small, silent and powerful Soft Ice Cream Dispensers will make your business boom. Discover Electrolux Professional range of compact counter-top ice cream and frozen yogurt dispensers.\" \/>\n<meta name=\"robots\" content=\"index, follow, max-snippet:-1, max-image-preview:large, max-video-preview:-1\" \/>\n<link rel=\"canonical\" href=\"https:\/\/www.electroluxprofessional.com\/hu\/soft-serve\/\" \/>\n<meta property=\"og:locale\" content=\"hu_HU\" \/>\n<meta property=\"og:type\" content=\"article\" \/>\n<meta property=\"og:title\" content=\"Soft Serve - Electrolux Professional Magyarorsz\u00e1g\" \/>\n<meta property=\"og:description\" content=\"Small, silent and powerful Soft Ice Cream Dispensers will make your business boom. Discover Electrolux Professional range of compact counter-top ice cream and frozen yogurt dispensers.\" \/>\n<meta property=\"og:url\" content=\"https:\/\/www.electroluxprofessional.com\/hu\/soft-serve\/\" \/>\n<meta property=\"og:site_name\" content=\"Electrolux Professional Magyarorsz\u00e1g\" \/>\n<meta property=\"article:modified_time\" content=\"2025-11-05T14:54:44+00:00\" \/>\n<meta name=\"twitter:card\" content=\"summary_large_image\" \/>\n<meta name=\"twitter:label1\" content=\"Becs\u00fclt olvas\u00e1si id\u0151\" \/>\n\t<meta name=\"twitter:data1\" content=\"2 perc\" \/>\n<script type=\"application\/ld+json\" class=\"yoast-schema-graph\">{\"@context\":\"https:\/\/schema.org\",\"@graph\":[{\"@type\":\"WebPage\",\"@id\":\"https:\/\/www.electroluxprofessional.com\/hu\/soft-serve\/\",\"url\":\"https:\/\/www.electroluxprofessional.com\/hu\/soft-serve\/\",\"name\":\"Soft Serve - Electrolux Professional Magyarorsz\u00e1g\",\"isPartOf\":{\"@id\":\"https:\/\/www.electroluxprofessional.com\/hu\/#website\"},\"datePublished\":\"2019-03-28T15:48:06+00:00\",\"dateModified\":\"2025-11-05T14:54:44+00:00\",\"description\":\"Small, silent and powerful Soft Ice Cream Dispensers will make your business boom. Discover Electrolux Professional range of compact counter-top ice cream and frozen yogurt dispensers.\",\"breadcrumb\":{\"@id\":\"https:\/\/www.electroluxprofessional.com\/hu\/soft-serve\/#breadcrumb\"},\"inLanguage\":\"hu\",\"potentialAction\":[{\"@type\":\"ReadAction\",\"target\":[\"https:\/\/www.electroluxprofessional.com\/hu\/soft-serve\/\"]}]},{\"@type\":\"BreadcrumbList\",\"@id\":\"https:\/\/www.electroluxprofessional.com\/hu\/soft-serve\/#breadcrumb\",\"itemListElement\":[{\"@type\":\"ListItem\",\"position\":1,\"name\":\"Home\",\"item\":\"https:\/\/www.electroluxprofessional.com\/hu\/\"},{\"@type\":\"ListItem\",\"position\":2,\"name\":\"Soft Serve\"}]},{\"@type\":\"WebSite\",\"@id\":\"https:\/\/www.electroluxprofessional.com\/hu\/#website\",\"url\":\"https:\/\/www.electroluxprofessional.com\/hu\/\",\"name\":\"Electrolux Professional Magyarorsz\u00e1g\",\"description\":\"\",\"potentialAction\":[{\"@type\":\"SearchAction\",\"target\":{\"@type\":\"EntryPoint\",\"urlTemplate\":\"https:\/\/www.electroluxprofessional.com\/hu\/?src={search_term_string}\"},\"query-input\":\"required name=search_term_string\"}],\"inLanguage\":\"hu\"}]}<\/script>\n<!-- \/ Yoast SEO plugin. -->","yoast_head_json":{"title":"Soft Serve - Electrolux Professional Magyarorsz\u00e1g","description":"Small, silent and powerful Soft Ice Cream Dispensers will make your business boom. Discover Electrolux Professional range of compact counter-top ice cream and frozen yogurt dispensers.","robots":{"index":"index","follow":"follow","max-snippet":"max-snippet:-1","max-image-preview":"max-image-preview:large","max-video-preview":"max-video-preview:-1"},"canonical":"https:\/\/www.electroluxprofessional.com\/hu\/soft-serve\/","og_locale":"hu_HU","og_type":"article","og_title":"Soft Serve - Electrolux Professional Magyarorsz\u00e1g","og_description":"Small, silent and powerful Soft Ice Cream Dispensers will make your business boom. Discover Electrolux Professional range of compact counter-top ice cream and frozen yogurt dispensers.","og_url":"https:\/\/www.electroluxprofessional.com\/hu\/soft-serve\/","og_site_name":"Electrolux Professional Magyarorsz\u00e1g","article_modified_time":"2025-11-05T14:54:44+00:00","twitter_card":"summary_large_image","twitter_misc":{"Becs\u00fclt olvas\u00e1si id\u0151":"2 perc"},"schema":{"@context":"https:\/\/schema.org","@graph":[{"@type":"WebPage","@id":"https:\/\/www.electroluxprofessional.com\/hu\/soft-serve\/","url":"https:\/\/www.electroluxprofessional.com\/hu\/soft-serve\/","name":"Soft Serve - Electrolux Professional Magyarorsz\u00e1g","isPartOf":{"@id":"https:\/\/www.electroluxprofessional.com\/hu\/#website"},"datePublished":"2019-03-28T15:48:06+00:00","dateModified":"2025-11-05T14:54:44+00:00","description":"Small, silent and powerful Soft Ice Cream Dispensers will make your business boom. Discover Electrolux Professional range of compact counter-top ice cream and frozen yogurt dispensers.","breadcrumb":{"@id":"https:\/\/www.electroluxprofessional.com\/hu\/soft-serve\/#breadcrumb"},"inLanguage":"hu","potentialAction":[{"@type":"ReadAction","target":["https:\/\/www.electroluxprofessional.com\/hu\/soft-serve\/"]}]},{"@type":"BreadcrumbList","@id":"https:\/\/www.electroluxprofessional.com\/hu\/soft-serve\/#breadcrumb","itemListElement":[{"@type":"ListItem","position":1,"name":"Home","item":"https:\/\/www.electroluxprofessional.com\/hu\/"},{"@type":"ListItem","position":2,"name":"Soft Serve"}]},{"@type":"WebSite","@id":"https:\/\/www.electroluxprofessional.com\/hu\/#website","url":"https:\/\/www.electroluxprofessional.com\/hu\/","name":"Electrolux Professional Magyarorsz\u00e1g","description":"","potentialAction":[{"@type":"SearchAction","target":{"@type":"EntryPoint","urlTemplate":"https:\/\/www.electroluxprofessional.com\/hu\/?src={search_term_string}"},"query-input":"required name=search_term_string"}],"inLanguage":"hu"}]}},"_links":{"self":[{"href":"https:\/\/www.electroluxprofessional.com\/hu\/wp-json\/wp\/v2\/pages\/4870"}],"collection":[{"href":"https:\/\/www.electroluxprofessional.com\/hu\/wp-json\/wp\/v2\/pages"}],"about":[{"href":"https:\/\/www.electroluxprofessional.com\/hu\/wp-json\/wp\/v2\/types\/page"}],"author":[{"embeddable":true,"href":"https:\/\/www.electroluxprofessional.com\/hu\/wp-json\/wp\/v2\/users\/7"}],"replies":[{"embeddable":true,"href":"https:\/\/www.electroluxprofessional.com\/hu\/wp-json\/wp\/v2\/comments?post=4870"}],"version-history":[{"count":6,"href":"https:\/\/www.electroluxprofessional.com\/hu\/wp-json\/wp\/v2\/pages\/4870\/revisions"}],"predecessor-version":[{"id":9332,"href":"https:\/\/www.electroluxprofessional.com\/hu\/wp-json\/wp\/v2\/pages\/4870\/revisions\/9332"}],"wp:attachment":[{"href":"https:\/\/www.electroluxprofessional.com\/hu\/wp-json\/wp\/v2\/media?parent=4870"}],"curies":[{"name":"wp","href":"https:\/\/api.w.org\/{rel}","templated":true}]}}