{"id":4839,"date":"2019-09-06T10:57:24","date_gmt":"2019-09-06T08:57:24","guid":{"rendered":"https:\/\/www.electroluxprofessional.com\/?page_id=25033"},"modified":"2025-12-17T15:41:29","modified_gmt":"2025-12-17T15:41:29","slug":"espresso-coffee-machines","status":"publish","type":"page","link":"https:\/\/www.electroluxprofessional.com\/hu\/espresso-coffee-machines\/","title":{"rendered":"Espresso Coffee Machines"},"content":{"rendered":"<p>[vc_row full_width=&#8221;electroluxpro-full-width-no-padding&#8221;][vc_column][elx_image_block background_image=&#8221;4831&#8243; minimum_height=&#8221;350px&#8221;][vc_empty_space][\/vc_column][\/vc_row][vc_row][vc_column][elx_heading font_container=&#8221;h1&#8243; text_color=&#8221;inherit&#8221;]Pressz\u00f3g\u00e9pek[\/elx_heading][vc_empty_space][\/vc_column][\/vc_row][vc_row][vc_column width=&#8221;1\/2&#8243;][vc_empty_space][vc_single_image image=&#8221;5466&#8243; img_size=&#8221;full&#8221;][\/vc_column][vc_column width=&#8221;1\/2&#8243;][vc_column_text]Az Electrolux Professional<strong>\u00a0pressz\u00f3g\u00e9pei<\/strong> arra k\u00e9sz\u00fcltek, hogy kihozz\u00e1k a k\u00e1v\u00e9 teljes \u00edzvil\u00e1g\u00e1t. A formatervez\u00e9st \u00e9s a technik\u00e1t \u00f6tv\u00f6zve mindig a legjobb k\u00e1v\u00e9g\u00e9pet k\u00edn\u00e1ljuk ak\u00e1r kis \u00e9ttermek, ak\u00e1r nagy k\u00e1v\u00e9z\u00f3k sz\u00e1m\u00e1ra.[\/vc_column_text][elx_heading text_color=&#8221;inherit&#8221;]Katal\u00f3gus let\u00f6lt\u00e9se[\/elx_heading][elx_download_block text=&#8221;Italmegold\u00e1sok term\u00e9kkatal\u00f3gusa&#8221; document_type=&#8221;brochures&#8221; background_color=&#8221;orange&#8221; background_image=&#8221;4832&#8243; br_document_number=&#8221;BR-9JE00131&#8243;][elx_button button_text=&#8221;Ugr\u00e1s a term\u00e9kekre&#8221; button_style=&#8221;icon&#8221; button_link=&#8221;url:%23products|||&#8221;][vc_empty_space][\/vc_column][\/vc_row][vc_row][vc_column width=&#8221;2\/3&#8243;][elx_heading text_color=&#8221;inherit&#8221;]Er\u0151s \u00edz, kifog\u00e1stalan teljes\u00edtm\u00e9ny[\/elx_heading][vc_column_text]A gyors teljes\u00edtm\u00e9nyre k\u00e9sz\u00fclt \u00e9s <strong>a k\u00fcl\u00f6nb\u00f6z\u0151 k\u00e1v\u00e9k\u00e9sz\u00edt\u0151 rendszerekhez adapt\u00e1lhat\u00f3<\/strong> pressz\u00f3g\u00e9peink mindig t\u00f6k\u00e9letes k\u00e1v\u00e9t t\u00f6ltenek a cs\u00e9sz\u00e9be, j\u00f6het a k\u00e1v\u00e9 ak\u00e1r k\u00e1v\u00e9bab szemekb\u0151l, k\u00e1v\u00e9 p\u00e1rn\u00e1b\u00f3l vagy ak\u00e1r kapszul\u00e1b\u00f3l.<\/p>\n<p>Az Electrolux Professional \u00e1ltal k\u00e9sz\u00edtett term\u00e9kk\u00edn\u00e1latb\u00f3l v\u00e1lasztott k\u00e9sz\u00fcl\u00e9ket <strong>saj\u00e1t ig\u00e9nyeinek megfelel\u0151en alak\u00edthatja ki<\/strong>. A hagyom\u00e1nyost\u00f3l a szuper automatikus pressz\u00f3g\u00e9peken \u00e1t eg\u00e9szen az egyadagos k\u00e9sz\u00fcl\u00e9kekig mindig megtal\u00e1lhatja a v\u00e1llalkoz\u00e1s\u00e1nak legink\u00e1bb megfelel\u0151 megold\u00e1st, amely szavatolja a kiv\u00e1l\u00f3 min\u0151s\u00e9g\u0171 eszpressz\u00f3 k\u00e1v\u00e9t.[\/vc_column_text][\/vc_column][vc_column width=&#8221;1\/3&#8243;][vc_empty_space][elx_image_block background_image=&#8221;4833&#8243; minimum_height=&#8221;260px&#8221;][\/vc_column][\/vc_row][vc_row disable_element=&#8221;yes&#8221; matched_labels=&#8221;&#8221;][vc_column width=&#8221;1\/3&#8243;][vc_empty_space][elx_image_block background_image=&#8221;4834&#8243; minimum_height=&#8221;250px&#8221;][\/vc_column][vc_column width=&#8221;2\/3&#8243;][elx_heading text_color=&#8221;inherit&#8221;]Automatiz\u00e1lja a k\u00e1v\u00e9f\u0151z\u00e9st a TANGO pressz\u00f3g\u00e9ppel[\/elx_heading][vc_column_text]A <strong>teljesen automata TANGO\u00a0pressz\u00f3g\u00e9p<\/strong>\u00a0a k\u00e1v\u00e9k\u00e9sz\u00edt\u00e9st \u00faj szintre emeli. Az ipar\u00e1gban els\u0151\u00a0<strong>DUO <\/strong>egyszerre<strong> 4 k\u00e1v\u00e9t k\u00e9pes k\u00e9sz\u00edteni<\/strong>, amivel egyed\u00fcl\u00e1ll\u00f3 gyorsas\u00e1ggal biztos\u00edtja a cs\u00facsmin\u0151s\u00e9g\u0171 k\u00e1v\u00e9f\u0151z\u00e9st.<\/p>\n<p>A TANGO\u00a0technika r\u00e9sze az \u00faj TANGO\u00a0STP h\u0171t\u0151 is, amely ide\u00e1lis megold\u00e1s az adagolt tej hidegen tart\u00e1s\u00e1ra, ez\u00e1ltal teljes italv\u00e1laszt\u00e9kot ny\u00fajtva.[\/vc_column_text][\/vc_column][\/vc_row][vc_row][vc_column width=&#8221;1\/3&#8243;][vc_empty_space][elx_image_block background_image=&#8221;4835&#8243; minimum_height=&#8221;350px&#8221;][\/vc_column][vc_column width=&#8221;1\/3&#8243;][vc_empty_space][elx_image_block background_image=&#8221;4836&#8243; minimum_height=&#8221;350px&#8221;][\/vc_column][vc_column width=&#8221;1\/3&#8243;][vc_empty_space][elx_image_block background_image=&#8221;4837&#8243; minimum_height=&#8221;350px&#8221;][\/vc_column][\/vc_row][vc_row el_id=&#8221;products&#8221;][vc_column][vc_empty_space][\/vc_column][\/vc_row][vc_row][vc_column][elx_o2000_contact_us s=&#8221;Inform\u00e1ci\u00f3 k\u00e9r\u00e9s err\u0151l a term\u00e9kr\u0151l Pressz\u00f3g\u00e9pek&#8221; country=&#8221;Hungary&#8221; r=&#8221;Szeretn\u00e9k t\u00f6bb inform\u00e1ci\u00f3t kapni err\u0151l a term\u00e9kr\u0151l Pressz\u00f3g\u00e9pek. K\u00e9rem, vegy\u00e9k fel velem a kapcsolatot.&#8221; l=&#8221;hu&#8221; e=&#8221;nikola.vidak@electroluxprofessional.com&#8221;][\/vc_column][\/vc_row][vc_row][vc_column width=&#8221;1\/3&#8243;][elx_maylike_box id_box=&#8221;3770&#8243;][\/vc_column][vc_column width=&#8221;1\/3&#8243;][elx_maylike_box id_box=&#8221;3673&#8243;][\/vc_column][vc_column width=&#8221;1\/3&#8243;][elx_maylike_box id_box=&#8221;3771&#8243;][\/vc_column][\/vc_row]<\/p>\n","protected":false},"excerpt":{"rendered":"<p>[vc_row full_width=&#8221;electroluxpro-full-width-no-padding&#8221;][vc_column][elx_image_block background_image=&#8221;4831&#8243; minimum_height=&#8221;350px&#8221;][vc_empty_space][\/vc_column][\/vc_row][vc_row][vc_column][elx_heading font_container=&#8221;h1&#8243; text_color=&#8221;inherit&#8221;]Pressz\u00f3g\u00e9pek[\/elx_heading][vc_empty_space][\/vc_column][\/vc_row][vc_row][vc_column width=&#8221;1\/2&#8243;][vc_empty_space][vc_single_image image=&#8221;5466&#8243; img_size=&#8221;full&#8221;][\/vc_column][vc_column width=&#8221;1\/2&#8243;][vc_column_text]Az Electrolux Professional\u00a0pressz\u00f3g\u00e9pei arra k\u00e9sz\u00fcltek, hogy kihozz\u00e1k a k\u00e1v\u00e9 teljes \u00edzvil\u00e1g\u00e1t. A formatervez\u00e9st \u00e9s a technik\u00e1t \u00f6tv\u00f6zve mindig a legjobb k\u00e1v\u00e9g\u00e9pet k\u00edn\u00e1ljuk ak\u00e1r kis \u00e9ttermek, ak\u00e1r nagy k\u00e1v\u00e9z\u00f3k sz\u00e1m\u00e1ra.[\/vc_column_text][elx_heading text_color=&#8221;inherit&#8221;]Katal\u00f3gus let\u00f6lt\u00e9se[\/elx_heading][elx_download_block text=&#8221;Italmegold\u00e1sok term\u00e9kkatal\u00f3gusa&#8221; document_type=&#8221;brochures&#8221; background_color=&#8221;orange&#8221; background_image=&#8221;4832&#8243; br_document_number=&#8221;BR-9JE00131&#8243;][elx_button button_text=&#8221;Ugr\u00e1s a term\u00e9kekre&#8221; button_style=&#8221;icon&#8221; button_link=&#8221;url:%23products|||&#8221;][vc_empty_space][\/vc_column][\/vc_row][vc_row][vc_column width=&#8221;2\/3&#8243;][elx_heading text_color=&#8221;inherit&#8221;]Er\u0151s \u00edz, kifog\u00e1stalan [&hellip;]<\/p>\n","protected":false},"author":7,"featured_media":4830,"parent":0,"menu_order":0,"comment_status":"closed","ping_status":"closed","template":"","meta":{"footnotes":""},"class_list":["post-4839","page","type-page","status-publish","has-post-thumbnail","hentry"],"yoast_head":"<!-- This site is optimized with the Yoast SEO plugin v23.3 - https:\/\/yoast.com\/wordpress\/plugins\/seo\/ -->\n<title>Espresso Coffee Machines - Electrolux Professional<\/title>\n<meta name=\"description\" content=\"Electrolux Professional espresso coffee machines are designed to offer a full of flavour experience. Design and technology are combined to always provide you the best coffee machine for your business, whether it is a small restaurant or a big caf\u00e9.\" \/>\n<meta name=\"robots\" content=\"index, follow, max-snippet:-1, max-image-preview:large, max-video-preview:-1\" \/>\n<link rel=\"canonical\" href=\"https:\/\/www.electroluxprofessional.com\/hu\/espresso-coffee-machines\/\" \/>\n<meta property=\"og:locale\" content=\"hu_HU\" \/>\n<meta property=\"og:type\" content=\"article\" \/>\n<meta property=\"og:title\" content=\"Espresso Coffee Machines - Electrolux Professional\" \/>\n<meta property=\"og:description\" content=\"Electrolux Professional espresso coffee machines are designed to offer a full of flavour experience. Design and technology are combined to always provide you the best coffee machine for your business, whether it is a small restaurant or a big caf\u00e9.\" \/>\n<meta property=\"og:url\" content=\"https:\/\/www.electroluxprofessional.com\/hu\/espresso-coffee-machines\/\" \/>\n<meta property=\"og:site_name\" content=\"Electrolux Professional Magyarorsz\u00e1g\" \/>\n<meta property=\"article:modified_time\" content=\"2025-12-17T15:41:29+00:00\" \/>\n<meta property=\"og:image\" content=\"https:\/\/www.electroluxprofessional.com\/hu\/wp-content\/uploads\/2019\/09\/espresso-coffee-machines-1.jpg\" \/>\n\t<meta property=\"og:image:width\" content=\"878\" \/>\n\t<meta property=\"og:image:height\" content=\"586\" \/>\n\t<meta property=\"og:image:type\" content=\"image\/jpeg\" \/>\n<meta name=\"twitter:card\" content=\"summary_large_image\" \/>\n<meta name=\"twitter:label1\" content=\"Becs\u00fclt olvas\u00e1si id\u0151\" \/>\n\t<meta name=\"twitter:data1\" content=\"4 perc\" \/>\n<script type=\"application\/ld+json\" class=\"yoast-schema-graph\">{\"@context\":\"https:\/\/schema.org\",\"@graph\":[{\"@type\":\"WebPage\",\"@id\":\"https:\/\/www.electroluxprofessional.com\/hu\/espresso-coffee-machines\/\",\"url\":\"https:\/\/www.electroluxprofessional.com\/hu\/espresso-coffee-machines\/\",\"name\":\"Espresso Coffee Machines - Electrolux Professional\",\"isPartOf\":{\"@id\":\"https:\/\/www.electroluxprofessional.com\/hu\/#website\"},\"primaryImageOfPage\":{\"@id\":\"https:\/\/www.electroluxprofessional.com\/hu\/espresso-coffee-machines\/#primaryimage\"},\"image\":{\"@id\":\"https:\/\/www.electroluxprofessional.com\/hu\/espresso-coffee-machines\/#primaryimage\"},\"thumbnailUrl\":\"https:\/\/www.electroluxprofessional.com\/hu\/wp-content\/uploads\/2019\/09\/espresso-coffee-machines-1.jpg\",\"datePublished\":\"2019-09-06T08:57:24+00:00\",\"dateModified\":\"2025-12-17T15:41:29+00:00\",\"description\":\"Electrolux Professional espresso coffee machines are designed to offer a full of flavour experience. Design and technology are combined to always provide you the best coffee machine for your business, whether it is a small restaurant or a big caf\u00e9.\",\"breadcrumb\":{\"@id\":\"https:\/\/www.electroluxprofessional.com\/hu\/espresso-coffee-machines\/#breadcrumb\"},\"inLanguage\":\"hu\",\"potentialAction\":[{\"@type\":\"ReadAction\",\"target\":[\"https:\/\/www.electroluxprofessional.com\/hu\/espresso-coffee-machines\/\"]}]},{\"@type\":\"ImageObject\",\"inLanguage\":\"hu\",\"@id\":\"https:\/\/www.electroluxprofessional.com\/hu\/espresso-coffee-machines\/#primaryimage\",\"url\":\"https:\/\/www.electroluxprofessional.com\/hu\/wp-content\/uploads\/2019\/09\/espresso-coffee-machines-1.jpg\",\"contentUrl\":\"https:\/\/www.electroluxprofessional.com\/hu\/wp-content\/uploads\/2019\/09\/espresso-coffee-machines-1.jpg\",\"width\":878,\"height\":586,\"caption\":\"Espresso coffee machines\"},{\"@type\":\"BreadcrumbList\",\"@id\":\"https:\/\/www.electroluxprofessional.com\/hu\/espresso-coffee-machines\/#breadcrumb\",\"itemListElement\":[{\"@type\":\"ListItem\",\"position\":1,\"name\":\"Home\",\"item\":\"https:\/\/www.electroluxprofessional.com\/hu\/\"},{\"@type\":\"ListItem\",\"position\":2,\"name\":\"Espresso Coffee Machines\"}]},{\"@type\":\"WebSite\",\"@id\":\"https:\/\/www.electroluxprofessional.com\/hu\/#website\",\"url\":\"https:\/\/www.electroluxprofessional.com\/hu\/\",\"name\":\"Electrolux Professional Magyarorsz\u00e1g\",\"description\":\"\",\"potentialAction\":[{\"@type\":\"SearchAction\",\"target\":{\"@type\":\"EntryPoint\",\"urlTemplate\":\"https:\/\/www.electroluxprofessional.com\/hu\/?src={search_term_string}\"},\"query-input\":\"required name=search_term_string\"}],\"inLanguage\":\"hu\"}]}<\/script>\n<!-- \/ Yoast SEO plugin. -->","yoast_head_json":{"title":"Espresso Coffee Machines - Electrolux Professional","description":"Electrolux Professional espresso coffee machines are designed to offer a full of flavour experience. Design and technology are combined to always provide you the best coffee machine for your business, whether it is a small restaurant or a big caf\u00e9.","robots":{"index":"index","follow":"follow","max-snippet":"max-snippet:-1","max-image-preview":"max-image-preview:large","max-video-preview":"max-video-preview:-1"},"canonical":"https:\/\/www.electroluxprofessional.com\/hu\/espresso-coffee-machines\/","og_locale":"hu_HU","og_type":"article","og_title":"Espresso Coffee Machines - Electrolux Professional","og_description":"Electrolux Professional espresso coffee machines are designed to offer a full of flavour experience. Design and technology are combined to always provide you the best coffee machine for your business, whether it is a small restaurant or a big caf\u00e9.","og_url":"https:\/\/www.electroluxprofessional.com\/hu\/espresso-coffee-machines\/","og_site_name":"Electrolux Professional Magyarorsz\u00e1g","article_modified_time":"2025-12-17T15:41:29+00:00","og_image":[{"width":878,"height":586,"url":"https:\/\/www.electroluxprofessional.com\/hu\/wp-content\/uploads\/2019\/09\/espresso-coffee-machines-1.jpg","type":"image\/jpeg"}],"twitter_card":"summary_large_image","twitter_misc":{"Becs\u00fclt olvas\u00e1si id\u0151":"4 perc"},"schema":{"@context":"https:\/\/schema.org","@graph":[{"@type":"WebPage","@id":"https:\/\/www.electroluxprofessional.com\/hu\/espresso-coffee-machines\/","url":"https:\/\/www.electroluxprofessional.com\/hu\/espresso-coffee-machines\/","name":"Espresso Coffee Machines - Electrolux Professional","isPartOf":{"@id":"https:\/\/www.electroluxprofessional.com\/hu\/#website"},"primaryImageOfPage":{"@id":"https:\/\/www.electroluxprofessional.com\/hu\/espresso-coffee-machines\/#primaryimage"},"image":{"@id":"https:\/\/www.electroluxprofessional.com\/hu\/espresso-coffee-machines\/#primaryimage"},"thumbnailUrl":"https:\/\/www.electroluxprofessional.com\/hu\/wp-content\/uploads\/2019\/09\/espresso-coffee-machines-1.jpg","datePublished":"2019-09-06T08:57:24+00:00","dateModified":"2025-12-17T15:41:29+00:00","description":"Electrolux Professional espresso coffee machines are designed to offer a full of flavour experience. Design and technology are combined to always provide you the best coffee machine for your business, whether it is a small restaurant or a big caf\u00e9.","breadcrumb":{"@id":"https:\/\/www.electroluxprofessional.com\/hu\/espresso-coffee-machines\/#breadcrumb"},"inLanguage":"hu","potentialAction":[{"@type":"ReadAction","target":["https:\/\/www.electroluxprofessional.com\/hu\/espresso-coffee-machines\/"]}]},{"@type":"ImageObject","inLanguage":"hu","@id":"https:\/\/www.electroluxprofessional.com\/hu\/espresso-coffee-machines\/#primaryimage","url":"https:\/\/www.electroluxprofessional.com\/hu\/wp-content\/uploads\/2019\/09\/espresso-coffee-machines-1.jpg","contentUrl":"https:\/\/www.electroluxprofessional.com\/hu\/wp-content\/uploads\/2019\/09\/espresso-coffee-machines-1.jpg","width":878,"height":586,"caption":"Espresso coffee machines"},{"@type":"BreadcrumbList","@id":"https:\/\/www.electroluxprofessional.com\/hu\/espresso-coffee-machines\/#breadcrumb","itemListElement":[{"@type":"ListItem","position":1,"name":"Home","item":"https:\/\/www.electroluxprofessional.com\/hu\/"},{"@type":"ListItem","position":2,"name":"Espresso Coffee Machines"}]},{"@type":"WebSite","@id":"https:\/\/www.electroluxprofessional.com\/hu\/#website","url":"https:\/\/www.electroluxprofessional.com\/hu\/","name":"Electrolux Professional Magyarorsz\u00e1g","description":"","potentialAction":[{"@type":"SearchAction","target":{"@type":"EntryPoint","urlTemplate":"https:\/\/www.electroluxprofessional.com\/hu\/?src={search_term_string}"},"query-input":"required name=search_term_string"}],"inLanguage":"hu"}]}},"_links":{"self":[{"href":"https:\/\/www.electroluxprofessional.com\/hu\/wp-json\/wp\/v2\/pages\/4839"}],"collection":[{"href":"https:\/\/www.electroluxprofessional.com\/hu\/wp-json\/wp\/v2\/pages"}],"about":[{"href":"https:\/\/www.electroluxprofessional.com\/hu\/wp-json\/wp\/v2\/types\/page"}],"author":[{"embeddable":true,"href":"https:\/\/www.electroluxprofessional.com\/hu\/wp-json\/wp\/v2\/users\/7"}],"replies":[{"embeddable":true,"href":"https:\/\/www.electroluxprofessional.com\/hu\/wp-json\/wp\/v2\/comments?post=4839"}],"version-history":[{"count":7,"href":"https:\/\/www.electroluxprofessional.com\/hu\/wp-json\/wp\/v2\/pages\/4839\/revisions"}],"predecessor-version":[{"id":9745,"href":"https:\/\/www.electroluxprofessional.com\/hu\/wp-json\/wp\/v2\/pages\/4839\/revisions\/9745"}],"wp:featuredmedia":[{"embeddable":true,"href":"https:\/\/www.electroluxprofessional.com\/hu\/wp-json\/wp\/v2\/media\/4830"}],"wp:attachment":[{"href":"https:\/\/www.electroluxprofessional.com\/hu\/wp-json\/wp\/v2\/media?parent=4839"}],"curies":[{"name":"wp","href":"https:\/\/api.w.org\/{rel}","templated":true}]}}