{"id":4305,"date":"2018-05-23T16:12:16","date_gmt":"2018-05-23T15:12:16","guid":{"rendered":"https:\/\/www.electroluxprofessional.com\/?page_id=17236"},"modified":"2025-11-05T14:49:49","modified_gmt":"2025-11-05T14:49:49","slug":"winecellars","status":"publish","type":"page","link":"https:\/\/www.electroluxprofessional.com\/hu\/winecellars\/","title":{"rendered":"Borh\u0171t\u0151k"},"content":{"rendered":"<p>[vc_row full_width=&#8221;electroluxpro-full-width-no-padding&#8221;][vc_column][elx_image_block background_image=&#8221;4297&#8243; minimum_height=&#8221;400px&#8221;][vc_empty_space][\/vc_column][\/vc_row][vc_row][vc_column width=&#8221;2\/3&#8243;][elx_heading font_container=&#8221;h1&#8243; font_size=&#8221;h3&#8243; text_color=&#8221;inherit&#8221; text_align=&#8221;text-left&#8221;]Electrolux Professional Wine line Borh\u0171t\u0151k[\/elx_heading][vc_empty_space][vc_column_text]Borh\u0171t\u0151ink t\u00f6k\u00e9letes k\u00f6r\u00fclm\u00e9nyeket biztos\u00edtanak borainak, legyen sz\u00f3 ak\u00e1r azok t\u00e1rol\u00e1s\u00e1r\u00f3l vagy felszolg\u00e1l\u00e1sukr\u00f3l.[\/vc_column_text][elx_heading font_size=&#8221;h5&#8243; text_color=&#8221;inherit&#8221;]A j\u00f3 bor tiszteletet \u00e9rdemel[\/elx_heading][vc_column_text]Az Electrolux Professional Wine line borh\u0171t\u0151k vezet\u0151 ipar\u00e1gi szak\u00e9rt\u0151kkel egy\u00fctt ker\u00fcltek megtervez\u00e9sre, hogy azok optim\u00e1lis h\u0151m\u00e9rs\u00e9klet \u00e9s p\u00e1raszintet biztos\u00edtsanak, valamint v\u00e9dj\u00e9k borait az \u00e1rtalmas UV sug\u00e1rz\u00e1st\u00f3l \u00e9s vibr\u00e1l\u00e1st\u00f3l.[\/vc_column_text][\/vc_column][vc_column width=&#8221;1\/3&#8243;][vc_single_image image=&#8221;4298&#8243; img_size=&#8221;full&#8221;][\/vc_column][\/vc_row][vc_row][vc_column][elx_heading font_size=&#8221;h3&#8243; text_color=&#8221;inherit&#8221;]\u00d3vja, becs\u00fclje \u00e9s v\u00e9dje[\/elx_heading][vc_empty_space][\/vc_column][\/vc_row][vc_row][vc_column width=&#8221;1\/3&#8243;][vc_single_image image=&#8221;4299&#8243; img_size=&#8221;150*150&#8243;][elx_heading font_container=&#8221;h3&#8243; font_size=&#8221;h5&#8243; text_color=&#8221;inherit&#8221;]Gondoskod\u00e1s[\/elx_heading][vc_column_text]Tartsa borait biztons\u00e1gban.<br \/>\nAz Electrolux Professional Wine line borh\u0171t\u0151k t\u00f6k\u00e9letesen <strong>meg\u0151rzik<\/strong> borait, hiszen a borospinc\u00e9k <strong>term\u00e9szetes k\u00f6r\u00fclm\u00e9nyeit biztos\u00edtj\u00e1k<\/strong>.[\/vc_column_text][\/vc_column][vc_column width=&#8221;1\/3&#8243;][vc_single_image image=&#8221;4300&#8243; img_size=&#8221;150*150&#8243;][elx_heading font_container=&#8221;h3&#8243; font_size=&#8221;h5&#8243; text_color=&#8221;inherit&#8221;]Optim\u00e1lis \u00edz[\/elx_heading][vc_column_text]Mivel az Electrolux Professional Wine line borh\u0171t\u0151k <strong>folyamatosan<\/strong> a borainak megfelel\u0151 <strong>be\u00e1ll\u00edtott h\u0151m\u00e9rs\u00e9kletet<\/strong> tartj\u00e1k, nincs kock\u00e1zata annak, hogy azok megromoljanak.[\/vc_column_text][\/vc_column][vc_column width=&#8221;1\/3&#8243;][vc_single_image image=&#8221;4301&#8243; img_size=&#8221;150*150&#8243;][elx_heading font_container=&#8221;h3&#8243; font_size=&#8221;h5&#8243; text_color=&#8221;inherit&#8221;]B\u00fcszkes\u00e9g[\/elx_heading][vc_column_text]Mutassa meg gy\u0171jtem\u00e9ny\u00e9t! T\u00e1rolja borait vagy alak\u00edtson ki <strong>attrakt\u00edv<\/strong> vitrineket. K\u00fcl\u00f6nb\u00f6z\u0151 kapacit\u00e1s\u00fa \u00e9s elrendez\u00e9s\u0171 opci\u00f3ink seg\u00edts\u00e9g\u00e9vel egyszer\u0171en megtervezheti borospinc\u00e9j\u00e9t.[\/vc_column_text][\/vc_column][\/vc_row][vc_row][vc_column width=&#8221;2\/3&#8243;][vc_empty_space][vc_empty_space][elx_heading font_size=&#8221;h3&#8243; text_color=&#8221;inherit&#8221;]\u00d3vja, becs\u00fclje \u00e9s v\u00e9dje[\/elx_heading][vc_empty_space][vc_column_text]K\u00fcl\u00f6nb\u00f6z\u0151 borokat kell t\u00e1rolnia optim\u00e1lis k\u00f6r\u00fclm\u00e9nyek k\u00f6z\u00f6tt, s k\u00f6zben alacsonyan szeretn\u00e9 tartani az \u00fczemeltet\u00e9si k\u00f6lts\u00e9geit?\u00a0 A sokoldal\u00fa, energiahat\u00e9kony Electrolux Professional Wine line borh\u0171t\u0151k az \u00f6sszes t\u00edpus\u00fa \u00e9s fajt\u00e1j\u00fa bort tiszteletben tartj\u00e1k: a ropog\u00f3s feh\u00e9rekt\u0151l a testes v\u00f6r\u00f6sekig.[\/vc_column_text][elx_heading font_container=&#8221;h3&#8243; font_size=&#8221;h5&#8243; text_color=&#8221;inherit&#8221;]Az \u00e9rz\u00e9kek cs\u00e1b\u00edt\u00e1sa[\/elx_heading][vc_column_text]Az \u00edzmeg\u0151rz\u0151 technol\u00f3gi\u00e1t a remek megjelen\u00e9ssel \u00f6tv\u00f6z\u0151 borh\u0171t\u0151inkben borai h\u00edvogat\u00f3an pomp\u00e1znak, n\u00f6velve gy\u0171jtem\u00e9ny\u00e9nek vizu\u00e1lis cs\u00e1b\u00edt\u00e1s\u00e1t.[\/vc_column_text][vc_empty_space][\/vc_column][vc_column width=&#8221;1\/3&#8243;][vc_single_image image=&#8221;4302&#8243; img_size=&#8221;full&#8221;][\/vc_column][\/vc_row][vc_row][vc_column width=&#8221;2\/3&#8243;][vc_single_image image=&#8221;4303&#8243; img_size=&#8221;full&#8221;][\/vc_column][vc_column width=&#8221;1\/3&#8243;][vc_empty_space][elx_heading font_size=&#8221;h3&#8243; text_color=&#8221;inherit&#8221;]T\u00f6r\u0151d\u00e9ssel t\u00e1rolva[\/elx_heading][vc_column_text]Azon vev\u0151inek, akik a borok szerelmesei, vagy a vacsora\u00e9lm\u00e9ny\u00fck t\u00f6k\u00e9letes kieg\u00e9sz\u00edt\u0151j\u00e9t keresik, a gy\u00f6ny\u00f6r\u0171en megtervezett Electrolux Professional Wine line borh\u0171t\u0151k biztos\u00edtj\u00e1k, hogy minden palack eleget tegyen az elv\u00e1r\u00e1saiknak.[\/vc_column_text][\/vc_column][\/vc_row][vc_row][vc_column][vc_empty_space][\/vc_column][\/vc_row][vc_row][vc_column width=&#8221;1\/3&#8243;][vc_empty_space][vc_empty_space][vc_column_text]Fedezze fel az \u00faj Electrolux Professional Wine line borh\u0171t\u0151ket![\/vc_column_text][\/vc_column][vc_column width=&#8221;1\/3&#8243;][elx_download_block text=&#8221;Borh\u0171t\u0151<br \/>\nr\u00f6vid t\u00e1j\u00e9koztat\u00f3&#8221; link=&#8221;http:\/\/files.professional.electrolux.com\/docs\/?n=CLF-9JE00163&amp;b=5&amp;l=1&#8243; background_color=&#8221;restaurant&#8221; reveal_effect=&#8221;&#8221; reveal_duration=&#8221;&#8221; reveal_delay=&#8221;&#8221;][\/vc_column][vc_column width=&#8221;1\/3&#8243;][elx_download_block text=&#8221;Borh\u0171t\u0151<br \/>\nkatal\u00f3gus<br \/>\n&#8221; link=&#8221;files.professional.electrolux.com\/docs\/?n=BR-9JE00081&amp;b=5&amp;l=1&#8243; background_color=&#8221;restaurant&#8221; reveal_effect=&#8221;&#8221; reveal_duration=&#8221;&#8221; reveal_delay=&#8221;&#8221;][\/vc_column][\/vc_row][vc_row][vc_column][vc_empty_space][\/vc_column][\/vc_row][vc_row css=&#8221;.vc_custom_1518443388280{background-color: #eeeeee !important;}&#8221;][vc_column][\/vc_column][\/vc_row][vc_row][vc_column][vc_empty_space height=&#8221;50px&#8221;][elx_heading font_container=&#8221;h3&#8243; font_size=&#8221;h3&#8243; text_color=&#8221;inherit&#8221; text_align=&#8221;text-left&#8221;]Tudjon meg t\u00f6bbet h\u0171t\u0151szekr\u00e9nyeinkr\u0151l![\/elx_heading][elx_o2000_contact_us r=&#8221;Szeretn\u00e9k t\u00f6bb inform\u00e1ci\u00f3t kapni err\u0151l a term\u00e9kr\u0151l Borh\u0171t\u0151k. K\u00e9rem, vegy\u00e9k fel velem a kapcsolatot.&#8221; s=&#8221;Inform\u00e1ci\u00f3 k\u00e9r\u00e9s err\u0151l a term\u00e9kr\u0151l Borh\u0171t\u0151k&#8221; country=&#8221;Hungary&#8221; l=&#8221;hu&#8221; container=&#8221;elxcontactus1480089212&#8243;][vc_empty_space height=&#8221;50px&#8221;][\/vc_column][\/vc_row][vc_row][vc_column][elx_heading font_size=&#8221;h3&#8243; text_color=&#8221;inherit&#8221;]Borh\u0171t\u0151k[\/elx_heading][\/vc_column][\/vc_row][vc_row][vc_column]<div class=\"com21-product-filter-container 12\"><div class=\"\"><h4 class=\"text-center\">3 Term\u00e9k<\/h4><hr><\/div>\n                    <!-- PROD LIST -->\n                    <div class=\"product-list container\">\n                        <!--Hidden parameters-->\n                        <input type=\"hidden\" name=\"navigation_level_1\" id=\"navigation_level_1\" value=\"H\">\n                        <input type=\"hidden\" name=\"navigation_level_2\" id=\"navigation_level_2\" value=\"A\">\n                        <input type=\"hidden\" name=\"navigation_level_3\" id=\"navigation_level_3\" value=\"G\">\n                        <input type=\"hidden\" name=\"navigation_level_4\" id=\"navigation_level_4\" value=\"\">\n                        <input type=\"hidden\" name=\"filter_id\" id=\"filter_id\" value=\"12\">\n                        <input type=\"hidden\" name=\"navigation_language\" id=\"navigation_language\" value=\"5025\">\n                        <input type=\"hidden\" name=\"navigation_language_code\" id=\"navigation_language\" value=\"5025\">\n                        <input type=\"hidden\" name=\"page_id\" id=\"page_id\" value=\"4305\">\n                        <!--END Hidden parameters--><ul class=\"row\" ><li data-product-paged=\"\" class=\"anchor_tags_prod col-sm-6 col-md-3 wow fadeIn single-product-list 720008\"><div class=\"product-list-item\"><div class=\"product-content\"><a href=\"https:\/\/www.electroluxprofessional.com\/hu\/pd\/h\u0171t\u00f6tt-k\u00e9sz\u00fcl\u00e9kek\/h\u0171t\u0151-\u00e9s-fagyaszt\u00f3-szekr\u00e9nyek\/borh\u0171t\u0151k\/digit\u00e1lis-szekr\u00e9nyek-1-\u00fcvegajt\u00f3s-borh\u0171t\u0151-50-palack-fekete-kivitel-v\u00e1ltoztathat\u00f3-sebess\u00e9g\u0171-kompresszor-720008\/\" target=\"_blank\" ><figure><img decoding=\"async\" src=\"https:\/\/tools.electroluxprofessional.com\/Mirror\/Doc\/PH_255x255%2FPH_720000_1_4_720000.jpg\" alt=\"Digit\u00e1lis szekr\u00e9nyek1 \u00fcvegajt\u00f3s borh\u0171t\u0151, 50 palack, fekete kivitel v\u00e1ltoztathat\u00f3 sebess\u00e9g\u0171 kompresszor\"\/><\/figure><div class=\"product-internal\"><div class=\"product-liv\">Borh\u0171t\u0151k<\/div><h3 class=\"product-title\">Digit\u00e1lis szekr\u00e9nyek<br>1 \u00fcvegajt\u00f3s borh\u0171t\u0151, 50 palack, fekete kivitel v\u00e1ltoztathat\u00f3 sebess\u00e9g\u0171 kompresszor<\/h3><div class=\"product-icons\"><div class=\"product-green\"><\/div><div class=\"product-cod\"><div class=\"hidden type_code\">0<\/div>COD <span class=\"product-code\" >720008<\/span><\/div><div class=\"product-fast\"><\/div>\n<\/div><div class=\"product-description-fast-green\"><\/div>\n<\/div><div class=\"product-actions\"><a href=\"https:\/\/www.electroluxprofessional.com\/hu\/pd\/h\u0171t\u00f6tt-k\u00e9sz\u00fcl\u00e9kek\/h\u0171t\u0151-\u00e9s-fagyaszt\u00f3-szekr\u00e9nyek\/borh\u0171t\u0151k\/digit\u00e1lis-szekr\u00e9nyek-1-\u00fcvegajt\u00f3s-borh\u0171t\u0151-50-palack-fekete-kivitel-v\u00e1ltoztathat\u00f3-sebess\u00e9g\u0171-kompresszor-720008\/\" class=\"btn btn-primary-blue\">View more<\/a><span class=\"compare-product\"><span class=\"compare-checkbox\"><span class=\"compare-checkbox-shape\"><input type=\"checkbox\" class=\"product-comparer\" id=\"prod_720008\"\/><label class=\"btn\" for=\"prod_720008\"><span class=\"label-bg\"><\/span>\u00d6sszehasonl\u00edt\u00e1s<\/label><\/span><\/span><\/span><\/div><\/a><\/div><\/div><\/li><li data-product-paged=\"\" class=\"anchor_tags_prod col-sm-6 col-md-3 wow fadeIn single-product-list 720010\"><div class=\"product-list-item\"><div class=\"product-content\"><a href=\"https:\/\/www.electroluxprofessional.com\/hu\/pd\/h\u0171t\u00f6tt-k\u00e9sz\u00fcl\u00e9kek\/h\u0171t\u0151-\u00e9s-fagyaszt\u00f3-szekr\u00e9nyek\/borh\u0171t\u0151k\/digit\u00e1lis-szekr\u00e9nyek-1-\u00fcvegajt\u00f3s-borh\u0171t\u0151-170-palack-fekete-sz\u00edn\u0171-v\u00e1ltoztathat\u00f3-sebess\u00e9g\u0171-kompresszor-720010\/\" target=\"_blank\" ><figure><img decoding=\"async\" src=\"https:\/\/tools.electroluxprofessional.com\/Mirror\/Doc\/PH_255x255%2FPH_720002_1_1_720002.jpg\" alt=\"Digit\u00e1lis szekr\u00e9nyek1 \u00fcvegajt\u00f3s borh\u0171t\u0151, 170 palack, fekete sz\u00edn\u0171, v\u00e1ltoztathat\u00f3 sebess\u00e9g\u0171 kompresszor\"\/><\/figure><div class=\"product-internal\"><div class=\"product-liv\">Borh\u0171t\u0151k<\/div><h3 class=\"product-title\">Digit\u00e1lis szekr\u00e9nyek<br>1 \u00fcvegajt\u00f3s borh\u0171t\u0151, 170 palack, fekete sz\u00edn\u0171, v\u00e1ltoztathat\u00f3 sebess\u00e9g\u0171 kompresszor<\/h3><div class=\"product-icons\"><div class=\"product-green\"><\/div><div class=\"product-cod\"><div class=\"hidden type_code\">0<\/div>COD <span class=\"product-code\" >720010<\/span><\/div><div class=\"product-fast\"><\/div>\n<\/div><div class=\"product-description-fast-green\"><\/div>\n<\/div><div class=\"product-actions\"><a href=\"https:\/\/www.electroluxprofessional.com\/hu\/pd\/h\u0171t\u00f6tt-k\u00e9sz\u00fcl\u00e9kek\/h\u0171t\u0151-\u00e9s-fagyaszt\u00f3-szekr\u00e9nyek\/borh\u0171t\u0151k\/digit\u00e1lis-szekr\u00e9nyek-1-\u00fcvegajt\u00f3s-borh\u0171t\u0151-170-palack-fekete-sz\u00edn\u0171-v\u00e1ltoztathat\u00f3-sebess\u00e9g\u0171-kompresszor-720010\/\" class=\"btn btn-primary-blue\">View more<\/a><span class=\"compare-product\"><span class=\"compare-checkbox\"><span class=\"compare-checkbox-shape\"><input type=\"checkbox\" class=\"product-comparer\" id=\"prod_720010\"\/><label class=\"btn\" for=\"prod_720010\"><span class=\"label-bg\"><\/span>\u00d6sszehasonl\u00edt\u00e1s<\/label><\/span><\/span><\/span><\/div><\/a><\/div><\/div><\/li><li data-product-paged=\"\" class=\"anchor_tags_prod col-sm-6 col-md-3 wow fadeIn single-product-list 720011\"><div class=\"product-list-item\"><div class=\"product-content\"><a href=\"https:\/\/www.electroluxprofessional.com\/hu\/pd\/h\u0171t\u00f6tt-k\u00e9sz\u00fcl\u00e9kek\/h\u0171t\u0151-\u00e9s-fagyaszt\u00f3-szekr\u00e9nyek\/borh\u0171t\u0151k\/digit\u00e1lis-szekr\u00e9nyek--1-\u00fcvegajt\u00f3s-borh\u0171t\u0151-170-palack-sz\u00e1m\u00e1ra.-rm.ac\u00e9l-kivitel-v\u00e1ltoztathat\u00f3-sebess\u00e9g\u0171-kompresszor-720011\/\" target=\"_blank\" ><figure><img decoding=\"async\" src=\"https:\/\/tools.electroluxprofessional.com\/Mirror\/Doc\/PH_255x255%2FPH_720003_1_3_PHHR_720002_1_1_720002_rit.jpg\" alt=\"Digit\u00e1lis szekr\u00e9nyek-1 \u00fcvegajt\u00f3s borh\u0171t\u0151 170 palack sz\u00e1m\u00e1ra. Rm.ac\u00e9l kivitel, v\u00e1ltoztathat\u00f3 sebess\u00e9g\u0171 kompresszor\"\/><\/figure><div class=\"product-internal\"><div class=\"product-liv\">Borh\u0171t\u0151k<\/div><h3 class=\"product-title\">Digit\u00e1lis szekr\u00e9nyek<br>-1 \u00fcvegajt\u00f3s borh\u0171t\u0151 170 palack sz\u00e1m\u00e1ra. Rm.ac\u00e9l kivitel, v\u00e1ltoztathat\u00f3 sebess\u00e9g\u0171 kompresszor<\/h3><div class=\"product-icons\"><div class=\"product-green\"><\/div><div class=\"product-cod\"><div class=\"hidden type_code\">0<\/div>COD <span class=\"product-code\" >720011<\/span><\/div><div class=\"product-fast\"><\/div>\n<\/div><div class=\"product-description-fast-green\"><\/div>\n<\/div><div class=\"product-actions\"><a href=\"https:\/\/www.electroluxprofessional.com\/hu\/pd\/h\u0171t\u00f6tt-k\u00e9sz\u00fcl\u00e9kek\/h\u0171t\u0151-\u00e9s-fagyaszt\u00f3-szekr\u00e9nyek\/borh\u0171t\u0151k\/digit\u00e1lis-szekr\u00e9nyek--1-\u00fcvegajt\u00f3s-borh\u0171t\u0151-170-palack-sz\u00e1m\u00e1ra.-rm.ac\u00e9l-kivitel-v\u00e1ltoztathat\u00f3-sebess\u00e9g\u0171-kompresszor-720011\/\" class=\"btn btn-primary-blue\">View more<\/a><span class=\"compare-product\"><span class=\"compare-checkbox\"><span class=\"compare-checkbox-shape\"><input type=\"checkbox\" class=\"product-comparer\" id=\"prod_720011\"\/><label class=\"btn\" for=\"prod_720011\"><span class=\"label-bg\"><\/span>\u00d6sszehasonl\u00edt\u00e1s<\/label><\/span><\/span><\/span><\/div><\/a><\/div><\/div><\/li>\n                        <\/ul>\n                        <div class=\"text-center more-products\">\n                        <\/div>\n                    <\/div>\n                    <!-- END PRODUCT LIST -->\n                    <\/div>\n                    <!-- END PRODUCT LIST -->[vc_empty_space][\/vc_column][\/vc_row]<\/p>\n","protected":false},"excerpt":{"rendered":"<p>[vc_row full_width=&#8221;electroluxpro-full-width-no-padding&#8221;][vc_column][elx_image_block background_image=&#8221;4297&#8243; minimum_height=&#8221;400px&#8221;][vc_empty_space][\/vc_column][\/vc_row][vc_row][vc_column width=&#8221;2\/3&#8243;][elx_heading font_container=&#8221;h1&#8243; font_size=&#8221;h3&#8243; text_color=&#8221;inherit&#8221; text_align=&#8221;text-left&#8221;]Electrolux Professional Wine line Borh\u0171t\u0151k[\/elx_heading][vc_empty_space][vc_column_text]Borh\u0171t\u0151ink t\u00f6k\u00e9letes k\u00f6r\u00fclm\u00e9nyeket biztos\u00edtanak borainak, legyen sz\u00f3 ak\u00e1r azok t\u00e1rol\u00e1s\u00e1r\u00f3l vagy felszolg\u00e1l\u00e1sukr\u00f3l.[\/vc_column_text][elx_heading font_size=&#8221;h5&#8243; text_color=&#8221;inherit&#8221;]A j\u00f3 bor tiszteletet \u00e9rdemel[\/elx_heading][vc_column_text]Az Electrolux Professional Wine line borh\u0171t\u0151k vezet\u0151 ipar\u00e1gi szak\u00e9rt\u0151kkel egy\u00fctt ker\u00fcltek megtervez\u00e9sre, hogy azok optim\u00e1lis h\u0151m\u00e9rs\u00e9klet \u00e9s p\u00e1raszintet biztos\u00edtsanak, valamint v\u00e9dj\u00e9k borait az \u00e1rtalmas UV sug\u00e1rz\u00e1st\u00f3l [&hellip;]<\/p>\n","protected":false},"author":3,"featured_media":4296,"parent":0,"menu_order":0,"comment_status":"closed","ping_status":"closed","template":"","meta":{"footnotes":""},"class_list":["post-4305","page","type-page","status-publish","has-post-thumbnail","hentry"],"yoast_head":"<!-- This site is optimized with the Yoast SEO plugin v23.3 - https:\/\/yoast.com\/wordpress\/plugins\/seo\/ -->\n<title>Borh\u0171t\u0151k - Electrolux Professional Magyarorsz\u00e1g<\/title>\n<meta name=\"description\" content=\"ecostore refrigerated cabinets: a true masterpiece of preservation in class A 5. More capacity and best in class in energy efficiency.\" \/>\n<meta name=\"robots\" content=\"index, follow, max-snippet:-1, max-image-preview:large, max-video-preview:-1\" \/>\n<link rel=\"canonical\" href=\"https:\/\/www.electroluxprofessional.com\/hu\/winecellars\/\" \/>\n<meta property=\"og:locale\" content=\"hu_HU\" \/>\n<meta property=\"og:type\" content=\"article\" \/>\n<meta property=\"og:title\" content=\"Borh\u0171t\u0151k - Electrolux Professional Magyarorsz\u00e1g\" \/>\n<meta property=\"og:description\" content=\"ecostore refrigerated cabinets: a true masterpiece of preservation in class A 5. More capacity and best in class in energy efficiency.\" \/>\n<meta property=\"og:url\" content=\"https:\/\/www.electroluxprofessional.com\/hu\/winecellars\/\" \/>\n<meta property=\"og:site_name\" content=\"Electrolux Professional Magyarorsz\u00e1g\" \/>\n<meta property=\"article:modified_time\" content=\"2025-11-05T14:49:49+00:00\" \/>\n<meta property=\"og:image\" content=\"https:\/\/www.electroluxprofessional.com\/hu\/wp-content\/uploads\/2018\/05\/corkscrew_CMYK.jpg\" \/>\n\t<meta property=\"og:image:width\" content=\"750\" \/>\n\t<meta property=\"og:image:height\" content=\"400\" \/>\n\t<meta property=\"og:image:type\" content=\"image\/jpeg\" \/>\n<meta name=\"twitter:card\" content=\"summary_large_image\" \/>\n<meta name=\"twitter:label1\" content=\"Becs\u00fclt olvas\u00e1si id\u0151\" \/>\n\t<meta name=\"twitter:data1\" content=\"2 perc\" \/>\n<script type=\"application\/ld+json\" class=\"yoast-schema-graph\">{\"@context\":\"https:\/\/schema.org\",\"@graph\":[{\"@type\":\"WebPage\",\"@id\":\"https:\/\/www.electroluxprofessional.com\/hu\/winecellars\/\",\"url\":\"https:\/\/www.electroluxprofessional.com\/hu\/winecellars\/\",\"name\":\"Borh\u0171t\u0151k - Electrolux Professional Magyarorsz\u00e1g\",\"isPartOf\":{\"@id\":\"https:\/\/www.electroluxprofessional.com\/hu\/#website\"},\"primaryImageOfPage\":{\"@id\":\"https:\/\/www.electroluxprofessional.com\/hu\/winecellars\/#primaryimage\"},\"image\":{\"@id\":\"https:\/\/www.electroluxprofessional.com\/hu\/winecellars\/#primaryimage\"},\"thumbnailUrl\":\"https:\/\/www.electroluxprofessional.com\/hu\/wp-content\/uploads\/2018\/05\/corkscrew_CMYK.jpg\",\"datePublished\":\"2018-05-23T15:12:16+00:00\",\"dateModified\":\"2025-11-05T14:49:49+00:00\",\"description\":\"ecostore refrigerated cabinets: a true masterpiece of preservation in class A 5. More capacity and best in class in energy efficiency.\",\"breadcrumb\":{\"@id\":\"https:\/\/www.electroluxprofessional.com\/hu\/winecellars\/#breadcrumb\"},\"inLanguage\":\"hu\",\"potentialAction\":[{\"@type\":\"ReadAction\",\"target\":[\"https:\/\/www.electroluxprofessional.com\/hu\/winecellars\/\"]}]},{\"@type\":\"ImageObject\",\"inLanguage\":\"hu\",\"@id\":\"https:\/\/www.electroluxprofessional.com\/hu\/winecellars\/#primaryimage\",\"url\":\"https:\/\/www.electroluxprofessional.com\/hu\/wp-content\/uploads\/2018\/05\/corkscrew_CMYK.jpg\",\"contentUrl\":\"https:\/\/www.electroluxprofessional.com\/hu\/wp-content\/uploads\/2018\/05\/corkscrew_CMYK.jpg\",\"width\":750,\"height\":400,\"caption\":\"corkscrew wineline\"},{\"@type\":\"BreadcrumbList\",\"@id\":\"https:\/\/www.electroluxprofessional.com\/hu\/winecellars\/#breadcrumb\",\"itemListElement\":[{\"@type\":\"ListItem\",\"position\":1,\"name\":\"Home\",\"item\":\"https:\/\/www.electroluxprofessional.com\/hu\/\"},{\"@type\":\"ListItem\",\"position\":2,\"name\":\"Borh\u0171t\u0151k\"}]},{\"@type\":\"WebSite\",\"@id\":\"https:\/\/www.electroluxprofessional.com\/hu\/#website\",\"url\":\"https:\/\/www.electroluxprofessional.com\/hu\/\",\"name\":\"Electrolux Professional Magyarorsz\u00e1g\",\"description\":\"\",\"potentialAction\":[{\"@type\":\"SearchAction\",\"target\":{\"@type\":\"EntryPoint\",\"urlTemplate\":\"https:\/\/www.electroluxprofessional.com\/hu\/?src={search_term_string}\"},\"query-input\":\"required name=search_term_string\"}],\"inLanguage\":\"hu\"}]}<\/script>\n<!-- \/ Yoast SEO plugin. -->","yoast_head_json":{"title":"Borh\u0171t\u0151k - Electrolux Professional Magyarorsz\u00e1g","description":"ecostore refrigerated cabinets: a true masterpiece of preservation in class A 5. More capacity and best in class in energy efficiency.","robots":{"index":"index","follow":"follow","max-snippet":"max-snippet:-1","max-image-preview":"max-image-preview:large","max-video-preview":"max-video-preview:-1"},"canonical":"https:\/\/www.electroluxprofessional.com\/hu\/winecellars\/","og_locale":"hu_HU","og_type":"article","og_title":"Borh\u0171t\u0151k - Electrolux Professional Magyarorsz\u00e1g","og_description":"ecostore refrigerated cabinets: a true masterpiece of preservation in class A 5. More capacity and best in class in energy efficiency.","og_url":"https:\/\/www.electroluxprofessional.com\/hu\/winecellars\/","og_site_name":"Electrolux Professional Magyarorsz\u00e1g","article_modified_time":"2025-11-05T14:49:49+00:00","og_image":[{"width":750,"height":400,"url":"https:\/\/www.electroluxprofessional.com\/hu\/wp-content\/uploads\/2018\/05\/corkscrew_CMYK.jpg","type":"image\/jpeg"}],"twitter_card":"summary_large_image","twitter_misc":{"Becs\u00fclt olvas\u00e1si id\u0151":"2 perc"},"schema":{"@context":"https:\/\/schema.org","@graph":[{"@type":"WebPage","@id":"https:\/\/www.electroluxprofessional.com\/hu\/winecellars\/","url":"https:\/\/www.electroluxprofessional.com\/hu\/winecellars\/","name":"Borh\u0171t\u0151k - Electrolux Professional Magyarorsz\u00e1g","isPartOf":{"@id":"https:\/\/www.electroluxprofessional.com\/hu\/#website"},"primaryImageOfPage":{"@id":"https:\/\/www.electroluxprofessional.com\/hu\/winecellars\/#primaryimage"},"image":{"@id":"https:\/\/www.electroluxprofessional.com\/hu\/winecellars\/#primaryimage"},"thumbnailUrl":"https:\/\/www.electroluxprofessional.com\/hu\/wp-content\/uploads\/2018\/05\/corkscrew_CMYK.jpg","datePublished":"2018-05-23T15:12:16+00:00","dateModified":"2025-11-05T14:49:49+00:00","description":"ecostore refrigerated cabinets: a true masterpiece of preservation in class A 5. More capacity and best in class in energy efficiency.","breadcrumb":{"@id":"https:\/\/www.electroluxprofessional.com\/hu\/winecellars\/#breadcrumb"},"inLanguage":"hu","potentialAction":[{"@type":"ReadAction","target":["https:\/\/www.electroluxprofessional.com\/hu\/winecellars\/"]}]},{"@type":"ImageObject","inLanguage":"hu","@id":"https:\/\/www.electroluxprofessional.com\/hu\/winecellars\/#primaryimage","url":"https:\/\/www.electroluxprofessional.com\/hu\/wp-content\/uploads\/2018\/05\/corkscrew_CMYK.jpg","contentUrl":"https:\/\/www.electroluxprofessional.com\/hu\/wp-content\/uploads\/2018\/05\/corkscrew_CMYK.jpg","width":750,"height":400,"caption":"corkscrew wineline"},{"@type":"BreadcrumbList","@id":"https:\/\/www.electroluxprofessional.com\/hu\/winecellars\/#breadcrumb","itemListElement":[{"@type":"ListItem","position":1,"name":"Home","item":"https:\/\/www.electroluxprofessional.com\/hu\/"},{"@type":"ListItem","position":2,"name":"Borh\u0171t\u0151k"}]},{"@type":"WebSite","@id":"https:\/\/www.electroluxprofessional.com\/hu\/#website","url":"https:\/\/www.electroluxprofessional.com\/hu\/","name":"Electrolux Professional Magyarorsz\u00e1g","description":"","potentialAction":[{"@type":"SearchAction","target":{"@type":"EntryPoint","urlTemplate":"https:\/\/www.electroluxprofessional.com\/hu\/?src={search_term_string}"},"query-input":"required name=search_term_string"}],"inLanguage":"hu"}]}},"_links":{"self":[{"href":"https:\/\/www.electroluxprofessional.com\/hu\/wp-json\/wp\/v2\/pages\/4305"}],"collection":[{"href":"https:\/\/www.electroluxprofessional.com\/hu\/wp-json\/wp\/v2\/pages"}],"about":[{"href":"https:\/\/www.electroluxprofessional.com\/hu\/wp-json\/wp\/v2\/types\/page"}],"author":[{"embeddable":true,"href":"https:\/\/www.electroluxprofessional.com\/hu\/wp-json\/wp\/v2\/users\/3"}],"replies":[{"embeddable":true,"href":"https:\/\/www.electroluxprofessional.com\/hu\/wp-json\/wp\/v2\/comments?post=4305"}],"version-history":[{"count":28,"href":"https:\/\/www.electroluxprofessional.com\/hu\/wp-json\/wp\/v2\/pages\/4305\/revisions"}],"predecessor-version":[{"id":9312,"href":"https:\/\/www.electroluxprofessional.com\/hu\/wp-json\/wp\/v2\/pages\/4305\/revisions\/9312"}],"wp:featuredmedia":[{"embeddable":true,"href":"https:\/\/www.electroluxprofessional.com\/hu\/wp-json\/wp\/v2\/media\/4296"}],"wp:attachment":[{"href":"https:\/\/www.electroluxprofessional.com\/hu\/wp-json\/wp\/v2\/media?parent=4305"}],"curies":[{"name":"wp","href":"https:\/\/api.w.org\/{rel}","templated":true}]}}