{"id":4161,"date":"2018-01-17T14:24:42","date_gmt":"2018-01-17T13:24:42","guid":{"rendered":"https:\/\/www.electroluxprofessional.com\/?page_id=14181"},"modified":"2025-11-05T14:43:16","modified_gmt":"2025-11-05T14:43:16","slug":"multislim-compact-oven","status":"publish","type":"page","link":"https:\/\/www.electroluxprofessional.com\/hu\/multislim-compact-oven\/","title":{"rendered":"MultiSlim kompakt s\u00fct\u0151"},"content":{"rendered":"<p>[vc_row full_width=&#8221;electroluxpro-full-width-no-padding&#8221;][vc_column][vc_single_image image=&#8221;4154&#8243; img_size=&#8221;full&#8221; alignment=&#8221;center&#8221;][\/vc_column][\/vc_row][vc_row][vc_column width=&#8221;2\/3&#8243;][elx_heading font_container=&#8221;h1&#8243; font_size=&#8221;h3&#8243; text_color=&#8221;inherit&#8221;]MultiSlim kompakt s\u00fct\u0151[\/elx_heading][vc_column_text]Kev\u00e9s a hely a konyh\u00e1j\u00e1ban? Cs\u00f6kkentenie kell az \u00fczemeltet\u00e9si k\u00f6lts\u00e9geket, de nem szeretn\u00e9 a f\u0151z\u00e9si teljes\u00edtm\u00e9ny gyeng\u00fcl\u00e9s\u00e9t? Az \u00faj\u00a0<strong>MultiSlim kompakt s\u00fct\u0151 <\/strong>a t\u00f6k\u00e9letes megold\u00e1s\u00a0<b>\u00e9tterme\u00a0<\/b>\u00e9s\u00a0<strong>b\u00e1rja\u00a0<\/strong>sz\u00e1m\u00e1ra.[\/vc_column_text][\/vc_column][vc_column width=&#8221;1\/3&#8243;][\/vc_column][\/vc_row][vc_row][vc_column width=&#8221;1\/3&#8243;][vc_single_image image=&#8221;4155&#8243; img_size=&#8221;full&#8221;][elx_heading font_size=&#8221;h5&#8243; text_color=&#8221;inherit&#8221;]K\u00f6rnyezetbar\u00e1t[\/elx_heading][vc_column_text]Ak\u00e1r 15%-kal kevesebb vizet haszn\u00e1l a hagyom\u00e1nyos v\u00edzbefecskendez\u00e9ses s\u00fct\u0151kh\u00f6z k\u00e9pest. A\u00a0<strong>MultiSlim kompakt s\u00fct\u0151<\/strong>\u00a0k\u00f6rnyezetbar\u00e1t, cs\u00f6kkenti a rezsik\u00f6lts\u00e9geket.<br \/>\nTekintse meg a\u00a0<a href=\"https:\/\/files.professional.electrolux.com\/docs\/?n=BR-9JE00082&amp;b=5&amp;l=1\" target=\"_blank\" rel=\"noopener noreferrer\">MultiSlim kompakt s\u00fct\u0151 katal\u00f3gus\u00e1t<\/a>.[\/vc_column_text][\/vc_column][vc_column width=&#8221;1\/3&#8243;][vc_single_image image=&#8221;4156&#8243; img_size=&#8221;full&#8221;][elx_heading font_size=&#8221;h5&#8243; text_color=&#8221;inherit&#8221;]Helytakar\u00e9kos[\/elx_heading][vc_column_text]Helytakar\u00e9kos m\u00e9retek, mind\u00f6ssze 0.42 m2 &#8211; ez teszi a\u00a0<strong>MultiSlim kompakt s\u00fct\u0151t\u00a0<\/strong>a kev\u00e9s hellyel rendelkez\u0151 konyh\u00e1k ide\u00e1lis k\u00e9sz\u00fcl\u00e9k\u00e9v\u00e9.<br \/>\nJobb vagy bal oldali ajt\u00f3ny\u00edl\u00e1s. Az ajt\u00f3ford\u00edt\u00e1s a helysz\u00ednen b\u00e1rmikor megoldhat\u00f3.[\/vc_column_text][\/vc_column][vc_column width=&#8221;1\/3&#8243;][vc_single_image image=&#8221;4157&#8243; img_size=&#8221;full&#8221;][elx_heading font_size=&#8221;h5&#8243; text_color=&#8221;inherit&#8221;]Hossz\u00fa \u00e9lettartam\u00fa[\/elx_heading][vc_column_text]A<strong> MultiSlim kompakt s\u00fct\u0151<\/strong>\u00a0nagy ig\u00e9nybev\u00e9tel\u0171, hossz\u00fa idej\u0171 haszn\u00e1latra lett tervezve. A mind\u00f6ssze 72 kg s\u00faly\u00fa multifunkcion\u00e1lis s\u00fct\u0151 tart\u00f3s \u00e9s magas min\u0151s\u00e9g\u0171 alapanyagokb\u00f3l k\u00e9sz\u00fcl.[\/vc_column_text][\/vc_column][\/vc_row][vc_row][vc_column css=&#8221;.vc_custom_1516182416648{padding-top: 40px !important;}&#8221;][elx_heading font_size=&#8221;h3&#8243; text_color=&#8221;inherit&#8221;]Ossza meg vel\u00fcnk v\u00e9lem\u00e9ny\u00e9t![\/elx_heading][vc_empty_space][\/vc_column][\/vc_row][vc_row css=&#8221;.vc_custom_1516626289472{background-color: #eeeeee !important;}&#8221;][vc_column width=&#8221;1\/2&#8243;][vc_single_image image=&#8221;4158&#8243; img_size=&#8221;full&#8221;][\/vc_column][vc_column width=&#8221;1\/2&#8243;][vc_empty_space][elx_heading font_size=&#8221;h5&#8243; text_color=&#8221;inherit&#8221;]A MultiSlim kompakt s\u00fct\u0151vel<br \/>\na men\u00fcje a kisujj\u00e1ban van[\/elx_heading][vc_column_text]Gyors \u00e9s egyszer\u0171 navig\u00e1ci\u00f3 a programokban, funkci\u00f3kban \u00e9s f\u0151z\u00e9si param\u00e9terekben a kezel\u0151gombbal.\u00a0<strong>Csak nyomja meg a kiv\u00e1laszt\u00e1shoz.<\/strong><\/p>\n<p>A s\u00fct\u0151 egyszer\u0171, programozhat\u00f3 kezel\u0151i fel\u00fclet\u00e9vel megalkothatja saj\u00e1t receptjeit, elmentheti \u00e9s b\u00e1rmikor el\u0151h\u00edvhatja \u0151ket. Max. <strong>99 recept t\u00e1rol\u00e1s\u00e1ra van lehet\u0151s\u00e9g<\/strong>.[\/vc_column_text][\/vc_column][\/vc_row][vc_row][vc_column css=&#8221;.vc_custom_1516182416648{padding-top: 40px !important;}&#8221;][vc_empty_space][\/vc_column][\/vc_row][vc_row][vc_column width=&#8221;1\/3&#8243;][vc_single_image image=&#8221;4159&#8243; img_size=&#8221;full&#8221;][\/vc_column][vc_column width=&#8221;1\/3&#8243;][vc_empty_space][elx_heading font_size=&#8221;h5&#8243; text_color=&#8221;inherit&#8221;]A megfelel\u0151 tartoz\u00e9k a t\u00f6k\u00e9letes recepthez[\/elx_heading][vc_column_text]Egyszer\u0171 \u00e9s gyors. N\u00e9zze \u00e1t a <strong>receptjeinket<\/strong> \u00e9s a rendelhet\u0151 tartoz\u00e9kokat.<br \/>\nSzerezze be saj\u00e1t p\u00e9ld\u00e1ny\u00e1t.[\/vc_column_text][\/vc_column][vc_column width=&#8221;1\/3&#8243;][elx_download_block text=&#8221;MultiSlim kompakt s\u00fct\u0151<br \/>\nkatal\u00f3gus \u00e9s receptek&#8221; link=&#8221;https:\/\/files.professional.electrolux.com\/docs\/?n=BR-9JE00082&amp;b=5&amp;l=1&#8243; background_color=&#8221;cat-cook&#8221;][\/vc_column][\/vc_row][vc_row][vc_column][vc_empty_space][vc_empty_space][elx_heading font_size=&#8221;h3&#8243; text_color=&#8221;inherit&#8221;]MultiSlim kompakt s\u00fct\u0151k: technikai adatok.[\/elx_heading]<div class=\"com21-product-filter-container 11\">[\/vc_column][\/vc_row][vc_row css=&#8221;.vc_custom_1517485643770{background-color: #eeeeee !important;}&#8221;][vc_column]<div class=\"com21-product-filter-container 11\">[\/vc_column][\/vc_row][vc_row][vc_column][vc_empty_space][elx_heading font_size=&#8221;h3&#8243; text_color=&#8221;inherit&#8221;]Tov\u00e1bbi inform\u00e1ci\u00f3ra van sz\u00fcks\u00e9ge?[\/elx_heading][elx_o2000_contact_us r=&#8221;\u00dcdv\u00f6zl\u00f6m! T\u00f6bb inform\u00e1ci\u00f3t szeretn\u00e9k k\u00e9rni a MultiSlim kompakt s\u00fct\u0151r\u0151l. K\u00e9rem, l\u00e9pjenek kapcsolatba velem!&#8221; s=&#8221;Inform\u00e1ci\u00f3 k\u00e9r\u00e9s err\u0151l a term\u00e9kr\u0151l MultiSlim kompakt s\u00fct\u0151r\u0151l&#8221; country=&#8221;Hungary&#8221; l=&#8221;hu&#8221;][\/vc_column][\/vc_row][vc_row][vc_column width=&#8221;1\/3&#8243;][elx_maylike_box id_box=&#8221;3771&#8243; matched_labels=&#8221;&#8221;][\/vc_column][vc_column width=&#8221;1\/3&#8243;][elx_maylike_box id_box=&#8221;3770&#8243; matched_labels=&#8221;&#8221;][\/vc_column][vc_column width=&#8221;1\/3&#8243;][elx_maylike_box id_box=&#8221;4126&#8243; matched_labels=&#8221;&#8221;][\/vc_column][\/vc_row]<\/p>\n","protected":false},"excerpt":{"rendered":"<p>[vc_row full_width=&#8221;electroluxpro-full-width-no-padding&#8221;][vc_column][vc_single_image image=&#8221;4154&#8243; img_size=&#8221;full&#8221; alignment=&#8221;center&#8221;][\/vc_column][\/vc_row][vc_row][vc_column width=&#8221;2\/3&#8243;][elx_heading font_container=&#8221;h1&#8243; font_size=&#8221;h3&#8243; text_color=&#8221;inherit&#8221;]MultiSlim kompakt s\u00fct\u0151[\/elx_heading][vc_column_text]Kev\u00e9s a hely a konyh\u00e1j\u00e1ban? Cs\u00f6kkentenie kell az \u00fczemeltet\u00e9si k\u00f6lts\u00e9geket, de nem szeretn\u00e9 a f\u0151z\u00e9si teljes\u00edtm\u00e9ny gyeng\u00fcl\u00e9s\u00e9t? Az \u00faj\u00a0MultiSlim kompakt s\u00fct\u0151 a t\u00f6k\u00e9letes megold\u00e1s\u00a0\u00e9tterme\u00a0\u00e9s\u00a0b\u00e1rja\u00a0sz\u00e1m\u00e1ra.[\/vc_column_text][\/vc_column][vc_column width=&#8221;1\/3&#8243;][\/vc_column][\/vc_row][vc_row][vc_column width=&#8221;1\/3&#8243;][vc_single_image image=&#8221;4155&#8243; img_size=&#8221;full&#8221;][elx_heading font_size=&#8221;h5&#8243; text_color=&#8221;inherit&#8221;]K\u00f6rnyezetbar\u00e1t[\/elx_heading][vc_column_text]Ak\u00e1r 15%-kal kevesebb vizet haszn\u00e1l a hagyom\u00e1nyos v\u00edzbefecskendez\u00e9ses s\u00fct\u0151kh\u00f6z k\u00e9pest. A\u00a0MultiSlim kompakt s\u00fct\u0151\u00a0k\u00f6rnyezetbar\u00e1t, cs\u00f6kkenti a rezsik\u00f6lts\u00e9geket. [&hellip;]<\/p>\n","protected":false},"author":3,"featured_media":0,"parent":0,"menu_order":0,"comment_status":"closed","ping_status":"closed","template":"","meta":{"footnotes":""},"class_list":["post-4161","page","type-page","status-publish","hentry"],"yoast_head":"<!-- This site is optimized with the Yoast SEO plugin v23.3 - https:\/\/yoast.com\/wordpress\/plugins\/seo\/ -->\n<title>MultiSlim kompakt s\u00fct\u0151 - Electrolux Professional Magyarorsz\u00e1g<\/title>\n<meta name=\"description\" content=\"- Short on space? - Need to cut running costs? - No compromises on performance? - MultiSlim compact oven is your new best friend.\" \/>\n<meta name=\"robots\" content=\"index, follow, max-snippet:-1, max-image-preview:large, max-video-preview:-1\" \/>\n<link rel=\"canonical\" href=\"https:\/\/www.electroluxprofessional.com\/hu\/multislim-compact-oven\/\" \/>\n<meta property=\"og:locale\" content=\"hu_HU\" \/>\n<meta property=\"og:type\" content=\"article\" \/>\n<meta property=\"og:title\" content=\"MultiSlim kompakt s\u00fct\u0151 - Electrolux Professional Magyarorsz\u00e1g\" \/>\n<meta property=\"og:description\" content=\"- Short on space? - Need to cut running costs? - No compromises on performance? - MultiSlim compact oven is your new best friend.\" \/>\n<meta property=\"og:url\" content=\"https:\/\/www.electroluxprofessional.com\/hu\/multislim-compact-oven\/\" \/>\n<meta property=\"og:site_name\" content=\"Electrolux Professional Magyarorsz\u00e1g\" \/>\n<meta property=\"article:modified_time\" content=\"2025-11-05T14:43:16+00:00\" \/>\n<meta name=\"twitter:card\" content=\"summary_large_image\" \/>\n<meta name=\"twitter:label1\" content=\"Becs\u00fclt olvas\u00e1si id\u0151\" \/>\n\t<meta name=\"twitter:data1\" content=\"2 perc\" \/>\n<script type=\"application\/ld+json\" class=\"yoast-schema-graph\">{\"@context\":\"https:\/\/schema.org\",\"@graph\":[{\"@type\":\"WebPage\",\"@id\":\"https:\/\/www.electroluxprofessional.com\/hu\/multislim-compact-oven\/\",\"url\":\"https:\/\/www.electroluxprofessional.com\/hu\/multislim-compact-oven\/\",\"name\":\"MultiSlim kompakt s\u00fct\u0151 - Electrolux Professional Magyarorsz\u00e1g\",\"isPartOf\":{\"@id\":\"https:\/\/www.electroluxprofessional.com\/hu\/#website\"},\"datePublished\":\"2018-01-17T13:24:42+00:00\",\"dateModified\":\"2025-11-05T14:43:16+00:00\",\"description\":\"- Short on space? - Need to cut running costs? - No compromises on performance? - MultiSlim compact oven is your new best friend.\",\"breadcrumb\":{\"@id\":\"https:\/\/www.electroluxprofessional.com\/hu\/multislim-compact-oven\/#breadcrumb\"},\"inLanguage\":\"hu\",\"potentialAction\":[{\"@type\":\"ReadAction\",\"target\":[\"https:\/\/www.electroluxprofessional.com\/hu\/multislim-compact-oven\/\"]}]},{\"@type\":\"BreadcrumbList\",\"@id\":\"https:\/\/www.electroluxprofessional.com\/hu\/multislim-compact-oven\/#breadcrumb\",\"itemListElement\":[{\"@type\":\"ListItem\",\"position\":1,\"name\":\"Home\",\"item\":\"https:\/\/www.electroluxprofessional.com\/hu\/\"},{\"@type\":\"ListItem\",\"position\":2,\"name\":\"MultiSlim kompakt s\u00fct\u0151\"}]},{\"@type\":\"WebSite\",\"@id\":\"https:\/\/www.electroluxprofessional.com\/hu\/#website\",\"url\":\"https:\/\/www.electroluxprofessional.com\/hu\/\",\"name\":\"Electrolux Professional Magyarorsz\u00e1g\",\"description\":\"\",\"potentialAction\":[{\"@type\":\"SearchAction\",\"target\":{\"@type\":\"EntryPoint\",\"urlTemplate\":\"https:\/\/www.electroluxprofessional.com\/hu\/?src={search_term_string}\"},\"query-input\":\"required name=search_term_string\"}],\"inLanguage\":\"hu\"}]}<\/script>\n<!-- \/ Yoast SEO plugin. -->","yoast_head_json":{"title":"MultiSlim kompakt s\u00fct\u0151 - Electrolux Professional Magyarorsz\u00e1g","description":"- Short on space? - Need to cut running costs? - No compromises on performance? - MultiSlim compact oven is your new best friend.","robots":{"index":"index","follow":"follow","max-snippet":"max-snippet:-1","max-image-preview":"max-image-preview:large","max-video-preview":"max-video-preview:-1"},"canonical":"https:\/\/www.electroluxprofessional.com\/hu\/multislim-compact-oven\/","og_locale":"hu_HU","og_type":"article","og_title":"MultiSlim kompakt s\u00fct\u0151 - Electrolux Professional Magyarorsz\u00e1g","og_description":"- Short on space? - Need to cut running costs? - No compromises on performance? - MultiSlim compact oven is your new best friend.","og_url":"https:\/\/www.electroluxprofessional.com\/hu\/multislim-compact-oven\/","og_site_name":"Electrolux Professional Magyarorsz\u00e1g","article_modified_time":"2025-11-05T14:43:16+00:00","twitter_card":"summary_large_image","twitter_misc":{"Becs\u00fclt olvas\u00e1si id\u0151":"2 perc"},"schema":{"@context":"https:\/\/schema.org","@graph":[{"@type":"WebPage","@id":"https:\/\/www.electroluxprofessional.com\/hu\/multislim-compact-oven\/","url":"https:\/\/www.electroluxprofessional.com\/hu\/multislim-compact-oven\/","name":"MultiSlim kompakt s\u00fct\u0151 - Electrolux Professional Magyarorsz\u00e1g","isPartOf":{"@id":"https:\/\/www.electroluxprofessional.com\/hu\/#website"},"datePublished":"2018-01-17T13:24:42+00:00","dateModified":"2025-11-05T14:43:16+00:00","description":"- Short on space? - Need to cut running costs? - No compromises on performance? - MultiSlim compact oven is your new best friend.","breadcrumb":{"@id":"https:\/\/www.electroluxprofessional.com\/hu\/multislim-compact-oven\/#breadcrumb"},"inLanguage":"hu","potentialAction":[{"@type":"ReadAction","target":["https:\/\/www.electroluxprofessional.com\/hu\/multislim-compact-oven\/"]}]},{"@type":"BreadcrumbList","@id":"https:\/\/www.electroluxprofessional.com\/hu\/multislim-compact-oven\/#breadcrumb","itemListElement":[{"@type":"ListItem","position":1,"name":"Home","item":"https:\/\/www.electroluxprofessional.com\/hu\/"},{"@type":"ListItem","position":2,"name":"MultiSlim kompakt s\u00fct\u0151"}]},{"@type":"WebSite","@id":"https:\/\/www.electroluxprofessional.com\/hu\/#website","url":"https:\/\/www.electroluxprofessional.com\/hu\/","name":"Electrolux Professional Magyarorsz\u00e1g","description":"","potentialAction":[{"@type":"SearchAction","target":{"@type":"EntryPoint","urlTemplate":"https:\/\/www.electroluxprofessional.com\/hu\/?src={search_term_string}"},"query-input":"required name=search_term_string"}],"inLanguage":"hu"}]}},"_links":{"self":[{"href":"https:\/\/www.electroluxprofessional.com\/hu\/wp-json\/wp\/v2\/pages\/4161"}],"collection":[{"href":"https:\/\/www.electroluxprofessional.com\/hu\/wp-json\/wp\/v2\/pages"}],"about":[{"href":"https:\/\/www.electroluxprofessional.com\/hu\/wp-json\/wp\/v2\/types\/page"}],"author":[{"embeddable":true,"href":"https:\/\/www.electroluxprofessional.com\/hu\/wp-json\/wp\/v2\/users\/3"}],"replies":[{"embeddable":true,"href":"https:\/\/www.electroluxprofessional.com\/hu\/wp-json\/wp\/v2\/comments?post=4161"}],"version-history":[{"count":25,"href":"https:\/\/www.electroluxprofessional.com\/hu\/wp-json\/wp\/v2\/pages\/4161\/revisions"}],"predecessor-version":[{"id":9291,"href":"https:\/\/www.electroluxprofessional.com\/hu\/wp-json\/wp\/v2\/pages\/4161\/revisions\/9291"}],"wp:attachment":[{"href":"https:\/\/www.electroluxprofessional.com\/hu\/wp-json\/wp\/v2\/media?parent=4161"}],"curies":[{"name":"wp","href":"https:\/\/api.w.org\/{rel}","templated":true}]}}