{"id":4032,"date":"2017-02-02T16:35:01","date_gmt":"2017-02-02T15:35:01","guid":{"rendered":"https:\/\/www.electroluxprofessional.com\/?page_id=8957"},"modified":"2025-11-05T14:51:10","modified_gmt":"2025-11-05T14:51:10","slug":"trolleys","status":"publish","type":"page","link":"https:\/\/www.electroluxprofessional.com\/hu\/trolleys\/","title":{"rendered":"Kocsik"},"content":{"rendered":"<p>[vc_row full_width=&#8221;electroluxpro-full-width-no-padding&#8221;][vc_column][elx_hero_slider label_text_color=&#8221;inherit&#8221; images=&#8221;1907&#8243;][elx_heading font_container=&#8221;h1&#8243; text_color=&#8221;inherit&#8221;]Kocsik[\/elx_heading][\/elx_hero_slider][\/vc_column][\/vc_row][vc_row][vc_column][vc_empty_space][elx_heading font_size=&#8221;h3&#8243; text_color=&#8221;inherit&#8221;]A professzion\u00e1lis konyh\u00e1kban a sz\u00e1ll\u00edt\u00f3 kocsik n\u00e9lk\u00fcl\u00f6zhetetlenek az <strong>\u00e1ruk mozgat\u00e1s\u00e1hoz<\/strong> \u00e9s <strong>az \u00e9telek sz\u00e9toszt\u00e1s\u00e1hoz<\/strong>.[\/elx_heading][vc_empty_space][\/vc_column][\/vc_row][vc_row][vc_column width=&#8221;1\/2&#8243;][vc_column_text]Az \u00e9telkioszt\u00f3 rendszer flexibilit\u00e1sa, kapacit\u00e1sa \u00e9s hat\u00e9konys\u00e1ga a megsz\u00e1ml\u00e1lhatatlan install\u00e1ci\u00f3s lehet\u0151s\u00e9get biztos\u00edt\u00f3 berendez\u00e9sek \u00e9s tartoz\u00e9kok sz\u00e9les v\u00e1laszt\u00e9k\u00e1b\u00f3l ered.<\/p>\n<p>Az Electrolux nagy v\u00e1laszt\u00e9kot k\u00edn\u00e1l az ergonomikus banqueting kocsikb\u00f3l; \u00a0<strong>rozsdamentes ac\u00e9l kocsikb\u00f3l a mosogat\u00f3kosarak t\u00e1rol\u00e1s\u00e1hoz \u00e9s sz\u00e1ll\u00edt\u00e1s\u00e1hoz; a t\u00e1ny\u00e9rokhoz \u00e9s t\u00e1lc\u00e1khoz val\u00f3 szerviz kocsikb\u00f3l;\u00a0<\/strong>\u00a0<strong>k\u00f3rh\u00e1zaknak, id\u0151sek otthon\u00e1nak, eg\u00e9szs\u00e9g\u00fcgyi int\u00e9zm\u00e9nyeknek \u00e9s vend\u00e9gl\u00e1t\u00f3 egys\u00e9geknek\u00a0<\/strong>val\u00f3 mosogat\u00f3kos\u00e1r sz\u00e1ll\u00edt\u00f3 \u00e9s \u00e1ztat\u00f3medenc\u00e9s kocsikb\u00f3l<strong>.<\/strong>[\/vc_column_text][\/vc_column][vc_column width=&#8221;1\/2&#8243;][vc_single_image image=&#8221;3397&#8243; img_size=&#8221;full&#8221; alignment=&#8221;center&#8221;][\/vc_column][\/vc_row][vc_row][vc_column][vc_empty_space][elx_heading text_color=&#8221;inherit&#8221;]\u00c9rdekl\u0151dj\u00f6n term\u00e9keink ir\u00e1nt[\/elx_heading][elx_o2000_contact_us r=&#8221;Szeretn\u00e9k t\u00f6bb inform\u00e1ci\u00f3t kapni err\u0151l a term\u00e9kr\u0151l Kocsik. K\u00e9rem, vegy\u00e9k fel velem a kapcsolatot.&#8221; s=&#8221;Inform\u00e1ci\u00f3 k\u00e9r\u00e9s err\u0151l a term\u00e9kr\u0151l Kocsik&#8221; country=&#8221;Hungary&#8221; l=&#8221;hu&#8221; container=&#8221;elxcontactus1486049263&#8243;][vc_empty_space][\/vc_column][\/vc_row][vc_row][vc_column][\/vc_column][\/vc_row]<\/p>\n","protected":false},"excerpt":{"rendered":"<p>[vc_row full_width=&#8221;electroluxpro-full-width-no-padding&#8221;][vc_column][elx_hero_slider label_text_color=&#8221;inherit&#8221; images=&#8221;1907&#8243;][elx_heading font_container=&#8221;h1&#8243; text_color=&#8221;inherit&#8221;]Kocsik[\/elx_heading][\/elx_hero_slider][\/vc_column][\/vc_row][vc_row][vc_column][vc_empty_space][elx_heading font_size=&#8221;h3&#8243; text_color=&#8221;inherit&#8221;]A professzion\u00e1lis konyh\u00e1kban a sz\u00e1ll\u00edt\u00f3 kocsik n\u00e9lk\u00fcl\u00f6zhetetlenek az \u00e1ruk mozgat\u00e1s\u00e1hoz \u00e9s az \u00e9telek sz\u00e9toszt\u00e1s\u00e1hoz.[\/elx_heading][vc_empty_space][\/vc_column][\/vc_row][vc_row][vc_column width=&#8221;1\/2&#8243;][vc_column_text]Az \u00e9telkioszt\u00f3 rendszer flexibilit\u00e1sa, kapacit\u00e1sa \u00e9s hat\u00e9konys\u00e1ga a megsz\u00e1ml\u00e1lhatatlan install\u00e1ci\u00f3s lehet\u0151s\u00e9get biztos\u00edt\u00f3 berendez\u00e9sek \u00e9s tartoz\u00e9kok sz\u00e9les v\u00e1laszt\u00e9k\u00e1b\u00f3l ered. Az Electrolux nagy v\u00e1laszt\u00e9kot k\u00edn\u00e1l az ergonomikus banqueting kocsikb\u00f3l; \u00a0rozsdamentes ac\u00e9l kocsikb\u00f3l a mosogat\u00f3kosarak t\u00e1rol\u00e1s\u00e1hoz \u00e9s [&hellip;]<\/p>\n","protected":false},"author":3,"featured_media":539,"parent":0,"menu_order":0,"comment_status":"closed","ping_status":"closed","template":"","meta":{"footnotes":""},"class_list":["post-4032","page","type-page","status-publish","has-post-thumbnail","hentry"],"yoast_head":"<!-- This site is optimized with the Yoast SEO plugin v23.3 - https:\/\/yoast.com\/wordpress\/plugins\/seo\/ -->\n<title>Meal distribution trolleys - Electrolux Professional<\/title>\n<meta name=\"description\" content=\"In professional kitchens, a trolley is an essential complement for goods transportation and meal distribution. Discover our range of ergonomic trolleys.\" \/>\n<meta name=\"robots\" content=\"index, follow, max-snippet:-1, max-image-preview:large, max-video-preview:-1\" \/>\n<link rel=\"canonical\" href=\"https:\/\/www.electroluxprofessional.com\/hu\/trolleys\/\" \/>\n<meta property=\"og:locale\" content=\"hu_HU\" \/>\n<meta property=\"og:type\" content=\"article\" \/>\n<meta property=\"og:title\" content=\"Meal distribution trolleys - Electrolux Professional\" \/>\n<meta property=\"og:description\" content=\"In professional kitchens, a trolley is an essential complement for goods transportation and meal distribution. Discover our range of ergonomic trolleys.\" \/>\n<meta property=\"og:url\" content=\"https:\/\/www.electroluxprofessional.com\/hu\/trolleys\/\" \/>\n<meta property=\"og:site_name\" content=\"Electrolux Professional Magyarorsz\u00e1g\" \/>\n<meta property=\"article:modified_time\" content=\"2025-11-05T14:51:10+00:00\" \/>\n<meta property=\"og:image\" content=\"https:\/\/www.electroluxprofessional.com\/hu\/wp-content\/uploads\/2016\/11\/6899ade55d4bc92f3d116afa97913e06-1.jpg\" \/>\n\t<meta property=\"og:image:width\" content=\"5760\" \/>\n\t<meta property=\"og:image:height\" content=\"3840\" \/>\n\t<meta property=\"og:image:type\" content=\"image\/jpeg\" \/>\n<meta name=\"twitter:card\" content=\"summary_large_image\" \/>\n<meta name=\"twitter:label1\" content=\"Becs\u00fclt olvas\u00e1si id\u0151\" \/>\n\t<meta name=\"twitter:data1\" content=\"2 perc\" \/>\n<script type=\"application\/ld+json\" class=\"yoast-schema-graph\">{\"@context\":\"https:\/\/schema.org\",\"@graph\":[{\"@type\":\"WebPage\",\"@id\":\"https:\/\/www.electroluxprofessional.com\/hu\/trolleys\/\",\"url\":\"https:\/\/www.electroluxprofessional.com\/hu\/trolleys\/\",\"name\":\"Meal distribution trolleys - Electrolux Professional\",\"isPartOf\":{\"@id\":\"https:\/\/www.electroluxprofessional.com\/hu\/#website\"},\"primaryImageOfPage\":{\"@id\":\"https:\/\/www.electroluxprofessional.com\/hu\/trolleys\/#primaryimage\"},\"image\":{\"@id\":\"https:\/\/www.electroluxprofessional.com\/hu\/trolleys\/#primaryimage\"},\"thumbnailUrl\":\"https:\/\/www.electroluxprofessional.com\/hu\/wp-content\/uploads\/2016\/11\/6899ade55d4bc92f3d116afa97913e06-1.jpg\",\"datePublished\":\"2017-02-02T15:35:01+00:00\",\"dateModified\":\"2025-11-05T14:51:10+00:00\",\"description\":\"In professional kitchens, a trolley is an essential complement for goods transportation and meal distribution. Discover our range of ergonomic trolleys.\",\"breadcrumb\":{\"@id\":\"https:\/\/www.electroluxprofessional.com\/hu\/trolleys\/#breadcrumb\"},\"inLanguage\":\"hu\",\"potentialAction\":[{\"@type\":\"ReadAction\",\"target\":[\"https:\/\/www.electroluxprofessional.com\/hu\/trolleys\/\"]}]},{\"@type\":\"ImageObject\",\"inLanguage\":\"hu\",\"@id\":\"https:\/\/www.electroluxprofessional.com\/hu\/trolleys\/#primaryimage\",\"url\":\"https:\/\/www.electroluxprofessional.com\/hu\/wp-content\/uploads\/2016\/11\/6899ade55d4bc92f3d116afa97913e06-1.jpg\",\"contentUrl\":\"https:\/\/www.electroluxprofessional.com\/hu\/wp-content\/uploads\/2016\/11\/6899ade55d4bc92f3d116afa97913e06-1.jpg\",\"width\":5760,\"height\":3840,\"caption\":\"Wirtshaus Zinners\"},{\"@type\":\"BreadcrumbList\",\"@id\":\"https:\/\/www.electroluxprofessional.com\/hu\/trolleys\/#breadcrumb\",\"itemListElement\":[{\"@type\":\"ListItem\",\"position\":1,\"name\":\"Home\",\"item\":\"https:\/\/www.electroluxprofessional.com\/hu\/\"},{\"@type\":\"ListItem\",\"position\":2,\"name\":\"Kocsik\"}]},{\"@type\":\"WebSite\",\"@id\":\"https:\/\/www.electroluxprofessional.com\/hu\/#website\",\"url\":\"https:\/\/www.electroluxprofessional.com\/hu\/\",\"name\":\"Electrolux Professional Magyarorsz\u00e1g\",\"description\":\"\",\"potentialAction\":[{\"@type\":\"SearchAction\",\"target\":{\"@type\":\"EntryPoint\",\"urlTemplate\":\"https:\/\/www.electroluxprofessional.com\/hu\/?src={search_term_string}\"},\"query-input\":\"required name=search_term_string\"}],\"inLanguage\":\"hu\"}]}<\/script>\n<!-- \/ Yoast SEO plugin. -->","yoast_head_json":{"title":"Meal distribution trolleys - Electrolux Professional","description":"In professional kitchens, a trolley is an essential complement for goods transportation and meal distribution. Discover our range of ergonomic trolleys.","robots":{"index":"index","follow":"follow","max-snippet":"max-snippet:-1","max-image-preview":"max-image-preview:large","max-video-preview":"max-video-preview:-1"},"canonical":"https:\/\/www.electroluxprofessional.com\/hu\/trolleys\/","og_locale":"hu_HU","og_type":"article","og_title":"Meal distribution trolleys - Electrolux Professional","og_description":"In professional kitchens, a trolley is an essential complement for goods transportation and meal distribution. Discover our range of ergonomic trolleys.","og_url":"https:\/\/www.electroluxprofessional.com\/hu\/trolleys\/","og_site_name":"Electrolux Professional Magyarorsz\u00e1g","article_modified_time":"2025-11-05T14:51:10+00:00","og_image":[{"width":5760,"height":3840,"url":"https:\/\/www.electroluxprofessional.com\/hu\/wp-content\/uploads\/2016\/11\/6899ade55d4bc92f3d116afa97913e06-1.jpg","type":"image\/jpeg"}],"twitter_card":"summary_large_image","twitter_misc":{"Becs\u00fclt olvas\u00e1si id\u0151":"2 perc"},"schema":{"@context":"https:\/\/schema.org","@graph":[{"@type":"WebPage","@id":"https:\/\/www.electroluxprofessional.com\/hu\/trolleys\/","url":"https:\/\/www.electroluxprofessional.com\/hu\/trolleys\/","name":"Meal distribution trolleys - Electrolux Professional","isPartOf":{"@id":"https:\/\/www.electroluxprofessional.com\/hu\/#website"},"primaryImageOfPage":{"@id":"https:\/\/www.electroluxprofessional.com\/hu\/trolleys\/#primaryimage"},"image":{"@id":"https:\/\/www.electroluxprofessional.com\/hu\/trolleys\/#primaryimage"},"thumbnailUrl":"https:\/\/www.electroluxprofessional.com\/hu\/wp-content\/uploads\/2016\/11\/6899ade55d4bc92f3d116afa97913e06-1.jpg","datePublished":"2017-02-02T15:35:01+00:00","dateModified":"2025-11-05T14:51:10+00:00","description":"In professional kitchens, a trolley is an essential complement for goods transportation and meal distribution. Discover our range of ergonomic trolleys.","breadcrumb":{"@id":"https:\/\/www.electroluxprofessional.com\/hu\/trolleys\/#breadcrumb"},"inLanguage":"hu","potentialAction":[{"@type":"ReadAction","target":["https:\/\/www.electroluxprofessional.com\/hu\/trolleys\/"]}]},{"@type":"ImageObject","inLanguage":"hu","@id":"https:\/\/www.electroluxprofessional.com\/hu\/trolleys\/#primaryimage","url":"https:\/\/www.electroluxprofessional.com\/hu\/wp-content\/uploads\/2016\/11\/6899ade55d4bc92f3d116afa97913e06-1.jpg","contentUrl":"https:\/\/www.electroluxprofessional.com\/hu\/wp-content\/uploads\/2016\/11\/6899ade55d4bc92f3d116afa97913e06-1.jpg","width":5760,"height":3840,"caption":"Wirtshaus Zinners"},{"@type":"BreadcrumbList","@id":"https:\/\/www.electroluxprofessional.com\/hu\/trolleys\/#breadcrumb","itemListElement":[{"@type":"ListItem","position":1,"name":"Home","item":"https:\/\/www.electroluxprofessional.com\/hu\/"},{"@type":"ListItem","position":2,"name":"Kocsik"}]},{"@type":"WebSite","@id":"https:\/\/www.electroluxprofessional.com\/hu\/#website","url":"https:\/\/www.electroluxprofessional.com\/hu\/","name":"Electrolux Professional Magyarorsz\u00e1g","description":"","potentialAction":[{"@type":"SearchAction","target":{"@type":"EntryPoint","urlTemplate":"https:\/\/www.electroluxprofessional.com\/hu\/?src={search_term_string}"},"query-input":"required name=search_term_string"}],"inLanguage":"hu"}]}},"_links":{"self":[{"href":"https:\/\/www.electroluxprofessional.com\/hu\/wp-json\/wp\/v2\/pages\/4032"}],"collection":[{"href":"https:\/\/www.electroluxprofessional.com\/hu\/wp-json\/wp\/v2\/pages"}],"about":[{"href":"https:\/\/www.electroluxprofessional.com\/hu\/wp-json\/wp\/v2\/types\/page"}],"author":[{"embeddable":true,"href":"https:\/\/www.electroluxprofessional.com\/hu\/wp-json\/wp\/v2\/users\/3"}],"replies":[{"embeddable":true,"href":"https:\/\/www.electroluxprofessional.com\/hu\/wp-json\/wp\/v2\/comments?post=4032"}],"version-history":[{"count":8,"href":"https:\/\/www.electroluxprofessional.com\/hu\/wp-json\/wp\/v2\/pages\/4032\/revisions"}],"predecessor-version":[{"id":9318,"href":"https:\/\/www.electroluxprofessional.com\/hu\/wp-json\/wp\/v2\/pages\/4032\/revisions\/9318"}],"wp:featuredmedia":[{"embeddable":true,"href":"https:\/\/www.electroluxprofessional.com\/hu\/wp-json\/wp\/v2\/media\/539"}],"wp:attachment":[{"href":"https:\/\/www.electroluxprofessional.com\/hu\/wp-json\/wp\/v2\/media?parent=4032"}],"curies":[{"name":"wp","href":"https:\/\/api.w.org\/{rel}","templated":true}]}}