{"id":3952,"date":"2016-05-26T12:42:32","date_gmt":"2016-05-26T12:42:32","guid":{"rendered":"https:\/\/www.electroluxprofessional.com\/?page_id=1612"},"modified":"2017-07-19T06:55:56","modified_gmt":"2017-07-19T06:55:56","slug":"cookies-guideline","status":"publish","type":"page","link":"https:\/\/www.electroluxprofessional.com\/hu\/cookies-guideline\/","title":{"rendered":"Cookie-k"},"content":{"rendered":"<p>[vc_row][vc_column][vc_column_text]A jelen \u00fatmutat\u00f3ban a \u201ecookie\u201d sz\u00f3 alatt az elektronikus kommunik\u00e1ci\u00f3 sor\u00e1n alkalmazand\u00f3 adatv\u00e9delmi szab\u00e1lyokra vonatkoz\u00f3 EU-ir\u00e1nyelvben meghat\u00e1rozott cookie-kat \u00e9s m\u00e1s hasonl\u00f3 technol\u00f3gi\u00e1kat \u00e9rt\u00fcnk.<\/p>\n<h4>Mi a cookie?<\/h4>\n<p>A cookie-k adatokat tartalmaz\u00f3, kis m\u00e9ret\u0171 sz\u00f6veges f\u00e1jlok, amelyeket az \u00e1ltalunk l\u00e1togatott weboldalak hoznak l\u00e9tre. A rendszer a l\u00e1togat\u00f3 sz\u00e1m\u00edt\u00f3g\u00e9p\u00e9n t\u00e1rolja a cookie-kat, hogy a l\u00e1togat\u00f3 hozz\u00e1f\u00e9rhessen k\u00fcl\u00f6nf\u00e9le funkci\u00f3khoz.<\/p>\n<p>Weboldalainkon munkamenet-cookie-kat \u00e9s \u00e1lland\u00f3 cookie-kat is alkalmazunk.<\/p>\n<p>A munkamenet-cookie-kat a rendszer csak \u00e1tmenetileg t\u00e1rolja a sz\u00e1m\u00edt\u00f3g\u00e9p mem\u00f3ri\u00e1j\u00e1ban, am\u00edg a l\u00e1togat\u00f3 a munkamenet-cookie-t l\u00e9trehoz\u00f3 weboldalon vagy annak lapjain b\u00f6ng\u00e9szik. Az ilyen cookie automatikusan t\u00f6rl\u0151dik meghat\u00e1rozott id\u0151 eltelt\u00e9vel (amikor a cookie-hoz kapcsol\u00f3d\u00f3 munkamenet \u00e9rv\u00e9nyess\u00e9ge lej\u00e1r), vagy akkor, amikor a l\u00e1togat\u00f3 bez\u00e1rja a b\u00f6ng\u00e9sz\u0151programj\u00e1t.<\/p>\n<p>Ezzel szemben egy \u00e1lland\u00f3 cookie eg\u00e9szen addig megmarad a l\u00e1togat\u00f3 sz\u00e1m\u00edt\u00f3g\u00e9p\u00e9n, am\u00edg az adott \u00e1lland\u00f3 cookie-t ki nem t\u00f6rlik.<\/p>\n<h4>Mi\u00e9rt haszn\u00e1lunk cookie-kat?<\/h4>\n<p>A cookie-k seg\u00edts\u00e9g\u00e9vel megismerhetj\u00fck, hogy l\u00e1togat\u00f3ink mik\u00e9nt haszn\u00e1lj\u00e1k a weboldalainkon k\u00f6zz\u00e9tett tartalmakat, \u00e9s jav\u00edthatjuk a l\u00e1togat\u00f3k weboldal-haszn\u00e1lati \u00e9lm\u00e9ny\u00e9t.<\/p>\n<h4>A weboldal funkci\u00f3i \u00e9s tartalmai.<\/h4>\n<p>A megoszt\u00e1si funkci\u00f3 seg\u00edts\u00e9g\u00e9vel a l\u00e1togat\u00f3k m\u00e1sok figyelm\u00e9be aj\u00e1nlhatj\u00e1k a weboldalainkat \u00e9s azok tartalmait a k\u00f6z\u00f6ss\u00e9gi h\u00e1l\u00f3zatokon kereszt\u00fcl, \u00edgy p\u00e9ld\u00e1ul Facebookon vagy Twitteren kereszt\u00fcl. A rendszer a cookie-kban elt\u00e1rolja (nem egy\u00e9ni szinten, hanem kollekt\u00edvan) az arra vonatkoz\u00f3 inform\u00e1ci\u00f3kat, hogy a l\u00e1togat\u00f3k mik\u00e9nt haszn\u00e1lj\u00e1k a megoszt\u00e1si funkci\u00f3t. Ezek az inform\u00e1ci\u00f3k seg\u00edtenek, hogy fejleszthess\u00fck a weboldalt. Ha \u00d6n nem fogadja el a cookie-k haszn\u00e1lat\u00e1t, akkor a rendszer nem t\u00e1rol inform\u00e1ci\u00f3kat \u00d6nre vonatkoz\u00f3an.<\/p>\n<p>A weboldalainkon el\u00e9rhet\u0151 bizonyos funkci\u00f3k ny\u00fajt\u00e1s\u00e1hoz k\u00fcls\u0151s (\u00e9rtsd: harmadik f\u00e9lk\u00e9nt k\u00f6zrem\u0171k\u00f6d\u0151) szolg\u00e1ltat\u00f3k seg\u00edts\u00e9g\u00e9t is ig\u00e9nybe vessz\u00fck (p\u00e9ld\u00e1ul amikor \u00d6n a weboldalunk olyan lapj\u00e1ra l\u00e1togat, amelyen a YouTube vide\u00f3megoszt\u00f3 port\u00e1lr\u00f3l be\u00e1gyazott vide\u00f3k vagy a YouTube vide\u00f3megoszt\u00f3 port\u00e1lon megtekinthet\u0151 vide\u00f3kra mutat\u00f3 hivatkoz\u00e1sok tal\u00e1lhat\u00f3k). Az ilyen vide\u00f3k vagy hivatkoz\u00e1sok (valamint a k\u00fcls\u0151s szolg\u00e1ltat\u00f3kt\u00f3l sz\u00e1rmaz\u00f3 b\u00e1rmely egy\u00e9b tartalom) k\u00fcls\u0151s (\u00e9rtsd: az adott k\u00fcls\u0151s szolg\u00e1ltat\u00f3 vagy szolg\u00e1ltat\u00f3k \u00e1ltal l\u00e9trehozott) cookie-kat tartalmazhatnak. Ha b\u0151vebben szeretne t\u00e1j\u00e9koz\u00f3dni arr\u00f3l, hogy az adott k\u00fcls\u0151s szolg\u00e1ltat\u00f3k mik\u00e9nt haszn\u00e1lj\u00e1k a cookie-kat, akkor k\u00e9rj\u00fck, hogy sz\u00edveskedjen megtekinteni az adott k\u00fcls\u0151s szolg\u00e1ltat\u00f3k szab\u00e1lyzatait.<\/p>\n<p><strong>Webanalitika<\/strong><\/p>\n<p>A jelen weboldal a Google Analytics szolg\u00e1ltat\u00e1st haszn\u00e1lja, amely szolg\u00e1ltat\u00e1sban r\u00e9szben cookie-kra \u00e9p\u00fcl. A weboldal tartalmi \u00e9s funkcion\u00e1lis fejleszt\u00e9se, valamint a megfelel\u0151 felhaszn\u00e1l\u00f3i \u00e9lm\u00e9ny biztos\u00edt\u00e1sa \u00e9rdek\u00e9ben a rendszer a cookie-k seg\u00edts\u00e9g\u00e9vel inform\u00e1ci\u00f3kat gy\u0171jt \u00e9s t\u00e1rol (nem egy\u00e9ni szinten, hanem kollekt\u00edvan) arra vonatkoz\u00f3an, hogy a l\u00e1togat\u00f3k mik\u00e9nt haszn\u00e1lj\u00e1k a weboldalt, bele\u00e9rtve a megjelen\u00edtett lapok sz\u00e1m\u00e1t, a l\u00e1togat\u00e1sok sz\u00e1m\u00e1t, valamint azt, hogy a l\u00e1togat\u00f3k mely f\u00f6ldrajzi t\u00e9rs\u00e9gben tart\u00f3zkodnak a weboldal b\u00f6ng\u00e9sz\u00e9se sor\u00e1n. Ha \u00d6n nem fogadja el a cookie-k haszn\u00e1lat\u00e1t, akkor a rendszer nem t\u00e1rol inform\u00e1ci\u00f3kat \u00d6nre vonatkoz\u00f3an.<\/p>\n<h4>Hogyan utas\u00edthat\u00f3 el a cookie-k haszn\u00e1lata, \u00e9s hogyan t\u00f6r\u00f6lhet\u0151k a cookie-k?<\/h4>\n<p>A cookie-k seg\u00edts\u00e9g\u00e9vel nem gy\u0171jt\u00fcnk szem\u00e9lyazonos\u00edt\u00e1sra alkalmas inform\u00e1ci\u00f3kat (szem\u00e9lyes adatokat) a l\u00e1togat\u00f3kr\u00f3l.<\/p>\n<p>Mindazon\u00e1ltal \u00d6n d\u00f6nthet \u00fagy, hogy elutas\u00edtja vagy blokkolja az Electrolux vagy b\u00e1rmely m\u00e1s k\u00fcls\u0151s szolg\u00e1ltat\u00f3 \u00e1ltal \u00fczemeltetett weboldalakon be\u00e1ll\u00edtott cookie-k haszn\u00e1lat\u00e1t. Ehhez k\u00e9rj\u00fck, hogy m\u00f3dos\u00edtsa b\u00f6ng\u00e9sz\u0151je megfelel\u0151 be\u00e1ll\u00edt\u00e1sait. B\u0151vebb inform\u00e1ci\u00f3kat ezekr\u0151l a be\u00e1ll\u00edt\u00e1sokr\u00f3l b\u00f6ng\u00e9sz\u0151programja Help (S\u00fag\u00f3) men\u00fcpontj\u00e1ban tal\u00e1lhat.<\/p>\n<p>K\u00e9rj\u00fck, hogy vegye figyelembe, hogy a legt\u00f6bb b\u00f6ng\u00e9sz\u0151program automatikusan elfogadja a cookie-k haszn\u00e1lat\u00e1t. \u00cdgy ha \u00d6n nem szeretn\u00e9, hogy a rendszer az \u00d6n eszk\u00f6z\u00e9n cookie-kat t\u00e1roljon, akkor el\u0151fordulhat, hogy a cookie-kat k\u00e9zileg t\u00f6r\u00f6lnie kell, vagy, hogy m\u00e1r a weboldalak l\u00e1togat\u00e1sa el\u0151tt blokkolnia kell a cookie-k haszn\u00e1lat\u00e1t.<\/p>\n<p>A cookie-knak a mobilk\u00e9sz\u00fcl\u00e9kek b\u00f6ng\u00e9sz\u0151programjaiban t\u00f6rt\u00e9n\u0151 haszn\u00e1lat\u00e1ra, valamint az ilyen cookie-knak a t\u00f6rl\u00e9s\u00e9re \u00e9s\/vagy azok haszn\u00e1lat\u00e1nak az elutas\u00edt\u00e1s\u00e1ra vonatkoz\u00f3 b\u0151vebb inform\u00e1ci\u00f3kat a mobilk\u00e9sz\u00fcl\u00e9k\u00e9hez mell\u00e9kelt k\u00e9zik\u00f6nyvben tal\u00e1lhat.<\/p>\n<p>K\u00e9rj\u00fck azonban, hogy ne feledje, hogy ha elutas\u00edtja a cookie-k haszn\u00e1lat\u00e1t, akkor tov\u00e1bbra is ell\u00e1togathat a weboldalainkra, de el\u0151fordulhat, hogy a weboldalainkon el\u00e9rhet\u0151 bizonyos funkci\u00f3k nem megfelel\u0151en fognak m\u0171k\u00f6dni.[\/vc_column_text][\/vc_column][\/vc_row]<\/p>\n","protected":false},"excerpt":{"rendered":"<p>[vc_row][vc_column][vc_column_text]A jelen \u00fatmutat\u00f3ban a \u201ecookie\u201d sz\u00f3 alatt az elektronikus kommunik\u00e1ci\u00f3 sor\u00e1n alkalmazand\u00f3 adatv\u00e9delmi szab\u00e1lyokra vonatkoz\u00f3 EU-ir\u00e1nyelvben meghat\u00e1rozott cookie-kat \u00e9s m\u00e1s hasonl\u00f3 technol\u00f3gi\u00e1kat \u00e9rt\u00fcnk. Mi a cookie? A cookie-k adatokat tartalmaz\u00f3, kis m\u00e9ret\u0171 sz\u00f6veges f\u00e1jlok, amelyeket az \u00e1ltalunk l\u00e1togatott weboldalak hoznak l\u00e9tre. A rendszer a l\u00e1togat\u00f3 sz\u00e1m\u00edt\u00f3g\u00e9p\u00e9n t\u00e1rolja a cookie-kat, hogy a l\u00e1togat\u00f3 hozz\u00e1f\u00e9rhessen k\u00fcl\u00f6nf\u00e9le funkci\u00f3khoz. [&hellip;]<\/p>\n","protected":false},"author":3,"featured_media":0,"parent":0,"menu_order":0,"comment_status":"closed","ping_status":"closed","template":"","meta":{"footnotes":""},"class_list":["post-3952","page","type-page","status-publish","hentry"],"yoast_head":"<!-- This site is optimized with the Yoast SEO plugin v23.3 - https:\/\/yoast.com\/wordpress\/plugins\/seo\/ -->\n<title>Cookie-k - Electrolux Professional Magyarorsz\u00e1g<\/title>\n<meta name=\"robots\" content=\"index, follow, max-snippet:-1, max-image-preview:large, max-video-preview:-1\" \/>\n<link rel=\"canonical\" href=\"https:\/\/www.electroluxprofessional.com\/hu\/cookies-guideline\/\" \/>\n<meta property=\"og:locale\" content=\"hu_HU\" \/>\n<meta property=\"og:type\" content=\"article\" \/>\n<meta property=\"og:title\" content=\"Cookie-k - Electrolux Professional Magyarorsz\u00e1g\" \/>\n<meta property=\"og:description\" content=\"[vc_row][vc_column][vc_column_text]A jelen \u00fatmutat\u00f3ban a \u201ecookie\u201d sz\u00f3 alatt az elektronikus kommunik\u00e1ci\u00f3 sor\u00e1n alkalmazand\u00f3 adatv\u00e9delmi szab\u00e1lyokra vonatkoz\u00f3 EU-ir\u00e1nyelvben meghat\u00e1rozott cookie-kat \u00e9s m\u00e1s hasonl\u00f3 technol\u00f3gi\u00e1kat \u00e9rt\u00fcnk. Mi a cookie? A cookie-k adatokat tartalmaz\u00f3, kis m\u00e9ret\u0171 sz\u00f6veges f\u00e1jlok, amelyeket az \u00e1ltalunk l\u00e1togatott weboldalak hoznak l\u00e9tre. A rendszer a l\u00e1togat\u00f3 sz\u00e1m\u00edt\u00f3g\u00e9p\u00e9n t\u00e1rolja a cookie-kat, hogy a l\u00e1togat\u00f3 hozz\u00e1f\u00e9rhessen k\u00fcl\u00f6nf\u00e9le funkci\u00f3khoz. [&hellip;]\" \/>\n<meta property=\"og:url\" content=\"https:\/\/www.electroluxprofessional.com\/hu\/cookies-guideline\/\" \/>\n<meta property=\"og:site_name\" content=\"Electrolux Professional Magyarorsz\u00e1g\" \/>\n<meta property=\"article:modified_time\" content=\"2017-07-19T06:55:56+00:00\" \/>\n<meta name=\"twitter:card\" content=\"summary_large_image\" \/>\n<meta name=\"twitter:label1\" content=\"Becs\u00fclt olvas\u00e1si id\u0151\" \/>\n\t<meta name=\"twitter:data1\" content=\"5 perc\" \/>\n<script type=\"application\/ld+json\" class=\"yoast-schema-graph\">{\"@context\":\"https:\/\/schema.org\",\"@graph\":[{\"@type\":\"WebPage\",\"@id\":\"https:\/\/www.electroluxprofessional.com\/hu\/cookies-guideline\/\",\"url\":\"https:\/\/www.electroluxprofessional.com\/hu\/cookies-guideline\/\",\"name\":\"Cookie-k - Electrolux Professional Magyarorsz\u00e1g\",\"isPartOf\":{\"@id\":\"https:\/\/www.electroluxprofessional.com\/hu\/#website\"},\"datePublished\":\"2016-05-26T12:42:32+00:00\",\"dateModified\":\"2017-07-19T06:55:56+00:00\",\"breadcrumb\":{\"@id\":\"https:\/\/www.electroluxprofessional.com\/hu\/cookies-guideline\/#breadcrumb\"},\"inLanguage\":\"hu\",\"potentialAction\":[{\"@type\":\"ReadAction\",\"target\":[\"https:\/\/www.electroluxprofessional.com\/hu\/cookies-guideline\/\"]}]},{\"@type\":\"BreadcrumbList\",\"@id\":\"https:\/\/www.electroluxprofessional.com\/hu\/cookies-guideline\/#breadcrumb\",\"itemListElement\":[{\"@type\":\"ListItem\",\"position\":1,\"name\":\"Home\",\"item\":\"https:\/\/www.electroluxprofessional.com\/hu\/\"},{\"@type\":\"ListItem\",\"position\":2,\"name\":\"Cookie-k\"}]},{\"@type\":\"WebSite\",\"@id\":\"https:\/\/www.electroluxprofessional.com\/hu\/#website\",\"url\":\"https:\/\/www.electroluxprofessional.com\/hu\/\",\"name\":\"Electrolux Professional Magyarorsz\u00e1g\",\"description\":\"\",\"potentialAction\":[{\"@type\":\"SearchAction\",\"target\":{\"@type\":\"EntryPoint\",\"urlTemplate\":\"https:\/\/www.electroluxprofessional.com\/hu\/?src={search_term_string}\"},\"query-input\":\"required name=search_term_string\"}],\"inLanguage\":\"hu\"}]}<\/script>\n<!-- \/ Yoast SEO plugin. -->","yoast_head_json":{"title":"Cookie-k - Electrolux Professional Magyarorsz\u00e1g","robots":{"index":"index","follow":"follow","max-snippet":"max-snippet:-1","max-image-preview":"max-image-preview:large","max-video-preview":"max-video-preview:-1"},"canonical":"https:\/\/www.electroluxprofessional.com\/hu\/cookies-guideline\/","og_locale":"hu_HU","og_type":"article","og_title":"Cookie-k - Electrolux Professional Magyarorsz\u00e1g","og_description":"[vc_row][vc_column][vc_column_text]A jelen \u00fatmutat\u00f3ban a \u201ecookie\u201d sz\u00f3 alatt az elektronikus kommunik\u00e1ci\u00f3 sor\u00e1n alkalmazand\u00f3 adatv\u00e9delmi szab\u00e1lyokra vonatkoz\u00f3 EU-ir\u00e1nyelvben meghat\u00e1rozott cookie-kat \u00e9s m\u00e1s hasonl\u00f3 technol\u00f3gi\u00e1kat \u00e9rt\u00fcnk. Mi a cookie? A cookie-k adatokat tartalmaz\u00f3, kis m\u00e9ret\u0171 sz\u00f6veges f\u00e1jlok, amelyeket az \u00e1ltalunk l\u00e1togatott weboldalak hoznak l\u00e9tre. A rendszer a l\u00e1togat\u00f3 sz\u00e1m\u00edt\u00f3g\u00e9p\u00e9n t\u00e1rolja a cookie-kat, hogy a l\u00e1togat\u00f3 hozz\u00e1f\u00e9rhessen k\u00fcl\u00f6nf\u00e9le funkci\u00f3khoz. [&hellip;]","og_url":"https:\/\/www.electroluxprofessional.com\/hu\/cookies-guideline\/","og_site_name":"Electrolux Professional Magyarorsz\u00e1g","article_modified_time":"2017-07-19T06:55:56+00:00","twitter_card":"summary_large_image","twitter_misc":{"Becs\u00fclt olvas\u00e1si id\u0151":"5 perc"},"schema":{"@context":"https:\/\/schema.org","@graph":[{"@type":"WebPage","@id":"https:\/\/www.electroluxprofessional.com\/hu\/cookies-guideline\/","url":"https:\/\/www.electroluxprofessional.com\/hu\/cookies-guideline\/","name":"Cookie-k - Electrolux Professional Magyarorsz\u00e1g","isPartOf":{"@id":"https:\/\/www.electroluxprofessional.com\/hu\/#website"},"datePublished":"2016-05-26T12:42:32+00:00","dateModified":"2017-07-19T06:55:56+00:00","breadcrumb":{"@id":"https:\/\/www.electroluxprofessional.com\/hu\/cookies-guideline\/#breadcrumb"},"inLanguage":"hu","potentialAction":[{"@type":"ReadAction","target":["https:\/\/www.electroluxprofessional.com\/hu\/cookies-guideline\/"]}]},{"@type":"BreadcrumbList","@id":"https:\/\/www.electroluxprofessional.com\/hu\/cookies-guideline\/#breadcrumb","itemListElement":[{"@type":"ListItem","position":1,"name":"Home","item":"https:\/\/www.electroluxprofessional.com\/hu\/"},{"@type":"ListItem","position":2,"name":"Cookie-k"}]},{"@type":"WebSite","@id":"https:\/\/www.electroluxprofessional.com\/hu\/#website","url":"https:\/\/www.electroluxprofessional.com\/hu\/","name":"Electrolux Professional Magyarorsz\u00e1g","description":"","potentialAction":[{"@type":"SearchAction","target":{"@type":"EntryPoint","urlTemplate":"https:\/\/www.electroluxprofessional.com\/hu\/?src={search_term_string}"},"query-input":"required name=search_term_string"}],"inLanguage":"hu"}]}},"_links":{"self":[{"href":"https:\/\/www.electroluxprofessional.com\/hu\/wp-json\/wp\/v2\/pages\/3952"}],"collection":[{"href":"https:\/\/www.electroluxprofessional.com\/hu\/wp-json\/wp\/v2\/pages"}],"about":[{"href":"https:\/\/www.electroluxprofessional.com\/hu\/wp-json\/wp\/v2\/types\/page"}],"author":[{"embeddable":true,"href":"https:\/\/www.electroluxprofessional.com\/hu\/wp-json\/wp\/v2\/users\/3"}],"replies":[{"embeddable":true,"href":"https:\/\/www.electroluxprofessional.com\/hu\/wp-json\/wp\/v2\/comments?post=3952"}],"version-history":[{"count":3,"href":"https:\/\/www.electroluxprofessional.com\/hu\/wp-json\/wp\/v2\/pages\/3952\/revisions"}],"predecessor-version":[{"id":4006,"href":"https:\/\/www.electroluxprofessional.com\/hu\/wp-json\/wp\/v2\/pages\/3952\/revisions\/4006"}],"wp:attachment":[{"href":"https:\/\/www.electroluxprofessional.com\/hu\/wp-json\/wp\/v2\/media?parent=3952"}],"curies":[{"name":"wp","href":"https:\/\/api.w.org\/{rel}","templated":true}]}}