{"id":3920,"date":"2016-05-20T08:33:14","date_gmt":"2016-05-20T08:33:14","guid":{"rendered":"https:\/\/www.electroluxprofessional.com\/?page_id=1287"},"modified":"2020-04-21T09:10:33","modified_gmt":"2020-04-21T09:10:33","slug":"firebrigades","status":"publish","type":"page","link":"https:\/\/www.electroluxprofessional.com\/hu\/firebrigades\/","title":{"rendered":"T\u0171zolt\u00f3s\u00e1gok"},"content":{"rendered":"<p>[vc_row full_width=&#8221;electroluxpro-full-width-no-padding&#8221;][vc_column reveal_effect=&#8221;&#8221;][elx_image_block background_image=&#8221;639&#8243; minimum_height=&#8221;480px&#8221;][elx_heading font_container=&#8221;h1&#8243; text_color=&#8221;inherit&#8221; text_align=&#8221;text-center&#8221;]<strong>T\u0171zolt\u00f3s\u00e1gok<\/strong>[\/elx_heading][elx_heading text_color=&#8221;inherit&#8221; text_align=&#8221;text-center&#8221;]A megfelel\u0151 mosodai berendez\u00e9s haszn\u00e1lata t\u00e9nylegesen is seg\u00edthet \u00e9leteket menteni[\/elx_heading][vc_empty_space][\/vc_column][\/vc_row][vc_row equal_height=&#8221;yes&#8221;][vc_column width=&#8221;1\/2&#8243;][elx_image_block background_image=&#8221;640&#8243; minimum_height=&#8221;600px&#8221;][\/vc_column][vc_column width=&#8221;1\/2&#8243;][elx_heading font_container=&#8221;h3&#8243; text_color=&#8221;inherit&#8221;]Viselje gondj\u00e1t Nomex\u00ae t\u0171zolt\u00f3ruh\u00e1inak \u00e9s egy\u00e9b v\u00e9d\u0151ruh\u00e1zatainak egy saj\u00e1t mosod\u00e1ban.[\/elx_heading][vc_column_text]Az Electrolux Professional \u00e1ltal kifejlesztett mos\u00f3programok biztos\u00edtj\u00e1k, hogy a tiszt\u00edt\u00e1snak ne legyen negat\u00edv hat\u00e1sa a Nomex\u00ae \u00e9s egy\u00e9b v\u00e9d\u0151ruh\u00e1zat t\u0171z\u00e1ll\u00f3 tulajdons\u00e1gaira, &#8211; vagyis tiszt\u00edt\u00e1s kompromisszumok n\u00e9lk\u00fcl.<\/p>\n<p>A tiszt\u00edt\u00e1si folyamat r\u00e9sze a ruh\u00e1k impregn\u00e1l\u00e1sa.<br \/>\n<strong>Sz\u00e1m\u00edthat egy glob\u00e1lis \u00e9s piacvezet\u0151<br \/>\npartner szak\u00e9rtelm\u00e9re:<\/strong><\/p>\n<ul>\n<li>Kiv\u00e1l\u00f3 bels\u0151 tulajdons\u00e1gok: intelligens vez\u00e9rl\u00e9s \u00e9s speci\u00e1lis programok t\u0171zolt\u00f3s\u00e1gok r\u00e9sz\u00e9re<\/li>\n<li>Az Electrolux Professional mosodai berendez\u00e9sei impregn\u00e1lj\u00e1k a v\u00e9d\u0151ruh\u00e1zatot, a teljes k\u00f6r\u0171 tiszt\u00edt\u00e1si folyamat r\u00e9szek\u00e9nt<\/li>\n<li>Vissza\u00e1ll\u00edtja a t\u0171zolt\u00f3ruh\u00e1k teljes v\u00e9delm\u00e9t \u00e9s k\u00e9nyelm\u00e9t, minden mos\u00e1s ut\u00e1n<\/li>\n<li>V\u00edz-, energia- \u00e9s id\u0151takar\u00e9kos \u2013 az impregn\u00e1l\u00f3 folyad\u00e9k \u00e9s a v\u00edz t\u00f6bbsz\u00f6r is felhaszn\u00e1lhat\u00f3<\/li>\n<\/ul>\n<p>[\/vc_column_text][\/vc_column][\/vc_row][vc_row][vc_column][vc_empty_space][\/vc_column][\/vc_row][vc_row equal_height=&#8221;yes&#8221;][vc_column width=&#8221;1\/2&#8243;][elx_heading font_container=&#8221;h3&#8243; text_color=&#8221;inherit&#8221;]A t\u0171zolt\u00f3ruh\u00e1k terjedelmesek.<br \/>\nEz\u00e9rt <strong>javasolt a nagym\u00e9ret\u0171 dobbal \u00e9s nagy ajt\u00f3ny\u00edl\u00e1ssal rendelkez\u0151 g\u00e9pek kiv\u00e1laszt\u00e1sa<\/strong>.<br \/>\n[\/elx_heading][vc_column_text]<strong>Magas fordulaton centrifug\u00e1l\u00f3 el\u00f6lt\u00f6lt\u0151s mos\u00f3g\u00e9pek vagy higi\u00e9nikus mos\u00f3g\u00e9pek<\/strong>\u00a0programozhat\u00f3 vez\u00e9rl\u00e9ssel \u00e9s speci\u00e1lis mos\u00f3programokkal a legalkalmasabb k\u00e9t okb\u00f3l:<\/p>\n<ul>\n<li>Az egyenruh\u00e1kban lehetnek membr\u00e1n r\u00e9tegek, amelyek \u201ev\u00edzcsapd\u00e1t\u201d k\u00e9pezve extr\u00e9m kiegyens\u00falyozatlans\u00e1got okozhatnak centrifug\u00e1l\u00e1skor.\u00a0<strong>A magas fordulaton centrifug\u00e1l\u00f3 mos\u00f3g\u00e9p nem olyan \u00e9rz\u00e9keny a jelent\u0151s kiegyens\u00falyozatlans\u00e1gra<\/strong>.<\/li>\n<li><strong>Az alacsony fordulatsz\u00e1m\u00fa centrifug\u00e1l\u00e1s nem k\u00e1ros\u00edtja<\/strong>\u00a0a dr\u00e1ga f\u00e9nyvisszaver\u0151 cs\u00edkokat a v\u00e9d\u0151ruh\u00e1zaton.<\/li>\n<\/ul>\n<p>[\/vc_column_text][\/vc_column][vc_column width=&#8221;1\/2&#8243;][elx_video_block background_image=&#8221;641&#8243; video_link=&#8221;https:\/\/www.youtube.com\/watch?v=sjljkdbbppk&#8221; minimum_height=&#8221;500px&#8221;][\/vc_column][\/vc_row][vc_row][vc_column][elx_heading text_color=&#8221;inherit&#8221; text_align=&#8221;text-center&#8221;]<strong>Impregn\u00e1l\u00e1st ig\u00e9nyl\u0151 ruh\u00e1k<\/strong><br \/>\n[\/elx_heading][vc_column_text]<\/p>\n<p style=\"text-align: center;\"><strong>Mos\u00e1s ut\u00e1n a ruh\u00e1kat impregn\u00e1lni kell, hogy v\u00e9delmet ny\u00fajtson a t\u0171zolt\u00f3knak.<\/strong>\u00a0Ez a m\u0171velet k\u00e9t l\u00e9p\u00e9sb\u0151l \u00e1ll: a vegyi impregn\u00e1l\u00f3szert a mos\u00f3g\u00e9p (a\u00a0<strong>mos\u00f3-centrifug\u00e1l\u00f3 automata<\/strong>) adagolja, majd a fix\u00e1l\u00e1s speci\u00e1lis, t\u0171zolt\u00f3s\u00e1gok sz\u00e1m\u00e1ra kifejlesztett sz\u00e1r\u00edt\u00f3g\u00e9pben t\u00f6rt\u00e9nik.<\/p>\n<p>[\/vc_column_text][\/vc_column][\/vc_row][vc_row][vc_column][vc_empty_space][\/vc_column][\/vc_row][vc_row][vc_column][elx_heading text_color=&#8221;inherit&#8221;]Keresse irod\u00e1nkat, \u00e9s mi bemutatjuk, hogy az Electrolux miben lehet a seg\u00edts\u00e9g\u00e9re.[\/elx_heading][elx_o2000_contact_us r=&#8221;Szeretn\u00e9k t\u00f6bb inform\u00e1ci\u00f3t kapni err\u0151l a term\u00e9kr\u0151l T\u0171zolt\u00f3s\u00e1gok. K\u00e9rem, vegy\u00e9k fel velem a kapcsolatot.&#8221; s=&#8221;Inform\u00e1ci\u00f3 k\u00e9r\u00e9s err\u0151l a term\u00e9kr\u0151l T\u0171zolt\u00f3s\u00e1gok&#8221; country=&#8221;Hungary&#8221; l=&#8221;hu&#8221; container=&#8221;elxcontactus1466429009&#8243;][\/vc_column][\/vc_row][vc_row][vc_column][vc_empty_space][\/vc_column][\/vc_row][vc_row][vc_column width=&#8221;1\/2&#8243;][elx_heading text_color=&#8221;business&#8221;]Sz\u00e1r\u00edt\u00f3szekr\u00e9nyek<br \/>\n[\/elx_heading][vc_empty_space][vc_column_text]<\/p>\n<h4><strong>Rendk\u00edv\u00fcli rugalmass\u00e1g<\/strong><\/h4>\n<ul>\n<li>Alkalmazhat\u00f3 k\u00e9nyes textilekhez,<\/li>\n<li>v\u00e9d\u0151ruh\u00e1zathoz,<\/li>\n<li>szabadt\u00e9ri ruh\u00e1khoz \u00e9s terjedelmes darabokhoz.<\/li>\n<\/ul>\n<p>[\/vc_column_text][vc_column_text]<\/p>\n<h4>Min\u0151s\u00e9g \u00e9s t\u00f6r\u0151d\u00e9s<\/h4>\n<ul>\n<li>A cs\u00facsmin\u0151s\u00e9g\u0171 tiszt\u00edt\u00e1s \u00e9s textilkezel\u00e9s, k\u00f6sz\u00f6nhet\u0151en a mechanikai hat\u00e1s n\u00e9lk\u00fcli sz\u00e1r\u00edt\u00e1snak.<\/li>\n<\/ul>\n<p>[\/vc_column_text][vc_column_text]<\/p>\n<h4>Id\u0151t \u00e9s p\u00e9nzt takar\u00edt meg<\/h4>\n<ul>\n<li>Gyors \u00e9s k\u00edm\u00e9l\u0151 sz\u00e1r\u00edt\u00e1s, gyorsabb \u00e9s hat\u00e9konyabb, mint fogasra akasztva vagy fektetve<\/li>\n<li>Ez\u00e1ltal megn\u0151 a ruh\u00e1zat \u00e9lettartama.<\/li>\n<\/ul>\n<p>[\/vc_column_text][vc_column_text]<\/p>\n<h4>Tartoz\u00e9kok<\/h4>\n<p>A legjobb helykihaszn\u00e1l\u00e1s \u00e9s t\u00f6k\u00e9letes sz\u00e1r\u00edt\u00e1s \u00e9rdek\u00e9ben:<br \/>\n&#8211; Fogasok<br \/>\n&#8211; Cip\u0151tart\u00f3 polcok<br \/>\n&#8211; Keszty\u0171tart\u00f3k[\/vc_column_text][\/vc_column][vc_column width=&#8221;1\/2&#8243;][elx_image_block background_image=&#8221;643&#8243; minimum_height=&#8221;400px&#8221;][vc_empty_space][elx_image_block background_image=&#8221;642&#8243; minimum_height=&#8221;400px&#8221;][\/vc_column][\/vc_row][vc_row][vc_column width=&#8221;1\/2&#8243;][\/vc_column][vc_column width=&#8221;1\/2&#8243;][\/vc_column][\/vc_row][vc_row][vc_column][vc_empty_space][\/vc_column][\/vc_row][vc_row][vc_column width=&#8221;1\/2&#8243;][elx_heading text_color=&#8221;inherit&#8221;]Szem\u00e9lyes ruh\u00e1zat \u00e9s v\u00e9d\u0151felszerel\u00e9s (PPE) mos\u00f3g\u00e9p[\/elx_heading][elx_heading font_container=&#8221;h5&#8243; text_color=&#8221;inherit&#8221;]A PPE mos\u00f3g\u00e9p fert\u0151tlen\u00edti a maszkokat, v\u00e9d\u0151sisakokat, csizm\u00e1kat \u00e9s t\u00f6ml\u0151ket hogy megv\u00e9dje a t\u0171zolt\u00f3kat a r\u00e1kkelt\u0151 anyagokt\u00f3l[\/elx_heading][vc_column_text]A PPE mos\u00f3g\u00e9p kimossa \u00e9s fert\u0151tlen\u00edti az ac\u00e9l, vegyes, gumi, textil, m\u0171anyag stb. anyagokb\u00f3l k\u00e9sz\u00fclt szem\u00e9lyes v\u00e9d\u0151felszerel\u00e9seket az olajos szennyez\u0151d\u00e9sekt\u0151l, g\u00e1z \u00e9g\u00e9sterm\u00e9kekt\u0151l, toxinokt\u00f3l \u00e9s m\u00e1s fokozottan vesz\u00e9lyes anyagokt\u00f3l.[\/vc_column_text][\/vc_column][vc_column width=&#8221;1\/2&#8243;][vc_single_image image=&#8221;644&#8243; img_size=&#8221;large&#8221; alignment=&#8221;center&#8221; css=&#8221;.vc_custom_1464248267612{padding-top: 50px !important;}&#8221;][\/vc_column][\/vc_row][vc_row][vc_column css=&#8221;.vc_custom_1464252140830{padding-top: 30px !important;}&#8221;][vc_tta_tabs][vc_tta_section title=&#8221;Nagy t\u0171zolt\u00f3s\u00e1gok&#8221; tab_id=&#8221;1481036272860-d062ff33-3212&#8243;][vc_row_inner][vc_column_inner width=&#8221;1\/4&#8243;][vc_single_image image=&#8221;3236&#8243; img_size=&#8221;full&#8221;][\/vc_column_inner][vc_column_inner width=&#8221;3\/4&#8243;][vc_empty_space height=&#8221;20px&#8221;][elx_heading font_size=&#8221;h4&#8243; text_color=&#8221;inherit&#8221;]Nagy t\u0171zolt\u00f3s\u00e1gok illetve t\u00f6bb t\u0171zolt\u00f3s\u00e1gnak is mos\u00f3 \u00e1llom\u00e1sok[\/elx_heading][vc_column_text]<\/p>\n<ul>\n<li>Higi\u00e9nikus mos\u00f3g\u00e9pek vagy el\u00f6lt\u00f6lt\u0151s mos\u00f3g\u00e9pek (4-6 uniformis \u2013 35kg)<\/li>\n<li>Sz\u00e1r\u00edt\u00f3szekr\u00e9ny. TS4175WW (4 uniformis)<\/li>\n<li>PPE L-t\u00edpus\u00fa mos\u00f3g\u00e9p maszkok \u00e9s l\u00e9gz\u0151k\u00e9sz\u00fcl\u00e9kek tiszt\u00edt\u00e1s\u00e1hoz (3-4 szet 6 perc alatt)<\/li>\n<li>Sz\u00e1r\u00edt\u00f3szekr\u00e9ny. TS5121 k\u00fcl\u00f6nb\u00f6z\u0151 t\u0171zolt\u00f3 felszerel\u00e9sek (pl. maszkok) tiszt\u00edt\u00e1s\u00e1hoz<\/li>\n<\/ul>\n<p>[\/vc_column_text][\/vc_column_inner][\/vc_row_inner][\/vc_tta_section][vc_tta_section title=&#8221;K\u00f6zepes t\u0171zolt\u00f3s\u00e1gok&#8221; tab_id=&#8221;1481036272901-b179521a-e3b9&#8243;][vc_row_inner][vc_column_inner width=&#8221;1\/4&#8243;][vc_single_image image=&#8221;3237&#8243; img_size=&#8221;full&#8221;][\/vc_column_inner][vc_column_inner width=&#8221;3\/4&#8243;][elx_heading font_size=&#8221;h4&#8243; text_color=&#8221;inherit&#8221;]K\u00f6zepes\/nagy t\u0171zolt\u00f3s\u00e1gok[\/elx_heading][vc_column_text]<\/p>\n<ul>\n<li>Higi\u00e9nikus mos\u00f3g\u00e9pek vagy el\u00f6lt\u00f6lt\u0151s mos\u00f3g\u00e9pek (3-4 uniformis \u2013 27kg)<\/li>\n<li>Sz\u00e1r\u00edt\u00f3szekr\u00e9ny. TS4175WW (4 uniformis)<\/li>\n<li>PPE L-t\u00edpus\u00fa mos\u00f3g\u00e9p maszkok \u00e9s l\u00e9gz\u0151k\u00e9sz\u00fcl\u00e9kek tiszt\u00edt\u00e1s\u00e1hoz (3-4 szet 6 perc alatt)<\/li>\n<li>Sz\u00e1r\u00edt\u00f3szekr\u00e9ny. TS5121 k\u00fcl\u00f6nb\u00f6z\u0151 t\u0171zolt\u00f3 felszerel\u00e9sek (pl. maszkok) tiszt\u00edt\u00e1s\u00e1hoz<\/li>\n<\/ul>\n<p>[\/vc_column_text][\/vc_column_inner][\/vc_row_inner][\/vc_tta_section][vc_tta_section title=&#8221;Kis m\u00e9ret\u0171 t\u0171zolt\u00f3s\u00e1gok&#8221; tab_id=&#8221;1481036509474-b9a2d361-0f99&#8243;][vc_row_inner][vc_column_inner width=&#8221;1\/4&#8243;][vc_single_image image=&#8221;3238&#8243; img_size=&#8221;full&#8221;][\/vc_column_inner][vc_column_inner width=&#8221;3\/4&#8243;][vc_empty_space][elx_heading font_size=&#8221;h4&#8243; text_color=&#8221;inherit&#8221;]Kis m\u00e9ret\u0171 t\u0171zolt\u00f3s\u00e1gok[\/elx_heading][vc_column_text]<\/p>\n<ul>\n<li>El\u00f6lt\u00f6lt\u0151s mos\u00f3g\u00e9p (1 uniformis \u2013 8kg)<\/li>\n<li>Sz\u00e1r\u00edt\u00f3g\u00e9p (8kg)<\/li>\n<li>Sz\u00e1r\u00edt\u00f3szekr\u00e9ny. TS560 k\u00fcl\u00f6nb\u00f6z\u0151 t\u0171zolt\u00f3 felszerel\u00e9sek (pl. maszkok) tiszt\u00edt\u00e1s\u00e1hoz<\/li>\n<\/ul>\n<p>[\/vc_column_text][\/vc_column_inner][\/vc_row_inner][\/vc_tta_section][\/vc_tta_tabs][\/vc_column][\/vc_row][vc_row][vc_column css=&#8221;.vc_custom_1464252140830{padding-top: 30px !important;}&#8221;][vc_column_text css_animation=&#8221;appear&#8221;]<\/p>\n<h3><strong>Az al\u00e1bbi linkekre kattintva m\u00e9g t\u00f6bbet tudhat meg a t\u0171zolt\u00f3s\u00e1goknak k\u00edn\u00e1lt aj\u00e1nlatainkr\u00f3l<\/strong>:<\/h3>\n<p>[\/vc_column_text][\/vc_column][\/vc_row][vc_row][vc_column width=&#8221;1\/3&#8243;][elx_download_block text=&#8221;K\u00e9sz\u00fcl\u00e9kek t\u0171zolt\u00f3s\u00e1goknak&#8221; link=&#8221;http:\/\/files.professional.electrolux.com\/Docs\/?n=CLF-9JE00022&amp;l=1&amp;t=CLF&#8221; background_color=&#8221;orange&#8221; reveal_effect=&#8221;&#8221; reveal_duration=&#8221;&#8221; reveal_delay=&#8221;&#8221;][\/vc_column][vc_column width=&#8221;1\/3&#8243;][elx_download_block text=&#8221;Sz\u00e1r\u00edt\u00f3g\u00e9pek&#8221; link=&#8221;http:\/\/files.professional.electrolux.com\/docs\/?n=CLF-9JE00049&amp;t=CLF&amp;l=1&#8243; background_color=&#8221;orange&#8221; reveal_effect=&#8221;fadeIn&#8221; reveal_duration=&#8221;&#8221; reveal_delay=&#8221;&#8221;][\/vc_column][vc_column width=&#8221;1\/3&#8243;][elx_video_block background_image=&#8221;641&#8243; video_link=&#8221;https:\/\/www.youtube.com\/watch?v=sjljkdbbppk&#8221; minimum_height=&#8221;260px&#8221;][\/vc_column][\/vc_row][vc_row][vc_column][elx_heading text_color=&#8221;inherit&#8221;]Tov\u00e1bbi inform\u00e1ci\u00f3\u00e9rt h\u00edvja irod\u00e1nkat[\/elx_heading][elx_o2000_contact_us r=&#8221;I would like to get in touch with your team of experts and find out together a solution for my business.&#8221; s=&#8221;Request for information: firebrigades garments&#8221; container=&#8221;elxcontactus1466429009123&#8243;][vc_empty_space height=&#8221;50px&#8221;][\/vc_column][\/vc_row]<\/p>\n","protected":false},"excerpt":{"rendered":"<p>[vc_row full_width=&#8221;electroluxpro-full-width-no-padding&#8221;][vc_column reveal_effect=&#8221;&#8221;][elx_image_block background_image=&#8221;639&#8243; minimum_height=&#8221;480px&#8221;][elx_heading font_container=&#8221;h1&#8243; text_color=&#8221;inherit&#8221; text_align=&#8221;text-center&#8221;]T\u0171zolt\u00f3s\u00e1gok[\/elx_heading][elx_heading text_color=&#8221;inherit&#8221; text_align=&#8221;text-center&#8221;]A megfelel\u0151 mosodai berendez\u00e9s haszn\u00e1lata t\u00e9nylegesen is seg\u00edthet \u00e9leteket menteni[\/elx_heading][vc_empty_space][\/vc_column][\/vc_row][vc_row equal_height=&#8221;yes&#8221;][vc_column width=&#8221;1\/2&#8243;][elx_image_block background_image=&#8221;640&#8243; minimum_height=&#8221;600px&#8221;][\/vc_column][vc_column width=&#8221;1\/2&#8243;][elx_heading font_container=&#8221;h3&#8243; text_color=&#8221;inherit&#8221;]Viselje gondj\u00e1t Nomex\u00ae t\u0171zolt\u00f3ruh\u00e1inak \u00e9s egy\u00e9b v\u00e9d\u0151ruh\u00e1zatainak egy saj\u00e1t mosod\u00e1ban.[\/elx_heading][vc_column_text]Az Electrolux Professional \u00e1ltal kifejlesztett mos\u00f3programok biztos\u00edtj\u00e1k, hogy a tiszt\u00edt\u00e1snak ne legyen negat\u00edv hat\u00e1sa a Nomex\u00ae \u00e9s egy\u00e9b v\u00e9d\u0151ruh\u00e1zat t\u0171z\u00e1ll\u00f3 tulajdons\u00e1gaira, [&hellip;]<\/p>\n","protected":false},"author":3,"featured_media":741,"parent":0,"menu_order":0,"comment_status":"closed","ping_status":"closed","template":"","meta":{"footnotes":""},"class_list":["post-3920","page","type-page","status-publish","has-post-thumbnail","hentry"],"yoast_head":"<!-- This site is optimized with the Yoast SEO plugin v23.3 - https:\/\/yoast.com\/wordpress\/plugins\/seo\/ -->\n<title>Firebrigades garments need to be washed with special programs<\/title>\n<meta name=\"description\" content=\"The Electrolux Professional Laundry Solution for firebrigades impregnates protective garments as part of the overall cleaning process.\" \/>\n<meta name=\"robots\" content=\"index, follow, max-snippet:-1, max-image-preview:large, max-video-preview:-1\" \/>\n<link rel=\"canonical\" href=\"https:\/\/www.electroluxprofessional.com\/hu\/firebrigades\/\" \/>\n<meta property=\"og:locale\" content=\"hu_HU\" \/>\n<meta property=\"og:type\" content=\"article\" \/>\n<meta property=\"og:title\" content=\"Firebrigades garments need to be washed with special programs\" \/>\n<meta property=\"og:description\" content=\"The Electrolux Professional Laundry Solution for firebrigades impregnates protective garments as part of the overall cleaning process.\" \/>\n<meta property=\"og:url\" content=\"https:\/\/www.electroluxprofessional.com\/hu\/firebrigades\/\" \/>\n<meta property=\"og:site_name\" content=\"Electrolux Professional Magyarorsz\u00e1g\" \/>\n<meta property=\"article:modified_time\" content=\"2020-04-21T09:10:33+00:00\" \/>\n<meta property=\"og:image\" content=\"https:\/\/www.electroluxprofessional.com\/hu\/wp-content\/uploads\/2016\/11\/firebrigades-quadro.jpg\" \/>\n\t<meta property=\"og:image:width\" content=\"700\" \/>\n\t<meta property=\"og:image:height\" content=\"700\" \/>\n\t<meta property=\"og:image:type\" content=\"image\/jpeg\" \/>\n<meta name=\"twitter:card\" content=\"summary_large_image\" \/>\n<meta name=\"twitter:label1\" content=\"Becs\u00fclt olvas\u00e1si id\u0151\" \/>\n\t<meta name=\"twitter:data1\" content=\"8 perc\" \/>\n<script type=\"application\/ld+json\" class=\"yoast-schema-graph\">{\"@context\":\"https:\/\/schema.org\",\"@graph\":[{\"@type\":\"WebPage\",\"@id\":\"https:\/\/www.electroluxprofessional.com\/hu\/firebrigades\/\",\"url\":\"https:\/\/www.electroluxprofessional.com\/hu\/firebrigades\/\",\"name\":\"Firebrigades garments need to be washed with special programs\",\"isPartOf\":{\"@id\":\"https:\/\/www.electroluxprofessional.com\/hu\/#website\"},\"primaryImageOfPage\":{\"@id\":\"https:\/\/www.electroluxprofessional.com\/hu\/firebrigades\/#primaryimage\"},\"image\":{\"@id\":\"https:\/\/www.electroluxprofessional.com\/hu\/firebrigades\/#primaryimage\"},\"thumbnailUrl\":\"https:\/\/www.electroluxprofessional.com\/hu\/wp-content\/uploads\/2016\/11\/firebrigades-quadro.jpg\",\"datePublished\":\"2016-05-20T08:33:14+00:00\",\"dateModified\":\"2020-04-21T09:10:33+00:00\",\"description\":\"The Electrolux Professional Laundry Solution for firebrigades impregnates protective garments as part of the overall cleaning process.\",\"breadcrumb\":{\"@id\":\"https:\/\/www.electroluxprofessional.com\/hu\/firebrigades\/#breadcrumb\"},\"inLanguage\":\"hu\",\"potentialAction\":[{\"@type\":\"ReadAction\",\"target\":[\"https:\/\/www.electroluxprofessional.com\/hu\/firebrigades\/\"]}]},{\"@type\":\"ImageObject\",\"inLanguage\":\"hu\",\"@id\":\"https:\/\/www.electroluxprofessional.com\/hu\/firebrigades\/#primaryimage\",\"url\":\"https:\/\/www.electroluxprofessional.com\/hu\/wp-content\/uploads\/2016\/11\/firebrigades-quadro.jpg\",\"contentUrl\":\"https:\/\/www.electroluxprofessional.com\/hu\/wp-content\/uploads\/2016\/11\/firebrigades-quadro.jpg\",\"width\":700,\"height\":700,\"caption\":\"firebrigades\"},{\"@type\":\"BreadcrumbList\",\"@id\":\"https:\/\/www.electroluxprofessional.com\/hu\/firebrigades\/#breadcrumb\",\"itemListElement\":[{\"@type\":\"ListItem\",\"position\":1,\"name\":\"Home\",\"item\":\"https:\/\/www.electroluxprofessional.com\/hu\/\"},{\"@type\":\"ListItem\",\"position\":2,\"name\":\"T\u0171zolt\u00f3s\u00e1gok\"}]},{\"@type\":\"WebSite\",\"@id\":\"https:\/\/www.electroluxprofessional.com\/hu\/#website\",\"url\":\"https:\/\/www.electroluxprofessional.com\/hu\/\",\"name\":\"Electrolux Professional Magyarorsz\u00e1g\",\"description\":\"\",\"potentialAction\":[{\"@type\":\"SearchAction\",\"target\":{\"@type\":\"EntryPoint\",\"urlTemplate\":\"https:\/\/www.electroluxprofessional.com\/hu\/?src={search_term_string}\"},\"query-input\":\"required name=search_term_string\"}],\"inLanguage\":\"hu\"}]}<\/script>\n<!-- \/ Yoast SEO plugin. -->","yoast_head_json":{"title":"Firebrigades garments need to be washed with special programs","description":"The Electrolux Professional Laundry Solution for firebrigades impregnates protective garments as part of the overall cleaning process.","robots":{"index":"index","follow":"follow","max-snippet":"max-snippet:-1","max-image-preview":"max-image-preview:large","max-video-preview":"max-video-preview:-1"},"canonical":"https:\/\/www.electroluxprofessional.com\/hu\/firebrigades\/","og_locale":"hu_HU","og_type":"article","og_title":"Firebrigades garments need to be washed with special programs","og_description":"The Electrolux Professional Laundry Solution for firebrigades impregnates protective garments as part of the overall cleaning process.","og_url":"https:\/\/www.electroluxprofessional.com\/hu\/firebrigades\/","og_site_name":"Electrolux Professional Magyarorsz\u00e1g","article_modified_time":"2020-04-21T09:10:33+00:00","og_image":[{"width":700,"height":700,"url":"https:\/\/www.electroluxprofessional.com\/hu\/wp-content\/uploads\/2016\/11\/firebrigades-quadro.jpg","type":"image\/jpeg"}],"twitter_card":"summary_large_image","twitter_misc":{"Becs\u00fclt olvas\u00e1si id\u0151":"8 perc"},"schema":{"@context":"https:\/\/schema.org","@graph":[{"@type":"WebPage","@id":"https:\/\/www.electroluxprofessional.com\/hu\/firebrigades\/","url":"https:\/\/www.electroluxprofessional.com\/hu\/firebrigades\/","name":"Firebrigades garments need to be washed with special programs","isPartOf":{"@id":"https:\/\/www.electroluxprofessional.com\/hu\/#website"},"primaryImageOfPage":{"@id":"https:\/\/www.electroluxprofessional.com\/hu\/firebrigades\/#primaryimage"},"image":{"@id":"https:\/\/www.electroluxprofessional.com\/hu\/firebrigades\/#primaryimage"},"thumbnailUrl":"https:\/\/www.electroluxprofessional.com\/hu\/wp-content\/uploads\/2016\/11\/firebrigades-quadro.jpg","datePublished":"2016-05-20T08:33:14+00:00","dateModified":"2020-04-21T09:10:33+00:00","description":"The Electrolux Professional Laundry Solution for firebrigades impregnates protective garments as part of the overall cleaning process.","breadcrumb":{"@id":"https:\/\/www.electroluxprofessional.com\/hu\/firebrigades\/#breadcrumb"},"inLanguage":"hu","potentialAction":[{"@type":"ReadAction","target":["https:\/\/www.electroluxprofessional.com\/hu\/firebrigades\/"]}]},{"@type":"ImageObject","inLanguage":"hu","@id":"https:\/\/www.electroluxprofessional.com\/hu\/firebrigades\/#primaryimage","url":"https:\/\/www.electroluxprofessional.com\/hu\/wp-content\/uploads\/2016\/11\/firebrigades-quadro.jpg","contentUrl":"https:\/\/www.electroluxprofessional.com\/hu\/wp-content\/uploads\/2016\/11\/firebrigades-quadro.jpg","width":700,"height":700,"caption":"firebrigades"},{"@type":"BreadcrumbList","@id":"https:\/\/www.electroluxprofessional.com\/hu\/firebrigades\/#breadcrumb","itemListElement":[{"@type":"ListItem","position":1,"name":"Home","item":"https:\/\/www.electroluxprofessional.com\/hu\/"},{"@type":"ListItem","position":2,"name":"T\u0171zolt\u00f3s\u00e1gok"}]},{"@type":"WebSite","@id":"https:\/\/www.electroluxprofessional.com\/hu\/#website","url":"https:\/\/www.electroluxprofessional.com\/hu\/","name":"Electrolux Professional Magyarorsz\u00e1g","description":"","potentialAction":[{"@type":"SearchAction","target":{"@type":"EntryPoint","urlTemplate":"https:\/\/www.electroluxprofessional.com\/hu\/?src={search_term_string}"},"query-input":"required name=search_term_string"}],"inLanguage":"hu"}]}},"_links":{"self":[{"href":"https:\/\/www.electroluxprofessional.com\/hu\/wp-json\/wp\/v2\/pages\/3920"}],"collection":[{"href":"https:\/\/www.electroluxprofessional.com\/hu\/wp-json\/wp\/v2\/pages"}],"about":[{"href":"https:\/\/www.electroluxprofessional.com\/hu\/wp-json\/wp\/v2\/types\/page"}],"author":[{"embeddable":true,"href":"https:\/\/www.electroluxprofessional.com\/hu\/wp-json\/wp\/v2\/users\/3"}],"replies":[{"embeddable":true,"href":"https:\/\/www.electroluxprofessional.com\/hu\/wp-json\/wp\/v2\/comments?post=3920"}],"version-history":[{"count":23,"href":"https:\/\/www.electroluxprofessional.com\/hu\/wp-json\/wp\/v2\/pages\/3920\/revisions"}],"predecessor-version":[{"id":5148,"href":"https:\/\/www.electroluxprofessional.com\/hu\/wp-json\/wp\/v2\/pages\/3920\/revisions\/5148"}],"wp:featuredmedia":[{"embeddable":true,"href":"https:\/\/www.electroluxprofessional.com\/hu\/wp-json\/wp\/v2\/media\/741"}],"wp:attachment":[{"href":"https:\/\/www.electroluxprofessional.com\/hu\/wp-json\/wp\/v2\/media?parent=3920"}],"curies":[{"name":"wp","href":"https:\/\/api.w.org\/{rel}","templated":true}]}}